{"id":129217,"date":"2019-10-31T13:56:54","date_gmt":"2019-10-31T13:56:54","guid":{"rendered":"https:\/\/www.trustedtranslations.com\/?page_id=129217"},"modified":"2024-09-03T15:45:21","modified_gmt":"2024-09-03T18:45:21","slug":"elearning-und-lokalisierung","status":"publish","type":"page","link":"https:\/\/www.trustedtranslations.com\/de\/branchen\/elearning-und-lokalisierung","title":{"rendered":"eLearning"},"content":{"rendered":"","protected":false},"excerpt":{"rendered":"","protected":false},"author":1,"featured_media":139628,"parent":129502,"menu_order":0,"comment_status":"closed","ping_status":"closed","template":"","meta":{"site-sidebar-layout":"default","site-content-layout":"default","ast-site-content-layout":"default","site-content-style":"default","site-sidebar-style":"default","ast-global-header-display":"","ast-banner-title-visibility":"","ast-main-header-display":"","ast-hfb-above-header-display":"","ast-hfb-below-header-display":"","ast-hfb-mobile-header-display":"","site-post-title":"disabled","ast-breadcrumbs-content":"","ast-featured-img":"","footer-sml-layout":"","ast-disable-related-posts":"","theme-transparent-header-meta":"default","adv-header-id-meta":"","stick-header-meta":"","header-above-stick-meta":"","header-main-stick-meta":"","header-below-stick-meta":"","astra-migrate-meta-layouts":"set","ast-page-background-enabled":"default","ast-page-background-meta":{"desktop":{"background-color":"var(--ast-global-color-4)","background-image":"","background-repeat":"repeat","background-position":"center center","background-size":"auto","background-attachment":"scroll","background-type":"","background-media":"","overlay-type":"","overlay-color":"","overlay-opacity":"","overlay-gradient":""},"tablet":{"background-color":"","background-image":"","background-repeat":"repeat","background-position":"center center","background-size":"auto","background-attachment":"scroll","background-type":"","background-media":"","overlay-type":"","overlay-color":"","overlay-opacity":"","overlay-gradient":""},"mobile":{"background-color":"","background-image":"","background-repeat":"repeat","background-position":"center center","background-size":"auto","background-attachment":"scroll","background-type":"","background-media":"","overlay-type":"","overlay-color":"","overlay-opacity":"","overlay-gradient":""}},"ast-content-background-meta":{"desktop":{"background-color":"var(--ast-global-color-5)","background-image":"","background-repeat":"repeat","background-position":"center center","background-size":"auto","background-attachment":"scroll","background-type":"","background-media":"","overlay-type":"","overlay-color":"","overlay-opacity":"","overlay-gradient":""},"tablet":{"background-color":"var(--ast-global-color-5)","background-image":"","background-repeat":"repeat","background-position":"center center","background-size":"auto","background-attachment":"scroll","background-type":"","background-media":"","overlay-type":"","overlay-color":"","overlay-opacity":"","overlay-gradient":""},"mobile":{"background-color":"var(--ast-global-color-5)","background-image":"","background-repeat":"repeat","background-position":"center center","background-size":"auto","background-attachment":"scroll","background-type":"","background-media":"","overlay-type":"","overlay-color":"","overlay-opacity":"","overlay-gradient":""}},"footnotes":""},"class_list":["post-129217","page","type-page","status-publish","has-post-thumbnail","hentry"],"yoast_head":"<!-- This site is optimized with the Yoast SEO plugin v27.5 - https:\/\/yoast.com\/product\/yoast-seo-wordpress\/ -->\n<title>eLearning-\u00dcbersetzungs- und Lokalisierungsdienstleistungen \u2013 Trusted Translations, Inc.<\/title>\n<meta name=\"description\" content=\"Trusted Translations bietet kompetente \u00dcbersetzungs- und Lokalisierungsdienste f\u00fcr eLearning in allen Formaten, in und aus allen Sprachen. Kostenloses Angebot oder Beratung.\" \/>\n<meta name=\"robots\" content=\"index, follow, max-snippet:-1, max-image-preview:large, max-video-preview:-1\" \/>\n<link rel=\"canonical\" href=\"https:\/\/www.trustedtranslations.com\/de\/branchen\/elearning-und-lokalisierung\" \/>\n<meta property=\"og:locale\" content=\"de_DE\" \/>\n<meta property=\"og:type\" content=\"article\" \/>\n<meta property=\"og:title\" content=\"eLearning-\u00dcbersetzungs- und Lokalisierungsdienstleistungen \u2013 Trusted Translations, Inc.\" \/>\n<meta property=\"og:description\" content=\"Trusted Translations bietet kompetente \u00dcbersetzungs- und Lokalisierungsdienste f\u00fcr eLearning in allen Formaten, in und aus allen Sprachen. Kostenloses Angebot oder Beratung.\" \/>\n<meta property=\"og:url\" content=\"https:\/\/www.trustedtranslations.com\/de\/branchen\/elearning-und-lokalisierung\" \/>\n<meta property=\"og:site_name\" content=\"Trusted Translations, Inc.\" \/>\n<meta property=\"article:publisher\" content=\"https:\/\/www.facebook.com\/Trusted.Translations\" \/>\n<meta property=\"article:modified_time\" content=\"2024-09-03T18:45:21+00:00\" \/>\n<meta property=\"og:image\" content=\"https:\/\/static.trustedtranslations.com\/wp-content\/uploads\/2022\/03\/TT_NEW_FB-1.png\" \/>\n\t<meta property=\"og:image:width\" content=\"1038\" \/>\n\t<meta property=\"og:image:height\" content=\"1038\" \/>\n\t<meta property=\"og:image:type\" content=\"image\/png\" \/>\n<meta name=\"twitter:card\" content=\"summary_large_image\" \/>\n<meta name=\"twitter:site\" content=\"@TrustedT9ns\" \/>\n<script type=\"application\/ld+json\" class=\"yoast-schema-graph\">{\"@context\":\"https:\\\/\\\/schema.org\",\"@graph\":[{\"@type\":\"WebPage\",\"@id\":\"https:\\\/\\\/www.trustedtranslations.com\\\/de\\\/branchen\\\/elearning-und-lokalisierung\",\"url\":\"https:\\\/\\\/www.trustedtranslations.com\\\/de\\\/branchen\\\/elearning-und-lokalisierung\",\"name\":\"eLearning-\u00dcbersetzungs- und Lokalisierungsdienstleistungen \u2013 Trusted Translations, Inc.\",\"isPartOf\":{\"@id\":\"https:\\\/\\\/www.trustedtranslations.com\\\/de\\\/#website\"},\"primaryImageOfPage\":{\"@id\":\"https:\\\/\\\/www.trustedtranslations.com\\\/de\\\/branchen\\\/elearning-und-lokalisierung#primaryimage\"},\"image\":{\"@id\":\"https:\\\/\\\/www.trustedtranslations.com\\\/de\\\/branchen\\\/elearning-und-lokalisierung#primaryimage\"},\"thumbnailUrl\":\"https:\\\/\\\/www.trustedtranslations.com\\\/wp-content\\\/uploads\\\/2022\\\/03\\\/TT_NEW_FB-1.png\",\"description\":\"Trusted Translations bietet kompetente \u00dcbersetzungs- und Lokalisierungsdienste f\u00fcr eLearning in allen Formaten, in und aus allen Sprachen. Kostenloses Angebot oder Beratung.\",\"breadcrumb\":{\"@id\":\"https:\\\/\\\/www.trustedtranslations.com\\\/de\\\/branchen\\\/elearning-und-lokalisierung#breadcrumb\"},\"inLanguage\":\"de\",\"potentialAction\":[{\"@type\":\"ReadAction\",\"target\":[\"https:\\\/\\\/www.trustedtranslations.com\\\/de\\\/branchen\\\/elearning-und-lokalisierung\"]}]},{\"@type\":\"ImageObject\",\"inLanguage\":\"de\",\"@id\":\"https:\\\/\\\/www.trustedtranslations.com\\\/de\\\/branchen\\\/elearning-und-lokalisierung#primaryimage\",\"url\":\"https:\\\/\\\/www.trustedtranslations.com\\\/wp-content\\\/uploads\\\/2022\\\/03\\\/TT_NEW_FB-1.png\",\"contentUrl\":\"https:\\\/\\\/www.trustedtranslations.com\\\/wp-content\\\/uploads\\\/2022\\\/03\\\/TT_NEW_FB-1.png\",\"width\":1038,\"height\":1038,\"caption\":\"TT NEW FB 1\"},{\"@type\":\"BreadcrumbList\",\"@id\":\"https:\\\/\\\/www.trustedtranslations.com\\\/de\\\/branchen\\\/elearning-und-lokalisierung#breadcrumb\",\"itemListElement\":[{\"@type\":\"ListItem\",\"position\":1,\"name\":\"Home\",\"item\":\"https:\\\/\\\/www.trustedtranslations.com\\\/de\"},{\"@type\":\"ListItem\",\"position\":2,\"name\":\"Branchenexpertise\",\"item\":\"https:\\\/\\\/www.trustedtranslations.com\\\/de\\\/branchen\"},{\"@type\":\"ListItem\",\"position\":3,\"name\":\"eLearning\"}]},{\"@type\":\"WebSite\",\"@id\":\"https:\\\/\\\/www.trustedtranslations.com\\\/de\\\/#website\",\"url\":\"https:\\\/\\\/www.trustedtranslations.com\\\/de\\\/\",\"name\":\"Trusted Translations, Inc.\",\"description\":\"Leader in translation and interpretation services.\",\"publisher\":{\"@id\":\"https:\\\/\\\/www.trustedtranslations.com\\\/de\\\/#organization\"},\"alternateName\":\"Trusted Translations\",\"potentialAction\":[{\"@type\":\"SearchAction\",\"target\":{\"@type\":\"EntryPoint\",\"urlTemplate\":\"https:\\\/\\\/www.trustedtranslations.com\\\/de\\\/?s={search_term_string}\"},\"query-input\":{\"@type\":\"PropertyValueSpecification\",\"valueRequired\":true,\"valueName\":\"search_term_string\"}}],\"inLanguage\":\"de\"},{\"@type\":\"Organization\",\"@id\":\"https:\\\/\\\/www.trustedtranslations.com\\\/de\\\/#organization\",\"name\":\"Trusted Translations\",\"alternateName\":\"Trusted Translations, Inc.\",\"url\":\"https:\\\/\\\/www.trustedtranslations.com\\\/de\\\/\",\"logo\":{\"@type\":\"ImageObject\",\"inLanguage\":\"de\",\"@id\":\"https:\\\/\\\/www.trustedtranslations.com\\\/de\\\/#\\\/schema\\\/logo\\\/image\\\/\",\"url\":\"https:\\\/\\\/static.trustedtranslations.com\\\/wp-content\\\/uploads\\\/2022\\\/01\\\/TT_logo_WSIColors-2.png\",\"contentUrl\":\"https:\\\/\\\/static.trustedtranslations.com\\\/wp-content\\\/uploads\\\/2022\\\/01\\\/TT_logo_WSIColors-2.png\",\"width\":500,\"height\":196,\"caption\":\"Trusted Translations\"},\"image\":{\"@id\":\"https:\\\/\\\/www.trustedtranslations.com\\\/de\\\/#\\\/schema\\\/logo\\\/image\\\/\"},\"sameAs\":[\"https:\\\/\\\/www.facebook.com\\\/Trusted.Translations\",\"https:\\\/\\\/x.com\\\/TrustedT9ns\",\"https:\\\/\\\/www.linkedin.com\\\/company\\\/trusted-translations\"]}]}<\/script>\n<!-- \/ Yoast SEO plugin. -->","yoast_head_json":{"title":"eLearning-\u00dcbersetzungs- und Lokalisierungsdienstleistungen \u2013 Trusted Translations, Inc.","description":"Trusted Translations bietet kompetente \u00dcbersetzungs- und Lokalisierungsdienste f\u00fcr eLearning in allen Formaten, in und aus allen Sprachen. Kostenloses Angebot oder Beratung.","robots":{"index":"index","follow":"follow","max-snippet":"max-snippet:-1","max-image-preview":"max-image-preview:large","max-video-preview":"max-video-preview:-1"},"canonical":"https:\/\/www.trustedtranslations.com\/de\/branchen\/elearning-und-lokalisierung","og_locale":"de_DE","og_type":"article","og_title":"eLearning-\u00dcbersetzungs- und Lokalisierungsdienstleistungen \u2013 Trusted Translations, Inc.","og_description":"Trusted Translations bietet kompetente \u00dcbersetzungs- und Lokalisierungsdienste f\u00fcr eLearning in allen Formaten, in und aus allen Sprachen. Kostenloses Angebot oder Beratung.","og_url":"https:\/\/www.trustedtranslations.com\/de\/branchen\/elearning-und-lokalisierung","og_site_name":"Trusted Translations, Inc.","article_publisher":"https:\/\/www.facebook.com\/Trusted.Translations","article_modified_time":"2024-09-03T18:45:21+00:00","og_image":[{"width":1038,"height":1038,"url":"https:\/\/static.trustedtranslations.com\/wp-content\/uploads\/2022\/03\/TT_NEW_FB-1.png","type":"image\/png"}],"twitter_card":"summary_large_image","twitter_site":"@TrustedT9ns","schema":{"@context":"https:\/\/schema.org","@graph":[{"@type":"WebPage","@id":"https:\/\/www.trustedtranslations.com\/de\/branchen\/elearning-und-lokalisierung","url":"https:\/\/www.trustedtranslations.com\/de\/branchen\/elearning-und-lokalisierung","name":"eLearning-\u00dcbersetzungs- und Lokalisierungsdienstleistungen \u2013 Trusted Translations, Inc.","isPartOf":{"@id":"https:\/\/www.trustedtranslations.com\/de\/#website"},"primaryImageOfPage":{"@id":"https:\/\/www.trustedtranslations.com\/de\/branchen\/elearning-und-lokalisierung#primaryimage"},"image":{"@id":"https:\/\/www.trustedtranslations.com\/de\/branchen\/elearning-und-lokalisierung#primaryimage"},"thumbnailUrl":"https:\/\/www.trustedtranslations.com\/wp-content\/uploads\/2022\/03\/TT_NEW_FB-1.png","description":"Trusted Translations bietet kompetente \u00dcbersetzungs- und Lokalisierungsdienste f\u00fcr eLearning in allen Formaten, in und aus allen Sprachen. Kostenloses Angebot oder Beratung.","breadcrumb":{"@id":"https:\/\/www.trustedtranslations.com\/de\/branchen\/elearning-und-lokalisierung#breadcrumb"},"inLanguage":"de","potentialAction":[{"@type":"ReadAction","target":["https:\/\/www.trustedtranslations.com\/de\/branchen\/elearning-und-lokalisierung"]}]},{"@type":"ImageObject","inLanguage":"de","@id":"https:\/\/www.trustedtranslations.com\/de\/branchen\/elearning-und-lokalisierung#primaryimage","url":"https:\/\/www.trustedtranslations.com\/wp-content\/uploads\/2022\/03\/TT_NEW_FB-1.png","contentUrl":"https:\/\/www.trustedtranslations.com\/wp-content\/uploads\/2022\/03\/TT_NEW_FB-1.png","width":1038,"height":1038,"caption":"TT NEW FB 1"},{"@type":"BreadcrumbList","@id":"https:\/\/www.trustedtranslations.com\/de\/branchen\/elearning-und-lokalisierung#breadcrumb","itemListElement":[{"@type":"ListItem","position":1,"name":"Home","item":"https:\/\/www.trustedtranslations.com\/de"},{"@type":"ListItem","position":2,"name":"Branchenexpertise","item":"https:\/\/www.trustedtranslations.com\/de\/branchen"},{"@type":"ListItem","position":3,"name":"eLearning"}]},{"@type":"WebSite","@id":"https:\/\/www.trustedtranslations.com\/de\/#website","url":"https:\/\/www.trustedtranslations.com\/de\/","name":"Trusted Translations, Inc.","description":"Leader in translation and interpretation services.","publisher":{"@id":"https:\/\/www.trustedtranslations.com\/de\/#organization"},"alternateName":"Trusted Translations","potentialAction":[{"@type":"SearchAction","target":{"@type":"EntryPoint","urlTemplate":"https:\/\/www.trustedtranslations.com\/de\/?s={search_term_string}"},"query-input":{"@type":"PropertyValueSpecification","valueRequired":true,"valueName":"search_term_string"}}],"inLanguage":"de"},{"@type":"Organization","@id":"https:\/\/www.trustedtranslations.com\/de\/#organization","name":"Trusted Translations","alternateName":"Trusted Translations, Inc.","url":"https:\/\/www.trustedtranslations.com\/de\/","logo":{"@type":"ImageObject","inLanguage":"de","@id":"https:\/\/www.trustedtranslations.com\/de\/#\/schema\/logo\/image\/","url":"https:\/\/static.trustedtranslations.com\/wp-content\/uploads\/2022\/01\/TT_logo_WSIColors-2.png","contentUrl":"https:\/\/static.trustedtranslations.com\/wp-content\/uploads\/2022\/01\/TT_logo_WSIColors-2.png","width":500,"height":196,"caption":"Trusted Translations"},"image":{"@id":"https:\/\/www.trustedtranslations.com\/de\/#\/schema\/logo\/image\/"},"sameAs":["https:\/\/www.facebook.com\/Trusted.Translations","https:\/\/x.com\/TrustedT9ns","https:\/\/www.linkedin.com\/company\/trusted-translations"]}]}},"toolset-meta":{"dyk":{"mensaje-1":{"type":"textfield","raw":"Trusted Translations kann jede eLearning-L\u00f6sung unter Beibehaltung des urspr\u00fcnglichen Formats lokalisieren."},"mensaje-2":{"type":"textfield","raw":"Trusted Translations ist f\u00fchrend in der \u00dcbersetzung und Lokalisierung von eLearning-L\u00f6sungen."},"mensaje-3":{"type":"textfield","raw":"eLearning-L\u00f6sungen werden immer beliebter f\u00fcr die Schulung mehrsprachiger Arbeitskr\u00e4fte."},"mensaje-4":{"type":"textfield","raw":"Die Bindung beim eLearning erh\u00f6ht sich dramatisch, wenn es in der Muttersprache des Lernenden pr\u00e4sentiert wird."},"mensaje-5":{"type":"textfield","raw":""},"mensaje-6":{"type":"textfield","raw":""}},"single-page-template-fields":{"imgs-temp":{"type":"image","raw":["https:\/\/static.trustedtranslations.com\/wp-content\/uploads\/2024\/05\/elearning-final-1.webp","https:\/\/static.trustedtranslations.com\/wp-content\/uploads\/2024\/05\/elearning-final-2-1.webp"],"repeatable":[{"raw":"https:\/\/static.trustedtranslations.com\/wp-content\/uploads\/2024\/05\/elearning-final-1.webp"},{"raw":"https:\/\/static.trustedtranslations.com\/wp-content\/uploads\/2024\/05\/elearning-final-2-1.webp"}]},"imgs-temp-cel":{"type":"image","raw":[""],"repeatable":[{"raw":""}]},"img-temp-one-cel":{"type":"image","raw":"https:\/\/static.trustedtranslations.com\/wp-content\/uploads\/2024\/05\/young-asia-financial-student-lad.webp","attachment_id":null},"quotes":{"type":"textarea","raw":"<h1 style=\"margin-bottom: 12px;\">E-Learning-\u00dcbersetzungsdienstleistungen<\/h1>eLearning ist eine schnell wachsende Branche mit enormem ungenutztem Potenzial in den vielen M\u00e4rkten, in denen Englisch nicht die dominierende Sprache ist. Um Ihnen dabei zu helfen, diese M\u00e4rkte zu erreichen, verf\u00fcgt Trusted Translations \u00fcber ein Team engagierter Fachleute, die eLearning-Ressourcen in jedem Format und f\u00fcr jede Sprache \u00fcbersetzen, lokalisieren und sogar erstellen.<div style=\"margin-top: 2.5vw;\"><a class=\"tt-btn-main-cta\" href=\"\/de\/angebot\">KOSTENLOSEN KOSTENVORANSCHLAG ANFORDERN<\/a><\/div>"},"text-1":{"type":"textarea","raw":"<h2 style=\"margin-bottom:20px\">Mehrsprachiges Onboarding und Schulung<\/h2>\r\nWarum eLearning? Die Globalisierung ver\u00e4ndert die Art und Weise, wie Menschen Gesch\u00e4fte t\u00e4tigen, und erschlie\u00dft neue M\u00e4rkte und Arbeitskr\u00e4fte, die sich integrieren m\u00fcssen, um ihr Potenzial zu maximieren. Die meisten gro\u00dfen Unternehmen (und viele kleinere) haben eine multinationale Reichweite oder streben eine solche an, was bedeutet, dass sie auch einen mehrsprachigen, multikulturellen Ansatz verfolgen m\u00fcssen.\r\n\r\n<img class=\"wp-image-99011 alignright\" src=\"https:\/\/static.trustedtranslations.com\/wp-content\/uploads\/2022\/01\/e-learning-online-education-student-university-concept-1-1-1-300x200.png\" alt=\"\" width=\"500\" height=\"334\" \/>eLearning ist die ideale Methode, um mehrsprachige, multikulturelle Arbeitskr\u00e4fte auf der ganzen Welt einzubinden, zu schulen und einzuweisen. Dies war noch nie so wahr wie in den letzten Jahren; da mehr Branchen denn je auf hybride oder vollst\u00e4ndig remote arbeitende Arbeitskr\u00e4fte umgestiegen sind, haben sie innovative neue Anpassungen gefordert, um Spitzentalente zu rekrutieren, zu halten und auszubilden. Da der geografische Standort f\u00fcr Mitarbeiter heute weit weniger ein Hindernis darstellt, haben Unternehmen ihre Netzwerke erweitert, um Fachleute aus vielen verschiedenen Sprachen, L\u00e4ndern und kulturellen Hintergr\u00fcnden einzubeziehen.\r\n\r\nMit der Hilfe der erfahrenen Lokalisierungsexperten von <em>Trusted Translations<\/em> k\u00f6nnen eLearning-Programme Mitarbeiter in die Lage versetzen, ihre F\u00e4higkeiten zu erweitern und weiterzuentwickeln. Dies tr\u00e4gt wiederum dazu bei, die Gesamtproduktivit\u00e4t zu steigern \u2013 f\u00fcr jede Belegschaft, \u00fcberall auf der Welt, in jeder Sprache. Von Standardschulungen zu Produktivit\u00e4tswerkzeugen wie Office und der Adobe Creative Suite bis hin zu speziellen Kursen zu Sicherheit, Soft Skills, technischen Kenntnissen und vielem mehr k\u00f6nnen die eLearning-Lokalisierungsdienste von <em>Trusted Translations<\/em> Unternehmen dabei helfen, ihre Kosten zu senken, die Produktivit\u00e4t zu steigern und ihre verf\u00fcgbaren Personalressourcen zu erweitern."},"shortcode-map":{"type":"textfield","raw":""},"dyk-shortcode":{"type":"textfield","raw":"[elementor-template id=\"146647\"]"},"text-2":{"type":"textarea","raw":"<h2 style=\"margin-bottom:20px\">eLearning-Lokalisierungsdienste<\/h2>\r\n<img class=\"alignright wp-image-99012\" src=\"https:\/\/static.trustedtranslations.com\/wp-content\/uploads\/2022\/01\/e-book-online-learning-education-knowledge-graphic-1-1-1-300x200.png\" alt=\"\" width=\"500\" height=\"334\" \/>\r\neLearning bietet mehr als Text, viel mehr, was bedeutet, dass die Lokalisierung von eLearning mehr umfasst als das einfache \u00dcbersetzen von Texten. Videos, Engagement-Tools, interaktive Szenarien und eine Vielzahl anderer Multimedia-Ressourcen sind nur einige der Optionen, die in den modernen e-Learning-Erfahrungen von heute enthalten sind. Bei so vielen verf\u00fcgbaren Funktionen ist es nat\u00fcrlich wichtig, mit einem Team zusammenzuarbeiten, das darauf vorbereitet ist, jedes Element eines eLearning-Programms auf hohem Niveau auszuf\u00fchren.\r\n\r\nDank unserer integrierten Teams aus Linguisten, Grafikdesignern, Sprechern und anderen Multimedia-Spezialisten kann <em>Trusted Translations<\/em> unseren gesch\u00e4tzten Kunden fertige, einsatzbereite eLearning-Ressourcen liefern.\r\n\r\nDies sind nur einige der modernen eLearning-L\u00f6sungen, die <em>Trusted Translations<\/em> an zufriedene Kunden geliefert hat:\r\n\r\n<div class=\"elearning-container\">\r\n        <div>\r\n            <i class=\"fa fa-video-camera fa-3\" aria-hidden=\"true\"><\/i>\r\n            <h4 style=\"text-align: center;\">Lernvideos<\/h4>\r\n        <\/div>\r\n        <div>\r\n            <i class=\"fa fa-users fa-3\" aria-hidden=\"true\"><\/i>\r\n            <h4 style=\"text-align: center;\">Interaktive Szenarien<\/h4>\r\n        <\/div>\r\n        <div>\r\n            <i class=\"fa fa-file-pdf-o fa-3\" aria-hidden=\"true\"><\/i>\r\n            <h4 style=\"text-align: center;\">Infografiken, interaktive PDFs<\/h4>\r\n        <\/div>\r\n        <div>\r\n            <i class=\"fa fa-mouse-pointer fa-3\" aria-hidden=\"true\"><\/i>\r\n            <h4 style=\"text-align: center;\">Storytelling<\/h4>\r\n        <\/div>\r\n        <div>\r\n            <i class=\"fa fa-desktop fa-3\" aria-hidden=\"true\"><\/i>\r\n            <h4 style=\"text-align: center;\">Blended-Learning-Programme<\/h4>\r\n        <\/div>\r\n        <div>\r\n            <i class=\"fa fa-pencil-square-o fa-3\" aria-hidden=\"true\"><\/i>\r\n            <h4 style=\"text-align: center;\">eLearning-Kurse<\/h4>\r\n        <\/div>\r\n    <\/div>\r\n\r\n<h2 style=\"margin-bottom:20px\">Die eLearning-Kompetenz von <em>Trusted Translations<\/em><\/h2>\r\nAgilit\u00e4t, Innovation, Integrit\u00e4t und ein unerm\u00fcdliches Engagement f\u00fcr die Kundenzufriedenheit sind zentrale Faktoren f\u00fcr alles, was wir bei <i><em>Trusted Translations<\/em><\/i> tun. Unsere leidenschaftlichen Linguisten, Grafikdesigner, Multimedia-Experten sowie Verkaufs- und Kundendienstspezialisten arbeiten seit mehr als 15 Jahren zusammen, um qualitativ hochwertige, ma\u00dfgeschneiderte Inhalte zu liefern.\r\n\r\nWenn Sie mit <em>Trusted Translations<\/em> zusammenarbeiten, steht Ihnen dieses Team engagierter Fachleute von Anfang bis Ende zur Verf\u00fcgung \u2013 von der Planung bis zur Lieferung. Wenden Sie sich an <em>Trusted Translations<\/em> f\u00fcr alle Ihre eLearning-\u00dcbersetzungs- und Lokalisierungsanforderungen, ob gro\u00df oder klein."},"state":{"type":"textfield","raw":""},"city":{"type":"textarea","raw":[]}}},"_links":{"self":[{"href":"https:\/\/www.trustedtranslations.com\/de\/wp-json\/wp\/v2\/pages\/129217","targetHints":{"allow":["GET"]}}],"collection":[{"href":"https:\/\/www.trustedtranslations.com\/de\/wp-json\/wp\/v2\/pages"}],"about":[{"href":"https:\/\/www.trustedtranslations.com\/de\/wp-json\/wp\/v2\/types\/page"}],"author":[{"embeddable":true,"href":"https:\/\/www.trustedtranslations.com\/de\/wp-json\/wp\/v2\/users\/1"}],"replies":[{"embeddable":true,"href":"https:\/\/www.trustedtranslations.com\/de\/wp-json\/wp\/v2\/comments?post=129217"}],"version-history":[{"count":0,"href":"https:\/\/www.trustedtranslations.com\/de\/wp-json\/wp\/v2\/pages\/129217\/revisions"}],"up":[{"embeddable":true,"href":"https:\/\/www.trustedtranslations.com\/de\/wp-json\/wp\/v2\/pages\/129502"}],"wp:featuredmedia":[{"embeddable":true,"href":"https:\/\/www.trustedtranslations.com\/de\/wp-json\/wp\/v2\/media\/139628"}],"wp:attachment":[{"href":"https:\/\/www.trustedtranslations.com\/de\/wp-json\/wp\/v2\/media?parent=129217"}],"curies":[{"name":"wp","href":"https:\/\/api.w.org\/{rel}","templated":true}]}}