{"id":129218,"date":"2019-10-31T11:30:21","date_gmt":"2019-10-31T11:30:21","guid":{"rendered":"https:\/\/www.trustedtranslations.com\/?page_id=129218"},"modified":"2023-05-09T20:56:26","modified_gmt":"2023-05-09T23:56:26","slug":"allgemeine-geschaeftsbedingungen","status":"publish","type":"page","link":"https:\/\/www.trustedtranslations.com\/de\/allgemeine-geschaeftsbedingungen","title":{"rendered":"Allgemeine Gesch\u00e4ftsbedingungen"},"content":{"rendered":"\t\t<div data-elementor-type=\"wp-page\" data-elementor-id=\"129218\" class=\"elementor elementor-129218 elementor-6530\" data-elementor-post-type=\"page\">\n\t\t\t\t\t\t<section class=\"elementor-section elementor-top-section elementor-element elementor-element-33afa600 elementor-section-boxed elementor-section-height-default elementor-section-height-default\" data-id=\"33afa600\" data-element_type=\"section\" data-e-type=\"section\">\n\t\t\t\t\t\t<div class=\"elementor-container elementor-column-gap-default\">\n\t\t\t\t\t<div class=\"elementor-column elementor-col-100 elementor-top-column elementor-element elementor-element-67bc1785\" data-id=\"67bc1785\" data-element_type=\"column\" data-e-type=\"column\">\n\t\t\t<div class=\"elementor-widget-wrap elementor-element-populated\">\n\t\t\t\t\t\t<div class=\"elementor-element elementor-element-53f01c37 elementor-widget elementor-widget-text-editor\" data-id=\"53f01c37\" data-element_type=\"widget\" data-e-type=\"widget\" data-widget_type=\"text-editor.default\">\n\t\t\t\t\t\t\t\t\t<h1>Allgemeine Gesch\u00e4ftsbedingungen<\/h1><p><em><em><em>Trusted Translations<\/em><\/em><\/em> (\u201eTTI\u201c) wird dem Kunden die \u00dcbersetzung seines eingereichten Textes, wie vom Kunden gew\u00fcnscht, unter den folgenden Gesch\u00e4ftsbedingungen bereitstellen.<\/p><h2>Abschluss der Arbeit<\/h2><p>TTI wird das Projekt professionell, in hoher Qualit\u00e4t und mit angemessener Geschwindigkeit und Sorgfalt, wie mit dem Kunden vereinbart, abschlie\u00dfen. TTI wird eine Qualit\u00e4t liefern, die den Industriestandards entspricht oder diese \u00fcbertrifft, oder wie von den Parteien anderweitig vereinbart.<\/p><h2>Vertraulichkeit<\/h2><p>\u201eVertrauliche Informationen&#8220; sind alle Informationen, die TTI offengelegt oder von TTI erhalten werden und nicht \u00f6ffentlich verf\u00fcgbar sind und die sich auf vergangene, gegenw\u00e4rtige oder zuk\u00fcnftige Produkte, Programme und Gesch\u00e4ftsaktivit\u00e4ten oder Klienten unseres Kunden beziehen. TTI wird alle solchen vertraulichen Informationen des Kunden mit h\u00f6chster Vertraulichkeit behandeln und darf vertrauliche Informationen ausschlie\u00dflich zum Vorteil des Kunden verwenden. Au\u00dfer mit schriftlicher Genehmigung des Kunden darf TTI diese vertraulichen Informationen, sei es durch Ver\u00f6ffentlichung oder anderweitig, ausschlie\u00dflich Mitarbeitern von TTI sowie Personen, die zur Ausf\u00fchrung des Kundenprojekts erforderlich sind, offenlegen.<\/p><h2>Eigentum<\/h2><p>Alle Grafiken, Dokumente, Abschriften, Computer- und elektronischen Dateien, die sich auf das von TTI f\u00fcr den Kunden entwickelte Projekt beziehen, gelten als Auftragsarbeit und stellen das alleinige und ausschlie\u00dfliche Eigentum des Kunden dar. TTI wird dem Kunden diese Auftragsarbeiten auf Anfrage \u00fcberlassen und sie nicht ohne schriftliche Genehmigung des Kunden f\u00fcr sich selbst oder Dritte nutzen. Der Kunde hat das Recht, eine Registrierung von Urheberrechten f\u00fcr die gesamte oder einen Teil der Auftragsarbeit und seinen eigenen Namen zu erhalten, und der Kunde ist Eigent\u00fcmer aller betreffenden Urheberrechte und anderer Rechte an geistigem Eigentum.<\/p><h2>Unabh\u00e4ngiger Auftragnehmer<\/h2><p>TTI erkl\u00e4rt, dass es ein unabh\u00e4ngiger Auftragnehmer ist und kein Vertreter oder Angestellter des Kunden oder einer anderen Partei ist. TTI muss alle geltenden Betriebsunfallschutz- und Arbeitslosenunterst\u00fctzungsgesetze sowie alle anderen Gesetze, Regeln und Vorschriften, denen es unterliegt, einhalten.<\/p><h2>Schiedsgerichtsbarkeit<\/h2><p>Alle Streitigkeiten, die sich aus oder im Zusammenhang mit dieser Vereinbarung ergeben, werden einvernehmlich und unverz\u00fcglich nach Konsultation der Parteien beigelegt. Im Falle, dass eine solche Einigung nicht innerhalb von f\u00fcnfundvierzig Tagen nach einer schriftlichen Verk\u00fcndung der Streitfrage erzielt wird, soll die Angelegenheit durch ein Schiedsverfahren entschieden werden. Das Schiedsverfahren wird im Bundesstaat Virginia oder an einem anderen Ort durchgef\u00fchrt, auf den sich die Parteien gem\u00e4\u00df den Regeln der American Arbitration Association geeinigt haben. Die Kosten des Schiedsverfahrens werden von den Parteien zu gleichen Teilen getragen. Jeder Schiedsspruch kann von jedem zust\u00e4ndigen Gericht vollstreckt werden.<\/p><h2>Vollst\u00e4ndige Vereinbarung<\/h2><p>Dieser Brief enth\u00e4lt die gesamte \u00dcbereinkunft der Parteien und ersetzt alle vorherigen Vereinbarungen und Absprachen zwischen dem Kunden und TTI. Keine \u00dcbereink\u00fcnfte oder Ab\u00e4nderungen der Bedingungen dieser Vereinbarung sind f\u00fcr beide Parteien g\u00fcltig oder bindend, es sei denn, sie sind schriftlich festgelegt und wurden von den Parteien unterzeichnet. Die Auslegung und Erf\u00fcllung dieser Vereinbarung unterliegt der Rechtsprechung von Virginia.<\/p><h2>Bedingungen<\/h2><p>Da \u00dcbersetzungen ein subjektiver Prozess sind, durch den eine Person die gleiche Bedeutung mit verschiedenen Wortwahlm\u00f6glichkeiten ausdr\u00fccken kann, haftet <em><em><em>Trusted Translations<\/em><\/em><\/em> nicht f\u00fcr solche Abweichungen.<\/p><h2>Indirekte und Folgesch\u00e4den<\/h2><p>Unter keinem geltenden Recht, in Billigkeit oder anderweitig, ist <em><em><em>Trusted Translations<\/em><\/em><\/em> haftbar f\u00fcr irgendwelche speziellen, exemplarischen, strafrechtlichen, zuf\u00e4lligen, indirekten oder Folgesch\u00e4den (selbst wenn <em><em><em>Trusted Translations<\/em><\/em><\/em> davon in Kenntnis gesetzt wurde), einschlie\u00dflich, ohne Einschr\u00e4nkung, entgangener Gewinne oder Einnahmen. Die gesamte Haftung von <em><em><em>Trusted Translations<\/em><\/em><\/em> f\u00fcr jegliche Anspr\u00fcche, Verluste oder Sch\u00e4den nach beliebiger Rechtsprechung, in Billigkeit oder anderweitig, einschlie\u00dflich, jedoch nicht beschr\u00e4nkt auf, Vertragsverletzung, Fahrl\u00e4ssigkeit und verschuldensunabh\u00e4ngige Haftung, die sich aus dem Vertrag oder der Beauftragung von <em><em><em>Trusted Translations<\/em><\/em><\/em> im Zusammenhang mit dem betreffenden Projekt sowie dessen Durchf\u00fchrung, Verletzung oder dessen Gegenstand ergeben, d\u00fcrfen in keinem Fall die Summe der Zahlungen des Kunden an <em><em><em>Trusted Translations<\/em><\/em><\/em> gem\u00e4\u00df dieser Vereinbarung \u00fcbersteigen.<\/p><h2>\u00c4nderung<\/h2><p>Diese Vereinbarung darf nicht m\u00fcndlich ge\u00e4ndert werden. Nur eine schriftliche \u00c4nderung, zu der beide Parteien zustimmen, ist durchsetzbar. Eine Autorisierung per E-Mail stellt eine schriftliche Vereinbarung dar.<\/p><h2>Salvatorische Klausel<\/h2><p>Wenn eine Bedingung, Klausel oder Bestimmung dieser Vereinbarung durch ein zust\u00e4ndiges Gericht f\u00fcr ung\u00fcltig oder nicht durchsetzbar erkl\u00e4rt wird, betrifft diese Ung\u00fcltigkeit nicht die G\u00fcltigkeit oder die Durchsetzbarkeit einer anderen Bedingung, Klausel oder Bestimmung. Die unwirksame Bedingung, Klausel oder Bestimmung gilt als von der Vereinbarung abgetrennt.<\/p><h2>Einverst\u00e4ndnis<\/h2><p>Durch die Zustimmung zu diesen Bedingungen (a) erkl\u00e4rt sich der Kunde damit einverstanden, an alle Bestimmungen hiervon (einschlie\u00dflich aller in diesem Dokument aufgef\u00fchrten Gesch\u00e4ftsbedingungen) gebunden zu sein, und b) erkennt der Kunde die alleinige Verantwortung f\u00fcr die vollst\u00e4ndige Zahlung aller Geb\u00fchren und Kosten im Zusammenhang mit dem Projekt, wie von den Parteien vereinbart, an.<\/p>\t\t\t\t\t\t\t\t<\/div>\n\t\t\t\t\t<\/div>\n\t\t<\/div>\n\t\t\t\t\t<\/div>\n\t\t<\/section>\n\t\t\t\t<\/div>\n\t\t","protected":false},"excerpt":{"rendered":"Allgemeine Gesch\u00e4ftsbedingungen Trusted Translations (\u201eTTI\u201c) wird dem Kunden die \u00dcbersetzung seines eingereichten Textes, wie vom Kunden gew\u00fcnscht, unter den folgenden Gesch\u00e4ftsbedingungen bereitstellen. Abschluss der Arbeit TTI wird das Projekt professionell,\u2026\n","protected":false},"author":1,"featured_media":223055,"parent":0,"menu_order":0,"comment_status":"closed","ping_status":"closed","template":"page-simple.php","meta":{"site-sidebar-layout":"default","site-content-layout":"default","ast-site-content-layout":"default","site-content-style":"default","site-sidebar-style":"default","ast-global-header-display":"","ast-banner-title-visibility":"","ast-main-header-display":"","ast-hfb-above-header-display":"","ast-hfb-below-header-display":"","ast-hfb-mobile-header-display":"","site-post-title":"disabled","ast-breadcrumbs-content":"","ast-featured-img":"","footer-sml-layout":"","ast-disable-related-posts":"","theme-transparent-header-meta":"","adv-header-id-meta":null,"stick-header-meta":null,"header-above-stick-meta":null,"header-main-stick-meta":null,"header-below-stick-meta":null,"astra-migrate-meta-layouts":"default","ast-page-background-enabled":"default","ast-page-background-meta":{"desktop":{"background-color":"var(--ast-global-color-4)","background-image":"","background-repeat":"repeat","background-position":"center center","background-size":"auto","background-attachment":"scroll","background-type":"","background-media":"","overlay-type":"","overlay-color":"","overlay-opacity":"","overlay-gradient":""},"tablet":{"background-color":"","background-image":"","background-repeat":"repeat","background-position":"center center","background-size":"auto","background-attachment":"scroll","background-type":"","background-media":"","overlay-type":"","overlay-color":"","overlay-opacity":"","overlay-gradient":""},"mobile":{"background-color":"","background-image":"","background-repeat":"repeat","background-position":"center center","background-size":"auto","background-attachment":"scroll","background-type":"","background-media":"","overlay-type":"","overlay-color":"","overlay-opacity":"","overlay-gradient":""}},"ast-content-background-meta":{"desktop":{"background-color":"var(--ast-global-color-5)","background-image":"","background-repeat":"repeat","background-position":"center center","background-size":"auto","background-attachment":"scroll","background-type":"","background-media":"","overlay-type":"","overlay-color":"","overlay-opacity":"","overlay-gradient":""},"tablet":{"background-color":"var(--ast-global-color-5)","background-image":"","background-repeat":"repeat","background-position":"center center","background-size":"auto","background-attachment":"scroll","background-type":"","background-media":"","overlay-type":"","overlay-color":"","overlay-opacity":"","overlay-gradient":""},"mobile":{"background-color":"var(--ast-global-color-5)","background-image":"","background-repeat":"repeat","background-position":"center center","background-size":"auto","background-attachment":"scroll","background-type":"","background-media":"","overlay-type":"","overlay-color":"","overlay-opacity":"","overlay-gradient":""}},"footnotes":""},"class_list":["post-129218","page","type-page","status-publish","has-post-thumbnail","hentry"],"yoast_head":"<!-- This site is optimized with the Yoast SEO plugin v27.3 - https:\/\/yoast.com\/product\/yoast-seo-wordpress\/ -->\n<title>Allgemeine Gesch\u00e4ftsbedingungen - Trusted Translations<\/title>\n<meta name=\"description\" content=\"Allgemeine Gesch\u00e4ftsbedingungen - Trusted Translations\" \/>\n<meta name=\"robots\" content=\"noindex, nofollow\" \/>\n<meta property=\"og:locale\" content=\"de_DE\" \/>\n<meta property=\"og:type\" content=\"article\" \/>\n<meta property=\"og:title\" content=\"Allgemeine Gesch\u00e4ftsbedingungen - Trusted Translations\" \/>\n<meta property=\"og:description\" content=\"Allgemeine Gesch\u00e4ftsbedingungen - Trusted Translations\" \/>\n<meta property=\"og:url\" content=\"https:\/\/www.trustedtranslations.com\/de\/allgemeine-geschaeftsbedingungen\" \/>\n<meta property=\"og:site_name\" content=\"Trusted Translations, Inc.\" \/>\n<meta property=\"article:publisher\" content=\"https:\/\/www.facebook.com\/Trusted.Translations\" \/>\n<meta property=\"article:modified_time\" content=\"2023-05-09T23:56:26+00:00\" \/>\n<meta property=\"og:image\" content=\"https:\/\/static.trustedtranslations.com\/wp-content\/uploads\/2022\/08\/TT_NEW_FB-1.png\" \/>\n\t<meta property=\"og:image:width\" content=\"1\" \/>\n\t<meta property=\"og:image:height\" content=\"1\" \/>\n\t<meta property=\"og:image:type\" content=\"image\/jpeg\" \/>\n<meta name=\"twitter:card\" content=\"summary_large_image\" \/>\n<meta name=\"twitter:site\" content=\"@TrustedT9ns\" \/>\n<script type=\"application\/ld+json\" class=\"yoast-schema-graph\">{\"@context\":\"https:\\\/\\\/schema.org\",\"@graph\":[{\"@type\":\"WebPage\",\"@id\":\"https:\\\/\\\/www.trustedtranslations.com\\\/de\\\/allgemeine-geschaeftsbedingungen\",\"url\":\"https:\\\/\\\/www.trustedtranslations.com\\\/de\\\/allgemeine-geschaeftsbedingungen\",\"name\":\"Allgemeine Gesch\u00e4ftsbedingungen - Trusted Translations\",\"isPartOf\":{\"@id\":\"https:\\\/\\\/www.trustedtranslations.com\\\/de\\\/#website\"},\"primaryImageOfPage\":{\"@id\":\"https:\\\/\\\/www.trustedtranslations.com\\\/de\\\/allgemeine-geschaeftsbedingungen#primaryimage\"},\"image\":{\"@id\":\"https:\\\/\\\/www.trustedtranslations.com\\\/de\\\/allgemeine-geschaeftsbedingungen#primaryimage\"},\"thumbnailUrl\":\"https:\\\/\\\/www.trustedtranslations.com\\\/wp-content\\\/uploads\\\/2022\\\/08\\\/TT_NEW_FB-1.png\",\"description\":\"Allgemeine Gesch\u00e4ftsbedingungen - Trusted Translations\",\"breadcrumb\":{\"@id\":\"https:\\\/\\\/www.trustedtranslations.com\\\/de\\\/allgemeine-geschaeftsbedingungen#breadcrumb\"},\"inLanguage\":\"de\",\"potentialAction\":[{\"@type\":\"ReadAction\",\"target\":[\"https:\\\/\\\/www.trustedtranslations.com\\\/de\\\/allgemeine-geschaeftsbedingungen\"]}]},{\"@type\":\"ImageObject\",\"inLanguage\":\"de\",\"@id\":\"https:\\\/\\\/www.trustedtranslations.com\\\/de\\\/allgemeine-geschaeftsbedingungen#primaryimage\",\"url\":\"https:\\\/\\\/www.trustedtranslations.com\\\/wp-content\\\/uploads\\\/2022\\\/08\\\/TT_NEW_FB-1.png\",\"contentUrl\":\"https:\\\/\\\/www.trustedtranslations.com\\\/wp-content\\\/uploads\\\/2022\\\/08\\\/TT_NEW_FB-1.png\",\"caption\":\"TT NEW FB 1\"},{\"@type\":\"BreadcrumbList\",\"@id\":\"https:\\\/\\\/www.trustedtranslations.com\\\/de\\\/allgemeine-geschaeftsbedingungen#breadcrumb\",\"itemListElement\":[{\"@type\":\"ListItem\",\"position\":1,\"name\":\"Home\",\"item\":\"https:\\\/\\\/www.trustedtranslations.com\\\/de\"},{\"@type\":\"ListItem\",\"position\":2,\"name\":\"Allgemeine Gesch\u00e4ftsbedingungen\"}]},{\"@type\":\"WebSite\",\"@id\":\"https:\\\/\\\/www.trustedtranslations.com\\\/de\\\/#website\",\"url\":\"https:\\\/\\\/www.trustedtranslations.com\\\/de\\\/\",\"name\":\"Trusted Translations, Inc.\",\"description\":\"Leader in translation and interpretation services.\",\"publisher\":{\"@id\":\"https:\\\/\\\/www.trustedtranslations.com\\\/de\\\/#organization\"},\"alternateName\":\"Trusted Translations\",\"potentialAction\":[{\"@type\":\"SearchAction\",\"target\":{\"@type\":\"EntryPoint\",\"urlTemplate\":\"https:\\\/\\\/www.trustedtranslations.com\\\/de\\\/?s={search_term_string}\"},\"query-input\":{\"@type\":\"PropertyValueSpecification\",\"valueRequired\":true,\"valueName\":\"search_term_string\"}}],\"inLanguage\":\"de\"},{\"@type\":\"Organization\",\"@id\":\"https:\\\/\\\/www.trustedtranslations.com\\\/de\\\/#organization\",\"name\":\"Trusted Translations\",\"alternateName\":\"Trusted Translations, Inc.\",\"url\":\"https:\\\/\\\/www.trustedtranslations.com\\\/de\\\/\",\"logo\":{\"@type\":\"ImageObject\",\"inLanguage\":\"de\",\"@id\":\"https:\\\/\\\/www.trustedtranslations.com\\\/de\\\/#\\\/schema\\\/logo\\\/image\\\/\",\"url\":\"https:\\\/\\\/static.trustedtranslations.com\\\/wp-content\\\/uploads\\\/2022\\\/01\\\/TT_logo_WSIColors-2.png\",\"contentUrl\":\"https:\\\/\\\/static.trustedtranslations.com\\\/wp-content\\\/uploads\\\/2022\\\/01\\\/TT_logo_WSIColors-2.png\",\"width\":500,\"height\":196,\"caption\":\"Trusted Translations\"},\"image\":{\"@id\":\"https:\\\/\\\/www.trustedtranslations.com\\\/de\\\/#\\\/schema\\\/logo\\\/image\\\/\"},\"sameAs\":[\"https:\\\/\\\/www.facebook.com\\\/Trusted.Translations\",\"https:\\\/\\\/x.com\\\/TrustedT9ns\",\"https:\\\/\\\/www.linkedin.com\\\/company\\\/trusted-translations\"]}]}<\/script>\n<!-- \/ Yoast SEO plugin. -->","yoast_head_json":{"title":"Allgemeine Gesch\u00e4ftsbedingungen - Trusted Translations","description":"Allgemeine Gesch\u00e4ftsbedingungen - Trusted Translations","robots":{"index":"noindex","follow":"nofollow"},"og_locale":"de_DE","og_type":"article","og_title":"Allgemeine Gesch\u00e4ftsbedingungen - Trusted Translations","og_description":"Allgemeine Gesch\u00e4ftsbedingungen - Trusted Translations","og_url":"https:\/\/www.trustedtranslations.com\/de\/allgemeine-geschaeftsbedingungen","og_site_name":"Trusted Translations, Inc.","article_publisher":"https:\/\/www.facebook.com\/Trusted.Translations","article_modified_time":"2023-05-09T23:56:26+00:00","og_image":[{"url":"https:\/\/static.trustedtranslations.com\/wp-content\/uploads\/2022\/08\/TT_NEW_FB-1.png","width":1,"height":1,"type":"image\/jpeg"}],"twitter_card":"summary_large_image","twitter_site":"@TrustedT9ns","schema":{"@context":"https:\/\/schema.org","@graph":[{"@type":"WebPage","@id":"https:\/\/www.trustedtranslations.com\/de\/allgemeine-geschaeftsbedingungen","url":"https:\/\/www.trustedtranslations.com\/de\/allgemeine-geschaeftsbedingungen","name":"Allgemeine Gesch\u00e4ftsbedingungen - Trusted Translations","isPartOf":{"@id":"https:\/\/www.trustedtranslations.com\/de\/#website"},"primaryImageOfPage":{"@id":"https:\/\/www.trustedtranslations.com\/de\/allgemeine-geschaeftsbedingungen#primaryimage"},"image":{"@id":"https:\/\/www.trustedtranslations.com\/de\/allgemeine-geschaeftsbedingungen#primaryimage"},"thumbnailUrl":"https:\/\/www.trustedtranslations.com\/wp-content\/uploads\/2022\/08\/TT_NEW_FB-1.png","description":"Allgemeine Gesch\u00e4ftsbedingungen - Trusted Translations","breadcrumb":{"@id":"https:\/\/www.trustedtranslations.com\/de\/allgemeine-geschaeftsbedingungen#breadcrumb"},"inLanguage":"de","potentialAction":[{"@type":"ReadAction","target":["https:\/\/www.trustedtranslations.com\/de\/allgemeine-geschaeftsbedingungen"]}]},{"@type":"ImageObject","inLanguage":"de","@id":"https:\/\/www.trustedtranslations.com\/de\/allgemeine-geschaeftsbedingungen#primaryimage","url":"https:\/\/www.trustedtranslations.com\/wp-content\/uploads\/2022\/08\/TT_NEW_FB-1.png","contentUrl":"https:\/\/www.trustedtranslations.com\/wp-content\/uploads\/2022\/08\/TT_NEW_FB-1.png","caption":"TT NEW FB 1"},{"@type":"BreadcrumbList","@id":"https:\/\/www.trustedtranslations.com\/de\/allgemeine-geschaeftsbedingungen#breadcrumb","itemListElement":[{"@type":"ListItem","position":1,"name":"Home","item":"https:\/\/www.trustedtranslations.com\/de"},{"@type":"ListItem","position":2,"name":"Allgemeine Gesch\u00e4ftsbedingungen"}]},{"@type":"WebSite","@id":"https:\/\/www.trustedtranslations.com\/de\/#website","url":"https:\/\/www.trustedtranslations.com\/de\/","name":"Trusted Translations, Inc.","description":"Leader in translation and interpretation services.","publisher":{"@id":"https:\/\/www.trustedtranslations.com\/de\/#organization"},"alternateName":"Trusted Translations","potentialAction":[{"@type":"SearchAction","target":{"@type":"EntryPoint","urlTemplate":"https:\/\/www.trustedtranslations.com\/de\/?s={search_term_string}"},"query-input":{"@type":"PropertyValueSpecification","valueRequired":true,"valueName":"search_term_string"}}],"inLanguage":"de"},{"@type":"Organization","@id":"https:\/\/www.trustedtranslations.com\/de\/#organization","name":"Trusted Translations","alternateName":"Trusted Translations, Inc.","url":"https:\/\/www.trustedtranslations.com\/de\/","logo":{"@type":"ImageObject","inLanguage":"de","@id":"https:\/\/www.trustedtranslations.com\/de\/#\/schema\/logo\/image\/","url":"https:\/\/static.trustedtranslations.com\/wp-content\/uploads\/2022\/01\/TT_logo_WSIColors-2.png","contentUrl":"https:\/\/static.trustedtranslations.com\/wp-content\/uploads\/2022\/01\/TT_logo_WSIColors-2.png","width":500,"height":196,"caption":"Trusted Translations"},"image":{"@id":"https:\/\/www.trustedtranslations.com\/de\/#\/schema\/logo\/image\/"},"sameAs":["https:\/\/www.facebook.com\/Trusted.Translations","https:\/\/x.com\/TrustedT9ns","https:\/\/www.linkedin.com\/company\/trusted-translations"]}]}},"toolset-meta":{"dyk":{"mensaje-1":{"type":"textfield","raw":""},"mensaje-2":{"type":"textfield","raw":""},"mensaje-3":{"type":"textfield","raw":""},"mensaje-4":{"type":"textfield","raw":""},"mensaje-5":{"type":"textfield","raw":""},"mensaje-6":{"type":"textfield","raw":""}},"single-page-template-fields":{"imgs-temp":{"type":"image","raw":[],"repeatable":[]},"imgs-temp-cel":{"type":"image","raw":[],"repeatable":[]},"img-temp-one-cel":{"type":"image","raw":"","attachment_id":null},"quotes":{"type":"textarea","raw":""},"text-1":{"type":"textarea","raw":""},"shortcode-map":{"type":"textfield","raw":""},"dyk-shortcode":{"type":"textfield","raw":""},"text-2":{"type":"textarea","raw":""},"state":{"type":"textfield","raw":""},"city":{"type":"textarea","raw":[]}}},"_links":{"self":[{"href":"https:\/\/www.trustedtranslations.com\/de\/wp-json\/wp\/v2\/pages\/129218","targetHints":{"allow":["GET"]}}],"collection":[{"href":"https:\/\/www.trustedtranslations.com\/de\/wp-json\/wp\/v2\/pages"}],"about":[{"href":"https:\/\/www.trustedtranslations.com\/de\/wp-json\/wp\/v2\/types\/page"}],"author":[{"embeddable":true,"href":"https:\/\/www.trustedtranslations.com\/de\/wp-json\/wp\/v2\/users\/1"}],"replies":[{"embeddable":true,"href":"https:\/\/www.trustedtranslations.com\/de\/wp-json\/wp\/v2\/comments?post=129218"}],"version-history":[{"count":0,"href":"https:\/\/www.trustedtranslations.com\/de\/wp-json\/wp\/v2\/pages\/129218\/revisions"}],"wp:featuredmedia":[{"embeddable":true,"href":"https:\/\/www.trustedtranslations.com\/de\/wp-json\/wp\/v2\/media\/223055"}],"wp:attachment":[{"href":"https:\/\/www.trustedtranslations.com\/de\/wp-json\/wp\/v2\/media?parent=129218"}],"curies":[{"name":"wp","href":"https:\/\/api.w.org\/{rel}","templated":true}]}}