{"id":129223,"date":"2019-09-20T17:17:10","date_gmt":"2019-09-20T17:17:10","guid":{"rendered":"https:\/\/www.trustedtranslations.com\/?page_id=129223"},"modified":"2024-10-16T13:05:17","modified_gmt":"2024-10-16T16:05:17","slug":"wordpress","status":"publish","type":"page","link":"https:\/\/www.trustedtranslations.com\/de\/dienstleistungen\/dateiformate\/wordpress","title":{"rendered":"WordPress"},"content":{"rendered":"","protected":false},"excerpt":{"rendered":"","protected":false},"author":4,"featured_media":238301,"parent":129442,"menu_order":18,"comment_status":"closed","ping_status":"closed","template":"","meta":{"site-sidebar-layout":"default","site-content-layout":"default","ast-site-content-layout":"default","site-content-style":"default","site-sidebar-style":"default","ast-global-header-display":"","ast-banner-title-visibility":"","ast-main-header-display":"","ast-hfb-above-header-display":"","ast-hfb-below-header-display":"","ast-hfb-mobile-header-display":"","site-post-title":"disabled","ast-breadcrumbs-content":"","ast-featured-img":"","footer-sml-layout":"","ast-disable-related-posts":"","theme-transparent-header-meta":"default","adv-header-id-meta":"","stick-header-meta":"","header-above-stick-meta":"","header-main-stick-meta":"","header-below-stick-meta":"","astra-migrate-meta-layouts":"set","ast-page-background-enabled":"default","ast-page-background-meta":{"desktop":{"background-color":"var(--ast-global-color-4)","background-image":"","background-repeat":"repeat","background-position":"center center","background-size":"auto","background-attachment":"scroll","background-type":"","background-media":"","overlay-type":"","overlay-color":"","overlay-opacity":"","overlay-gradient":""},"tablet":{"background-color":"","background-image":"","background-repeat":"repeat","background-position":"center center","background-size":"auto","background-attachment":"scroll","background-type":"","background-media":"","overlay-type":"","overlay-color":"","overlay-opacity":"","overlay-gradient":""},"mobile":{"background-color":"","background-image":"","background-repeat":"repeat","background-position":"center center","background-size":"auto","background-attachment":"scroll","background-type":"","background-media":"","overlay-type":"","overlay-color":"","overlay-opacity":"","overlay-gradient":""}},"ast-content-background-meta":{"desktop":{"background-color":"var(--ast-global-color-5)","background-image":"","background-repeat":"repeat","background-position":"center center","background-size":"auto","background-attachment":"scroll","background-type":"","background-media":"","overlay-type":"","overlay-color":"","overlay-opacity":"","overlay-gradient":""},"tablet":{"background-color":"var(--ast-global-color-5)","background-image":"","background-repeat":"repeat","background-position":"center center","background-size":"auto","background-attachment":"scroll","background-type":"","background-media":"","overlay-type":"","overlay-color":"","overlay-opacity":"","overlay-gradient":""},"mobile":{"background-color":"var(--ast-global-color-5)","background-image":"","background-repeat":"repeat","background-position":"center center","background-size":"auto","background-attachment":"scroll","background-type":"","background-media":"","overlay-type":"","overlay-color":"","overlay-opacity":"","overlay-gradient":""}},"footnotes":""},"class_list":["post-129223","page","type-page","status-publish","has-post-thumbnail","hentry"],"yoast_head":"<!-- This site is optimized with the Yoast SEO plugin v27.3 - https:\/\/yoast.com\/product\/yoast-seo-wordpress\/ -->\n<title>WordPress\/WPML-Website-\u00dcbersetzungen \u2013 Trusted Translations, Inc.<\/title>\n<meta name=\"description\" content=\"Trusted Translations bietet hochwertige WordPress-\u00dcbersetzungen und -Lokalisierungen in jeder Sprache mit WPML an, alles zu wettbewerbsf\u00e4higen Preisen.\" \/>\n<meta name=\"robots\" content=\"index, follow, max-snippet:-1, max-image-preview:large, max-video-preview:-1\" \/>\n<link rel=\"canonical\" href=\"https:\/\/www.trustedtranslations.com\/de\/dienstleistungen\/dateiformate\/wordpress\" \/>\n<meta property=\"og:locale\" content=\"de_DE\" \/>\n<meta property=\"og:type\" content=\"article\" \/>\n<meta property=\"og:title\" content=\"WordPress\/WPML-Website-\u00dcbersetzungen \u2013 Trusted Translations, Inc.\" \/>\n<meta property=\"og:description\" content=\"Trusted Translations bietet hochwertige WordPress-\u00dcbersetzungen und -Lokalisierungen in jeder Sprache mit WPML an, alles zu wettbewerbsf\u00e4higen Preisen.\" \/>\n<meta property=\"og:url\" content=\"https:\/\/www.trustedtranslations.com\/de\/dienstleistungen\/dateiformate\/wordpress\" \/>\n<meta property=\"og:site_name\" content=\"Trusted Translations, Inc.\" \/>\n<meta property=\"article:publisher\" content=\"https:\/\/www.facebook.com\/Trusted.Translations\" \/>\n<meta property=\"article:modified_time\" content=\"2024-10-16T16:05:17+00:00\" \/>\n<meta property=\"og:image\" content=\"https:\/\/static.trustedtranslations.com\/wp-content\/uploads\/2024\/02\/tt-icon_Professional-Translation.webp\" \/>\n\t<meta property=\"og:image:width\" content=\"151\" \/>\n\t<meta property=\"og:image:height\" content=\"151\" \/>\n\t<meta property=\"og:image:type\" content=\"image\/webp\" \/>\n<meta name=\"twitter:card\" content=\"summary_large_image\" \/>\n<meta name=\"twitter:site\" content=\"@TrustedT9ns\" \/>\n<script type=\"application\/ld+json\" class=\"yoast-schema-graph\">{\"@context\":\"https:\\\/\\\/schema.org\",\"@graph\":[{\"@type\":\"WebPage\",\"@id\":\"https:\\\/\\\/www.trustedtranslations.com\\\/de\\\/dienstleistungen\\\/dateiformate\\\/wordpress\",\"url\":\"https:\\\/\\\/www.trustedtranslations.com\\\/de\\\/dienstleistungen\\\/dateiformate\\\/wordpress\",\"name\":\"WordPress\\\/WPML-Website-\u00dcbersetzungen \u2013 Trusted Translations, Inc.\",\"isPartOf\":{\"@id\":\"https:\\\/\\\/www.trustedtranslations.com\\\/de\\\/#website\"},\"primaryImageOfPage\":{\"@id\":\"https:\\\/\\\/www.trustedtranslations.com\\\/de\\\/dienstleistungen\\\/dateiformate\\\/wordpress#primaryimage\"},\"image\":{\"@id\":\"https:\\\/\\\/www.trustedtranslations.com\\\/de\\\/dienstleistungen\\\/dateiformate\\\/wordpress#primaryimage\"},\"thumbnailUrl\":\"https:\\\/\\\/www.trustedtranslations.com\\\/wp-content\\\/uploads\\\/2024\\\/02\\\/tt-icon_Professional-Translation.webp\",\"description\":\"Trusted Translations bietet hochwertige WordPress-\u00dcbersetzungen und -Lokalisierungen in jeder Sprache mit WPML an, alles zu wettbewerbsf\u00e4higen Preisen.\",\"breadcrumb\":{\"@id\":\"https:\\\/\\\/www.trustedtranslations.com\\\/de\\\/dienstleistungen\\\/dateiformate\\\/wordpress#breadcrumb\"},\"inLanguage\":\"de\",\"potentialAction\":[{\"@type\":\"ReadAction\",\"target\":[\"https:\\\/\\\/www.trustedtranslations.com\\\/de\\\/dienstleistungen\\\/dateiformate\\\/wordpress\"]}]},{\"@type\":\"ImageObject\",\"inLanguage\":\"de\",\"@id\":\"https:\\\/\\\/www.trustedtranslations.com\\\/de\\\/dienstleistungen\\\/dateiformate\\\/wordpress#primaryimage\",\"url\":\"https:\\\/\\\/www.trustedtranslations.com\\\/wp-content\\\/uploads\\\/2024\\\/02\\\/tt-icon_Professional-Translation.webp\",\"contentUrl\":\"https:\\\/\\\/www.trustedtranslations.com\\\/wp-content\\\/uploads\\\/2024\\\/02\\\/tt-icon_Professional-Translation.webp\",\"width\":151,\"height\":151,\"caption\":\"tt icon Professional Translation\"},{\"@type\":\"BreadcrumbList\",\"@id\":\"https:\\\/\\\/www.trustedtranslations.com\\\/de\\\/dienstleistungen\\\/dateiformate\\\/wordpress#breadcrumb\",\"itemListElement\":[{\"@type\":\"ListItem\",\"position\":1,\"name\":\"Home\",\"item\":\"https:\\\/\\\/www.trustedtranslations.com\\\/de\"},{\"@type\":\"ListItem\",\"position\":2,\"name\":\"Dienstleistungen\",\"item\":\"https:\\\/\\\/www.trustedtranslations.com\\\/de\\\/dienstleistungen\"},{\"@type\":\"ListItem\",\"position\":3,\"name\":\"Dateiformate\",\"item\":\"https:\\\/\\\/www.trustedtranslations.com\\\/de\\\/dienstleistungen\\\/dateiformate\"},{\"@type\":\"ListItem\",\"position\":4,\"name\":\"WordPress\"}]},{\"@type\":\"WebSite\",\"@id\":\"https:\\\/\\\/www.trustedtranslations.com\\\/de\\\/#website\",\"url\":\"https:\\\/\\\/www.trustedtranslations.com\\\/de\\\/\",\"name\":\"Trusted Translations, Inc.\",\"description\":\"Leader in translation and interpretation services.\",\"publisher\":{\"@id\":\"https:\\\/\\\/www.trustedtranslations.com\\\/de\\\/#organization\"},\"alternateName\":\"Trusted Translations\",\"potentialAction\":[{\"@type\":\"SearchAction\",\"target\":{\"@type\":\"EntryPoint\",\"urlTemplate\":\"https:\\\/\\\/www.trustedtranslations.com\\\/de\\\/?s={search_term_string}\"},\"query-input\":{\"@type\":\"PropertyValueSpecification\",\"valueRequired\":true,\"valueName\":\"search_term_string\"}}],\"inLanguage\":\"de\"},{\"@type\":\"Organization\",\"@id\":\"https:\\\/\\\/www.trustedtranslations.com\\\/de\\\/#organization\",\"name\":\"Trusted Translations\",\"alternateName\":\"Trusted Translations, Inc.\",\"url\":\"https:\\\/\\\/www.trustedtranslations.com\\\/de\\\/\",\"logo\":{\"@type\":\"ImageObject\",\"inLanguage\":\"de\",\"@id\":\"https:\\\/\\\/www.trustedtranslations.com\\\/de\\\/#\\\/schema\\\/logo\\\/image\\\/\",\"url\":\"https:\\\/\\\/static.trustedtranslations.com\\\/wp-content\\\/uploads\\\/2022\\\/01\\\/TT_logo_WSIColors-2.png\",\"contentUrl\":\"https:\\\/\\\/static.trustedtranslations.com\\\/wp-content\\\/uploads\\\/2022\\\/01\\\/TT_logo_WSIColors-2.png\",\"width\":500,\"height\":196,\"caption\":\"Trusted Translations\"},\"image\":{\"@id\":\"https:\\\/\\\/www.trustedtranslations.com\\\/de\\\/#\\\/schema\\\/logo\\\/image\\\/\"},\"sameAs\":[\"https:\\\/\\\/www.facebook.com\\\/Trusted.Translations\",\"https:\\\/\\\/x.com\\\/TrustedT9ns\",\"https:\\\/\\\/www.linkedin.com\\\/company\\\/trusted-translations\"]}]}<\/script>\n<!-- \/ Yoast SEO plugin. -->","yoast_head_json":{"title":"WordPress\/WPML-Website-\u00dcbersetzungen \u2013 Trusted Translations, Inc.","description":"Trusted Translations bietet hochwertige WordPress-\u00dcbersetzungen und -Lokalisierungen in jeder Sprache mit WPML an, alles zu wettbewerbsf\u00e4higen Preisen.","robots":{"index":"index","follow":"follow","max-snippet":"max-snippet:-1","max-image-preview":"max-image-preview:large","max-video-preview":"max-video-preview:-1"},"canonical":"https:\/\/www.trustedtranslations.com\/de\/dienstleistungen\/dateiformate\/wordpress","og_locale":"de_DE","og_type":"article","og_title":"WordPress\/WPML-Website-\u00dcbersetzungen \u2013 Trusted Translations, Inc.","og_description":"Trusted Translations bietet hochwertige WordPress-\u00dcbersetzungen und -Lokalisierungen in jeder Sprache mit WPML an, alles zu wettbewerbsf\u00e4higen Preisen.","og_url":"https:\/\/www.trustedtranslations.com\/de\/dienstleistungen\/dateiformate\/wordpress","og_site_name":"Trusted Translations, Inc.","article_publisher":"https:\/\/www.facebook.com\/Trusted.Translations","article_modified_time":"2024-10-16T16:05:17+00:00","og_image":[{"width":151,"height":151,"url":"https:\/\/static.trustedtranslations.com\/wp-content\/uploads\/2024\/02\/tt-icon_Professional-Translation.webp","type":"image\/webp"}],"twitter_card":"summary_large_image","twitter_site":"@TrustedT9ns","schema":{"@context":"https:\/\/schema.org","@graph":[{"@type":"WebPage","@id":"https:\/\/www.trustedtranslations.com\/de\/dienstleistungen\/dateiformate\/wordpress","url":"https:\/\/www.trustedtranslations.com\/de\/dienstleistungen\/dateiformate\/wordpress","name":"WordPress\/WPML-Website-\u00dcbersetzungen \u2013 Trusted Translations, Inc.","isPartOf":{"@id":"https:\/\/www.trustedtranslations.com\/de\/#website"},"primaryImageOfPage":{"@id":"https:\/\/www.trustedtranslations.com\/de\/dienstleistungen\/dateiformate\/wordpress#primaryimage"},"image":{"@id":"https:\/\/www.trustedtranslations.com\/de\/dienstleistungen\/dateiformate\/wordpress#primaryimage"},"thumbnailUrl":"https:\/\/www.trustedtranslations.com\/wp-content\/uploads\/2024\/02\/tt-icon_Professional-Translation.webp","description":"Trusted Translations bietet hochwertige WordPress-\u00dcbersetzungen und -Lokalisierungen in jeder Sprache mit WPML an, alles zu wettbewerbsf\u00e4higen Preisen.","breadcrumb":{"@id":"https:\/\/www.trustedtranslations.com\/de\/dienstleistungen\/dateiformate\/wordpress#breadcrumb"},"inLanguage":"de","potentialAction":[{"@type":"ReadAction","target":["https:\/\/www.trustedtranslations.com\/de\/dienstleistungen\/dateiformate\/wordpress"]}]},{"@type":"ImageObject","inLanguage":"de","@id":"https:\/\/www.trustedtranslations.com\/de\/dienstleistungen\/dateiformate\/wordpress#primaryimage","url":"https:\/\/www.trustedtranslations.com\/wp-content\/uploads\/2024\/02\/tt-icon_Professional-Translation.webp","contentUrl":"https:\/\/www.trustedtranslations.com\/wp-content\/uploads\/2024\/02\/tt-icon_Professional-Translation.webp","width":151,"height":151,"caption":"tt icon Professional Translation"},{"@type":"BreadcrumbList","@id":"https:\/\/www.trustedtranslations.com\/de\/dienstleistungen\/dateiformate\/wordpress#breadcrumb","itemListElement":[{"@type":"ListItem","position":1,"name":"Home","item":"https:\/\/www.trustedtranslations.com\/de"},{"@type":"ListItem","position":2,"name":"Dienstleistungen","item":"https:\/\/www.trustedtranslations.com\/de\/dienstleistungen"},{"@type":"ListItem","position":3,"name":"Dateiformate","item":"https:\/\/www.trustedtranslations.com\/de\/dienstleistungen\/dateiformate"},{"@type":"ListItem","position":4,"name":"WordPress"}]},{"@type":"WebSite","@id":"https:\/\/www.trustedtranslations.com\/de\/#website","url":"https:\/\/www.trustedtranslations.com\/de\/","name":"Trusted Translations, Inc.","description":"Leader in translation and interpretation services.","publisher":{"@id":"https:\/\/www.trustedtranslations.com\/de\/#organization"},"alternateName":"Trusted Translations","potentialAction":[{"@type":"SearchAction","target":{"@type":"EntryPoint","urlTemplate":"https:\/\/www.trustedtranslations.com\/de\/?s={search_term_string}"},"query-input":{"@type":"PropertyValueSpecification","valueRequired":true,"valueName":"search_term_string"}}],"inLanguage":"de"},{"@type":"Organization","@id":"https:\/\/www.trustedtranslations.com\/de\/#organization","name":"Trusted Translations","alternateName":"Trusted Translations, Inc.","url":"https:\/\/www.trustedtranslations.com\/de\/","logo":{"@type":"ImageObject","inLanguage":"de","@id":"https:\/\/www.trustedtranslations.com\/de\/#\/schema\/logo\/image\/","url":"https:\/\/static.trustedtranslations.com\/wp-content\/uploads\/2022\/01\/TT_logo_WSIColors-2.png","contentUrl":"https:\/\/static.trustedtranslations.com\/wp-content\/uploads\/2022\/01\/TT_logo_WSIColors-2.png","width":500,"height":196,"caption":"Trusted Translations"},"image":{"@id":"https:\/\/www.trustedtranslations.com\/de\/#\/schema\/logo\/image\/"},"sameAs":["https:\/\/www.facebook.com\/Trusted.Translations","https:\/\/x.com\/TrustedT9ns","https:\/\/www.linkedin.com\/company\/trusted-translations"]}]}},"toolset-meta":{"dyk":{"mensaje-1":{"type":"textfield","raw":"Das \u00dcbersetzen von WordPress-Websites ist mit dem WPML-Plugin einfacher denn je."},"mensaje-2":{"type":"textfield","raw":"WordPress wird von zwei von f\u00fcnf Websites im Internet verwendet."},"mensaje-3":{"type":"textfield","raw":"Wir liefern \u00dcbersetzungen online, direkt auf Ihre WordPress-Website."},"mensaje-4":{"type":"textfield","raw":"Wir bewahren das urspr\u00fcngliche Format und den Stil Ihrer WordPress-Website."},"mensaje-5":{"type":"textfield","raw":""},"mensaje-6":{"type":"textfield","raw":""}},"single-page-template-fields":{"imgs-temp":{"type":"image","raw":["https:\/\/static.trustedtranslations.com\/wp-content\/uploads\/2024\/06\/wordpress-final-1.webp"],"repeatable":[{"raw":"https:\/\/static.trustedtranslations.com\/wp-content\/uploads\/2024\/06\/wordpress-final-1.webp"}]},"imgs-temp-cel":{"type":"image","raw":[""],"repeatable":[{"raw":""}]},"img-temp-one-cel":{"type":"image","raw":"https:\/\/static.trustedtranslations.com\/wp-content\/uploads\/2024\/03\/AdobeStock_385542563-2-1.webp","attachment_id":null},"quotes":{"type":"textarea","raw":"<h1 style=\"margin-bottom: 12px;\">Professionelle \u00dcbersetzung von WordPress-Websites<\/h1>\r\nWir werden Sie durch den gesamten Prozess der \u00dcbersetzung und Lokalisierung Ihrer WordPress-Website f\u00fchren. Wir bieten hochwertige, professionelle Website-\u00dcbersetzungen f\u00fcr WordPress zu den g\u00fcnstigsten Preisen an. Plug-ins wie WPML oder Multilingual Press bieten die ideale L\u00f6sung, wenn Sie Ihre WordPress-Website \u00fcbersetzen m\u00f6chten. Und Trusted Translations ist der beste Partner f\u00fcr die Lokalisierung Ihrer Inhalte durch eines dieser WordPress-Plug-ins.\r\n<div style=\"margin-top: 2.5vw;\"><a class=\"tt-btn-main-cta\" href=\"\/de\/angebot\">KOSTENLOSEN KOSTENVORANSCHLAG ANFORDERN<\/a><\/div>"},"text-1":{"type":"textarea","raw":"<h2>Mehrsprachige SEO <em>WordPress<\/em> Lokalisierung mit <em>WPML<\/em><\/h2>\r\nWie in der WPML -Dokumentation f\u00fcr Entwickler erl\u00e4utert: \u201eEiner der gr\u00f6\u00dften Vorteile beim Betrieb einer mehrsprachigen Website ist, dass sie in den Google-Suchergebnissen in verschiedenen Sprachen weit oben erscheint. Der Vorgang, bei dem Ihre Website an die Spitze gebracht wird, wird als SEO bezeichnet. Wenn dies auf einer mehrsprachigen Website geschieht, wird dies als \u201emehrsprachige SEO\u201c bezeichnet.\u201c\r\n\r\nWenn Sie Ihre Website mit WordPress erstellen, ist ei Gro\u00dfteil der SEO-Arbeit bereits f\u00fcr Sie erledigt. WordPress generiert einfache HTML, die Google leicht versteht. Die Online-Marketing-\u00dcbersetzungsexperten von <a href=\"https:\/\/www.trustedtranslations.com\/de\/dienstleistungen\/menschlich\/online-marketing\">Trusted Translations<\/a> lokalisieren Ihre WordPress-Website mit WPML, damit Ihre Inhalte in jeder Sprache auf eine Spitzenposition kommen.\r\n<h2>\u00dcbersetzen von WordPress-Inhalten mit WPML<\/h2>\r\n<div class=\"pull-right tt-thumbnail hidden-xs\"><img class=\"\" src=\"https:\/\/www.trustedtranslations.com\/wp-content\/uploads\/2019\/07\/wpml-logo.png\" alt=\"WPML\" width=\"112\" height=\"42\" \/><\/div>\r\nWenn Sie eine Website haben, die mit WordPress (dem derzeit weltweit beliebtesten Content-Management-System oder CMS) erstellt wurde, und Sie Ihre Website in verschiedenen Sprachen zur Verf\u00fcgung stellen m\u00fcssen, k\u00f6nnen Sie dies jetzt schnell und einfach mit Unterst\u00fctzung von Lokalisierungsexperten wie Trusted Translations und der Hilfe von WPML , dem mehrsprachigen WordPress-Plug-in, tun. Auf Seiten von Trusted Translations, ist Memsource das \u00dcbersetzungsmanagementsystem (TMS), mit dem Sie Ihre Inhalte in beliebig viele Sprachen lokalisieren k\u00f6nnen. Die von uns angebotene L\u00f6sung verwendet den Connector von Memsource, um dieIntegration zwischen Ihrem CMS und unserem TMS zu vervollst\u00e4ndigen. F\u00fcr eine h\u00f6here Automatisierung und f\u00fcr den Fall, dass Sie dynamischere Inhalte haben, k\u00f6nnen wir Ihnen auch das Automation Widget von Memsource anbieten."},"shortcode-map":{"type":"textfield","raw":""},"dyk-shortcode":{"type":"textfield","raw":"[elementor-template id=\"146647\"]"},"text-2":{"type":"textarea","raw":"<h3>Kostenlose Konfiguration durch <em>Trusted Translations<\/em><\/h3>\r\nNeben dem Support von WPML f\u00fcr Ihr Plugin verf\u00fcgt Trusted Translations auch \u00fcber ein IT-Team von WordPress- und WPML-Experten, die Sie dabei unterst\u00fctzen werden, alle Probleme zu beheben, die bei der Konfiguration von WPML auftreten k\u00f6nnen.\r\n<h3>Unser engagierter technischer Support<\/h3>\r\nDas Team von Trusted Translations bietet Ihnen ab dem Zeitpunkt, an dem Sie sich zum ersten Mal an uns wenden, bis zu dem Zeitpunkt, an dem der Inhalt Ihrer Website vollst\u00e4ndig \u00fcbersetzt wurde, engagierten technischen Support. Au\u00dferdem steht Ihnen technischer Support f\u00fcr alle Fragen zur Verf\u00fcgung, die bei der Aktualisierung von Inhalten auftreten k\u00f6nnen. Wir sind jedoch zuversichtlich, dass das Plugin die von Ihnen gew\u00fcnschte unsichtbare \u00dcbersetzungspipeline bereitstellt.\r\n<h3>Bester \u00dcbersetzungspreis pro Wort, plus Rabatte f\u00fcr Wiederholungen<\/h3>\r\nDie Dienstleistung wird wortweise berechnet, aber es gibt keinen Grund, sich \u00fcber die Kosten Sorgen zu machen - das Plug-in kann aktualisierte Inhalte auf eine Plattform laden, die \u00e4hnliche Inhalte wiederverwendet, und zwar zu wesentlich geringeren Kosten, als wenn alle Aktualisierungen von Grund auf neu \u00fcbersetzt w\u00fcrden. Fragen Sie unsere Vertriebsmitarbeiter nach der Optimierung Ihrer \u00dcbersetzungsprojekte durch Ber\u00fccksichtigung von Wiederholungen, sowie teilweisen und vollst\u00e4ndigen \u00dcbereinstimmungen.\r\n<h3>M\u00f6chten Sie die Wortanzahl Ihrer Website erfahren?<\/h3>\r\nVerwenden Sie die Website-W\u00f6rterz\u00e4hlfunktion von <a href=\"https:\/\/wpml.org\/documentation\/automatic-translation\/automatic-translation-pricing\/\">WPML<\/a>, um diese herauszufinden. <a href=\"https:\/\/www.trustedtranslations.com\/de\/ueber-uns\/kontakt\">Kontaktieren Sie uns<\/a>, sobald Sie diese in Erfahrung gebracht haben, und wir werden Ihnen ein pr\u00e4zises Angebot unterbreiten.\r\n\r\nZ\u00f6gern Sie nicht, uns bei Fragen oder Bedenken bez\u00fcglich der Lokalisierung und \u00dcbersetzung Ihrer WordPress-Website zu kontaktieren."},"state":{"type":"textfield","raw":""},"city":{"type":"textarea","raw":[]}}},"_links":{"self":[{"href":"https:\/\/www.trustedtranslations.com\/de\/wp-json\/wp\/v2\/pages\/129223","targetHints":{"allow":["GET"]}}],"collection":[{"href":"https:\/\/www.trustedtranslations.com\/de\/wp-json\/wp\/v2\/pages"}],"about":[{"href":"https:\/\/www.trustedtranslations.com\/de\/wp-json\/wp\/v2\/types\/page"}],"author":[{"embeddable":true,"href":"https:\/\/www.trustedtranslations.com\/de\/wp-json\/wp\/v2\/users\/4"}],"replies":[{"embeddable":true,"href":"https:\/\/www.trustedtranslations.com\/de\/wp-json\/wp\/v2\/comments?post=129223"}],"version-history":[{"count":0,"href":"https:\/\/www.trustedtranslations.com\/de\/wp-json\/wp\/v2\/pages\/129223\/revisions"}],"up":[{"embeddable":true,"href":"https:\/\/www.trustedtranslations.com\/de\/wp-json\/wp\/v2\/pages\/129442"}],"wp:featuredmedia":[{"embeddable":true,"href":"https:\/\/www.trustedtranslations.com\/de\/wp-json\/wp\/v2\/media\/238301"}],"wp:attachment":[{"href":"https:\/\/www.trustedtranslations.com\/de\/wp-json\/wp\/v2\/media?parent=129223"}],"curies":[{"name":"wp","href":"https:\/\/api.w.org\/{rel}","templated":true}]}}