{"id":129247,"date":"2018-12-26T18:52:59","date_gmt":"2018-12-26T18:52:59","guid":{"rendered":"https:\/\/www.trustedtranslations.com\/?page_id=129247"},"modified":"2024-09-03T15:39:01","modified_gmt":"2024-09-03T18:39:01","slug":"blockchain","status":"publish","type":"page","link":"https:\/\/www.trustedtranslations.com\/de\/branchen\/blockchain","title":{"rendered":"Blockchain"},"content":{"rendered":"","protected":false},"excerpt":{"rendered":"","protected":false},"author":1,"featured_media":139628,"parent":129502,"menu_order":0,"comment_status":"closed","ping_status":"closed","template":"","meta":{"site-sidebar-layout":"default","site-content-layout":"default","ast-site-content-layout":"default","site-content-style":"default","site-sidebar-style":"default","ast-global-header-display":"","ast-banner-title-visibility":"","ast-main-header-display":"","ast-hfb-above-header-display":"","ast-hfb-below-header-display":"","ast-hfb-mobile-header-display":"","site-post-title":"disabled","ast-breadcrumbs-content":"","ast-featured-img":"","footer-sml-layout":"","ast-disable-related-posts":"","theme-transparent-header-meta":"default","adv-header-id-meta":"","stick-header-meta":"","header-above-stick-meta":"","header-main-stick-meta":"","header-below-stick-meta":"","astra-migrate-meta-layouts":"set","ast-page-background-enabled":"default","ast-page-background-meta":{"desktop":{"background-color":"var(--ast-global-color-4)","background-image":"","background-repeat":"repeat","background-position":"center center","background-size":"auto","background-attachment":"scroll","background-type":"","background-media":"","overlay-type":"","overlay-color":"","overlay-opacity":"","overlay-gradient":""},"tablet":{"background-color":"","background-image":"","background-repeat":"repeat","background-position":"center center","background-size":"auto","background-attachment":"scroll","background-type":"","background-media":"","overlay-type":"","overlay-color":"","overlay-opacity":"","overlay-gradient":""},"mobile":{"background-color":"","background-image":"","background-repeat":"repeat","background-position":"center center","background-size":"auto","background-attachment":"scroll","background-type":"","background-media":"","overlay-type":"","overlay-color":"","overlay-opacity":"","overlay-gradient":""}},"ast-content-background-meta":{"desktop":{"background-color":"var(--ast-global-color-5)","background-image":"","background-repeat":"repeat","background-position":"center center","background-size":"auto","background-attachment":"scroll","background-type":"","background-media":"","overlay-type":"","overlay-color":"","overlay-opacity":"","overlay-gradient":""},"tablet":{"background-color":"var(--ast-global-color-5)","background-image":"","background-repeat":"repeat","background-position":"center center","background-size":"auto","background-attachment":"scroll","background-type":"","background-media":"","overlay-type":"","overlay-color":"","overlay-opacity":"","overlay-gradient":""},"mobile":{"background-color":"var(--ast-global-color-5)","background-image":"","background-repeat":"repeat","background-position":"center center","background-size":"auto","background-attachment":"scroll","background-type":"","background-media":"","overlay-type":"","overlay-color":"","overlay-opacity":"","overlay-gradient":""}},"footnotes":""},"class_list":["post-129247","page","type-page","status-publish","has-post-thumbnail","hentry"],"yoast_head":"<!-- This site is optimized with the Yoast SEO plugin v27.3 - https:\/\/yoast.com\/product\/yoast-seo-wordpress\/ -->\n<title>\u00dcbersetzungsdienstleistungen f\u00fcr die Blockchain- und Kryptow\u00e4hrungsbranche \u2013 Trusted Translations, Inc.<\/title>\n<meta name=\"description\" content=\"Trusted Translations, Inc. bietet genaue und zuverl\u00e4ssige \u00dcbersetzungsdienstleistungen f\u00fcr alle Arten von Blockchain-Materialien.\" \/>\n<meta name=\"robots\" content=\"index, follow, max-snippet:-1, max-image-preview:large, max-video-preview:-1\" \/>\n<link rel=\"canonical\" href=\"https:\/\/www.trustedtranslations.com\/de\/branchen\/blockchain\" \/>\n<meta property=\"og:locale\" content=\"de_DE\" \/>\n<meta property=\"og:type\" content=\"article\" \/>\n<meta property=\"og:title\" content=\"\u00dcbersetzungsdienstleistungen f\u00fcr die Blockchain- und Kryptow\u00e4hrungsbranche \u2013 Trusted Translations, Inc.\" \/>\n<meta property=\"og:description\" content=\"Trusted Translations, Inc. bietet genaue und zuverl\u00e4ssige \u00dcbersetzungsdienstleistungen f\u00fcr alle Arten von Blockchain-Materialien.\" \/>\n<meta property=\"og:url\" content=\"https:\/\/www.trustedtranslations.com\/de\/branchen\/blockchain\" \/>\n<meta property=\"og:site_name\" content=\"Trusted Translations, Inc.\" \/>\n<meta property=\"article:publisher\" content=\"https:\/\/www.facebook.com\/Trusted.Translations\" \/>\n<meta property=\"article:modified_time\" content=\"2024-09-03T18:39:01+00:00\" \/>\n<meta property=\"og:image\" content=\"https:\/\/static.trustedtranslations.com\/wp-content\/uploads\/2022\/03\/TT_NEW_FB-1.png\" \/>\n\t<meta property=\"og:image:width\" content=\"1038\" \/>\n\t<meta property=\"og:image:height\" content=\"1038\" \/>\n\t<meta property=\"og:image:type\" content=\"image\/png\" \/>\n<meta name=\"twitter:card\" content=\"summary_large_image\" \/>\n<meta name=\"twitter:site\" content=\"@TrustedT9ns\" \/>\n<script type=\"application\/ld+json\" class=\"yoast-schema-graph\">{\"@context\":\"https:\\\/\\\/schema.org\",\"@graph\":[{\"@type\":\"WebPage\",\"@id\":\"https:\\\/\\\/www.trustedtranslations.com\\\/de\\\/branchen\\\/blockchain\",\"url\":\"https:\\\/\\\/www.trustedtranslations.com\\\/de\\\/branchen\\\/blockchain\",\"name\":\"\u00dcbersetzungsdienstleistungen f\u00fcr die Blockchain- und Kryptow\u00e4hrungsbranche \u2013 Trusted Translations, Inc.\",\"isPartOf\":{\"@id\":\"https:\\\/\\\/www.trustedtranslations.com\\\/de\\\/#website\"},\"primaryImageOfPage\":{\"@id\":\"https:\\\/\\\/www.trustedtranslations.com\\\/de\\\/branchen\\\/blockchain#primaryimage\"},\"image\":{\"@id\":\"https:\\\/\\\/www.trustedtranslations.com\\\/de\\\/branchen\\\/blockchain#primaryimage\"},\"thumbnailUrl\":\"https:\\\/\\\/www.trustedtranslations.com\\\/wp-content\\\/uploads\\\/2022\\\/03\\\/TT_NEW_FB-1.png\",\"description\":\"Trusted Translations, Inc. bietet genaue und zuverl\u00e4ssige \u00dcbersetzungsdienstleistungen f\u00fcr alle Arten von Blockchain-Materialien.\",\"breadcrumb\":{\"@id\":\"https:\\\/\\\/www.trustedtranslations.com\\\/de\\\/branchen\\\/blockchain#breadcrumb\"},\"inLanguage\":\"de\",\"potentialAction\":[{\"@type\":\"ReadAction\",\"target\":[\"https:\\\/\\\/www.trustedtranslations.com\\\/de\\\/branchen\\\/blockchain\"]}]},{\"@type\":\"ImageObject\",\"inLanguage\":\"de\",\"@id\":\"https:\\\/\\\/www.trustedtranslations.com\\\/de\\\/branchen\\\/blockchain#primaryimage\",\"url\":\"https:\\\/\\\/www.trustedtranslations.com\\\/wp-content\\\/uploads\\\/2022\\\/03\\\/TT_NEW_FB-1.png\",\"contentUrl\":\"https:\\\/\\\/www.trustedtranslations.com\\\/wp-content\\\/uploads\\\/2022\\\/03\\\/TT_NEW_FB-1.png\",\"width\":1038,\"height\":1038,\"caption\":\"TT NEW FB 1\"},{\"@type\":\"BreadcrumbList\",\"@id\":\"https:\\\/\\\/www.trustedtranslations.com\\\/de\\\/branchen\\\/blockchain#breadcrumb\",\"itemListElement\":[{\"@type\":\"ListItem\",\"position\":1,\"name\":\"Home\",\"item\":\"https:\\\/\\\/www.trustedtranslations.com\\\/de\"},{\"@type\":\"ListItem\",\"position\":2,\"name\":\"Branchenexpertise\",\"item\":\"https:\\\/\\\/www.trustedtranslations.com\\\/de\\\/branchen\"},{\"@type\":\"ListItem\",\"position\":3,\"name\":\"Blockchain\"}]},{\"@type\":\"WebSite\",\"@id\":\"https:\\\/\\\/www.trustedtranslations.com\\\/de\\\/#website\",\"url\":\"https:\\\/\\\/www.trustedtranslations.com\\\/de\\\/\",\"name\":\"Trusted Translations, Inc.\",\"description\":\"Leader in translation and interpretation services.\",\"publisher\":{\"@id\":\"https:\\\/\\\/www.trustedtranslations.com\\\/de\\\/#organization\"},\"alternateName\":\"Trusted Translations\",\"potentialAction\":[{\"@type\":\"SearchAction\",\"target\":{\"@type\":\"EntryPoint\",\"urlTemplate\":\"https:\\\/\\\/www.trustedtranslations.com\\\/de\\\/?s={search_term_string}\"},\"query-input\":{\"@type\":\"PropertyValueSpecification\",\"valueRequired\":true,\"valueName\":\"search_term_string\"}}],\"inLanguage\":\"de\"},{\"@type\":\"Organization\",\"@id\":\"https:\\\/\\\/www.trustedtranslations.com\\\/de\\\/#organization\",\"name\":\"Trusted Translations\",\"alternateName\":\"Trusted Translations, Inc.\",\"url\":\"https:\\\/\\\/www.trustedtranslations.com\\\/de\\\/\",\"logo\":{\"@type\":\"ImageObject\",\"inLanguage\":\"de\",\"@id\":\"https:\\\/\\\/www.trustedtranslations.com\\\/de\\\/#\\\/schema\\\/logo\\\/image\\\/\",\"url\":\"https:\\\/\\\/static.trustedtranslations.com\\\/wp-content\\\/uploads\\\/2022\\\/01\\\/TT_logo_WSIColors-2.png\",\"contentUrl\":\"https:\\\/\\\/static.trustedtranslations.com\\\/wp-content\\\/uploads\\\/2022\\\/01\\\/TT_logo_WSIColors-2.png\",\"width\":500,\"height\":196,\"caption\":\"Trusted Translations\"},\"image\":{\"@id\":\"https:\\\/\\\/www.trustedtranslations.com\\\/de\\\/#\\\/schema\\\/logo\\\/image\\\/\"},\"sameAs\":[\"https:\\\/\\\/www.facebook.com\\\/Trusted.Translations\",\"https:\\\/\\\/x.com\\\/TrustedT9ns\",\"https:\\\/\\\/www.linkedin.com\\\/company\\\/trusted-translations\"]}]}<\/script>\n<!-- \/ Yoast SEO plugin. -->","yoast_head_json":{"title":"\u00dcbersetzungsdienstleistungen f\u00fcr die Blockchain- und Kryptow\u00e4hrungsbranche \u2013 Trusted Translations, Inc.","description":"Trusted Translations, Inc. bietet genaue und zuverl\u00e4ssige \u00dcbersetzungsdienstleistungen f\u00fcr alle Arten von Blockchain-Materialien.","robots":{"index":"index","follow":"follow","max-snippet":"max-snippet:-1","max-image-preview":"max-image-preview:large","max-video-preview":"max-video-preview:-1"},"canonical":"https:\/\/www.trustedtranslations.com\/de\/branchen\/blockchain","og_locale":"de_DE","og_type":"article","og_title":"\u00dcbersetzungsdienstleistungen f\u00fcr die Blockchain- und Kryptow\u00e4hrungsbranche \u2013 Trusted Translations, Inc.","og_description":"Trusted Translations, Inc. bietet genaue und zuverl\u00e4ssige \u00dcbersetzungsdienstleistungen f\u00fcr alle Arten von Blockchain-Materialien.","og_url":"https:\/\/www.trustedtranslations.com\/de\/branchen\/blockchain","og_site_name":"Trusted Translations, Inc.","article_publisher":"https:\/\/www.facebook.com\/Trusted.Translations","article_modified_time":"2024-09-03T18:39:01+00:00","og_image":[{"width":1038,"height":1038,"url":"https:\/\/static.trustedtranslations.com\/wp-content\/uploads\/2022\/03\/TT_NEW_FB-1.png","type":"image\/png"}],"twitter_card":"summary_large_image","twitter_site":"@TrustedT9ns","schema":{"@context":"https:\/\/schema.org","@graph":[{"@type":"WebPage","@id":"https:\/\/www.trustedtranslations.com\/de\/branchen\/blockchain","url":"https:\/\/www.trustedtranslations.com\/de\/branchen\/blockchain","name":"\u00dcbersetzungsdienstleistungen f\u00fcr die Blockchain- und Kryptow\u00e4hrungsbranche \u2013 Trusted Translations, Inc.","isPartOf":{"@id":"https:\/\/www.trustedtranslations.com\/de\/#website"},"primaryImageOfPage":{"@id":"https:\/\/www.trustedtranslations.com\/de\/branchen\/blockchain#primaryimage"},"image":{"@id":"https:\/\/www.trustedtranslations.com\/de\/branchen\/blockchain#primaryimage"},"thumbnailUrl":"https:\/\/www.trustedtranslations.com\/wp-content\/uploads\/2022\/03\/TT_NEW_FB-1.png","description":"Trusted Translations, Inc. bietet genaue und zuverl\u00e4ssige \u00dcbersetzungsdienstleistungen f\u00fcr alle Arten von Blockchain-Materialien.","breadcrumb":{"@id":"https:\/\/www.trustedtranslations.com\/de\/branchen\/blockchain#breadcrumb"},"inLanguage":"de","potentialAction":[{"@type":"ReadAction","target":["https:\/\/www.trustedtranslations.com\/de\/branchen\/blockchain"]}]},{"@type":"ImageObject","inLanguage":"de","@id":"https:\/\/www.trustedtranslations.com\/de\/branchen\/blockchain#primaryimage","url":"https:\/\/www.trustedtranslations.com\/wp-content\/uploads\/2022\/03\/TT_NEW_FB-1.png","contentUrl":"https:\/\/www.trustedtranslations.com\/wp-content\/uploads\/2022\/03\/TT_NEW_FB-1.png","width":1038,"height":1038,"caption":"TT NEW FB 1"},{"@type":"BreadcrumbList","@id":"https:\/\/www.trustedtranslations.com\/de\/branchen\/blockchain#breadcrumb","itemListElement":[{"@type":"ListItem","position":1,"name":"Home","item":"https:\/\/www.trustedtranslations.com\/de"},{"@type":"ListItem","position":2,"name":"Branchenexpertise","item":"https:\/\/www.trustedtranslations.com\/de\/branchen"},{"@type":"ListItem","position":3,"name":"Blockchain"}]},{"@type":"WebSite","@id":"https:\/\/www.trustedtranslations.com\/de\/#website","url":"https:\/\/www.trustedtranslations.com\/de\/","name":"Trusted Translations, Inc.","description":"Leader in translation and interpretation services.","publisher":{"@id":"https:\/\/www.trustedtranslations.com\/de\/#organization"},"alternateName":"Trusted Translations","potentialAction":[{"@type":"SearchAction","target":{"@type":"EntryPoint","urlTemplate":"https:\/\/www.trustedtranslations.com\/de\/?s={search_term_string}"},"query-input":{"@type":"PropertyValueSpecification","valueRequired":true,"valueName":"search_term_string"}}],"inLanguage":"de"},{"@type":"Organization","@id":"https:\/\/www.trustedtranslations.com\/de\/#organization","name":"Trusted Translations","alternateName":"Trusted Translations, Inc.","url":"https:\/\/www.trustedtranslations.com\/de\/","logo":{"@type":"ImageObject","inLanguage":"de","@id":"https:\/\/www.trustedtranslations.com\/de\/#\/schema\/logo\/image\/","url":"https:\/\/static.trustedtranslations.com\/wp-content\/uploads\/2022\/01\/TT_logo_WSIColors-2.png","contentUrl":"https:\/\/static.trustedtranslations.com\/wp-content\/uploads\/2022\/01\/TT_logo_WSIColors-2.png","width":500,"height":196,"caption":"Trusted Translations"},"image":{"@id":"https:\/\/www.trustedtranslations.com\/de\/#\/schema\/logo\/image\/"},"sameAs":["https:\/\/www.facebook.com\/Trusted.Translations","https:\/\/x.com\/TrustedT9ns","https:\/\/www.linkedin.com\/company\/trusted-translations"]}]}},"toolset-meta":{"dyk":{"mensaje-1":{"type":"textfield","raw":"Trusted Translations hat ICO-Dokumentation erfolgreich in mehrere Sprachen \u00fcbersetzt."},"mensaje-2":{"type":"textfield","raw":"Wir haben Blockchain-Startups dabei geholfen, ihre White Papers Investoren in ihrer Muttersprache zu pr\u00e4sentieren."},"mensaje-3":{"type":"textfield","raw":"Trusted Translations bietet \u00dcbersetzungen in mehreren Dateiformaten, die sofort einsatzbereit sind."},"mensaje-4":{"type":"textfield","raw":"Wir sind seit ihrer Gr\u00fcndung f\u00fchrend bei \u00dcbersetzungen f\u00fcr die Blockchain-Branche."},"mensaje-5":{"type":"textfield","raw":""},"mensaje-6":{"type":"textfield","raw":""}},"single-page-template-fields":{"imgs-temp":{"type":"image","raw":["https:\/\/static.trustedtranslations.com\/wp-content\/uploads\/2024\/05\/blockchain-final-1.webp"],"repeatable":[{"raw":"https:\/\/static.trustedtranslations.com\/wp-content\/uploads\/2024\/05\/blockchain-final-1.webp"}]},"imgs-temp-cel":{"type":"image","raw":[""],"repeatable":[{"raw":""}]},"img-temp-one-cel":{"type":"image","raw":"https:\/\/static.trustedtranslations.com\/wp-content\/uploads\/2024\/05\/AdobeStock_192635639-1.webp","attachment_id":null},"quotes":{"type":"textarea","raw":"<h1 style=\"margin-bottom: 12px;\">Blockchain-\u00dcbersetzungsdienstleistungen<\/h1>Kryptow\u00e4hrungen und Blockchain-Technologien haben gro\u00dfen Aufschwung genommen und sind auf dem besten Weg, ihr volles Potenzial zu erreichen. Zum jetzigen Zeitpunkt hat sich kein einzelner Branchenakteur hervorgetan, weshalb der Erfolg dieser Projekte von ihrer F\u00e4higkeit abh\u00e4ngt, durch ICOs, solide Technologie\u00fcbernahme und \u00fcberzeugende Anwendungsf\u00e4lle Gelder aufzubringen.<div style=\"margin-top: 2.5vw;\"><a class=\"tt-btn-main-cta\" href=\"\/de\/angebot\">KOSTENLOSEN KOSTENVORANSCHLAG ANFORDERN<\/a><\/div>"},"text-1":{"type":"textarea","raw":"<h2>\u00dcbersetzungsdienstleistungen f\u00fcr Kryptow\u00e4hrungen und Blockchain<\/h2>\r\nUnd angesichts der inh\u00e4renten globalen Natur von Kryptow\u00e4hrungen und der potenziellen Einsatzm\u00f6glichkeiten von Blockchain-Technologien auf internationaler Ebene ist es von entscheidender Bedeutung, \u00fcber einwandfreie und zuverl\u00e4ssige \u00dcbersetzungen von White Papers, ICO-Dokumentation, Marketingmaterialien und anderen technischen Informationen zu verf\u00fcgen.<em><em> Trusted Translations<\/em><\/em> war schon vor seiner Bl\u00fctezeit f\u00fchrend bei \u00dcbersetzungen f\u00fcr diesen Bereich und unterst\u00fctzte Branchenakteure bei der Erschlie\u00dfung globaler finanzieller und technologischer Entwicklungsressourcen.\r\n<h2 style=\"margin-bottom:20px\">Anerkannter Marktf\u00fchrer f\u00fcr \u00dcbersetzungen im Kryptobereich<\/h2>\r\nDie f\u00fchrenden Blockchain-Projekte und -Organisationen verlassen sich derzeit auf <em><em>Trusted Translations<\/em><\/em> f\u00fcr jeden Aspekt ihres \u00dcbersetzungsbedarfs, einschlie\u00dflich, aber nicht beschr\u00e4nkt auf ICO (Initial Coin Offering)-Dokumentation und -Offenlegungen, technische White Papers, Marketingmaterial, Webseiten-\u00dcbersetzungen, softwarebezogene Materialien usw. <em><em>Trusted Translations<\/em><\/em> verf\u00fcgt \u00fcber mehr als 15 Jahre Erfahrung in der Bereitstellung von Finanz-, Technologie- und Software\u00fcbersetzungen. Unser Fachwissen ist un\u00fcbertroffen."},"shortcode-map":{"type":"textfield","raw":""},"dyk-shortcode":{"type":"textfield","raw":"[elementor-template id=\"146647\"]"},"text-2":{"type":"textarea","raw":"<h2 style=\"margin-bottom:20px\">W\u00e4hlen Sie ein Sprachunternehmen, das den Kryptobereich versteht<\/h2>\r\n<em><em>Trusted Translations<\/em><\/em> schult seine Kundenbetreuer, damit sie genau wissen, was Blockchain-Technologien f\u00fcr unser Unternehmen bedeuten. Unsere Manager und Softwareentwickler nehmen an allen wichtigen Konferenzen in diesem Bereich teil, um mit dem wachsenden und dynamischen Branchenlexikon Schritt zu halten. Tats\u00e4chlich verf\u00fcgt <em><em>Trusted Translations<\/em><\/em> \u00fcber eines der vollst\u00e4ndigsten und genauesten Blockchain-spezifischen Glossare der Branche, das im Laufe mehrerer Jahre der Arbeit an Projekten dieser Art zusammengestellt wurde, einschlie\u00dflich der \u00dcbersetzung der Bitcoin Core-Dokumentation und der Ethereum-Supportdokumente.\r\n<h2 style=\"margin-bottom:20px\">Blockchain-\u00dcbersetzungsl\u00f6sungen, denen Sie vertrauen k\u00f6nnen<\/h2>\r\n<em><em>Trusted Translations<\/em><\/em> hat erfolgreich \u00fcbersetzt:\r\n<ul>\r\n \t<li>ICO- und Pre-ICO-Dokumentation und White Papers<\/li>\r\n \t<li>Blockchain-basierte dezentralisierte Apps<\/li>\r\n \t<li>Mehrsprachige Smart Contracts<\/li>\r\n \t<li>Inhalte im Zusammenhang mit Kryptow\u00e4hrungen<\/li>\r\n \t<li>Webseiten von Blockchain-basierten Startups<\/li>\r\n \t<li>Marketingmaterialien f\u00fcr Blockchain-Konferenzen<\/li>\r\n<\/ul>\r\nUnabh\u00e4ngig von der Art des Dokuments, dem Dateiformat oder dem Sprachpaar verf\u00fcgen wir \u00fcber die entsprechenden internen Kapazit\u00e4ten,\r\num uns um Ihr Projekt zu k\u00fcmmern. Dar\u00fcber hinaus sind wir bestrebt, die neueste Technologie in neuronalen und\r\nma\u00dfgeschneiderten Maschinen\u00fcbersetzungen zu integrieren, um Ihr Projekt skalierbar und erschwinglicher zu machen. Wir stellen kostenlose\r\nAngebote und Projektmanagement zur Verf\u00fcgung, selbst f\u00fcr die komplexesten Projekte. Z\u00f6gern Sie bitte nicht,\r\nuns heute zu kontaktieren."},"state":{"type":"textfield","raw":""},"city":{"type":"textarea","raw":[]}}},"_links":{"self":[{"href":"https:\/\/www.trustedtranslations.com\/de\/wp-json\/wp\/v2\/pages\/129247","targetHints":{"allow":["GET"]}}],"collection":[{"href":"https:\/\/www.trustedtranslations.com\/de\/wp-json\/wp\/v2\/pages"}],"about":[{"href":"https:\/\/www.trustedtranslations.com\/de\/wp-json\/wp\/v2\/types\/page"}],"author":[{"embeddable":true,"href":"https:\/\/www.trustedtranslations.com\/de\/wp-json\/wp\/v2\/users\/1"}],"replies":[{"embeddable":true,"href":"https:\/\/www.trustedtranslations.com\/de\/wp-json\/wp\/v2\/comments?post=129247"}],"version-history":[{"count":0,"href":"https:\/\/www.trustedtranslations.com\/de\/wp-json\/wp\/v2\/pages\/129247\/revisions"}],"up":[{"embeddable":true,"href":"https:\/\/www.trustedtranslations.com\/de\/wp-json\/wp\/v2\/pages\/129502"}],"wp:featuredmedia":[{"embeddable":true,"href":"https:\/\/www.trustedtranslations.com\/de\/wp-json\/wp\/v2\/media\/139628"}],"wp:attachment":[{"href":"https:\/\/www.trustedtranslations.com\/de\/wp-json\/wp\/v2\/media?parent=129247"}],"curies":[{"name":"wp","href":"https:\/\/api.w.org\/{rel}","templated":true}]}}