{"id":129250,"date":"2018-12-07T17:29:46","date_gmt":"2018-12-07T17:29:46","guid":{"rendered":"https:\/\/www.trustedtranslations.com\/?page_id=129250"},"modified":"2023-05-09T20:56:27","modified_gmt":"2023-05-09T23:56:27","slug":"mail","status":"publish","type":"page","link":"https:\/\/www.trustedtranslations.com\/de\/mail","title":{"rendered":"Angebotsbest\u00e4tigung f\u00fcr {FIRST_NAME}"},"content":{"rendered":"<p><!-- BEGIN: main --><\/p>\n<table border=\"0\" width=\"759\">\n<tbody>\n<tr>\n<td align=\"left\" valign=\"bottom\" width=\"505\" height=\"75\"><a href=\"https:\/\/ubersetzung.trustedtranslations.com\"><br \/><img decoding=\"async\" src=\"https:\/\/www.trustedtranslations.com\/wp-content\/uploads\/img\/trusted-translations.png\" alt=\"<em><em>Trusted Translations<\/em><\/em>&#8220; width=&#8220;232&#8243; border=&#8220;0&#8243; \/><br \/><\/a><\/td>\n<td align=\"right\" valign=\"bottom\" width=\"259\"><img decoding=\"async\" src=\"https:\/\/www.trustedtranslations.com\/wp-content\/uploads\/img\/phone-mail.gif\" usemap=\"#Map\" width=\"250\" height=\"35\" border=\"0\" \/><\/td>\n<\/tr>\n<tr>\n<td colspan=\"2\" height=\"411\">\n<p style=\"color: #0b226c; font-family: 'Lucida Grande', 'Lucida Sans Unicode', 'Verdana' , sans-serif; font-size: 13px; line-height: 17px; margin-bottom: 0px;\"><strong>Lieber {FIRST_NAME}<\/strong><\/p>\n<p style=\"color: #0b226c; font-family: 'Lucida Grande', 'Lucida Sans Unicode', 'Verdana' , sans-serif; font-size: 13px; line-height: 17px; margin-bottom: 0px;\">Vielen Dank f\u00fcr Ihre Kontaktaufnahme mit uns bei <strong><em><em>Trusted Translations<\/em><\/em><\/strong>.<\/p>\n<p style=\"color: #0b226c; font-family: 'Lucida Grande', 'Lucida Sans Unicode', 'Verdana' , sans-serif; font-size: 13px; line-height: 17px; margin-bottom: 0px;\">Ihre Anfrage wurde einem unserer Kundenbetreuer zugeteilt, der ein Angebot auf Ihre spezifischen Bed\u00fcrfnisse zuschneidet.<\/p>\n<p style=\"color: #0b226c; font-family: 'Lucida Grande', 'Lucida Sans Unicode', 'Verdana' , sans-serif; font-size: 13px; line-height: 17px; margin-bottom: 0px;\">Wenn unser Team Fragen zu Ihren Anforderungen hat, wird sich der Kundenbetreuer in K\u00fcrze mit Ihnen in Verbindung setzen. Wenn Sie mit einem unserer Kundenbetreuer sprechen m\u00f6chten, z\u00f6gern Sie bitte nicht, uns unter der Telefonnummer +1 (877) 255-0717 anzurufen.<\/p>\n<p style=\"color: #0b226c; font-family: 'Lucida Grande', 'Lucida Sans Unicode', 'Verdana' , sans-serif; font-size: 13px; line-height: 17px; margin-bottom: 0px;\">Wir freuen uns, Ihnen behilflich sein zu k\u00f6nnen und Ihr bevorzugter Sprachdienstleister zu sein.<\/p>\n<p style=\"color: #0b226c; font-family: 'Lucida Grande', 'Lucida Sans Unicode', 'Verdana' , sans-serif; font-size: 13px; line-height: 17px; margin-bottom: 0px;\">Mit freundlichen Gr\u00fc\u00dfen,<\/p>\n<p>&nbsp;<\/p>\n<table border=\"0\" width=\"500\" cellspacing=\"0\" cellpadding=\"0\">\n<tbody>\n<tr>\n<td style=\"padding-bottom: 15px;\" colspan=\"3\" width=\"500\"><img decoding=\"async\" src=\"https:\/\/www.trustedtranslations.com\/wp-content\/uploads\/img\/greydot.gif\" alt=\"-----------\" width=\"500\" height=\"2\" \/><\/td>\n<\/tr>\n<tr>\n<td style=\"font-size: 0;\" align=\"left\" width=\"12\"><\/td>\n<td valign=\"top\" width=\"473\">\n<table border=\"0\" width=\"473\" cellspacing=\"0\" cellpadding=\"0\">\n<tbody>\n<tr>\n<td valign=\"bottom\" width=\"313\">\n<p style=\"color: #0b226c; margin-top: 0px; font-family: 'Lucida Grande', 'Lucida Sans Unicode', 'Verdana' , sans-serif; font-size: 13px; line-height: 17px; margin-bottom: 0px;\"><b>Catherine Anderson<\/b><\/p>\n<p style=\"color: #0b226c; margin-top: 0px; font-family: 'Lucida Grande', 'Lucida Sans Unicode', 'Verdana' , sans-serif; font-size: 13px; line-height: 17px; margin-bottom: 0px;\">Client Relations<\/p>\n<p style=\"color: #0b226c; margin-top: 0px; font-family: 'Lucida Grande', 'Lucida Sans Unicode', 'Verdana' , sans-serif; font-size: 13px; line-height: 17px; margin-bottom: 0px;\"><em><em>Trusted Translations<\/em><\/em><\/p>\n<p style=\"color: #0b226c; margin-top: 0px; font-family: 'Lucida Grande', 'Lucida Sans Unicode', 'Verdana' , sans-serif; font-size: 13px; line-height: 17px; margin-bottom: 0px;\"><a style=\"color: #0b226c; font-family: 'Lucida Grande', 'Lucida Sans Unicode', 'Verdana' , sans-serif; font-size: 13px; line-height: 17px;\" href=\"https:\/\/www.trustedtranslations.com\/de\">https:\/\/www.trustedtranslations.com<\/a><\/p>\n<p style=\"color: #0b226c; margin-top: 0px; font-family: 'Lucida Grande', 'Lucida Sans Unicode', 'Verdana' , sans-serif; font-size: 13px; line-height: 17px; margin-bottom: 0px;\"><a style=\"color: #0b226c; font-family: 'Lucida Grande', 'Lucida Sans Unicode', 'Verdana' , sans-serif; font-size: 13px; line-height: 17px;\" href=\"m&#97;&#x69;&#x6c;t&#111;&#x3a;&#x61;n&#115;&#x77;&#x65;r&#64;&#x74;&#x72;u&#115;&#x74;&#x65;d&#116;&#114;&#x61;&#x6e;s&#108;&#x61;&#x74;i&#111;&#x6e;&#x73;&#46;&#99;&#x6f;&#x6d;\">&#x61;&#x6e;&#x73;&#x77;&#x65;&#114;&#64;&#116;&#114;ust&#x65;&#x64;&#x74;&#x72;&#x61;&#x6e;&#115;&#108;&#97;tio&#x6e;&#x73;&#x2e;&#x63;&#x6f;&#x6d;<\/a><\/p>\n<p style=\"color: #0b226c; margin-top: 0px; font-family: 'Lucida Grande', 'Lucida Sans Unicode', 'Verdana' , sans-serif; font-size: 13px; line-height: 17px; margin-bottom: 0px;\">Phone: +1 (877) 255-0717<\/p>\n<p style=\"color: #0b226c; margin-top: 0px; font-family: 'Lucida Grande', 'Lucida Sans Unicode', 'Verdana' , sans-serif; font-size: 13px; line-height: 17px; margin-bottom: 0px;\">Fax: +1 (888) 883-6408<\/p>\n<\/td>\n<td align=\"left\" valign=\"top\" width=\"160\"><img decoding=\"async\" src=\"https:\/\/www.trustedtranslations.com\/wp-content\/uploads\/img\/logo4email.jpg\" alt=\"<em><em>Trusted Translations<\/em><\/em> Logo&#8220; width=&#8220;150&#8243; \/><\/td>\n<\/tr>\n<tr>\n<td colspan=\"2\"><\/td>\n<\/tr>\n<\/tbody>\n<\/table>\n<\/td>\n<td style=\"font-size: 0;\" width=\"4\"><\/td>\n<\/tr>\n<tr>\n<td style=\"padding-top: 15px;\" colspan=\"3\" width=\"500\"><img decoding=\"async\" src=\"https:\/\/www.trustedtranslations.com\/wp-content\/uploads\/img\/greydot.gif\" alt=\"-----------\" width=\"500\" height=\"2\" \/><\/td>\n<\/tr>\n<\/tbody>\n<\/table>\n<p>&nbsp;<\/td>\n<\/tr>\n<\/tbody>\n<\/table>\n<map name=\"Map\">\n<area alt=\"Contact Us!\" coords=\"52,20,250,38\" shape=\"rect\" href=\"m&#97;&#x69;&#x6c;t&#111;&#58;&#x61;&#x6e;s&#119;&#101;&#x72;&#x40;t&#114;&#x75;&#x73;&#x74;e&#100;&#x74;&#x72;a&#110;&#115;&#x6c;&#x61;t&#105;&#111;&#x6e;&#x73;&#46;&#99;&#x6f;&#x6d;\" \/> <\/map>\n<p><!-- END: main --><\/p>\n","protected":false},"excerpt":{"rendered":"\u00a0\n","protected":false},"author":1,"featured_media":160117,"parent":0,"menu_order":0,"comment_status":"closed","ping_status":"closed","template":"","meta":{"site-sidebar-layout":"default","site-content-layout":"","ast-site-content-layout":"default","site-content-style":"default","site-sidebar-style":"default","ast-global-header-display":"","ast-banner-title-visibility":"","ast-main-header-display":"","ast-hfb-above-header-display":"","ast-hfb-below-header-display":"","ast-hfb-mobile-header-display":"","site-post-title":"disabled","ast-breadcrumbs-content":"","ast-featured-img":"","footer-sml-layout":"","ast-disable-related-posts":"","theme-transparent-header-meta":"","adv-header-id-meta":null,"stick-header-meta":null,"header-above-stick-meta":null,"header-main-stick-meta":null,"header-below-stick-meta":null,"astra-migrate-meta-layouts":"default","ast-page-background-enabled":"default","ast-page-background-meta":{"desktop":{"background-color":"var(--ast-global-color-4)","background-image":"","background-repeat":"repeat","background-position":"center center","background-size":"auto","background-attachment":"scroll","background-type":"","background-media":"","overlay-type":"","overlay-color":"","overlay-opacity":"","overlay-gradient":""},"tablet":{"background-color":"","background-image":"","background-repeat":"repeat","background-position":"center center","background-size":"auto","background-attachment":"scroll","background-type":"","background-media":"","overlay-type":"","overlay-color":"","overlay-opacity":"","overlay-gradient":""},"mobile":{"background-color":"","background-image":"","background-repeat":"repeat","background-position":"center center","background-size":"auto","background-attachment":"scroll","background-type":"","background-media":"","overlay-type":"","overlay-color":"","overlay-opacity":"","overlay-gradient":""}},"ast-content-background-meta":{"desktop":{"background-color":"var(--ast-global-color-5)","background-image":"","background-repeat":"repeat","background-position":"center center","background-size":"auto","background-attachment":"scroll","background-type":"","background-media":"","overlay-type":"","overlay-color":"","overlay-opacity":"","overlay-gradient":""},"tablet":{"background-color":"var(--ast-global-color-5)","background-image":"","background-repeat":"repeat","background-position":"center center","background-size":"auto","background-attachment":"scroll","background-type":"","background-media":"","overlay-type":"","overlay-color":"","overlay-opacity":"","overlay-gradient":""},"mobile":{"background-color":"var(--ast-global-color-5)","background-image":"","background-repeat":"repeat","background-position":"center center","background-size":"auto","background-attachment":"scroll","background-type":"","background-media":"","overlay-type":"","overlay-color":"","overlay-opacity":"","overlay-gradient":""}},"footnotes":""},"class_list":["post-129250","page","type-page","status-publish","has-post-thumbnail","hentry"],"yoast_head":"<!-- This site is optimized with the Yoast SEO plugin v27.3 - https:\/\/yoast.com\/product\/yoast-seo-wordpress\/ -->\n<title>Angebotsbest\u00e4tigung f\u00fcr {FIRST_NAME} - Trusted Translations, Inc.<\/title>\n<meta name=\"robots\" content=\"noindex, nofollow\" \/>\n<meta property=\"og:locale\" content=\"de_DE\" \/>\n<meta property=\"og:type\" content=\"article\" \/>\n<meta property=\"og:title\" content=\"Angebotsbest\u00e4tigung f\u00fcr {FIRST_NAME} - Trusted Translations, Inc.\" \/>\n<meta property=\"og:description\" content=\"&nbsp;\" \/>\n<meta property=\"og:url\" content=\"https:\/\/www.trustedtranslations.com\/de\/mail\" \/>\n<meta property=\"og:site_name\" content=\"Trusted Translations, Inc.\" \/>\n<meta property=\"article:publisher\" content=\"https:\/\/www.facebook.com\/Trusted.Translations\" \/>\n<meta property=\"article:modified_time\" content=\"2023-05-09T23:56:27+00:00\" \/>\n<meta property=\"og:image\" content=\"https:\/\/static.trustedtranslations.com\/wp-content\/uploads\/2022\/08\/TT_NEW_FB-1.png\" \/>\n\t<meta property=\"og:image:width\" content=\"1\" \/>\n\t<meta property=\"og:image:height\" content=\"1\" \/>\n\t<meta property=\"og:image:type\" content=\"image\/jpeg\" \/>\n<meta name=\"twitter:card\" content=\"summary_large_image\" \/>\n<meta name=\"twitter:site\" content=\"@TrustedT9ns\" \/>\n<script type=\"application\/ld+json\" class=\"yoast-schema-graph\">{\"@context\":\"https:\\\/\\\/schema.org\",\"@graph\":[{\"@type\":\"WebPage\",\"@id\":\"https:\\\/\\\/www.trustedtranslations.com\\\/de\\\/mail\",\"url\":\"https:\\\/\\\/www.trustedtranslations.com\\\/de\\\/mail\",\"name\":\"Angebotsbest\u00e4tigung f\u00fcr {FIRST_NAME} - Trusted Translations, Inc.\",\"isPartOf\":{\"@id\":\"https:\\\/\\\/www.trustedtranslations.com\\\/de\\\/#website\"},\"primaryImageOfPage\":{\"@id\":\"https:\\\/\\\/www.trustedtranslations.com\\\/de\\\/mail#primaryimage\"},\"image\":{\"@id\":\"https:\\\/\\\/www.trustedtranslations.com\\\/de\\\/mail#primaryimage\"},\"thumbnailUrl\":\"https:\\\/\\\/www.trustedtranslations.com\\\/wp-content\\\/uploads\\\/2022\\\/08\\\/TT_NEW_FB-1.png\",\"breadcrumb\":{\"@id\":\"https:\\\/\\\/www.trustedtranslations.com\\\/de\\\/mail#breadcrumb\"},\"inLanguage\":\"de\",\"potentialAction\":[{\"@type\":\"ReadAction\",\"target\":[\"https:\\\/\\\/www.trustedtranslations.com\\\/de\\\/mail\"]}]},{\"@type\":\"ImageObject\",\"inLanguage\":\"de\",\"@id\":\"https:\\\/\\\/www.trustedtranslations.com\\\/de\\\/mail#primaryimage\",\"url\":\"https:\\\/\\\/www.trustedtranslations.com\\\/wp-content\\\/uploads\\\/2022\\\/08\\\/TT_NEW_FB-1.png\",\"contentUrl\":\"https:\\\/\\\/www.trustedtranslations.com\\\/wp-content\\\/uploads\\\/2022\\\/08\\\/TT_NEW_FB-1.png\",\"caption\":\"TT NEW FB 1\"},{\"@type\":\"BreadcrumbList\",\"@id\":\"https:\\\/\\\/www.trustedtranslations.com\\\/de\\\/mail#breadcrumb\",\"itemListElement\":[{\"@type\":\"ListItem\",\"position\":1,\"name\":\"Home\",\"item\":\"https:\\\/\\\/www.trustedtranslations.com\\\/de\"},{\"@type\":\"ListItem\",\"position\":2,\"name\":\"Angebotsbest\u00e4tigung f\u00fcr {FIRST_NAME}\"}]},{\"@type\":\"WebSite\",\"@id\":\"https:\\\/\\\/www.trustedtranslations.com\\\/de\\\/#website\",\"url\":\"https:\\\/\\\/www.trustedtranslations.com\\\/de\\\/\",\"name\":\"Trusted Translations, Inc.\",\"description\":\"Leader in translation and interpretation services.\",\"publisher\":{\"@id\":\"https:\\\/\\\/www.trustedtranslations.com\\\/de\\\/#organization\"},\"alternateName\":\"Trusted Translations\",\"potentialAction\":[{\"@type\":\"SearchAction\",\"target\":{\"@type\":\"EntryPoint\",\"urlTemplate\":\"https:\\\/\\\/www.trustedtranslations.com\\\/de\\\/?s={search_term_string}\"},\"query-input\":{\"@type\":\"PropertyValueSpecification\",\"valueRequired\":true,\"valueName\":\"search_term_string\"}}],\"inLanguage\":\"de\"},{\"@type\":\"Organization\",\"@id\":\"https:\\\/\\\/www.trustedtranslations.com\\\/de\\\/#organization\",\"name\":\"Trusted Translations\",\"alternateName\":\"Trusted Translations, Inc.\",\"url\":\"https:\\\/\\\/www.trustedtranslations.com\\\/de\\\/\",\"logo\":{\"@type\":\"ImageObject\",\"inLanguage\":\"de\",\"@id\":\"https:\\\/\\\/www.trustedtranslations.com\\\/de\\\/#\\\/schema\\\/logo\\\/image\\\/\",\"url\":\"https:\\\/\\\/static.trustedtranslations.com\\\/wp-content\\\/uploads\\\/2022\\\/01\\\/TT_logo_WSIColors-2.png\",\"contentUrl\":\"https:\\\/\\\/static.trustedtranslations.com\\\/wp-content\\\/uploads\\\/2022\\\/01\\\/TT_logo_WSIColors-2.png\",\"width\":500,\"height\":196,\"caption\":\"Trusted Translations\"},\"image\":{\"@id\":\"https:\\\/\\\/www.trustedtranslations.com\\\/de\\\/#\\\/schema\\\/logo\\\/image\\\/\"},\"sameAs\":[\"https:\\\/\\\/www.facebook.com\\\/Trusted.Translations\",\"https:\\\/\\\/x.com\\\/TrustedT9ns\",\"https:\\\/\\\/www.linkedin.com\\\/company\\\/trusted-translations\"]}]}<\/script>\n<!-- \/ Yoast SEO plugin. -->","yoast_head_json":{"title":"Angebotsbest\u00e4tigung f\u00fcr {FIRST_NAME} - Trusted Translations, Inc.","robots":{"index":"noindex","follow":"nofollow"},"og_locale":"de_DE","og_type":"article","og_title":"Angebotsbest\u00e4tigung f\u00fcr {FIRST_NAME} - Trusted Translations, Inc.","og_description":"&nbsp;","og_url":"https:\/\/www.trustedtranslations.com\/de\/mail","og_site_name":"Trusted Translations, Inc.","article_publisher":"https:\/\/www.facebook.com\/Trusted.Translations","article_modified_time":"2023-05-09T23:56:27+00:00","og_image":[{"url":"https:\/\/static.trustedtranslations.com\/wp-content\/uploads\/2022\/08\/TT_NEW_FB-1.png","width":1,"height":1,"type":"image\/jpeg"}],"twitter_card":"summary_large_image","twitter_site":"@TrustedT9ns","schema":{"@context":"https:\/\/schema.org","@graph":[{"@type":"WebPage","@id":"https:\/\/www.trustedtranslations.com\/de\/mail","url":"https:\/\/www.trustedtranslations.com\/de\/mail","name":"Angebotsbest\u00e4tigung f\u00fcr {FIRST_NAME} - Trusted Translations, Inc.","isPartOf":{"@id":"https:\/\/www.trustedtranslations.com\/de\/#website"},"primaryImageOfPage":{"@id":"https:\/\/www.trustedtranslations.com\/de\/mail#primaryimage"},"image":{"@id":"https:\/\/www.trustedtranslations.com\/de\/mail#primaryimage"},"thumbnailUrl":"https:\/\/www.trustedtranslations.com\/wp-content\/uploads\/2022\/08\/TT_NEW_FB-1.png","breadcrumb":{"@id":"https:\/\/www.trustedtranslations.com\/de\/mail#breadcrumb"},"inLanguage":"de","potentialAction":[{"@type":"ReadAction","target":["https:\/\/www.trustedtranslations.com\/de\/mail"]}]},{"@type":"ImageObject","inLanguage":"de","@id":"https:\/\/www.trustedtranslations.com\/de\/mail#primaryimage","url":"https:\/\/www.trustedtranslations.com\/wp-content\/uploads\/2022\/08\/TT_NEW_FB-1.png","contentUrl":"https:\/\/www.trustedtranslations.com\/wp-content\/uploads\/2022\/08\/TT_NEW_FB-1.png","caption":"TT NEW FB 1"},{"@type":"BreadcrumbList","@id":"https:\/\/www.trustedtranslations.com\/de\/mail#breadcrumb","itemListElement":[{"@type":"ListItem","position":1,"name":"Home","item":"https:\/\/www.trustedtranslations.com\/de"},{"@type":"ListItem","position":2,"name":"Angebotsbest\u00e4tigung f\u00fcr {FIRST_NAME}"}]},{"@type":"WebSite","@id":"https:\/\/www.trustedtranslations.com\/de\/#website","url":"https:\/\/www.trustedtranslations.com\/de\/","name":"Trusted Translations, Inc.","description":"Leader in translation and interpretation services.","publisher":{"@id":"https:\/\/www.trustedtranslations.com\/de\/#organization"},"alternateName":"Trusted Translations","potentialAction":[{"@type":"SearchAction","target":{"@type":"EntryPoint","urlTemplate":"https:\/\/www.trustedtranslations.com\/de\/?s={search_term_string}"},"query-input":{"@type":"PropertyValueSpecification","valueRequired":true,"valueName":"search_term_string"}}],"inLanguage":"de"},{"@type":"Organization","@id":"https:\/\/www.trustedtranslations.com\/de\/#organization","name":"Trusted Translations","alternateName":"Trusted Translations, Inc.","url":"https:\/\/www.trustedtranslations.com\/de\/","logo":{"@type":"ImageObject","inLanguage":"de","@id":"https:\/\/www.trustedtranslations.com\/de\/#\/schema\/logo\/image\/","url":"https:\/\/static.trustedtranslations.com\/wp-content\/uploads\/2022\/01\/TT_logo_WSIColors-2.png","contentUrl":"https:\/\/static.trustedtranslations.com\/wp-content\/uploads\/2022\/01\/TT_logo_WSIColors-2.png","width":500,"height":196,"caption":"Trusted Translations"},"image":{"@id":"https:\/\/www.trustedtranslations.com\/de\/#\/schema\/logo\/image\/"},"sameAs":["https:\/\/www.facebook.com\/Trusted.Translations","https:\/\/x.com\/TrustedT9ns","https:\/\/www.linkedin.com\/company\/trusted-translations"]}]}},"toolset-meta":{"dyk":{"mensaje-1":{"type":"textfield","raw":""},"mensaje-2":{"type":"textfield","raw":""},"mensaje-3":{"type":"textfield","raw":""},"mensaje-4":{"type":"textfield","raw":""},"mensaje-5":{"type":"textfield","raw":""},"mensaje-6":{"type":"textfield","raw":""}},"single-page-template-fields":{"imgs-temp":{"type":"image","raw":[],"repeatable":[]},"imgs-temp-cel":{"type":"image","raw":[],"repeatable":[]},"img-temp-one-cel":{"type":"image","raw":"","attachment_id":null},"quotes":{"type":"textarea","raw":""},"text-1":{"type":"textarea","raw":""},"shortcode-map":{"type":"textfield","raw":""},"dyk-shortcode":{"type":"textfield","raw":""},"text-2":{"type":"textarea","raw":""},"state":{"type":"textfield","raw":""},"city":{"type":"textarea","raw":[]}}},"_links":{"self":[{"href":"https:\/\/www.trustedtranslations.com\/de\/wp-json\/wp\/v2\/pages\/129250","targetHints":{"allow":["GET"]}}],"collection":[{"href":"https:\/\/www.trustedtranslations.com\/de\/wp-json\/wp\/v2\/pages"}],"about":[{"href":"https:\/\/www.trustedtranslations.com\/de\/wp-json\/wp\/v2\/types\/page"}],"author":[{"embeddable":true,"href":"https:\/\/www.trustedtranslations.com\/de\/wp-json\/wp\/v2\/users\/1"}],"replies":[{"embeddable":true,"href":"https:\/\/www.trustedtranslations.com\/de\/wp-json\/wp\/v2\/comments?post=129250"}],"version-history":[{"count":0,"href":"https:\/\/www.trustedtranslations.com\/de\/wp-json\/wp\/v2\/pages\/129250\/revisions"}],"wp:featuredmedia":[{"embeddable":true,"href":"https:\/\/www.trustedtranslations.com\/de\/wp-json\/wp\/v2\/media\/160117"}],"wp:attachment":[{"href":"https:\/\/www.trustedtranslations.com\/de\/wp-json\/wp\/v2\/media?parent=129250"}],"curies":[{"name":"wp","href":"https:\/\/api.w.org\/{rel}","templated":true}]}}