{"id":129315,"date":"2018-11-21T18:49:00","date_gmt":"2018-11-21T18:49:00","guid":{"rendered":"https:\/\/www.trustedtranslations.com\/?page_id=129315"},"modified":"2025-11-21T11:11:43","modified_gmt":"2025-11-21T14:11:43","slug":"miami","status":"publish","type":"page","link":"https:\/\/www.trustedtranslations.com\/de\/ueber-uns\/kontakt\/miami","title":{"rendered":"Miami"},"content":{"rendered":"","protected":false},"excerpt":{"rendered":"","protected":false},"author":1,"featured_media":256695,"parent":129347,"menu_order":0,"comment_status":"closed","ping_status":"closed","template":"","meta":{"site-sidebar-layout":"default","site-content-layout":"default","ast-site-content-layout":"default","site-content-style":"default","site-sidebar-style":"default","ast-global-header-display":"","ast-banner-title-visibility":"","ast-main-header-display":"","ast-hfb-above-header-display":"","ast-hfb-below-header-display":"","ast-hfb-mobile-header-display":"","site-post-title":"disabled","ast-breadcrumbs-content":"","ast-featured-img":"","footer-sml-layout":"","ast-disable-related-posts":"","theme-transparent-header-meta":"default","adv-header-id-meta":"","stick-header-meta":"","header-above-stick-meta":"","header-main-stick-meta":"","header-below-stick-meta":"","astra-migrate-meta-layouts":"set","ast-page-background-enabled":"default","ast-page-background-meta":{"desktop":{"background-color":"var(--ast-global-color-4)","background-image":"","background-repeat":"repeat","background-position":"center center","background-size":"auto","background-attachment":"scroll","background-type":"","background-media":"","overlay-type":"","overlay-color":"","overlay-opacity":"","overlay-gradient":""},"tablet":{"background-color":"","background-image":"","background-repeat":"repeat","background-position":"center center","background-size":"auto","background-attachment":"scroll","background-type":"","background-media":"","overlay-type":"","overlay-color":"","overlay-opacity":"","overlay-gradient":""},"mobile":{"background-color":"","background-image":"","background-repeat":"repeat","background-position":"center center","background-size":"auto","background-attachment":"scroll","background-type":"","background-media":"","overlay-type":"","overlay-color":"","overlay-opacity":"","overlay-gradient":""}},"ast-content-background-meta":{"desktop":{"background-color":"var(--ast-global-color-5)","background-image":"","background-repeat":"repeat","background-position":"center center","background-size":"auto","background-attachment":"scroll","background-type":"","background-media":"","overlay-type":"","overlay-color":"","overlay-opacity":"","overlay-gradient":""},"tablet":{"background-color":"var(--ast-global-color-5)","background-image":"","background-repeat":"repeat","background-position":"center center","background-size":"auto","background-attachment":"scroll","background-type":"","background-media":"","overlay-type":"","overlay-color":"","overlay-opacity":"","overlay-gradient":""},"mobile":{"background-color":"var(--ast-global-color-5)","background-image":"","background-repeat":"repeat","background-position":"center center","background-size":"auto","background-attachment":"scroll","background-type":"","background-media":"","overlay-type":"","overlay-color":"","overlay-opacity":"","overlay-gradient":""}},"footnotes":""},"class_list":["post-129315","page","type-page","status-publish","has-post-thumbnail","hentry"],"yoast_head":"<!-- This site is optimized with the Yoast SEO plugin v27.3 - https:\/\/yoast.com\/product\/yoast-seo-wordpress\/ -->\n<title>\u00dcbersetzungsdienstleistungen in Miami \u2013 Marktf\u00fchrer f\u00fcr \u00dcbersetzungen in Florida<\/title>\n<meta name=\"description\" content=\"Trusted Translation, Inc. Miami, Florida. Bew\u00e4hrte, qualitativ hochwertige \u00dcbersetzungsdienstleistungen zu den besten Preisen. Fordern Sie ein kostenloses Angebot oder eine Beratung an. Kontaktieren Sie uns heute.\" \/>\n<meta name=\"robots\" content=\"index, follow, max-snippet:-1, max-image-preview:large, max-video-preview:-1\" \/>\n<link rel=\"canonical\" href=\"https:\/\/www.trustedtranslations.com\/de\/ueber-uns\/kontakt\/miami\" \/>\n<meta property=\"og:locale\" content=\"de_DE\" \/>\n<meta property=\"og:type\" content=\"article\" \/>\n<meta property=\"og:title\" content=\"\u00dcbersetzungsdienstleistungen in Miami \u2013 Marktf\u00fchrer f\u00fcr \u00dcbersetzungen in Florida\" \/>\n<meta property=\"og:description\" content=\"Trusted Translation, Inc. Miami, Florida. Bew\u00e4hrte, qualitativ hochwertige \u00dcbersetzungsdienstleistungen zu den besten Preisen. Fordern Sie ein kostenloses Angebot oder eine Beratung an. Kontaktieren Sie uns heute.\" \/>\n<meta property=\"og:url\" content=\"https:\/\/www.trustedtranslations.com\/de\/ueber-uns\/kontakt\/miami\" \/>\n<meta property=\"og:site_name\" content=\"Trusted Translations, Inc.\" \/>\n<meta property=\"article:publisher\" content=\"https:\/\/www.facebook.com\/Trusted.Translations\" \/>\n<meta property=\"article:modified_time\" content=\"2025-11-21T14:11:43+00:00\" \/>\n<meta property=\"og:image\" content=\"https:\/\/www.trustedtranslations.com\/wp-content\/uploads\/2024\/05\/miami-final-1-1.webp\" \/>\n\t<meta property=\"og:image:width\" content=\"600\" \/>\n\t<meta property=\"og:image:height\" content=\"400\" \/>\n\t<meta property=\"og:image:type\" content=\"image\/webp\" \/>\n<meta name=\"twitter:card\" content=\"summary_large_image\" \/>\n<meta name=\"twitter:site\" content=\"@TrustedT9ns\" \/>\n<script type=\"application\/ld+json\" class=\"yoast-schema-graph\">{\"@context\":\"https:\\\/\\\/schema.org\",\"@graph\":[{\"@type\":\"WebPage\",\"@id\":\"https:\\\/\\\/www.trustedtranslations.com\\\/de\\\/ueber-uns\\\/kontakt\\\/miami\",\"url\":\"https:\\\/\\\/www.trustedtranslations.com\\\/de\\\/ueber-uns\\\/kontakt\\\/miami\",\"name\":\"\u00dcbersetzungsdienstleistungen in Miami \u2013 Marktf\u00fchrer f\u00fcr \u00dcbersetzungen in Florida\",\"isPartOf\":{\"@id\":\"https:\\\/\\\/www.trustedtranslations.com\\\/de\\\/#website\"},\"primaryImageOfPage\":{\"@id\":\"https:\\\/\\\/www.trustedtranslations.com\\\/de\\\/ueber-uns\\\/kontakt\\\/miami#primaryimage\"},\"image\":{\"@id\":\"https:\\\/\\\/www.trustedtranslations.com\\\/de\\\/ueber-uns\\\/kontakt\\\/miami#primaryimage\"},\"thumbnailUrl\":\"https:\\\/\\\/www.trustedtranslations.com\\\/wp-content\\\/uploads\\\/2024\\\/05\\\/miami-final-1-1.webp\",\"description\":\"Trusted Translation, Inc. Miami, Florida. Bew\u00e4hrte, qualitativ hochwertige \u00dcbersetzungsdienstleistungen zu den besten Preisen. Fordern Sie ein kostenloses Angebot oder eine Beratung an. Kontaktieren Sie uns heute.\",\"breadcrumb\":{\"@id\":\"https:\\\/\\\/www.trustedtranslations.com\\\/de\\\/ueber-uns\\\/kontakt\\\/miami#breadcrumb\"},\"inLanguage\":\"de\",\"potentialAction\":[{\"@type\":\"ReadAction\",\"target\":[\"https:\\\/\\\/www.trustedtranslations.com\\\/de\\\/ueber-uns\\\/kontakt\\\/miami\"]}]},{\"@type\":\"ImageObject\",\"inLanguage\":\"de\",\"@id\":\"https:\\\/\\\/www.trustedtranslations.com\\\/de\\\/ueber-uns\\\/kontakt\\\/miami#primaryimage\",\"url\":\"https:\\\/\\\/www.trustedtranslations.com\\\/wp-content\\\/uploads\\\/2024\\\/05\\\/miami-final-1-1.webp\",\"contentUrl\":\"https:\\\/\\\/www.trustedtranslations.com\\\/wp-content\\\/uploads\\\/2024\\\/05\\\/miami-final-1-1.webp\",\"width\":600,\"height\":400,\"caption\":\"miami final 1 1\"},{\"@type\":\"BreadcrumbList\",\"@id\":\"https:\\\/\\\/www.trustedtranslations.com\\\/de\\\/ueber-uns\\\/kontakt\\\/miami#breadcrumb\",\"itemListElement\":[{\"@type\":\"ListItem\",\"position\":1,\"name\":\"Home\",\"item\":\"https:\\\/\\\/www.trustedtranslations.com\\\/de\"},{\"@type\":\"ListItem\",\"position\":2,\"name\":\"\u00dcber uns\",\"item\":\"https:\\\/\\\/www.trustedtranslations.com\\\/de\\\/ueber-uns\"},{\"@type\":\"ListItem\",\"position\":3,\"name\":\"Kontakt\",\"item\":\"https:\\\/\\\/www.trustedtranslations.com\\\/de\\\/ueber-uns\\\/kontakt\"},{\"@type\":\"ListItem\",\"position\":4,\"name\":\"Miami\"}]},{\"@type\":\"WebSite\",\"@id\":\"https:\\\/\\\/www.trustedtranslations.com\\\/de\\\/#website\",\"url\":\"https:\\\/\\\/www.trustedtranslations.com\\\/de\\\/\",\"name\":\"Trusted Translations, Inc.\",\"description\":\"Leader in translation and interpretation services.\",\"publisher\":{\"@id\":\"https:\\\/\\\/www.trustedtranslations.com\\\/de\\\/#organization\"},\"alternateName\":\"Trusted Translations\",\"potentialAction\":[{\"@type\":\"SearchAction\",\"target\":{\"@type\":\"EntryPoint\",\"urlTemplate\":\"https:\\\/\\\/www.trustedtranslations.com\\\/de\\\/?s={search_term_string}\"},\"query-input\":{\"@type\":\"PropertyValueSpecification\",\"valueRequired\":true,\"valueName\":\"search_term_string\"}}],\"inLanguage\":\"de\"},{\"@type\":\"Organization\",\"@id\":\"https:\\\/\\\/www.trustedtranslations.com\\\/de\\\/#organization\",\"name\":\"Trusted Translations\",\"alternateName\":\"Trusted Translations, Inc.\",\"url\":\"https:\\\/\\\/www.trustedtranslations.com\\\/de\\\/\",\"logo\":{\"@type\":\"ImageObject\",\"inLanguage\":\"de\",\"@id\":\"https:\\\/\\\/www.trustedtranslations.com\\\/de\\\/#\\\/schema\\\/logo\\\/image\\\/\",\"url\":\"https:\\\/\\\/static.trustedtranslations.com\\\/wp-content\\\/uploads\\\/2022\\\/01\\\/TT_logo_WSIColors-2.png\",\"contentUrl\":\"https:\\\/\\\/static.trustedtranslations.com\\\/wp-content\\\/uploads\\\/2022\\\/01\\\/TT_logo_WSIColors-2.png\",\"width\":500,\"height\":196,\"caption\":\"Trusted Translations\"},\"image\":{\"@id\":\"https:\\\/\\\/www.trustedtranslations.com\\\/de\\\/#\\\/schema\\\/logo\\\/image\\\/\"},\"sameAs\":[\"https:\\\/\\\/www.facebook.com\\\/Trusted.Translations\",\"https:\\\/\\\/x.com\\\/TrustedT9ns\",\"https:\\\/\\\/www.linkedin.com\\\/company\\\/trusted-translations\"]}]}<\/script>\n<!-- \/ Yoast SEO plugin. -->","yoast_head_json":{"title":"\u00dcbersetzungsdienstleistungen in Miami \u2013 Marktf\u00fchrer f\u00fcr \u00dcbersetzungen in Florida","description":"Trusted Translation, Inc. Miami, Florida. Bew\u00e4hrte, qualitativ hochwertige \u00dcbersetzungsdienstleistungen zu den besten Preisen. Fordern Sie ein kostenloses Angebot oder eine Beratung an. Kontaktieren Sie uns heute.","robots":{"index":"index","follow":"follow","max-snippet":"max-snippet:-1","max-image-preview":"max-image-preview:large","max-video-preview":"max-video-preview:-1"},"canonical":"https:\/\/www.trustedtranslations.com\/de\/ueber-uns\/kontakt\/miami","og_locale":"de_DE","og_type":"article","og_title":"\u00dcbersetzungsdienstleistungen in Miami \u2013 Marktf\u00fchrer f\u00fcr \u00dcbersetzungen in Florida","og_description":"Trusted Translation, Inc. Miami, Florida. Bew\u00e4hrte, qualitativ hochwertige \u00dcbersetzungsdienstleistungen zu den besten Preisen. Fordern Sie ein kostenloses Angebot oder eine Beratung an. Kontaktieren Sie uns heute.","og_url":"https:\/\/www.trustedtranslations.com\/de\/ueber-uns\/kontakt\/miami","og_site_name":"Trusted Translations, Inc.","article_publisher":"https:\/\/www.facebook.com\/Trusted.Translations","article_modified_time":"2025-11-21T14:11:43+00:00","og_image":[{"width":600,"height":400,"url":"https:\/\/www.trustedtranslations.com\/wp-content\/uploads\/2024\/05\/miami-final-1-1.webp","type":"image\/webp"}],"twitter_card":"summary_large_image","twitter_site":"@TrustedT9ns","schema":{"@context":"https:\/\/schema.org","@graph":[{"@type":"WebPage","@id":"https:\/\/www.trustedtranslations.com\/de\/ueber-uns\/kontakt\/miami","url":"https:\/\/www.trustedtranslations.com\/de\/ueber-uns\/kontakt\/miami","name":"\u00dcbersetzungsdienstleistungen in Miami \u2013 Marktf\u00fchrer f\u00fcr \u00dcbersetzungen in Florida","isPartOf":{"@id":"https:\/\/www.trustedtranslations.com\/de\/#website"},"primaryImageOfPage":{"@id":"https:\/\/www.trustedtranslations.com\/de\/ueber-uns\/kontakt\/miami#primaryimage"},"image":{"@id":"https:\/\/www.trustedtranslations.com\/de\/ueber-uns\/kontakt\/miami#primaryimage"},"thumbnailUrl":"https:\/\/www.trustedtranslations.com\/wp-content\/uploads\/2024\/05\/miami-final-1-1.webp","description":"Trusted Translation, Inc. Miami, Florida. Bew\u00e4hrte, qualitativ hochwertige \u00dcbersetzungsdienstleistungen zu den besten Preisen. Fordern Sie ein kostenloses Angebot oder eine Beratung an. Kontaktieren Sie uns heute.","breadcrumb":{"@id":"https:\/\/www.trustedtranslations.com\/de\/ueber-uns\/kontakt\/miami#breadcrumb"},"inLanguage":"de","potentialAction":[{"@type":"ReadAction","target":["https:\/\/www.trustedtranslations.com\/de\/ueber-uns\/kontakt\/miami"]}]},{"@type":"ImageObject","inLanguage":"de","@id":"https:\/\/www.trustedtranslations.com\/de\/ueber-uns\/kontakt\/miami#primaryimage","url":"https:\/\/www.trustedtranslations.com\/wp-content\/uploads\/2024\/05\/miami-final-1-1.webp","contentUrl":"https:\/\/www.trustedtranslations.com\/wp-content\/uploads\/2024\/05\/miami-final-1-1.webp","width":600,"height":400,"caption":"miami final 1 1"},{"@type":"BreadcrumbList","@id":"https:\/\/www.trustedtranslations.com\/de\/ueber-uns\/kontakt\/miami#breadcrumb","itemListElement":[{"@type":"ListItem","position":1,"name":"Home","item":"https:\/\/www.trustedtranslations.com\/de"},{"@type":"ListItem","position":2,"name":"\u00dcber uns","item":"https:\/\/www.trustedtranslations.com\/de\/ueber-uns"},{"@type":"ListItem","position":3,"name":"Kontakt","item":"https:\/\/www.trustedtranslations.com\/de\/ueber-uns\/kontakt"},{"@type":"ListItem","position":4,"name":"Miami"}]},{"@type":"WebSite","@id":"https:\/\/www.trustedtranslations.com\/de\/#website","url":"https:\/\/www.trustedtranslations.com\/de\/","name":"Trusted Translations, Inc.","description":"Leader in translation and interpretation services.","publisher":{"@id":"https:\/\/www.trustedtranslations.com\/de\/#organization"},"alternateName":"Trusted Translations","potentialAction":[{"@type":"SearchAction","target":{"@type":"EntryPoint","urlTemplate":"https:\/\/www.trustedtranslations.com\/de\/?s={search_term_string}"},"query-input":{"@type":"PropertyValueSpecification","valueRequired":true,"valueName":"search_term_string"}}],"inLanguage":"de"},{"@type":"Organization","@id":"https:\/\/www.trustedtranslations.com\/de\/#organization","name":"Trusted Translations","alternateName":"Trusted Translations, Inc.","url":"https:\/\/www.trustedtranslations.com\/de\/","logo":{"@type":"ImageObject","inLanguage":"de","@id":"https:\/\/www.trustedtranslations.com\/de\/#\/schema\/logo\/image\/","url":"https:\/\/static.trustedtranslations.com\/wp-content\/uploads\/2022\/01\/TT_logo_WSIColors-2.png","contentUrl":"https:\/\/static.trustedtranslations.com\/wp-content\/uploads\/2022\/01\/TT_logo_WSIColors-2.png","width":500,"height":196,"caption":"Trusted Translations"},"image":{"@id":"https:\/\/www.trustedtranslations.com\/de\/#\/schema\/logo\/image\/"},"sameAs":["https:\/\/www.facebook.com\/Trusted.Translations","https:\/\/x.com\/TrustedT9ns","https:\/\/www.linkedin.com\/company\/trusted-translations"]}]}},"toolset-meta":{"dyk":{"mensaje-1":{"type":"textfield","raw":"Trusted Translations ist der bevorzugte Anbieter f\u00fcr die Stadt Miami und den Bezirk Miami-Dade."},"mensaje-2":{"type":"textfield","raw":""},"mensaje-3":{"type":"textfield","raw":"Wir sind seit 2006 ein etabliertes Mitglied der Gesch\u00e4ftswelt von S\u00fcdflorida."},"mensaje-4":{"type":"textfield","raw":"Wir sind ein stolzer Anbieter f\u00fcr lokale Bildungseinrichtungen wie die University of Miami."},"mensaje-5":{"type":"textfield","raw":""},"mensaje-6":{"type":"textfield","raw":""}},"single-page-template-fields":{"imgs-temp":{"type":"image","raw":["https:\/\/static.trustedtranslations.com\/wp-content\/uploads\/2024\/05\/miami-final-2.webp"],"repeatable":[{"raw":"https:\/\/static.trustedtranslations.com\/wp-content\/uploads\/2024\/05\/miami-final-2.webp"}]},"imgs-temp-cel":{"type":"image","raw":[""],"repeatable":[{"raw":""}]},"img-temp-one-cel":{"type":"image","raw":"https:\/\/static.trustedtranslations.com\/wp-content\/uploads\/2024\/05\/miami-final-1-1.webp","attachment_id":null},"quotes":{"type":"textarea","raw":"<h1 style=\"margin-bottom:12px\">\u00dcbersetzungsdienstleistungen in Miami<\/h1>\r\n<p>\r\n    <span><i class=\"fa fa-map-pin\"><\/i> 66 West Flagler,\r\n        Suite 1200\r\n        Miami, Florida, 33130\r\n        United States<\/span>\r\n    <a style=\"color: #2a2a2a; text-decoration: none;\" href=\"tel:+13054338222\"><i class=\"fa fa-phone\"><\/i> +1 (305) 433-8222<\/a>\r\n    <a style=\"color: #2a2a2a; text-decoration: none;\" href=\"mailto:miami@trustedtranslations.com\"><i class=\"fa fa-envelope\"><\/i>miami@trustedtranslations.com<\/a>\r\n<\/p>\r\n<div style=\"margin-top: 2.5vw;\"><a class=\"tt-btn-main-cta\" href=\"#tree-form\">Kostenlosen Kostenvoranschlag anfordern<\/a><\/div>"},"text-1":{"type":"textarea","raw":"<h2>Standort der Niederlassung Miami<\/h2>"},"shortcode-map":{"type":"textfield","raw":"[mostrar_mapa url=\"https:\/\/www.google.com\/maps\/embed?pb=!1m18!1m12!1m3!1d3592.9005810769268!2d-80.19715094928159!3d25.773847183550988!2m3!1f0!2f0!3f0!3m2!1i1024!2i768!4f13.1!3m3!1m2!1s0x88d9b69bc4ede3f9%3A0x5552c41439facecf!2s66+W+Flagler+St+%231200%2C+Miami%2C+FL+33130%2C+EE.+UU.!5e0!3m2!1ses-419!2sar!4v1532979003518\" width=\"600px\" height=\"450px\"]"},"dyk-shortcode":{"type":"textfield","raw":"[elementor-template id=\"146647\"]"},"text-2":{"type":"textarea","raw":"<h2>Professionelle \u00dcbersetzungsdienstleistungen in Miami<\/h2>\r\n<img class=\"alignright wp-image-139992\" src=\"https:\/\/www.trustedtranslations.com\/wp-content\/uploads\/2022\/03\/trusted-translations-miami.jpg.jpg\" alt=\"\" width=\"298\" height=\"450\" \/>\r\n\r\nDie 2006 gegr\u00fcndete Niederlassung von <strong><em>Trusted Translations<\/em><\/strong> in S\u00fcdflorida ist unsere regionale Zentrale f\u00fcr den S\u00fcden der USA und Lateinamerika. Wir sind einer der gr\u00f6\u00dften Sprachdienstleister des Bezirks Miami-Dade sowie zahlreicher <a href=\"https:\/\/www.trustedtranslations.com\/de\/branchen\/geschaeftlich\">privater Unternehmen<\/a> (z. B. Greenberg Traurig, Cartier, Havas Group - Republica, Ritz Carlton Hotel Company), lokaler US-<a href=\"https:\/\/www.trustedtranslations.com\/de\/branchen\/behoerden\">Regierungsstellen<\/a> (z. B. Miami-Dade Internal Services Department, Veteran Affairs, U.S. Attorney's Office) und \u00f6ffentlicher Einrichtungen (z. B. School Board of Miami-Dade County, University of Miami, Homeless Services Network of Central Florida). Als wichtiger Akteur in der Gesch\u00e4ftswelt von Miami seit \u00fcber zwanzig Jahren kennen wir den lokalen Sprach- und \u00dcbersetzungsmarkt besser als jedes andere Unternehmen.\r\n\r\nWir stellen sicher, dass die \u00dcbersetzungen auf die einzigartige Struktur Miamis als internationales Zentrum Amerikas mit einem Anteil von 65% <a href=\"https:\/\/www.trustedtranslations.com\/de\/sprache\/spanisch\/merkmale\/us-spanisch\">hispanoamerikanischer Bev\u00f6lkerung<\/a> zugeschnitten sind, wo <a href=\"https:\/\/www.trustedtranslations.com\/de\/sprache\/spanisch\/uebersetzung-von-englisch-nach-spanisch\">hochwertige spanische \u00dcbersetzungen<\/a> ein Muss sind. Die mehr als 690.000 Kubaner in Miami sorgen daf\u00fcr, dass das kubanische Spanisch weit verbreitet ist; in letzter Zeit hat sich in Miami auch die zweitgr\u00f6\u00dfte <a href=\"https:\/\/www.trustedtranslations.com\/de\/sprache\/spanisch\/merkmale\/lateinamerikanisches-spanisch\">kolumbianische<\/a> Bev\u00f6lkerung des Landes angesammelt. Eine gro\u00dfe haitianische Gemeinschaft macht haitianisches Kreolisch zur am dritth\u00e4ufigsten gesprochenen Sprache der Stadt. W\u00e4hrend Europ\u00e4er und Asiaten aufgrund g\u00fcnstiger Immobilienpreise und Investitionsm\u00f6glichkeiten nach S\u00fcdflorida abwandern, steigt der Bedarf an genauen \u00dcbersetzungen in <a href=\"https:\/\/www.trustedtranslations.com\/de\/sprache\/mehrsprachig\">andere Sprachen<\/a> rapide an.\r\n<h2 style=\"margin-bottom:20px\">\u00dcber die Stadt Miami<\/h2>\r\nMiami, oft als \u201eHauptstadt Lateinamerikas\u201c bezeichnet, ist mit \u00fcber 6 Millionen Einwohnern einer der gr\u00f6\u00dften Ballungsr\u00e4ume der USA. Miami ist die gr\u00f6\u00dfte Stadt Floridas und hat sich zu einem Knotenpunkt f\u00fcr viele Branchen entwickelt, darunter das internationale Bank- und <a href=\"https:\/\/www.trustedtranslations.com\/de\/branchen\/finanzen\">Finanzwesen<\/a>, <a href=\"https:\/\/www.trustedtranslations.com\/de\/branchen\/medien\">die Medien<\/a>, die Unterhaltungsindustrie, <a href=\"https:\/\/www.trustedtranslations.com\/de\/branchen\/elearning-und-lokalisierung\">das Bildungswesen<\/a>, die Mode und die darstellenden K\u00fcnste. Die Stadt ist dar\u00fcber hinaus auch ein wichtiges touristisches Ziel f\u00fcr Reisende aus der ganzen Welt."},"state":{"type":"textfield","raw":""},"city":{"type":"textarea","raw":[""]}}},"_links":{"self":[{"href":"https:\/\/www.trustedtranslations.com\/de\/wp-json\/wp\/v2\/pages\/129315","targetHints":{"allow":["GET"]}}],"collection":[{"href":"https:\/\/www.trustedtranslations.com\/de\/wp-json\/wp\/v2\/pages"}],"about":[{"href":"https:\/\/www.trustedtranslations.com\/de\/wp-json\/wp\/v2\/types\/page"}],"author":[{"embeddable":true,"href":"https:\/\/www.trustedtranslations.com\/de\/wp-json\/wp\/v2\/users\/1"}],"replies":[{"embeddable":true,"href":"https:\/\/www.trustedtranslations.com\/de\/wp-json\/wp\/v2\/comments?post=129315"}],"version-history":[{"count":0,"href":"https:\/\/www.trustedtranslations.com\/de\/wp-json\/wp\/v2\/pages\/129315\/revisions"}],"up":[{"embeddable":true,"href":"https:\/\/www.trustedtranslations.com\/de\/wp-json\/wp\/v2\/pages\/129347"}],"wp:featuredmedia":[{"embeddable":true,"href":"https:\/\/www.trustedtranslations.com\/de\/wp-json\/wp\/v2\/media\/256695"}],"wp:attachment":[{"href":"https:\/\/www.trustedtranslations.com\/de\/wp-json\/wp\/v2\/media?parent=129315"}],"curies":[{"name":"wp","href":"https:\/\/api.w.org\/{rel}","templated":true}]}}