{"id":129321,"date":"2018-11-21T18:10:43","date_gmt":"2018-11-21T18:10:43","guid":{"rendered":"https:\/\/www.trustedtranslations.com\/?page_id=129321"},"modified":"2025-11-21T12:36:30","modified_gmt":"2025-11-21T15:36:30","slug":"dallas","status":"publish","type":"page","link":"https:\/\/www.trustedtranslations.com\/de\/ueber-uns\/kontakt\/dallas","title":{"rendered":"Dallas"},"content":{"rendered":"","protected":false},"excerpt":{"rendered":"","protected":false},"author":1,"featured_media":256576,"parent":129347,"menu_order":0,"comment_status":"closed","ping_status":"closed","template":"","meta":{"site-sidebar-layout":"default","site-content-layout":"default","ast-site-content-layout":"default","site-content-style":"default","site-sidebar-style":"default","ast-global-header-display":"","ast-banner-title-visibility":"","ast-main-header-display":"","ast-hfb-above-header-display":"","ast-hfb-below-header-display":"","ast-hfb-mobile-header-display":"","site-post-title":"disabled","ast-breadcrumbs-content":"","ast-featured-img":"","footer-sml-layout":"","ast-disable-related-posts":"","theme-transparent-header-meta":"default","adv-header-id-meta":"","stick-header-meta":"","header-above-stick-meta":"","header-main-stick-meta":"","header-below-stick-meta":"","astra-migrate-meta-layouts":"set","ast-page-background-enabled":"default","ast-page-background-meta":{"desktop":{"background-color":"var(--ast-global-color-4)","background-image":"","background-repeat":"repeat","background-position":"center center","background-size":"auto","background-attachment":"scroll","background-type":"","background-media":"","overlay-type":"","overlay-color":"","overlay-opacity":"","overlay-gradient":""},"tablet":{"background-color":"","background-image":"","background-repeat":"repeat","background-position":"center center","background-size":"auto","background-attachment":"scroll","background-type":"","background-media":"","overlay-type":"","overlay-color":"","overlay-opacity":"","overlay-gradient":""},"mobile":{"background-color":"","background-image":"","background-repeat":"repeat","background-position":"center center","background-size":"auto","background-attachment":"scroll","background-type":"","background-media":"","overlay-type":"","overlay-color":"","overlay-opacity":"","overlay-gradient":""}},"ast-content-background-meta":{"desktop":{"background-color":"var(--ast-global-color-5)","background-image":"","background-repeat":"repeat","background-position":"center center","background-size":"auto","background-attachment":"scroll","background-type":"","background-media":"","overlay-type":"","overlay-color":"","overlay-opacity":"","overlay-gradient":""},"tablet":{"background-color":"var(--ast-global-color-5)","background-image":"","background-repeat":"repeat","background-position":"center center","background-size":"auto","background-attachment":"scroll","background-type":"","background-media":"","overlay-type":"","overlay-color":"","overlay-opacity":"","overlay-gradient":""},"mobile":{"background-color":"var(--ast-global-color-5)","background-image":"","background-repeat":"repeat","background-position":"center center","background-size":"auto","background-attachment":"scroll","background-type":"","background-media":"","overlay-type":"","overlay-color":"","overlay-opacity":"","overlay-gradient":""}},"footnotes":""},"class_list":["post-129321","page","type-page","status-publish","has-post-thumbnail","hentry"],"yoast_head":"<!-- This site is optimized with the Yoast SEO plugin v27.5 - https:\/\/yoast.com\/product\/yoast-seo-wordpress\/ -->\n<title>\u00dcbersetzungsdienstleistungen in Dallas \u2013 F\u00fchrendes \u00dcbersetzungsunternehmen in Texas \u2013 Trusted Translations, Inc.<\/title>\n<meta name=\"description\" content=\"Trusted Translation, Inc. Dallas, Texas. Bew\u00e4hrte, qualitativ hochwertige \u00dcbersetzungsdienstleistungen zu den besten Preisen. Fordern Sie ein kostenloses Angebot oder eine Beratung an. Kontaktieren Sie uns heute.\" \/>\n<meta name=\"robots\" content=\"index, follow, max-snippet:-1, max-image-preview:large, max-video-preview:-1\" \/>\n<link rel=\"canonical\" href=\"https:\/\/www.trustedtranslations.com\/de\/ueber-uns\/kontakt\/dallas\" \/>\n<meta property=\"og:locale\" content=\"de_DE\" \/>\n<meta property=\"og:type\" content=\"article\" \/>\n<meta property=\"og:title\" content=\"\u00dcbersetzungsdienstleistungen in Dallas \u2013 F\u00fchrendes \u00dcbersetzungsunternehmen in Texas \u2013 Trusted Translations, Inc.\" \/>\n<meta property=\"og:description\" content=\"Trusted Translation, Inc. Dallas, Texas. Bew\u00e4hrte, qualitativ hochwertige \u00dcbersetzungsdienstleistungen zu den besten Preisen. Fordern Sie ein kostenloses Angebot oder eine Beratung an. Kontaktieren Sie uns heute.\" \/>\n<meta property=\"og:url\" content=\"https:\/\/www.trustedtranslations.com\/de\/ueber-uns\/kontakt\/dallas\" \/>\n<meta property=\"og:site_name\" content=\"Trusted Translations, Inc.\" \/>\n<meta property=\"article:publisher\" content=\"https:\/\/www.facebook.com\/Trusted.Translations\" \/>\n<meta property=\"article:modified_time\" content=\"2025-11-21T15:36:30+00:00\" \/>\n<meta property=\"og:image\" content=\"https:\/\/www.trustedtranslations.com\/wp-content\/uploads\/2024\/05\/dallas-final-1-1.webp\" \/>\n\t<meta property=\"og:image:width\" content=\"600\" \/>\n\t<meta property=\"og:image:height\" content=\"400\" \/>\n\t<meta property=\"og:image:type\" content=\"image\/webp\" \/>\n<meta name=\"twitter:card\" content=\"summary_large_image\" \/>\n<meta name=\"twitter:site\" content=\"@TrustedT9ns\" \/>\n<script type=\"application\/ld+json\" class=\"yoast-schema-graph\">{\"@context\":\"https:\\\/\\\/schema.org\",\"@graph\":[{\"@type\":\"WebPage\",\"@id\":\"https:\\\/\\\/www.trustedtranslations.com\\\/de\\\/ueber-uns\\\/kontakt\\\/dallas\",\"url\":\"https:\\\/\\\/www.trustedtranslations.com\\\/de\\\/ueber-uns\\\/kontakt\\\/dallas\",\"name\":\"\u00dcbersetzungsdienstleistungen in Dallas \u2013 F\u00fchrendes \u00dcbersetzungsunternehmen in Texas \u2013 Trusted Translations, Inc.\",\"isPartOf\":{\"@id\":\"https:\\\/\\\/www.trustedtranslations.com\\\/de\\\/#website\"},\"primaryImageOfPage\":{\"@id\":\"https:\\\/\\\/www.trustedtranslations.com\\\/de\\\/ueber-uns\\\/kontakt\\\/dallas#primaryimage\"},\"image\":{\"@id\":\"https:\\\/\\\/www.trustedtranslations.com\\\/de\\\/ueber-uns\\\/kontakt\\\/dallas#primaryimage\"},\"thumbnailUrl\":\"https:\\\/\\\/www.trustedtranslations.com\\\/wp-content\\\/uploads\\\/2024\\\/05\\\/dallas-final-1-1.webp\",\"description\":\"Trusted Translation, Inc. Dallas, Texas. Bew\u00e4hrte, qualitativ hochwertige \u00dcbersetzungsdienstleistungen zu den besten Preisen. Fordern Sie ein kostenloses Angebot oder eine Beratung an. Kontaktieren Sie uns heute.\",\"breadcrumb\":{\"@id\":\"https:\\\/\\\/www.trustedtranslations.com\\\/de\\\/ueber-uns\\\/kontakt\\\/dallas#breadcrumb\"},\"inLanguage\":\"de\",\"potentialAction\":[{\"@type\":\"ReadAction\",\"target\":[\"https:\\\/\\\/www.trustedtranslations.com\\\/de\\\/ueber-uns\\\/kontakt\\\/dallas\"]}]},{\"@type\":\"ImageObject\",\"inLanguage\":\"de\",\"@id\":\"https:\\\/\\\/www.trustedtranslations.com\\\/de\\\/ueber-uns\\\/kontakt\\\/dallas#primaryimage\",\"url\":\"https:\\\/\\\/www.trustedtranslations.com\\\/wp-content\\\/uploads\\\/2024\\\/05\\\/dallas-final-1-1.webp\",\"contentUrl\":\"https:\\\/\\\/www.trustedtranslations.com\\\/wp-content\\\/uploads\\\/2024\\\/05\\\/dallas-final-1-1.webp\",\"width\":600,\"height\":400,\"caption\":\"dallas final 1 1\"},{\"@type\":\"BreadcrumbList\",\"@id\":\"https:\\\/\\\/www.trustedtranslations.com\\\/de\\\/ueber-uns\\\/kontakt\\\/dallas#breadcrumb\",\"itemListElement\":[{\"@type\":\"ListItem\",\"position\":1,\"name\":\"Home\",\"item\":\"https:\\\/\\\/www.trustedtranslations.com\\\/de\"},{\"@type\":\"ListItem\",\"position\":2,\"name\":\"\u00dcber uns\",\"item\":\"https:\\\/\\\/www.trustedtranslations.com\\\/de\\\/ueber-uns\"},{\"@type\":\"ListItem\",\"position\":3,\"name\":\"Kontakt\",\"item\":\"https:\\\/\\\/www.trustedtranslations.com\\\/de\\\/ueber-uns\\\/kontakt\"},{\"@type\":\"ListItem\",\"position\":4,\"name\":\"Dallas\"}]},{\"@type\":\"WebSite\",\"@id\":\"https:\\\/\\\/www.trustedtranslations.com\\\/de\\\/#website\",\"url\":\"https:\\\/\\\/www.trustedtranslations.com\\\/de\\\/\",\"name\":\"Trusted Translations, Inc.\",\"description\":\"Leader in translation and interpretation services.\",\"publisher\":{\"@id\":\"https:\\\/\\\/www.trustedtranslations.com\\\/de\\\/#organization\"},\"alternateName\":\"Trusted Translations\",\"potentialAction\":[{\"@type\":\"SearchAction\",\"target\":{\"@type\":\"EntryPoint\",\"urlTemplate\":\"https:\\\/\\\/www.trustedtranslations.com\\\/de\\\/?s={search_term_string}\"},\"query-input\":{\"@type\":\"PropertyValueSpecification\",\"valueRequired\":true,\"valueName\":\"search_term_string\"}}],\"inLanguage\":\"de\"},{\"@type\":\"Organization\",\"@id\":\"https:\\\/\\\/www.trustedtranslations.com\\\/de\\\/#organization\",\"name\":\"Trusted Translations\",\"alternateName\":\"Trusted Translations, Inc.\",\"url\":\"https:\\\/\\\/www.trustedtranslations.com\\\/de\\\/\",\"logo\":{\"@type\":\"ImageObject\",\"inLanguage\":\"de\",\"@id\":\"https:\\\/\\\/www.trustedtranslations.com\\\/de\\\/#\\\/schema\\\/logo\\\/image\\\/\",\"url\":\"https:\\\/\\\/static.trustedtranslations.com\\\/wp-content\\\/uploads\\\/2022\\\/01\\\/TT_logo_WSIColors-2.png\",\"contentUrl\":\"https:\\\/\\\/static.trustedtranslations.com\\\/wp-content\\\/uploads\\\/2022\\\/01\\\/TT_logo_WSIColors-2.png\",\"width\":500,\"height\":196,\"caption\":\"Trusted Translations\"},\"image\":{\"@id\":\"https:\\\/\\\/www.trustedtranslations.com\\\/de\\\/#\\\/schema\\\/logo\\\/image\\\/\"},\"sameAs\":[\"https:\\\/\\\/www.facebook.com\\\/Trusted.Translations\",\"https:\\\/\\\/x.com\\\/TrustedT9ns\",\"https:\\\/\\\/www.linkedin.com\\\/company\\\/trusted-translations\"]}]}<\/script>\n<!-- \/ Yoast SEO plugin. -->","yoast_head_json":{"title":"\u00dcbersetzungsdienstleistungen in Dallas \u2013 F\u00fchrendes \u00dcbersetzungsunternehmen in Texas \u2013 Trusted Translations, Inc.","description":"Trusted Translation, Inc. Dallas, Texas. Bew\u00e4hrte, qualitativ hochwertige \u00dcbersetzungsdienstleistungen zu den besten Preisen. Fordern Sie ein kostenloses Angebot oder eine Beratung an. Kontaktieren Sie uns heute.","robots":{"index":"index","follow":"follow","max-snippet":"max-snippet:-1","max-image-preview":"max-image-preview:large","max-video-preview":"max-video-preview:-1"},"canonical":"https:\/\/www.trustedtranslations.com\/de\/ueber-uns\/kontakt\/dallas","og_locale":"de_DE","og_type":"article","og_title":"\u00dcbersetzungsdienstleistungen in Dallas \u2013 F\u00fchrendes \u00dcbersetzungsunternehmen in Texas \u2013 Trusted Translations, Inc.","og_description":"Trusted Translation, Inc. Dallas, Texas. Bew\u00e4hrte, qualitativ hochwertige \u00dcbersetzungsdienstleistungen zu den besten Preisen. Fordern Sie ein kostenloses Angebot oder eine Beratung an. Kontaktieren Sie uns heute.","og_url":"https:\/\/www.trustedtranslations.com\/de\/ueber-uns\/kontakt\/dallas","og_site_name":"Trusted Translations, Inc.","article_publisher":"https:\/\/www.facebook.com\/Trusted.Translations","article_modified_time":"2025-11-21T15:36:30+00:00","og_image":[{"width":600,"height":400,"url":"https:\/\/www.trustedtranslations.com\/wp-content\/uploads\/2024\/05\/dallas-final-1-1.webp","type":"image\/webp"}],"twitter_card":"summary_large_image","twitter_site":"@TrustedT9ns","schema":{"@context":"https:\/\/schema.org","@graph":[{"@type":"WebPage","@id":"https:\/\/www.trustedtranslations.com\/de\/ueber-uns\/kontakt\/dallas","url":"https:\/\/www.trustedtranslations.com\/de\/ueber-uns\/kontakt\/dallas","name":"\u00dcbersetzungsdienstleistungen in Dallas \u2013 F\u00fchrendes \u00dcbersetzungsunternehmen in Texas \u2013 Trusted Translations, Inc.","isPartOf":{"@id":"https:\/\/www.trustedtranslations.com\/de\/#website"},"primaryImageOfPage":{"@id":"https:\/\/www.trustedtranslations.com\/de\/ueber-uns\/kontakt\/dallas#primaryimage"},"image":{"@id":"https:\/\/www.trustedtranslations.com\/de\/ueber-uns\/kontakt\/dallas#primaryimage"},"thumbnailUrl":"https:\/\/www.trustedtranslations.com\/wp-content\/uploads\/2024\/05\/dallas-final-1-1.webp","description":"Trusted Translation, Inc. Dallas, Texas. Bew\u00e4hrte, qualitativ hochwertige \u00dcbersetzungsdienstleistungen zu den besten Preisen. Fordern Sie ein kostenloses Angebot oder eine Beratung an. Kontaktieren Sie uns heute.","breadcrumb":{"@id":"https:\/\/www.trustedtranslations.com\/de\/ueber-uns\/kontakt\/dallas#breadcrumb"},"inLanguage":"de","potentialAction":[{"@type":"ReadAction","target":["https:\/\/www.trustedtranslations.com\/de\/ueber-uns\/kontakt\/dallas"]}]},{"@type":"ImageObject","inLanguage":"de","@id":"https:\/\/www.trustedtranslations.com\/de\/ueber-uns\/kontakt\/dallas#primaryimage","url":"https:\/\/www.trustedtranslations.com\/wp-content\/uploads\/2024\/05\/dallas-final-1-1.webp","contentUrl":"https:\/\/www.trustedtranslations.com\/wp-content\/uploads\/2024\/05\/dallas-final-1-1.webp","width":600,"height":400,"caption":"dallas final 1 1"},{"@type":"BreadcrumbList","@id":"https:\/\/www.trustedtranslations.com\/de\/ueber-uns\/kontakt\/dallas#breadcrumb","itemListElement":[{"@type":"ListItem","position":1,"name":"Home","item":"https:\/\/www.trustedtranslations.com\/de"},{"@type":"ListItem","position":2,"name":"\u00dcber uns","item":"https:\/\/www.trustedtranslations.com\/de\/ueber-uns"},{"@type":"ListItem","position":3,"name":"Kontakt","item":"https:\/\/www.trustedtranslations.com\/de\/ueber-uns\/kontakt"},{"@type":"ListItem","position":4,"name":"Dallas"}]},{"@type":"WebSite","@id":"https:\/\/www.trustedtranslations.com\/de\/#website","url":"https:\/\/www.trustedtranslations.com\/de\/","name":"Trusted Translations, Inc.","description":"Leader in translation and interpretation services.","publisher":{"@id":"https:\/\/www.trustedtranslations.com\/de\/#organization"},"alternateName":"Trusted Translations","potentialAction":[{"@type":"SearchAction","target":{"@type":"EntryPoint","urlTemplate":"https:\/\/www.trustedtranslations.com\/de\/?s={search_term_string}"},"query-input":{"@type":"PropertyValueSpecification","valueRequired":true,"valueName":"search_term_string"}}],"inLanguage":"de"},{"@type":"Organization","@id":"https:\/\/www.trustedtranslations.com\/de\/#organization","name":"Trusted Translations","alternateName":"Trusted Translations, Inc.","url":"https:\/\/www.trustedtranslations.com\/de\/","logo":{"@type":"ImageObject","inLanguage":"de","@id":"https:\/\/www.trustedtranslations.com\/de\/#\/schema\/logo\/image\/","url":"https:\/\/static.trustedtranslations.com\/wp-content\/uploads\/2022\/01\/TT_logo_WSIColors-2.png","contentUrl":"https:\/\/static.trustedtranslations.com\/wp-content\/uploads\/2022\/01\/TT_logo_WSIColors-2.png","width":500,"height":196,"caption":"Trusted Translations"},"image":{"@id":"https:\/\/www.trustedtranslations.com\/de\/#\/schema\/logo\/image\/"},"sameAs":["https:\/\/www.facebook.com\/Trusted.Translations","https:\/\/x.com\/TrustedT9ns","https:\/\/www.linkedin.com\/company\/trusted-translations"]}]}},"toolset-meta":{"dyk":{"mensaje-1":{"type":"textfield","raw":""},"mensaje-2":{"type":"textfield","raw":""},"mensaje-3":{"type":"textfield","raw":""},"mensaje-4":{"type":"textfield","raw":"95\u00a0% der in Dallas ans\u00e4ssigen Manager und Eigent\u00fcmer geben an, bei der Arbeit etwas Spanisch zu sprechen."},"mensaje-5":{"type":"textfield","raw":"Wir sind ein bew\u00e4hrter Anbieter von \u00dcbersetzungsdienstleistungen in und aus \u00fcber 150 Sprachen."},"mensaje-6":{"type":"textfield","raw":"<em>Trusted Translations<\/em> ist der weltweit f\u00fchrende Anbieter professioneller spanischer \u00dcbersetzungsdienste."}},"single-page-template-fields":{"imgs-temp":{"type":"image","raw":["https:\/\/static.trustedtranslations.com\/wp-content\/uploads\/2024\/05\/dallas-final-2.webp"],"repeatable":[{"raw":"https:\/\/static.trustedtranslations.com\/wp-content\/uploads\/2024\/05\/dallas-final-2.webp"}]},"imgs-temp-cel":{"type":"image","raw":[""],"repeatable":[{"raw":""}]},"img-temp-one-cel":{"type":"image","raw":"https:\/\/static.trustedtranslations.com\/wp-content\/uploads\/2024\/05\/dallas-final-1-1.webp","attachment_id":null},"quotes":{"type":"textarea","raw":"<h1 style=\"margin-bottom:12px\">\u00dcbersetzungsdienstleistungen in Dallas<\/h1>\r\n<p>\r\n    <span><i class=\"fa fa-map-pin\"><\/i> 17304 Preston Road #800\r\n        Dallas, TX, 75252\r\n        United States<\/span>\r\n    <a style=\"color: #2a2a2a; text-decoration: none;\" href=\"tel:+12144325927\"><i class=\"fa fa-phone\"><\/i>  +1 (214) 432-5927<\/a>\r\n    <a style=\"color: #2a2a2a; text-decoration: none;\" href=\"mailto:dallas@trustedtranslations.com\"><i class=\"fa fa-envelope\"><\/i> dallas@trustedtranslations.com<\/a>\r\n<\/p>\r\n<div style=\"margin-top: 2.5vw;\"><a class=\"tt-btn-main-cta\" href=\"#tree-form\">Kostenlosen Kostenvoranschlag anfordern<\/a><\/div>"},"text-1":{"type":"textarea","raw":"<h2>Standort der Niederlassung Dallas<\/h2>"},"shortcode-map":{"type":"textfield","raw":"[mostrar_mapa url=\"https:\/\/www.google.com\/maps\/embed?pb=!1m18!1m12!1m3!1d3346.647927535265!2d-96.80438964912328!3d32.98668938081559!2m3!1f0!2f0!3f0!3m2!1i1024!2i768!4f13.1!3m3!1m2!1s0x864c23d7778f108d%3A0x69f03468019a74a3!2s17304+Preston+Rd+%23800%2C+Dallas%2C+TX+75252%2C+EE.+UU.!5e0!3m2!1ses-419!2sar!4v1532979382001\" width=\"600px\" height=\"450px\"]"},"dyk-shortcode":{"type":"textfield","raw":"[elementor-template id=\"146647\"]"},"text-2":{"type":"textarea","raw":"<h2>Professionelle \u00dcbersetzungsdienstleistungen in Dallas<\/h2>\r\n<img class=\"wp-image-139949 alignright\" src=\"https:\/\/www.trustedtranslations.com\/wp-content\/uploads\/2022\/03\/dallas-300x186.jpg\" alt=\"\" width=\"450\" height=\"279\" \/>\r\nDie Region Dallas-Fort Worth beherbergt die drittmeisten Heimb\u00fcros von Fortune-500-Unternehmen im Land, insbesondere in den Branchen Energie, <a href=\"https:\/\/www.trustedtranslations.com\/de\/branchen\/finanzen\">Bankwesen<\/a>, <a href=\"https:\/\/www.trustedtranslations.com\/de\/branchen\/technisch\">Technologie<\/a>, <a href=\"https:\/\/www.trustedtranslations.com\/de\/dienstleistungen\/dolmetschen-ueber-das-telefon\">Telekommunikation<\/a> und Transport. <em><strong>Trusted Translations<\/strong><\/em> hat mit einigen der etabliertesten <a href=\"https:\/\/www.trustedtranslations.com\/de\/branchen\/geschaeftlich\">multinationalen Unternehmen<\/a> in Dallas in diesen Branchen zusammengearbeitet, darunter Aetna, Goodman Global, Baylor College of Medicine, Precision Document Solutions und Resourcing Edge.\r\n\r\n<em><strong>Trusted Translations<\/strong><\/em> nutzt unsere langj\u00e4hrige Vertrautheit mit der Region, um \u00dcbersetzungen auf die lokale Bev\u00f6lkerung abzustimmen. \u00dcber 34% der Bev\u00f6lkerung von Dallas besteht aus <a href=\"https:\/\/www.trustedtranslations.com\/de\/sprache\/spanisch\/merkmale\/us-spanisch\">hispanoamerikanischen Einwohnern<\/a> und <a href=\"https:\/\/www.trustedtranslations.com\/de\/sprache\/spanisch\/uebersetzung-von-englisch-nach-spanisch\">Spanisch<\/a> ist die am zweith\u00e4ufigsten gesprochene Sprache des Gro\u00dfraums. Die Federal Reserve Bank of Dallas hat herausgefunden, dass 95 % der Manager und Gesch\u00e4ftsinhaber in Dallas bei der Arbeit etwas Spanisch sprechen. Angesichts der N\u00e4he von Dallas zu Mexiko ist die in Dallas gesprochene spanische Variante \u00fcberwiegend <a href=\"https:\/\/www.trustedtranslations.com\/de\/sprache\/spanisch\/merkmale\/lateinamerikanisches-spanisch\">mexikanisches Spanisch<\/a>. Dallas hat auch eine gro\u00dfe Anzahl von Einwohnern mit einem starken <a href=\"https:\/\/www.trustedtranslations.com\/de\/sprache\/chinesisch\">asiatischen Hintergrund<\/a>.\r\n<h2 style=\"padding-bottom: 20px\">\u00dcber die Stadt Dallas<\/h2>\r\nDallas ist die achtgr\u00f6\u00dfte Stadt der Vereinigten Staaten und die drittgr\u00f6\u00dfte in Texas. Der Gro\u00dfraum Dallas, bestehend aus Dallas, Fort Worth und Arlington, ist mit einer Gesamtbev\u00f6lkerung von \u00fcber 7 Millionen Menschen der viertgr\u00f6\u00dfte Gro\u00dfraum in den USA."},"state":{"type":"textfield","raw":""},"city":{"type":"textarea","raw":[""]}}},"_links":{"self":[{"href":"https:\/\/www.trustedtranslations.com\/de\/wp-json\/wp\/v2\/pages\/129321","targetHints":{"allow":["GET"]}}],"collection":[{"href":"https:\/\/www.trustedtranslations.com\/de\/wp-json\/wp\/v2\/pages"}],"about":[{"href":"https:\/\/www.trustedtranslations.com\/de\/wp-json\/wp\/v2\/types\/page"}],"author":[{"embeddable":true,"href":"https:\/\/www.trustedtranslations.com\/de\/wp-json\/wp\/v2\/users\/1"}],"replies":[{"embeddable":true,"href":"https:\/\/www.trustedtranslations.com\/de\/wp-json\/wp\/v2\/comments?post=129321"}],"version-history":[{"count":0,"href":"https:\/\/www.trustedtranslations.com\/de\/wp-json\/wp\/v2\/pages\/129321\/revisions"}],"up":[{"embeddable":true,"href":"https:\/\/www.trustedtranslations.com\/de\/wp-json\/wp\/v2\/pages\/129347"}],"wp:featuredmedia":[{"embeddable":true,"href":"https:\/\/www.trustedtranslations.com\/de\/wp-json\/wp\/v2\/media\/256576"}],"wp:attachment":[{"href":"https:\/\/www.trustedtranslations.com\/de\/wp-json\/wp\/v2\/media?parent=129321"}],"curies":[{"name":"wp","href":"https:\/\/api.w.org\/{rel}","templated":true}]}}