{"id":129334,"date":"2018-11-20T18:24:52","date_gmt":"2018-11-20T18:24:52","guid":{"rendered":"https:\/\/www.trustedtranslations.com\/?page_id=129334"},"modified":"2024-09-06T12:35:05","modified_gmt":"2024-09-06T15:35:05","slug":"angebot-pro-wort","status":"publish","type":"page","link":"https:\/\/www.trustedtranslations.com\/de\/ueber-uns\/preise\/angebot-pro-wort","title":{"rendered":"Angebot pro Wort"},"content":{"rendered":"","protected":false},"excerpt":{"rendered":"","protected":false},"author":1,"featured_media":139628,"parent":129330,"menu_order":0,"comment_status":"closed","ping_status":"closed","template":"","meta":{"site-sidebar-layout":"default","site-content-layout":"default","ast-site-content-layout":"default","site-content-style":"default","site-sidebar-style":"default","ast-global-header-display":"","ast-banner-title-visibility":"","ast-main-header-display":"","ast-hfb-above-header-display":"","ast-hfb-below-header-display":"","ast-hfb-mobile-header-display":"","site-post-title":"disabled","ast-breadcrumbs-content":"","ast-featured-img":"","footer-sml-layout":"","ast-disable-related-posts":"","theme-transparent-header-meta":"default","adv-header-id-meta":"","stick-header-meta":"","header-above-stick-meta":"","header-main-stick-meta":"","header-below-stick-meta":"","astra-migrate-meta-layouts":"set","ast-page-background-enabled":"default","ast-page-background-meta":{"desktop":{"background-color":"var(--ast-global-color-4)","background-image":"","background-repeat":"repeat","background-position":"center center","background-size":"auto","background-attachment":"scroll","background-type":"","background-media":"","overlay-type":"","overlay-color":"","overlay-opacity":"","overlay-gradient":""},"tablet":{"background-color":"","background-image":"","background-repeat":"repeat","background-position":"center center","background-size":"auto","background-attachment":"scroll","background-type":"","background-media":"","overlay-type":"","overlay-color":"","overlay-opacity":"","overlay-gradient":""},"mobile":{"background-color":"","background-image":"","background-repeat":"repeat","background-position":"center center","background-size":"auto","background-attachment":"scroll","background-type":"","background-media":"","overlay-type":"","overlay-color":"","overlay-opacity":"","overlay-gradient":""}},"ast-content-background-meta":{"desktop":{"background-color":"var(--ast-global-color-5)","background-image":"","background-repeat":"repeat","background-position":"center center","background-size":"auto","background-attachment":"scroll","background-type":"","background-media":"","overlay-type":"","overlay-color":"","overlay-opacity":"","overlay-gradient":""},"tablet":{"background-color":"var(--ast-global-color-5)","background-image":"","background-repeat":"repeat","background-position":"center center","background-size":"auto","background-attachment":"scroll","background-type":"","background-media":"","overlay-type":"","overlay-color":"","overlay-opacity":"","overlay-gradient":""},"mobile":{"background-color":"var(--ast-global-color-5)","background-image":"","background-repeat":"repeat","background-position":"center center","background-size":"auto","background-attachment":"scroll","background-type":"","background-media":"","overlay-type":"","overlay-color":"","overlay-opacity":"","overlay-gradient":""}},"footnotes":""},"class_list":["post-129334","page","type-page","status-publish","has-post-thumbnail","hentry"],"yoast_head":"<!-- This site is optimized with the Yoast SEO plugin v27.3 - https:\/\/yoast.com\/product\/yoast-seo-wordpress\/ -->\n<title>\u00dcbersetzungsangebot pro Wort \u2013 Trusted Translations, Inc.<\/title>\n<meta name=\"description\" content=\"Trusted Translations: Klare, faire Angebote basierend auf der Preisgestaltung pro Wort. Jetzt kostenloses Angebot anfordern.\" \/>\n<meta name=\"robots\" content=\"index, follow, max-snippet:-1, max-image-preview:large, max-video-preview:-1\" \/>\n<link rel=\"canonical\" href=\"https:\/\/www.trustedtranslations.com\/de\/ueber-uns\/preise\/angebot-pro-wort\" \/>\n<meta property=\"og:locale\" content=\"de_DE\" \/>\n<meta property=\"og:type\" content=\"article\" \/>\n<meta property=\"og:title\" content=\"\u00dcbersetzungsangebot pro Wort \u2013 Trusted Translations, Inc.\" \/>\n<meta property=\"og:description\" content=\"Trusted Translations: Klare, faire Angebote basierend auf der Preisgestaltung pro Wort. Jetzt kostenloses Angebot anfordern.\" \/>\n<meta property=\"og:url\" content=\"https:\/\/www.trustedtranslations.com\/de\/ueber-uns\/preise\/angebot-pro-wort\" \/>\n<meta property=\"og:site_name\" content=\"Trusted Translations, Inc.\" \/>\n<meta property=\"article:publisher\" content=\"https:\/\/www.facebook.com\/Trusted.Translations\" \/>\n<meta property=\"article:modified_time\" content=\"2024-09-06T15:35:05+00:00\" \/>\n<meta property=\"og:image\" content=\"https:\/\/static.trustedtranslations.com\/wp-content\/uploads\/2022\/03\/TT_NEW_FB-1.png\" \/>\n\t<meta property=\"og:image:width\" content=\"1038\" \/>\n\t<meta property=\"og:image:height\" content=\"1038\" \/>\n\t<meta property=\"og:image:type\" content=\"image\/png\" \/>\n<meta name=\"twitter:card\" content=\"summary_large_image\" \/>\n<meta name=\"twitter:site\" content=\"@TrustedT9ns\" \/>\n<script type=\"application\/ld+json\" class=\"yoast-schema-graph\">{\"@context\":\"https:\\\/\\\/schema.org\",\"@graph\":[{\"@type\":\"WebPage\",\"@id\":\"https:\\\/\\\/www.trustedtranslations.com\\\/de\\\/ueber-uns\\\/preise\\\/angebot-pro-wort\",\"url\":\"https:\\\/\\\/www.trustedtranslations.com\\\/de\\\/ueber-uns\\\/preise\\\/angebot-pro-wort\",\"name\":\"\u00dcbersetzungsangebot pro Wort \u2013 Trusted Translations, Inc.\",\"isPartOf\":{\"@id\":\"https:\\\/\\\/www.trustedtranslations.com\\\/de\\\/#website\"},\"primaryImageOfPage\":{\"@id\":\"https:\\\/\\\/www.trustedtranslations.com\\\/de\\\/ueber-uns\\\/preise\\\/angebot-pro-wort#primaryimage\"},\"image\":{\"@id\":\"https:\\\/\\\/www.trustedtranslations.com\\\/de\\\/ueber-uns\\\/preise\\\/angebot-pro-wort#primaryimage\"},\"thumbnailUrl\":\"https:\\\/\\\/www.trustedtranslations.com\\\/wp-content\\\/uploads\\\/2022\\\/03\\\/TT_NEW_FB-1.png\",\"description\":\"Trusted Translations: Klare, faire Angebote basierend auf der Preisgestaltung pro Wort. Jetzt kostenloses Angebot anfordern.\",\"breadcrumb\":{\"@id\":\"https:\\\/\\\/www.trustedtranslations.com\\\/de\\\/ueber-uns\\\/preise\\\/angebot-pro-wort#breadcrumb\"},\"inLanguage\":\"de\",\"potentialAction\":[{\"@type\":\"ReadAction\",\"target\":[\"https:\\\/\\\/www.trustedtranslations.com\\\/de\\\/ueber-uns\\\/preise\\\/angebot-pro-wort\"]}]},{\"@type\":\"ImageObject\",\"inLanguage\":\"de\",\"@id\":\"https:\\\/\\\/www.trustedtranslations.com\\\/de\\\/ueber-uns\\\/preise\\\/angebot-pro-wort#primaryimage\",\"url\":\"https:\\\/\\\/www.trustedtranslations.com\\\/wp-content\\\/uploads\\\/2022\\\/03\\\/TT_NEW_FB-1.png\",\"contentUrl\":\"https:\\\/\\\/www.trustedtranslations.com\\\/wp-content\\\/uploads\\\/2022\\\/03\\\/TT_NEW_FB-1.png\",\"width\":1038,\"height\":1038,\"caption\":\"TT NEW FB 1\"},{\"@type\":\"BreadcrumbList\",\"@id\":\"https:\\\/\\\/www.trustedtranslations.com\\\/de\\\/ueber-uns\\\/preise\\\/angebot-pro-wort#breadcrumb\",\"itemListElement\":[{\"@type\":\"ListItem\",\"position\":1,\"name\":\"Home\",\"item\":\"https:\\\/\\\/www.trustedtranslations.com\\\/de\"},{\"@type\":\"ListItem\",\"position\":2,\"name\":\"\u00dcber uns\",\"item\":\"https:\\\/\\\/www.trustedtranslations.com\\\/de\\\/ueber-uns\"},{\"@type\":\"ListItem\",\"position\":3,\"name\":\"Preise\",\"item\":\"https:\\\/\\\/www.trustedtranslations.com\\\/de\\\/ueber-uns\\\/preise\"},{\"@type\":\"ListItem\",\"position\":4,\"name\":\"Angebot pro Wort\"}]},{\"@type\":\"WebSite\",\"@id\":\"https:\\\/\\\/www.trustedtranslations.com\\\/de\\\/#website\",\"url\":\"https:\\\/\\\/www.trustedtranslations.com\\\/de\\\/\",\"name\":\"Trusted Translations, Inc.\",\"description\":\"Leader in translation and interpretation services.\",\"publisher\":{\"@id\":\"https:\\\/\\\/www.trustedtranslations.com\\\/de\\\/#organization\"},\"alternateName\":\"Trusted Translations\",\"potentialAction\":[{\"@type\":\"SearchAction\",\"target\":{\"@type\":\"EntryPoint\",\"urlTemplate\":\"https:\\\/\\\/www.trustedtranslations.com\\\/de\\\/?s={search_term_string}\"},\"query-input\":{\"@type\":\"PropertyValueSpecification\",\"valueRequired\":true,\"valueName\":\"search_term_string\"}}],\"inLanguage\":\"de\"},{\"@type\":\"Organization\",\"@id\":\"https:\\\/\\\/www.trustedtranslations.com\\\/de\\\/#organization\",\"name\":\"Trusted Translations\",\"alternateName\":\"Trusted Translations, Inc.\",\"url\":\"https:\\\/\\\/www.trustedtranslations.com\\\/de\\\/\",\"logo\":{\"@type\":\"ImageObject\",\"inLanguage\":\"de\",\"@id\":\"https:\\\/\\\/www.trustedtranslations.com\\\/de\\\/#\\\/schema\\\/logo\\\/image\\\/\",\"url\":\"https:\\\/\\\/static.trustedtranslations.com\\\/wp-content\\\/uploads\\\/2022\\\/01\\\/TT_logo_WSIColors-2.png\",\"contentUrl\":\"https:\\\/\\\/static.trustedtranslations.com\\\/wp-content\\\/uploads\\\/2022\\\/01\\\/TT_logo_WSIColors-2.png\",\"width\":500,\"height\":196,\"caption\":\"Trusted Translations\"},\"image\":{\"@id\":\"https:\\\/\\\/www.trustedtranslations.com\\\/de\\\/#\\\/schema\\\/logo\\\/image\\\/\"},\"sameAs\":[\"https:\\\/\\\/www.facebook.com\\\/Trusted.Translations\",\"https:\\\/\\\/x.com\\\/TrustedT9ns\",\"https:\\\/\\\/www.linkedin.com\\\/company\\\/trusted-translations\"]}]}<\/script>\n<!-- \/ Yoast SEO plugin. -->","yoast_head_json":{"title":"\u00dcbersetzungsangebot pro Wort \u2013 Trusted Translations, Inc.","description":"Trusted Translations: Klare, faire Angebote basierend auf der Preisgestaltung pro Wort. Jetzt kostenloses Angebot anfordern.","robots":{"index":"index","follow":"follow","max-snippet":"max-snippet:-1","max-image-preview":"max-image-preview:large","max-video-preview":"max-video-preview:-1"},"canonical":"https:\/\/www.trustedtranslations.com\/de\/ueber-uns\/preise\/angebot-pro-wort","og_locale":"de_DE","og_type":"article","og_title":"\u00dcbersetzungsangebot pro Wort \u2013 Trusted Translations, Inc.","og_description":"Trusted Translations: Klare, faire Angebote basierend auf der Preisgestaltung pro Wort. Jetzt kostenloses Angebot anfordern.","og_url":"https:\/\/www.trustedtranslations.com\/de\/ueber-uns\/preise\/angebot-pro-wort","og_site_name":"Trusted Translations, Inc.","article_publisher":"https:\/\/www.facebook.com\/Trusted.Translations","article_modified_time":"2024-09-06T15:35:05+00:00","og_image":[{"width":1038,"height":1038,"url":"https:\/\/static.trustedtranslations.com\/wp-content\/uploads\/2022\/03\/TT_NEW_FB-1.png","type":"image\/png"}],"twitter_card":"summary_large_image","twitter_site":"@TrustedT9ns","schema":{"@context":"https:\/\/schema.org","@graph":[{"@type":"WebPage","@id":"https:\/\/www.trustedtranslations.com\/de\/ueber-uns\/preise\/angebot-pro-wort","url":"https:\/\/www.trustedtranslations.com\/de\/ueber-uns\/preise\/angebot-pro-wort","name":"\u00dcbersetzungsangebot pro Wort \u2013 Trusted Translations, Inc.","isPartOf":{"@id":"https:\/\/www.trustedtranslations.com\/de\/#website"},"primaryImageOfPage":{"@id":"https:\/\/www.trustedtranslations.com\/de\/ueber-uns\/preise\/angebot-pro-wort#primaryimage"},"image":{"@id":"https:\/\/www.trustedtranslations.com\/de\/ueber-uns\/preise\/angebot-pro-wort#primaryimage"},"thumbnailUrl":"https:\/\/www.trustedtranslations.com\/wp-content\/uploads\/2022\/03\/TT_NEW_FB-1.png","description":"Trusted Translations: Klare, faire Angebote basierend auf der Preisgestaltung pro Wort. Jetzt kostenloses Angebot anfordern.","breadcrumb":{"@id":"https:\/\/www.trustedtranslations.com\/de\/ueber-uns\/preise\/angebot-pro-wort#breadcrumb"},"inLanguage":"de","potentialAction":[{"@type":"ReadAction","target":["https:\/\/www.trustedtranslations.com\/de\/ueber-uns\/preise\/angebot-pro-wort"]}]},{"@type":"ImageObject","inLanguage":"de","@id":"https:\/\/www.trustedtranslations.com\/de\/ueber-uns\/preise\/angebot-pro-wort#primaryimage","url":"https:\/\/www.trustedtranslations.com\/wp-content\/uploads\/2022\/03\/TT_NEW_FB-1.png","contentUrl":"https:\/\/www.trustedtranslations.com\/wp-content\/uploads\/2022\/03\/TT_NEW_FB-1.png","width":1038,"height":1038,"caption":"TT NEW FB 1"},{"@type":"BreadcrumbList","@id":"https:\/\/www.trustedtranslations.com\/de\/ueber-uns\/preise\/angebot-pro-wort#breadcrumb","itemListElement":[{"@type":"ListItem","position":1,"name":"Home","item":"https:\/\/www.trustedtranslations.com\/de"},{"@type":"ListItem","position":2,"name":"\u00dcber uns","item":"https:\/\/www.trustedtranslations.com\/de\/ueber-uns"},{"@type":"ListItem","position":3,"name":"Preise","item":"https:\/\/www.trustedtranslations.com\/de\/ueber-uns\/preise"},{"@type":"ListItem","position":4,"name":"Angebot pro Wort"}]},{"@type":"WebSite","@id":"https:\/\/www.trustedtranslations.com\/de\/#website","url":"https:\/\/www.trustedtranslations.com\/de\/","name":"Trusted Translations, Inc.","description":"Leader in translation and interpretation services.","publisher":{"@id":"https:\/\/www.trustedtranslations.com\/de\/#organization"},"alternateName":"Trusted Translations","potentialAction":[{"@type":"SearchAction","target":{"@type":"EntryPoint","urlTemplate":"https:\/\/www.trustedtranslations.com\/de\/?s={search_term_string}"},"query-input":{"@type":"PropertyValueSpecification","valueRequired":true,"valueName":"search_term_string"}}],"inLanguage":"de"},{"@type":"Organization","@id":"https:\/\/www.trustedtranslations.com\/de\/#organization","name":"Trusted Translations","alternateName":"Trusted Translations, Inc.","url":"https:\/\/www.trustedtranslations.com\/de\/","logo":{"@type":"ImageObject","inLanguage":"de","@id":"https:\/\/www.trustedtranslations.com\/de\/#\/schema\/logo\/image\/","url":"https:\/\/static.trustedtranslations.com\/wp-content\/uploads\/2022\/01\/TT_logo_WSIColors-2.png","contentUrl":"https:\/\/static.trustedtranslations.com\/wp-content\/uploads\/2022\/01\/TT_logo_WSIColors-2.png","width":500,"height":196,"caption":"Trusted Translations"},"image":{"@id":"https:\/\/www.trustedtranslations.com\/de\/#\/schema\/logo\/image\/"},"sameAs":["https:\/\/www.facebook.com\/Trusted.Translations","https:\/\/x.com\/TrustedT9ns","https:\/\/www.linkedin.com\/company\/trusted-translations"]}]}},"toolset-meta":{"dyk":{"mensaje-1":{"type":"textfield","raw":""},"mensaje-2":{"type":"textfield","raw":""},"mensaje-3":{"type":"textfield","raw":"<em>Trusted Translations<\/em> bietet hochwertige professionelle \u00dcbersetzungen zu \u00e4u\u00dferst g\u00fcnstigen Preisen"},"mensaje-4":{"type":"textfield","raw":"Unsere gesch\u00e4tzten Bearbeitungszeiten k\u00f6nnen je nach Projektvolumen nur einen Tag betragen."},"mensaje-5":{"type":"textfield","raw":"Trusted Translations bietet schnellere Bearbeitungszeiten bei h\u00f6herer Qualit\u00e4t und zu besseren Preisen."},"mensaje-6":{"type":"textfield","raw":""}},"single-page-template-fields":{"imgs-temp":{"type":"image","raw":["https:\/\/static.trustedtranslations.com\/wp-content\/uploads\/2022\/05\/Group-125-1.jpg","https:\/\/static.trustedtranslations.com\/wp-content\/uploads\/2022\/05\/Group-126-1-1.jpg"],"repeatable":[{"raw":"https:\/\/static.trustedtranslations.com\/wp-content\/uploads\/2022\/05\/Group-125-1.jpg"},{"raw":"https:\/\/static.trustedtranslations.com\/wp-content\/uploads\/2022\/05\/Group-126-1-1.jpg"}]},"imgs-temp-cel":{"type":"image","raw":[""],"repeatable":[{"raw":""}]},"img-temp-one-cel":{"type":"image","raw":"https:\/\/static.trustedtranslations.com\/wp-content\/uploads\/2022\/05\/Group-126-1-1.jpg","attachment_id":null},"quotes":{"type":"textarea","raw":"<h1 style=\"margin-bottom: 12px;\">\u00dcbersetzungsangebot pro Wort<\/h1>\r\nIn diesem hart umk\u00e4mpften globalen Umfeld versteht <em>Trusted Translations<\/em>, dass Sie Ihre Projekte innerhalb des Budgets halten m\u00fcssen. Aus diesem Grund haben wir ein Verfahren f\u00fcr die Erstellung von Kostenvoranschl\u00e4gen eingef\u00fchrt, das darauf abzielt, Ihnen vor Beginn eines jeden \u00dcbersetzungsprojekts ein H\u00f6chstma\u00df an Genauigkeit und Ausf\u00fchrlichkeit bei der Preisgestaltung zu bieten.\r\n<div style=\"margin-top: 2.5vw;\"><a class=\"tt-btn-main-cta\" href=\"https:\/\/www.trustedtranslations.com\/de\/angebot\">Kostenlosen Kostenvoranschlag anfordern<\/a><\/div>"},"text-1":{"type":"textarea","raw":"<h2>Angebote pro Quellwortzahl<\/h2>\r\nFast alle \u00dcbersetzungsprojekte beginnen mit einer Reihe von Quelldokumenten (d. h. den Originaldokumenten), die in eine andere Sprache (Zielsprache) \u00fcbersetzt werden sollen. Da zu Beginn eines Projekts nur die Quelldokumente verf\u00fcgbar sind, glauben wir fest daran, dass der transparenteste und fairste Weg, ein Dokument zu bewerten, die Verwendung einer quellenbasierten Wortzahl ist. Unsere ausgereiften Tools sind so ausgestattet, dass sie die genaue Wortzahl der Quelldokumente ermitteln und Ihnen vor Projektbeginn ein genaues Angebot unterbreiten.\r\n\r\nDie Verwendung einer Quellwortzahl vermeidet den \u00c4rger und die Verwirrung, die eine nur gesch\u00e4tzte Wortzahl f\u00fcr die endg\u00fcltige \u00dcbersetzung (Zieltext) mit sich bringt, und verhindert unangenehme \u00dcberraschungen zum Zeitpunkt der Rechnungsstellung. Dar\u00fcber hinaus haben wir die Erfahrung gemacht, dass unsere Kunden mit unserer Preisgestaltung Geld sparen, da die Ausgangsdokumente oft weniger W\u00f6rter enthalten als die endg\u00fcltigen Dokumente (Zieldokumente). Kunden k\u00f6nnen mit unserer Preismethodik zwischen 20 - 30% sparen.\r\n<h2>Kostenloses Angebot<\/h2>\r\n<em>Trusted Translations<\/em> erstellt Ihnen in der Budgetierungsphase ein kostenloses Angebot, um Ihnen vor Beginn eines Projekts klare Zahlen zu liefern und Ihnen so bei der Einsch\u00e4tzung zu helfen, ob ein bestimmtes \u00dcbersetzungsprojekt zu diesem Zeitpunkt das Richtige f\u00fcr Sie ist.\r\n\r\n<a href=\"https:\/\/www.trustedtranslations.com\/de\/angebot\" target=\"_blank\" rel=\"noopener\">Kostenloses \u00dcbersetzungsangebot pro Wort<\/a>\r\n<h2>Vorteile eines Angebots pro Quellwort<\/h2>\r\nIm Folgenden werden einige der Vorteile einer Preisgestaltung nach der Anzahl der Quellw\u00f6rter genannt:\r\n<ul>\r\n \t<li>Da der Preis auf den Quelldokumenten (die zu Beginn des Projekts zur Verf\u00fcgung stehen) basiert, ist er fest und \u00e4ndert sich nicht in Abh\u00e4ngigkeit von der Anzahl der W\u00f6rter des \u00fcbersetzten Textes, solange Sie den Input f\u00fcr den \u00dcbersetzungsprozess nicht \u00e4ndern.<\/li>\r\n \t<li>Sie werden Geld sparen. Durch die nat\u00fcrliche Texterweiterung des \u00fcbersetzten Textes sparen Sie je nach Sprachpaar bis zu 30%.<\/li>\r\n \t<li>Keine \u00dcberraschungen. Da sich die Anzahl der Quellw\u00f6rter nicht \u00e4ndert, gehen Sie sicher, dass Sie das Budget einhalten.<\/li>\r\n<\/ul>\r\n<h2>Nachteile eines Angebots pro Zielwort<\/h2>\r\nIm Folgenden sind einige der Nachteile der Verwendung einer Preismethode mit Zielwortzahl aufgef\u00fchrt:\r\n<ul>\r\n \t<li>Zielgerichtete Angebote sind nur Sch\u00e4tzungen, da kein \u00dcbersetzungsunternehmen die Wortzahl eines \u00fcbersetzten Dokuments genau vorhersagen kann.<\/li>\r\n \t<li>Sie bezahlen mehr. Die Anzahl der Zielw\u00f6rter ist aufgrund der Texterweiterung \u00fcbersetzter Materialien in der Regel um bis zu 30% h\u00f6her.<\/li>\r\n \t<li>Der tats\u00e4chlich in Rechnung zu stellende Preis ist erst am Ende des Prozesses bekannt. Sie m\u00fcssen warten, bis alle Arbeiten abgeschlossen sind, um einen endg\u00fcltigen Preis f\u00fcr Ihr Projekt zu erhalten. Dies kann bei der Rechnungsstellung zu unangenehmen \u00dcberraschungen f\u00fchren.<\/li>\r\n<\/ul>"},"shortcode-map":{"type":"textfield","raw":""},"dyk-shortcode":{"type":"textfield","raw":"[elementor-template id=\"146647\"]"},"text-2":{"type":"textarea","raw":"<h2>Angebote pro Zielwortanzahl<\/h2>\r\nEs gibt einige bemerkenswerte Ausnahmen von den Kriterien f\u00fcr die Verwendung der Quellwortzahl bei der Preisgestaltung einer \u00dcbersetzung. Es gibt einige F\u00e4lle, in denen die bessere Wahl darin besteht, die Preise entsprechend der Wortzahl der Zielsprache festzulegen:\r\n<ul>\r\n \t<li>\u00dcbersetzung einer Audiodatei ohne Wortzahl<\/li>\r\n \t<li>Wenn das Quellmaterial nicht in einem bearbeitbaren elektronischen Format (Papierformat) verf\u00fcgbar ist<\/li>\r\n \t<li>\u00dcbersetzung aus einer Sprache ohne lateinische Schrift, bei der die Wortz\u00e4hlung kompliziert wird, da einige dieser Sprachen keine Alphabete verwenden oder die W\u00f6rter nicht trennen<\/li>\r\n \t<li>Korrekturlesen von Texten<\/li>\r\n<\/ul>\r\nIn diesen F\u00e4llen haben wir festgestellt, dass die Preisgestaltung genauer ist, wenn die Wortzahl in der Zielsprache und nicht die Wortzahl in der Quellsprache verwendet wird.\r\n<h2>Textverk\u00fcrzung und -erweiterung f\u00fcr verschiedene Sprachpaare<\/h2>\r\nBasierend auf statistischen branchenweiten Erkenntnissen und unseren eigenen Erfahrungen aus der j\u00e4hrlichen \u00dcbersetzung von Millionen von W\u00f6rtern, wird die \u00dcbersetzung in und aus bestimmten Sprachen entweder zu einer Texterweiterung oder einer Textverk\u00fcrzung f\u00fchren. Dies kann sich sowohl auf die Kosten als auch auf die Formatierung des \u00fcbersetzten Dokuments auswirken. \u00dcbersetzte Dokumente mit Texterweiterung m\u00fcssen m\u00f6glicherweise ge\u00e4ndert werden, um mehr Text aufzunehmen. Im Falle von Rechtsdokumenten oder Dokumenten, die von einer Regierungsbeh\u00f6rde reguliert werden, k\u00f6nnen DTP- oder Neuerstellungsdienstleistungen erforderlich sein, um sicherzustellen, dass das endg\u00fcltige Dokument dem gesetzlichen Textumfang und der Seitenzahl entspricht.\r\n\r\nIm Folgenden finden Sie branchenweite Benchmarks in Bezug auf die Texterweiterung oder -verk\u00fcrzung:\r\n<ul>\r\n \t<li>Aus dem Englischen ins Spanische: 20% Erweiterung<\/li>\r\n \t<li>Aus dem Englischen ins Portugiesische: 20 bis 30% Erweiterung<\/li>\r\n \t<li>Aus dem Portugiesischen ins Englische: 10 bis 15% Verk\u00fcrzung<\/li>\r\n \t<li>Aus dem Spanischen ins Englische: 15% Verk\u00fcrzung<\/li>\r\n \t<li>Aus dem Englischen ins Franz\u00f6sische: 15 bis 20% Erweiterung<\/li>\r\n \t<li>Aus dem Englischen ins Deutsche: 5 bis 20% Verk\u00fcrzung<\/li>\r\n \t<li>Aus dem Englischen ins Italienische: 15% Erweiterung<\/li>\r\n \t<li>Aus dem Franz\u00f6sischen ins Englische: 10 bis 15% Verk\u00fcrzung<\/li>\r\n \t<li>Aus dem Deutschen ins Englische: 5 bis 40% Erweiterung<\/li>\r\n \t<li>Aus dem Italienischen ins Englische: 15% Verk\u00fcrzung<\/li>\r\n \t<li>Aus dem Spanischen ins Englische: 15% Verk\u00fcrzung<\/li>\r\n<\/ul>\r\n<h2>\u00dcbersetzungspreis pro Wort<\/h2>\r\nBei <em>Trusted Translations<\/em> bieten wir unseren Kunden die wettbewerbsf\u00e4higsten Preise und die h\u00f6chste Qualit\u00e4t in der Branche. Wir sind stolz auf unsere F\u00e4higkeit, qualitativ hochwertige \u00dcbersetzungen zu liefern und gleichzeitig Ihrem Unternehmen bei jedem Projekt Geld einzusparen. Um die Vorteile unserer kostenlosen Angebots-Tools zu nutzen, senden Sie uns bitte die Dokumente, die Sie \u00fcbersetzen m\u00f6chten. Wenn das Projekt eine gro\u00dfe Anzahl von W\u00f6rtern umfasst und formatabh\u00e4ngig ist, bieten wir Ihnen einen kostenlosen \u00dcbersetzungstest an, um festzustellen, wie sich eine eventuelle K\u00fcrzung oder Erweiterung auf das Endergebnis auswirkt."},"state":{"type":"textfield","raw":""},"city":{"type":"textarea","raw":[]}}},"_links":{"self":[{"href":"https:\/\/www.trustedtranslations.com\/de\/wp-json\/wp\/v2\/pages\/129334","targetHints":{"allow":["GET"]}}],"collection":[{"href":"https:\/\/www.trustedtranslations.com\/de\/wp-json\/wp\/v2\/pages"}],"about":[{"href":"https:\/\/www.trustedtranslations.com\/de\/wp-json\/wp\/v2\/types\/page"}],"author":[{"embeddable":true,"href":"https:\/\/www.trustedtranslations.com\/de\/wp-json\/wp\/v2\/users\/1"}],"replies":[{"embeddable":true,"href":"https:\/\/www.trustedtranslations.com\/de\/wp-json\/wp\/v2\/comments?post=129334"}],"version-history":[{"count":0,"href":"https:\/\/www.trustedtranslations.com\/de\/wp-json\/wp\/v2\/pages\/129334\/revisions"}],"up":[{"embeddable":true,"href":"https:\/\/www.trustedtranslations.com\/de\/wp-json\/wp\/v2\/pages\/129330"}],"wp:featuredmedia":[{"embeddable":true,"href":"https:\/\/www.trustedtranslations.com\/de\/wp-json\/wp\/v2\/media\/139628"}],"wp:attachment":[{"href":"https:\/\/www.trustedtranslations.com\/de\/wp-json\/wp\/v2\/media?parent=129334"}],"curies":[{"name":"wp","href":"https:\/\/api.w.org\/{rel}","templated":true}]}}