{"id":129335,"date":"2018-11-20T17:58:07","date_gmt":"2018-11-20T17:58:07","guid":{"rendered":"https:\/\/www.trustedtranslations.com\/?page_id=129335"},"modified":"2024-09-06T12:14:52","modified_gmt":"2024-09-06T15:14:52","slug":"prozess","status":"publish","type":"page","link":"https:\/\/www.trustedtranslations.com\/de\/ueber-uns\/prozess","title":{"rendered":"Prozess"},"content":{"rendered":"","protected":false},"excerpt":{"rendered":"","protected":false},"author":1,"featured_media":139628,"parent":129499,"menu_order":0,"comment_status":"closed","ping_status":"closed","template":"","meta":{"site-sidebar-layout":"default","site-content-layout":"default","ast-site-content-layout":"default","site-content-style":"default","site-sidebar-style":"default","ast-global-header-display":"","ast-banner-title-visibility":"","ast-main-header-display":"","ast-hfb-above-header-display":"","ast-hfb-below-header-display":"","ast-hfb-mobile-header-display":"","site-post-title":"disabled","ast-breadcrumbs-content":"","ast-featured-img":"","footer-sml-layout":"","ast-disable-related-posts":"","theme-transparent-header-meta":"default","adv-header-id-meta":"","stick-header-meta":"","header-above-stick-meta":"","header-main-stick-meta":"","header-below-stick-meta":"","astra-migrate-meta-layouts":"set","ast-page-background-enabled":"default","ast-page-background-meta":{"desktop":{"background-color":"var(--ast-global-color-4)","background-image":"","background-repeat":"repeat","background-position":"center center","background-size":"auto","background-attachment":"scroll","background-type":"","background-media":"","overlay-type":"","overlay-color":"","overlay-opacity":"","overlay-gradient":""},"tablet":{"background-color":"","background-image":"","background-repeat":"repeat","background-position":"center center","background-size":"auto","background-attachment":"scroll","background-type":"","background-media":"","overlay-type":"","overlay-color":"","overlay-opacity":"","overlay-gradient":""},"mobile":{"background-color":"","background-image":"","background-repeat":"repeat","background-position":"center center","background-size":"auto","background-attachment":"scroll","background-type":"","background-media":"","overlay-type":"","overlay-color":"","overlay-opacity":"","overlay-gradient":""}},"ast-content-background-meta":{"desktop":{"background-color":"var(--ast-global-color-5)","background-image":"","background-repeat":"repeat","background-position":"center center","background-size":"auto","background-attachment":"scroll","background-type":"","background-media":"","overlay-type":"","overlay-color":"","overlay-opacity":"","overlay-gradient":""},"tablet":{"background-color":"var(--ast-global-color-5)","background-image":"","background-repeat":"repeat","background-position":"center center","background-size":"auto","background-attachment":"scroll","background-type":"","background-media":"","overlay-type":"","overlay-color":"","overlay-opacity":"","overlay-gradient":""},"mobile":{"background-color":"var(--ast-global-color-5)","background-image":"","background-repeat":"repeat","background-position":"center center","background-size":"auto","background-attachment":"scroll","background-type":"","background-media":"","overlay-type":"","overlay-color":"","overlay-opacity":"","overlay-gradient":""}},"footnotes":""},"class_list":["post-129335","page","type-page","status-publish","has-post-thumbnail","hentry"],"yoast_head":"<!-- This site is optimized with the Yoast SEO plugin v27.5 - https:\/\/yoast.com\/product\/yoast-seo-wordpress\/ -->\n<title>\u00dcbersetzungsprozess: Aufgabenmanagement von Trusted Translations.<\/title>\n<meta name=\"description\" content=\"Der \u00dcbersetzungsprozess von Trusted Translations besteht aus \u00dcbersetzung, Lektorat und Korrekturlesen (TEP), die von drei verschiedenen zertifizierten Linguisten-Teams durchgef\u00fchrt werden. Fordern Sie ein kostenloses Angebot oder eine Beratung an.\" \/>\n<meta name=\"robots\" content=\"index, follow, max-snippet:-1, max-image-preview:large, max-video-preview:-1\" \/>\n<link rel=\"canonical\" href=\"https:\/\/www.trustedtranslations.com\/de\/ueber-uns\/prozess\" \/>\n<meta property=\"og:locale\" content=\"de_DE\" \/>\n<meta property=\"og:type\" content=\"article\" \/>\n<meta property=\"og:title\" content=\"\u00dcbersetzungsprozess: Aufgabenmanagement von Trusted Translations.\" \/>\n<meta property=\"og:description\" content=\"Der \u00dcbersetzungsprozess von Trusted Translations besteht aus \u00dcbersetzung, Lektorat und Korrekturlesen (TEP), die von drei verschiedenen zertifizierten Linguisten-Teams durchgef\u00fchrt werden. Fordern Sie ein kostenloses Angebot oder eine Beratung an.\" \/>\n<meta property=\"og:url\" content=\"https:\/\/www.trustedtranslations.com\/de\/ueber-uns\/prozess\" \/>\n<meta property=\"og:site_name\" content=\"Trusted Translations, Inc.\" \/>\n<meta property=\"article:publisher\" content=\"https:\/\/www.facebook.com\/Trusted.Translations\" \/>\n<meta property=\"article:modified_time\" content=\"2024-09-06T15:14:52+00:00\" \/>\n<meta property=\"og:image\" content=\"https:\/\/static.trustedtranslations.com\/wp-content\/uploads\/2022\/03\/TT_NEW_FB-1.png\" \/>\n\t<meta property=\"og:image:width\" content=\"1038\" \/>\n\t<meta property=\"og:image:height\" content=\"1038\" \/>\n\t<meta property=\"og:image:type\" content=\"image\/png\" \/>\n<meta name=\"twitter:card\" content=\"summary_large_image\" \/>\n<meta name=\"twitter:site\" content=\"@TrustedT9ns\" \/>\n<script type=\"application\/ld+json\" class=\"yoast-schema-graph\">{\"@context\":\"https:\\\/\\\/schema.org\",\"@graph\":[{\"@type\":\"WebPage\",\"@id\":\"https:\\\/\\\/www.trustedtranslations.com\\\/de\\\/ueber-uns\\\/prozess\",\"url\":\"https:\\\/\\\/www.trustedtranslations.com\\\/de\\\/ueber-uns\\\/prozess\",\"name\":\"\u00dcbersetzungsprozess: Aufgabenmanagement von Trusted Translations.\",\"isPartOf\":{\"@id\":\"https:\\\/\\\/www.trustedtranslations.com\\\/de\\\/#website\"},\"primaryImageOfPage\":{\"@id\":\"https:\\\/\\\/www.trustedtranslations.com\\\/de\\\/ueber-uns\\\/prozess#primaryimage\"},\"image\":{\"@id\":\"https:\\\/\\\/www.trustedtranslations.com\\\/de\\\/ueber-uns\\\/prozess#primaryimage\"},\"thumbnailUrl\":\"https:\\\/\\\/www.trustedtranslations.com\\\/wp-content\\\/uploads\\\/2022\\\/03\\\/TT_NEW_FB-1.png\",\"description\":\"Der \u00dcbersetzungsprozess von Trusted Translations besteht aus \u00dcbersetzung, Lektorat und Korrekturlesen (TEP), die von drei verschiedenen zertifizierten Linguisten-Teams durchgef\u00fchrt werden. Fordern Sie ein kostenloses Angebot oder eine Beratung an.\",\"breadcrumb\":{\"@id\":\"https:\\\/\\\/www.trustedtranslations.com\\\/de\\\/ueber-uns\\\/prozess#breadcrumb\"},\"inLanguage\":\"de\",\"potentialAction\":[{\"@type\":\"ReadAction\",\"target\":[\"https:\\\/\\\/www.trustedtranslations.com\\\/de\\\/ueber-uns\\\/prozess\"]}]},{\"@type\":\"ImageObject\",\"inLanguage\":\"de\",\"@id\":\"https:\\\/\\\/www.trustedtranslations.com\\\/de\\\/ueber-uns\\\/prozess#primaryimage\",\"url\":\"https:\\\/\\\/www.trustedtranslations.com\\\/wp-content\\\/uploads\\\/2022\\\/03\\\/TT_NEW_FB-1.png\",\"contentUrl\":\"https:\\\/\\\/www.trustedtranslations.com\\\/wp-content\\\/uploads\\\/2022\\\/03\\\/TT_NEW_FB-1.png\",\"width\":1038,\"height\":1038,\"caption\":\"TT NEW FB 1\"},{\"@type\":\"BreadcrumbList\",\"@id\":\"https:\\\/\\\/www.trustedtranslations.com\\\/de\\\/ueber-uns\\\/prozess#breadcrumb\",\"itemListElement\":[{\"@type\":\"ListItem\",\"position\":1,\"name\":\"Home\",\"item\":\"https:\\\/\\\/www.trustedtranslations.com\\\/de\"},{\"@type\":\"ListItem\",\"position\":2,\"name\":\"\u00dcber uns\",\"item\":\"https:\\\/\\\/www.trustedtranslations.com\\\/de\\\/ueber-uns\"},{\"@type\":\"ListItem\",\"position\":3,\"name\":\"Prozess\"}]},{\"@type\":\"WebSite\",\"@id\":\"https:\\\/\\\/www.trustedtranslations.com\\\/de\\\/#website\",\"url\":\"https:\\\/\\\/www.trustedtranslations.com\\\/de\\\/\",\"name\":\"Trusted Translations, Inc.\",\"description\":\"Leader in translation and interpretation services.\",\"publisher\":{\"@id\":\"https:\\\/\\\/www.trustedtranslations.com\\\/de\\\/#organization\"},\"alternateName\":\"Trusted Translations\",\"potentialAction\":[{\"@type\":\"SearchAction\",\"target\":{\"@type\":\"EntryPoint\",\"urlTemplate\":\"https:\\\/\\\/www.trustedtranslations.com\\\/de\\\/?s={search_term_string}\"},\"query-input\":{\"@type\":\"PropertyValueSpecification\",\"valueRequired\":true,\"valueName\":\"search_term_string\"}}],\"inLanguage\":\"de\"},{\"@type\":\"Organization\",\"@id\":\"https:\\\/\\\/www.trustedtranslations.com\\\/de\\\/#organization\",\"name\":\"Trusted Translations\",\"alternateName\":\"Trusted Translations, Inc.\",\"url\":\"https:\\\/\\\/www.trustedtranslations.com\\\/de\\\/\",\"logo\":{\"@type\":\"ImageObject\",\"inLanguage\":\"de\",\"@id\":\"https:\\\/\\\/www.trustedtranslations.com\\\/de\\\/#\\\/schema\\\/logo\\\/image\\\/\",\"url\":\"https:\\\/\\\/static.trustedtranslations.com\\\/wp-content\\\/uploads\\\/2022\\\/01\\\/TT_logo_WSIColors-2.png\",\"contentUrl\":\"https:\\\/\\\/static.trustedtranslations.com\\\/wp-content\\\/uploads\\\/2022\\\/01\\\/TT_logo_WSIColors-2.png\",\"width\":500,\"height\":196,\"caption\":\"Trusted Translations\"},\"image\":{\"@id\":\"https:\\\/\\\/www.trustedtranslations.com\\\/de\\\/#\\\/schema\\\/logo\\\/image\\\/\"},\"sameAs\":[\"https:\\\/\\\/www.facebook.com\\\/Trusted.Translations\",\"https:\\\/\\\/x.com\\\/TrustedT9ns\",\"https:\\\/\\\/www.linkedin.com\\\/company\\\/trusted-translations\"]}]}<\/script>\n<!-- \/ Yoast SEO plugin. -->","yoast_head_json":{"title":"\u00dcbersetzungsprozess: Aufgabenmanagement von Trusted Translations.","description":"Der \u00dcbersetzungsprozess von Trusted Translations besteht aus \u00dcbersetzung, Lektorat und Korrekturlesen (TEP), die von drei verschiedenen zertifizierten Linguisten-Teams durchgef\u00fchrt werden. Fordern Sie ein kostenloses Angebot oder eine Beratung an.","robots":{"index":"index","follow":"follow","max-snippet":"max-snippet:-1","max-image-preview":"max-image-preview:large","max-video-preview":"max-video-preview:-1"},"canonical":"https:\/\/www.trustedtranslations.com\/de\/ueber-uns\/prozess","og_locale":"de_DE","og_type":"article","og_title":"\u00dcbersetzungsprozess: Aufgabenmanagement von Trusted Translations.","og_description":"Der \u00dcbersetzungsprozess von Trusted Translations besteht aus \u00dcbersetzung, Lektorat und Korrekturlesen (TEP), die von drei verschiedenen zertifizierten Linguisten-Teams durchgef\u00fchrt werden. Fordern Sie ein kostenloses Angebot oder eine Beratung an.","og_url":"https:\/\/www.trustedtranslations.com\/de\/ueber-uns\/prozess","og_site_name":"Trusted Translations, Inc.","article_publisher":"https:\/\/www.facebook.com\/Trusted.Translations","article_modified_time":"2024-09-06T15:14:52+00:00","og_image":[{"width":1038,"height":1038,"url":"https:\/\/static.trustedtranslations.com\/wp-content\/uploads\/2022\/03\/TT_NEW_FB-1.png","type":"image\/png"}],"twitter_card":"summary_large_image","twitter_site":"@TrustedT9ns","schema":{"@context":"https:\/\/schema.org","@graph":[{"@type":"WebPage","@id":"https:\/\/www.trustedtranslations.com\/de\/ueber-uns\/prozess","url":"https:\/\/www.trustedtranslations.com\/de\/ueber-uns\/prozess","name":"\u00dcbersetzungsprozess: Aufgabenmanagement von Trusted Translations.","isPartOf":{"@id":"https:\/\/www.trustedtranslations.com\/de\/#website"},"primaryImageOfPage":{"@id":"https:\/\/www.trustedtranslations.com\/de\/ueber-uns\/prozess#primaryimage"},"image":{"@id":"https:\/\/www.trustedtranslations.com\/de\/ueber-uns\/prozess#primaryimage"},"thumbnailUrl":"https:\/\/www.trustedtranslations.com\/wp-content\/uploads\/2022\/03\/TT_NEW_FB-1.png","description":"Der \u00dcbersetzungsprozess von Trusted Translations besteht aus \u00dcbersetzung, Lektorat und Korrekturlesen (TEP), die von drei verschiedenen zertifizierten Linguisten-Teams durchgef\u00fchrt werden. Fordern Sie ein kostenloses Angebot oder eine Beratung an.","breadcrumb":{"@id":"https:\/\/www.trustedtranslations.com\/de\/ueber-uns\/prozess#breadcrumb"},"inLanguage":"de","potentialAction":[{"@type":"ReadAction","target":["https:\/\/www.trustedtranslations.com\/de\/ueber-uns\/prozess"]}]},{"@type":"ImageObject","inLanguage":"de","@id":"https:\/\/www.trustedtranslations.com\/de\/ueber-uns\/prozess#primaryimage","url":"https:\/\/www.trustedtranslations.com\/wp-content\/uploads\/2022\/03\/TT_NEW_FB-1.png","contentUrl":"https:\/\/www.trustedtranslations.com\/wp-content\/uploads\/2022\/03\/TT_NEW_FB-1.png","width":1038,"height":1038,"caption":"TT NEW FB 1"},{"@type":"BreadcrumbList","@id":"https:\/\/www.trustedtranslations.com\/de\/ueber-uns\/prozess#breadcrumb","itemListElement":[{"@type":"ListItem","position":1,"name":"Home","item":"https:\/\/www.trustedtranslations.com\/de"},{"@type":"ListItem","position":2,"name":"\u00dcber uns","item":"https:\/\/www.trustedtranslations.com\/de\/ueber-uns"},{"@type":"ListItem","position":3,"name":"Prozess"}]},{"@type":"WebSite","@id":"https:\/\/www.trustedtranslations.com\/de\/#website","url":"https:\/\/www.trustedtranslations.com\/de\/","name":"Trusted Translations, Inc.","description":"Leader in translation and interpretation services.","publisher":{"@id":"https:\/\/www.trustedtranslations.com\/de\/#organization"},"alternateName":"Trusted Translations","potentialAction":[{"@type":"SearchAction","target":{"@type":"EntryPoint","urlTemplate":"https:\/\/www.trustedtranslations.com\/de\/?s={search_term_string}"},"query-input":{"@type":"PropertyValueSpecification","valueRequired":true,"valueName":"search_term_string"}}],"inLanguage":"de"},{"@type":"Organization","@id":"https:\/\/www.trustedtranslations.com\/de\/#organization","name":"Trusted Translations","alternateName":"Trusted Translations, Inc.","url":"https:\/\/www.trustedtranslations.com\/de\/","logo":{"@type":"ImageObject","inLanguage":"de","@id":"https:\/\/www.trustedtranslations.com\/de\/#\/schema\/logo\/image\/","url":"https:\/\/static.trustedtranslations.com\/wp-content\/uploads\/2022\/01\/TT_logo_WSIColors-2.png","contentUrl":"https:\/\/static.trustedtranslations.com\/wp-content\/uploads\/2022\/01\/TT_logo_WSIColors-2.png","width":500,"height":196,"caption":"Trusted Translations"},"image":{"@id":"https:\/\/www.trustedtranslations.com\/de\/#\/schema\/logo\/image\/"},"sameAs":["https:\/\/www.facebook.com\/Trusted.Translations","https:\/\/x.com\/TrustedT9ns","https:\/\/www.linkedin.com\/company\/trusted-translations"]}]}},"toolset-meta":{"dyk":{"mensaje-1":{"type":"textfield","raw":"Wir bieten einen Desktop-Publishing-Manager (DTP) f\u00fcr Projekte im Bereich Kunst oder Grafikdesign."},"mensaje-2":{"type":"textfield","raw":""},"mensaje-3":{"type":"textfield","raw":"Ein Lektor, ein Korrektor und ein Content Manager \u00fcberpr\u00fcfen jede Phase jedes Projekts."},"mensaje-4":{"type":"textfield","raw":"Jede unserer \u00dcbersetzungen wird von menschlichen Fachleuten \u00fcberarbeitet, unabh\u00e4ngig vom Projektvolumen."},"mensaje-5":{"type":"textfield","raw":""},"mensaje-6":{"type":"textfield","raw":""}},"single-page-template-fields":{"imgs-temp":{"type":"image","raw":["https:\/\/static.trustedtranslations.com\/wp-content\/uploads\/2024\/07\/Group-124-1.webp","https:\/\/static.trustedtranslations.com\/wp-content\/uploads\/2024\/07\/Group-123-1.webp"],"repeatable":[{"raw":"https:\/\/static.trustedtranslations.com\/wp-content\/uploads\/2024\/07\/Group-124-1.webp"},{"raw":"https:\/\/static.trustedtranslations.com\/wp-content\/uploads\/2024\/07\/Group-123-1.webp"}]},"imgs-temp-cel":{"type":"image","raw":[""],"repeatable":[{"raw":""}]},"img-temp-one-cel":{"type":"image","raw":"https:\/\/static.trustedtranslations.com\/wp-content\/uploads\/2024\/07\/AdobeStock_482079081-1-1.webp","attachment_id":null},"quotes":{"type":"textarea","raw":"<h1 style=\"margin-bottom: 12px;\">Unser \u00dcbersetzungsprozess<\/h1>\r\nObwohl wir verschiedene \u00dcbersetzungsoptionen anbieten, die sich nach dem jeweiligen Budget und den Anforderungen an die Bearbeitungszeit richten, verlangen unsere Kunden in der Regel einen Standard\u00fcbersetzungsprozess, der aus \u00dcbersetzung, Lektorat und Korrekturlesen (TEP) besteht und von drei verschiedenen zertifizierten Linguisten-Teams durchgef\u00fchrt wird. Am Ende dieses 3-stufigen Prozesses wird vor der Lieferung eine abschlie\u00dfende Qualit\u00e4tskontrolle durch den Projektmanager durchgef\u00fchrt.\r\n<div style=\"margin-top: 2.5vw;\"><a class=\"tt-btn-main-cta\" href=\"https:\/\/www.trustedtranslations.com\/de\/angebot\">Kostenlosen Kostenvoranschlag anfordern<\/a><\/div>"},"text-1":{"type":"textarea","raw":"<h2>Trusted Translations: Gesicherte Qualit\u00e4t<\/h2><em>Der \u00dcbersetzungsprozess von Trusted Translations<\/em> ist darauf ausgelegt, der Qualit\u00e4tssicherung Priorit\u00e4t einzur\u00e4umen. Drei aufeinanderfolgende Kontrollpunkte zur Qualit\u00e4tspr\u00fcfung folgen dem ersten Schritt jeder \u00dcbersetzung, um die h\u00f6chstm\u00f6gliche Ausgabequalit\u00e4t zu gew\u00e4hrleisten. Wenn es sich um Druckvorlagen oder Grafiken handelt und das Projekt eine Spiegelung des Originalmaterials erfordert, wird ein erfahrener DTP-Manager auch die Fertigstellung aller erforderlichen Design- und Formatierungsarbeiten \u00fcberwachen.\r\n<h2>Aufgabenverwaltung des \u00dcbersetzungsprozesses<\/h2>\r\nDie Strategie von <em>Trusted Translations<\/em> f\u00fcr hochvolumige \u00dcbersetzungen basiert auf einem ganzheitlichen Aufgabenmanagement-Ansatz. Unser bew\u00e4hrtes System erleichtert die Kommunikation und Zusammenarbeit zwischen allen unseren \u00dcbersetzungsteams, um sicherzustellen, dass Sie konsistente, qualitativ hochwertige Ergebnisse erhalten.\r\n\r\nJedem Projekt ist ein Senior-Projektmanager zugeordnet, der die folgenden Aufgaben \u00fcbernimmt:\r\n<ul>\r\n \t<li>\r\n<h3>Auswahl von \u00dcbersetzerteams<\/h3>\r\n<\/li>\r\n<\/ul>\r\nDie zugewiesenen Linguistenteams werden auf der Grundlage von Erfahrung und Fachgebiet bestimmt. Alle unsere \u00dcbersetzer sind Muttersprachler in der Zielsprache. F\u00fcr hochtechnische Inhalte verlassen wir uns auf Experten, um die korrekte Verwendung von Fachbegriffen zu gew\u00e4hrleisten. Wir arbeiten eng mit Kundenvertretern zusammen, um sicherzustellen, dass die \u00dcbersetzung in \u00dcbereinstimmung mit der bevorzugten Terminologie des Kunden fertiggestellt wird.\r\n<ul>\r\n \t<li>\r\n<h2>Terminologieverwaltung<\/h2>\r\n<\/li>\r\n<\/ul>\r\nAbh\u00e4ngig von den Besonderheiten des Projekts wird auf Wunsch gemeinsam mit dem Kunden ein umfassendes Glossar mit projektspezifischen Begriffen erstellt. Dieser Prozess wird von einem Terminologie-\/Inhaltsmanager gesteuert, dessen einzige Aufgabe darin besteht, Begriffe zu empfangen, zu interpretieren, umzuwandeln und in ein dynamisches Glossar zu implementieren, das an unsere Linguisten-Teams verteilt wird. Dieser Prozess sorgt f\u00fcr Konsistenz w\u00e4hrend des gesamten Projekts und ist entscheidend f\u00fcr die Aufrechterhaltung eines hohen Qualit\u00e4tsniveaus bei gro\u00dfen Projekten."},"shortcode-map":{"type":"textfield","raw":""},"dyk-shortcode":{"type":"textfield","raw":"[elementor-template id=\"146647\"]"},"text-2":{"type":"textarea","raw":"<ul>\r\n \t<li>\r\n<h3>Qualit\u00e4tsverifizierung und Prozesskontrolle<\/h3>\r\n<\/li>\r\n<\/ul>\r\nUnsere Verifizierungsverfahren und Tools verfolgen die Qualit\u00e4t aller Dokumente, sodass wir genaue \u00dcbersetzungen mit kurzen Bearbeitungszeiten liefern k\u00f6nnen. Jedes Dokument wird von einem \u00dcbersetzer, einem Korrekturleser und einem Content-Manager gepr\u00fcft. Dar\u00fcber hinaus haben diese Personen Zugang zu allen unseren internen Ressourcen zur Kl\u00e4rung von Fragen.\r\n<ul>\r\n \t<li>\r\n<h3>Desktop Publishing-Management<\/h3>\r\n<\/li>\r\n<\/ul>\r\nUnter der Annahme, dass Desktop-Publishing (DTP) erforderlich ist, wird ein DTP-Manager zugewiesen. Dieser beaufsichtigt ein Designteam, das f\u00fcr die R\u00fccksendung aller \u00fcbersetzten Dokumente im erforderlichen Designformat verantwortlich ist.\r\n<ul>\r\n \t<li>\r\n<h3>Translation Memorys<\/h3>\r\n<\/li>\r\n<\/ul>\r\nAlle unsere \u00dcbersetzungen werden von menschlichen \u00dcbersetzern angefertigt, und bei Projekten, bei denen das Post-Editing der maschinellen \u00dcbersetzung auf der Grundlage der MT-Qualit\u00e4t und der Zustimmung des Kunden genehmigt wurde, werden sie dennoch immer gr\u00fcndlich von unseren Linguisten \u00fcberpr\u00fcft und \u00fcberarbeitet.\r\n\r\nAbh\u00e4ngig von den betreffenden Fristen verwenden wir computergest\u00fctzte Speicherwerkzeuge, um bei umfangreichen \u00dcbersetzungen, die von Linguisten gepr\u00fcft wurden, Zeit zu sparen. Unsere Linguisten, die f\u00fcr die \u00dcberpr\u00fcfung und \u00dcberarbeitung zust\u00e4ndig sind, bewerten jede \u00dcbersetzung gr\u00fcndlich. Wir nehmen Sprachressourcen sehr ernst und lagern keine Qualit\u00e4t aus, um Zeit zu sparen.\r\n\r\nUm mehr \u00fcber den strengen dreistufigen \u00dcbersetzungsprozess von <em>Trusted Translations<\/em> oder \u00fcber unsere anderen Optionen zu erfahren, kontaktieren Sie uns bitte noch heute."},"state":{"type":"textfield","raw":""},"city":{"type":"textarea","raw":[]}}},"_links":{"self":[{"href":"https:\/\/www.trustedtranslations.com\/de\/wp-json\/wp\/v2\/pages\/129335","targetHints":{"allow":["GET"]}}],"collection":[{"href":"https:\/\/www.trustedtranslations.com\/de\/wp-json\/wp\/v2\/pages"}],"about":[{"href":"https:\/\/www.trustedtranslations.com\/de\/wp-json\/wp\/v2\/types\/page"}],"author":[{"embeddable":true,"href":"https:\/\/www.trustedtranslations.com\/de\/wp-json\/wp\/v2\/users\/1"}],"replies":[{"embeddable":true,"href":"https:\/\/www.trustedtranslations.com\/de\/wp-json\/wp\/v2\/comments?post=129335"}],"version-history":[{"count":0,"href":"https:\/\/www.trustedtranslations.com\/de\/wp-json\/wp\/v2\/pages\/129335\/revisions"}],"up":[{"embeddable":true,"href":"https:\/\/www.trustedtranslations.com\/de\/wp-json\/wp\/v2\/pages\/129499"}],"wp:featuredmedia":[{"embeddable":true,"href":"https:\/\/www.trustedtranslations.com\/de\/wp-json\/wp\/v2\/media\/139628"}],"wp:attachment":[{"href":"https:\/\/www.trustedtranslations.com\/de\/wp-json\/wp\/v2\/media?parent=129335"}],"curies":[{"name":"wp","href":"https:\/\/api.w.org\/{rel}","templated":true}]}}