{"id":129339,"date":"2018-11-20T17:17:08","date_gmt":"2018-11-20T17:17:08","guid":{"rendered":"https:\/\/www.trustedtranslations.com\/?page_id=129339"},"modified":"2025-12-17T11:10:40","modified_gmt":"2025-12-17T14:10:40","slug":"zertifizierungen","status":"publish","type":"page","link":"https:\/\/www.trustedtranslations.com\/de\/ueber-uns\/zertifizierungen","title":{"rendered":"Zertifizierungen"},"content":{"rendered":"","protected":false},"excerpt":{"rendered":"","protected":false},"author":1,"featured_media":139628,"parent":129499,"menu_order":0,"comment_status":"closed","ping_status":"closed","template":"","meta":{"site-sidebar-layout":"default","site-content-layout":"default","ast-site-content-layout":"default","site-content-style":"default","site-sidebar-style":"default","ast-global-header-display":"","ast-banner-title-visibility":"","ast-main-header-display":"","ast-hfb-above-header-display":"","ast-hfb-below-header-display":"","ast-hfb-mobile-header-display":"","site-post-title":"disabled","ast-breadcrumbs-content":"","ast-featured-img":"","footer-sml-layout":"","ast-disable-related-posts":"","theme-transparent-header-meta":"default","adv-header-id-meta":"","stick-header-meta":"","header-above-stick-meta":"","header-main-stick-meta":"","header-below-stick-meta":"","astra-migrate-meta-layouts":"set","ast-page-background-enabled":"default","ast-page-background-meta":{"desktop":{"background-color":"var(--ast-global-color-4)","background-image":"","background-repeat":"repeat","background-position":"center center","background-size":"auto","background-attachment":"scroll","background-type":"","background-media":"","overlay-type":"","overlay-color":"","overlay-opacity":"","overlay-gradient":""},"tablet":{"background-color":"","background-image":"","background-repeat":"repeat","background-position":"center center","background-size":"auto","background-attachment":"scroll","background-type":"","background-media":"","overlay-type":"","overlay-color":"","overlay-opacity":"","overlay-gradient":""},"mobile":{"background-color":"","background-image":"","background-repeat":"repeat","background-position":"center center","background-size":"auto","background-attachment":"scroll","background-type":"","background-media":"","overlay-type":"","overlay-color":"","overlay-opacity":"","overlay-gradient":""}},"ast-content-background-meta":{"desktop":{"background-color":"var(--ast-global-color-5)","background-image":"","background-repeat":"repeat","background-position":"center center","background-size":"auto","background-attachment":"scroll","background-type":"","background-media":"","overlay-type":"","overlay-color":"","overlay-opacity":"","overlay-gradient":""},"tablet":{"background-color":"var(--ast-global-color-5)","background-image":"","background-repeat":"repeat","background-position":"center center","background-size":"auto","background-attachment":"scroll","background-type":"","background-media":"","overlay-type":"","overlay-color":"","overlay-opacity":"","overlay-gradient":""},"mobile":{"background-color":"var(--ast-global-color-5)","background-image":"","background-repeat":"repeat","background-position":"center center","background-size":"auto","background-attachment":"scroll","background-type":"","background-media":"","overlay-type":"","overlay-color":"","overlay-opacity":"","overlay-gradient":""}},"footnotes":""},"class_list":["post-129339","page","type-page","status-publish","has-post-thumbnail","hentry"],"yoast_head":"<!-- This site is optimized with the Yoast SEO plugin v27.6 - https:\/\/yoast.com\/product\/yoast-seo-wordpress\/ -->\n<title>Trusted Translations: Zertifizierungen, Auszeichnungen und Ernennungen<\/title>\n<meta name=\"description\" content=\"Trusted Translations hat in den vergangenen Jahren zahlreiche Auszeichnungen, Zertifizierungen und Ernennungen f\u00fcr seine hervorragenden Leistungen auf dem Gebiet der Linguistik und \u00dcbersetzungen erhalten.\" \/>\n<meta name=\"robots\" content=\"index, follow, max-snippet:-1, max-image-preview:large, max-video-preview:-1\" \/>\n<link rel=\"canonical\" href=\"https:\/\/www.trustedtranslations.com\/de\/ueber-uns\/zertifizierungen\" \/>\n<meta property=\"og:locale\" content=\"de_DE\" \/>\n<meta property=\"og:type\" content=\"article\" \/>\n<meta property=\"og:title\" content=\"Trusted Translations: Zertifizierungen, Auszeichnungen und Ernennungen\" \/>\n<meta property=\"og:description\" content=\"Trusted Translations hat in den vergangenen Jahren zahlreiche Auszeichnungen, Zertifizierungen und Ernennungen f\u00fcr seine hervorragenden Leistungen auf dem Gebiet der Linguistik und \u00dcbersetzungen erhalten.\" \/>\n<meta property=\"og:url\" content=\"https:\/\/www.trustedtranslations.com\/de\/ueber-uns\/zertifizierungen\" \/>\n<meta property=\"og:site_name\" content=\"Trusted Translations, Inc.\" \/>\n<meta property=\"article:publisher\" content=\"https:\/\/www.facebook.com\/Trusted.Translations\" \/>\n<meta property=\"article:modified_time\" content=\"2025-12-17T14:10:40+00:00\" \/>\n<meta property=\"og:image\" content=\"https:\/\/www.trustedtranslations.com\/wp-content\/uploads\/2022\/03\/TT_NEW_FB-1.png\" \/>\n\t<meta property=\"og:image:width\" content=\"1038\" \/>\n\t<meta property=\"og:image:height\" content=\"1038\" \/>\n\t<meta property=\"og:image:type\" content=\"image\/png\" \/>\n<meta name=\"twitter:card\" content=\"summary_large_image\" \/>\n<meta name=\"twitter:site\" content=\"@TrustedT9ns\" \/>\n<script type=\"application\/ld+json\" class=\"yoast-schema-graph\">{\"@context\":\"https:\\\/\\\/schema.org\",\"@graph\":[{\"@type\":\"WebPage\",\"@id\":\"https:\\\/\\\/www.trustedtranslations.com\\\/de\\\/ueber-uns\\\/zertifizierungen\",\"url\":\"https:\\\/\\\/www.trustedtranslations.com\\\/de\\\/ueber-uns\\\/zertifizierungen\",\"name\":\"Trusted Translations: Zertifizierungen, Auszeichnungen und Ernennungen\",\"isPartOf\":{\"@id\":\"https:\\\/\\\/www.trustedtranslations.com\\\/de\\\/#website\"},\"primaryImageOfPage\":{\"@id\":\"https:\\\/\\\/www.trustedtranslations.com\\\/de\\\/ueber-uns\\\/zertifizierungen#primaryimage\"},\"image\":{\"@id\":\"https:\\\/\\\/www.trustedtranslations.com\\\/de\\\/ueber-uns\\\/zertifizierungen#primaryimage\"},\"thumbnailUrl\":\"https:\\\/\\\/www.trustedtranslations.com\\\/wp-content\\\/uploads\\\/2022\\\/03\\\/TT_NEW_FB-1.png\",\"description\":\"Trusted Translations hat in den vergangenen Jahren zahlreiche Auszeichnungen, Zertifizierungen und Ernennungen f\u00fcr seine hervorragenden Leistungen auf dem Gebiet der Linguistik und \u00dcbersetzungen erhalten.\",\"breadcrumb\":{\"@id\":\"https:\\\/\\\/www.trustedtranslations.com\\\/de\\\/ueber-uns\\\/zertifizierungen#breadcrumb\"},\"inLanguage\":\"de\",\"potentialAction\":[{\"@type\":\"ReadAction\",\"target\":[\"https:\\\/\\\/www.trustedtranslations.com\\\/de\\\/ueber-uns\\\/zertifizierungen\"]}]},{\"@type\":\"ImageObject\",\"inLanguage\":\"de\",\"@id\":\"https:\\\/\\\/www.trustedtranslations.com\\\/de\\\/ueber-uns\\\/zertifizierungen#primaryimage\",\"url\":\"https:\\\/\\\/www.trustedtranslations.com\\\/wp-content\\\/uploads\\\/2022\\\/03\\\/TT_NEW_FB-1.png\",\"contentUrl\":\"https:\\\/\\\/www.trustedtranslations.com\\\/wp-content\\\/uploads\\\/2022\\\/03\\\/TT_NEW_FB-1.png\",\"width\":1038,\"height\":1038,\"caption\":\"TT NEW FB 1\"},{\"@type\":\"BreadcrumbList\",\"@id\":\"https:\\\/\\\/www.trustedtranslations.com\\\/de\\\/ueber-uns\\\/zertifizierungen#breadcrumb\",\"itemListElement\":[{\"@type\":\"ListItem\",\"position\":1,\"name\":\"Home\",\"item\":\"https:\\\/\\\/www.trustedtranslations.com\\\/de\"},{\"@type\":\"ListItem\",\"position\":2,\"name\":\"\u00dcber uns\",\"item\":\"https:\\\/\\\/www.trustedtranslations.com\\\/de\\\/ueber-uns\"},{\"@type\":\"ListItem\",\"position\":3,\"name\":\"Zertifizierungen\"}]},{\"@type\":\"WebSite\",\"@id\":\"https:\\\/\\\/www.trustedtranslations.com\\\/de\\\/#website\",\"url\":\"https:\\\/\\\/www.trustedtranslations.com\\\/de\\\/\",\"name\":\"Trusted Translations, Inc.\",\"description\":\"Leader in translation and interpretation services.\",\"publisher\":{\"@id\":\"https:\\\/\\\/www.trustedtranslations.com\\\/de\\\/#organization\"},\"alternateName\":\"Trusted Translations\",\"potentialAction\":[{\"@type\":\"SearchAction\",\"target\":{\"@type\":\"EntryPoint\",\"urlTemplate\":\"https:\\\/\\\/www.trustedtranslations.com\\\/de\\\/?s={search_term_string}\"},\"query-input\":{\"@type\":\"PropertyValueSpecification\",\"valueRequired\":true,\"valueName\":\"search_term_string\"}}],\"inLanguage\":\"de\"},{\"@type\":\"Organization\",\"@id\":\"https:\\\/\\\/www.trustedtranslations.com\\\/de\\\/#organization\",\"name\":\"Trusted Translations\",\"alternateName\":\"Trusted Translations, Inc.\",\"url\":\"https:\\\/\\\/www.trustedtranslations.com\\\/de\\\/\",\"logo\":{\"@type\":\"ImageObject\",\"inLanguage\":\"de\",\"@id\":\"https:\\\/\\\/www.trustedtranslations.com\\\/de\\\/#\\\/schema\\\/logo\\\/image\\\/\",\"url\":\"https:\\\/\\\/static.trustedtranslations.com\\\/wp-content\\\/uploads\\\/2022\\\/01\\\/TT_logo_WSIColors-2.png\",\"contentUrl\":\"https:\\\/\\\/static.trustedtranslations.com\\\/wp-content\\\/uploads\\\/2022\\\/01\\\/TT_logo_WSIColors-2.png\",\"width\":500,\"height\":196,\"caption\":\"Trusted Translations\"},\"image\":{\"@id\":\"https:\\\/\\\/www.trustedtranslations.com\\\/de\\\/#\\\/schema\\\/logo\\\/image\\\/\"},\"sameAs\":[\"https:\\\/\\\/www.facebook.com\\\/Trusted.Translations\",\"https:\\\/\\\/x.com\\\/TrustedT9ns\",\"https:\\\/\\\/www.linkedin.com\\\/company\\\/trusted-translations\"]}]}<\/script>\n<!-- \/ Yoast SEO plugin. -->","yoast_head_json":{"title":"Trusted Translations: Zertifizierungen, Auszeichnungen und Ernennungen","description":"Trusted Translations hat in den vergangenen Jahren zahlreiche Auszeichnungen, Zertifizierungen und Ernennungen f\u00fcr seine hervorragenden Leistungen auf dem Gebiet der Linguistik und \u00dcbersetzungen erhalten.","robots":{"index":"index","follow":"follow","max-snippet":"max-snippet:-1","max-image-preview":"max-image-preview:large","max-video-preview":"max-video-preview:-1"},"canonical":"https:\/\/www.trustedtranslations.com\/de\/ueber-uns\/zertifizierungen","og_locale":"de_DE","og_type":"article","og_title":"Trusted Translations: Zertifizierungen, Auszeichnungen und Ernennungen","og_description":"Trusted Translations hat in den vergangenen Jahren zahlreiche Auszeichnungen, Zertifizierungen und Ernennungen f\u00fcr seine hervorragenden Leistungen auf dem Gebiet der Linguistik und \u00dcbersetzungen erhalten.","og_url":"https:\/\/www.trustedtranslations.com\/de\/ueber-uns\/zertifizierungen","og_site_name":"Trusted Translations, Inc.","article_publisher":"https:\/\/www.facebook.com\/Trusted.Translations","article_modified_time":"2025-12-17T14:10:40+00:00","og_image":[{"width":1038,"height":1038,"url":"https:\/\/www.trustedtranslations.com\/wp-content\/uploads\/2022\/03\/TT_NEW_FB-1.png","type":"image\/png"}],"twitter_card":"summary_large_image","twitter_site":"@TrustedT9ns","schema":{"@context":"https:\/\/schema.org","@graph":[{"@type":"WebPage","@id":"https:\/\/www.trustedtranslations.com\/de\/ueber-uns\/zertifizierungen","url":"https:\/\/www.trustedtranslations.com\/de\/ueber-uns\/zertifizierungen","name":"Trusted Translations: Zertifizierungen, Auszeichnungen und Ernennungen","isPartOf":{"@id":"https:\/\/www.trustedtranslations.com\/de\/#website"},"primaryImageOfPage":{"@id":"https:\/\/www.trustedtranslations.com\/de\/ueber-uns\/zertifizierungen#primaryimage"},"image":{"@id":"https:\/\/www.trustedtranslations.com\/de\/ueber-uns\/zertifizierungen#primaryimage"},"thumbnailUrl":"https:\/\/www.trustedtranslations.com\/wp-content\/uploads\/2022\/03\/TT_NEW_FB-1.png","description":"Trusted Translations hat in den vergangenen Jahren zahlreiche Auszeichnungen, Zertifizierungen und Ernennungen f\u00fcr seine hervorragenden Leistungen auf dem Gebiet der Linguistik und \u00dcbersetzungen erhalten.","breadcrumb":{"@id":"https:\/\/www.trustedtranslations.com\/de\/ueber-uns\/zertifizierungen#breadcrumb"},"inLanguage":"de","potentialAction":[{"@type":"ReadAction","target":["https:\/\/www.trustedtranslations.com\/de\/ueber-uns\/zertifizierungen"]}]},{"@type":"ImageObject","inLanguage":"de","@id":"https:\/\/www.trustedtranslations.com\/de\/ueber-uns\/zertifizierungen#primaryimage","url":"https:\/\/www.trustedtranslations.com\/wp-content\/uploads\/2022\/03\/TT_NEW_FB-1.png","contentUrl":"https:\/\/www.trustedtranslations.com\/wp-content\/uploads\/2022\/03\/TT_NEW_FB-1.png","width":1038,"height":1038,"caption":"TT NEW FB 1"},{"@type":"BreadcrumbList","@id":"https:\/\/www.trustedtranslations.com\/de\/ueber-uns\/zertifizierungen#breadcrumb","itemListElement":[{"@type":"ListItem","position":1,"name":"Home","item":"https:\/\/www.trustedtranslations.com\/de"},{"@type":"ListItem","position":2,"name":"\u00dcber uns","item":"https:\/\/www.trustedtranslations.com\/de\/ueber-uns"},{"@type":"ListItem","position":3,"name":"Zertifizierungen"}]},{"@type":"WebSite","@id":"https:\/\/www.trustedtranslations.com\/de\/#website","url":"https:\/\/www.trustedtranslations.com\/de\/","name":"Trusted Translations, Inc.","description":"Leader in translation and interpretation services.","publisher":{"@id":"https:\/\/www.trustedtranslations.com\/de\/#organization"},"alternateName":"Trusted Translations","potentialAction":[{"@type":"SearchAction","target":{"@type":"EntryPoint","urlTemplate":"https:\/\/www.trustedtranslations.com\/de\/?s={search_term_string}"},"query-input":{"@type":"PropertyValueSpecification","valueRequired":true,"valueName":"search_term_string"}}],"inLanguage":"de"},{"@type":"Organization","@id":"https:\/\/www.trustedtranslations.com\/de\/#organization","name":"Trusted Translations","alternateName":"Trusted Translations, Inc.","url":"https:\/\/www.trustedtranslations.com\/de\/","logo":{"@type":"ImageObject","inLanguage":"de","@id":"https:\/\/www.trustedtranslations.com\/de\/#\/schema\/logo\/image\/","url":"https:\/\/static.trustedtranslations.com\/wp-content\/uploads\/2022\/01\/TT_logo_WSIColors-2.png","contentUrl":"https:\/\/static.trustedtranslations.com\/wp-content\/uploads\/2022\/01\/TT_logo_WSIColors-2.png","width":500,"height":196,"caption":"Trusted Translations"},"image":{"@id":"https:\/\/www.trustedtranslations.com\/de\/#\/schema\/logo\/image\/"},"sameAs":["https:\/\/www.facebook.com\/Trusted.Translations","https:\/\/x.com\/TrustedT9ns","https:\/\/www.linkedin.com\/company\/trusted-translations"]}]}},"toolset-meta":{"dyk":{"mensaje-1":{"type":"textfield","raw":"Trusted Translations besch\u00e4ftigt zweisprachige, staatlich gepr\u00fcfte Mediziner."},"mensaje-2":{"type":"textfield","raw":""},"mensaje-3":{"type":"textfield","raw":"Als vertrauensw\u00fcrdiger Anbieter der US-Regierung haben wir einen umk\u00e4mpften GSA-Vertrag erhalten."},"mensaje-4":{"type":"textfield","raw":"Wir \u00fcbertreffen die Qualit\u00e4tsstandards nach ISO 9001:2015 und werden jedes \u00dcbersetzungsprojekt beglaubigen."},"mensaje-5":{"type":"textfield","raw":""},"mensaje-6":{"type":"textfield","raw":""}},"single-page-template-fields":{"imgs-temp":{"type":"image","raw":["https:\/\/static.trustedtranslations.com\/wp-content\/uploads\/2024\/07\/Group-115-1.webp","https:\/\/static.trustedtranslations.com\/wp-content\/uploads\/2024\/07\/Group-114-1.webp"],"repeatable":[{"raw":"https:\/\/static.trustedtranslations.com\/wp-content\/uploads\/2024\/07\/Group-115-1.webp"},{"raw":"https:\/\/static.trustedtranslations.com\/wp-content\/uploads\/2024\/07\/Group-114-1.webp"}]},"imgs-temp-cel":{"type":"image","raw":[""],"repeatable":[{"raw":""}]},"img-temp-one-cel":{"type":"image","raw":"https:\/\/static.trustedtranslations.com\/wp-content\/uploads\/2024\/07\/AdobeStock_90091700-1-1.webp","attachment_id":null},"quotes":{"type":"textarea","raw":"<h1 style=\"margin-bottom: 12px;\">Zertifizierungen, Auszeichnungen und Ernennungen<\/h1>\r\nDurch jahrelange nachgewiesene Exzellenz im Bereich Linguistik und \u00dcbersetzung hat Trusted Translations zahlreiche Auszeichnungen, Zertifizierungen und Ernennungen von Branchenkollegen und Zertifizierungsstellen erhalten. Viele dieser Auszeichnungen wurden Trusted Translations von der US-Bundesregierung verliehen, was Regierungsbeh\u00f6rden und Auftragnehmern den Erwerb unserer hochwertigen Dienstleistungen erleichtert.\r\n<div style=\"margin-top: 2.5vw;\"><a class=\"tt-btn-main-cta\" href=\"https:\/\/www.trustedtranslations.com\/de\/angebot\">Kostenlosen Kostenvoranschlag anfordern<\/a><\/div>"},"text-1":{"type":"textarea","raw":"Nachfolgend finden Sie einige unserer Zertifizierungen, Auszeichnungen und Ernennungen.\r\n<h2>Zertifizierungen und Lizenzen<\/h2>\r\n<img class=\"alignleft\" src=\"https:\/\/static.trustedtranslations.com\/wp-content\/uploads\/2024\/12\/17100_compliant.png\" alt=\"ISO 17100 zertifizierte \u00dcbersetzungsdienstleistungen\" width=\"100px\"\/>\r\n\r\n<a href=\"https:\/\/www.iso.org\/home.html\">ISO 17100 zertifizierte \u00dcbersetzungsdienstleistungen<\/a>\r\n\r\nTrusted Translations, Inc. hat die unabh\u00e4ngige Zertifizierung der Konformit\u00e4t der Betriebsabl\u00e4ufe mit der ISO 17100:2015 f\u00fcr die Kernprozesse von \u00dcbersetzungsdienstleistungen erhalten. Die ISO 17100:2015 legt \u00fcbersetzungsspezifische Anforderungen an Kernprozesse, Ressourcen und andere Aspekte fest, die f\u00fcr die Erstellung eines qualitativ hochwertigen \u00dcbersetzungsprodukts unerl\u00e4sslich sind. Die Anwendung der ISO 17100:2015 erm\u00f6glicht es Trusted Translations, Inc., die Konformit\u00e4t bestimmter \u00dcbersetzungsdienstleistungen mit dieser Norm nachzuweisen und damit die F\u00e4higkeit seiner Prozesse und Ressourcen zu belegen, eine \u00dcbersetzungsdienstleistung zu liefern, die den Anforderungen des Kunden und anderen anwendbaren Spezifikationen entspricht. Die Zertifikate von Trusted Translations wurden von ATC Certification ausgestellt. Eine Kopie unserer Zertifikate ist auf Anfrage erh\u00e4ltlich.\r\n\r\n<img class=\"alignleft\" src=\"https:\/\/static.trustedtranslations.com\/wp-content\/uploads\/2024\/12\/18587_compliant.png\" alt=\"ISO 17100 zertifizierte \u00dcbersetzungsdienstleistungen\" width=\"100px\"\/>\r\n\r\n<a href=\"https:\/\/www.iso.org\/home.html\">ISO 18587 zertifiziertes Post-Editing von Maschinen\u00fcbersetzungen<\/a>\r\n\r\nAls Teil einer gr\u00f6\u00dferen Kampagne zur Erf\u00fcllung bzw. \u00dcbertreffung von ISO-Normen in der Branche hat Trusted Translations, Inc. eine unabh\u00e4ngige Zertifizierung der Konformit\u00e4t seiner T\u00e4tigkeiten mit ISO 18587:2017 f\u00fcr das Post-Editing von maschinellen \u00dcbersetzungsausgaben erhalten. Die ISO 18587:2017 gilt f\u00fcr das vollst\u00e4ndige, von Menschen durchgef\u00fchrte Post-Editing von Maschinen\u00fcbersetzung. Die Norm richtet sich an \u00dcbersetzungsdienstleister, ihre Kunden und Post-Editoren und behandelt sowohl die Prozesse als auch die Qualifikationen der Post-Editoren. Die Zertifikate von Trusted Translations wurden von ATC Certification ausgestellt. Eine Kopie unserer Zertifikate ist auf Anfrage erh\u00e4ltlich.\r\n<img class=\"alignleft\" src=\"\/wp-content\/uploads\/img\/iso.gif\" alt=\"ISO-Zertifizierung\" \/>\r\n\r\n<a class=\"external-link\" title=\"ISO-Zertifizierung\" href=\"https:\/\/www.iso.org\" target=\"_blank\" rel=\"noopener noreferrer\">ISO-Zertifizierung<\/a>\r\n\r\nAufgrund unseres Engagements in der Qualit\u00e4tskontrolle und unseres dreistufigen Verifizierungsprozesses hat Trusted Translations ein Registrierungszertifikat f\u00fcr die Erf\u00fcllung und \u00dcbertreffung der ISO 9001:2015-Normen in den Bereichen Dolmetschen und \u00dcbersetzungen erhalten. Das Zertifikat von Trusted Translations wurde von einer der f\u00fchrenden unabh\u00e4ngigen ANAB-zertifizierten Registrierstellen ausgestellt. Eine Kopie unserer Registrierungsurkunde ist auf Anfrage erh\u00e4ltlich."},"shortcode-map":{"type":"textfield","raw":""},"dyk-shortcode":{"type":"textfield","raw":"[elementor-template id=\"146647\"]"},"text-2":{"type":"textarea","raw":"<img class=\"alignleft\" src=\"\/wp-content\/uploads\/img\/hammer.gif\" alt=\"Staatlich anerkannte Experten f\u00fcr Gerichts\u00fcbersetzungen\" \/>\r\n\r\n<a class=\"external-link\" title=\"Staatlich anerkannte Experten f\u00fcr Gerichts\u00fcbersetzungen\" href=\"https:\/\/www.uscourts.gov\/FederalCourts\/UnderstandingtheFederalCourts\/DistrictCourts\/CourtInterpreters.aspx\" target=\"_blank\" rel=\"noopener noreferrer\">Staatlich anerkannte Experten f\u00fcr Gerichts\u00fcbersetzungen<\/a>\r\n\r\nEine unserer einzigartigen Qualifikationen bei Trusted Translations ist unser Team von hauptamtlichen, staatlich anerkannten Experten f\u00fcr Gerichts\u00fcbersetzungen (Englisch\/Spanisch), die bereit sind, hinter jeder \u00dcbersetzung zu stehen. Wir setzen diese hochqualifizierten Mitglieder unseres Teams ein, um rechtlich heikle Dokumente zu \u00fcberpr\u00fcfen und sicherzustellen, dass jede \u00dcbersetzung allen rechtlichen Anforderungen standh\u00e4lt.\r\n\r\n<img class=\"alignleft\" style=\"max-height: 90px !important;\" src=\"\/wp-content\/uploads\/img\/medical-experts.gif\" alt=\"Zertifizierte zweisprachige medizinische Experten\" \/>\r\n\r\n<a class=\"external-link\" title=\"Zertifizierte zweisprachige medizinische Experten\" href=\"https:\/\/www.certifiedmedicalinterpreters.org\" target=\"_blank\" rel=\"noopener noreferrer\">Zertifizierte zweisprachige medizinische Experten<\/a>\r\n\r\nWir wissen, dass Sie f\u00fcr Ihre gesundheitsbezogenen \u00dcbersetzungen hochkar\u00e4tige zweisprachige (Englisch\/Spanisch) medizinische Experten ben\u00f6tigen. Bei Trusted Translations werden medizinische Inhalte von zweisprachigen, zertifizierten \u00c4rzten verwaltet. Die Pr\u00fcfungszeugnisse unserer \u00c4rzte k\u00f6nnen auf Anfrage zur Verf\u00fcgung gestellt werden.\r\n\r\n<img class=\"alignleft\" src=\"\/wp-content\/uploads\/img\/top-500-company.jpg\" alt=\"Top 500 hispanische Unternehmen\" \/>\r\n\r\n<a class=\"external-link\" title=\"Top 500 hispanische Unternehmen\" href=\"https:\/\/www.diversitybusiness.com\" target=\"_blank\" rel=\"noopener noreferrer\">Top 500 hispanische Unternehmen<\/a>\r\n\r\nTrusted Translations wurde aus \u00fcber 650.000 Unternehmen als eines der Top 500 hispanisch-amerikanischen Unternehmen in den USA ausgezeichnet. Zus\u00e4tzlich zu dieser Auszeichnung ist Trusted Translations auch eines der am schnellsten wachsenden \u00dcbersetzungsunternehmen der Branche mit einem j\u00e4hrlichen Wachstum von \u00fcber 50% in den letzten 5 Jahren.\r\n\r\n<img class=\"alignleft\" src=\"\/wp-content\/uploads\/img\/osd-mbe-certificate.jpg\" alt=\"Zertifikat des Staates Florida \u2013 Anerkanntes Minderheitenunternehmen\" \/>\r\n\r\n<a class=\"external-link\" title=\"Zertifikat des Staates Florida \u2013 Anerkanntes Minderheitenunternehmen\" href=\"https:\/\/www.dms.myflorida.com\/other_programs\/office_of_supplier_diversity_osd\" target=\"_blank\" rel=\"noopener noreferrer\">Zertifikat des Staates Florida \u2013 Anerkanntes Minderheitenunternehmen<\/a>\r\n\r\nAls f\u00fchrender Anbieter von \u00dcbersetzungen im Bundesstaat Florida hat Trusted Translations die Anerkennung als zertifiziertes Minderheitenunternehmen erhalten. Trusted Translations ist ein stolzer Anbieter von \u00dcbersetzungsdienstleistungen f\u00fcr verschiedene staatliche Beh\u00f6rden, St\u00e4dte und Landkreise.\r\n\r\n<img class=\"alignleft\" src=\"\/wp-content\/uploads\/img\/gsa-schedule.jpg\" alt=\"General Service Administration Schedule\" \/>\r\n\r\n<a class=\"external-link\" title=\"General Service Administration Schedule\" href=\"https:\/\/www.gsa.gov\" target=\"_blank\" rel=\"noopener noreferrer\">General Service Administration Schedule<\/a>\r\n\r\nTrusted Translations erhielt k\u00fcrzlich einen f\u00fcnfj\u00e4hrigen Vertrag mit der GSA (Vertragsnummer: GS-10F-0245W) zur Erbringung von Sprachdienstleistungen f\u00fcr Bundes- und Landesregierungen. Dieser GSA-Vertrag wird nur an Unternehmen vergeben, die eine nachgewiesene Leistung im privaten und \u00f6ffentlichen Sektor erbracht haben."},"state":{"type":"textfield","raw":""},"city":{"type":"textarea","raw":[""]}}},"_links":{"self":[{"href":"https:\/\/www.trustedtranslations.com\/de\/wp-json\/wp\/v2\/pages\/129339","targetHints":{"allow":["GET"]}}],"collection":[{"href":"https:\/\/www.trustedtranslations.com\/de\/wp-json\/wp\/v2\/pages"}],"about":[{"href":"https:\/\/www.trustedtranslations.com\/de\/wp-json\/wp\/v2\/types\/page"}],"author":[{"embeddable":true,"href":"https:\/\/www.trustedtranslations.com\/de\/wp-json\/wp\/v2\/users\/1"}],"replies":[{"embeddable":true,"href":"https:\/\/www.trustedtranslations.com\/de\/wp-json\/wp\/v2\/comments?post=129339"}],"version-history":[{"count":0,"href":"https:\/\/www.trustedtranslations.com\/de\/wp-json\/wp\/v2\/pages\/129339\/revisions"}],"up":[{"embeddable":true,"href":"https:\/\/www.trustedtranslations.com\/de\/wp-json\/wp\/v2\/pages\/129499"}],"wp:featuredmedia":[{"embeddable":true,"href":"https:\/\/www.trustedtranslations.com\/de\/wp-json\/wp\/v2\/media\/139628"}],"wp:attachment":[{"href":"https:\/\/www.trustedtranslations.com\/de\/wp-json\/wp\/v2\/media?parent=129339"}],"curies":[{"name":"wp","href":"https:\/\/api.w.org\/{rel}","templated":true}]}}