{"id":129343,"date":"2018-11-20T16:00:46","date_gmt":"2018-11-20T16:00:46","guid":{"rendered":"https:\/\/www.trustedtranslations.com\/?page_id=129343"},"modified":"2024-09-06T11:54:23","modified_gmt":"2024-09-06T14:54:23","slug":"spanische-agentur","status":"publish","type":"page","link":"https:\/\/www.trustedtranslations.com\/de\/ueber-uns\/spanische-agentur","title":{"rendered":"Spanisch-Agentur"},"content":{"rendered":"","protected":false},"excerpt":{"rendered":"","protected":false},"author":1,"featured_media":139628,"parent":129499,"menu_order":0,"comment_status":"closed","ping_status":"closed","template":"","meta":{"site-sidebar-layout":"default","site-content-layout":"default","ast-site-content-layout":"default","site-content-style":"default","site-sidebar-style":"default","ast-global-header-display":"","ast-banner-title-visibility":"","ast-main-header-display":"","ast-hfb-above-header-display":"","ast-hfb-below-header-display":"","ast-hfb-mobile-header-display":"","site-post-title":"disabled","ast-breadcrumbs-content":"","ast-featured-img":"","footer-sml-layout":"","ast-disable-related-posts":"","theme-transparent-header-meta":"default","adv-header-id-meta":"","stick-header-meta":"","header-above-stick-meta":"","header-main-stick-meta":"","header-below-stick-meta":"","astra-migrate-meta-layouts":"set","ast-page-background-enabled":"default","ast-page-background-meta":{"desktop":{"background-color":"var(--ast-global-color-4)","background-image":"","background-repeat":"repeat","background-position":"center center","background-size":"auto","background-attachment":"scroll","background-type":"","background-media":"","overlay-type":"","overlay-color":"","overlay-opacity":"","overlay-gradient":""},"tablet":{"background-color":"","background-image":"","background-repeat":"repeat","background-position":"center center","background-size":"auto","background-attachment":"scroll","background-type":"","background-media":"","overlay-type":"","overlay-color":"","overlay-opacity":"","overlay-gradient":""},"mobile":{"background-color":"","background-image":"","background-repeat":"repeat","background-position":"center center","background-size":"auto","background-attachment":"scroll","background-type":"","background-media":"","overlay-type":"","overlay-color":"","overlay-opacity":"","overlay-gradient":""}},"ast-content-background-meta":{"desktop":{"background-color":"var(--ast-global-color-5)","background-image":"","background-repeat":"repeat","background-position":"center center","background-size":"auto","background-attachment":"scroll","background-type":"","background-media":"","overlay-type":"","overlay-color":"","overlay-opacity":"","overlay-gradient":""},"tablet":{"background-color":"var(--ast-global-color-5)","background-image":"","background-repeat":"repeat","background-position":"center center","background-size":"auto","background-attachment":"scroll","background-type":"","background-media":"","overlay-type":"","overlay-color":"","overlay-opacity":"","overlay-gradient":""},"mobile":{"background-color":"var(--ast-global-color-5)","background-image":"","background-repeat":"repeat","background-position":"center center","background-size":"auto","background-attachment":"scroll","background-type":"","background-media":"","overlay-type":"","overlay-color":"","overlay-opacity":"","overlay-gradient":""}},"footnotes":""},"class_list":["post-129343","page","type-page","status-publish","has-post-thumbnail","hentry"],"yoast_head":"<!-- This site is optimized with the Yoast SEO plugin v27.3 - https:\/\/yoast.com\/product\/yoast-seo-wordpress\/ -->\n<title>Entdecken Sie Trusted Translations: Fachm\u00e4nnische Spanisch\u00fcbersetzung mit Qualit\u00e4tssicherung. Kostenloses Angebot anfordern.<\/title>\n<meta name=\"description\" content=\"Trusted Translations ist f\u00fchrend unter den spanischen \u00dcbersetzungsagenturen. Folgende wichtige Unterscheidungsmerkmale heben uns vom Rest der spanischen \u00dcbersetzungsunternehmen ab.\" \/>\n<meta name=\"robots\" content=\"index, follow, max-snippet:-1, max-image-preview:large, max-video-preview:-1\" \/>\n<link rel=\"canonical\" href=\"https:\/\/www.trustedtranslations.com\/de\/ueber-uns\/spanische-agentur\" \/>\n<meta property=\"og:locale\" content=\"de_DE\" \/>\n<meta property=\"og:type\" content=\"article\" \/>\n<meta property=\"og:title\" content=\"Entdecken Sie Trusted Translations: Fachm\u00e4nnische Spanisch\u00fcbersetzung mit Qualit\u00e4tssicherung. Kostenloses Angebot anfordern.\" \/>\n<meta property=\"og:description\" content=\"Trusted Translations ist f\u00fchrend unter den spanischen \u00dcbersetzungsagenturen. Folgende wichtige Unterscheidungsmerkmale heben uns vom Rest der spanischen \u00dcbersetzungsunternehmen ab.\" \/>\n<meta property=\"og:url\" content=\"https:\/\/www.trustedtranslations.com\/de\/ueber-uns\/spanische-agentur\" \/>\n<meta property=\"og:site_name\" content=\"Trusted Translations, Inc.\" \/>\n<meta property=\"article:publisher\" content=\"https:\/\/www.facebook.com\/Trusted.Translations\" \/>\n<meta property=\"article:modified_time\" content=\"2024-09-06T14:54:23+00:00\" \/>\n<meta property=\"og:image\" content=\"https:\/\/static.trustedtranslations.com\/wp-content\/uploads\/2022\/03\/TT_NEW_FB-1.png\" \/>\n\t<meta property=\"og:image:width\" content=\"1038\" \/>\n\t<meta property=\"og:image:height\" content=\"1038\" \/>\n\t<meta property=\"og:image:type\" content=\"image\/png\" \/>\n<meta name=\"twitter:card\" content=\"summary_large_image\" \/>\n<meta name=\"twitter:site\" content=\"@TrustedT9ns\" \/>\n<script type=\"application\/ld+json\" class=\"yoast-schema-graph\">{\"@context\":\"https:\\\/\\\/schema.org\",\"@graph\":[{\"@type\":\"WebPage\",\"@id\":\"https:\\\/\\\/www.trustedtranslations.com\\\/de\\\/ueber-uns\\\/spanische-agentur\",\"url\":\"https:\\\/\\\/www.trustedtranslations.com\\\/de\\\/ueber-uns\\\/spanische-agentur\",\"name\":\"Entdecken Sie Trusted Translations: Fachm\u00e4nnische Spanisch\u00fcbersetzung mit Qualit\u00e4tssicherung. Kostenloses Angebot anfordern.\",\"isPartOf\":{\"@id\":\"https:\\\/\\\/www.trustedtranslations.com\\\/de\\\/#website\"},\"primaryImageOfPage\":{\"@id\":\"https:\\\/\\\/www.trustedtranslations.com\\\/de\\\/ueber-uns\\\/spanische-agentur#primaryimage\"},\"image\":{\"@id\":\"https:\\\/\\\/www.trustedtranslations.com\\\/de\\\/ueber-uns\\\/spanische-agentur#primaryimage\"},\"thumbnailUrl\":\"https:\\\/\\\/www.trustedtranslations.com\\\/wp-content\\\/uploads\\\/2022\\\/03\\\/TT_NEW_FB-1.png\",\"description\":\"Trusted Translations ist f\u00fchrend unter den spanischen \u00dcbersetzungsagenturen. Folgende wichtige Unterscheidungsmerkmale heben uns vom Rest der spanischen \u00dcbersetzungsunternehmen ab.\",\"breadcrumb\":{\"@id\":\"https:\\\/\\\/www.trustedtranslations.com\\\/de\\\/ueber-uns\\\/spanische-agentur#breadcrumb\"},\"inLanguage\":\"de\",\"potentialAction\":[{\"@type\":\"ReadAction\",\"target\":[\"https:\\\/\\\/www.trustedtranslations.com\\\/de\\\/ueber-uns\\\/spanische-agentur\"]}]},{\"@type\":\"ImageObject\",\"inLanguage\":\"de\",\"@id\":\"https:\\\/\\\/www.trustedtranslations.com\\\/de\\\/ueber-uns\\\/spanische-agentur#primaryimage\",\"url\":\"https:\\\/\\\/www.trustedtranslations.com\\\/wp-content\\\/uploads\\\/2022\\\/03\\\/TT_NEW_FB-1.png\",\"contentUrl\":\"https:\\\/\\\/www.trustedtranslations.com\\\/wp-content\\\/uploads\\\/2022\\\/03\\\/TT_NEW_FB-1.png\",\"width\":1038,\"height\":1038,\"caption\":\"TT NEW FB 1\"},{\"@type\":\"BreadcrumbList\",\"@id\":\"https:\\\/\\\/www.trustedtranslations.com\\\/de\\\/ueber-uns\\\/spanische-agentur#breadcrumb\",\"itemListElement\":[{\"@type\":\"ListItem\",\"position\":1,\"name\":\"Home\",\"item\":\"https:\\\/\\\/www.trustedtranslations.com\\\/de\"},{\"@type\":\"ListItem\",\"position\":2,\"name\":\"\u00dcber uns\",\"item\":\"https:\\\/\\\/www.trustedtranslations.com\\\/de\\\/ueber-uns\"},{\"@type\":\"ListItem\",\"position\":3,\"name\":\"Spanisch-Agentur\"}]},{\"@type\":\"WebSite\",\"@id\":\"https:\\\/\\\/www.trustedtranslations.com\\\/de\\\/#website\",\"url\":\"https:\\\/\\\/www.trustedtranslations.com\\\/de\\\/\",\"name\":\"Trusted Translations, Inc.\",\"description\":\"Leader in translation and interpretation services.\",\"publisher\":{\"@id\":\"https:\\\/\\\/www.trustedtranslations.com\\\/de\\\/#organization\"},\"alternateName\":\"Trusted Translations\",\"potentialAction\":[{\"@type\":\"SearchAction\",\"target\":{\"@type\":\"EntryPoint\",\"urlTemplate\":\"https:\\\/\\\/www.trustedtranslations.com\\\/de\\\/?s={search_term_string}\"},\"query-input\":{\"@type\":\"PropertyValueSpecification\",\"valueRequired\":true,\"valueName\":\"search_term_string\"}}],\"inLanguage\":\"de\"},{\"@type\":\"Organization\",\"@id\":\"https:\\\/\\\/www.trustedtranslations.com\\\/de\\\/#organization\",\"name\":\"Trusted Translations\",\"alternateName\":\"Trusted Translations, Inc.\",\"url\":\"https:\\\/\\\/www.trustedtranslations.com\\\/de\\\/\",\"logo\":{\"@type\":\"ImageObject\",\"inLanguage\":\"de\",\"@id\":\"https:\\\/\\\/www.trustedtranslations.com\\\/de\\\/#\\\/schema\\\/logo\\\/image\\\/\",\"url\":\"https:\\\/\\\/static.trustedtranslations.com\\\/wp-content\\\/uploads\\\/2022\\\/01\\\/TT_logo_WSIColors-2.png\",\"contentUrl\":\"https:\\\/\\\/static.trustedtranslations.com\\\/wp-content\\\/uploads\\\/2022\\\/01\\\/TT_logo_WSIColors-2.png\",\"width\":500,\"height\":196,\"caption\":\"Trusted Translations\"},\"image\":{\"@id\":\"https:\\\/\\\/www.trustedtranslations.com\\\/de\\\/#\\\/schema\\\/logo\\\/image\\\/\"},\"sameAs\":[\"https:\\\/\\\/www.facebook.com\\\/Trusted.Translations\",\"https:\\\/\\\/x.com\\\/TrustedT9ns\",\"https:\\\/\\\/www.linkedin.com\\\/company\\\/trusted-translations\"]}]}<\/script>\n<!-- \/ Yoast SEO plugin. -->","yoast_head_json":{"title":"Entdecken Sie Trusted Translations: Fachm\u00e4nnische Spanisch\u00fcbersetzung mit Qualit\u00e4tssicherung. Kostenloses Angebot anfordern.","description":"Trusted Translations ist f\u00fchrend unter den spanischen \u00dcbersetzungsagenturen. Folgende wichtige Unterscheidungsmerkmale heben uns vom Rest der spanischen \u00dcbersetzungsunternehmen ab.","robots":{"index":"index","follow":"follow","max-snippet":"max-snippet:-1","max-image-preview":"max-image-preview:large","max-video-preview":"max-video-preview:-1"},"canonical":"https:\/\/www.trustedtranslations.com\/de\/ueber-uns\/spanische-agentur","og_locale":"de_DE","og_type":"article","og_title":"Entdecken Sie Trusted Translations: Fachm\u00e4nnische Spanisch\u00fcbersetzung mit Qualit\u00e4tssicherung. Kostenloses Angebot anfordern.","og_description":"Trusted Translations ist f\u00fchrend unter den spanischen \u00dcbersetzungsagenturen. Folgende wichtige Unterscheidungsmerkmale heben uns vom Rest der spanischen \u00dcbersetzungsunternehmen ab.","og_url":"https:\/\/www.trustedtranslations.com\/de\/ueber-uns\/spanische-agentur","og_site_name":"Trusted Translations, Inc.","article_publisher":"https:\/\/www.facebook.com\/Trusted.Translations","article_modified_time":"2024-09-06T14:54:23+00:00","og_image":[{"width":1038,"height":1038,"url":"https:\/\/static.trustedtranslations.com\/wp-content\/uploads\/2022\/03\/TT_NEW_FB-1.png","type":"image\/png"}],"twitter_card":"summary_large_image","twitter_site":"@TrustedT9ns","schema":{"@context":"https:\/\/schema.org","@graph":[{"@type":"WebPage","@id":"https:\/\/www.trustedtranslations.com\/de\/ueber-uns\/spanische-agentur","url":"https:\/\/www.trustedtranslations.com\/de\/ueber-uns\/spanische-agentur","name":"Entdecken Sie Trusted Translations: Fachm\u00e4nnische Spanisch\u00fcbersetzung mit Qualit\u00e4tssicherung. Kostenloses Angebot anfordern.","isPartOf":{"@id":"https:\/\/www.trustedtranslations.com\/de\/#website"},"primaryImageOfPage":{"@id":"https:\/\/www.trustedtranslations.com\/de\/ueber-uns\/spanische-agentur#primaryimage"},"image":{"@id":"https:\/\/www.trustedtranslations.com\/de\/ueber-uns\/spanische-agentur#primaryimage"},"thumbnailUrl":"https:\/\/www.trustedtranslations.com\/wp-content\/uploads\/2022\/03\/TT_NEW_FB-1.png","description":"Trusted Translations ist f\u00fchrend unter den spanischen \u00dcbersetzungsagenturen. Folgende wichtige Unterscheidungsmerkmale heben uns vom Rest der spanischen \u00dcbersetzungsunternehmen ab.","breadcrumb":{"@id":"https:\/\/www.trustedtranslations.com\/de\/ueber-uns\/spanische-agentur#breadcrumb"},"inLanguage":"de","potentialAction":[{"@type":"ReadAction","target":["https:\/\/www.trustedtranslations.com\/de\/ueber-uns\/spanische-agentur"]}]},{"@type":"ImageObject","inLanguage":"de","@id":"https:\/\/www.trustedtranslations.com\/de\/ueber-uns\/spanische-agentur#primaryimage","url":"https:\/\/www.trustedtranslations.com\/wp-content\/uploads\/2022\/03\/TT_NEW_FB-1.png","contentUrl":"https:\/\/www.trustedtranslations.com\/wp-content\/uploads\/2022\/03\/TT_NEW_FB-1.png","width":1038,"height":1038,"caption":"TT NEW FB 1"},{"@type":"BreadcrumbList","@id":"https:\/\/www.trustedtranslations.com\/de\/ueber-uns\/spanische-agentur#breadcrumb","itemListElement":[{"@type":"ListItem","position":1,"name":"Home","item":"https:\/\/www.trustedtranslations.com\/de"},{"@type":"ListItem","position":2,"name":"\u00dcber uns","item":"https:\/\/www.trustedtranslations.com\/de\/ueber-uns"},{"@type":"ListItem","position":3,"name":"Spanisch-Agentur"}]},{"@type":"WebSite","@id":"https:\/\/www.trustedtranslations.com\/de\/#website","url":"https:\/\/www.trustedtranslations.com\/de\/","name":"Trusted Translations, Inc.","description":"Leader in translation and interpretation services.","publisher":{"@id":"https:\/\/www.trustedtranslations.com\/de\/#organization"},"alternateName":"Trusted Translations","potentialAction":[{"@type":"SearchAction","target":{"@type":"EntryPoint","urlTemplate":"https:\/\/www.trustedtranslations.com\/de\/?s={search_term_string}"},"query-input":{"@type":"PropertyValueSpecification","valueRequired":true,"valueName":"search_term_string"}}],"inLanguage":"de"},{"@type":"Organization","@id":"https:\/\/www.trustedtranslations.com\/de\/#organization","name":"Trusted Translations","alternateName":"Trusted Translations, Inc.","url":"https:\/\/www.trustedtranslations.com\/de\/","logo":{"@type":"ImageObject","inLanguage":"de","@id":"https:\/\/www.trustedtranslations.com\/de\/#\/schema\/logo\/image\/","url":"https:\/\/static.trustedtranslations.com\/wp-content\/uploads\/2022\/01\/TT_logo_WSIColors-2.png","contentUrl":"https:\/\/static.trustedtranslations.com\/wp-content\/uploads\/2022\/01\/TT_logo_WSIColors-2.png","width":500,"height":196,"caption":"Trusted Translations"},"image":{"@id":"https:\/\/www.trustedtranslations.com\/de\/#\/schema\/logo\/image\/"},"sameAs":["https:\/\/www.facebook.com\/Trusted.Translations","https:\/\/x.com\/TrustedT9ns","https:\/\/www.linkedin.com\/company\/trusted-translations"]}]}},"toolset-meta":{"dyk":{"mensaje-1":{"type":"textfield","raw":"Trusted Translations ist das kosteng\u00fcnstigste \u00dcbersetzungsunternehmen mit Sitz in den Vereinigten Staaten f\u00fcr \u00dcbersetzungen in die und aus der spanischen Sprache."},"mensaje-2":{"type":"textfield","raw":""},"mensaje-3":{"type":"textfield","raw":"Wir sind ein bew\u00e4hrter \u00dcbersetzeranbieter f\u00fcr das Hispanic Communications Network."},"mensaje-4":{"type":"textfield","raw":"Monatlich besuchen \u00fcber 500.000 Personen unsere Websites, um sich hinsichtlich der spanischen Sprache beraten zu lassen."},"mensaje-5":{"type":"textfield","raw":""},"mensaje-6":{"type":"textfield","raw":""}},"single-page-template-fields":{"imgs-temp":{"type":"image","raw":["https:\/\/static.trustedtranslations.com\/wp-content\/uploads\/2024\/06\/language-spanish-1.webp","https:\/\/static.trustedtranslations.com\/wp-content\/uploads\/2024\/07\/Group-113-1.webp"],"repeatable":[{"raw":"https:\/\/static.trustedtranslations.com\/wp-content\/uploads\/2024\/06\/language-spanish-1.webp"},{"raw":"https:\/\/static.trustedtranslations.com\/wp-content\/uploads\/2024\/07\/Group-113-1.webp"}]},"imgs-temp-cel":{"type":"image","raw":[""],"repeatable":[{"raw":""}]},"img-temp-one-cel":{"type":"image","raw":"https:\/\/static.trustedtranslations.com\/wp-content\/uploads\/2024\/07\/AdobeStock_94103906-1-1.webp","attachment_id":null},"quotes":{"type":"textarea","raw":"<h1 style=\"margin-bottom: 12px;\">F\u00fchrende Spanisch-\u00dcbersetzungsagentur<\/h1>\r\n<em>Trusted Translations<\/em> ist eine \u00e4u\u00dferst erfahrene \u00dcbersetzungsagentur, die sich auf komplexe, umfangreiche \u00dcbersetzungen von Englisch auf Spanisch spezialisiert hat. Gegr\u00fcndet im Gro\u00dfraum Washington DC und mit Niederlassungen in den USA, Europa und Lateinamerika bieten wir hochwertige spanische \u00dcbersetzungsdienstleistungen, die von ausgew\u00e4hlten spanischsprachigen \u00dcbersetzerteams durchgef\u00fchrt werden.\r\n<div style=\"margin-top: 2.5vw;\"><a class=\"tt-btn-main-cta\" href=\"https:\/\/www.trustedtranslations.com\/de\/angebot\">Kostenlosen Kostenvoranschlag anfordern<\/a><\/div>"},"text-1":{"type":"textarea","raw":"<h2>Fachm\u00e4nnische Englisch-Spanisch-\u00dcbersetzung mit wettbewerbsf\u00e4higen Preisen und schneller Bearbeitungszeit<\/h2>Als Unternehmen in hispanischem Besitz und f\u00fchrender Anbieter von \u00dcbersetzungsdienstleistungen aus dem Englischen ins Spanische mit hohem Volumen bietet <em>Trusted Translations<\/em> einige der wettbewerbsf\u00e4higsten Preise und Lieferzeiten der Branche. Obwohl wir ein breites Spektrum an \u00dcbersetzungs- und Lokalisierungsdienstleistungen f\u00fcr alle wichtigen Branchen und in \u00fcber 150 Sprachen anbieten, sind wir international f\u00fcr unsere Spanischkenntnisse bekannt und verf\u00fcgen \u00fcber mehr als 15 Jahre Erfahrung in der spanischen \u00dcbersetzung.\r\n\r\nUnsere Englisch-Spanisch-\u00dcbersetzer bearbeiten jeden Monat Millionen von W\u00f6rtern aus dem und ins Spanische und bedienen Kunden in aller Welt, darunter Fortune-500-Unternehmen, Regierungen und gemeinn\u00fctzige Organisationen aus fast allen wichtigen Branchen.\r\n<h2>Warum <em>Trusted Translations<\/em> w\u00e4hlen?<\/h2>\r\nKunden w\u00e4hlen unsere \u00dcbersetzungsdienstleistungen in die und aus der spanischen Sprache aufgrund unserer \u00fcberragenden Genauigkeit, Geschwindigkeit und wettbewerbsf\u00e4higen Preise. Als Partner von <em>Trusted Translations <\/em> k\u00f6nnen Sie sicher sein, dass Ihre Spanisch-\u00dcbersetzungen von einigen der anerkanntesten Linguisten der Branche angefertigt werden. Jeder Teil Ihres Projekts wird professionell und vertraulich von \u00dcbersetzern bearbeitet, die aufgrund ihrer muttersprachlichen Kenntnisse und ihrer kulturellen Kompetenz sorgf\u00e4ltig ausgew\u00e4hlt wurden.\r\n\r\nSie k\u00f6nnen sich auch darauf verlassen, dass wir den Workflow Ihres Projekts akribisch verwalten. Unsere Projektmanager und Lektoren betreuen Ihre \u00dcbersetzungsprojekte und wenden unser einzigartiges Qualit\u00e4tssicherungsverfahren an, bei dem jede \u00dcbersetzung dreifach gepr\u00fcft wird. Unsere gr\u00fcndlichen Richtlinien und Verfahren erm\u00f6glichen es uns, die Qualit\u00e4tsstandards von ISO 9001:2000 f\u00fcr Genauigkeit zu \u00fcbertreffen.\r\n\r\n<em>Trusted Translations<\/em> glaubt nicht daran, dass Genauigkeit der Geschwindigkeit zuliebe geopfert werden muss. Seit unserer Gr\u00fcndung haben wir konstant qualitativ hochwertige Ergebnisse in Bearbeitungszeiten geliefert, die konkurrierende Agenturen f\u00fcr unm\u00f6glich hielten. Unabh\u00e4ngig von der Komplexit\u00e4t Ihres Projekts k\u00f6nnen wir Ihre \u00dcbersetzungen p\u00fcnktlich, innerhalb des Budgets und in au\u00dfergew\u00f6hnlicher Qualit\u00e4t liefern."},"shortcode-map":{"type":"textfield","raw":""},"dyk-shortcode":{"type":"textfield","raw":"[elementor-template id=\"146647\"]"},"text-2":{"type":"textarea","raw":"<h2>Warum wir das f\u00fchrende spanische \u00dcbersetzungsunternehmen sind<\/h2>\r\nAls f\u00fchrendes \u00dcbersetzungsunternehmen ist <em>Trusted Translations<\/em> als eine der f\u00fchrenden spanischsprachigen Autorit\u00e4ten der Branche anerkannt. Hier sind nur einige der Merkmale, die <em>Trusted Translations<\/em> vom Rest der Konkurrenz abheben:\r\n<ul>\r\n \t<li>\r\n<h3>Anerkannte Autorit\u00e4t in der spanischen \u00dcbersetzung<\/h3>\r\n<\/li>\r\n<\/ul>\r\nMehr als 500.000 spanische Lokalisierungsexperten, Gelehrte, \u00dcbersetzer und Einzelpersonen aus Mexiko, Spanien, Mittel- und S\u00fcdamerika, den Vereinigten Staaten und anderen L\u00e4ndern konsultieren jeden Monat die Online-Inhalte und Websites von <em>Trusted Translations<\/em>, um sich \u00fcber spanischsprachige Themen zu informieren, was uns zu einem der f\u00fchrenden Spezialisten f\u00fcr spanische Sprache in der globalen \u00dcbersetzungsbranche macht.\r\n<ul>\r\n \t<li>\r\n<h3>Langj\u00e4hrige Erfahrung in Englisch-Spanisch-\u00dcbersetzungen<\/h3>\r\n<\/li>\r\n<\/ul>\r\nVon US-Hispanoamerikanern gegr\u00fcndet und geleitet, ist <em>Trusted Translations<\/em> eines der wenigen \u00dcbersetzungsunternehmen, das \u00fcber 25 Jahre Erfahrung mit preisgekr\u00f6nten Sprachdienstleistungen f\u00fcr den hispanischen Markt verf\u00fcgt. Unter anderem wurden wir als eines der 500 besten hispano-amerikanischen Unternehmen in den USA und als anerkannter Minderheitenanbieter im Bundesstaat Florida ausgezeichnet.\r\n<ul>\r\n \t<li>\r\n<h3>Englisch-spanische Rechtsexperten im Team<\/h3>\r\n<\/li>\r\n<\/ul>\r\nAls einziges \u00dcbersetzungsunternehmen verf\u00fcgen wir \u00fcber in den USA zugelassene, zweisprachige (Englisch-Spanisch) Anw\u00e4lte, einschlie\u00dflich staatlich anerkannter Gerichts\u00fcbersetzer. Unsere Anw\u00e4lte stellen sicher, dass jedes rechtlich sensibles Dokument, das wir \u00fcbersetzen, die korrekte Rechtsterminologie in der Zielsprache verwendet. Sie sind auch qualifiziert, notariell beglaubigte rechtliche Beurkundungen bereitzustellen, um die Genauigkeit unserer \u00dcbersetzungen weiter zu best\u00e4tigen.\r\n<ul>\r\n \t<li>\r\n<h3>H\u00f6chste Qualit\u00e4t, preisg\u00fcnstigste Englisch-Spanisch-\u00dcbersetzungen<\/h3>\r\n<\/li>\r\n<\/ul>\r\nDa wir uns auf Englisch-Spanisch-\u00dcbersetzungen spezialisiert haben, verf\u00fcgen wir \u00fcber 10.000 gepr\u00fcfte Englisch-Spanisch-Linguisten. Wir verf\u00fcgen \u00fcber eigene, zertifizierte und gepr\u00fcfte \u00dcbersetzer, die ausschlie\u00dflich f\u00fcr <em>Trusted Translations<\/em> arbeiten. Dadurch k\u00f6nnen wir ein h\u00f6heres Qualit\u00e4tsniveau an Dienstleistungen zu den wettbewerbsf\u00e4higsten Preisen in der Branche anbieten.\r\n<ul>\r\n \t<li>\r\n<h3>Erstklassige medizinische Fachkenntnisse vom Englischen ins Spanische<\/h3>\r\n<\/li>\r\n<\/ul>\r\nWir besch\u00e4ftigen zweisprachige, zugelassene \u00c4rzte, die \u00fcber 40 Jahre Erfahrung in der Medizin und mit gesundheitsbezogenen Inhalten haben. Unsere medizinischen Experten stellen sicher, dass alle medizinischen Fachausdr\u00fccke korrekt in ein Spanisch \u00fcbersetzt werden, das von der Mehrheit der hispanischen Bev\u00f6lkerung verstanden wird. Wir haben sowohl in den USA als auch international mit den f\u00fchrenden Einrichtungen des Gesundheitswesens und der Medizin zusammengearbeitet.\r\n\r\nWenden Sie sich noch heute an <em>Trusted Translations<\/em>, um zu erfahren, wie wir Ihren Bedarf an spanischen \u00dcbersetzungen decken k\u00f6nnen."},"state":{"type":"textfield","raw":""},"city":{"type":"textarea","raw":[]}}},"_links":{"self":[{"href":"https:\/\/www.trustedtranslations.com\/de\/wp-json\/wp\/v2\/pages\/129343","targetHints":{"allow":["GET"]}}],"collection":[{"href":"https:\/\/www.trustedtranslations.com\/de\/wp-json\/wp\/v2\/pages"}],"about":[{"href":"https:\/\/www.trustedtranslations.com\/de\/wp-json\/wp\/v2\/types\/page"}],"author":[{"embeddable":true,"href":"https:\/\/www.trustedtranslations.com\/de\/wp-json\/wp\/v2\/users\/1"}],"replies":[{"embeddable":true,"href":"https:\/\/www.trustedtranslations.com\/de\/wp-json\/wp\/v2\/comments?post=129343"}],"version-history":[{"count":0,"href":"https:\/\/www.trustedtranslations.com\/de\/wp-json\/wp\/v2\/pages\/129343\/revisions"}],"up":[{"embeddable":true,"href":"https:\/\/www.trustedtranslations.com\/de\/wp-json\/wp\/v2\/pages\/129499"}],"wp:featuredmedia":[{"embeddable":true,"href":"https:\/\/www.trustedtranslations.com\/de\/wp-json\/wp\/v2\/media\/139628"}],"wp:attachment":[{"href":"https:\/\/www.trustedtranslations.com\/de\/wp-json\/wp\/v2\/media?parent=129343"}],"curies":[{"name":"wp","href":"https:\/\/api.w.org\/{rel}","templated":true}]}}