{"id":129351,"date":"2018-11-16T17:05:54","date_gmt":"2018-11-16T17:05:54","guid":{"rendered":"https:\/\/www.trustedtranslations.com\/?page_id=129351"},"modified":"2024-09-03T11:57:57","modified_gmt":"2024-09-03T14:57:57","slug":"technisch","status":"publish","type":"page","link":"https:\/\/www.trustedtranslations.com\/de\/branchen\/technisch","title":{"rendered":"Technisch"},"content":{"rendered":"","protected":false},"excerpt":{"rendered":"","protected":false},"author":1,"featured_media":139628,"parent":129502,"menu_order":0,"comment_status":"closed","ping_status":"closed","template":"","meta":{"site-sidebar-layout":"default","site-content-layout":"default","ast-site-content-layout":"default","site-content-style":"default","site-sidebar-style":"default","ast-global-header-display":"","ast-banner-title-visibility":"","ast-main-header-display":"","ast-hfb-above-header-display":"","ast-hfb-below-header-display":"","ast-hfb-mobile-header-display":"","site-post-title":"disabled","ast-breadcrumbs-content":"","ast-featured-img":"","footer-sml-layout":"","ast-disable-related-posts":"","theme-transparent-header-meta":"default","adv-header-id-meta":"","stick-header-meta":"","header-above-stick-meta":"","header-main-stick-meta":"","header-below-stick-meta":"","astra-migrate-meta-layouts":"set","ast-page-background-enabled":"default","ast-page-background-meta":{"desktop":{"background-color":"var(--ast-global-color-4)","background-image":"","background-repeat":"repeat","background-position":"center center","background-size":"auto","background-attachment":"scroll","background-type":"","background-media":"","overlay-type":"","overlay-color":"","overlay-opacity":"","overlay-gradient":""},"tablet":{"background-color":"","background-image":"","background-repeat":"repeat","background-position":"center center","background-size":"auto","background-attachment":"scroll","background-type":"","background-media":"","overlay-type":"","overlay-color":"","overlay-opacity":"","overlay-gradient":""},"mobile":{"background-color":"","background-image":"","background-repeat":"repeat","background-position":"center center","background-size":"auto","background-attachment":"scroll","background-type":"","background-media":"","overlay-type":"","overlay-color":"","overlay-opacity":"","overlay-gradient":""}},"ast-content-background-meta":{"desktop":{"background-color":"var(--ast-global-color-5)","background-image":"","background-repeat":"repeat","background-position":"center center","background-size":"auto","background-attachment":"scroll","background-type":"","background-media":"","overlay-type":"","overlay-color":"","overlay-opacity":"","overlay-gradient":""},"tablet":{"background-color":"var(--ast-global-color-5)","background-image":"","background-repeat":"repeat","background-position":"center center","background-size":"auto","background-attachment":"scroll","background-type":"","background-media":"","overlay-type":"","overlay-color":"","overlay-opacity":"","overlay-gradient":""},"mobile":{"background-color":"var(--ast-global-color-5)","background-image":"","background-repeat":"repeat","background-position":"center center","background-size":"auto","background-attachment":"scroll","background-type":"","background-media":"","overlay-type":"","overlay-color":"","overlay-opacity":"","overlay-gradient":""}},"footnotes":""},"class_list":["post-129351","page","type-page","status-publish","has-post-thumbnail","hentry"],"yoast_head":"<!-- This site is optimized with the Yoast SEO plugin v27.3 - https:\/\/yoast.com\/product\/yoast-seo-wordpress\/ -->\n<title>Technische \u00dcbersetzungsdienstleistungen - Trusted Translations, Inc.<\/title>\n<meta name=\"description\" content=\"Trusted Translations: Marktf\u00fchrer in technischen \u00dcbersetzungsdienstleistungen durch ausgew\u00e4hlte \u00dcbersetzerteams. Fordern Sie ein kostenloses Angebot oder eine Beratung an.\" \/>\n<meta name=\"robots\" content=\"index, follow, max-snippet:-1, max-image-preview:large, max-video-preview:-1\" \/>\n<link rel=\"canonical\" href=\"https:\/\/www.trustedtranslations.com\/de\/branchen\/technisch\" \/>\n<meta property=\"og:locale\" content=\"de_DE\" \/>\n<meta property=\"og:type\" content=\"article\" \/>\n<meta property=\"og:title\" content=\"Technische \u00dcbersetzungsdienstleistungen - Trusted Translations, Inc.\" \/>\n<meta property=\"og:description\" content=\"Trusted Translations: Marktf\u00fchrer in technischen \u00dcbersetzungsdienstleistungen durch ausgew\u00e4hlte \u00dcbersetzerteams. Fordern Sie ein kostenloses Angebot oder eine Beratung an.\" \/>\n<meta property=\"og:url\" content=\"https:\/\/www.trustedtranslations.com\/de\/branchen\/technisch\" \/>\n<meta property=\"og:site_name\" content=\"Trusted Translations, Inc.\" \/>\n<meta property=\"article:publisher\" content=\"https:\/\/www.facebook.com\/Trusted.Translations\" \/>\n<meta property=\"article:modified_time\" content=\"2024-09-03T14:57:57+00:00\" \/>\n<meta property=\"og:image\" content=\"https:\/\/static.trustedtranslations.com\/wp-content\/uploads\/2022\/03\/TT_NEW_FB-1.png\" \/>\n\t<meta property=\"og:image:width\" content=\"1038\" \/>\n\t<meta property=\"og:image:height\" content=\"1038\" \/>\n\t<meta property=\"og:image:type\" content=\"image\/png\" \/>\n<meta name=\"twitter:card\" content=\"summary_large_image\" \/>\n<meta name=\"twitter:site\" content=\"@TrustedT9ns\" \/>\n<script type=\"application\/ld+json\" class=\"yoast-schema-graph\">{\"@context\":\"https:\\\/\\\/schema.org\",\"@graph\":[{\"@type\":\"WebPage\",\"@id\":\"https:\\\/\\\/www.trustedtranslations.com\\\/de\\\/branchen\\\/technisch\",\"url\":\"https:\\\/\\\/www.trustedtranslations.com\\\/de\\\/branchen\\\/technisch\",\"name\":\"Technische \u00dcbersetzungsdienstleistungen - Trusted Translations, Inc.\",\"isPartOf\":{\"@id\":\"https:\\\/\\\/www.trustedtranslations.com\\\/de\\\/#website\"},\"primaryImageOfPage\":{\"@id\":\"https:\\\/\\\/www.trustedtranslations.com\\\/de\\\/branchen\\\/technisch#primaryimage\"},\"image\":{\"@id\":\"https:\\\/\\\/www.trustedtranslations.com\\\/de\\\/branchen\\\/technisch#primaryimage\"},\"thumbnailUrl\":\"https:\\\/\\\/www.trustedtranslations.com\\\/wp-content\\\/uploads\\\/2022\\\/03\\\/TT_NEW_FB-1.png\",\"description\":\"Trusted Translations: Marktf\u00fchrer in technischen \u00dcbersetzungsdienstleistungen durch ausgew\u00e4hlte \u00dcbersetzerteams. Fordern Sie ein kostenloses Angebot oder eine Beratung an.\",\"breadcrumb\":{\"@id\":\"https:\\\/\\\/www.trustedtranslations.com\\\/de\\\/branchen\\\/technisch#breadcrumb\"},\"inLanguage\":\"de\",\"potentialAction\":[{\"@type\":\"ReadAction\",\"target\":[\"https:\\\/\\\/www.trustedtranslations.com\\\/de\\\/branchen\\\/technisch\"]}]},{\"@type\":\"ImageObject\",\"inLanguage\":\"de\",\"@id\":\"https:\\\/\\\/www.trustedtranslations.com\\\/de\\\/branchen\\\/technisch#primaryimage\",\"url\":\"https:\\\/\\\/www.trustedtranslations.com\\\/wp-content\\\/uploads\\\/2022\\\/03\\\/TT_NEW_FB-1.png\",\"contentUrl\":\"https:\\\/\\\/www.trustedtranslations.com\\\/wp-content\\\/uploads\\\/2022\\\/03\\\/TT_NEW_FB-1.png\",\"width\":1038,\"height\":1038,\"caption\":\"TT NEW FB 1\"},{\"@type\":\"BreadcrumbList\",\"@id\":\"https:\\\/\\\/www.trustedtranslations.com\\\/de\\\/branchen\\\/technisch#breadcrumb\",\"itemListElement\":[{\"@type\":\"ListItem\",\"position\":1,\"name\":\"Home\",\"item\":\"https:\\\/\\\/www.trustedtranslations.com\\\/de\"},{\"@type\":\"ListItem\",\"position\":2,\"name\":\"Branchenexpertise\",\"item\":\"https:\\\/\\\/www.trustedtranslations.com\\\/de\\\/branchen\"},{\"@type\":\"ListItem\",\"position\":3,\"name\":\"Technisch\"}]},{\"@type\":\"WebSite\",\"@id\":\"https:\\\/\\\/www.trustedtranslations.com\\\/de\\\/#website\",\"url\":\"https:\\\/\\\/www.trustedtranslations.com\\\/de\\\/\",\"name\":\"Trusted Translations, Inc.\",\"description\":\"Leader in translation and interpretation services.\",\"publisher\":{\"@id\":\"https:\\\/\\\/www.trustedtranslations.com\\\/de\\\/#organization\"},\"alternateName\":\"Trusted Translations\",\"potentialAction\":[{\"@type\":\"SearchAction\",\"target\":{\"@type\":\"EntryPoint\",\"urlTemplate\":\"https:\\\/\\\/www.trustedtranslations.com\\\/de\\\/?s={search_term_string}\"},\"query-input\":{\"@type\":\"PropertyValueSpecification\",\"valueRequired\":true,\"valueName\":\"search_term_string\"}}],\"inLanguage\":\"de\"},{\"@type\":\"Organization\",\"@id\":\"https:\\\/\\\/www.trustedtranslations.com\\\/de\\\/#organization\",\"name\":\"Trusted Translations\",\"alternateName\":\"Trusted Translations, Inc.\",\"url\":\"https:\\\/\\\/www.trustedtranslations.com\\\/de\\\/\",\"logo\":{\"@type\":\"ImageObject\",\"inLanguage\":\"de\",\"@id\":\"https:\\\/\\\/www.trustedtranslations.com\\\/de\\\/#\\\/schema\\\/logo\\\/image\\\/\",\"url\":\"https:\\\/\\\/static.trustedtranslations.com\\\/wp-content\\\/uploads\\\/2022\\\/01\\\/TT_logo_WSIColors-2.png\",\"contentUrl\":\"https:\\\/\\\/static.trustedtranslations.com\\\/wp-content\\\/uploads\\\/2022\\\/01\\\/TT_logo_WSIColors-2.png\",\"width\":500,\"height\":196,\"caption\":\"Trusted Translations\"},\"image\":{\"@id\":\"https:\\\/\\\/www.trustedtranslations.com\\\/de\\\/#\\\/schema\\\/logo\\\/image\\\/\"},\"sameAs\":[\"https:\\\/\\\/www.facebook.com\\\/Trusted.Translations\",\"https:\\\/\\\/x.com\\\/TrustedT9ns\",\"https:\\\/\\\/www.linkedin.com\\\/company\\\/trusted-translations\"]}]}<\/script>\n<!-- \/ Yoast SEO plugin. -->","yoast_head_json":{"title":"Technische \u00dcbersetzungsdienstleistungen - Trusted Translations, Inc.","description":"Trusted Translations: Marktf\u00fchrer in technischen \u00dcbersetzungsdienstleistungen durch ausgew\u00e4hlte \u00dcbersetzerteams. Fordern Sie ein kostenloses Angebot oder eine Beratung an.","robots":{"index":"index","follow":"follow","max-snippet":"max-snippet:-1","max-image-preview":"max-image-preview:large","max-video-preview":"max-video-preview:-1"},"canonical":"https:\/\/www.trustedtranslations.com\/de\/branchen\/technisch","og_locale":"de_DE","og_type":"article","og_title":"Technische \u00dcbersetzungsdienstleistungen - Trusted Translations, Inc.","og_description":"Trusted Translations: Marktf\u00fchrer in technischen \u00dcbersetzungsdienstleistungen durch ausgew\u00e4hlte \u00dcbersetzerteams. Fordern Sie ein kostenloses Angebot oder eine Beratung an.","og_url":"https:\/\/www.trustedtranslations.com\/de\/branchen\/technisch","og_site_name":"Trusted Translations, Inc.","article_publisher":"https:\/\/www.facebook.com\/Trusted.Translations","article_modified_time":"2024-09-03T14:57:57+00:00","og_image":[{"width":1038,"height":1038,"url":"https:\/\/static.trustedtranslations.com\/wp-content\/uploads\/2022\/03\/TT_NEW_FB-1.png","type":"image\/png"}],"twitter_card":"summary_large_image","twitter_site":"@TrustedT9ns","schema":{"@context":"https:\/\/schema.org","@graph":[{"@type":"WebPage","@id":"https:\/\/www.trustedtranslations.com\/de\/branchen\/technisch","url":"https:\/\/www.trustedtranslations.com\/de\/branchen\/technisch","name":"Technische \u00dcbersetzungsdienstleistungen - Trusted Translations, Inc.","isPartOf":{"@id":"https:\/\/www.trustedtranslations.com\/de\/#website"},"primaryImageOfPage":{"@id":"https:\/\/www.trustedtranslations.com\/de\/branchen\/technisch#primaryimage"},"image":{"@id":"https:\/\/www.trustedtranslations.com\/de\/branchen\/technisch#primaryimage"},"thumbnailUrl":"https:\/\/www.trustedtranslations.com\/wp-content\/uploads\/2022\/03\/TT_NEW_FB-1.png","description":"Trusted Translations: Marktf\u00fchrer in technischen \u00dcbersetzungsdienstleistungen durch ausgew\u00e4hlte \u00dcbersetzerteams. Fordern Sie ein kostenloses Angebot oder eine Beratung an.","breadcrumb":{"@id":"https:\/\/www.trustedtranslations.com\/de\/branchen\/technisch#breadcrumb"},"inLanguage":"de","potentialAction":[{"@type":"ReadAction","target":["https:\/\/www.trustedtranslations.com\/de\/branchen\/technisch"]}]},{"@type":"ImageObject","inLanguage":"de","@id":"https:\/\/www.trustedtranslations.com\/de\/branchen\/technisch#primaryimage","url":"https:\/\/www.trustedtranslations.com\/wp-content\/uploads\/2022\/03\/TT_NEW_FB-1.png","contentUrl":"https:\/\/www.trustedtranslations.com\/wp-content\/uploads\/2022\/03\/TT_NEW_FB-1.png","width":1038,"height":1038,"caption":"TT NEW FB 1"},{"@type":"BreadcrumbList","@id":"https:\/\/www.trustedtranslations.com\/de\/branchen\/technisch#breadcrumb","itemListElement":[{"@type":"ListItem","position":1,"name":"Home","item":"https:\/\/www.trustedtranslations.com\/de"},{"@type":"ListItem","position":2,"name":"Branchenexpertise","item":"https:\/\/www.trustedtranslations.com\/de\/branchen"},{"@type":"ListItem","position":3,"name":"Technisch"}]},{"@type":"WebSite","@id":"https:\/\/www.trustedtranslations.com\/de\/#website","url":"https:\/\/www.trustedtranslations.com\/de\/","name":"Trusted Translations, Inc.","description":"Leader in translation and interpretation services.","publisher":{"@id":"https:\/\/www.trustedtranslations.com\/de\/#organization"},"alternateName":"Trusted Translations","potentialAction":[{"@type":"SearchAction","target":{"@type":"EntryPoint","urlTemplate":"https:\/\/www.trustedtranslations.com\/de\/?s={search_term_string}"},"query-input":{"@type":"PropertyValueSpecification","valueRequired":true,"valueName":"search_term_string"}}],"inLanguage":"de"},{"@type":"Organization","@id":"https:\/\/www.trustedtranslations.com\/de\/#organization","name":"Trusted Translations","alternateName":"Trusted Translations, Inc.","url":"https:\/\/www.trustedtranslations.com\/de\/","logo":{"@type":"ImageObject","inLanguage":"de","@id":"https:\/\/www.trustedtranslations.com\/de\/#\/schema\/logo\/image\/","url":"https:\/\/static.trustedtranslations.com\/wp-content\/uploads\/2022\/01\/TT_logo_WSIColors-2.png","contentUrl":"https:\/\/static.trustedtranslations.com\/wp-content\/uploads\/2022\/01\/TT_logo_WSIColors-2.png","width":500,"height":196,"caption":"Trusted Translations"},"image":{"@id":"https:\/\/www.trustedtranslations.com\/de\/#\/schema\/logo\/image\/"},"sameAs":["https:\/\/www.facebook.com\/Trusted.Translations","https:\/\/x.com\/TrustedT9ns","https:\/\/www.linkedin.com\/company\/trusted-translations"]}]}},"toolset-meta":{"dyk":{"mensaje-1":{"type":"textfield","raw":"Wir bieten technische \u00dcbersetzungen f\u00fcr Fortune-500-Unternehmen zu 25 - 50% unter dem Marktpreis an."},"mensaje-2":{"type":"textfield","raw":""},"mensaje-3":{"type":"textfield","raw":""},"mensaje-4":{"type":"textfield","raw":"Zu unseren Kunden z\u00e4hlen f\u00fchrende Hersteller wie J&S Chemical, Duracell, Hyundai und mehr."},"mensaje-5":{"type":"textfield","raw":""},"mensaje-6":{"type":"textfield","raw":""}},"single-page-template-fields":{"imgs-temp":{"type":"image","raw":["https:\/\/static.trustedtranslations.com\/wp-content\/uploads\/2024\/05\/technical-final-1.webp","https:\/\/static.trustedtranslations.com\/wp-content\/uploads\/2024\/05\/technical-final-2-1-1.webp","https:\/\/static.trustedtranslations.com\/wp-content\/uploads\/2024\/05\/technical-final-3-1.webp"],"repeatable":[{"raw":"https:\/\/static.trustedtranslations.com\/wp-content\/uploads\/2024\/05\/technical-final-1.webp"},{"raw":"https:\/\/static.trustedtranslations.com\/wp-content\/uploads\/2024\/05\/technical-final-2-1-1.webp"},{"raw":"https:\/\/static.trustedtranslations.com\/wp-content\/uploads\/2024\/05\/technical-final-3-1.webp"}]},"imgs-temp-cel":{"type":"image","raw":[""],"repeatable":[{"raw":""}]},"img-temp-one-cel":{"type":"image","raw":"https:\/\/static.trustedtranslations.com\/wp-content\/uploads\/2024\/05\/AdobeStock_123880644-2-1.webp","attachment_id":null},"quotes":{"type":"textarea","raw":"<h1 style=\"margin-bottom: 12px;\">Technische \u00dcbersetzungsdienstleistungen<\/h1>Wir sind spezialisiert auf hochwertige Fach\u00fcbersetzungen, die von ausgew\u00e4hlten \u00dcbersetzerteams mit umfassender Branchenexpertise durchgef\u00fchrt werden. Ob Sie ein technisches Handbuch, technische Spezifikationen oder eine Patentanmeldung zu \u00fcbersetzen haben, wir sind Ihre L\u00f6sung f\u00fcr hochpr\u00e4zise und zuverl\u00e4ssige technische \u00dcbersetzungen.<div style=\"margin-top: 2.5vw;\"><a class=\"tt-btn-main-cta\" href=\"\/de\/angebot\">KOSTENLOSEN KOSTENVORANSCHLAG ANFORDERN<\/a><\/div>"},"text-1":{"type":"textarea","raw":"<h2 style=\"margin-bottom:20px\">Technische \u00dcbersetzungen<\/h2>\r\nDie \u00dcbersetzung aller technischen Dokumente ist ein wichtiges Element f\u00fcr den erfolgreichen Export Ihrer Produkte und Dienstleistungen. Technische \u00dcbersetzungen erfordern eine sehr gute und genaue Kenntnis branchenspezifischer Begriffe und Formate, die oft komplex sein k\u00f6nnen. Wenn Sie sicher sein wollen, dass Ihre technischen \u00dcbersetzungen absolut akkurat sind, arbeiten Sie mit einem Team von bew\u00e4hrten \u00dcbersetzern zusammen, die Sprachkenntnisse mit diesem branchenspezifischen Fachwissen verbinden k\u00f6nnen.\r\n\r\n<em>Trusted Translations<\/em> ist Ihre L\u00f6sung f\u00fcr technische \u00dcbersetzungen, die p\u00fcnktlich, innerhalb des Budgets und mit einem hohen Genauigkeitsstandard geliefert werden. Nachfolgend finden Sie Beispiele f\u00fcr die Arten von technischen Dokumenten, die wir h\u00e4ufig \u00fcbersetzen:\r\n<ul>\r\n \t<li>Technische Spezifikationen<\/li>\r\n \t<li>Bedienungsanleitungen und Betriebshandb\u00fccher<\/li>\r\n \t<li>Wissenschaftliche und Informationsschriften<\/li>\r\n \t<li>Patente und Patentanmeldungen<\/li>\r\n \t<li>Datenbl\u00e4tter<\/li>\r\n \t<li>Sonstige technische Dokumentation<\/li>\r\n \t<li>Technische Online-E-Learning-Module<\/li>\r\n \t<li>Elektronische Handb\u00fccher und Anleitungen<\/li>\r\n<\/ul>\r\n<h2 style=\"margin-bottom:20px\">Spanische technische \u00dcbersetzungen<\/h2>\r\n<em>Trusted Translations<\/em> verf\u00fcgt \u00fcber besondere Expertise in technischen \u00dcbersetzungen in die spanische Sprache. Mit beispielloser Erfahrung in spanischen \u00dcbersetzungsdienstleistungen kann unser Team Ihnen sogar dabei helfen, Sie hinsichtlich der geeigneten Form des Spanischen f\u00fcr Ihre \u00dcbersetzungen zu beraten und alle Ihre sprachlichen Anforderungen zu erf\u00fcllen. Je nach Zielmarkt m\u00fcssen Ihre technischen \u00dcbersetzungen beispielsweise in neutralem Spanisch verfasst sein, um sicherzustellen, dass Ihre Materialien von Fachleuten, Technikern und Endbenutzern aus allen spanischsprachigen L\u00e4ndern verstanden werden, oder in einem bestimmten Dialekt, um die Zielgruppe in einem bestimmten hispanischen Land anzusprechen."},"shortcode-map":{"type":"textfield","raw":""},"dyk-shortcode":{"type":"textfield","raw":"[elementor-template id=\"146647\"]"},"text-2":{"type":"textarea","raw":"<h2 style=\"margin-bottom:20px\">Technische \u00dcbersetzungsteams<\/h2>\r\nBei <em>Trusted Translations werden<\/em> unsere professionellen \u00dcbersetzer sowohl nach ihren sprachlichen F\u00e4higkeiten als auch nach ihren Kenntnissen der zu \u00fcbersetzenden Inhalte ausgew\u00e4hlt. Wir haben auch einen gr\u00fcndlichen Qualit\u00e4tssicherungsprozess, der die Genauigkeit und Qualit\u00e4t aller technischen \u00dcbersetzungen garantiert.\r\n\r\nBei jedem technischen Dokument, wie z. B. einer technischen Bedienungsanleitung, sieht unser Prozess vor, dass wir \u00dcbersetzer mit dem Projekt beauftragen, die sowohl \u00fcber die erforderlichen akademischen Qualifikationen als auch \u00fcber praktische Erfahrungen in dem jeweiligen Fachgebiet verf\u00fcgen. Dar\u00fcber hinaus haben alle unsere technischen \u00dcbersetzer Zugang zu Translation Memorys, W\u00f6rterb\u00fcchern und branchenspezifischen Glossaren, um sicherzustellen, dass jede \u00dcbersetzung auch bei umfangreichen Projekten sowohl genau als auch konsistent ist.\r\n\r\nUnsere fachkundigen Projektmanager und Designteams sorgen dann in mehreren \u00dcberpr\u00fcfungsrunden daf\u00fcr, dass Ihre Inhalte korrekt \u00fcbersetzt und im richtigen Format ver\u00f6ffentlicht werden, und zwar p\u00fcnktlich und innerhalb des Budgets. Auf diese Weise k\u00f6nnen Sie und Ihr Team sich auf andere wichtige Aufgaben f\u00fcr Ihr Unternehmen konzentrieren, z. B. die Einf\u00fchrung Ihres neuen Produkts, die Steigerung der Produktivit\u00e4t oder die Steigerung des Umsatzes.\r\n\r\nDa wir \u00fcber ein eigenes Team von Softwareingenieuren und -entwicklern verf\u00fcgen, arbeiten wir mit allen Arten von Programminhalten und in allen elektronischen Dateiformaten. Sie k\u00f6nnen uns Ihr gesamtes technisches Material zur \u00dcbersetzung schicken, anstatt mehrere \u00dcbersetzungsdienstleister in Anspruch nehmen zu m\u00fcssen. Auf der Lieferseite stellen wir unseren Kunden auch \u201epublikationsfertige\u201c Dateien zur Verf\u00fcgung, um Ihre Erfahrung so reibungslos wie m\u00f6glich zu gestalten.\r\n\r\nWir sind Experten f\u00fcr gro\u00dfe und kleine Projekte und k\u00f6nnen unabh\u00e4ngig von der Art des Projekts innerhalb Ihrer Zeitvorgaben arbeiten. Um mehr \u00fcber die technischen \u00dcbersetzungsdienstleistungen von <em>Trusted Translations<\/em> zu erfahren, nehmen Sie noch heute Kontakt mit uns auf."},"state":{"type":"textfield","raw":""},"city":{"type":"textarea","raw":[]}}},"_links":{"self":[{"href":"https:\/\/www.trustedtranslations.com\/de\/wp-json\/wp\/v2\/pages\/129351","targetHints":{"allow":["GET"]}}],"collection":[{"href":"https:\/\/www.trustedtranslations.com\/de\/wp-json\/wp\/v2\/pages"}],"about":[{"href":"https:\/\/www.trustedtranslations.com\/de\/wp-json\/wp\/v2\/types\/page"}],"author":[{"embeddable":true,"href":"https:\/\/www.trustedtranslations.com\/de\/wp-json\/wp\/v2\/users\/1"}],"replies":[{"embeddable":true,"href":"https:\/\/www.trustedtranslations.com\/de\/wp-json\/wp\/v2\/comments?post=129351"}],"version-history":[{"count":0,"href":"https:\/\/www.trustedtranslations.com\/de\/wp-json\/wp\/v2\/pages\/129351\/revisions"}],"up":[{"embeddable":true,"href":"https:\/\/www.trustedtranslations.com\/de\/wp-json\/wp\/v2\/pages\/129502"}],"wp:featuredmedia":[{"embeddable":true,"href":"https:\/\/www.trustedtranslations.com\/de\/wp-json\/wp\/v2\/media\/139628"}],"wp:attachment":[{"href":"https:\/\/www.trustedtranslations.com\/de\/wp-json\/wp\/v2\/media?parent=129351"}],"curies":[{"name":"wp","href":"https:\/\/api.w.org\/{rel}","templated":true}]}}