{"id":129354,"date":"2018-11-16T16:41:41","date_gmt":"2018-11-16T16:41:41","guid":{"rendered":"https:\/\/www.trustedtranslations.com\/?page_id=129354"},"modified":"2024-09-03T11:57:16","modified_gmt":"2024-09-03T14:57:16","slug":"software","status":"publish","type":"page","link":"https:\/\/www.trustedtranslations.com\/de\/branchen\/software","title":{"rendered":"Software"},"content":{"rendered":"","protected":false},"excerpt":{"rendered":"","protected":false},"author":1,"featured_media":139628,"parent":129502,"menu_order":0,"comment_status":"closed","ping_status":"closed","template":"","meta":{"site-sidebar-layout":"default","site-content-layout":"default","ast-site-content-layout":"default","site-content-style":"default","site-sidebar-style":"default","ast-global-header-display":"","ast-banner-title-visibility":"","ast-main-header-display":"","ast-hfb-above-header-display":"","ast-hfb-below-header-display":"","ast-hfb-mobile-header-display":"","site-post-title":"disabled","ast-breadcrumbs-content":"","ast-featured-img":"","footer-sml-layout":"","ast-disable-related-posts":"","theme-transparent-header-meta":"default","adv-header-id-meta":"","stick-header-meta":"","header-above-stick-meta":"","header-main-stick-meta":"","header-below-stick-meta":"","astra-migrate-meta-layouts":"set","ast-page-background-enabled":"default","ast-page-background-meta":{"desktop":{"background-color":"var(--ast-global-color-4)","background-image":"","background-repeat":"repeat","background-position":"center center","background-size":"auto","background-attachment":"scroll","background-type":"","background-media":"","overlay-type":"","overlay-color":"","overlay-opacity":"","overlay-gradient":""},"tablet":{"background-color":"","background-image":"","background-repeat":"repeat","background-position":"center center","background-size":"auto","background-attachment":"scroll","background-type":"","background-media":"","overlay-type":"","overlay-color":"","overlay-opacity":"","overlay-gradient":""},"mobile":{"background-color":"","background-image":"","background-repeat":"repeat","background-position":"center center","background-size":"auto","background-attachment":"scroll","background-type":"","background-media":"","overlay-type":"","overlay-color":"","overlay-opacity":"","overlay-gradient":""}},"ast-content-background-meta":{"desktop":{"background-color":"var(--ast-global-color-5)","background-image":"","background-repeat":"repeat","background-position":"center center","background-size":"auto","background-attachment":"scroll","background-type":"","background-media":"","overlay-type":"","overlay-color":"","overlay-opacity":"","overlay-gradient":""},"tablet":{"background-color":"var(--ast-global-color-5)","background-image":"","background-repeat":"repeat","background-position":"center center","background-size":"auto","background-attachment":"scroll","background-type":"","background-media":"","overlay-type":"","overlay-color":"","overlay-opacity":"","overlay-gradient":""},"mobile":{"background-color":"var(--ast-global-color-5)","background-image":"","background-repeat":"repeat","background-position":"center center","background-size":"auto","background-attachment":"scroll","background-type":"","background-media":"","overlay-type":"","overlay-color":"","overlay-opacity":"","overlay-gradient":""}},"footnotes":""},"class_list":["post-129354","page","type-page","status-publish","has-post-thumbnail","hentry"],"yoast_head":"<!-- This site is optimized with the Yoast SEO plugin v27.3 - https:\/\/yoast.com\/product\/yoast-seo-wordpress\/ -->\n<title>\u00dcbersetzungsdienstleistungen f\u00fcr Software - Trusted Translations, Inc.<\/title>\n<meta name=\"description\" content=\"Trusted Translations arbeitet mit Ihrem Team zusammen, um die wichtigsten Ziele im Zusammenhang mit Software\u00fcbersetzung, Internationalisierung, Lokalisierung und Globalisierung zu erreichen.\" \/>\n<meta name=\"robots\" content=\"index, follow, max-snippet:-1, max-image-preview:large, max-video-preview:-1\" \/>\n<link rel=\"canonical\" href=\"https:\/\/www.trustedtranslations.com\/de\/branchen\/software\" \/>\n<meta property=\"og:locale\" content=\"de_DE\" \/>\n<meta property=\"og:type\" content=\"article\" \/>\n<meta property=\"og:title\" content=\"\u00dcbersetzungsdienstleistungen f\u00fcr Software - Trusted Translations, Inc.\" \/>\n<meta property=\"og:description\" content=\"Trusted Translations arbeitet mit Ihrem Team zusammen, um die wichtigsten Ziele im Zusammenhang mit Software\u00fcbersetzung, Internationalisierung, Lokalisierung und Globalisierung zu erreichen.\" \/>\n<meta property=\"og:url\" content=\"https:\/\/www.trustedtranslations.com\/de\/branchen\/software\" \/>\n<meta property=\"og:site_name\" content=\"Trusted Translations, Inc.\" \/>\n<meta property=\"article:publisher\" content=\"https:\/\/www.facebook.com\/Trusted.Translations\" \/>\n<meta property=\"article:modified_time\" content=\"2024-09-03T14:57:16+00:00\" \/>\n<meta property=\"og:image\" content=\"https:\/\/static.trustedtranslations.com\/wp-content\/uploads\/2022\/03\/TT_NEW_FB-1.png\" \/>\n\t<meta property=\"og:image:width\" content=\"1038\" \/>\n\t<meta property=\"og:image:height\" content=\"1038\" \/>\n\t<meta property=\"og:image:type\" content=\"image\/png\" \/>\n<meta name=\"twitter:card\" content=\"summary_large_image\" \/>\n<meta name=\"twitter:site\" content=\"@TrustedT9ns\" \/>\n<script type=\"application\/ld+json\" class=\"yoast-schema-graph\">{\"@context\":\"https:\\\/\\\/schema.org\",\"@graph\":[{\"@type\":\"WebPage\",\"@id\":\"https:\\\/\\\/www.trustedtranslations.com\\\/de\\\/branchen\\\/software\",\"url\":\"https:\\\/\\\/www.trustedtranslations.com\\\/de\\\/branchen\\\/software\",\"name\":\"\u00dcbersetzungsdienstleistungen f\u00fcr Software - Trusted Translations, Inc.\",\"isPartOf\":{\"@id\":\"https:\\\/\\\/www.trustedtranslations.com\\\/de\\\/#website\"},\"primaryImageOfPage\":{\"@id\":\"https:\\\/\\\/www.trustedtranslations.com\\\/de\\\/branchen\\\/software#primaryimage\"},\"image\":{\"@id\":\"https:\\\/\\\/www.trustedtranslations.com\\\/de\\\/branchen\\\/software#primaryimage\"},\"thumbnailUrl\":\"https:\\\/\\\/www.trustedtranslations.com\\\/wp-content\\\/uploads\\\/2022\\\/03\\\/TT_NEW_FB-1.png\",\"description\":\"Trusted Translations arbeitet mit Ihrem Team zusammen, um die wichtigsten Ziele im Zusammenhang mit Software\u00fcbersetzung, Internationalisierung, Lokalisierung und Globalisierung zu erreichen.\",\"breadcrumb\":{\"@id\":\"https:\\\/\\\/www.trustedtranslations.com\\\/de\\\/branchen\\\/software#breadcrumb\"},\"inLanguage\":\"de\",\"potentialAction\":[{\"@type\":\"ReadAction\",\"target\":[\"https:\\\/\\\/www.trustedtranslations.com\\\/de\\\/branchen\\\/software\"]}]},{\"@type\":\"ImageObject\",\"inLanguage\":\"de\",\"@id\":\"https:\\\/\\\/www.trustedtranslations.com\\\/de\\\/branchen\\\/software#primaryimage\",\"url\":\"https:\\\/\\\/www.trustedtranslations.com\\\/wp-content\\\/uploads\\\/2022\\\/03\\\/TT_NEW_FB-1.png\",\"contentUrl\":\"https:\\\/\\\/www.trustedtranslations.com\\\/wp-content\\\/uploads\\\/2022\\\/03\\\/TT_NEW_FB-1.png\",\"width\":1038,\"height\":1038,\"caption\":\"TT NEW FB 1\"},{\"@type\":\"BreadcrumbList\",\"@id\":\"https:\\\/\\\/www.trustedtranslations.com\\\/de\\\/branchen\\\/software#breadcrumb\",\"itemListElement\":[{\"@type\":\"ListItem\",\"position\":1,\"name\":\"Home\",\"item\":\"https:\\\/\\\/www.trustedtranslations.com\\\/de\"},{\"@type\":\"ListItem\",\"position\":2,\"name\":\"Branchenexpertise\",\"item\":\"https:\\\/\\\/www.trustedtranslations.com\\\/de\\\/branchen\"},{\"@type\":\"ListItem\",\"position\":3,\"name\":\"Software\"}]},{\"@type\":\"WebSite\",\"@id\":\"https:\\\/\\\/www.trustedtranslations.com\\\/de\\\/#website\",\"url\":\"https:\\\/\\\/www.trustedtranslations.com\\\/de\\\/\",\"name\":\"Trusted Translations, Inc.\",\"description\":\"Leader in translation and interpretation services.\",\"publisher\":{\"@id\":\"https:\\\/\\\/www.trustedtranslations.com\\\/de\\\/#organization\"},\"alternateName\":\"Trusted Translations\",\"potentialAction\":[{\"@type\":\"SearchAction\",\"target\":{\"@type\":\"EntryPoint\",\"urlTemplate\":\"https:\\\/\\\/www.trustedtranslations.com\\\/de\\\/?s={search_term_string}\"},\"query-input\":{\"@type\":\"PropertyValueSpecification\",\"valueRequired\":true,\"valueName\":\"search_term_string\"}}],\"inLanguage\":\"de\"},{\"@type\":\"Organization\",\"@id\":\"https:\\\/\\\/www.trustedtranslations.com\\\/de\\\/#organization\",\"name\":\"Trusted Translations\",\"alternateName\":\"Trusted Translations, Inc.\",\"url\":\"https:\\\/\\\/www.trustedtranslations.com\\\/de\\\/\",\"logo\":{\"@type\":\"ImageObject\",\"inLanguage\":\"de\",\"@id\":\"https:\\\/\\\/www.trustedtranslations.com\\\/de\\\/#\\\/schema\\\/logo\\\/image\\\/\",\"url\":\"https:\\\/\\\/static.trustedtranslations.com\\\/wp-content\\\/uploads\\\/2022\\\/01\\\/TT_logo_WSIColors-2.png\",\"contentUrl\":\"https:\\\/\\\/static.trustedtranslations.com\\\/wp-content\\\/uploads\\\/2022\\\/01\\\/TT_logo_WSIColors-2.png\",\"width\":500,\"height\":196,\"caption\":\"Trusted Translations\"},\"image\":{\"@id\":\"https:\\\/\\\/www.trustedtranslations.com\\\/de\\\/#\\\/schema\\\/logo\\\/image\\\/\"},\"sameAs\":[\"https:\\\/\\\/www.facebook.com\\\/Trusted.Translations\",\"https:\\\/\\\/x.com\\\/TrustedT9ns\",\"https:\\\/\\\/www.linkedin.com\\\/company\\\/trusted-translations\"]}]}<\/script>\n<!-- \/ Yoast SEO plugin. -->","yoast_head_json":{"title":"\u00dcbersetzungsdienstleistungen f\u00fcr Software - Trusted Translations, Inc.","description":"Trusted Translations arbeitet mit Ihrem Team zusammen, um die wichtigsten Ziele im Zusammenhang mit Software\u00fcbersetzung, Internationalisierung, Lokalisierung und Globalisierung zu erreichen.","robots":{"index":"index","follow":"follow","max-snippet":"max-snippet:-1","max-image-preview":"max-image-preview:large","max-video-preview":"max-video-preview:-1"},"canonical":"https:\/\/www.trustedtranslations.com\/de\/branchen\/software","og_locale":"de_DE","og_type":"article","og_title":"\u00dcbersetzungsdienstleistungen f\u00fcr Software - Trusted Translations, Inc.","og_description":"Trusted Translations arbeitet mit Ihrem Team zusammen, um die wichtigsten Ziele im Zusammenhang mit Software\u00fcbersetzung, Internationalisierung, Lokalisierung und Globalisierung zu erreichen.","og_url":"https:\/\/www.trustedtranslations.com\/de\/branchen\/software","og_site_name":"Trusted Translations, Inc.","article_publisher":"https:\/\/www.facebook.com\/Trusted.Translations","article_modified_time":"2024-09-03T14:57:16+00:00","og_image":[{"width":1038,"height":1038,"url":"https:\/\/static.trustedtranslations.com\/wp-content\/uploads\/2022\/03\/TT_NEW_FB-1.png","type":"image\/png"}],"twitter_card":"summary_large_image","twitter_site":"@TrustedT9ns","schema":{"@context":"https:\/\/schema.org","@graph":[{"@type":"WebPage","@id":"https:\/\/www.trustedtranslations.com\/de\/branchen\/software","url":"https:\/\/www.trustedtranslations.com\/de\/branchen\/software","name":"\u00dcbersetzungsdienstleistungen f\u00fcr Software - Trusted Translations, Inc.","isPartOf":{"@id":"https:\/\/www.trustedtranslations.com\/de\/#website"},"primaryImageOfPage":{"@id":"https:\/\/www.trustedtranslations.com\/de\/branchen\/software#primaryimage"},"image":{"@id":"https:\/\/www.trustedtranslations.com\/de\/branchen\/software#primaryimage"},"thumbnailUrl":"https:\/\/www.trustedtranslations.com\/wp-content\/uploads\/2022\/03\/TT_NEW_FB-1.png","description":"Trusted Translations arbeitet mit Ihrem Team zusammen, um die wichtigsten Ziele im Zusammenhang mit Software\u00fcbersetzung, Internationalisierung, Lokalisierung und Globalisierung zu erreichen.","breadcrumb":{"@id":"https:\/\/www.trustedtranslations.com\/de\/branchen\/software#breadcrumb"},"inLanguage":"de","potentialAction":[{"@type":"ReadAction","target":["https:\/\/www.trustedtranslations.com\/de\/branchen\/software"]}]},{"@type":"ImageObject","inLanguage":"de","@id":"https:\/\/www.trustedtranslations.com\/de\/branchen\/software#primaryimage","url":"https:\/\/www.trustedtranslations.com\/wp-content\/uploads\/2022\/03\/TT_NEW_FB-1.png","contentUrl":"https:\/\/www.trustedtranslations.com\/wp-content\/uploads\/2022\/03\/TT_NEW_FB-1.png","width":1038,"height":1038,"caption":"TT NEW FB 1"},{"@type":"BreadcrumbList","@id":"https:\/\/www.trustedtranslations.com\/de\/branchen\/software#breadcrumb","itemListElement":[{"@type":"ListItem","position":1,"name":"Home","item":"https:\/\/www.trustedtranslations.com\/de"},{"@type":"ListItem","position":2,"name":"Branchenexpertise","item":"https:\/\/www.trustedtranslations.com\/de\/branchen"},{"@type":"ListItem","position":3,"name":"Software"}]},{"@type":"WebSite","@id":"https:\/\/www.trustedtranslations.com\/de\/#website","url":"https:\/\/www.trustedtranslations.com\/de\/","name":"Trusted Translations, Inc.","description":"Leader in translation and interpretation services.","publisher":{"@id":"https:\/\/www.trustedtranslations.com\/de\/#organization"},"alternateName":"Trusted Translations","potentialAction":[{"@type":"SearchAction","target":{"@type":"EntryPoint","urlTemplate":"https:\/\/www.trustedtranslations.com\/de\/?s={search_term_string}"},"query-input":{"@type":"PropertyValueSpecification","valueRequired":true,"valueName":"search_term_string"}}],"inLanguage":"de"},{"@type":"Organization","@id":"https:\/\/www.trustedtranslations.com\/de\/#organization","name":"Trusted Translations","alternateName":"Trusted Translations, Inc.","url":"https:\/\/www.trustedtranslations.com\/de\/","logo":{"@type":"ImageObject","inLanguage":"de","@id":"https:\/\/www.trustedtranslations.com\/de\/#\/schema\/logo\/image\/","url":"https:\/\/static.trustedtranslations.com\/wp-content\/uploads\/2022\/01\/TT_logo_WSIColors-2.png","contentUrl":"https:\/\/static.trustedtranslations.com\/wp-content\/uploads\/2022\/01\/TT_logo_WSIColors-2.png","width":500,"height":196,"caption":"Trusted Translations"},"image":{"@id":"https:\/\/www.trustedtranslations.com\/de\/#\/schema\/logo\/image\/"},"sameAs":["https:\/\/www.facebook.com\/Trusted.Translations","https:\/\/x.com\/TrustedT9ns","https:\/\/www.linkedin.com\/company\/trusted-translations"]}]}},"toolset-meta":{"dyk":{"mensaje-1":{"type":"textfield","raw":""},"mensaje-2":{"type":"textfield","raw":"Wir bieten kostenlose Angebote f\u00fcr jedes Projekt zur Lokalisierung von Dokumenten, Websites oder Software."},"mensaje-3":{"type":"textfield","raw":"Unser internes \u00dcbersetzungspersonal umfasst Softwareingenieure und Entwickler."},"mensaje-4":{"type":"textfield","raw":"Unsere Software\u00fcbersetzungsteams k\u00f6nnen Sie sowohl bei der Lokalisierung als auch bei der Internationalisierung unterst\u00fctzen."},"mensaje-5":{"type":"textfield","raw":""},"mensaje-6":{"type":"textfield","raw":""}},"single-page-template-fields":{"imgs-temp":{"type":"image","raw":["https:\/\/static.trustedtranslations.com\/wp-content\/uploads\/2024\/05\/software-final-1.webp","https:\/\/static.trustedtranslations.com\/wp-content\/uploads\/2024\/05\/software-final-2-1.webp","https:\/\/static.trustedtranslations.com\/wp-content\/uploads\/2024\/05\/software-final-3-1.webp"],"repeatable":[{"raw":"https:\/\/static.trustedtranslations.com\/wp-content\/uploads\/2024\/05\/software-final-1.webp"},{"raw":"https:\/\/static.trustedtranslations.com\/wp-content\/uploads\/2024\/05\/software-final-2-1.webp"},{"raw":"https:\/\/static.trustedtranslations.com\/wp-content\/uploads\/2024\/05\/software-final-3-1.webp"}]},"imgs-temp-cel":{"type":"image","raw":[""],"repeatable":[{"raw":""}]},"img-temp-one-cel":{"type":"image","raw":"https:\/\/static.trustedtranslations.com\/wp-content\/uploads\/2024\/05\/AdobeStock_167812893-2-1.webp","attachment_id":null},"quotes":{"type":"textarea","raw":"<h1 style=\"margin-bottom: 12px;\">Software-\u00dcbersetzungsdienstleistungen<\/h1>Trusted Translations arbeitet mit Ihrem Team zusammen, um die wichtigsten Ziele zu erreichen, die mit Software\u00fcbersetzung, Internationalisierung, Lokalisierung, Globalisierung oder einer Kombination dieser Dienstleistungen verbunden sind.<div style=\"margin-top: 2.5vw;\"><a class=\"tt-btn-main-cta\" href=\"\/de\/angebot\">KOSTENLOSEN KOSTENVORANSCHLAG ANFORDERN<\/a><\/div>"},"text-1":{"type":"textarea","raw":"<h2>Optimierung Ihrer Software f\u00fcr mehrsprachige M\u00e4rkte<\/h2>\r\n<p><em>Trusted Translations<\/em> bietet umfassende Software\u00fcbersetzungsdienstleistungen an. Wir sind bereit, Ihrem Unternehmen bei einem oder allen der folgenden Punkte zu helfen:<\/p>\r\n<ul>\r\n<li>Ein vollst\u00e4ndig funktionelles und getestetes Produkt zu gew\u00e4hrleisten, das mehrere Sprachen verwalten kann.<\/li>\r\n<li>Einen trainierten Personalbestand zu haben, der Aktualisierungen oder \u00c4nderungen in vielen Sprachen verwalten kann.<\/li>\r\n<li>Eine Plattform zu erstellen, welche die Einf\u00fchrung in neue M\u00e4rkte zu den geringsten Mehrkosten erm\u00f6glichen wird.<\/li>\r\n<li>Prozesse und Verfahren zu erstellen, die letztendlich die Kundenfunktionalit\u00e4t und -zufriedenheit verbessern und die Ums\u00e4tze steigern werden.<\/li>\r\n<\/ul>\r\n<p>Wir verstehen die spezifischen Nuancen im Zusammenhang mit der Modifizierung eines Softwareprogramms in ein mehrsprachiges Produkt. Aus diesem Grund decken wir in unseren \u00dcbersetzungs- und Lokalisierungsdienstleistungen eine Vielzahl von Elementen ab, wie zum Beispiel:<\/p>\r\n<ul>\r\n<li>Software-\/Benutzeroberfl\u00e4chencode<\/li>\r\n<li>Hilfebildschirme, Anweisungen, Men\u00fcs, Tastenk\u00fcrzel<\/li>\r\n<li>Softwarehandb\u00fccher<\/li>\r\n<li>Lizenzvereinbarungen<\/li>\r\n<li>Haftungs- und Informationssicherheitsausschl\u00fcsse<\/li>\r\n<li>Garantievereinbarungen<\/li>\r\n<li>Marketingmaterial und Verpackungsinhalt<\/li>\r\n<li>Kulturbezogene Inhalte und Gewohnheiten der Endnutzer<\/li>\r\n<\/ul>\r\n<h2 style=\"margin-bottom:20px\">Softwareinternationalisierung<\/h2>\r\n<p>Internationalisierung (i18n) ist eine Branchendefinition, welche die Entwicklung eines neuen Produkts oder die Modifizierung eines bestehenden Projekts beinhaltet, damit das Projekt in vielen Sprachen verwendet und in verschiedenen L\u00e4ndern verkauft werden kann. W\u00e4hrend des Entwicklungsprozesses wird eine spezielle Kodierung verwendet, um die nahtlose Verwaltung von Informationen in mehreren Sprachen zu erm\u00f6glichen - zum Beispiel, um sicherzustellen, dass Ihr Quellcode verschiedene Datums- und Zeitformate und Schreibsysteme erkennt.<\/p>\r\n<p>Mit unserer umfassenden Internationalisierungsdienstleistung stellt <em>Trusted Translations <\/em> sicher, dass Ihr Softwareprogramm f\u00fcr den Einsatz und die gemeinsame Nutzung auf globaler Ebene ger\u00fcstet ist.<\/p>"},"shortcode-map":{"type":"textfield","raw":""},"dyk-shortcode":{"type":"textfield","raw":"[elementor-template id=\"146647\"]"},"text-2":{"type":"textarea","raw":"<h2 style=\"margin-bottom:20px\">Softwarelokalisierung<\/h2>\r\nBei der Softwarelokalisierung (l10n) passen Sie Ihr Produkt an die sprachlichen und kulturellen Nuancen eines bestimmten Zielmarktes an. Die Lokalisierung kann Ihren Zielmarkt verzehnfachen und Ihre Wirkung auf ausl\u00e4ndische Benutzer erh\u00f6hen.\r\n\r\nDie Lokalisierung ist ein komplexer Prozess, der \u00fcber die einfache \u00dcbersetzung von Inhalten hinausgeht und sich mit Funktionen wie Benutzerfreundlichkeit\/UX, Grafik, Gr\u00f6\u00dfe, Platzierung und vielem mehr befasst. Beispielsweise kann die Lokalisierung in eine arabischsprachige Region das \u00c4ndern des Layouts von Men\u00fcs, ausf\u00fcllbaren Formularen, der Schaltfl\u00e4chenplatzierung und mehr erfordern, um eine Sprache zu ber\u00fccksichtigen, die von rechts nach links gelesen wird.\r\n\r\nDie Lokalisierung bringt auch einzigartige Herausforderungen mit sich. Beispielsweise muss der zu \u00fcbersetzende oder zu lokalisierende Text \u2013 einschlie\u00dflich sichtbarem und verborgenem Text \u2013 so vom Quellcode getrennt werden, dass die Integrit\u00e4t des Originalcodes gewahrt bleibt. Dann ist es \u00e4u\u00dferst wichtig, dass alle Dokumentationen und Benutzerschnittstellentexte unter Verwendung der korrekten Fachbegriffe und Nomenklatur \u00fcbersetzt werden. Dar\u00fcber hinaus sollte der Lokalisierungsprozess noch vor Beginn durch eine umfassende Nutzerforschung \u00fcber die Pr\u00e4ferenzen Ihres Zielmarktes unterst\u00fctzt werden.\r\n\r\nUnser Team von <em>Trusted Translations<\/em> verf\u00fcgt \u00fcber die Branchenerfahrung und das sprachliche Know-how, um diese logistischen Herausforderungen von Anfang bis Ende zu bew\u00e4ltigen.\r\n<h2 style=\"margin-bottom:20px\">Softwareglobalisierung<\/h2>\r\nGlobalisierung l\u00e4sst sich am besten mit dieser einfachen Formel verstehen: Globalisierung = Internationalisierung + Lokalisierung. In Bezug auf die Softwareglobalisierung bedeutet dies, Ihre Softwareprodukte f\u00fcr jeden, in jeder Sprache und \u00fcberall auf der Welt verf\u00fcgbar und nutzbar zu machen.\r\n\r\nIdealerweise sollte Globalisierung im normalen Produktentwicklungszyklus einbezogen werden. Wenn dies w\u00e4hrend der Entwicklung ber\u00fccksichtigt wird, wird Ihr Prim\u00e4rcode so geschrieben, dass er eine effiziente Verwaltung mehrerer Sprachen erm\u00f6glicht, einschlie\u00dflich der M\u00f6glichkeit, neuen Text zu bearbeiten, zu verfolgen und hochzuladen. Damit sind die Voraussetzungen f\u00fcr eine erfolgreiche Lokalisierung geschaffen, w\u00e4hrend Sie beginnen, bestimmte M\u00e4rkte weltweit zu identifizieren und zu erschlie\u00dfen.\r\n\r\nMit Fachwissen in jedem Schritt dieses Prozesses ist <em>Trusted Translations<\/em> bereit, Ihre einzige Anlaufstelle f\u00fcr eine erfolgreiche Software-Globalisierung zu sein."},"state":{"type":"textfield","raw":""},"city":{"type":"textarea","raw":[]}}},"_links":{"self":[{"href":"https:\/\/www.trustedtranslations.com\/de\/wp-json\/wp\/v2\/pages\/129354","targetHints":{"allow":["GET"]}}],"collection":[{"href":"https:\/\/www.trustedtranslations.com\/de\/wp-json\/wp\/v2\/pages"}],"about":[{"href":"https:\/\/www.trustedtranslations.com\/de\/wp-json\/wp\/v2\/types\/page"}],"author":[{"embeddable":true,"href":"https:\/\/www.trustedtranslations.com\/de\/wp-json\/wp\/v2\/users\/1"}],"replies":[{"embeddable":true,"href":"https:\/\/www.trustedtranslations.com\/de\/wp-json\/wp\/v2\/comments?post=129354"}],"version-history":[{"count":0,"href":"https:\/\/www.trustedtranslations.com\/de\/wp-json\/wp\/v2\/pages\/129354\/revisions"}],"up":[{"embeddable":true,"href":"https:\/\/www.trustedtranslations.com\/de\/wp-json\/wp\/v2\/pages\/129502"}],"wp:featuredmedia":[{"embeddable":true,"href":"https:\/\/www.trustedtranslations.com\/de\/wp-json\/wp\/v2\/media\/139628"}],"wp:attachment":[{"href":"https:\/\/www.trustedtranslations.com\/de\/wp-json\/wp\/v2\/media?parent=129354"}],"curies":[{"name":"wp","href":"https:\/\/api.w.org\/{rel}","templated":true}]}}