{"id":129355,"date":"2018-11-16T15:20:18","date_gmt":"2018-11-16T15:20:18","guid":{"rendered":"https:\/\/www.trustedtranslations.com\/?page_id=129355"},"modified":"2024-09-17T18:31:58","modified_gmt":"2024-09-17T21:31:58","slug":"medizinische-uebersetzung","status":"publish","type":"page","link":"https:\/\/www.trustedtranslations.com\/de\/branchen\/medizinische-uebersetzung","title":{"rendered":"Medizin"},"content":{"rendered":"","protected":false},"excerpt":{"rendered":"","protected":false},"author":1,"featured_media":0,"parent":129502,"menu_order":0,"comment_status":"closed","ping_status":"closed","template":"","meta":{"site-sidebar-layout":"default","site-content-layout":"default","ast-site-content-layout":"default","site-content-style":"default","site-sidebar-style":"default","ast-global-header-display":"","ast-banner-title-visibility":"","ast-main-header-display":"","ast-hfb-above-header-display":"","ast-hfb-below-header-display":"","ast-hfb-mobile-header-display":"","site-post-title":"disabled","ast-breadcrumbs-content":"","ast-featured-img":"","footer-sml-layout":"","ast-disable-related-posts":"","theme-transparent-header-meta":"default","adv-header-id-meta":"","stick-header-meta":"","header-above-stick-meta":"","header-main-stick-meta":"","header-below-stick-meta":"","astra-migrate-meta-layouts":"set","ast-page-background-enabled":"default","ast-page-background-meta":{"desktop":{"background-color":"var(--ast-global-color-4)","background-image":"","background-repeat":"repeat","background-position":"center center","background-size":"auto","background-attachment":"scroll","background-type":"","background-media":"","overlay-type":"","overlay-color":"","overlay-opacity":"","overlay-gradient":""},"tablet":{"background-color":"","background-image":"","background-repeat":"repeat","background-position":"center center","background-size":"auto","background-attachment":"scroll","background-type":"","background-media":"","overlay-type":"","overlay-color":"","overlay-opacity":"","overlay-gradient":""},"mobile":{"background-color":"","background-image":"","background-repeat":"repeat","background-position":"center center","background-size":"auto","background-attachment":"scroll","background-type":"","background-media":"","overlay-type":"","overlay-color":"","overlay-opacity":"","overlay-gradient":""}},"ast-content-background-meta":{"desktop":{"background-color":"var(--ast-global-color-5)","background-image":"","background-repeat":"repeat","background-position":"center center","background-size":"auto","background-attachment":"scroll","background-type":"","background-media":"","overlay-type":"","overlay-color":"","overlay-opacity":"","overlay-gradient":""},"tablet":{"background-color":"var(--ast-global-color-5)","background-image":"","background-repeat":"repeat","background-position":"center center","background-size":"auto","background-attachment":"scroll","background-type":"","background-media":"","overlay-type":"","overlay-color":"","overlay-opacity":"","overlay-gradient":""},"mobile":{"background-color":"var(--ast-global-color-5)","background-image":"","background-repeat":"repeat","background-position":"center center","background-size":"auto","background-attachment":"scroll","background-type":"","background-media":"","overlay-type":"","overlay-color":"","overlay-opacity":"","overlay-gradient":""}},"footnotes":""},"class_list":["post-129355","page","type-page","status-publish","hentry"],"yoast_head":"<!-- This site is optimized with the Yoast SEO plugin v27.5 - https:\/\/yoast.com\/product\/yoast-seo-wordpress\/ -->\n<title>Medizinische \u00dcbersetzungsdienstleistungen - Trusted Translations, Inc.<\/title>\n<meta name=\"description\" content=\"Entdecken Sie bei Trusted Translations, Inc. zuverl\u00e4ssige Sprachl\u00f6sungen f\u00fcr Medizin und Gesundheit. Unsere fachkundigen \u00dcbersetzer erstellen pr\u00e4zise und vertrauliche \u00dcbersetzungen f\u00fcr den medizinischen Bereich. Fordern Sie noch heute Ihr kostenloses Angebot an.\" \/>\n<meta name=\"robots\" content=\"index, follow, max-snippet:-1, max-image-preview:large, max-video-preview:-1\" \/>\n<link rel=\"canonical\" href=\"https:\/\/www.trustedtranslations.com\/de\/branchen\/medizinische-uebersetzung\" \/>\n<meta property=\"og:locale\" content=\"de_DE\" \/>\n<meta property=\"og:type\" content=\"article\" \/>\n<meta property=\"og:title\" content=\"Medizinische \u00dcbersetzungsdienstleistungen - Trusted Translations, Inc.\" \/>\n<meta property=\"og:description\" content=\"Entdecken Sie bei Trusted Translations, Inc. zuverl\u00e4ssige Sprachl\u00f6sungen f\u00fcr Medizin und Gesundheit. Unsere fachkundigen \u00dcbersetzer erstellen pr\u00e4zise und vertrauliche \u00dcbersetzungen f\u00fcr den medizinischen Bereich. Fordern Sie noch heute Ihr kostenloses Angebot an.\" \/>\n<meta property=\"og:url\" content=\"https:\/\/www.trustedtranslations.com\/de\/branchen\/medizinische-uebersetzung\" \/>\n<meta property=\"og:site_name\" content=\"Trusted Translations, Inc.\" \/>\n<meta property=\"article:publisher\" content=\"https:\/\/www.facebook.com\/Trusted.Translations\" \/>\n<meta property=\"article:modified_time\" content=\"2024-09-17T21:31:58+00:00\" \/>\n<meta property=\"og:image\" content=\"https:\/\/www.trustedtranslations.com\/wp-content\/uploads\/2022\/06\/tt-logo-2-1.webp\" \/>\n\t<meta property=\"og:image:width\" content=\"216\" \/>\n\t<meta property=\"og:image:height\" content=\"94\" \/>\n\t<meta property=\"og:image:type\" content=\"image\/webp\" \/>\n<meta name=\"twitter:card\" content=\"summary_large_image\" \/>\n<meta name=\"twitter:site\" content=\"@TrustedT9ns\" \/>\n<script type=\"application\/ld+json\" class=\"yoast-schema-graph\">{\"@context\":\"https:\\\/\\\/schema.org\",\"@graph\":[{\"@type\":\"WebPage\",\"@id\":\"https:\\\/\\\/www.trustedtranslations.com\\\/de\\\/branchen\\\/medizinische-uebersetzung\",\"url\":\"https:\\\/\\\/www.trustedtranslations.com\\\/de\\\/branchen\\\/medizinische-uebersetzung\",\"name\":\"Medizinische \u00dcbersetzungsdienstleistungen - Trusted Translations, Inc.\",\"isPartOf\":{\"@id\":\"https:\\\/\\\/www.trustedtranslations.com\\\/de\\\/#website\"},\"description\":\"Entdecken Sie bei Trusted Translations, Inc. zuverl\u00e4ssige Sprachl\u00f6sungen f\u00fcr Medizin und Gesundheit. Unsere fachkundigen \u00dcbersetzer erstellen pr\u00e4zise und vertrauliche \u00dcbersetzungen f\u00fcr den medizinischen Bereich. Fordern Sie noch heute Ihr kostenloses Angebot an.\",\"breadcrumb\":{\"@id\":\"https:\\\/\\\/www.trustedtranslations.com\\\/de\\\/branchen\\\/medizinische-uebersetzung#breadcrumb\"},\"inLanguage\":\"de\",\"potentialAction\":[{\"@type\":\"ReadAction\",\"target\":[\"https:\\\/\\\/www.trustedtranslations.com\\\/de\\\/branchen\\\/medizinische-uebersetzung\"]}]},{\"@type\":\"BreadcrumbList\",\"@id\":\"https:\\\/\\\/www.trustedtranslations.com\\\/de\\\/branchen\\\/medizinische-uebersetzung#breadcrumb\",\"itemListElement\":[{\"@type\":\"ListItem\",\"position\":1,\"name\":\"Home\",\"item\":\"https:\\\/\\\/www.trustedtranslations.com\\\/de\"},{\"@type\":\"ListItem\",\"position\":2,\"name\":\"Branchenexpertise\",\"item\":\"https:\\\/\\\/www.trustedtranslations.com\\\/de\\\/branchen\"},{\"@type\":\"ListItem\",\"position\":3,\"name\":\"Medizin\"}]},{\"@type\":\"WebSite\",\"@id\":\"https:\\\/\\\/www.trustedtranslations.com\\\/de\\\/#website\",\"url\":\"https:\\\/\\\/www.trustedtranslations.com\\\/de\\\/\",\"name\":\"Trusted Translations, Inc.\",\"description\":\"Leader in translation and interpretation services.\",\"publisher\":{\"@id\":\"https:\\\/\\\/www.trustedtranslations.com\\\/de\\\/#organization\"},\"alternateName\":\"Trusted Translations\",\"potentialAction\":[{\"@type\":\"SearchAction\",\"target\":{\"@type\":\"EntryPoint\",\"urlTemplate\":\"https:\\\/\\\/www.trustedtranslations.com\\\/de\\\/?s={search_term_string}\"},\"query-input\":{\"@type\":\"PropertyValueSpecification\",\"valueRequired\":true,\"valueName\":\"search_term_string\"}}],\"inLanguage\":\"de\"},{\"@type\":\"Organization\",\"@id\":\"https:\\\/\\\/www.trustedtranslations.com\\\/de\\\/#organization\",\"name\":\"Trusted Translations\",\"alternateName\":\"Trusted Translations, Inc.\",\"url\":\"https:\\\/\\\/www.trustedtranslations.com\\\/de\\\/\",\"logo\":{\"@type\":\"ImageObject\",\"inLanguage\":\"de\",\"@id\":\"https:\\\/\\\/www.trustedtranslations.com\\\/de\\\/#\\\/schema\\\/logo\\\/image\\\/\",\"url\":\"https:\\\/\\\/static.trustedtranslations.com\\\/wp-content\\\/uploads\\\/2022\\\/01\\\/TT_logo_WSIColors-2.png\",\"contentUrl\":\"https:\\\/\\\/static.trustedtranslations.com\\\/wp-content\\\/uploads\\\/2022\\\/01\\\/TT_logo_WSIColors-2.png\",\"width\":500,\"height\":196,\"caption\":\"Trusted Translations\"},\"image\":{\"@id\":\"https:\\\/\\\/www.trustedtranslations.com\\\/de\\\/#\\\/schema\\\/logo\\\/image\\\/\"},\"sameAs\":[\"https:\\\/\\\/www.facebook.com\\\/Trusted.Translations\",\"https:\\\/\\\/x.com\\\/TrustedT9ns\",\"https:\\\/\\\/www.linkedin.com\\\/company\\\/trusted-translations\"]}]}<\/script>\n<!-- \/ Yoast SEO plugin. -->","yoast_head_json":{"title":"Medizinische \u00dcbersetzungsdienstleistungen - Trusted Translations, Inc.","description":"Entdecken Sie bei Trusted Translations, Inc. zuverl\u00e4ssige Sprachl\u00f6sungen f\u00fcr Medizin und Gesundheit. Unsere fachkundigen \u00dcbersetzer erstellen pr\u00e4zise und vertrauliche \u00dcbersetzungen f\u00fcr den medizinischen Bereich. Fordern Sie noch heute Ihr kostenloses Angebot an.","robots":{"index":"index","follow":"follow","max-snippet":"max-snippet:-1","max-image-preview":"max-image-preview:large","max-video-preview":"max-video-preview:-1"},"canonical":"https:\/\/www.trustedtranslations.com\/de\/branchen\/medizinische-uebersetzung","og_locale":"de_DE","og_type":"article","og_title":"Medizinische \u00dcbersetzungsdienstleistungen - Trusted Translations, Inc.","og_description":"Entdecken Sie bei Trusted Translations, Inc. zuverl\u00e4ssige Sprachl\u00f6sungen f\u00fcr Medizin und Gesundheit. Unsere fachkundigen \u00dcbersetzer erstellen pr\u00e4zise und vertrauliche \u00dcbersetzungen f\u00fcr den medizinischen Bereich. Fordern Sie noch heute Ihr kostenloses Angebot an.","og_url":"https:\/\/www.trustedtranslations.com\/de\/branchen\/medizinische-uebersetzung","og_site_name":"Trusted Translations, Inc.","article_publisher":"https:\/\/www.facebook.com\/Trusted.Translations","article_modified_time":"2024-09-17T21:31:58+00:00","og_image":[{"width":216,"height":94,"url":"https:\/\/www.trustedtranslations.com\/wp-content\/uploads\/2022\/06\/tt-logo-2-1.webp","type":"image\/webp"}],"twitter_card":"summary_large_image","twitter_site":"@TrustedT9ns","schema":{"@context":"https:\/\/schema.org","@graph":[{"@type":"WebPage","@id":"https:\/\/www.trustedtranslations.com\/de\/branchen\/medizinische-uebersetzung","url":"https:\/\/www.trustedtranslations.com\/de\/branchen\/medizinische-uebersetzung","name":"Medizinische \u00dcbersetzungsdienstleistungen - Trusted Translations, Inc.","isPartOf":{"@id":"https:\/\/www.trustedtranslations.com\/de\/#website"},"description":"Entdecken Sie bei Trusted Translations, Inc. zuverl\u00e4ssige Sprachl\u00f6sungen f\u00fcr Medizin und Gesundheit. Unsere fachkundigen \u00dcbersetzer erstellen pr\u00e4zise und vertrauliche \u00dcbersetzungen f\u00fcr den medizinischen Bereich. Fordern Sie noch heute Ihr kostenloses Angebot an.","breadcrumb":{"@id":"https:\/\/www.trustedtranslations.com\/de\/branchen\/medizinische-uebersetzung#breadcrumb"},"inLanguage":"de","potentialAction":[{"@type":"ReadAction","target":["https:\/\/www.trustedtranslations.com\/de\/branchen\/medizinische-uebersetzung"]}]},{"@type":"BreadcrumbList","@id":"https:\/\/www.trustedtranslations.com\/de\/branchen\/medizinische-uebersetzung#breadcrumb","itemListElement":[{"@type":"ListItem","position":1,"name":"Home","item":"https:\/\/www.trustedtranslations.com\/de"},{"@type":"ListItem","position":2,"name":"Branchenexpertise","item":"https:\/\/www.trustedtranslations.com\/de\/branchen"},{"@type":"ListItem","position":3,"name":"Medizin"}]},{"@type":"WebSite","@id":"https:\/\/www.trustedtranslations.com\/de\/#website","url":"https:\/\/www.trustedtranslations.com\/de\/","name":"Trusted Translations, Inc.","description":"Leader in translation and interpretation services.","publisher":{"@id":"https:\/\/www.trustedtranslations.com\/de\/#organization"},"alternateName":"Trusted Translations","potentialAction":[{"@type":"SearchAction","target":{"@type":"EntryPoint","urlTemplate":"https:\/\/www.trustedtranslations.com\/de\/?s={search_term_string}"},"query-input":{"@type":"PropertyValueSpecification","valueRequired":true,"valueName":"search_term_string"}}],"inLanguage":"de"},{"@type":"Organization","@id":"https:\/\/www.trustedtranslations.com\/de\/#organization","name":"Trusted Translations","alternateName":"Trusted Translations, Inc.","url":"https:\/\/www.trustedtranslations.com\/de\/","logo":{"@type":"ImageObject","inLanguage":"de","@id":"https:\/\/www.trustedtranslations.com\/de\/#\/schema\/logo\/image\/","url":"https:\/\/static.trustedtranslations.com\/wp-content\/uploads\/2022\/01\/TT_logo_WSIColors-2.png","contentUrl":"https:\/\/static.trustedtranslations.com\/wp-content\/uploads\/2022\/01\/TT_logo_WSIColors-2.png","width":500,"height":196,"caption":"Trusted Translations"},"image":{"@id":"https:\/\/www.trustedtranslations.com\/de\/#\/schema\/logo\/image\/"},"sameAs":["https:\/\/www.facebook.com\/Trusted.Translations","https:\/\/x.com\/TrustedT9ns","https:\/\/www.linkedin.com\/company\/trusted-translations"]}]}},"toolset-meta":{"dyk":{"mensaje-1":{"type":"textfield","raw":"<em>Trusted Translations<\/em> verf\u00fcgt \u00fcber zweisprachige \u00c4rzte mit abgeschlossenem Medizinstudium und Zertifizierungen."},"mensaje-2":{"type":"textfield","raw":""},"mensaje-3":{"type":"textfield","raw":"<em>Trusted Translations<\/em> wurde von \u00fcber 160 Krankenh\u00e4usern in den Vereinigten Staaten unter Vertrag genommen."},"mensaje-4":{"type":"textfield","raw":"<em>Trusted Translations<\/em> ist ein bew\u00e4hrter Anbieter der Centers for Disease Control (CDC) und mehr."},"mensaje-5":{"type":"textfield","raw":""},"mensaje-6":{"type":"textfield","raw":""}},"single-page-template-fields":{"imgs-temp":{"type":"image","raw":["https:\/\/static.trustedtranslations.com\/wp-content\/uploads\/2024\/06\/medical-final-10.webp","https:\/\/static.trustedtranslations.com\/wp-content\/uploads\/2024\/06\/medical-final-2-1.webp","https:\/\/static.trustedtranslations.com\/wp-content\/uploads\/2024\/06\/medical-final-4-1.webp","https:\/\/static.trustedtranslations.com\/wp-content\/uploads\/2024\/06\/medical-final-6-1.webp","https:\/\/static.trustedtranslations.com\/wp-content\/uploads\/2024\/06\/medical-final-8-1.webp"],"repeatable":[{"raw":"https:\/\/static.trustedtranslations.com\/wp-content\/uploads\/2024\/06\/medical-final-10.webp"},{"raw":"https:\/\/static.trustedtranslations.com\/wp-content\/uploads\/2024\/06\/medical-final-2-1.webp"},{"raw":"https:\/\/static.trustedtranslations.com\/wp-content\/uploads\/2024\/06\/medical-final-4-1.webp"},{"raw":"https:\/\/static.trustedtranslations.com\/wp-content\/uploads\/2024\/06\/medical-final-6-1.webp"},{"raw":"https:\/\/static.trustedtranslations.com\/wp-content\/uploads\/2024\/06\/medical-final-8-1.webp"}]},"imgs-temp-cel":{"type":"image","raw":[""],"repeatable":[{"raw":""}]},"img-temp-one-cel":{"type":"image","raw":"https:\/\/static.trustedtranslations.com\/wp-content\/uploads\/2024\/06\/medical-final-9-1.webp","attachment_id":null},"quotes":{"type":"textarea","raw":"<h1 style=\"margin-bottom: 12px;\">Medizinische \u00dcbersetzungsdienstleistungen<\/h1>Von medizinischen Lehrb\u00fcchern bis hin zu Arbeitssicherheitsprotokollen, Trusted Translations verf\u00fcgt \u00fcber das erforderliche Fachwissen, um \u00dcbersetzungen medizinischer und allgemeiner Gesundheitsdokumente bereitzustellen, denen Sie, Ihre Mitarbeiter und Patienten vertrauen k\u00f6nnen. Die angesehensten medizinischen Einrichtungen, Ger\u00e4tehersteller, Versicherungsgesellschaften und Regierungsbeh\u00f6rden vertrauen uns, darunter die Centers for Disease Control and Prevention, Harvard Medical, Pfizer, Siemens, General Electric und Blue Cross and Blue Shield.<div style=\"margin-top: 2.5vw;\"><a class=\"tt-btn-main-cta\" href=\"\/de\/angebot\">KOSTENLOSEN KOSTENVORANSCHLAG ANFORDERN<\/a><\/div>"},"text-1":{"type":"textarea","raw":"<h2 style=\"padding-bottom:20px\">Medizinische Fachterminologie<\/h2>\r\nMedizinische \u00dcbersetzungen erfordern eine hochspezifische Sprache und Fachterminologie. Viele unserer medizinischen \u00dcbersetzer haben einen Doktortitel, Zertifizierungen, Akkreditierungen und fortgeschrittene Abschl\u00fcsse in ihrem Beruf, um sicherzustellen, dass die korrekte Terminologie genau und konsistent verwendet wird. Trusted Translations pr\u00fcft seine medizinischen \u00dcbersetzungsteams seit \u00fcber 20 Jahren und kann auf eine nachgewiesene Erfolgsbilanz in der Medizinbranche zur\u00fcckblicken.\r\n<h2 style=\"padding-bottom:20px\">Medizinische \u00dcbersetzung<\/h2>\r\nDas Gebiet der medizinischen \u00dcbersetzungen ist riesig und umfasst verschiedene Bereiche und Branchen. Nachfolgend sind nur einige unserer Fachgebiete f\u00fcr medizinische \u00dcbersetzungen aufgef\u00fchrt.\r\n<h2 style=\"padding-bottom:20px\">Medizinische Dokumente von Gesundheitseinrichtungen:<\/h2>\r\nDies umfasst Experten\u00fcbersetzungen der folgenden Informationen: klinische Studienberichte, allgemeine beh\u00f6rdliche Dokumente und Rechtsvorschriften, gesundheitsbezogene Unterrichtsmaterialien und Patentanwendungen, Krankenhausentlassungsdokumente, Versicherungsanspr\u00fcche, Manuskripte, Marketingmaterialien, Patientenakten und Berichte, Bedienungsanleitungen f\u00fcr medizinische Ger\u00e4te, gesundheitsbezogene Software, Patienteninformationen und Krankengeschichte, Produktspezifikationen, wissenschaftliche und Informationsschriften, usw.\r\n<div class=\"imgs-flex-template\">\r\n    <div>\r\n        <h2 style=\"margin-bottom: 20px;\">\u00dcbersetzung von Dokumenten zu medizinischen Ger\u00e4ten, Instrumenten, Werkzeugen und Lieferunterlagen:<\/h2>\r\n        <p>Im Zusammenhang mit medizinischen Ger\u00e4ten, Verbrauchsmaterialien und Dienstleistungen \u00fcbersetzt Trusted Translations die folgenden Materialien: Produktbeschreibungen und Datenbl\u00e4tter, Brosch\u00fcren, Kataloge und Marketingmaterial. Unsere Teams verf\u00fcgen insbesondere bei der \u00dcbersetzung von Texten in den folgenden Bereichen \u00fcber umfangreiche Erfahrung: Ambulante Hilfsmittel, An\u00e4sthesieger\u00e4te, Arthroskopieger\u00e4te, Autotransfusionsger\u00e4te, Batterieladeger\u00e4te, Herzleistungsmessger\u00e4te, Kreislaufunterst\u00fctzungsger\u00e4te, Kolostomiezubeh\u00f6r, Kr\u00fccken, Diabetesger\u00e4te, Diagnoseger\u00e4te, elektrische Krankenhausbetten, elektronische Irrigation-\/Distensionssysteme, elektrochirurgische Ger\u00e4te, Handst\u00fccke, H\u00f6rger\u00e4te, H\u00e4modialyseger\u00e4te, Heimaufz\u00fcge, implantierbare Herzschrittmacher, Infusionspumpen, intermittierende Laser, Mastektomieprodukte, mobile\/tragbare Ger\u00e4te, neurochirurgische Ger\u00e4te, orthop\u00e4disches Zubeh\u00f6r, Sauerstoffkonzentratoren, Ausr\u00fcstung f\u00fcr Patientenzimmer, Ausr\u00fcstung f\u00fcr die P\u00e4diatrie, periphere Kompressionen, positive Atemwegsdruckger\u00e4te, Rehabilitationsausr\u00fcstung, Produkte f\u00fcr die respiratorische Rehabilitation, Rauchevakuierungssysteme, Treppenlifte, stereotaktische Systeme, Stethoskope, Absaugmaschinen, chirurgische Pumpen, chirurgische Werkzeuge und Instrumente, thermische Verd\u00fcnnung, Toilettenartikel, Geh- und Mobilit\u00e4tshilfen wie Rampen, Rollatoren und Rollst\u00fchle.<\/p>\r\n    <\/div>\r\n    <img src=\"https:\/\/static.trustedtranslations.com\/wp-content\/uploads\/2022\/03\/medical-1-1629x2048.jpg\">\r\n<\/div>"},"shortcode-map":{"type":"textfield","raw":""},"dyk-shortcode":{"type":"textfield","raw":"[elementor-template id=\"146647\"]"},"text-2":{"type":"textarea","raw":"<div class=\"imgs-flex-template flex-text-2\" style=\"margin-top: 10px\">\r\n    <img src=\"https:\/\/static.trustedtranslations.com\/wp-content\/uploads\/2022\/03\/medical-1536x1239.jpg\">\r\n    <div class=\"p-img-width\">\r\n        <h2 style=\"margin-bottom: 20px;\">\u00dcbersetzung von pharmazeutischen Dokumenten<\/h2>\r\n        <p>Wir haben Expertenteams, die Produktbeschreibungen und Datenbl\u00e4tter, Brosch\u00fcren, Websites, Kataloge und anderes Marketingmaterial in Bezug auf die folgenden pharmazeutischen Produkte \u00fcbersetzen: Antik\u00f6rper, Verh\u00fctungsmittel, Antiinfektiva, antivirale Medikamente, Medikamente f\u00fcr das autonome Nervensystem, Biomaterialien, Biopharmazeutika, Herz-Kreislauf-Medikamente, Medikamente f\u00fcr das Zentralnervensystem, Chemikalien, Chemotherapeutika, Beschichtungssysteme, Medikamente f\u00fcr das Magen-Darm-System, Hormone und Hormonantagonisten, anorganische Chemikalien, Medikamente f\u00fcr das respiratorische System, Testprodukte und mehr.<\/p>\r\n    <\/div>\r\n<\/div>\r\n<div class=\"imgs-flex-template\">\r\n    <div>\r\n        <h2 style=\"margin-bottom: 20px;\">Unternehmensliteratur in Bezug auf Hersteller medizinischer Ger\u00e4te und Zubeh\u00f6r<\/h2>\r\n        <p>Trusted Translations \u00fcbersetzt medizinische und gesundheitsbezogene Unternehmensunterlagen wie Brosch\u00fcren, Kataloge, Marketingmaterialien, technische Datenbl\u00e4tter, Jahresberichte, SEC-Berichte, Markeninformationen, Gr\u00fcndungsurkunden und Satzungen sowie andere Unternehmensdokumente im Zusammenhang mit medizinischen, zahnmedizinischen und pharmazeutischen Instrumenten und Produkten f\u00fcr die Vereinigten Staaten, Europa, die Karibik und Lateinamerika.<\/p>\r\n    <\/div>\r\n    <img src=\"https:\/\/static.trustedtranslations.com\/wp-content\/uploads\/2022\/03\/medical-2-1536x1024.jpg\">\r\n<\/div>\r\n<h2 style=\"padding-bottom:20px\">HIPAA (Health Insurance Portability and Accountability Act von 1996):<\/h2>\r\nDie HIPAA-Datenschutzregeln verlangen, dass Krankenkassen, die Mehrheit der Gesundheitsdienstleister und Clearingstellen f\u00fcr das Gesundheitswesen die festgelegten Standards einhalten. Das Office for Civil Rights des Department of Health and Human Services (HHS) setzt die Regeln im Zusammenhang mit dem HIPAA durch. Diese Regeln k\u00f6nnen die \u00dcbersetzung bestimmter medizinischer Dokumentation erfordern. Trusted Translations ist Ihre L\u00f6sung f\u00fcr diese HIPAA-bezogenen \u00dcbersetzungsanforderungen.\r\n<h2 style=\"padding-bottom:20px\">Medizinische \u00dcbersetzerteams und Vertraulichkeit<\/h2>\r\nAlle unsere medizinischen \u00dcbersetzer haben Zugriff auf \u00dcbersetzungsspeicher, W\u00f6rterb\u00fccher und branchenspezifische Begriffe, wodurch sichergestellt wird, dass jede \u00dcbersetzung selbst bei den gr\u00f6\u00dften Projekten sowohl genau als auch konsistent ist. Alle unsere \u00dcbersetzer sind an eine Gesch\u00e4ftsgeheimnis- und Unternehmensgeheimhaltungsvereinbarung gebunden. Trusted Translations nimmt Vertraulichkeits- und Sicherheitsfragen sehr ernst. Alle \u00dcbersetzungen bleiben vertraulich."},"state":{"type":"textfield","raw":""},"city":{"type":"textarea","raw":[]}}},"_links":{"self":[{"href":"https:\/\/www.trustedtranslations.com\/de\/wp-json\/wp\/v2\/pages\/129355","targetHints":{"allow":["GET"]}}],"collection":[{"href":"https:\/\/www.trustedtranslations.com\/de\/wp-json\/wp\/v2\/pages"}],"about":[{"href":"https:\/\/www.trustedtranslations.com\/de\/wp-json\/wp\/v2\/types\/page"}],"author":[{"embeddable":true,"href":"https:\/\/www.trustedtranslations.com\/de\/wp-json\/wp\/v2\/users\/1"}],"replies":[{"embeddable":true,"href":"https:\/\/www.trustedtranslations.com\/de\/wp-json\/wp\/v2\/comments?post=129355"}],"version-history":[{"count":0,"href":"https:\/\/www.trustedtranslations.com\/de\/wp-json\/wp\/v2\/pages\/129355\/revisions"}],"up":[{"embeddable":true,"href":"https:\/\/www.trustedtranslations.com\/de\/wp-json\/wp\/v2\/pages\/129502"}],"wp:attachment":[{"href":"https:\/\/www.trustedtranslations.com\/de\/wp-json\/wp\/v2\/media?parent=129355"}],"curies":[{"name":"wp","href":"https:\/\/api.w.org\/{rel}","templated":true}]}}