{"id":129358,"date":"2018-11-16T14:43:16","date_gmt":"2018-11-16T14:43:16","guid":{"rendered":"https:\/\/www.trustedtranslations.com\/?page_id=129358"},"modified":"2024-09-17T18:30:22","modified_gmt":"2024-09-17T21:30:22","slug":"medien","status":"publish","type":"page","link":"https:\/\/www.trustedtranslations.com\/de\/branchen\/medien","title":{"rendered":"Medien"},"content":{"rendered":"","protected":false},"excerpt":{"rendered":"","protected":false},"author":1,"featured_media":139628,"parent":129502,"menu_order":0,"comment_status":"closed","ping_status":"closed","template":"","meta":{"site-sidebar-layout":"default","site-content-layout":"default","ast-site-content-layout":"default","site-content-style":"default","site-sidebar-style":"default","ast-global-header-display":"","ast-banner-title-visibility":"","ast-main-header-display":"","ast-hfb-above-header-display":"","ast-hfb-below-header-display":"","ast-hfb-mobile-header-display":"","site-post-title":"disabled","ast-breadcrumbs-content":"","ast-featured-img":"","footer-sml-layout":"","ast-disable-related-posts":"","theme-transparent-header-meta":"default","adv-header-id-meta":"","stick-header-meta":"","header-above-stick-meta":"","header-main-stick-meta":"","header-below-stick-meta":"","astra-migrate-meta-layouts":"set","ast-page-background-enabled":"default","ast-page-background-meta":{"desktop":{"background-color":"var(--ast-global-color-4)","background-image":"","background-repeat":"repeat","background-position":"center center","background-size":"auto","background-attachment":"scroll","background-type":"","background-media":"","overlay-type":"","overlay-color":"","overlay-opacity":"","overlay-gradient":""},"tablet":{"background-color":"","background-image":"","background-repeat":"repeat","background-position":"center center","background-size":"auto","background-attachment":"scroll","background-type":"","background-media":"","overlay-type":"","overlay-color":"","overlay-opacity":"","overlay-gradient":""},"mobile":{"background-color":"","background-image":"","background-repeat":"repeat","background-position":"center center","background-size":"auto","background-attachment":"scroll","background-type":"","background-media":"","overlay-type":"","overlay-color":"","overlay-opacity":"","overlay-gradient":""}},"ast-content-background-meta":{"desktop":{"background-color":"var(--ast-global-color-5)","background-image":"","background-repeat":"repeat","background-position":"center center","background-size":"auto","background-attachment":"scroll","background-type":"","background-media":"","overlay-type":"","overlay-color":"","overlay-opacity":"","overlay-gradient":""},"tablet":{"background-color":"var(--ast-global-color-5)","background-image":"","background-repeat":"repeat","background-position":"center center","background-size":"auto","background-attachment":"scroll","background-type":"","background-media":"","overlay-type":"","overlay-color":"","overlay-opacity":"","overlay-gradient":""},"mobile":{"background-color":"var(--ast-global-color-5)","background-image":"","background-repeat":"repeat","background-position":"center center","background-size":"auto","background-attachment":"scroll","background-type":"","background-media":"","overlay-type":"","overlay-color":"","overlay-opacity":"","overlay-gradient":""}},"footnotes":""},"class_list":["post-129358","page","type-page","status-publish","has-post-thumbnail","hentry"],"yoast_head":"<!-- This site is optimized with the Yoast SEO plugin v27.6 - https:\/\/yoast.com\/product\/yoast-seo-wordpress\/ -->\n<title>\u00dcbersetzungsdienstleistungen im Bereich Medien - Trusted Translations, Inc.<\/title>\n<meta name=\"description\" content=\"Trusted Translations, Inc. verf\u00fcgt \u00fcber umfassende Erfahrung in der Zusammenarbeit mit f\u00fchrenden Medienunternehmen. Fordern Sie ein kostenloses Angebot oder eine Beratung an.\" \/>\n<meta name=\"robots\" content=\"index, follow, max-snippet:-1, max-image-preview:large, max-video-preview:-1\" \/>\n<link rel=\"canonical\" href=\"https:\/\/www.trustedtranslations.com\/de\/branchen\/medien\" \/>\n<meta property=\"og:locale\" content=\"de_DE\" \/>\n<meta property=\"og:type\" content=\"article\" \/>\n<meta property=\"og:title\" content=\"\u00dcbersetzungsdienstleistungen im Bereich Medien - Trusted Translations, Inc.\" \/>\n<meta property=\"og:description\" content=\"Trusted Translations, Inc. verf\u00fcgt \u00fcber umfassende Erfahrung in der Zusammenarbeit mit f\u00fchrenden Medienunternehmen. Fordern Sie ein kostenloses Angebot oder eine Beratung an.\" \/>\n<meta property=\"og:url\" content=\"https:\/\/www.trustedtranslations.com\/de\/branchen\/medien\" \/>\n<meta property=\"og:site_name\" content=\"Trusted Translations, Inc.\" \/>\n<meta property=\"article:publisher\" content=\"https:\/\/www.facebook.com\/Trusted.Translations\" \/>\n<meta property=\"article:modified_time\" content=\"2024-09-17T21:30:22+00:00\" \/>\n<meta property=\"og:image\" content=\"https:\/\/static.trustedtranslations.com\/wp-content\/uploads\/2022\/03\/TT_NEW_FB-1.png\" \/>\n\t<meta property=\"og:image:width\" content=\"1038\" \/>\n\t<meta property=\"og:image:height\" content=\"1038\" \/>\n\t<meta property=\"og:image:type\" content=\"image\/png\" \/>\n<meta name=\"twitter:card\" content=\"summary_large_image\" \/>\n<meta name=\"twitter:site\" content=\"@TrustedT9ns\" \/>\n<script type=\"application\/ld+json\" class=\"yoast-schema-graph\">{\"@context\":\"https:\\\/\\\/schema.org\",\"@graph\":[{\"@type\":\"WebPage\",\"@id\":\"https:\\\/\\\/www.trustedtranslations.com\\\/de\\\/branchen\\\/medien\",\"url\":\"https:\\\/\\\/www.trustedtranslations.com\\\/de\\\/branchen\\\/medien\",\"name\":\"\u00dcbersetzungsdienstleistungen im Bereich Medien - Trusted Translations, Inc.\",\"isPartOf\":{\"@id\":\"https:\\\/\\\/www.trustedtranslations.com\\\/de\\\/#website\"},\"primaryImageOfPage\":{\"@id\":\"https:\\\/\\\/www.trustedtranslations.com\\\/de\\\/branchen\\\/medien#primaryimage\"},\"image\":{\"@id\":\"https:\\\/\\\/www.trustedtranslations.com\\\/de\\\/branchen\\\/medien#primaryimage\"},\"thumbnailUrl\":\"https:\\\/\\\/www.trustedtranslations.com\\\/wp-content\\\/uploads\\\/2022\\\/03\\\/TT_NEW_FB-1.png\",\"description\":\"Trusted Translations, Inc. verf\u00fcgt \u00fcber umfassende Erfahrung in der Zusammenarbeit mit f\u00fchrenden Medienunternehmen. Fordern Sie ein kostenloses Angebot oder eine Beratung an.\",\"breadcrumb\":{\"@id\":\"https:\\\/\\\/www.trustedtranslations.com\\\/de\\\/branchen\\\/medien#breadcrumb\"},\"inLanguage\":\"de\",\"potentialAction\":[{\"@type\":\"ReadAction\",\"target\":[\"https:\\\/\\\/www.trustedtranslations.com\\\/de\\\/branchen\\\/medien\"]}]},{\"@type\":\"ImageObject\",\"inLanguage\":\"de\",\"@id\":\"https:\\\/\\\/www.trustedtranslations.com\\\/de\\\/branchen\\\/medien#primaryimage\",\"url\":\"https:\\\/\\\/www.trustedtranslations.com\\\/wp-content\\\/uploads\\\/2022\\\/03\\\/TT_NEW_FB-1.png\",\"contentUrl\":\"https:\\\/\\\/www.trustedtranslations.com\\\/wp-content\\\/uploads\\\/2022\\\/03\\\/TT_NEW_FB-1.png\",\"width\":1038,\"height\":1038,\"caption\":\"TT NEW FB 1\"},{\"@type\":\"BreadcrumbList\",\"@id\":\"https:\\\/\\\/www.trustedtranslations.com\\\/de\\\/branchen\\\/medien#breadcrumb\",\"itemListElement\":[{\"@type\":\"ListItem\",\"position\":1,\"name\":\"Home\",\"item\":\"https:\\\/\\\/www.trustedtranslations.com\\\/de\"},{\"@type\":\"ListItem\",\"position\":2,\"name\":\"Branchenexpertise\",\"item\":\"https:\\\/\\\/www.trustedtranslations.com\\\/de\\\/branchen\"},{\"@type\":\"ListItem\",\"position\":3,\"name\":\"Medien\"}]},{\"@type\":\"WebSite\",\"@id\":\"https:\\\/\\\/www.trustedtranslations.com\\\/de\\\/#website\",\"url\":\"https:\\\/\\\/www.trustedtranslations.com\\\/de\\\/\",\"name\":\"Trusted Translations, Inc.\",\"description\":\"Leader in translation and interpretation services.\",\"publisher\":{\"@id\":\"https:\\\/\\\/www.trustedtranslations.com\\\/de\\\/#organization\"},\"alternateName\":\"Trusted Translations\",\"potentialAction\":[{\"@type\":\"SearchAction\",\"target\":{\"@type\":\"EntryPoint\",\"urlTemplate\":\"https:\\\/\\\/www.trustedtranslations.com\\\/de\\\/?s={search_term_string}\"},\"query-input\":{\"@type\":\"PropertyValueSpecification\",\"valueRequired\":true,\"valueName\":\"search_term_string\"}}],\"inLanguage\":\"de\"},{\"@type\":\"Organization\",\"@id\":\"https:\\\/\\\/www.trustedtranslations.com\\\/de\\\/#organization\",\"name\":\"Trusted Translations\",\"alternateName\":\"Trusted Translations, Inc.\",\"url\":\"https:\\\/\\\/www.trustedtranslations.com\\\/de\\\/\",\"logo\":{\"@type\":\"ImageObject\",\"inLanguage\":\"de\",\"@id\":\"https:\\\/\\\/www.trustedtranslations.com\\\/de\\\/#\\\/schema\\\/logo\\\/image\\\/\",\"url\":\"https:\\\/\\\/static.trustedtranslations.com\\\/wp-content\\\/uploads\\\/2022\\\/01\\\/TT_logo_WSIColors-2.png\",\"contentUrl\":\"https:\\\/\\\/static.trustedtranslations.com\\\/wp-content\\\/uploads\\\/2022\\\/01\\\/TT_logo_WSIColors-2.png\",\"width\":500,\"height\":196,\"caption\":\"Trusted Translations\"},\"image\":{\"@id\":\"https:\\\/\\\/www.trustedtranslations.com\\\/de\\\/#\\\/schema\\\/logo\\\/image\\\/\"},\"sameAs\":[\"https:\\\/\\\/www.facebook.com\\\/Trusted.Translations\",\"https:\\\/\\\/x.com\\\/TrustedT9ns\",\"https:\\\/\\\/www.linkedin.com\\\/company\\\/trusted-translations\"]}]}<\/script>\n<!-- \/ Yoast SEO plugin. -->","yoast_head_json":{"title":"\u00dcbersetzungsdienstleistungen im Bereich Medien - Trusted Translations, Inc.","description":"Trusted Translations, Inc. verf\u00fcgt \u00fcber umfassende Erfahrung in der Zusammenarbeit mit f\u00fchrenden Medienunternehmen. Fordern Sie ein kostenloses Angebot oder eine Beratung an.","robots":{"index":"index","follow":"follow","max-snippet":"max-snippet:-1","max-image-preview":"max-image-preview:large","max-video-preview":"max-video-preview:-1"},"canonical":"https:\/\/www.trustedtranslations.com\/de\/branchen\/medien","og_locale":"de_DE","og_type":"article","og_title":"\u00dcbersetzungsdienstleistungen im Bereich Medien - Trusted Translations, Inc.","og_description":"Trusted Translations, Inc. verf\u00fcgt \u00fcber umfassende Erfahrung in der Zusammenarbeit mit f\u00fchrenden Medienunternehmen. Fordern Sie ein kostenloses Angebot oder eine Beratung an.","og_url":"https:\/\/www.trustedtranslations.com\/de\/branchen\/medien","og_site_name":"Trusted Translations, Inc.","article_publisher":"https:\/\/www.facebook.com\/Trusted.Translations","article_modified_time":"2024-09-17T21:30:22+00:00","og_image":[{"width":1038,"height":1038,"url":"https:\/\/static.trustedtranslations.com\/wp-content\/uploads\/2022\/03\/TT_NEW_FB-1.png","type":"image\/png"}],"twitter_card":"summary_large_image","twitter_site":"@TrustedT9ns","schema":{"@context":"https:\/\/schema.org","@graph":[{"@type":"WebPage","@id":"https:\/\/www.trustedtranslations.com\/de\/branchen\/medien","url":"https:\/\/www.trustedtranslations.com\/de\/branchen\/medien","name":"\u00dcbersetzungsdienstleistungen im Bereich Medien - Trusted Translations, Inc.","isPartOf":{"@id":"https:\/\/www.trustedtranslations.com\/de\/#website"},"primaryImageOfPage":{"@id":"https:\/\/www.trustedtranslations.com\/de\/branchen\/medien#primaryimage"},"image":{"@id":"https:\/\/www.trustedtranslations.com\/de\/branchen\/medien#primaryimage"},"thumbnailUrl":"https:\/\/www.trustedtranslations.com\/wp-content\/uploads\/2022\/03\/TT_NEW_FB-1.png","description":"Trusted Translations, Inc. verf\u00fcgt \u00fcber umfassende Erfahrung in der Zusammenarbeit mit f\u00fchrenden Medienunternehmen. Fordern Sie ein kostenloses Angebot oder eine Beratung an.","breadcrumb":{"@id":"https:\/\/www.trustedtranslations.com\/de\/branchen\/medien#breadcrumb"},"inLanguage":"de","potentialAction":[{"@type":"ReadAction","target":["https:\/\/www.trustedtranslations.com\/de\/branchen\/medien"]}]},{"@type":"ImageObject","inLanguage":"de","@id":"https:\/\/www.trustedtranslations.com\/de\/branchen\/medien#primaryimage","url":"https:\/\/www.trustedtranslations.com\/wp-content\/uploads\/2022\/03\/TT_NEW_FB-1.png","contentUrl":"https:\/\/www.trustedtranslations.com\/wp-content\/uploads\/2022\/03\/TT_NEW_FB-1.png","width":1038,"height":1038,"caption":"TT NEW FB 1"},{"@type":"BreadcrumbList","@id":"https:\/\/www.trustedtranslations.com\/de\/branchen\/medien#breadcrumb","itemListElement":[{"@type":"ListItem","position":1,"name":"Home","item":"https:\/\/www.trustedtranslations.com\/de"},{"@type":"ListItem","position":2,"name":"Branchenexpertise","item":"https:\/\/www.trustedtranslations.com\/de\/branchen"},{"@type":"ListItem","position":3,"name":"Medien"}]},{"@type":"WebSite","@id":"https:\/\/www.trustedtranslations.com\/de\/#website","url":"https:\/\/www.trustedtranslations.com\/de\/","name":"Trusted Translations, Inc.","description":"Leader in translation and interpretation services.","publisher":{"@id":"https:\/\/www.trustedtranslations.com\/de\/#organization"},"alternateName":"Trusted Translations","potentialAction":[{"@type":"SearchAction","target":{"@type":"EntryPoint","urlTemplate":"https:\/\/www.trustedtranslations.com\/de\/?s={search_term_string}"},"query-input":{"@type":"PropertyValueSpecification","valueRequired":true,"valueName":"search_term_string"}}],"inLanguage":"de"},{"@type":"Organization","@id":"https:\/\/www.trustedtranslations.com\/de\/#organization","name":"Trusted Translations","alternateName":"Trusted Translations, Inc.","url":"https:\/\/www.trustedtranslations.com\/de\/","logo":{"@type":"ImageObject","inLanguage":"de","@id":"https:\/\/www.trustedtranslations.com\/de\/#\/schema\/logo\/image\/","url":"https:\/\/static.trustedtranslations.com\/wp-content\/uploads\/2022\/01\/TT_logo_WSIColors-2.png","contentUrl":"https:\/\/static.trustedtranslations.com\/wp-content\/uploads\/2022\/01\/TT_logo_WSIColors-2.png","width":500,"height":196,"caption":"Trusted Translations"},"image":{"@id":"https:\/\/www.trustedtranslations.com\/de\/#\/schema\/logo\/image\/"},"sameAs":["https:\/\/www.facebook.com\/Trusted.Translations","https:\/\/x.com\/TrustedT9ns","https:\/\/www.linkedin.com\/company\/trusted-translations"]}]}},"toolset-meta":{"dyk":{"mensaje-1":{"type":"textfield","raw":"Wir haben Marketing-Experten, die auf medienbezogene Inhalte in \u00fcber 150 Sprachen spezialisiert sind."},"mensaje-2":{"type":"textfield","raw":""},"mensaje-3":{"type":"textfield","raw":""},"mensaje-4":{"type":"textfield","raw":""},"mensaje-5":{"type":"textfield","raw":""},"mensaje-6":{"type":"textfield","raw":""}},"single-page-template-fields":{"imgs-temp":{"type":"image","raw":["https:\/\/static.trustedtranslations.com\/wp-content\/uploads\/2024\/05\/media-final-1.webp"],"repeatable":[{"raw":"https:\/\/static.trustedtranslations.com\/wp-content\/uploads\/2024\/05\/media-final-1.webp"}]},"imgs-temp-cel":{"type":"image","raw":[""],"repeatable":[{"raw":""}]},"img-temp-one-cel":{"type":"image","raw":"https:\/\/static.trustedtranslations.com\/wp-content\/uploads\/2024\/05\/AdobeStock_171466999-1-1.webp","attachment_id":null},"quotes":{"type":"textarea","raw":"<h1 style=\"margin-bottom: 12px;\">\u00dcbersetzungsdienstleistungen im Bereich Medien und Literatur<\/h1>Das \u00dcbersetzen von Medieninhalten und Literatur erfordert eine fast entgegengesetzte Kompetenz im Vergleich zu der konzeptionellen und terminologischen Pr\u00e4zision technischer, rechtlicher, medizinischer und wissenschaftlicher \u00dcbersetzungen. Wir liefern Medien- und Literatur\u00fcbersetzungen, welche die Emotionen, Werte und die kreative Wirkung des Originals vermitteln und gleichzeitig die Integrit\u00e4t des Werks wahren.<div style=\"margin-top: 2.5vw;\"><a class=\"tt-btn-main-cta\" href=\"\/de\/angebot\">KOSTENLOSEN KOSTENVORANSCHLAG ANFORDERN<\/a><\/div>"},"text-1":{"type":"textarea","raw":"<h2>Fach\u00fcbersetzung zur Erfassung literarischer und medialer Nuancen<\/h2>\r\nDas Ziel von literarischen und medialen Texten ist es, verschiedene Aspekte des menschlichen Denkens hervorzuheben und Informationen an eine gro\u00dfe Anzahl von Menschen zu \u00fcbermitteln. Bei dieser Art von \u00dcbersetzungen wird nicht nur eine sachliche Sprache verwendet, sondern auch Symbolik, Wortspiele, Metaphern und andere kreative Elemente, die auf die menschlichen Emotionen abzielen, anstatt nur zu versuchen, spezifische Informationen zu vermitteln.\r\n\r\nUm die gleiche Absicht wie der Originaltext zu vermitteln, setzen wir Fach\u00fcbersetzer ein, die Erfahrung mit Medien- und Literatur\u00fcbersetzungen haben. Die Wirkung des Originalautors zu \u00fcbersetzen ist ein Talent, das \u00dcbersetzer erfordert, die nicht nur eine andere Sprache flie\u00dfend \u201ebeherrschen\u201c, sondern selbst gro\u00dfe Schriftsteller sind.\r\n<h2 style=\"margin-bottom:20px\">Literarische \u00dcbersetzung<\/h2>\r\nDie literarische \u00dcbersetzung ist f\u00fcr die weltweite Popularit\u00e4t einiger der best\u00e4ndigsten Literaturen der Welt verantwortlich. Eine gute literarische \u00dcbersetzung erfordert ein Gesp\u00fcr f\u00fcr den Kontext des geschriebenen Wortes und die F\u00e4higkeit, der urspr\u00fcnglichen Absicht des Autors gerecht zu werden, w\u00e4hrend die unterschiedlichen sprachlichen und stilistischen Besonderheiten der Zielsprache gekonnt eingesetzt werden.\r\n\r\nUnsere Literatur\u00fcbersetzer sind selbst erfahrene kreative Schriftsteller und geschult, den literarischen Kontext des jeweiligen Werkes zu verstehen. Dadurch wird sichergestellt, dass die \u00dcbersetzung nicht nur Ihre Worte und Gedanken enth\u00e4lt, sondern auch die Art und Weise, wie Sie Ihre Botschaft \u00fcbermitteln m\u00f6chten. Wenn Sie einen Roman oder ein anderes literarisches Werk zu \u00fcbersetzen haben, bieten wir Ihnen eine sorgf\u00e4ltige, gut ausgearbeitete L\u00f6sung."},"shortcode-map":{"type":"textfield","raw":""},"dyk-shortcode":{"type":"textfield","raw":"[elementor-template id=\"146647\"]"},"text-2":{"type":"textarea","raw":"<h2 style=\"margin-bottom:20px\">Medien\u00fcbersetzung<\/h2>\r\nVon Pressemitteilungen und Nachrichtenartikeln bis hin zu Multimediaspezifikationen und digitalen Inhalten - <em>Trusted Translations<\/em> kennt sich in der Medienbranche aus. Wir verf\u00fcgen \u00fcber umfangreiche Erfahrung in der Zusammenarbeit mit Top-Medienorganisationen, darunter multinationale Unternehmen und Tageszeitungen, und erkennen den Bedarf an schnellen und genauen Medien\u00fcbersetzungen. Insbesondere sind wir bereit, Last-Minute-\u00c4nderungen und schnelle Bearbeitungszeiten bei zeitkritischen Projekten zu erm\u00f6glichen.\r\n\r\nIm Folgenden finden Sie einige der medienbezogenen Dokumente, die wir normalerweise \u00fcbersetzen:\r\n<ul>\r\n \t<li>Pressemitteilungen<\/li>\r\n \t<li>Digitaler Inhalt<\/li>\r\n \t<li>Multimedia-Pr\u00e4sentationen<\/li>\r\n \t<li>Kundenanschreiben und Rechnungen<\/li>\r\n \t<li>Brosch\u00fcren und sonstige Marketingmaterialien<\/li>\r\n \t<li>Komplette Pressebrosch\u00fcren<\/li>\r\n \t<li>Zeitungsartikel<\/li>\r\n \t<li>Fernseh- und Radiobeitr\u00e4ge<\/li>\r\n \t<li>Unternehmenskommunikationen<\/li>\r\n<\/ul>\r\n<h2 style=\"margin-bottom:20px\">Medien\u00fcbersetzungsteams<\/h2>\r\nAlle unsere Medien\u00fcbersetzer haben Zugriff auf Translation Memorys, W\u00f6rterb\u00fccher und medienspezifische Glossare, um sicherzustellen, dass jede \u00dcbersetzung selbst bei den gr\u00f6\u00dften Projekten sowohl genau als auch konsistent ist. Sie arbeiten auch mit unseren Projektmanagern zusammen, die sowohl in der Projektplanung als auch in der Qualit\u00e4tskontrolle erfahren sind.\r\n\r\nDar\u00fcber hinaus sind alle \u00dcbersetzer von <em>Trusted Translations<\/em> an einen Gesch\u00e4ftsgeheimnisschutz und eine Geheimhaltungsvereinbarung gebunden. Alle \u00dcbersetzungen bleiben vertraulich. Unsere \u00dcbersetzer sind mit der Natur sensibler Medienkommunikation vertraut und werden der Sicherheit Ihrer Projekte Priorit\u00e4t einr\u00e4umen.\r\n\r\n<em>Trusted Translations<\/em> ist in der Lage, schnell Teams zusammenzustellen, um gro\u00dfe Projekte in k\u00fcrzester Zeit abzuwickeln, akzeptiert alle Dateitypen und liefert bei Bedarf ver\u00f6ffentlichungsfertige Dateien. Wenden Sie sich noch heute an uns, um zu erfahren, wie wir die L\u00f6sung f\u00fcr Ihren Bedarf an Medien\u00fcbersetzungen sein k\u00f6nnen."},"state":{"type":"textfield","raw":""},"city":{"type":"textarea","raw":[]}}},"_links":{"self":[{"href":"https:\/\/www.trustedtranslations.com\/de\/wp-json\/wp\/v2\/pages\/129358","targetHints":{"allow":["GET"]}}],"collection":[{"href":"https:\/\/www.trustedtranslations.com\/de\/wp-json\/wp\/v2\/pages"}],"about":[{"href":"https:\/\/www.trustedtranslations.com\/de\/wp-json\/wp\/v2\/types\/page"}],"author":[{"embeddable":true,"href":"https:\/\/www.trustedtranslations.com\/de\/wp-json\/wp\/v2\/users\/1"}],"replies":[{"embeddable":true,"href":"https:\/\/www.trustedtranslations.com\/de\/wp-json\/wp\/v2\/comments?post=129358"}],"version-history":[{"count":0,"href":"https:\/\/www.trustedtranslations.com\/de\/wp-json\/wp\/v2\/pages\/129358\/revisions"}],"up":[{"embeddable":true,"href":"https:\/\/www.trustedtranslations.com\/de\/wp-json\/wp\/v2\/pages\/129502"}],"wp:featuredmedia":[{"embeddable":true,"href":"https:\/\/www.trustedtranslations.com\/de\/wp-json\/wp\/v2\/media\/139628"}],"wp:attachment":[{"href":"https:\/\/www.trustedtranslations.com\/de\/wp-json\/wp\/v2\/media?parent=129358"}],"curies":[{"name":"wp","href":"https:\/\/api.w.org\/{rel}","templated":true}]}}