{"id":129359,"date":"2018-11-16T14:32:30","date_gmt":"2018-11-16T14:32:30","guid":{"rendered":"https:\/\/www.trustedtranslations.com\/?page_id=129359"},"modified":"2024-09-03T11:56:14","modified_gmt":"2024-09-03T14:56:14","slug":"marketing","status":"publish","type":"page","link":"https:\/\/www.trustedtranslations.com\/de\/branchen\/marketing","title":{"rendered":"Marketing"},"content":{"rendered":"","protected":false},"excerpt":{"rendered":"","protected":false},"author":1,"featured_media":139628,"parent":129502,"menu_order":0,"comment_status":"closed","ping_status":"closed","template":"","meta":{"site-sidebar-layout":"default","site-content-layout":"default","ast-site-content-layout":"default","site-content-style":"default","site-sidebar-style":"default","ast-global-header-display":"","ast-banner-title-visibility":"","ast-main-header-display":"","ast-hfb-above-header-display":"","ast-hfb-below-header-display":"","ast-hfb-mobile-header-display":"","site-post-title":"disabled","ast-breadcrumbs-content":"","ast-featured-img":"","footer-sml-layout":"","theme-transparent-header-meta":"default","adv-header-id-meta":"","stick-header-meta":"","header-above-stick-meta":"","header-main-stick-meta":"","header-below-stick-meta":"","astra-migrate-meta-layouts":"set","ast-page-background-enabled":"default","ast-page-background-meta":{"desktop":{"background-color":"var(--ast-global-color-4)","background-image":"","background-repeat":"repeat","background-position":"center center","background-size":"auto","background-attachment":"scroll","background-type":"","background-media":"","overlay-type":"","overlay-color":"","overlay-opacity":"","overlay-gradient":""},"tablet":{"background-color":"","background-image":"","background-repeat":"repeat","background-position":"center center","background-size":"auto","background-attachment":"scroll","background-type":"","background-media":"","overlay-type":"","overlay-color":"","overlay-opacity":"","overlay-gradient":""},"mobile":{"background-color":"","background-image":"","background-repeat":"repeat","background-position":"center center","background-size":"auto","background-attachment":"scroll","background-type":"","background-media":"","overlay-type":"","overlay-color":"","overlay-opacity":"","overlay-gradient":""}},"ast-content-background-meta":{"desktop":{"background-color":"var(--ast-global-color-5)","background-image":"","background-repeat":"repeat","background-position":"center center","background-size":"auto","background-attachment":"scroll","background-type":"","background-media":"","overlay-type":"","overlay-color":"","overlay-opacity":"","overlay-gradient":""},"tablet":{"background-color":"var(--ast-global-color-5)","background-image":"","background-repeat":"repeat","background-position":"center center","background-size":"auto","background-attachment":"scroll","background-type":"","background-media":"","overlay-type":"","overlay-color":"","overlay-opacity":"","overlay-gradient":""},"mobile":{"background-color":"var(--ast-global-color-5)","background-image":"","background-repeat":"repeat","background-position":"center center","background-size":"auto","background-attachment":"scroll","background-type":"","background-media":"","overlay-type":"","overlay-color":"","overlay-opacity":"","overlay-gradient":""}},"footnotes":""},"class_list":["post-129359","page","type-page","status-publish","has-post-thumbnail","hentry"],"yoast_head":"<!-- This site is optimized with the Yoast SEO plugin v27.5 - https:\/\/yoast.com\/product\/yoast-seo-wordpress\/ -->\n<title>Marketing-\u00dcbersetzungsdienstleistungen - Trusted Translations, Inc.<\/title>\n<meta name=\"description\" content=\"Bei Trusted Translations, Inc. haben wir Hunderten von Kunden bei ihren Bed\u00fcrfnissen an Marketing-\u00dcbersetzungen geholfen. Fordern Sie ein kostenloses Angebot oder eine Beratung an.\" \/>\n<meta name=\"robots\" content=\"index, follow, max-snippet:-1, max-image-preview:large, max-video-preview:-1\" \/>\n<link rel=\"canonical\" href=\"https:\/\/www.trustedtranslations.com\/de\/branchen\/marketing\" \/>\n<meta property=\"og:locale\" content=\"de_DE\" \/>\n<meta property=\"og:type\" content=\"article\" \/>\n<meta property=\"og:title\" content=\"Marketing-\u00dcbersetzungsdienstleistungen - Trusted Translations, Inc.\" \/>\n<meta property=\"og:description\" content=\"Bei Trusted Translations, Inc. haben wir Hunderten von Kunden bei ihren Bed\u00fcrfnissen an Marketing-\u00dcbersetzungen geholfen. Fordern Sie ein kostenloses Angebot oder eine Beratung an.\" \/>\n<meta property=\"og:url\" content=\"https:\/\/www.trustedtranslations.com\/de\/branchen\/marketing\" \/>\n<meta property=\"og:site_name\" content=\"Trusted Translations, Inc.\" \/>\n<meta property=\"article:publisher\" content=\"https:\/\/www.facebook.com\/Trusted.Translations\" \/>\n<meta property=\"article:modified_time\" content=\"2024-09-03T14:56:14+00:00\" \/>\n<meta property=\"og:image\" content=\"https:\/\/static.trustedtranslations.com\/wp-content\/uploads\/2022\/03\/TT_NEW_FB-1.png\" \/>\n\t<meta property=\"og:image:width\" content=\"1038\" \/>\n\t<meta property=\"og:image:height\" content=\"1038\" \/>\n\t<meta property=\"og:image:type\" content=\"image\/png\" \/>\n<meta name=\"twitter:card\" content=\"summary_large_image\" \/>\n<meta name=\"twitter:site\" content=\"@TrustedT9ns\" \/>\n<script type=\"application\/ld+json\" class=\"yoast-schema-graph\">{\"@context\":\"https:\\\/\\\/schema.org\",\"@graph\":[{\"@type\":\"WebPage\",\"@id\":\"https:\\\/\\\/www.trustedtranslations.com\\\/de\\\/branchen\\\/marketing\",\"url\":\"https:\\\/\\\/www.trustedtranslations.com\\\/de\\\/branchen\\\/marketing\",\"name\":\"Marketing-\u00dcbersetzungsdienstleistungen - Trusted Translations, Inc.\",\"isPartOf\":{\"@id\":\"https:\\\/\\\/www.trustedtranslations.com\\\/de\\\/#website\"},\"primaryImageOfPage\":{\"@id\":\"https:\\\/\\\/www.trustedtranslations.com\\\/de\\\/branchen\\\/marketing#primaryimage\"},\"image\":{\"@id\":\"https:\\\/\\\/www.trustedtranslations.com\\\/de\\\/branchen\\\/marketing#primaryimage\"},\"thumbnailUrl\":\"https:\\\/\\\/www.trustedtranslations.com\\\/wp-content\\\/uploads\\\/2022\\\/03\\\/TT_NEW_FB-1.png\",\"description\":\"Bei Trusted Translations, Inc. haben wir Hunderten von Kunden bei ihren Bed\u00fcrfnissen an Marketing-\u00dcbersetzungen geholfen. Fordern Sie ein kostenloses Angebot oder eine Beratung an.\",\"breadcrumb\":{\"@id\":\"https:\\\/\\\/www.trustedtranslations.com\\\/de\\\/branchen\\\/marketing#breadcrumb\"},\"inLanguage\":\"de\",\"potentialAction\":[{\"@type\":\"ReadAction\",\"target\":[\"https:\\\/\\\/www.trustedtranslations.com\\\/de\\\/branchen\\\/marketing\"]}]},{\"@type\":\"ImageObject\",\"inLanguage\":\"de\",\"@id\":\"https:\\\/\\\/www.trustedtranslations.com\\\/de\\\/branchen\\\/marketing#primaryimage\",\"url\":\"https:\\\/\\\/www.trustedtranslations.com\\\/wp-content\\\/uploads\\\/2022\\\/03\\\/TT_NEW_FB-1.png\",\"contentUrl\":\"https:\\\/\\\/www.trustedtranslations.com\\\/wp-content\\\/uploads\\\/2022\\\/03\\\/TT_NEW_FB-1.png\",\"width\":1038,\"height\":1038,\"caption\":\"TT NEW FB 1\"},{\"@type\":\"BreadcrumbList\",\"@id\":\"https:\\\/\\\/www.trustedtranslations.com\\\/de\\\/branchen\\\/marketing#breadcrumb\",\"itemListElement\":[{\"@type\":\"ListItem\",\"position\":1,\"name\":\"Home\",\"item\":\"https:\\\/\\\/www.trustedtranslations.com\\\/de\"},{\"@type\":\"ListItem\",\"position\":2,\"name\":\"Branchenexpertise\",\"item\":\"https:\\\/\\\/www.trustedtranslations.com\\\/de\\\/branchen\"},{\"@type\":\"ListItem\",\"position\":3,\"name\":\"Marketing\"}]},{\"@type\":\"WebSite\",\"@id\":\"https:\\\/\\\/www.trustedtranslations.com\\\/de\\\/#website\",\"url\":\"https:\\\/\\\/www.trustedtranslations.com\\\/de\\\/\",\"name\":\"Trusted Translations, Inc.\",\"description\":\"Leader in translation and interpretation services.\",\"publisher\":{\"@id\":\"https:\\\/\\\/www.trustedtranslations.com\\\/de\\\/#organization\"},\"alternateName\":\"Trusted Translations\",\"potentialAction\":[{\"@type\":\"SearchAction\",\"target\":{\"@type\":\"EntryPoint\",\"urlTemplate\":\"https:\\\/\\\/www.trustedtranslations.com\\\/de\\\/?s={search_term_string}\"},\"query-input\":{\"@type\":\"PropertyValueSpecification\",\"valueRequired\":true,\"valueName\":\"search_term_string\"}}],\"inLanguage\":\"de\"},{\"@type\":\"Organization\",\"@id\":\"https:\\\/\\\/www.trustedtranslations.com\\\/de\\\/#organization\",\"name\":\"Trusted Translations\",\"alternateName\":\"Trusted Translations, Inc.\",\"url\":\"https:\\\/\\\/www.trustedtranslations.com\\\/de\\\/\",\"logo\":{\"@type\":\"ImageObject\",\"inLanguage\":\"de\",\"@id\":\"https:\\\/\\\/www.trustedtranslations.com\\\/de\\\/#\\\/schema\\\/logo\\\/image\\\/\",\"url\":\"https:\\\/\\\/static.trustedtranslations.com\\\/wp-content\\\/uploads\\\/2022\\\/01\\\/TT_logo_WSIColors-2.png\",\"contentUrl\":\"https:\\\/\\\/static.trustedtranslations.com\\\/wp-content\\\/uploads\\\/2022\\\/01\\\/TT_logo_WSIColors-2.png\",\"width\":500,\"height\":196,\"caption\":\"Trusted Translations\"},\"image\":{\"@id\":\"https:\\\/\\\/www.trustedtranslations.com\\\/de\\\/#\\\/schema\\\/logo\\\/image\\\/\"},\"sameAs\":[\"https:\\\/\\\/www.facebook.com\\\/Trusted.Translations\",\"https:\\\/\\\/x.com\\\/TrustedT9ns\",\"https:\\\/\\\/www.linkedin.com\\\/company\\\/trusted-translations\"]}]}<\/script>\n<!-- \/ Yoast SEO plugin. -->","yoast_head_json":{"title":"Marketing-\u00dcbersetzungsdienstleistungen - Trusted Translations, Inc.","description":"Bei Trusted Translations, Inc. haben wir Hunderten von Kunden bei ihren Bed\u00fcrfnissen an Marketing-\u00dcbersetzungen geholfen. Fordern Sie ein kostenloses Angebot oder eine Beratung an.","robots":{"index":"index","follow":"follow","max-snippet":"max-snippet:-1","max-image-preview":"max-image-preview:large","max-video-preview":"max-video-preview:-1"},"canonical":"https:\/\/www.trustedtranslations.com\/de\/branchen\/marketing","og_locale":"de_DE","og_type":"article","og_title":"Marketing-\u00dcbersetzungsdienstleistungen - Trusted Translations, Inc.","og_description":"Bei Trusted Translations, Inc. haben wir Hunderten von Kunden bei ihren Bed\u00fcrfnissen an Marketing-\u00dcbersetzungen geholfen. Fordern Sie ein kostenloses Angebot oder eine Beratung an.","og_url":"https:\/\/www.trustedtranslations.com\/de\/branchen\/marketing","og_site_name":"Trusted Translations, Inc.","article_publisher":"https:\/\/www.facebook.com\/Trusted.Translations","article_modified_time":"2024-09-03T14:56:14+00:00","og_image":[{"width":1038,"height":1038,"url":"https:\/\/static.trustedtranslations.com\/wp-content\/uploads\/2022\/03\/TT_NEW_FB-1.png","type":"image\/png"}],"twitter_card":"summary_large_image","twitter_site":"@TrustedT9ns","schema":{"@context":"https:\/\/schema.org","@graph":[{"@type":"WebPage","@id":"https:\/\/www.trustedtranslations.com\/de\/branchen\/marketing","url":"https:\/\/www.trustedtranslations.com\/de\/branchen\/marketing","name":"Marketing-\u00dcbersetzungsdienstleistungen - Trusted Translations, Inc.","isPartOf":{"@id":"https:\/\/www.trustedtranslations.com\/de\/#website"},"primaryImageOfPage":{"@id":"https:\/\/www.trustedtranslations.com\/de\/branchen\/marketing#primaryimage"},"image":{"@id":"https:\/\/www.trustedtranslations.com\/de\/branchen\/marketing#primaryimage"},"thumbnailUrl":"https:\/\/www.trustedtranslations.com\/wp-content\/uploads\/2022\/03\/TT_NEW_FB-1.png","description":"Bei Trusted Translations, Inc. haben wir Hunderten von Kunden bei ihren Bed\u00fcrfnissen an Marketing-\u00dcbersetzungen geholfen. Fordern Sie ein kostenloses Angebot oder eine Beratung an.","breadcrumb":{"@id":"https:\/\/www.trustedtranslations.com\/de\/branchen\/marketing#breadcrumb"},"inLanguage":"de","potentialAction":[{"@type":"ReadAction","target":["https:\/\/www.trustedtranslations.com\/de\/branchen\/marketing"]}]},{"@type":"ImageObject","inLanguage":"de","@id":"https:\/\/www.trustedtranslations.com\/de\/branchen\/marketing#primaryimage","url":"https:\/\/www.trustedtranslations.com\/wp-content\/uploads\/2022\/03\/TT_NEW_FB-1.png","contentUrl":"https:\/\/www.trustedtranslations.com\/wp-content\/uploads\/2022\/03\/TT_NEW_FB-1.png","width":1038,"height":1038,"caption":"TT NEW FB 1"},{"@type":"BreadcrumbList","@id":"https:\/\/www.trustedtranslations.com\/de\/branchen\/marketing#breadcrumb","itemListElement":[{"@type":"ListItem","position":1,"name":"Home","item":"https:\/\/www.trustedtranslations.com\/de"},{"@type":"ListItem","position":2,"name":"Branchenexpertise","item":"https:\/\/www.trustedtranslations.com\/de\/branchen"},{"@type":"ListItem","position":3,"name":"Marketing"}]},{"@type":"WebSite","@id":"https:\/\/www.trustedtranslations.com\/de\/#website","url":"https:\/\/www.trustedtranslations.com\/de\/","name":"Trusted Translations, Inc.","description":"Leader in translation and interpretation services.","publisher":{"@id":"https:\/\/www.trustedtranslations.com\/de\/#organization"},"alternateName":"Trusted Translations","potentialAction":[{"@type":"SearchAction","target":{"@type":"EntryPoint","urlTemplate":"https:\/\/www.trustedtranslations.com\/de\/?s={search_term_string}"},"query-input":{"@type":"PropertyValueSpecification","valueRequired":true,"valueName":"search_term_string"}}],"inLanguage":"de"},{"@type":"Organization","@id":"https:\/\/www.trustedtranslations.com\/de\/#organization","name":"Trusted Translations","alternateName":"Trusted Translations, Inc.","url":"https:\/\/www.trustedtranslations.com\/de\/","logo":{"@type":"ImageObject","inLanguage":"de","@id":"https:\/\/www.trustedtranslations.com\/de\/#\/schema\/logo\/image\/","url":"https:\/\/static.trustedtranslations.com\/wp-content\/uploads\/2022\/01\/TT_logo_WSIColors-2.png","contentUrl":"https:\/\/static.trustedtranslations.com\/wp-content\/uploads\/2022\/01\/TT_logo_WSIColors-2.png","width":500,"height":196,"caption":"Trusted Translations"},"image":{"@id":"https:\/\/www.trustedtranslations.com\/de\/#\/schema\/logo\/image\/"},"sameAs":["https:\/\/www.facebook.com\/Trusted.Translations","https:\/\/x.com\/TrustedT9ns","https:\/\/www.linkedin.com\/company\/trusted-translations"]}]}},"toolset-meta":{"dyk":{"mensaje-1":{"type":"textfield","raw":"Wir bieten Marketing-\u00dcbersetzungen f\u00fcr Fortune-500-Unternehmen zu Preisen von 25 - 50% unter dem Marktpreis an."},"mensaje-2":{"type":"textfield","raw":"Multikulturelle Verbraucher sind das am schnellsten wachsende Segment der US-Bev\u00f6lkerung."},"mensaje-3":{"type":"textfield","raw":"<em>Trusted Translations<\/em> hat Hunderten von Kunden bei ihren \u00dcbersetzungsbed\u00fcrfnissen im Bereich Marketing geholfen."},"mensaje-4":{"type":"textfield","raw":"<em>Trusted Translations<\/em> arbeitet mit seinen Kunden zusammen, um ihre Botschaft f\u00fcr einen bestimmten Markt zu lokalisieren."},"mensaje-5":{"type":"textfield","raw":""},"mensaje-6":{"type":"textfield","raw":""}},"single-page-template-fields":{"imgs-temp":{"type":"image","raw":["https:\/\/static.trustedtranslations.com\/wp-content\/uploads\/2024\/05\/mkt-final-1.webp","https:\/\/static.trustedtranslations.com\/wp-content\/uploads\/2024\/05\/mkt-final-2-1.webp"],"repeatable":[{"raw":"https:\/\/static.trustedtranslations.com\/wp-content\/uploads\/2024\/05\/mkt-final-1.webp"},{"raw":"https:\/\/static.trustedtranslations.com\/wp-content\/uploads\/2024\/05\/mkt-final-2-1.webp"}]},"imgs-temp-cel":{"type":"image","raw":[""],"repeatable":[{"raw":""}]},"img-temp-one-cel":{"type":"image","raw":"https:\/\/static.trustedtranslations.com\/wp-content\/uploads\/2024\/05\/AdobeStock_72147160-2-1.webp","attachment_id":null},"quotes":{"type":"textarea","raw":"<h1 style=\"margin-bottom: 12px;\">Marketing-\u00dcbersetzungsdienstleistungen<\/h1>Im harten Wettbewerb des globalen Marktes brauchen Sie jeden Vorteil, wenn Sie Ihre Dienstleistung oder Ihr Produkt einf\u00fchren oder daf\u00fcr werben, insbesondere in einer Fremdsprache. Trusted Translations hilft Ihnen sicherzustellen, dass Ihre Marketing-\u00dcbersetzungen effektiv und genau sind.<div style=\"margin-top: 2.5vw;\"><a class=\"tt-btn-main-cta\" href=\"\/de\/angebot\">KOSTENLOSEN KOSTENVORANSCHLAG ANFORDERN<\/a><\/div>"},"text-1":{"type":"textarea","raw":"<h2>Fachm\u00e4nnische Marketing\u00fcbersetzungen f\u00fcr eine wirksame globale Nachrichten\u00fcbermittlung<\/h2>\r\nBeim Marketing dreht sich alles um die richtige Botschaft, und bei <em>Trusted Translations<\/em> sind wir bereit, Ihnen dabei zu helfen, sicherzustellen, dass die Sprache kein Hindernis f\u00fcr die erfolgreiche \u00dcbermittlung dieser Botschaft darstellt. Wir haben Hunderten von Unternehmen bei der \u00dcbersetzung ihrer Marketingtexte geholfen.\r\n\r\nAls Partner von Kunden wie IBM, Coca Cola, Kyocera Mita, Bank of America und FedEx Office verf\u00fcgt <em>Trusted Translations<\/em> sowohl \u00fcber die Tiefe als auch \u00fcber die Breite der Erfahrung, die notwendig ist, um jede Art von Marketing-\u00dcbersetzung, die Sie ben\u00f6tigen, in jeder Branche zu bearbeiten.\r\n\r\nUnsere \u00dcbersetzer sind mit allen Arten von Marketinginhalten bestens vertraut. Unabh\u00e4ngig davon, ob Sie eine Brosch\u00fcre, Printanzeigen oder aufwendigere Multimedia-Pr\u00e4sentationen \u00fcbersetzen m\u00fcssen, bietet <em>Trusted Translations<\/em> erfahrenen Fachleuten die gesamte Bandbreite an Marketing-\u00dcbersetzungsdienstleistungen.\r\n<h2 style=\"margin-bottom:20px\">Ihre Marketing-Botschaft lokalisieren<\/h2>\r\nNeben einfachen Marketing-\u00dcbersetzungsdienstleistungen arbeitet <em>Trusted Translations<\/em> auch mit unseren Kunden zusammen, um ihre Botschaft auf ein bestimmtes Marktsegment zuzuschneiden. Zum Beispiel haben unsere spanischen Marketing-\u00dcbersetzungsexperten bei verschiedenen simultanen Produkteinf\u00fchrungen in mehreren L\u00e4ndern in Lateinamerika und in den Vereinigten Staaten mitgewirkt.\u00a0\u00a0<span style=\"font-style: inherit; font-weight: inherit;\">Obwohl alle Marketinginformationen zun\u00e4chst ins Spanische \u00fcbersetzt wurden, halfen wir auch dabei, den Text und die Botschaft zu \u00e4ndern, um die Bev\u00f6lkerung jedes einzelnen Landes anzusprechen.<\/span>\r\n\r\nIn Regionen, in denen jedes Land seine eigene(n) spezifische(n) Variante(n) einer Sprache hat, wie z. B. beim Spanischen in Lateinamerika, ist es oft notwendig, \u00fcber die \u201eStandard\u201c-W\u00f6rterbuchversion einer Sprache hinauszugehen. Kulturelle Nuancen, Dialekte, Redewendungen, Humor und mehr flie\u00dfen in die Anpassung Ihrer Marketing-\u00dcbersetzungen an ein bestimmtes Marktsegment ein. Bei <em>Trusted Translations<\/em> verf\u00fcgen unsere \u00dcbersetzer \u00fcber das sprachliche Know-how, um Ihre Botschaft so zu \u00fcbersetzen, dass sie f\u00fcr den richtigen Markt lokalisiert ist."},"shortcode-map":{"type":"textfield","raw":""},"dyk-shortcode":{"type":"textfield","raw":"[elementor-template id=\"146647\"]"},"text-2":{"type":"textarea","raw":"<h2 style=\"margin-bottom:20px\">Der hispanische Markt in den USA<\/h2>\r\n<em>Trusted Translations<\/em> ist eine anerkannte Autorit\u00e4t auf dem hispanischen Markt in den USA. Wir haben bereits mehrere White Papers zu diesem dynamischen Sektor ver\u00f6ffentlicht und verf\u00fcgen \u00fcber Tausende von Experten mit spezifischen Kenntnissen, wie man dieses wichtige Segment ansprechen kann.\r\n\r\nUnsere Marketing-\u00dcbersetzungsdienstleistungen f\u00fcr den hispanischen Markt in den USA beruhen auf mehr als 35 Jahren Erfahrung in der Arbeit mit diesem Segment und umfassen sowohl Marketing- als auch Sprachkenntnisse. Kein anderes Sprachunternehmen verf\u00fcgt \u00fcber ein derart umfassendes Wissen \u00fcber den hispanischen Markt in den USA oder hat mit mehr Unternehmen, gemeinn\u00fctzigen Einrichtungen und Regierungsbeh\u00f6rden zusammengearbeitet, um ihnen zu helfen, diese Zielgruppe zu erreichen.\r\n<h2 style=\"margin-bottom:20px\">Marketing-\u00dcbersetzungsteams<\/h2>\r\nUnsere \u00dcbersetzer sind hochqualifizierte und zertifizierte Sprachexperten, die ein gr\u00fcndliches Auswahl-, Bewertungs- und Pr\u00fcfverfahren durchlaufen. Gleichzeitig haben alle unsere Marketing-\u00dcbersetzer Zugriff auf die Goldstandard-Tools der Branche, wie Translation Memorys, W\u00f6rterb\u00fccher und branchenspezifische Glossare. Unsere Qualit\u00e4tsredakteure und Projektmanager tragen auch dazu bei, dass jede \u00dcbersetzung genau, konsistent und zeitnah ist, selbst bei gro\u00dfen, komplexen Projekten.\r\n\r\nDar\u00fcber hinaus sind alle \u00dcbersetzer von <em>Trusted Translations<\/em> an eine gesch\u00e4ftliche Vertraulichkeits- und Unternehmensgeheimhaltungsvereinbarung gebunden. Unser Team nimmt Vertraulichkeits- und Sicherheitsfragen sehr ernst. Alle \u00dcbersetzungen bleiben vertraulich.\r\n\r\nWenn Sie Fragen haben oder mehr \u00fcber die Marketing-\u00dcbersetzungsdienstleistungen von <em>Trusted Translations<\/em> erfahren m\u00f6chten, wenden Sie sich noch heute an uns."},"state":{"type":"textfield","raw":""},"city":{"type":"textarea","raw":[]}}},"_links":{"self":[{"href":"https:\/\/www.trustedtranslations.com\/de\/wp-json\/wp\/v2\/pages\/129359","targetHints":{"allow":["GET"]}}],"collection":[{"href":"https:\/\/www.trustedtranslations.com\/de\/wp-json\/wp\/v2\/pages"}],"about":[{"href":"https:\/\/www.trustedtranslations.com\/de\/wp-json\/wp\/v2\/types\/page"}],"author":[{"embeddable":true,"href":"https:\/\/www.trustedtranslations.com\/de\/wp-json\/wp\/v2\/users\/1"}],"replies":[{"embeddable":true,"href":"https:\/\/www.trustedtranslations.com\/de\/wp-json\/wp\/v2\/comments?post=129359"}],"version-history":[{"count":0,"href":"https:\/\/www.trustedtranslations.com\/de\/wp-json\/wp\/v2\/pages\/129359\/revisions"}],"up":[{"embeddable":true,"href":"https:\/\/www.trustedtranslations.com\/de\/wp-json\/wp\/v2\/pages\/129502"}],"wp:featuredmedia":[{"embeddable":true,"href":"https:\/\/www.trustedtranslations.com\/de\/wp-json\/wp\/v2\/media\/139628"}],"wp:attachment":[{"href":"https:\/\/www.trustedtranslations.com\/de\/wp-json\/wp\/v2\/media?parent=129359"}],"curies":[{"name":"wp","href":"https:\/\/api.w.org\/{rel}","templated":true}]}}