{"id":129362,"date":"2018-11-16T14:00:10","date_gmt":"2018-11-16T14:00:10","guid":{"rendered":"https:\/\/www.trustedtranslations.com\/?page_id=129362"},"modified":"2024-09-03T11:55:41","modified_gmt":"2024-09-03T14:55:41","slug":"fertigung","status":"publish","type":"page","link":"https:\/\/www.trustedtranslations.com\/de\/branchen\/fertigung","title":{"rendered":"Fertigung"},"content":{"rendered":"","protected":false},"excerpt":{"rendered":"","protected":false},"author":1,"featured_media":139628,"parent":129502,"menu_order":0,"comment_status":"closed","ping_status":"closed","template":"","meta":{"site-sidebar-layout":"default","site-content-layout":"default","ast-site-content-layout":"default","site-content-style":"default","site-sidebar-style":"default","ast-global-header-display":"","ast-banner-title-visibility":"","ast-main-header-display":"","ast-hfb-above-header-display":"","ast-hfb-below-header-display":"","ast-hfb-mobile-header-display":"","site-post-title":"disabled","ast-breadcrumbs-content":"","ast-featured-img":"","footer-sml-layout":"","ast-disable-related-posts":"","theme-transparent-header-meta":"default","adv-header-id-meta":"","stick-header-meta":"","header-above-stick-meta":"","header-main-stick-meta":"","header-below-stick-meta":"","astra-migrate-meta-layouts":"set","ast-page-background-enabled":"default","ast-page-background-meta":{"desktop":{"background-color":"var(--ast-global-color-4)","background-image":"","background-repeat":"repeat","background-position":"center center","background-size":"auto","background-attachment":"scroll","background-type":"","background-media":"","overlay-type":"","overlay-color":"","overlay-opacity":"","overlay-gradient":""},"tablet":{"background-color":"","background-image":"","background-repeat":"repeat","background-position":"center center","background-size":"auto","background-attachment":"scroll","background-type":"","background-media":"","overlay-type":"","overlay-color":"","overlay-opacity":"","overlay-gradient":""},"mobile":{"background-color":"","background-image":"","background-repeat":"repeat","background-position":"center center","background-size":"auto","background-attachment":"scroll","background-type":"","background-media":"","overlay-type":"","overlay-color":"","overlay-opacity":"","overlay-gradient":""}},"ast-content-background-meta":{"desktop":{"background-color":"var(--ast-global-color-5)","background-image":"","background-repeat":"repeat","background-position":"center center","background-size":"auto","background-attachment":"scroll","background-type":"","background-media":"","overlay-type":"","overlay-color":"","overlay-opacity":"","overlay-gradient":""},"tablet":{"background-color":"var(--ast-global-color-5)","background-image":"","background-repeat":"repeat","background-position":"center center","background-size":"auto","background-attachment":"scroll","background-type":"","background-media":"","overlay-type":"","overlay-color":"","overlay-opacity":"","overlay-gradient":""},"mobile":{"background-color":"var(--ast-global-color-5)","background-image":"","background-repeat":"repeat","background-position":"center center","background-size":"auto","background-attachment":"scroll","background-type":"","background-media":"","overlay-type":"","overlay-color":"","overlay-opacity":"","overlay-gradient":""}},"footnotes":""},"class_list":["post-129362","page","type-page","status-publish","has-post-thumbnail","hentry"],"yoast_head":"<!-- This site is optimized with the Yoast SEO plugin v27.6 - https:\/\/yoast.com\/product\/yoast-seo-wordpress\/ -->\n<title>\u00dcbersetzungsdienstleistungen f\u00fcr die Fertigung \u2013 Trusted Translations, Inc.<\/title>\n<meta name=\"description\" content=\"Trusted Translations ist der f\u00fchrende Anbieter von \u00dcbersetzungsdienstleistungen f\u00fcr die Fertigungsindustrie. Fordern Sie ein kostenloses Angebot oder eine Beratung an.\" \/>\n<meta name=\"robots\" content=\"index, follow, max-snippet:-1, max-image-preview:large, max-video-preview:-1\" \/>\n<link rel=\"canonical\" href=\"https:\/\/www.trustedtranslations.com\/de\/branchen\/fertigung\" \/>\n<meta property=\"og:locale\" content=\"de_DE\" \/>\n<meta property=\"og:type\" content=\"article\" \/>\n<meta property=\"og:title\" content=\"\u00dcbersetzungsdienstleistungen f\u00fcr die Fertigung \u2013 Trusted Translations, Inc.\" \/>\n<meta property=\"og:description\" content=\"Trusted Translations ist der f\u00fchrende Anbieter von \u00dcbersetzungsdienstleistungen f\u00fcr die Fertigungsindustrie. Fordern Sie ein kostenloses Angebot oder eine Beratung an.\" \/>\n<meta property=\"og:url\" content=\"https:\/\/www.trustedtranslations.com\/de\/branchen\/fertigung\" \/>\n<meta property=\"og:site_name\" content=\"Trusted Translations, Inc.\" \/>\n<meta property=\"article:publisher\" content=\"https:\/\/www.facebook.com\/Trusted.Translations\" \/>\n<meta property=\"article:modified_time\" content=\"2024-09-03T14:55:41+00:00\" \/>\n<meta property=\"og:image\" content=\"https:\/\/static.trustedtranslations.com\/wp-content\/uploads\/2022\/03\/TT_NEW_FB-1.png\" \/>\n\t<meta property=\"og:image:width\" content=\"1038\" \/>\n\t<meta property=\"og:image:height\" content=\"1038\" \/>\n\t<meta property=\"og:image:type\" content=\"image\/png\" \/>\n<meta name=\"twitter:card\" content=\"summary_large_image\" \/>\n<meta name=\"twitter:site\" content=\"@TrustedT9ns\" \/>\n<script type=\"application\/ld+json\" class=\"yoast-schema-graph\">{\"@context\":\"https:\\\/\\\/schema.org\",\"@graph\":[{\"@type\":\"WebPage\",\"@id\":\"https:\\\/\\\/www.trustedtranslations.com\\\/de\\\/branchen\\\/fertigung\",\"url\":\"https:\\\/\\\/www.trustedtranslations.com\\\/de\\\/branchen\\\/fertigung\",\"name\":\"\u00dcbersetzungsdienstleistungen f\u00fcr die Fertigung \u2013 Trusted Translations, Inc.\",\"isPartOf\":{\"@id\":\"https:\\\/\\\/www.trustedtranslations.com\\\/de\\\/#website\"},\"primaryImageOfPage\":{\"@id\":\"https:\\\/\\\/www.trustedtranslations.com\\\/de\\\/branchen\\\/fertigung#primaryimage\"},\"image\":{\"@id\":\"https:\\\/\\\/www.trustedtranslations.com\\\/de\\\/branchen\\\/fertigung#primaryimage\"},\"thumbnailUrl\":\"https:\\\/\\\/www.trustedtranslations.com\\\/wp-content\\\/uploads\\\/2022\\\/03\\\/TT_NEW_FB-1.png\",\"description\":\"Trusted Translations ist der f\u00fchrende Anbieter von \u00dcbersetzungsdienstleistungen f\u00fcr die Fertigungsindustrie. Fordern Sie ein kostenloses Angebot oder eine Beratung an.\",\"breadcrumb\":{\"@id\":\"https:\\\/\\\/www.trustedtranslations.com\\\/de\\\/branchen\\\/fertigung#breadcrumb\"},\"inLanguage\":\"de\",\"potentialAction\":[{\"@type\":\"ReadAction\",\"target\":[\"https:\\\/\\\/www.trustedtranslations.com\\\/de\\\/branchen\\\/fertigung\"]}]},{\"@type\":\"ImageObject\",\"inLanguage\":\"de\",\"@id\":\"https:\\\/\\\/www.trustedtranslations.com\\\/de\\\/branchen\\\/fertigung#primaryimage\",\"url\":\"https:\\\/\\\/www.trustedtranslations.com\\\/wp-content\\\/uploads\\\/2022\\\/03\\\/TT_NEW_FB-1.png\",\"contentUrl\":\"https:\\\/\\\/www.trustedtranslations.com\\\/wp-content\\\/uploads\\\/2022\\\/03\\\/TT_NEW_FB-1.png\",\"width\":1038,\"height\":1038,\"caption\":\"TT NEW FB 1\"},{\"@type\":\"BreadcrumbList\",\"@id\":\"https:\\\/\\\/www.trustedtranslations.com\\\/de\\\/branchen\\\/fertigung#breadcrumb\",\"itemListElement\":[{\"@type\":\"ListItem\",\"position\":1,\"name\":\"Home\",\"item\":\"https:\\\/\\\/www.trustedtranslations.com\\\/de\"},{\"@type\":\"ListItem\",\"position\":2,\"name\":\"Branchenexpertise\",\"item\":\"https:\\\/\\\/www.trustedtranslations.com\\\/de\\\/branchen\"},{\"@type\":\"ListItem\",\"position\":3,\"name\":\"Fertigung\"}]},{\"@type\":\"WebSite\",\"@id\":\"https:\\\/\\\/www.trustedtranslations.com\\\/de\\\/#website\",\"url\":\"https:\\\/\\\/www.trustedtranslations.com\\\/de\\\/\",\"name\":\"Trusted Translations, Inc.\",\"description\":\"Leader in translation and interpretation services.\",\"publisher\":{\"@id\":\"https:\\\/\\\/www.trustedtranslations.com\\\/de\\\/#organization\"},\"alternateName\":\"Trusted Translations\",\"potentialAction\":[{\"@type\":\"SearchAction\",\"target\":{\"@type\":\"EntryPoint\",\"urlTemplate\":\"https:\\\/\\\/www.trustedtranslations.com\\\/de\\\/?s={search_term_string}\"},\"query-input\":{\"@type\":\"PropertyValueSpecification\",\"valueRequired\":true,\"valueName\":\"search_term_string\"}}],\"inLanguage\":\"de\"},{\"@type\":\"Organization\",\"@id\":\"https:\\\/\\\/www.trustedtranslations.com\\\/de\\\/#organization\",\"name\":\"Trusted Translations\",\"alternateName\":\"Trusted Translations, Inc.\",\"url\":\"https:\\\/\\\/www.trustedtranslations.com\\\/de\\\/\",\"logo\":{\"@type\":\"ImageObject\",\"inLanguage\":\"de\",\"@id\":\"https:\\\/\\\/www.trustedtranslations.com\\\/de\\\/#\\\/schema\\\/logo\\\/image\\\/\",\"url\":\"https:\\\/\\\/static.trustedtranslations.com\\\/wp-content\\\/uploads\\\/2022\\\/01\\\/TT_logo_WSIColors-2.png\",\"contentUrl\":\"https:\\\/\\\/static.trustedtranslations.com\\\/wp-content\\\/uploads\\\/2022\\\/01\\\/TT_logo_WSIColors-2.png\",\"width\":500,\"height\":196,\"caption\":\"Trusted Translations\"},\"image\":{\"@id\":\"https:\\\/\\\/www.trustedtranslations.com\\\/de\\\/#\\\/schema\\\/logo\\\/image\\\/\"},\"sameAs\":[\"https:\\\/\\\/www.facebook.com\\\/Trusted.Translations\",\"https:\\\/\\\/x.com\\\/TrustedT9ns\",\"https:\\\/\\\/www.linkedin.com\\\/company\\\/trusted-translations\"]}]}<\/script>\n<!-- \/ Yoast SEO plugin. -->","yoast_head_json":{"title":"\u00dcbersetzungsdienstleistungen f\u00fcr die Fertigung \u2013 Trusted Translations, Inc.","description":"Trusted Translations ist der f\u00fchrende Anbieter von \u00dcbersetzungsdienstleistungen f\u00fcr die Fertigungsindustrie. Fordern Sie ein kostenloses Angebot oder eine Beratung an.","robots":{"index":"index","follow":"follow","max-snippet":"max-snippet:-1","max-image-preview":"max-image-preview:large","max-video-preview":"max-video-preview:-1"},"canonical":"https:\/\/www.trustedtranslations.com\/de\/branchen\/fertigung","og_locale":"de_DE","og_type":"article","og_title":"\u00dcbersetzungsdienstleistungen f\u00fcr die Fertigung \u2013 Trusted Translations, Inc.","og_description":"Trusted Translations ist der f\u00fchrende Anbieter von \u00dcbersetzungsdienstleistungen f\u00fcr die Fertigungsindustrie. Fordern Sie ein kostenloses Angebot oder eine Beratung an.","og_url":"https:\/\/www.trustedtranslations.com\/de\/branchen\/fertigung","og_site_name":"Trusted Translations, Inc.","article_publisher":"https:\/\/www.facebook.com\/Trusted.Translations","article_modified_time":"2024-09-03T14:55:41+00:00","og_image":[{"width":1038,"height":1038,"url":"https:\/\/static.trustedtranslations.com\/wp-content\/uploads\/2022\/03\/TT_NEW_FB-1.png","type":"image\/png"}],"twitter_card":"summary_large_image","twitter_site":"@TrustedT9ns","schema":{"@context":"https:\/\/schema.org","@graph":[{"@type":"WebPage","@id":"https:\/\/www.trustedtranslations.com\/de\/branchen\/fertigung","url":"https:\/\/www.trustedtranslations.com\/de\/branchen\/fertigung","name":"\u00dcbersetzungsdienstleistungen f\u00fcr die Fertigung \u2013 Trusted Translations, Inc.","isPartOf":{"@id":"https:\/\/www.trustedtranslations.com\/de\/#website"},"primaryImageOfPage":{"@id":"https:\/\/www.trustedtranslations.com\/de\/branchen\/fertigung#primaryimage"},"image":{"@id":"https:\/\/www.trustedtranslations.com\/de\/branchen\/fertigung#primaryimage"},"thumbnailUrl":"https:\/\/www.trustedtranslations.com\/wp-content\/uploads\/2022\/03\/TT_NEW_FB-1.png","description":"Trusted Translations ist der f\u00fchrende Anbieter von \u00dcbersetzungsdienstleistungen f\u00fcr die Fertigungsindustrie. Fordern Sie ein kostenloses Angebot oder eine Beratung an.","breadcrumb":{"@id":"https:\/\/www.trustedtranslations.com\/de\/branchen\/fertigung#breadcrumb"},"inLanguage":"de","potentialAction":[{"@type":"ReadAction","target":["https:\/\/www.trustedtranslations.com\/de\/branchen\/fertigung"]}]},{"@type":"ImageObject","inLanguage":"de","@id":"https:\/\/www.trustedtranslations.com\/de\/branchen\/fertigung#primaryimage","url":"https:\/\/www.trustedtranslations.com\/wp-content\/uploads\/2022\/03\/TT_NEW_FB-1.png","contentUrl":"https:\/\/www.trustedtranslations.com\/wp-content\/uploads\/2022\/03\/TT_NEW_FB-1.png","width":1038,"height":1038,"caption":"TT NEW FB 1"},{"@type":"BreadcrumbList","@id":"https:\/\/www.trustedtranslations.com\/de\/branchen\/fertigung#breadcrumb","itemListElement":[{"@type":"ListItem","position":1,"name":"Home","item":"https:\/\/www.trustedtranslations.com\/de"},{"@type":"ListItem","position":2,"name":"Branchenexpertise","item":"https:\/\/www.trustedtranslations.com\/de\/branchen"},{"@type":"ListItem","position":3,"name":"Fertigung"}]},{"@type":"WebSite","@id":"https:\/\/www.trustedtranslations.com\/de\/#website","url":"https:\/\/www.trustedtranslations.com\/de\/","name":"Trusted Translations, Inc.","description":"Leader in translation and interpretation services.","publisher":{"@id":"https:\/\/www.trustedtranslations.com\/de\/#organization"},"alternateName":"Trusted Translations","potentialAction":[{"@type":"SearchAction","target":{"@type":"EntryPoint","urlTemplate":"https:\/\/www.trustedtranslations.com\/de\/?s={search_term_string}"},"query-input":{"@type":"PropertyValueSpecification","valueRequired":true,"valueName":"search_term_string"}}],"inLanguage":"de"},{"@type":"Organization","@id":"https:\/\/www.trustedtranslations.com\/de\/#organization","name":"Trusted Translations","alternateName":"Trusted Translations, Inc.","url":"https:\/\/www.trustedtranslations.com\/de\/","logo":{"@type":"ImageObject","inLanguage":"de","@id":"https:\/\/www.trustedtranslations.com\/de\/#\/schema\/logo\/image\/","url":"https:\/\/static.trustedtranslations.com\/wp-content\/uploads\/2022\/01\/TT_logo_WSIColors-2.png","contentUrl":"https:\/\/static.trustedtranslations.com\/wp-content\/uploads\/2022\/01\/TT_logo_WSIColors-2.png","width":500,"height":196,"caption":"Trusted Translations"},"image":{"@id":"https:\/\/www.trustedtranslations.com\/de\/#\/schema\/logo\/image\/"},"sameAs":["https:\/\/www.facebook.com\/Trusted.Translations","https:\/\/x.com\/TrustedT9ns","https:\/\/www.linkedin.com\/company\/trusted-translations"]}]}},"toolset-meta":{"dyk":{"mensaje-1":{"type":"textfield","raw":"<em>Trusted Translations<\/em> ist ein bevorzugter Anbieter von Goodman Global, Toyota, GE und vielen anderen Unternehmen."},"mensaje-2":{"type":"textfield","raw":""},"mensaje-3":{"type":"textfield","raw":""},"mensaje-4":{"type":"textfield","raw":""},"mensaje-5":{"type":"textfield","raw":""},"mensaje-6":{"type":"textfield","raw":""}},"single-page-template-fields":{"imgs-temp":{"type":"image","raw":["https:\/\/static.trustedtranslations.com\/wp-content\/uploads\/2024\/05\/manufacturing-final-1.webp","https:\/\/static.trustedtranslations.com\/wp-content\/uploads\/2024\/05\/manufacturing-final-2-1.webp"],"repeatable":[{"raw":"https:\/\/static.trustedtranslations.com\/wp-content\/uploads\/2024\/05\/manufacturing-final-1.webp"},{"raw":"https:\/\/static.trustedtranslations.com\/wp-content\/uploads\/2024\/05\/manufacturing-final-2-1.webp"}]},"imgs-temp-cel":{"type":"image","raw":[""],"repeatable":[{"raw":""}]},"img-temp-one-cel":{"type":"image","raw":"https:\/\/static.trustedtranslations.com\/wp-content\/uploads\/2024\/05\/AdobeStock_350888164-1-1.webp","attachment_id":null},"quotes":{"type":"textarea","raw":"<h1 style=\"margin-bottom: 12px;\">\u00dcbersetzungsdienstleistungen f\u00fcr die Fertigung<\/h1>Trusted Translations ist der f\u00fchrende Anbieter von \u00dcbersetzungsdienstleistungen f\u00fcr das verarbeitende Gewerbe und spezialisiert auf \u00dcbersetzungen vom Englischen ins Spanische. Von Installationshandb\u00fcchern bis hin zu Systemspezifikationen und Bedienungsanleitungen liefern wir hochpr\u00e4zise und zuverl\u00e4ssige \u00dcbersetzungen f\u00fcr die Fertigungsindustrie.<div style=\"margin-top: 2.5vw;\"><a class=\"tt-btn-main-cta\" href=\"\/de\/angebot\">KOSTENLOSEN KOSTENVORANSCHLAG ANFORDERN<\/a><\/div>"},"text-1":{"type":"textarea","raw":"<h2>Schnelle und pr\u00e4zise \u00dcbersetzungen f\u00fcr wettbewerbsf\u00e4higen Erfolg in der Fertigung<\/h2>\r\nWir bei <em>Trusted Translations<\/em> wissen, dass die zunehmende Globalisierung, der rasante technologische Fortschritt und die kurzen Produktlebenszyklen dazu gef\u00fchrt haben, dass Hersteller schnell hochwertige lokalisierte Materialien beschaffen und aktualisieren m\u00fcssen. Die anspruchsvollen Produkte f\u00fchrender Hersteller k\u00f6nnen auf dem globalen Markt nur dann konkurrenzf\u00e4hig sein, wenn sie von schnellen, pr\u00e4zisen und kosteng\u00fcnstigen \u00dcbersetzungen unterst\u00fctzt werden, die den Industriestandards genau entsprechen.\r\n\r\nWir sind in der Lage, in \u00fcber 200 Sprachen zu \u00fcbersetzen, haben uns aber auf Englisch-Spanisch-\u00dcbersetzungen f\u00fcr die Fertigung spezialisiert, die von ausgew\u00e4hlten Teams von Englisch-Spanisch-\u00dcbersetzern mit der erforderlichen Branchenkompetenz angefertigt werden.\r\n\r\nTrusted Translations hilft Ihnen, die Sprachbarriere zu \u00fcberwinden, Ihre Botschaft zu vermitteln und die Kommunikation technischer Themen zu vereinfachen. Wir sind Ihre L\u00f6sung aus einer Hand f\u00fcr \u00dcbersetzungen f\u00fcr die Fertigung.\r\n<h2 style=\"margin-bottom:20px\">\u00dcbersetzungen f\u00fcr die Fertigungsindustrie<\/h2>\r\nDie \u00dcbersetzungsdienstleistungen f\u00fcr die Fertigungsindustrie von <em>Trusted Translations<\/em> erf\u00fcllen konsequent alle sprachtechnischen Anforderungen unserer Kunden. Unsere professionellen \u00dcbersetzer werden auf der Grundlage ihrer sprachlichen F\u00e4higkeiten sowie ihrer Kenntnisse des zu \u00fcbersetzenden Inhalts ausgew\u00e4hlt. Diese Kombination aus branchenspezifischem Fachwissen und Sprachkompetenz ist sowohl zuverl\u00e4ssig als auch kosteng\u00fcnstig.\r\n\r\nWir haben einen strengen Prozess f\u00fcr jedes Dokument der Fertigungsindustrie. Zun\u00e4chst weisen wir das Projekt \u00dcbersetzern zu, die \u00fcber die erforderlichen akademischen Qualifikationen sowie praktische Erfahrung in Ihrem spezifischen Fachgebiet verf\u00fcgen.\r\n\r\nAnschlie\u00dfend arbeiten unsere fachkundigen Projektmanager und Desktop-Publishing-Profis zusammen, um sicherzustellen, dass die Inhalte korrekt \u00fcbersetzt und im richtigen Format, fristgerecht und innerhalb des Budgets ver\u00f6ffentlicht werden.\r\nAuf diese Weise k\u00f6nnen Sie und Ihr Team sich auf andere Aufgaben konzentrieren, z. B. die Einf\u00fchrung eines neuen Produkts, die Steigerung der Produktivit\u00e4t oder die Steigerung des Umsatzes."},"shortcode-map":{"type":"textfield","raw":""},"dyk-shortcode":{"type":"textfield","raw":"[elementor-template id=\"146647\"]"},"text-2":{"type":"textarea","raw":"<h2 style=\"margin-bottom:20px\">\u00dcbersetzung technischer Dokumente<\/h2>\r\nIm Folgenden sind einige der Arten von technischen Dokumenten aufgef\u00fchrt, die wir h\u00e4ufig \u00fcbersetzen:\r\n<ul>\r\n \t<li>Installations-, Betriebs- und Wartungshandb\u00fccher<\/li>\r\n \t<li>Personalhandb\u00fccher<\/li>\r\n \t<li>Wartungshandb\u00fccher<\/li>\r\n \t<li>Richtlinienhandb\u00fccher<\/li>\r\n \t<li>CAD-Zeichnungen<\/li>\r\n \t<li>Verpackung<\/li>\r\n \t<li>Arbeitsvorg\u00e4nge<\/li>\r\n \t<li>Dienstleistungsvertr\u00e4ge<\/li>\r\n \t<li>Beh\u00f6rdliche Dokumentation<\/li>\r\n \t<li>Patente<\/li>\r\n \t<li>Gesch\u00e4ftsvertr\u00e4ge<\/li>\r\n \t<li>Technische E-Learning-Module<\/li>\r\n \t<li>Marketingmaterialien (z. B. Websites und Produktkataloge)<\/li>\r\n<\/ul>\r\nWas auch immer Ihr Projekt oder Ihre Branche ist, unser Team ist bereit, eine kosteng\u00fcnstige, \u00e4u\u00dferst zuverl\u00e4ssige \u00dcbersetzung von technischen Dokumenten anzubieten.\r\n<h2 style=\"margin-bottom:20px\">\u00dcbersetzungsteams f\u00fcr die Fertigung<\/h2>\r\n<em>Trusted Translations<\/em> stattet unsere \u00dcbersetzer mit hochwertigen Tools aus, die ihnen helfen, Ihre \u00dcbersetzungen erfolgreich abzuschlie\u00dfen. Alle unsere \u00dcbersetzer in der Fertigung haben Zugang zu Translation Memorys, W\u00f6rterb\u00fcchern und Terminologiedatenbanken, um sicherzustellen, dass die \u00dcbersetzungen auch bei den gr\u00f6\u00dften und technisch komplexesten Projekten korrekt und konsistent sind.\r\n\r\nAlle unsere \u00dcbersetzer sind an eine Gesch\u00e4ftsgeheimnis- und Unternehmensgeheimhaltungsvereinbarung gebunden.\u00a0<em>Trusted Translations<\/em> nimmt Vertraulichkeits- und Sicherheitsfragen sehr ernst. Alle \u00dcbersetzungen bleiben vertraulich; unsere \u00dcbersetzer sind sich der Bedeutung der Sicherheit in dieser Branche bewusst und respektieren die vertrauliche Dokumentation, die in Verbindung mit jedem Projekt zur Verf\u00fcgung gestellt wird.\r\n\r\nAls vertrauensw\u00fcrdiger Partner von multinationalen Herstellern, Fortune-500-Unternehmen, dem US-Milit\u00e4r und mehr bietet <em>Trusted Translations<\/em> au\u00dfergew\u00f6hnliche \u00dcbersetzungsdienstleistungen f\u00fcr die Fertigung. Um mehr zu erfahren, wenden Sie sich noch heute an <em>Trusted Translations<\/em>."},"state":{"type":"textfield","raw":""},"city":{"type":"textarea","raw":[]}}},"_links":{"self":[{"href":"https:\/\/www.trustedtranslations.com\/de\/wp-json\/wp\/v2\/pages\/129362","targetHints":{"allow":["GET"]}}],"collection":[{"href":"https:\/\/www.trustedtranslations.com\/de\/wp-json\/wp\/v2\/pages"}],"about":[{"href":"https:\/\/www.trustedtranslations.com\/de\/wp-json\/wp\/v2\/types\/page"}],"author":[{"embeddable":true,"href":"https:\/\/www.trustedtranslations.com\/de\/wp-json\/wp\/v2\/users\/1"}],"replies":[{"embeddable":true,"href":"https:\/\/www.trustedtranslations.com\/de\/wp-json\/wp\/v2\/comments?post=129362"}],"version-history":[{"count":0,"href":"https:\/\/www.trustedtranslations.com\/de\/wp-json\/wp\/v2\/pages\/129362\/revisions"}],"up":[{"embeddable":true,"href":"https:\/\/www.trustedtranslations.com\/de\/wp-json\/wp\/v2\/pages\/129502"}],"wp:featuredmedia":[{"embeddable":true,"href":"https:\/\/www.trustedtranslations.com\/de\/wp-json\/wp\/v2\/media\/139628"}],"wp:attachment":[{"href":"https:\/\/www.trustedtranslations.com\/de\/wp-json\/wp\/v2\/media?parent=129362"}],"curies":[{"name":"wp","href":"https:\/\/api.w.org\/{rel}","templated":true}]}}