{"id":129363,"date":"2018-11-16T12:32:51","date_gmt":"2018-11-16T12:32:51","guid":{"rendered":"https:\/\/www.trustedtranslations.com\/?page_id=129363"},"modified":"2024-09-03T15:48:46","modified_gmt":"2024-09-03T18:48:46","slug":"handbuch","status":"publish","type":"page","link":"https:\/\/www.trustedtranslations.com\/de\/branchen\/handbuch","title":{"rendered":"Bedienungsanleitungen"},"content":{"rendered":"","protected":false},"excerpt":{"rendered":"","protected":false},"author":1,"featured_media":139628,"parent":129502,"menu_order":0,"comment_status":"closed","ping_status":"closed","template":"","meta":{"site-sidebar-layout":"default","site-content-layout":"default","ast-site-content-layout":"default","site-content-style":"default","site-sidebar-style":"default","ast-global-header-display":"","ast-banner-title-visibility":"","ast-main-header-display":"","ast-hfb-above-header-display":"","ast-hfb-below-header-display":"","ast-hfb-mobile-header-display":"","site-post-title":"disabled","ast-breadcrumbs-content":"","ast-featured-img":"","footer-sml-layout":"","ast-disable-related-posts":"","theme-transparent-header-meta":"default","adv-header-id-meta":"","stick-header-meta":"","header-above-stick-meta":"","header-main-stick-meta":"","header-below-stick-meta":"","astra-migrate-meta-layouts":"set","ast-page-background-enabled":"default","ast-page-background-meta":{"desktop":{"background-color":"var(--ast-global-color-4)","background-image":"","background-repeat":"repeat","background-position":"center center","background-size":"auto","background-attachment":"scroll","background-type":"","background-media":"","overlay-type":"","overlay-color":"","overlay-opacity":"","overlay-gradient":""},"tablet":{"background-color":"","background-image":"","background-repeat":"repeat","background-position":"center center","background-size":"auto","background-attachment":"scroll","background-type":"","background-media":"","overlay-type":"","overlay-color":"","overlay-opacity":"","overlay-gradient":""},"mobile":{"background-color":"","background-image":"","background-repeat":"repeat","background-position":"center center","background-size":"auto","background-attachment":"scroll","background-type":"","background-media":"","overlay-type":"","overlay-color":"","overlay-opacity":"","overlay-gradient":""}},"ast-content-background-meta":{"desktop":{"background-color":"var(--ast-global-color-5)","background-image":"","background-repeat":"repeat","background-position":"center center","background-size":"auto","background-attachment":"scroll","background-type":"","background-media":"","overlay-type":"","overlay-color":"","overlay-opacity":"","overlay-gradient":""},"tablet":{"background-color":"var(--ast-global-color-5)","background-image":"","background-repeat":"repeat","background-position":"center center","background-size":"auto","background-attachment":"scroll","background-type":"","background-media":"","overlay-type":"","overlay-color":"","overlay-opacity":"","overlay-gradient":""},"mobile":{"background-color":"var(--ast-global-color-5)","background-image":"","background-repeat":"repeat","background-position":"center center","background-size":"auto","background-attachment":"scroll","background-type":"","background-media":"","overlay-type":"","overlay-color":"","overlay-opacity":"","overlay-gradient":""}},"footnotes":""},"class_list":["post-129363","page","type-page","status-publish","has-post-thumbnail","hentry"],"yoast_head":"<!-- This site is optimized with the Yoast SEO plugin v27.3 - https:\/\/yoast.com\/product\/yoast-seo-wordpress\/ -->\n<title>\u00dcbersetzungsdienstleistungen f\u00fcr Gebrauchsanleitungen - Trusted Translations, Inc.<\/title>\n<meta name=\"description\" content=\"Trusted Translations, Inc. hat sich auf \u00dcbersetzungsdienste f\u00fcr Handb\u00fccher spezialisiert: Anleitungen, Leitf\u00e4den und Handb\u00fccher. Fordern Sie ein kostenloses Angebot oder eine Beratung an.\" \/>\n<meta name=\"robots\" content=\"index, follow, max-snippet:-1, max-image-preview:large, max-video-preview:-1\" \/>\n<link rel=\"canonical\" href=\"https:\/\/www.trustedtranslations.com\/de\/branchen\/handbuch\" \/>\n<meta property=\"og:locale\" content=\"de_DE\" \/>\n<meta property=\"og:type\" content=\"article\" \/>\n<meta property=\"og:title\" content=\"\u00dcbersetzungsdienstleistungen f\u00fcr Gebrauchsanleitungen - Trusted Translations, Inc.\" \/>\n<meta property=\"og:description\" content=\"Trusted Translations, Inc. hat sich auf \u00dcbersetzungsdienste f\u00fcr Handb\u00fccher spezialisiert: Anleitungen, Leitf\u00e4den und Handb\u00fccher. Fordern Sie ein kostenloses Angebot oder eine Beratung an.\" \/>\n<meta property=\"og:url\" content=\"https:\/\/www.trustedtranslations.com\/de\/branchen\/handbuch\" \/>\n<meta property=\"og:site_name\" content=\"Trusted Translations, Inc.\" \/>\n<meta property=\"article:publisher\" content=\"https:\/\/www.facebook.com\/Trusted.Translations\" \/>\n<meta property=\"article:modified_time\" content=\"2024-09-03T18:48:46+00:00\" \/>\n<meta property=\"og:image\" content=\"https:\/\/static.trustedtranslations.com\/wp-content\/uploads\/2022\/03\/TT_NEW_FB-1.png\" \/>\n\t<meta property=\"og:image:width\" content=\"1038\" \/>\n\t<meta property=\"og:image:height\" content=\"1038\" \/>\n\t<meta property=\"og:image:type\" content=\"image\/png\" \/>\n<meta name=\"twitter:card\" content=\"summary_large_image\" \/>\n<meta name=\"twitter:site\" content=\"@TrustedT9ns\" \/>\n<script type=\"application\/ld+json\" class=\"yoast-schema-graph\">{\"@context\":\"https:\\\/\\\/schema.org\",\"@graph\":[{\"@type\":\"WebPage\",\"@id\":\"https:\\\/\\\/www.trustedtranslations.com\\\/de\\\/branchen\\\/handbuch\",\"url\":\"https:\\\/\\\/www.trustedtranslations.com\\\/de\\\/branchen\\\/handbuch\",\"name\":\"\u00dcbersetzungsdienstleistungen f\u00fcr Gebrauchsanleitungen - Trusted Translations, Inc.\",\"isPartOf\":{\"@id\":\"https:\\\/\\\/www.trustedtranslations.com\\\/de\\\/#website\"},\"primaryImageOfPage\":{\"@id\":\"https:\\\/\\\/www.trustedtranslations.com\\\/de\\\/branchen\\\/handbuch#primaryimage\"},\"image\":{\"@id\":\"https:\\\/\\\/www.trustedtranslations.com\\\/de\\\/branchen\\\/handbuch#primaryimage\"},\"thumbnailUrl\":\"https:\\\/\\\/www.trustedtranslations.com\\\/wp-content\\\/uploads\\\/2022\\\/03\\\/TT_NEW_FB-1.png\",\"description\":\"Trusted Translations, Inc. hat sich auf \u00dcbersetzungsdienste f\u00fcr Handb\u00fccher spezialisiert: Anleitungen, Leitf\u00e4den und Handb\u00fccher. Fordern Sie ein kostenloses Angebot oder eine Beratung an.\",\"breadcrumb\":{\"@id\":\"https:\\\/\\\/www.trustedtranslations.com\\\/de\\\/branchen\\\/handbuch#breadcrumb\"},\"inLanguage\":\"de\",\"potentialAction\":[{\"@type\":\"ReadAction\",\"target\":[\"https:\\\/\\\/www.trustedtranslations.com\\\/de\\\/branchen\\\/handbuch\"]}]},{\"@type\":\"ImageObject\",\"inLanguage\":\"de\",\"@id\":\"https:\\\/\\\/www.trustedtranslations.com\\\/de\\\/branchen\\\/handbuch#primaryimage\",\"url\":\"https:\\\/\\\/www.trustedtranslations.com\\\/wp-content\\\/uploads\\\/2022\\\/03\\\/TT_NEW_FB-1.png\",\"contentUrl\":\"https:\\\/\\\/www.trustedtranslations.com\\\/wp-content\\\/uploads\\\/2022\\\/03\\\/TT_NEW_FB-1.png\",\"width\":1038,\"height\":1038,\"caption\":\"TT NEW FB 1\"},{\"@type\":\"BreadcrumbList\",\"@id\":\"https:\\\/\\\/www.trustedtranslations.com\\\/de\\\/branchen\\\/handbuch#breadcrumb\",\"itemListElement\":[{\"@type\":\"ListItem\",\"position\":1,\"name\":\"Home\",\"item\":\"https:\\\/\\\/www.trustedtranslations.com\\\/de\"},{\"@type\":\"ListItem\",\"position\":2,\"name\":\"Branchenexpertise\",\"item\":\"https:\\\/\\\/www.trustedtranslations.com\\\/de\\\/branchen\"},{\"@type\":\"ListItem\",\"position\":3,\"name\":\"Bedienungsanleitungen\"}]},{\"@type\":\"WebSite\",\"@id\":\"https:\\\/\\\/www.trustedtranslations.com\\\/de\\\/#website\",\"url\":\"https:\\\/\\\/www.trustedtranslations.com\\\/de\\\/\",\"name\":\"Trusted Translations, Inc.\",\"description\":\"Leader in translation and interpretation services.\",\"publisher\":{\"@id\":\"https:\\\/\\\/www.trustedtranslations.com\\\/de\\\/#organization\"},\"alternateName\":\"Trusted Translations\",\"potentialAction\":[{\"@type\":\"SearchAction\",\"target\":{\"@type\":\"EntryPoint\",\"urlTemplate\":\"https:\\\/\\\/www.trustedtranslations.com\\\/de\\\/?s={search_term_string}\"},\"query-input\":{\"@type\":\"PropertyValueSpecification\",\"valueRequired\":true,\"valueName\":\"search_term_string\"}}],\"inLanguage\":\"de\"},{\"@type\":\"Organization\",\"@id\":\"https:\\\/\\\/www.trustedtranslations.com\\\/de\\\/#organization\",\"name\":\"Trusted Translations\",\"alternateName\":\"Trusted Translations, Inc.\",\"url\":\"https:\\\/\\\/www.trustedtranslations.com\\\/de\\\/\",\"logo\":{\"@type\":\"ImageObject\",\"inLanguage\":\"de\",\"@id\":\"https:\\\/\\\/www.trustedtranslations.com\\\/de\\\/#\\\/schema\\\/logo\\\/image\\\/\",\"url\":\"https:\\\/\\\/static.trustedtranslations.com\\\/wp-content\\\/uploads\\\/2022\\\/01\\\/TT_logo_WSIColors-2.png\",\"contentUrl\":\"https:\\\/\\\/static.trustedtranslations.com\\\/wp-content\\\/uploads\\\/2022\\\/01\\\/TT_logo_WSIColors-2.png\",\"width\":500,\"height\":196,\"caption\":\"Trusted Translations\"},\"image\":{\"@id\":\"https:\\\/\\\/www.trustedtranslations.com\\\/de\\\/#\\\/schema\\\/logo\\\/image\\\/\"},\"sameAs\":[\"https:\\\/\\\/www.facebook.com\\\/Trusted.Translations\",\"https:\\\/\\\/x.com\\\/TrustedT9ns\",\"https:\\\/\\\/www.linkedin.com\\\/company\\\/trusted-translations\"]}]}<\/script>\n<!-- \/ Yoast SEO plugin. -->","yoast_head_json":{"title":"\u00dcbersetzungsdienstleistungen f\u00fcr Gebrauchsanleitungen - Trusted Translations, Inc.","description":"Trusted Translations, Inc. hat sich auf \u00dcbersetzungsdienste f\u00fcr Handb\u00fccher spezialisiert: Anleitungen, Leitf\u00e4den und Handb\u00fccher. Fordern Sie ein kostenloses Angebot oder eine Beratung an.","robots":{"index":"index","follow":"follow","max-snippet":"max-snippet:-1","max-image-preview":"max-image-preview:large","max-video-preview":"max-video-preview:-1"},"canonical":"https:\/\/www.trustedtranslations.com\/de\/branchen\/handbuch","og_locale":"de_DE","og_type":"article","og_title":"\u00dcbersetzungsdienstleistungen f\u00fcr Gebrauchsanleitungen - Trusted Translations, Inc.","og_description":"Trusted Translations, Inc. hat sich auf \u00dcbersetzungsdienste f\u00fcr Handb\u00fccher spezialisiert: Anleitungen, Leitf\u00e4den und Handb\u00fccher. Fordern Sie ein kostenloses Angebot oder eine Beratung an.","og_url":"https:\/\/www.trustedtranslations.com\/de\/branchen\/handbuch","og_site_name":"Trusted Translations, Inc.","article_publisher":"https:\/\/www.facebook.com\/Trusted.Translations","article_modified_time":"2024-09-03T18:48:46+00:00","og_image":[{"width":1038,"height":1038,"url":"https:\/\/static.trustedtranslations.com\/wp-content\/uploads\/2022\/03\/TT_NEW_FB-1.png","type":"image\/png"}],"twitter_card":"summary_large_image","twitter_site":"@TrustedT9ns","schema":{"@context":"https:\/\/schema.org","@graph":[{"@type":"WebPage","@id":"https:\/\/www.trustedtranslations.com\/de\/branchen\/handbuch","url":"https:\/\/www.trustedtranslations.com\/de\/branchen\/handbuch","name":"\u00dcbersetzungsdienstleistungen f\u00fcr Gebrauchsanleitungen - Trusted Translations, Inc.","isPartOf":{"@id":"https:\/\/www.trustedtranslations.com\/de\/#website"},"primaryImageOfPage":{"@id":"https:\/\/www.trustedtranslations.com\/de\/branchen\/handbuch#primaryimage"},"image":{"@id":"https:\/\/www.trustedtranslations.com\/de\/branchen\/handbuch#primaryimage"},"thumbnailUrl":"https:\/\/www.trustedtranslations.com\/wp-content\/uploads\/2022\/03\/TT_NEW_FB-1.png","description":"Trusted Translations, Inc. hat sich auf \u00dcbersetzungsdienste f\u00fcr Handb\u00fccher spezialisiert: Anleitungen, Leitf\u00e4den und Handb\u00fccher. Fordern Sie ein kostenloses Angebot oder eine Beratung an.","breadcrumb":{"@id":"https:\/\/www.trustedtranslations.com\/de\/branchen\/handbuch#breadcrumb"},"inLanguage":"de","potentialAction":[{"@type":"ReadAction","target":["https:\/\/www.trustedtranslations.com\/de\/branchen\/handbuch"]}]},{"@type":"ImageObject","inLanguage":"de","@id":"https:\/\/www.trustedtranslations.com\/de\/branchen\/handbuch#primaryimage","url":"https:\/\/www.trustedtranslations.com\/wp-content\/uploads\/2022\/03\/TT_NEW_FB-1.png","contentUrl":"https:\/\/www.trustedtranslations.com\/wp-content\/uploads\/2022\/03\/TT_NEW_FB-1.png","width":1038,"height":1038,"caption":"TT NEW FB 1"},{"@type":"BreadcrumbList","@id":"https:\/\/www.trustedtranslations.com\/de\/branchen\/handbuch#breadcrumb","itemListElement":[{"@type":"ListItem","position":1,"name":"Home","item":"https:\/\/www.trustedtranslations.com\/de"},{"@type":"ListItem","position":2,"name":"Branchenexpertise","item":"https:\/\/www.trustedtranslations.com\/de\/branchen"},{"@type":"ListItem","position":3,"name":"Bedienungsanleitungen"}]},{"@type":"WebSite","@id":"https:\/\/www.trustedtranslations.com\/de\/#website","url":"https:\/\/www.trustedtranslations.com\/de\/","name":"Trusted Translations, Inc.","description":"Leader in translation and interpretation services.","publisher":{"@id":"https:\/\/www.trustedtranslations.com\/de\/#organization"},"alternateName":"Trusted Translations","potentialAction":[{"@type":"SearchAction","target":{"@type":"EntryPoint","urlTemplate":"https:\/\/www.trustedtranslations.com\/de\/?s={search_term_string}"},"query-input":{"@type":"PropertyValueSpecification","valueRequired":true,"valueName":"search_term_string"}}],"inLanguage":"de"},{"@type":"Organization","@id":"https:\/\/www.trustedtranslations.com\/de\/#organization","name":"Trusted Translations","alternateName":"Trusted Translations, Inc.","url":"https:\/\/www.trustedtranslations.com\/de\/","logo":{"@type":"ImageObject","inLanguage":"de","@id":"https:\/\/www.trustedtranslations.com\/de\/#\/schema\/logo\/image\/","url":"https:\/\/static.trustedtranslations.com\/wp-content\/uploads\/2022\/01\/TT_logo_WSIColors-2.png","contentUrl":"https:\/\/static.trustedtranslations.com\/wp-content\/uploads\/2022\/01\/TT_logo_WSIColors-2.png","width":500,"height":196,"caption":"Trusted Translations"},"image":{"@id":"https:\/\/www.trustedtranslations.com\/de\/#\/schema\/logo\/image\/"},"sameAs":["https:\/\/www.facebook.com\/Trusted.Translations","https:\/\/x.com\/TrustedT9ns","https:\/\/www.linkedin.com\/company\/trusted-translations"]}]}},"toolset-meta":{"dyk":{"mensaje-1":{"type":"textfield","raw":""},"mensaje-2":{"type":"textfield","raw":"<em>Trusted Translations<\/em> ist ein bevorzugter Anbieter f\u00fcr f\u00fchrende Fertigungsunternehmen in den Vereinigten Staaten und weltweit."},"mensaje-3":{"type":"textfield","raw":"Wir \u00fcbertreffen die ISO 9001:2015-Standards und zertifizieren unsere \u00dcbersetzungen von Bedienungsanleitungen auf Anfrage."},"mensaje-4":{"type":"textfield","raw":"Unsere Fach\u00fcbersetzer sind sowohl Branchenexperten als auch sprachlich versiert."},"mensaje-5":{"type":"textfield","raw":""},"mensaje-6":{"type":"textfield","raw":""}},"single-page-template-fields":{"imgs-temp":{"type":"image","raw":["https:\/\/static.trustedtranslations.com\/wp-content\/uploads\/2024\/05\/manual-final-8.webp","https:\/\/static.trustedtranslations.com\/wp-content\/uploads\/2024\/05\/manual-final-2-1.webp","https:\/\/static.trustedtranslations.com\/wp-content\/uploads\/2024\/05\/manual-final-6-1.webp","https:\/\/static.trustedtranslations.com\/wp-content\/uploads\/2024\/05\/manual-final-4-1.webp"],"repeatable":[{"raw":"https:\/\/static.trustedtranslations.com\/wp-content\/uploads\/2024\/05\/manual-final-8.webp"},{"raw":"https:\/\/static.trustedtranslations.com\/wp-content\/uploads\/2024\/05\/manual-final-2-1.webp"},{"raw":"https:\/\/static.trustedtranslations.com\/wp-content\/uploads\/2024\/05\/manual-final-6-1.webp"},{"raw":"https:\/\/static.trustedtranslations.com\/wp-content\/uploads\/2024\/05\/manual-final-4-1.webp"}]},"imgs-temp-cel":{"type":"image","raw":[""],"repeatable":[{"raw":""}]},"img-temp-one-cel":{"type":"image","raw":"https:\/\/static.trustedtranslations.com\/wp-content\/uploads\/2024\/05\/manual-final-1-1.webp","attachment_id":null},"quotes":{"type":"textarea","raw":"<h1 style=\"margin-bottom: 12px;\">Benutzerhandbuch-\/Handbuch\u00fcbersetzung<\/h1>\u00dcbersetzungsdienstleistungen f\u00fcr Bedienungsanleitungen, Leitf\u00e4den und Handb\u00fccher geh\u00f6ren zu den Kernleistungen, die wir unseren Kunden anbieten. Von hochtechnischen Betriebshandb\u00fcchern bis hin zu Richtlinien f\u00fcr das Personalwesen (HR) haben wir die Erfahrung, um Projekte jeder Gr\u00f6\u00dfenordnung zu bew\u00e4ltigen, die Sie haben. Wir setzen nur spezialisierte Linguisten und erstklassige Grafikdesigner ein, um genaue \u00dcbersetzungen, die richtige Formatierung und das visuelle Design f\u00fcr jede gew\u00fcnschte Sprache zu gew\u00e4hrleisten.<div style=\"margin-top: 2.5vw;\"><a class=\"tt-btn-main-cta\" href=\"\/de\/angebot\">KOSTENLOSEN KOSTENVORANSCHLAG ANFORDERN<\/a><\/div>"},"text-1":{"type":"textarea","raw":"<h2 style=\"margin-bottom: 20px;\">\u00dcbersetzungen von Benutzerhandb\u00fcchern\/Anleitungen zu wettbewerbsf\u00e4higen Preisen<\/h2>\r\nUnsere einzigartige Preisstruktur f\u00fcr Benutzerhandb\u00fccher, Handb\u00fccher und Leitf\u00e4den bietet Ihnen Einsparungen von 20% - 40% sowie ein h\u00f6heres Ma\u00df an Qualit\u00e4t und Konsistenz f\u00fcr jede \u00dcbersetzung. M\u00f6glich wird dies durch unseren Einsatz gr\u00fcndlich gepr\u00fcfter, unabh\u00e4ngig zertifizierter Qualit\u00e4tsverfahren, modernster \u00dcbersetzungsspeicher-Technologie und der neuesten Formatierungssoftware. <em><em><em><em>Trusted Translations<\/em><\/em><\/em><\/em> hat nachweislich Erfahrung mit der \u00dcbersetzung von Handb\u00fcchern, Leitf\u00e4den und Bedienungsanleitungen f\u00fcr Fortune-500-Unternehmen, f\u00fchrende Regierungsbeh\u00f6rden und gemeinn\u00fctzige Organisationen auf der ganzen Welt. Dabei bieten wir stets \u00e4u\u00dferst wettbewerbsf\u00e4hige Preise und ein h\u00f6heres Qualit\u00e4tsniveau, welches die ISO-Normen \u00fcbertrifft, wie von unabh\u00e4ngigen ISO-Registrierstellen zertifiziert.\r\n<div class=\"imgs-flex-template\">\r\n    <div>\r\n        <h2 style=\"margin-bottom: 20px;\">\u00dcbersetzungen von Benutzerhandb\u00fcchern<\/h2>\r\n        <p>\u00dcbersetzungen von Anleitungen\/Leitf\u00e4den\/Handb\u00fcchern sind ein grundlegendes Element f\u00fcr fast jede Organisation. In der heutigen globalen Wirtschaft wird fast jedes Produkt entweder international verkauft oder erreicht Nutzer, die eine andere Sprache sprechen. Unabh\u00e4ngig davon, ob Sie in den USA oder im Ausland verkaufen, sind hochwertige \u00dcbersetzungen von Benutzerhandb\u00fcchern eine Notwendigkeit.\r\n            Bei <em><em><em><em>Trusted Translations<\/em><\/em><\/em><\/em> konzentrieren wir uns bei der \u00dcbersetzung von Handb\u00fcchern auf zwei Elemente: Qualit\u00e4t und Preis. Wir sind bestrebt, Ihnen die besten Preise in der Branche zu bieten, indem wir eine einzigartige Preisstruktur einrichten, die die Qualit\u00e4t der zugrundeliegenden \u00dcbersetzungen erh\u00f6ht und die Kosten durch die Speicherung von doppelten \u00dcbersetzungsphrasen reduziert. Im Folgenden finden Sie Beispiele f\u00fcr die Arten von Benutzerhandb\u00fcchern, die wir h\u00e4ufig \u00fcbersetzen:\r\n            \r\n            \u2022 Bauanleitungen\r\n            \u2022 Mitarbeiterleitf\u00e4den\r\n            \u2022 Elektronikhandb\u00fccher\r\n            \u2022 Technische Spezifikationen\r\n            \u2022 Gesundheitsrichtlinien\r\n            \u2022 Bedienungsanleitungen\r\n            \u2022 Richtlinienleitf\u00e4den\r\n            \u2022 Betriebsanleitungen\r\n            \u2022 Sicherheitsleitf\u00e4den\r\n            \u2022 Softwareleitf\u00e4den\r\n            \u2022 Technische Leitf\u00e4den<\/p>\r\n    <\/div>\r\n    <img src=\"https:\/\/static.trustedtranslations.com\/wp-content\/uploads\/2022\/03\/AdobeStock_466584002-scaled.jpg\">\r\n<\/div>\r\n<div class=\"imgs-flex-template flex-text-2\" style=\"margin-top: -30px\">\r\n    <img src=\"https:\/\/static.trustedtranslations.com\/wp-content\/uploads\/2022\/03\/AdobeStock_277236933-1-1536x1024.jpeg\">\r\n    <div class=\"p-img-width\">\r\n        <h2 style=\"margin-bottom: 20px;\">\u00dcbersetzung von Anleitungen<\/h2>\r\n        <p>\u00dcbersetzungen von Anleitungen, wie \u00dcbersetzungen von Handb\u00fcchern, sind ein kritisches Element f\u00fcr die meisten Unternehmen, die ein Produkt herstellen oder eine Dienstleistung erbringen. Die Beschreibung der korrekten Verwendung Ihres Produkts oder Ihrer Dienstleistung kann den Unterschied in der Kundenzufriedenheit und -sicherheit ausmachen. <em><em><em><em>Trusted Translations<\/em><\/em><\/em><\/em> hat aufgrund seiner langj\u00e4hrigen Erfahrung mit der \u00dcbersetzung von Reisef\u00fchrern aller Art ein spezielles System entwickelt, das Ihre Kosten senkt und die Qualit\u00e4t und Konsistenz jedes von Ihnen in eine Fremdsprache \u00fcbersetzten Reisef\u00fchrers erh\u00f6ht.\r\n\r\n            Im Folgenden finden Sie Beispiele f\u00fcr die Arten von Leitf\u00e4den, die wir h\u00e4ufig \u00fcbersetzen:\r\n            <ul>\r\n                 <li>Montageanleitungen<\/li>\r\n                 <li>Elektronische Anleitungen<\/li>\r\n                 <li>Gebrauchsanleitungen<\/li>\r\n                 <li>Patentanmeldungen<\/li>\r\n                 <li>Patentanleitungen<\/li>\r\n                 <li>Produktanleitungen<\/li>\r\n                 <li>Wartungsanleitungen<\/li>\r\n            <\/ul><\/p>\r\n    <\/div>\r\n<\/div>"},"shortcode-map":{"type":"textfield","raw":""},"dyk-shortcode":{"type":"textfield","raw":"[elementor-template id=\"146647\"]"},"text-2":{"type":"textarea","raw":"<div class=\"imgs-flex-template\">\r\n    <div>\r\n        <h2 style=\"margin-bottom: 20px;\">\u00dcbersetzungen von Leitf\u00e4den<\/h2>\r\n        <p>\u00dcbersetzungen von Leitf\u00e4den sind im heutigen Gesch\u00e4ftsumfeld auf verschiedenen Ebenen \u00e4u\u00dferst n\u00fctzlich. In Bezug auf die interne Kommunikation k\u00f6nnen Betriebs- und Personalhandb\u00fccher die Produktivit\u00e4t steigern und einer vielf\u00e4ltigen Gruppe von Mitarbeitern, ob lokal oder global, eine einheitliche Unternehmenskultur vermitteln. Da sich immer mehr Unternehmen aus Menschen aus verschiedenen L\u00e4ndern und Kulturen zusammensetzen, sind qualitativ hochwertige \u00dcbersetzungen von Handb\u00fcchern notwendig, um Ihre Botschaft korrekt und konsistent zu vermitteln.\r\n\r\n            Nach au\u00dfen hin bieten Handb\u00fccher den Unternehmen ein n\u00fctzliches Medium, um ihre Zielm\u00e4rkte zu informieren. Diese Bereitstellung zus\u00e4tzlicher Informationen kann dem Unternehmen dabei helfen, wiederkehrende Kunden zu halten. <em><em><em><em>Trusted Translations<\/em><\/em><\/em><\/em> hat Erfahrung mit der \u00dcbersetzung Tausender von Leitf\u00e4den f\u00fcr die interne und externe Kommunikation.\r\n            \r\n            Im Folgenden finden Sie Beispiele f\u00fcr die Arten von Handb\u00fcchern, die wir h\u00e4ufig \u00fcbersetzen:\r\n            <ul>\r\n                 <li>Gesch\u00e4ftsethik<\/li>\r\n                 <li>Verhaltenskodex<\/li>\r\n                 <li>Bildungsleitf\u00e4den<\/li>\r\n                 <li>Mitarbeiterleitf\u00e4den<\/li>\r\n                 <li>B\u00fcroleitf\u00e4den<\/li>\r\n                 <li>Medizinische Leitf\u00e4den<\/li>\r\n            <\/ul><\/p>\r\n    <\/div>\r\n    <img src=\"https:\/\/static.trustedtranslations.com\/wp-content\/uploads\/2022\/03\/AdobeStock_48658787-1-1429x2048.jpeg\">\r\n<\/div>\r\n\r\n<h2 style=\"margin-bottom: 20px;\">\u00dcbersetzerteams f\u00fcr Benutzerhandb\u00fccher\/Leitf\u00e4den<\/h2>\r\nF\u00fcr jedes Projekt w\u00e4hlen wir Top-\u00dcbersetzungsteams f\u00fcr Leitf\u00e4den, die speziell auf die \u00dcbersetzung Ihres Themas ausgerichtet sind. Dies ist entscheidend, da viele \u00dcbersetzungen von Leitf\u00e4den hoch technisch sind und den Gebrauch von branchenspezifischer Nomenklatur ben\u00f6tigen. F\u00fcr Endanwenderprodukte stellen wir sicher, dass unsere \u00dcbersetzerteams f\u00fcr Leitf\u00e4den die Begriffe in Einklang mit dem Bildungsgrad Ihrer Zielgruppe verwenden.\r\n\r\nAlle unsere \u00dcbersetzer von Leitf\u00e4den haben Zugriff auf \u00dcbersetzungsspeicher, W\u00f6rterb\u00fccher und firmeninterne Listen der Branchenbegriffe, um sicherzustellen, dass die \u00dcbersetzung genau und selbst bei den gr\u00f6\u00dften Projekten konsistent ist.\r\n\r\nAlle \u00dcbersetzer von <em><em><em><em>Trusted Translations<\/em><\/em><\/em><\/em> sind an eine gesch\u00e4ftliche Vertraulichkeits- und Unternehmensgeheimhaltungsvereinbarung gebunden. <em><em><em><em>Trusted Translations<\/em><\/em><\/em><\/em> nimmt Vertraulichkeits- und Sicherheitsfragen sehr ernst. Alle \u00dcbersetzungen bleiben vertraulich. Unsere \u00dcbersetzer sind sich der Beschaffenheit dieser Branche bewusst und respektieren vertrauliche Dokumente und Informationen in vollem Umfang."},"state":{"type":"textfield","raw":""},"city":{"type":"textarea","raw":[]}}},"_links":{"self":[{"href":"https:\/\/www.trustedtranslations.com\/de\/wp-json\/wp\/v2\/pages\/129363","targetHints":{"allow":["GET"]}}],"collection":[{"href":"https:\/\/www.trustedtranslations.com\/de\/wp-json\/wp\/v2\/pages"}],"about":[{"href":"https:\/\/www.trustedtranslations.com\/de\/wp-json\/wp\/v2\/types\/page"}],"author":[{"embeddable":true,"href":"https:\/\/www.trustedtranslations.com\/de\/wp-json\/wp\/v2\/users\/1"}],"replies":[{"embeddable":true,"href":"https:\/\/www.trustedtranslations.com\/de\/wp-json\/wp\/v2\/comments?post=129363"}],"version-history":[{"count":0,"href":"https:\/\/www.trustedtranslations.com\/de\/wp-json\/wp\/v2\/pages\/129363\/revisions"}],"up":[{"embeddable":true,"href":"https:\/\/www.trustedtranslations.com\/de\/wp-json\/wp\/v2\/pages\/129502"}],"wp:featuredmedia":[{"embeddable":true,"href":"https:\/\/www.trustedtranslations.com\/de\/wp-json\/wp\/v2\/media\/139628"}],"wp:attachment":[{"href":"https:\/\/www.trustedtranslations.com\/de\/wp-json\/wp\/v2\/media?parent=129363"}],"curies":[{"name":"wp","href":"https:\/\/api.w.org\/{rel}","templated":true}]}}