{"id":129366,"date":"2018-11-16T11:41:28","date_gmt":"2018-11-16T11:41:28","guid":{"rendered":"https:\/\/www.trustedtranslations.com\/?page_id=129366"},"modified":"2024-09-03T11:55:10","modified_gmt":"2024-09-03T14:55:10","slug":"juristisch","status":"publish","type":"page","link":"https:\/\/www.trustedtranslations.com\/de\/branchen\/juristisch","title":{"rendered":"Juristisch"},"content":{"rendered":"","protected":false},"excerpt":{"rendered":"","protected":false},"author":1,"featured_media":0,"parent":129502,"menu_order":0,"comment_status":"closed","ping_status":"closed","template":"","meta":{"site-sidebar-layout":"default","site-content-layout":"default","ast-site-content-layout":"default","site-content-style":"default","site-sidebar-style":"default","ast-global-header-display":"","ast-banner-title-visibility":"","ast-main-header-display":"","ast-hfb-above-header-display":"","ast-hfb-below-header-display":"","ast-hfb-mobile-header-display":"","site-post-title":"disabled","ast-breadcrumbs-content":"","ast-featured-img":"","footer-sml-layout":"","ast-disable-related-posts":"","theme-transparent-header-meta":"default","adv-header-id-meta":"","stick-header-meta":"","header-above-stick-meta":"","header-main-stick-meta":"","header-below-stick-meta":"","astra-migrate-meta-layouts":"set","ast-page-background-enabled":"default","ast-page-background-meta":{"desktop":{"background-color":"var(--ast-global-color-4)","background-image":"","background-repeat":"repeat","background-position":"center center","background-size":"auto","background-attachment":"scroll","background-type":"","background-media":"","overlay-type":"","overlay-color":"","overlay-opacity":"","overlay-gradient":""},"tablet":{"background-color":"","background-image":"","background-repeat":"repeat","background-position":"center center","background-size":"auto","background-attachment":"scroll","background-type":"","background-media":"","overlay-type":"","overlay-color":"","overlay-opacity":"","overlay-gradient":""},"mobile":{"background-color":"","background-image":"","background-repeat":"repeat","background-position":"center center","background-size":"auto","background-attachment":"scroll","background-type":"","background-media":"","overlay-type":"","overlay-color":"","overlay-opacity":"","overlay-gradient":""}},"ast-content-background-meta":{"desktop":{"background-color":"var(--ast-global-color-5)","background-image":"","background-repeat":"repeat","background-position":"center center","background-size":"auto","background-attachment":"scroll","background-type":"","background-media":"","overlay-type":"","overlay-color":"","overlay-opacity":"","overlay-gradient":""},"tablet":{"background-color":"var(--ast-global-color-5)","background-image":"","background-repeat":"repeat","background-position":"center center","background-size":"auto","background-attachment":"scroll","background-type":"","background-media":"","overlay-type":"","overlay-color":"","overlay-opacity":"","overlay-gradient":""},"mobile":{"background-color":"var(--ast-global-color-5)","background-image":"","background-repeat":"repeat","background-position":"center center","background-size":"auto","background-attachment":"scroll","background-type":"","background-media":"","overlay-type":"","overlay-color":"","overlay-opacity":"","overlay-gradient":""}},"footnotes":""},"class_list":["post-129366","page","type-page","status-publish","hentry"],"yoast_head":"<!-- This site is optimized with the Yoast SEO plugin v27.5 - https:\/\/yoast.com\/product\/yoast-seo-wordpress\/ -->\n<title>Juristische \u00dcbersetzungsdienstleistungen - Trusted Translations, Inc.<\/title>\n<meta name=\"description\" content=\"Trusted Translations, Inc. hat sich auf juristische \u00dcbersetzungsdienstleistungen durch juristische Experten-\u00dcbersetzerteams spezialisiert. Fordern Sie ein kostenloses Angebot oder eine Beratung an.\" \/>\n<meta name=\"robots\" content=\"index, follow, max-snippet:-1, max-image-preview:large, max-video-preview:-1\" \/>\n<link rel=\"canonical\" href=\"https:\/\/www.trustedtranslations.com\/de\/branchen\/juristisch\" \/>\n<meta property=\"og:locale\" content=\"de_DE\" \/>\n<meta property=\"og:type\" content=\"article\" \/>\n<meta property=\"og:title\" content=\"Juristische \u00dcbersetzungsdienstleistungen - Trusted Translations, Inc.\" \/>\n<meta property=\"og:description\" content=\"Trusted Translations, Inc. hat sich auf juristische \u00dcbersetzungsdienstleistungen durch juristische Experten-\u00dcbersetzerteams spezialisiert. Fordern Sie ein kostenloses Angebot oder eine Beratung an.\" \/>\n<meta property=\"og:url\" content=\"https:\/\/www.trustedtranslations.com\/de\/branchen\/juristisch\" \/>\n<meta property=\"og:site_name\" content=\"Trusted Translations, Inc.\" \/>\n<meta property=\"article:publisher\" content=\"https:\/\/www.facebook.com\/Trusted.Translations\" \/>\n<meta property=\"article:modified_time\" content=\"2024-09-03T14:55:10+00:00\" \/>\n<meta property=\"og:image\" content=\"https:\/\/www.trustedtranslations.com\/wp-content\/uploads\/2022\/06\/tt-logo-2-1.webp\" \/>\n\t<meta property=\"og:image:width\" content=\"216\" \/>\n\t<meta property=\"og:image:height\" content=\"94\" \/>\n\t<meta property=\"og:image:type\" content=\"image\/webp\" \/>\n<meta name=\"twitter:card\" content=\"summary_large_image\" \/>\n<meta name=\"twitter:site\" content=\"@TrustedT9ns\" \/>\n<script type=\"application\/ld+json\" class=\"yoast-schema-graph\">{\"@context\":\"https:\\\/\\\/schema.org\",\"@graph\":[{\"@type\":\"WebPage\",\"@id\":\"https:\\\/\\\/www.trustedtranslations.com\\\/de\\\/branchen\\\/juristisch\",\"url\":\"https:\\\/\\\/www.trustedtranslations.com\\\/de\\\/branchen\\\/juristisch\",\"name\":\"Juristische \u00dcbersetzungsdienstleistungen - Trusted Translations, Inc.\",\"isPartOf\":{\"@id\":\"https:\\\/\\\/www.trustedtranslations.com\\\/de\\\/#website\"},\"description\":\"Trusted Translations, Inc. hat sich auf juristische \u00dcbersetzungsdienstleistungen durch juristische Experten-\u00dcbersetzerteams spezialisiert. Fordern Sie ein kostenloses Angebot oder eine Beratung an.\",\"breadcrumb\":{\"@id\":\"https:\\\/\\\/www.trustedtranslations.com\\\/de\\\/branchen\\\/juristisch#breadcrumb\"},\"inLanguage\":\"de\",\"potentialAction\":[{\"@type\":\"ReadAction\",\"target\":[\"https:\\\/\\\/www.trustedtranslations.com\\\/de\\\/branchen\\\/juristisch\"]}]},{\"@type\":\"BreadcrumbList\",\"@id\":\"https:\\\/\\\/www.trustedtranslations.com\\\/de\\\/branchen\\\/juristisch#breadcrumb\",\"itemListElement\":[{\"@type\":\"ListItem\",\"position\":1,\"name\":\"Home\",\"item\":\"https:\\\/\\\/www.trustedtranslations.com\\\/de\"},{\"@type\":\"ListItem\",\"position\":2,\"name\":\"Branchenexpertise\",\"item\":\"https:\\\/\\\/www.trustedtranslations.com\\\/de\\\/branchen\"},{\"@type\":\"ListItem\",\"position\":3,\"name\":\"Juristisch\"}]},{\"@type\":\"WebSite\",\"@id\":\"https:\\\/\\\/www.trustedtranslations.com\\\/de\\\/#website\",\"url\":\"https:\\\/\\\/www.trustedtranslations.com\\\/de\\\/\",\"name\":\"Trusted Translations, Inc.\",\"description\":\"Leader in translation and interpretation services.\",\"publisher\":{\"@id\":\"https:\\\/\\\/www.trustedtranslations.com\\\/de\\\/#organization\"},\"alternateName\":\"Trusted Translations\",\"potentialAction\":[{\"@type\":\"SearchAction\",\"target\":{\"@type\":\"EntryPoint\",\"urlTemplate\":\"https:\\\/\\\/www.trustedtranslations.com\\\/de\\\/?s={search_term_string}\"},\"query-input\":{\"@type\":\"PropertyValueSpecification\",\"valueRequired\":true,\"valueName\":\"search_term_string\"}}],\"inLanguage\":\"de\"},{\"@type\":\"Organization\",\"@id\":\"https:\\\/\\\/www.trustedtranslations.com\\\/de\\\/#organization\",\"name\":\"Trusted Translations\",\"alternateName\":\"Trusted Translations, Inc.\",\"url\":\"https:\\\/\\\/www.trustedtranslations.com\\\/de\\\/\",\"logo\":{\"@type\":\"ImageObject\",\"inLanguage\":\"de\",\"@id\":\"https:\\\/\\\/www.trustedtranslations.com\\\/de\\\/#\\\/schema\\\/logo\\\/image\\\/\",\"url\":\"https:\\\/\\\/static.trustedtranslations.com\\\/wp-content\\\/uploads\\\/2022\\\/01\\\/TT_logo_WSIColors-2.png\",\"contentUrl\":\"https:\\\/\\\/static.trustedtranslations.com\\\/wp-content\\\/uploads\\\/2022\\\/01\\\/TT_logo_WSIColors-2.png\",\"width\":500,\"height\":196,\"caption\":\"Trusted Translations\"},\"image\":{\"@id\":\"https:\\\/\\\/www.trustedtranslations.com\\\/de\\\/#\\\/schema\\\/logo\\\/image\\\/\"},\"sameAs\":[\"https:\\\/\\\/www.facebook.com\\\/Trusted.Translations\",\"https:\\\/\\\/x.com\\\/TrustedT9ns\",\"https:\\\/\\\/www.linkedin.com\\\/company\\\/trusted-translations\"]}]}<\/script>\n<!-- \/ Yoast SEO plugin. -->","yoast_head_json":{"title":"Juristische \u00dcbersetzungsdienstleistungen - Trusted Translations, Inc.","description":"Trusted Translations, Inc. hat sich auf juristische \u00dcbersetzungsdienstleistungen durch juristische Experten-\u00dcbersetzerteams spezialisiert. Fordern Sie ein kostenloses Angebot oder eine Beratung an.","robots":{"index":"index","follow":"follow","max-snippet":"max-snippet:-1","max-image-preview":"max-image-preview:large","max-video-preview":"max-video-preview:-1"},"canonical":"https:\/\/www.trustedtranslations.com\/de\/branchen\/juristisch","og_locale":"de_DE","og_type":"article","og_title":"Juristische \u00dcbersetzungsdienstleistungen - Trusted Translations, Inc.","og_description":"Trusted Translations, Inc. hat sich auf juristische \u00dcbersetzungsdienstleistungen durch juristische Experten-\u00dcbersetzerteams spezialisiert. Fordern Sie ein kostenloses Angebot oder eine Beratung an.","og_url":"https:\/\/www.trustedtranslations.com\/de\/branchen\/juristisch","og_site_name":"Trusted Translations, Inc.","article_publisher":"https:\/\/www.facebook.com\/Trusted.Translations","article_modified_time":"2024-09-03T14:55:10+00:00","og_image":[{"width":216,"height":94,"url":"https:\/\/www.trustedtranslations.com\/wp-content\/uploads\/2022\/06\/tt-logo-2-1.webp","type":"image\/webp"}],"twitter_card":"summary_large_image","twitter_site":"@TrustedT9ns","schema":{"@context":"https:\/\/schema.org","@graph":[{"@type":"WebPage","@id":"https:\/\/www.trustedtranslations.com\/de\/branchen\/juristisch","url":"https:\/\/www.trustedtranslations.com\/de\/branchen\/juristisch","name":"Juristische \u00dcbersetzungsdienstleistungen - Trusted Translations, Inc.","isPartOf":{"@id":"https:\/\/www.trustedtranslations.com\/de\/#website"},"description":"Trusted Translations, Inc. hat sich auf juristische \u00dcbersetzungsdienstleistungen durch juristische Experten-\u00dcbersetzerteams spezialisiert. Fordern Sie ein kostenloses Angebot oder eine Beratung an.","breadcrumb":{"@id":"https:\/\/www.trustedtranslations.com\/de\/branchen\/juristisch#breadcrumb"},"inLanguage":"de","potentialAction":[{"@type":"ReadAction","target":["https:\/\/www.trustedtranslations.com\/de\/branchen\/juristisch"]}]},{"@type":"BreadcrumbList","@id":"https:\/\/www.trustedtranslations.com\/de\/branchen\/juristisch#breadcrumb","itemListElement":[{"@type":"ListItem","position":1,"name":"Home","item":"https:\/\/www.trustedtranslations.com\/de"},{"@type":"ListItem","position":2,"name":"Branchenexpertise","item":"https:\/\/www.trustedtranslations.com\/de\/branchen"},{"@type":"ListItem","position":3,"name":"Juristisch"}]},{"@type":"WebSite","@id":"https:\/\/www.trustedtranslations.com\/de\/#website","url":"https:\/\/www.trustedtranslations.com\/de\/","name":"Trusted Translations, Inc.","description":"Leader in translation and interpretation services.","publisher":{"@id":"https:\/\/www.trustedtranslations.com\/de\/#organization"},"alternateName":"Trusted Translations","potentialAction":[{"@type":"SearchAction","target":{"@type":"EntryPoint","urlTemplate":"https:\/\/www.trustedtranslations.com\/de\/?s={search_term_string}"},"query-input":{"@type":"PropertyValueSpecification","valueRequired":true,"valueName":"search_term_string"}}],"inLanguage":"de"},{"@type":"Organization","@id":"https:\/\/www.trustedtranslations.com\/de\/#organization","name":"Trusted Translations","alternateName":"Trusted Translations, Inc.","url":"https:\/\/www.trustedtranslations.com\/de\/","logo":{"@type":"ImageObject","inLanguage":"de","@id":"https:\/\/www.trustedtranslations.com\/de\/#\/schema\/logo\/image\/","url":"https:\/\/static.trustedtranslations.com\/wp-content\/uploads\/2022\/01\/TT_logo_WSIColors-2.png","contentUrl":"https:\/\/static.trustedtranslations.com\/wp-content\/uploads\/2022\/01\/TT_logo_WSIColors-2.png","width":500,"height":196,"caption":"Trusted Translations"},"image":{"@id":"https:\/\/www.trustedtranslations.com\/de\/#\/schema\/logo\/image\/"},"sameAs":["https:\/\/www.facebook.com\/Trusted.Translations","https:\/\/x.com\/TrustedT9ns","https:\/\/www.linkedin.com\/company\/trusted-translations"]}]}},"toolset-meta":{"dyk":{"mensaje-1":{"type":"textfield","raw":""},"mensaje-2":{"type":"textfield","raw":""},"mensaje-3":{"type":"textfield","raw":""},"mensaje-4":{"type":"textfield","raw":""},"mensaje-5":{"type":"textfield","raw":""},"mensaje-6":{"type":"textfield","raw":""}},"single-page-template-fields":{"imgs-temp":{"type":"image","raw":["https:\/\/static.trustedtranslations.com\/wp-content\/uploads\/2024\/05\/legal-final-1-1.webp"],"repeatable":[{"raw":"https:\/\/static.trustedtranslations.com\/wp-content\/uploads\/2024\/05\/legal-final-1-1.webp"}]},"imgs-temp-cel":{"type":"image","raw":[""],"repeatable":[{"raw":""}]},"img-temp-one-cel":{"type":"image","raw":"https:\/\/static.trustedtranslations.com\/wp-content\/uploads\/2024\/05\/AdobeStock_228326382-2-1.webp","attachment_id":null},"quotes":{"type":"textarea","raw":"<h1 style=\"margin-bottom: 12px;\">Juristische \u00dcbersetzungsdienstleistungen<\/h1>Trusted Translations hat eine nachgewiesene Erfolgsbilanz, wenn es um \u00dcbersetzungsl\u00f6sungen f\u00fcr die Rechtsbranche geht. Unsere zugelassenen Anw\u00e4lte vor Ort verleihen unseren juristischen \u00dcbersetzungen jenen Wissensvorsprung, der von f\u00fchrenden Anwaltskanzleien und Unternehmen gefordert wird.<div style=\"margin-top: 2.5vw;\"><a class=\"tt-btn-main-cta\" href=\"\/de\/angebot\">KOSTENLOSEN KOSTENVORANSCHLAG ANFORDERN<\/a><\/div>"},"text-1":{"type":"textarea","raw":"<h2>Spezialisiertes Fachwissen f\u00fcr die pr\u00e4zise \u00dcbersetzung juristischer Dokumente<\/h2>\r\n<p>Kritische Dokumente wie Vertr\u00e4ge erfordern h\u00f6chste Aufmerksamkeit und Kompetenz, um eine genaue juristische \u00dcbersetzung zu erstellen.<br \/>Juristische Sprache und Konzepte variieren oft von Land zu Land, und juristische \u00dcbersetzungen erfordern m\u00f6glicherweise spezialisierte juristische \u00dcbersetzer. Dar\u00fcber hinaus haben einige L\u00e4nder spezifische gesetzliche Richtlinien in Bezug auf Verpackung, Vertr\u00e4ge, Textformatierung usw., die Ihre Organisation ber\u00fccksichtigen muss. Unsere Experten sind darin geschult, diese Varianten zu erkennen, und k\u00f6nnen Ihnen bei der Anwendung der richtigen Nomenklatur oder des richtigen Protokolls f\u00fcr jedes Projekt behilflich sein.<\/p>\r\n<h2 style=\"padding-bottom:20px\">Professionelle juristische \u00dcbersetzungen<\/h2>\r\n<p>Eine professionelle juristische \u00dcbersetzung kann den Unterschied ausmachen, um k\u00fcnftigen rechtlichen Kontingenzen vorzubeugen, und stellt sicher, dass innerhalb eines bestimmten Rechtssystems die richtige rechtliche Bedeutung \u00fcbermittelt wird. Um die besten Ergebnisse zu erzielen, erfordern genaue juristische \u00dcbersetzungen \u00dcbersetzer mit einem gr\u00fcndlichen Verst\u00e4ndnis der juristischen Nomenklatur, Prozesse und Systeme sowie der Branche und des jeweiligen Fachgebiets.<\/p>\r\n<h2 style=\"padding-bottom:20px\">\u00dcbersetzungen von Rechtsdokumenten<\/h2>\r\n<p>Wir haben umfangreiche Erfahrung in der \u00dcbersetzung von allen Arten von Rechtsdokumenten, darunter:<\/p>\r\n<ul>\r\n<li>Vertr\u00e4ge<\/li>\r\n<li>Gerichts- und Zeugenprotokolle<\/li>\r\n<li>Eidesstattliche Aussagen<\/li>\r\n<li>Haftungsausschl\u00fcsse<\/li>\r\n<li>Vertraulichkeitsvereinbarungen<\/li>\r\n<li>Gerichtliche Beglaubigungen und Aussagen<\/li>\r\n<li>Beeidete Aussagen<\/li>\r\n<li>Regelungen und Gesetze<\/li>\r\n<li>Regierungsberichte und gerichtliche Entscheidungen<\/li>\r\n<li>Patent- und Handelsmarkenanmeldungen<\/li>\r\n<li>Bankb\u00fcrgschaften<\/li>\r\n<li>Technische Dokumente zur Unterst\u00fctzung bei Rechtsstreitigkeiten<\/li>\r\n<li>Lizenzen<\/li>\r\n<li>Anmeldeunterlagen<\/li>\r\n<li>Gutachten<\/li>\r\n<li>Rechtstreit<\/li>\r\n<li>Schiedsgerichtsbarkeit<\/li>\r\n<\/ul>\r\n<h2 style=\"padding-bottom:20px\">Spanische juristische \u00dcbersetzung<\/h2>\r\n<p><em>Trusted Translations<\/em> hat sich zu einem der besten Englisch-Spanisch-Spezialisten auf dem Markt entwickelt. Top-Organisationen auf der ganzen Welt vertrauen uns bei der \u00dcbersetzung aller Arten von juristischen Dokumenten, von internationalen Polizeiakten bis hin zu komplexen Patentanmeldungen.<\/p>\r\n<h2 style=\"padding-bottom:20px\">Teams f\u00fcr juristische \u00dcbersetzungen<\/h2>\r\n<p>Mit US-zugelassenen Rechtsanw\u00e4lten und Experten im Bereich Finanzwesen im Team versteht <em>Trusted Translations<\/em> wirklich das Thema und ist daher f\u00e4hig, die zuverl\u00e4ssigsten juristischen \u00dcbersetzungen zu liefern.<\/p>\r\n<p>Unsere juristischen \u00dcbersetzer werden sorgf\u00e4ltig ausgew\u00e4hlt und getestet, um sicherzustellen, dass nur qualifizierte professionelle \u00dcbersetzer, Lektoren und Pr\u00fcfer f\u00fcr die Ausf\u00fchrung Ihrer Projekte eingesetzt werden und diese selbst die komplexesten Rechtsinformationen genau \u00fcbermitteln. Viele unserer juristischen Fach\u00fcbersetzer sind Juristen mit einem Abschluss in Linguistik. Unsere strengen Auswahl-, Test- und Bewertungsverfahren f\u00fcr juristische \u00dcbersetzer, kombiniert mit kontinuierlicher Projekt\u00fcberwachung, erm\u00f6glichen es uns, klare und effektive juristische \u00dcbersetzungen zu liefern.<\/p>\r\n<p>Alle juristischen \u00dcbersetzer von <em>Trusted Translations<\/em> unterliegen dem Schutz von Gesch\u00e4ftsgeheimnissen und einer entsprechenden Geheimhaltungsvereinbarung.\u00a0Wir nehmen Vertraulichkeits- und Sicherheitsfragen sehr ernst und alle juristischen \u00dcbersetzungen bleiben vertraulich. Unsere juristischen \u00dcbersetzer sind feinsinnig f\u00fcr die Natur der Branche und respektieren das Anwaltsgeheimnis sowie die Privilegien des Arbeitsproduktes von Anw\u00e4lten.<\/p>"},"shortcode-map":{"type":"textfield","raw":""},"dyk-shortcode":{"type":"textfield","raw":"[elementor-template id=\"146647\"]"},"text-2":{"type":"textarea","raw":"<h2 style=\"padding-bottom:20px\">Juristische Terminologie<\/h2>\r\nAlle unsere \u00dcbersetzer haben Zugriff auf \u00dcbersetzungsglossare, W\u00f6rterb\u00fccher und branchenspezifische Terminologie-Tools, die garantieren, dass unsere \u00dcbersetzungen selbst bei den gr\u00f6\u00dften Projekten sowohl genau als auch konsistent sind.\r\n\r\nUnsere umfangreichen Terminologiekorpora umfassen solche Schl\u00fcsselthemen wie:\r\n<ul>\r\n \t<li>Internationales Recht (Allgemeine und Zivilgerichtsbarkeiten)<\/li>\r\n \t<li>Vertragsrecht<\/li>\r\n \t<li>Schifffahrtsrecht<\/li>\r\n \t<li>Steuerrecht<\/li>\r\n \t<li>Eigentumsrecht<\/li>\r\n \t<li>Versicherungsrecht<\/li>\r\n \t<li>Strafrecht<\/li>\r\n \t<li>Gesellschaftsrecht<\/li>\r\n \t<li>Handelsrecht<\/li>\r\n<\/ul>\r\n<h2 style=\"padding-bottom:20px\">Juristisches Korrekturlesen<\/h2>\r\nWenn Sie Zweifel an der Qualit\u00e4t der juristischen \u00dcbersetzung eines anderen Unternehmens haben, lesen die spezialisierten Linguisten und Fachleute von <em>Trusted Translations<\/em> Ihre bereits \u00fcbersetzten Dokumente Korrektur und stellen notariell beglaubigte Best\u00e4tigungen der Richtigkeit aus. Wir werden Fehler, Auslassungen und unpr\u00e4zise Terminologie korrigieren, damit Sie die Interessen Ihrer Kunden besser sch\u00fctzen k\u00f6nnen.\r\n\r\nUm zu besprechen, wie wir Ihren Bedarf an juristischen \u00dcbersetzungen am besten decken k\u00f6nnen, wenden Sie sich bitte noch heute an <em>Trusted Translations <\/em>."},"state":{"type":"textfield","raw":""},"city":{"type":"textarea","raw":[]}}},"_links":{"self":[{"href":"https:\/\/www.trustedtranslations.com\/de\/wp-json\/wp\/v2\/pages\/129366","targetHints":{"allow":["GET"]}}],"collection":[{"href":"https:\/\/www.trustedtranslations.com\/de\/wp-json\/wp\/v2\/pages"}],"about":[{"href":"https:\/\/www.trustedtranslations.com\/de\/wp-json\/wp\/v2\/types\/page"}],"author":[{"embeddable":true,"href":"https:\/\/www.trustedtranslations.com\/de\/wp-json\/wp\/v2\/users\/1"}],"replies":[{"embeddable":true,"href":"https:\/\/www.trustedtranslations.com\/de\/wp-json\/wp\/v2\/comments?post=129366"}],"version-history":[{"count":0,"href":"https:\/\/www.trustedtranslations.com\/de\/wp-json\/wp\/v2\/pages\/129366\/revisions"}],"up":[{"embeddable":true,"href":"https:\/\/www.trustedtranslations.com\/de\/wp-json\/wp\/v2\/pages\/129502"}],"wp:attachment":[{"href":"https:\/\/www.trustedtranslations.com\/de\/wp-json\/wp\/v2\/media?parent=129366"}],"curies":[{"name":"wp","href":"https:\/\/api.w.org\/{rel}","templated":true}]}}