{"id":129367,"date":"2018-11-16T11:25:54","date_gmt":"2018-11-16T11:25:54","guid":{"rendered":"https:\/\/www.trustedtranslations.com\/?page_id=129367"},"modified":"2024-09-03T11:54:41","modified_gmt":"2024-09-03T14:54:41","slug":"gsa","status":"publish","type":"page","link":"https:\/\/www.trustedtranslations.com\/de\/branchen\/gsa","title":{"rendered":"GSA Schedule"},"content":{"rendered":"","protected":false},"excerpt":{"rendered":"","protected":false},"author":1,"featured_media":139628,"parent":129502,"menu_order":0,"comment_status":"closed","ping_status":"closed","template":"","meta":{"site-sidebar-layout":"default","site-content-layout":"default","ast-site-content-layout":"default","site-content-style":"default","site-sidebar-style":"default","ast-global-header-display":"","ast-banner-title-visibility":"","ast-main-header-display":"","ast-hfb-above-header-display":"","ast-hfb-below-header-display":"","ast-hfb-mobile-header-display":"","site-post-title":"disabled","ast-breadcrumbs-content":"","ast-featured-img":"","footer-sml-layout":"","theme-transparent-header-meta":"default","adv-header-id-meta":"","stick-header-meta":"","header-above-stick-meta":"","header-main-stick-meta":"","header-below-stick-meta":"","astra-migrate-meta-layouts":"set","ast-page-background-enabled":"default","ast-page-background-meta":{"desktop":{"background-color":"var(--ast-global-color-4)","background-image":"","background-repeat":"repeat","background-position":"center center","background-size":"auto","background-attachment":"scroll","background-type":"","background-media":"","overlay-type":"","overlay-color":"","overlay-opacity":"","overlay-gradient":""},"tablet":{"background-color":"","background-image":"","background-repeat":"repeat","background-position":"center center","background-size":"auto","background-attachment":"scroll","background-type":"","background-media":"","overlay-type":"","overlay-color":"","overlay-opacity":"","overlay-gradient":""},"mobile":{"background-color":"","background-image":"","background-repeat":"repeat","background-position":"center center","background-size":"auto","background-attachment":"scroll","background-type":"","background-media":"","overlay-type":"","overlay-color":"","overlay-opacity":"","overlay-gradient":""}},"ast-content-background-meta":{"desktop":{"background-color":"var(--ast-global-color-5)","background-image":"","background-repeat":"repeat","background-position":"center center","background-size":"auto","background-attachment":"scroll","background-type":"","background-media":"","overlay-type":"","overlay-color":"","overlay-opacity":"","overlay-gradient":""},"tablet":{"background-color":"var(--ast-global-color-5)","background-image":"","background-repeat":"repeat","background-position":"center center","background-size":"auto","background-attachment":"scroll","background-type":"","background-media":"","overlay-type":"","overlay-color":"","overlay-opacity":"","overlay-gradient":""},"mobile":{"background-color":"var(--ast-global-color-5)","background-image":"","background-repeat":"repeat","background-position":"center center","background-size":"auto","background-attachment":"scroll","background-type":"","background-media":"","overlay-type":"","overlay-color":"","overlay-opacity":"","overlay-gradient":""}},"footnotes":""},"class_list":["post-129367","page","type-page","status-publish","has-post-thumbnail","hentry"],"yoast_head":"<!-- This site is optimized with the Yoast SEO plugin v27.5 - https:\/\/yoast.com\/product\/yoast-seo-wordpress\/ -->\n<title>\u00dcbersetzungsdienstleistungen f\u00fcr GSA - Trusted Translations, Inc.<\/title>\n<meta name=\"description\" content=\"Trusted Translations, Inc.: hat einige der besten Tarife auf dem GSA Schedule. Siehe unsere Preisliste im GSA Schedule f\u00fcr Dokumenten\u00fcbersetzungsdienstleistungen und Dolmetscherdienstleistungen.\" \/>\n<meta name=\"robots\" content=\"index, follow, max-snippet:-1, max-image-preview:large, max-video-preview:-1\" \/>\n<link rel=\"canonical\" href=\"https:\/\/www.trustedtranslations.com\/de\/branchen\/gsa\" \/>\n<meta property=\"og:locale\" content=\"de_DE\" \/>\n<meta property=\"og:type\" content=\"article\" \/>\n<meta property=\"og:title\" content=\"\u00dcbersetzungsdienstleistungen f\u00fcr GSA - Trusted Translations, Inc.\" \/>\n<meta property=\"og:description\" content=\"Trusted Translations, Inc.: hat einige der besten Tarife auf dem GSA Schedule. Siehe unsere Preisliste im GSA Schedule f\u00fcr Dokumenten\u00fcbersetzungsdienstleistungen und Dolmetscherdienstleistungen.\" \/>\n<meta property=\"og:url\" content=\"https:\/\/www.trustedtranslations.com\/de\/branchen\/gsa\" \/>\n<meta property=\"og:site_name\" content=\"Trusted Translations, Inc.\" \/>\n<meta property=\"article:publisher\" content=\"https:\/\/www.facebook.com\/Trusted.Translations\" \/>\n<meta property=\"article:modified_time\" content=\"2024-09-03T14:54:41+00:00\" \/>\n<meta property=\"og:image\" content=\"https:\/\/static.trustedtranslations.com\/wp-content\/uploads\/2022\/03\/TT_NEW_FB-1.png\" \/>\n\t<meta property=\"og:image:width\" content=\"1038\" \/>\n\t<meta property=\"og:image:height\" content=\"1038\" \/>\n\t<meta property=\"og:image:type\" content=\"image\/png\" \/>\n<meta name=\"twitter:card\" content=\"summary_large_image\" \/>\n<meta name=\"twitter:site\" content=\"@TrustedT9ns\" \/>\n<script type=\"application\/ld+json\" class=\"yoast-schema-graph\">{\"@context\":\"https:\\\/\\\/schema.org\",\"@graph\":[{\"@type\":\"WebPage\",\"@id\":\"https:\\\/\\\/www.trustedtranslations.com\\\/de\\\/branchen\\\/gsa\",\"url\":\"https:\\\/\\\/www.trustedtranslations.com\\\/de\\\/branchen\\\/gsa\",\"name\":\"\u00dcbersetzungsdienstleistungen f\u00fcr GSA - Trusted Translations, Inc.\",\"isPartOf\":{\"@id\":\"https:\\\/\\\/www.trustedtranslations.com\\\/de\\\/#website\"},\"primaryImageOfPage\":{\"@id\":\"https:\\\/\\\/www.trustedtranslations.com\\\/de\\\/branchen\\\/gsa#primaryimage\"},\"image\":{\"@id\":\"https:\\\/\\\/www.trustedtranslations.com\\\/de\\\/branchen\\\/gsa#primaryimage\"},\"thumbnailUrl\":\"https:\\\/\\\/www.trustedtranslations.com\\\/wp-content\\\/uploads\\\/2022\\\/03\\\/TT_NEW_FB-1.png\",\"description\":\"Trusted Translations, Inc.: hat einige der besten Tarife auf dem GSA Schedule. Siehe unsere Preisliste im GSA Schedule f\u00fcr Dokumenten\u00fcbersetzungsdienstleistungen und Dolmetscherdienstleistungen.\",\"breadcrumb\":{\"@id\":\"https:\\\/\\\/www.trustedtranslations.com\\\/de\\\/branchen\\\/gsa#breadcrumb\"},\"inLanguage\":\"de\",\"potentialAction\":[{\"@type\":\"ReadAction\",\"target\":[\"https:\\\/\\\/www.trustedtranslations.com\\\/de\\\/branchen\\\/gsa\"]}]},{\"@type\":\"ImageObject\",\"inLanguage\":\"de\",\"@id\":\"https:\\\/\\\/www.trustedtranslations.com\\\/de\\\/branchen\\\/gsa#primaryimage\",\"url\":\"https:\\\/\\\/www.trustedtranslations.com\\\/wp-content\\\/uploads\\\/2022\\\/03\\\/TT_NEW_FB-1.png\",\"contentUrl\":\"https:\\\/\\\/www.trustedtranslations.com\\\/wp-content\\\/uploads\\\/2022\\\/03\\\/TT_NEW_FB-1.png\",\"width\":1038,\"height\":1038,\"caption\":\"TT NEW FB 1\"},{\"@type\":\"BreadcrumbList\",\"@id\":\"https:\\\/\\\/www.trustedtranslations.com\\\/de\\\/branchen\\\/gsa#breadcrumb\",\"itemListElement\":[{\"@type\":\"ListItem\",\"position\":1,\"name\":\"Home\",\"item\":\"https:\\\/\\\/www.trustedtranslations.com\\\/de\"},{\"@type\":\"ListItem\",\"position\":2,\"name\":\"Branchenexpertise\",\"item\":\"https:\\\/\\\/www.trustedtranslations.com\\\/de\\\/branchen\"},{\"@type\":\"ListItem\",\"position\":3,\"name\":\"GSA Schedule\"}]},{\"@type\":\"WebSite\",\"@id\":\"https:\\\/\\\/www.trustedtranslations.com\\\/de\\\/#website\",\"url\":\"https:\\\/\\\/www.trustedtranslations.com\\\/de\\\/\",\"name\":\"Trusted Translations, Inc.\",\"description\":\"Leader in translation and interpretation services.\",\"publisher\":{\"@id\":\"https:\\\/\\\/www.trustedtranslations.com\\\/de\\\/#organization\"},\"alternateName\":\"Trusted Translations\",\"potentialAction\":[{\"@type\":\"SearchAction\",\"target\":{\"@type\":\"EntryPoint\",\"urlTemplate\":\"https:\\\/\\\/www.trustedtranslations.com\\\/de\\\/?s={search_term_string}\"},\"query-input\":{\"@type\":\"PropertyValueSpecification\",\"valueRequired\":true,\"valueName\":\"search_term_string\"}}],\"inLanguage\":\"de\"},{\"@type\":\"Organization\",\"@id\":\"https:\\\/\\\/www.trustedtranslations.com\\\/de\\\/#organization\",\"name\":\"Trusted Translations\",\"alternateName\":\"Trusted Translations, Inc.\",\"url\":\"https:\\\/\\\/www.trustedtranslations.com\\\/de\\\/\",\"logo\":{\"@type\":\"ImageObject\",\"inLanguage\":\"de\",\"@id\":\"https:\\\/\\\/www.trustedtranslations.com\\\/de\\\/#\\\/schema\\\/logo\\\/image\\\/\",\"url\":\"https:\\\/\\\/static.trustedtranslations.com\\\/wp-content\\\/uploads\\\/2022\\\/01\\\/TT_logo_WSIColors-2.png\",\"contentUrl\":\"https:\\\/\\\/static.trustedtranslations.com\\\/wp-content\\\/uploads\\\/2022\\\/01\\\/TT_logo_WSIColors-2.png\",\"width\":500,\"height\":196,\"caption\":\"Trusted Translations\"},\"image\":{\"@id\":\"https:\\\/\\\/www.trustedtranslations.com\\\/de\\\/#\\\/schema\\\/logo\\\/image\\\/\"},\"sameAs\":[\"https:\\\/\\\/www.facebook.com\\\/Trusted.Translations\",\"https:\\\/\\\/x.com\\\/TrustedT9ns\",\"https:\\\/\\\/www.linkedin.com\\\/company\\\/trusted-translations\"]}]}<\/script>\n<!-- \/ Yoast SEO plugin. -->","yoast_head_json":{"title":"\u00dcbersetzungsdienstleistungen f\u00fcr GSA - Trusted Translations, Inc.","description":"Trusted Translations, Inc.: hat einige der besten Tarife auf dem GSA Schedule. Siehe unsere Preisliste im GSA Schedule f\u00fcr Dokumenten\u00fcbersetzungsdienstleistungen und Dolmetscherdienstleistungen.","robots":{"index":"index","follow":"follow","max-snippet":"max-snippet:-1","max-image-preview":"max-image-preview:large","max-video-preview":"max-video-preview:-1"},"canonical":"https:\/\/www.trustedtranslations.com\/de\/branchen\/gsa","og_locale":"de_DE","og_type":"article","og_title":"\u00dcbersetzungsdienstleistungen f\u00fcr GSA - Trusted Translations, Inc.","og_description":"Trusted Translations, Inc.: hat einige der besten Tarife auf dem GSA Schedule. Siehe unsere Preisliste im GSA Schedule f\u00fcr Dokumenten\u00fcbersetzungsdienstleistungen und Dolmetscherdienstleistungen.","og_url":"https:\/\/www.trustedtranslations.com\/de\/branchen\/gsa","og_site_name":"Trusted Translations, Inc.","article_publisher":"https:\/\/www.facebook.com\/Trusted.Translations","article_modified_time":"2024-09-03T14:54:41+00:00","og_image":[{"width":1038,"height":1038,"url":"https:\/\/static.trustedtranslations.com\/wp-content\/uploads\/2022\/03\/TT_NEW_FB-1.png","type":"image\/png"}],"twitter_card":"summary_large_image","twitter_site":"@TrustedT9ns","schema":{"@context":"https:\/\/schema.org","@graph":[{"@type":"WebPage","@id":"https:\/\/www.trustedtranslations.com\/de\/branchen\/gsa","url":"https:\/\/www.trustedtranslations.com\/de\/branchen\/gsa","name":"\u00dcbersetzungsdienstleistungen f\u00fcr GSA - Trusted Translations, Inc.","isPartOf":{"@id":"https:\/\/www.trustedtranslations.com\/de\/#website"},"primaryImageOfPage":{"@id":"https:\/\/www.trustedtranslations.com\/de\/branchen\/gsa#primaryimage"},"image":{"@id":"https:\/\/www.trustedtranslations.com\/de\/branchen\/gsa#primaryimage"},"thumbnailUrl":"https:\/\/www.trustedtranslations.com\/wp-content\/uploads\/2022\/03\/TT_NEW_FB-1.png","description":"Trusted Translations, Inc.: hat einige der besten Tarife auf dem GSA Schedule. Siehe unsere Preisliste im GSA Schedule f\u00fcr Dokumenten\u00fcbersetzungsdienstleistungen und Dolmetscherdienstleistungen.","breadcrumb":{"@id":"https:\/\/www.trustedtranslations.com\/de\/branchen\/gsa#breadcrumb"},"inLanguage":"de","potentialAction":[{"@type":"ReadAction","target":["https:\/\/www.trustedtranslations.com\/de\/branchen\/gsa"]}]},{"@type":"ImageObject","inLanguage":"de","@id":"https:\/\/www.trustedtranslations.com\/de\/branchen\/gsa#primaryimage","url":"https:\/\/www.trustedtranslations.com\/wp-content\/uploads\/2022\/03\/TT_NEW_FB-1.png","contentUrl":"https:\/\/www.trustedtranslations.com\/wp-content\/uploads\/2022\/03\/TT_NEW_FB-1.png","width":1038,"height":1038,"caption":"TT NEW FB 1"},{"@type":"BreadcrumbList","@id":"https:\/\/www.trustedtranslations.com\/de\/branchen\/gsa#breadcrumb","itemListElement":[{"@type":"ListItem","position":1,"name":"Home","item":"https:\/\/www.trustedtranslations.com\/de"},{"@type":"ListItem","position":2,"name":"Branchenexpertise","item":"https:\/\/www.trustedtranslations.com\/de\/branchen"},{"@type":"ListItem","position":3,"name":"GSA Schedule"}]},{"@type":"WebSite","@id":"https:\/\/www.trustedtranslations.com\/de\/#website","url":"https:\/\/www.trustedtranslations.com\/de\/","name":"Trusted Translations, Inc.","description":"Leader in translation and interpretation services.","publisher":{"@id":"https:\/\/www.trustedtranslations.com\/de\/#organization"},"alternateName":"Trusted Translations","potentialAction":[{"@type":"SearchAction","target":{"@type":"EntryPoint","urlTemplate":"https:\/\/www.trustedtranslations.com\/de\/?s={search_term_string}"},"query-input":{"@type":"PropertyValueSpecification","valueRequired":true,"valueName":"search_term_string"}}],"inLanguage":"de"},{"@type":"Organization","@id":"https:\/\/www.trustedtranslations.com\/de\/#organization","name":"Trusted Translations","alternateName":"Trusted Translations, Inc.","url":"https:\/\/www.trustedtranslations.com\/de\/","logo":{"@type":"ImageObject","inLanguage":"de","@id":"https:\/\/www.trustedtranslations.com\/de\/#\/schema\/logo\/image\/","url":"https:\/\/static.trustedtranslations.com\/wp-content\/uploads\/2022\/01\/TT_logo_WSIColors-2.png","contentUrl":"https:\/\/static.trustedtranslations.com\/wp-content\/uploads\/2022\/01\/TT_logo_WSIColors-2.png","width":500,"height":196,"caption":"Trusted Translations"},"image":{"@id":"https:\/\/www.trustedtranslations.com\/de\/#\/schema\/logo\/image\/"},"sameAs":["https:\/\/www.facebook.com\/Trusted.Translations","https:\/\/x.com\/TrustedT9ns","https:\/\/www.linkedin.com\/company\/trusted-translations"]}]}},"toolset-meta":{"dyk":{"mensaje-1":{"type":"textfield","raw":""},"mensaje-2":{"type":"textfield","raw":""},"mensaje-3":{"type":"textfield","raw":""},"mensaje-4":{"type":"textfield","raw":""},"mensaje-5":{"type":"textfield","raw":"Die NASA und die CDC verlassen sich bei ihren komplexen \u00dcbersetzungsanforderungen auf <em>Trusted Translations<\/em>."},"mensaje-6":{"type":"textfield","raw":""}},"single-page-template-fields":{"imgs-temp":{"type":"image","raw":["https:\/\/static.trustedtranslations.com\/wp-content\/uploads\/2024\/05\/gsa-final-2-1.webp"],"repeatable":[{"raw":"https:\/\/static.trustedtranslations.com\/wp-content\/uploads\/2024\/05\/gsa-final-2-1.webp"}]},"imgs-temp-cel":{"type":"image","raw":[""],"repeatable":[{"raw":""}]},"img-temp-one-cel":{"type":"image","raw":"https:\/\/static.trustedtranslations.com\/wp-content\/uploads\/2024\/05\/Group-6-1.webp","attachment_id":null},"quotes":{"type":"textarea","raw":"<h1 style=\"margin-bottom: 12px;\">Professionelle \u00dcbersetzungsl\u00f6sungen f\u00fcr GSA- und Bundesvertr\u00e4ge<\/h1>Trusted Translations, ein f\u00fchrendes Unternehmen f\u00fcr mehrsprachige \u00dcbersetzungsdienstleistungen, hat einen bundesweiten Vertrag f\u00fcr Dokumenten\u00fcbersetzung, Dolmetschen und Geb\u00e4rdensprachdienstleistungen im Rahmen des Federal Supply Schedule (FSS\/MAS) von der General Services Administration (GSA).<div style=\"margin-top: 2.5vw;\"><a class=\"tt-btn-main-cta\" href=\"\/de\/angebot\">KOSTENLOSEN KOSTENVORANSCHLAG ANFORDERN<\/a><\/div>"},"text-1":{"type":"textarea","raw":"<h2 style=\"margin-top: -10px\">K\u00e4ufer der Bundesregierung und Subunternehmer<\/h2><p>Dank unserer GSA-Auftragsvergabe bietet <em>Trusted Translations<\/em> Regierungsbeh\u00f6rden seine hochwertigen \u00dcbersetzungs- und Dolmetschdienste zu den wettbewerbsf\u00e4higsten vorab ausgehandelten Tarifen im Verzeichnis an. Als Ergebnis unseres Engagements f\u00fcr beh\u00f6rdliche \u00dcbersetzungen und Dolmetschen haben wir auch einen 5-Jahres-Vertrag mit dem US-Bildungsministerium, der US-Bibliothek des Kongresses, dem US-Landwirtschaftsministerium, der Bundessteuerbeh\u00f6rde, der US-Marine und der US-Staatsb\u00fcrgerschafts- und Einwanderungsbeh\u00f6rden erhalten.<\/p><h2 style=\"padding-bottom:20px\">Beste Tarife im GSA Schedule<\/h2><p>Wir haben einige der besten Tarife f\u00fcr Englisch in die und aus den folgenden weit verbreiteten Sprachen im Voraus ausgehandelt: <a href=\"https:\/\/www.trustedtranslations.com\/de\/sprache\/spanisch\" rel=\"noopener\">Spanisch<\/a>, <a href=\"https:\/\/www.trustedtranslations.com\/de\/sprache\/portugiesisch\" rel=\"noopener\">Portugiesisch<\/a>, <a href=\"https:\/\/www.trustedtranslations.com\/de\/sprache\/franzoesisch\" rel=\"noopener\">Franz\u00f6sisch<\/a>, <a href=\"https:\/\/www.trustedtranslations.com\/de\/sprache\/italienisch\" rel=\"noopener\">Italienisch<\/a>, <a href=\"https:\/\/www.trustedtranslations.com\/de\/sprache\/niederlaendisch\" rel=\"noopener\">Niederl\u00e4ndisch<\/a>, <a href=\"https:\/\/www.trustedtranslations.com\/de\/sprache\/deutsch\" rel=\"noopener\">Deutsch<\/a>, <a href=\"https:\/\/www.trustedtranslations.com\/de\/sprache\/russisch\" rel=\"noopener\">Russisch<\/a>, <a href=\"https:\/\/www.trustedtranslations.com\/de\/sprache\/japanisch\" rel=\"noopener\">Japanisch<\/a> und <a href=\"https:\/\/www.trustedtranslations.com\/de\/sprache\/chinesisch\" rel=\"noopener\">Chinesisch<\/a>. Wir haben auch die GSA-Zulassung f\u00fcr \u00dcbersetzungen in und aus anderen wichtigen Sprachen, wie Arabisch, Haitianisch-Kreolisch, Tschechisch, D\u00e4nisch, Finnisch, Griechisch, Hebr\u00e4isch, Hindi, Ungarisch, Indonesisch, Koreanisch, Norwegisch, Polnisch, Rum\u00e4nisch, Slowakisch, Schwedisch, Thail\u00e4ndisch, Ukrainisch, Urdu und Vietnamesisch. Dar\u00fcber hinaus bieten wir \u00fcber 150 zus\u00e4tzliche Sprachen und Desktop-Publishing-Dienste (DTP) zu \u00e4u\u00dferst wettbewerbsf\u00e4higen Preisen an.<\/p><h2 style=\"padding-bottom:20px\">Erwiesene Erfolgsbilanz mit der US-Regierung<\/h2><p><em>Trusted Translations<\/em> hat eine nachgewiesene Erfolgsbilanz bei der Bereitstellung qualitativ hochwertiger Dokumenten\u00fcbersetzungsdienstleistungen f\u00fcr US-Regierungsbeh\u00f6rden und gro\u00dfe Regierungsauftragnehmer.\u00a0<\/p><p>Einige unserer Kunden sind:<\/p><ul><li>US-Landwirtschaftsministerium<\/li><li>Nationale Luft- und Raumfahrtbeh\u00f6rde (NASA)<\/li><li>Bundessteuerbeh\u00f6rde (IRS)<\/li><li>US-Bildungsministerium<\/li><li>US-Armee<\/li><li>US-Marineinfanteriekorps<\/li><li>US-Luftwaffe<\/li><li>US-Staatsb\u00fcrgerschafts- und Einwanderungsbeh\u00f6rden<\/li><li>Bundesagentur f\u00fcr Notfallmanagement (Federal Emergency Management Agency - FEMA)<\/li><li>US-Bibliothek des Kongresses<\/li><li>US-Ministerium f\u00fcr Wohnen und St\u00e4dteplanung<\/li><li>Lockheed Martin Corporation<\/li><li>Halliburton<\/li><li>L3 Communications Corporation<\/li><\/ul>"},"shortcode-map":{"type":"textfield","raw":""},"dyk-shortcode":{"type":"textfield","raw":"[elementor-template id=\"146647\"]"},"text-2":{"type":"textarea","raw":"<h2 style=\"margin-top: -10px; padding-bottom:20px\">Schedule 738 II Sprachdienstleistungen<\/h2>\r\nDas Language Services Schedule 738 II der GSA bietet den Bundesbeh\u00f6rden eine effiziente M\u00f6glichkeit, Dienstleistungen aus dem privaten Sektor zu erwerben. Dieses staatliche Beschaffungsinstrument soll den Beh\u00f6rden eine M\u00f6glichkeit bieten, Dienstleistungen mit k\u00fcrzeren Vorlaufzeiten, insgesamt niedrigeren Verwaltungskosten und g\u00fcnstigeren Preisen aufgrund potenziell gro\u00dfer Beschaffungsvolumina zu erwerben.\r\n<h2 style=\"padding-bottom:20px\">382 1 \u00dcbersetzungsdienstleistungen<\/h2>\r\nDieses Dienstleistungsverzeichnis umfasst die \u00dcbersetzung von schriftlichem, elektronischem und multimedialem Material aus und in die englische Sprache sowie in ausl\u00e4ndische Muttersprachen. Diese Materialien decken ein breites Spektrum an Bereichen und Dienstleistungen ab, darunter Wirtschaft, Recht, Medizin, Technik, Software, Website-Lokalisierung f\u00fcr Internet und Intranet, Videountertitelung, Bildunterschriften und Transkriptionen. Unsere Kundenberatung und unser Projektmanagement umfassen \u00dcbersetzungsformatierung, Korrekturlesen, Textadaption, Lektorat, Grafikdesign und Desktop-Publishing.\r\n<h2 style=\"padding-bottom:20px\">382 2 Dolmetscherdienstleistungen<\/h2>\r\nDieses Dienstleistungsverzeichnis umfasst nach Angaben der GSA das Dolmetschen von m\u00fcndlicher Kommunikation in und aus dem Englischen und muttersprachlichen Fremdsprachen. Dies umfasst, ist aber nicht beschr\u00e4nkt auf, die folgenden Arten von Dolmetscherdienstleistungen: Simultan, Konsekutiv, Escort, Community, Over-the-Phone und Voiceover. Zu den Einsatzorten\/Foren f\u00fcr Dolmetscher geh\u00f6ren Sitzungen, Konferenzen, Seminare, Rechtsstreitigkeiten, Briefings und Schulungen.\r\n\r\nDies umfasst auch Kundenberatungs- und Projektverwaltungsdienste zur Einplanung, Beauftragung und logistischer Koordination von sprachlichem Support.\r\n<h2 style=\"padding-bottom:20px\">382 5 Dienstleistungen f\u00fcr Seh- und H\u00f6rbehinderte<\/h2>\r\n<em>Trusted Translations<\/em> ist derzeit von der GSA autorisiert und zugelassen, unter dieser SIN (Special Item Number) Dienstleistungen anzubieten, die speziell darauf ausgerichtet sind, Menschen mit Seh- und\/oder H\u00f6rbehinderung zu helfen. Zu diesen Dienstleistungen geh\u00f6ren die verschiedenen Arten von Geb\u00e4rdensprachdienstleistungen wie American Sign Language (ASL), English Sign und Pigeon Signed English (PSE). <em>Trusted Translations<\/em> ist auch einer der wenigen Anbieter, der \u201edreisprachige\u201c Dolmetscher (z. B. Spanisch und\/oder Englisch nach ASL) bereitstellen kann.\r\n\r\nBasierend auf unserer Erfahrung in diesem Bereich wurde an <em>Trusted Translations<\/em> einer der gr\u00f6\u00dften ASL\/Geb\u00e4rdensprachen-Vertr\u00e4ge mit den US-Staatsb\u00fcrgerschafts- und Einwanderungsbeh\u00f6rden, der US-Marine und der Bundessteuerbeh\u00f6rde (IRS) vergeben. Sonstige unter dieser SIN bereitgestellten Dienstleistungen umfassen: Untertitelung, \u00dcbersetzung von Websites und Online-Dokumenten mit Schriftsatz, Section 508-konforme Sprachdienste, Telefondienste (TFF und TTY) und Blindenschrift-Dienstleistungen.\r\n\r\nWenn Sie mehr \u00fcber die Dienstleistungen von <em>Trusted Translations<\/em> im Bereich Bundesvertr\u00e4ge erfahren m\u00f6chten, <a href=\"https:\/\/www.trustedtranslations.com\/de\/angebot\" rel=\"noopener\">kontaktieren Sie uns<\/a> noch heute."},"state":{"type":"textfield","raw":""},"city":{"type":"textarea","raw":[]}}},"_links":{"self":[{"href":"https:\/\/www.trustedtranslations.com\/de\/wp-json\/wp\/v2\/pages\/129367","targetHints":{"allow":["GET"]}}],"collection":[{"href":"https:\/\/www.trustedtranslations.com\/de\/wp-json\/wp\/v2\/pages"}],"about":[{"href":"https:\/\/www.trustedtranslations.com\/de\/wp-json\/wp\/v2\/types\/page"}],"author":[{"embeddable":true,"href":"https:\/\/www.trustedtranslations.com\/de\/wp-json\/wp\/v2\/users\/1"}],"replies":[{"embeddable":true,"href":"https:\/\/www.trustedtranslations.com\/de\/wp-json\/wp\/v2\/comments?post=129367"}],"version-history":[{"count":0,"href":"https:\/\/www.trustedtranslations.com\/de\/wp-json\/wp\/v2\/pages\/129367\/revisions"}],"up":[{"embeddable":true,"href":"https:\/\/www.trustedtranslations.com\/de\/wp-json\/wp\/v2\/pages\/129502"}],"wp:featuredmedia":[{"embeddable":true,"href":"https:\/\/www.trustedtranslations.com\/de\/wp-json\/wp\/v2\/media\/139628"}],"wp:attachment":[{"href":"https:\/\/www.trustedtranslations.com\/de\/wp-json\/wp\/v2\/media?parent=129367"}],"curies":[{"name":"wp","href":"https:\/\/api.w.org\/{rel}","templated":true}]}}