{"id":129370,"date":"2018-11-15T18:22:02","date_gmt":"2018-11-15T18:22:02","guid":{"rendered":"https:\/\/www.trustedtranslations.com\/?page_id=129370"},"modified":"2024-09-03T15:49:23","modified_gmt":"2024-09-03T18:49:23","slug":"behoerden","status":"publish","type":"page","link":"https:\/\/www.trustedtranslations.com\/de\/branchen\/behoerden","title":{"rendered":"Beh\u00f6rden"},"content":{"rendered":"","protected":false},"excerpt":{"rendered":"","protected":false},"author":1,"featured_media":139628,"parent":129502,"menu_order":0,"comment_status":"closed","ping_status":"closed","template":"","meta":{"site-sidebar-layout":"default","site-content-layout":"default","ast-site-content-layout":"default","site-content-style":"default","site-sidebar-style":"default","ast-global-header-display":"","ast-banner-title-visibility":"","ast-main-header-display":"","ast-hfb-above-header-display":"","ast-hfb-below-header-display":"","ast-hfb-mobile-header-display":"","site-post-title":"disabled","ast-breadcrumbs-content":"","ast-featured-img":"","footer-sml-layout":"","theme-transparent-header-meta":"default","adv-header-id-meta":"","stick-header-meta":"","header-above-stick-meta":"","header-main-stick-meta":"","header-below-stick-meta":"","astra-migrate-meta-layouts":"set","ast-page-background-enabled":"default","ast-page-background-meta":{"desktop":{"background-color":"var(--ast-global-color-4)","background-image":"","background-repeat":"repeat","background-position":"center center","background-size":"auto","background-attachment":"scroll","background-type":"","background-media":"","overlay-type":"","overlay-color":"","overlay-opacity":"","overlay-gradient":""},"tablet":{"background-color":"","background-image":"","background-repeat":"repeat","background-position":"center center","background-size":"auto","background-attachment":"scroll","background-type":"","background-media":"","overlay-type":"","overlay-color":"","overlay-opacity":"","overlay-gradient":""},"mobile":{"background-color":"","background-image":"","background-repeat":"repeat","background-position":"center center","background-size":"auto","background-attachment":"scroll","background-type":"","background-media":"","overlay-type":"","overlay-color":"","overlay-opacity":"","overlay-gradient":""}},"ast-content-background-meta":{"desktop":{"background-color":"var(--ast-global-color-5)","background-image":"","background-repeat":"repeat","background-position":"center center","background-size":"auto","background-attachment":"scroll","background-type":"","background-media":"","overlay-type":"","overlay-color":"","overlay-opacity":"","overlay-gradient":""},"tablet":{"background-color":"var(--ast-global-color-5)","background-image":"","background-repeat":"repeat","background-position":"center center","background-size":"auto","background-attachment":"scroll","background-type":"","background-media":"","overlay-type":"","overlay-color":"","overlay-opacity":"","overlay-gradient":""},"mobile":{"background-color":"var(--ast-global-color-5)","background-image":"","background-repeat":"repeat","background-position":"center center","background-size":"auto","background-attachment":"scroll","background-type":"","background-media":"","overlay-type":"","overlay-color":"","overlay-opacity":"","overlay-gradient":""}},"footnotes":""},"class_list":["post-129370","page","type-page","status-publish","has-post-thumbnail","hentry"],"yoast_head":"<!-- This site is optimized with the Yoast SEO plugin v27.5 - https:\/\/yoast.com\/product\/yoast-seo-wordpress\/ -->\n<title>Beh\u00f6rdliche \u00dcbersetzungsdienstleistungen - Trusted Translations, Inc.<\/title>\n<meta name=\"description\" content=\"Trusted Translations, Inc. ist spezialisiert auf \u00dcbersetzungsdienstleistungen f\u00fcr staatliche Beh\u00f6rden und arbeitet mit f\u00fchrenden Bundesbeh\u00f6rden wie der NASA, der US- Armee, FEMA und Heimatschutzministerium sowie Landesregierungen und Kommunalbeh\u00f6rden.\" \/>\n<meta name=\"robots\" content=\"index, follow, max-snippet:-1, max-image-preview:large, max-video-preview:-1\" \/>\n<link rel=\"canonical\" href=\"https:\/\/www.trustedtranslations.com\/de\/branchen\/behoerden\" \/>\n<meta property=\"og:locale\" content=\"de_DE\" \/>\n<meta property=\"og:type\" content=\"article\" \/>\n<meta property=\"og:title\" content=\"Beh\u00f6rdliche \u00dcbersetzungsdienstleistungen - Trusted Translations, Inc.\" \/>\n<meta property=\"og:description\" content=\"Trusted Translations, Inc. ist spezialisiert auf \u00dcbersetzungsdienstleistungen f\u00fcr staatliche Beh\u00f6rden und arbeitet mit f\u00fchrenden Bundesbeh\u00f6rden wie der NASA, der US- Armee, FEMA und Heimatschutzministerium sowie Landesregierungen und Kommunalbeh\u00f6rden.\" \/>\n<meta property=\"og:url\" content=\"https:\/\/www.trustedtranslations.com\/de\/branchen\/behoerden\" \/>\n<meta property=\"og:site_name\" content=\"Trusted Translations, Inc.\" \/>\n<meta property=\"article:publisher\" content=\"https:\/\/www.facebook.com\/Trusted.Translations\" \/>\n<meta property=\"article:modified_time\" content=\"2024-09-03T18:49:23+00:00\" \/>\n<meta property=\"og:image\" content=\"https:\/\/static.trustedtranslations.com\/wp-content\/uploads\/2022\/03\/TT_NEW_FB-1.png\" \/>\n\t<meta property=\"og:image:width\" content=\"1038\" \/>\n\t<meta property=\"og:image:height\" content=\"1038\" \/>\n\t<meta property=\"og:image:type\" content=\"image\/png\" \/>\n<meta name=\"twitter:card\" content=\"summary_large_image\" \/>\n<meta name=\"twitter:site\" content=\"@TrustedT9ns\" \/>\n<script type=\"application\/ld+json\" class=\"yoast-schema-graph\">{\"@context\":\"https:\\\/\\\/schema.org\",\"@graph\":[{\"@type\":\"WebPage\",\"@id\":\"https:\\\/\\\/www.trustedtranslations.com\\\/de\\\/branchen\\\/behoerden\",\"url\":\"https:\\\/\\\/www.trustedtranslations.com\\\/de\\\/branchen\\\/behoerden\",\"name\":\"Beh\u00f6rdliche \u00dcbersetzungsdienstleistungen - Trusted Translations, Inc.\",\"isPartOf\":{\"@id\":\"https:\\\/\\\/www.trustedtranslations.com\\\/de\\\/#website\"},\"primaryImageOfPage\":{\"@id\":\"https:\\\/\\\/www.trustedtranslations.com\\\/de\\\/branchen\\\/behoerden#primaryimage\"},\"image\":{\"@id\":\"https:\\\/\\\/www.trustedtranslations.com\\\/de\\\/branchen\\\/behoerden#primaryimage\"},\"thumbnailUrl\":\"https:\\\/\\\/www.trustedtranslations.com\\\/wp-content\\\/uploads\\\/2022\\\/03\\\/TT_NEW_FB-1.png\",\"description\":\"Trusted Translations, Inc. ist spezialisiert auf \u00dcbersetzungsdienstleistungen f\u00fcr staatliche Beh\u00f6rden und arbeitet mit f\u00fchrenden Bundesbeh\u00f6rden wie der NASA, der US- Armee, FEMA und Heimatschutzministerium sowie Landesregierungen und Kommunalbeh\u00f6rden.\",\"breadcrumb\":{\"@id\":\"https:\\\/\\\/www.trustedtranslations.com\\\/de\\\/branchen\\\/behoerden#breadcrumb\"},\"inLanguage\":\"de\",\"potentialAction\":[{\"@type\":\"ReadAction\",\"target\":[\"https:\\\/\\\/www.trustedtranslations.com\\\/de\\\/branchen\\\/behoerden\"]}]},{\"@type\":\"ImageObject\",\"inLanguage\":\"de\",\"@id\":\"https:\\\/\\\/www.trustedtranslations.com\\\/de\\\/branchen\\\/behoerden#primaryimage\",\"url\":\"https:\\\/\\\/www.trustedtranslations.com\\\/wp-content\\\/uploads\\\/2022\\\/03\\\/TT_NEW_FB-1.png\",\"contentUrl\":\"https:\\\/\\\/www.trustedtranslations.com\\\/wp-content\\\/uploads\\\/2022\\\/03\\\/TT_NEW_FB-1.png\",\"width\":1038,\"height\":1038,\"caption\":\"TT NEW FB 1\"},{\"@type\":\"BreadcrumbList\",\"@id\":\"https:\\\/\\\/www.trustedtranslations.com\\\/de\\\/branchen\\\/behoerden#breadcrumb\",\"itemListElement\":[{\"@type\":\"ListItem\",\"position\":1,\"name\":\"Home\",\"item\":\"https:\\\/\\\/www.trustedtranslations.com\\\/de\"},{\"@type\":\"ListItem\",\"position\":2,\"name\":\"Branchenexpertise\",\"item\":\"https:\\\/\\\/www.trustedtranslations.com\\\/de\\\/branchen\"},{\"@type\":\"ListItem\",\"position\":3,\"name\":\"Beh\u00f6rden\"}]},{\"@type\":\"WebSite\",\"@id\":\"https:\\\/\\\/www.trustedtranslations.com\\\/de\\\/#website\",\"url\":\"https:\\\/\\\/www.trustedtranslations.com\\\/de\\\/\",\"name\":\"Trusted Translations, Inc.\",\"description\":\"Leader in translation and interpretation services.\",\"publisher\":{\"@id\":\"https:\\\/\\\/www.trustedtranslations.com\\\/de\\\/#organization\"},\"alternateName\":\"Trusted Translations\",\"potentialAction\":[{\"@type\":\"SearchAction\",\"target\":{\"@type\":\"EntryPoint\",\"urlTemplate\":\"https:\\\/\\\/www.trustedtranslations.com\\\/de\\\/?s={search_term_string}\"},\"query-input\":{\"@type\":\"PropertyValueSpecification\",\"valueRequired\":true,\"valueName\":\"search_term_string\"}}],\"inLanguage\":\"de\"},{\"@type\":\"Organization\",\"@id\":\"https:\\\/\\\/www.trustedtranslations.com\\\/de\\\/#organization\",\"name\":\"Trusted Translations\",\"alternateName\":\"Trusted Translations, Inc.\",\"url\":\"https:\\\/\\\/www.trustedtranslations.com\\\/de\\\/\",\"logo\":{\"@type\":\"ImageObject\",\"inLanguage\":\"de\",\"@id\":\"https:\\\/\\\/www.trustedtranslations.com\\\/de\\\/#\\\/schema\\\/logo\\\/image\\\/\",\"url\":\"https:\\\/\\\/static.trustedtranslations.com\\\/wp-content\\\/uploads\\\/2022\\\/01\\\/TT_logo_WSIColors-2.png\",\"contentUrl\":\"https:\\\/\\\/static.trustedtranslations.com\\\/wp-content\\\/uploads\\\/2022\\\/01\\\/TT_logo_WSIColors-2.png\",\"width\":500,\"height\":196,\"caption\":\"Trusted Translations\"},\"image\":{\"@id\":\"https:\\\/\\\/www.trustedtranslations.com\\\/de\\\/#\\\/schema\\\/logo\\\/image\\\/\"},\"sameAs\":[\"https:\\\/\\\/www.facebook.com\\\/Trusted.Translations\",\"https:\\\/\\\/x.com\\\/TrustedT9ns\",\"https:\\\/\\\/www.linkedin.com\\\/company\\\/trusted-translations\"]}]}<\/script>\n<!-- \/ Yoast SEO plugin. -->","yoast_head_json":{"title":"Beh\u00f6rdliche \u00dcbersetzungsdienstleistungen - Trusted Translations, Inc.","description":"Trusted Translations, Inc. ist spezialisiert auf \u00dcbersetzungsdienstleistungen f\u00fcr staatliche Beh\u00f6rden und arbeitet mit f\u00fchrenden Bundesbeh\u00f6rden wie der NASA, der US- Armee, FEMA und Heimatschutzministerium sowie Landesregierungen und Kommunalbeh\u00f6rden.","robots":{"index":"index","follow":"follow","max-snippet":"max-snippet:-1","max-image-preview":"max-image-preview:large","max-video-preview":"max-video-preview:-1"},"canonical":"https:\/\/www.trustedtranslations.com\/de\/branchen\/behoerden","og_locale":"de_DE","og_type":"article","og_title":"Beh\u00f6rdliche \u00dcbersetzungsdienstleistungen - Trusted Translations, Inc.","og_description":"Trusted Translations, Inc. ist spezialisiert auf \u00dcbersetzungsdienstleistungen f\u00fcr staatliche Beh\u00f6rden und arbeitet mit f\u00fchrenden Bundesbeh\u00f6rden wie der NASA, der US- Armee, FEMA und Heimatschutzministerium sowie Landesregierungen und Kommunalbeh\u00f6rden.","og_url":"https:\/\/www.trustedtranslations.com\/de\/branchen\/behoerden","og_site_name":"Trusted Translations, Inc.","article_publisher":"https:\/\/www.facebook.com\/Trusted.Translations","article_modified_time":"2024-09-03T18:49:23+00:00","og_image":[{"width":1038,"height":1038,"url":"https:\/\/static.trustedtranslations.com\/wp-content\/uploads\/2022\/03\/TT_NEW_FB-1.png","type":"image\/png"}],"twitter_card":"summary_large_image","twitter_site":"@TrustedT9ns","schema":{"@context":"https:\/\/schema.org","@graph":[{"@type":"WebPage","@id":"https:\/\/www.trustedtranslations.com\/de\/branchen\/behoerden","url":"https:\/\/www.trustedtranslations.com\/de\/branchen\/behoerden","name":"Beh\u00f6rdliche \u00dcbersetzungsdienstleistungen - Trusted Translations, Inc.","isPartOf":{"@id":"https:\/\/www.trustedtranslations.com\/de\/#website"},"primaryImageOfPage":{"@id":"https:\/\/www.trustedtranslations.com\/de\/branchen\/behoerden#primaryimage"},"image":{"@id":"https:\/\/www.trustedtranslations.com\/de\/branchen\/behoerden#primaryimage"},"thumbnailUrl":"https:\/\/www.trustedtranslations.com\/wp-content\/uploads\/2022\/03\/TT_NEW_FB-1.png","description":"Trusted Translations, Inc. ist spezialisiert auf \u00dcbersetzungsdienstleistungen f\u00fcr staatliche Beh\u00f6rden und arbeitet mit f\u00fchrenden Bundesbeh\u00f6rden wie der NASA, der US- Armee, FEMA und Heimatschutzministerium sowie Landesregierungen und Kommunalbeh\u00f6rden.","breadcrumb":{"@id":"https:\/\/www.trustedtranslations.com\/de\/branchen\/behoerden#breadcrumb"},"inLanguage":"de","potentialAction":[{"@type":"ReadAction","target":["https:\/\/www.trustedtranslations.com\/de\/branchen\/behoerden"]}]},{"@type":"ImageObject","inLanguage":"de","@id":"https:\/\/www.trustedtranslations.com\/de\/branchen\/behoerden#primaryimage","url":"https:\/\/www.trustedtranslations.com\/wp-content\/uploads\/2022\/03\/TT_NEW_FB-1.png","contentUrl":"https:\/\/www.trustedtranslations.com\/wp-content\/uploads\/2022\/03\/TT_NEW_FB-1.png","width":1038,"height":1038,"caption":"TT NEW FB 1"},{"@type":"BreadcrumbList","@id":"https:\/\/www.trustedtranslations.com\/de\/branchen\/behoerden#breadcrumb","itemListElement":[{"@type":"ListItem","position":1,"name":"Home","item":"https:\/\/www.trustedtranslations.com\/de"},{"@type":"ListItem","position":2,"name":"Branchenexpertise","item":"https:\/\/www.trustedtranslations.com\/de\/branchen"},{"@type":"ListItem","position":3,"name":"Beh\u00f6rden"}]},{"@type":"WebSite","@id":"https:\/\/www.trustedtranslations.com\/de\/#website","url":"https:\/\/www.trustedtranslations.com\/de\/","name":"Trusted Translations, Inc.","description":"Leader in translation and interpretation services.","publisher":{"@id":"https:\/\/www.trustedtranslations.com\/de\/#organization"},"alternateName":"Trusted Translations","potentialAction":[{"@type":"SearchAction","target":{"@type":"EntryPoint","urlTemplate":"https:\/\/www.trustedtranslations.com\/de\/?s={search_term_string}"},"query-input":{"@type":"PropertyValueSpecification","valueRequired":true,"valueName":"search_term_string"}}],"inLanguage":"de"},{"@type":"Organization","@id":"https:\/\/www.trustedtranslations.com\/de\/#organization","name":"Trusted Translations","alternateName":"Trusted Translations, Inc.","url":"https:\/\/www.trustedtranslations.com\/de\/","logo":{"@type":"ImageObject","inLanguage":"de","@id":"https:\/\/www.trustedtranslations.com\/de\/#\/schema\/logo\/image\/","url":"https:\/\/static.trustedtranslations.com\/wp-content\/uploads\/2022\/01\/TT_logo_WSIColors-2.png","contentUrl":"https:\/\/static.trustedtranslations.com\/wp-content\/uploads\/2022\/01\/TT_logo_WSIColors-2.png","width":500,"height":196,"caption":"Trusted Translations"},"image":{"@id":"https:\/\/www.trustedtranslations.com\/de\/#\/schema\/logo\/image\/"},"sameAs":["https:\/\/www.facebook.com\/Trusted.Translations","https:\/\/x.com\/TrustedT9ns","https:\/\/www.linkedin.com\/company\/trusted-translations"]}]}},"toolset-meta":{"dyk":{"mensaje-1":{"type":"textfield","raw":""},"mensaje-2":{"type":"textfield","raw":""},"mensaje-3":{"type":"textfield","raw":"<em>Trusted Translations<\/em> akzeptiert alle Zahlungsarten, einschlie\u00dflich alle g\u00e4ngigen Kreditkarten."},"mensaje-4":{"type":"textfield","raw":"Wir bedienen die wichtigsten Bundesbeh\u00f6rden und erm\u00f6glichen ihnen Einsparungen von \u00fcber 30%."},"mensaje-5":{"type":"textfield","raw":""},"mensaje-6":{"type":"textfield","raw":""}},"single-page-template-fields":{"imgs-temp":{"type":"image","raw":["https:\/\/static.trustedtranslations.com\/wp-content\/uploads\/2024\/05\/language-final-14-1.webp","https:\/\/static.trustedtranslations.com\/wp-content\/uploads\/2024\/05\/language-final-15-1.webp","https:\/\/static.trustedtranslations.com\/wp-content\/uploads\/2024\/05\/language-final-16-1.webp","https:\/\/static.trustedtranslations.com\/wp-content\/uploads\/2024\/05\/language-final-17-1.webp"],"repeatable":[{"raw":"https:\/\/static.trustedtranslations.com\/wp-content\/uploads\/2024\/05\/language-final-14-1.webp"},{"raw":"https:\/\/static.trustedtranslations.com\/wp-content\/uploads\/2024\/05\/language-final-15-1.webp"},{"raw":"https:\/\/static.trustedtranslations.com\/wp-content\/uploads\/2024\/05\/language-final-16-1.webp"},{"raw":"https:\/\/static.trustedtranslations.com\/wp-content\/uploads\/2024\/05\/language-final-17-1.webp"}]},"imgs-temp-cel":{"type":"image","raw":[""],"repeatable":[{"raw":""}]},"img-temp-one-cel":{"type":"image","raw":"https:\/\/static.trustedtranslations.com\/wp-content\/uploads\/2024\/05\/AdobeStock_330542015-1-1.webp","attachment_id":null},"quotes":{"type":"textarea","raw":"<h1 style=\"margin-bottom: 12px;\">Beh\u00f6rdliche \u00dcbersetzungsdienstleistungen<\/h1><em>Trusted Translations<\/em> has vast experience in dealing with all facets of government translation services, at local, state and federal levels. Having worked with almost every branch of government, we are attuned to the specific needs and constraints of government agencies. We have worked with many top government agencies, including the Library of Congress, the U.S. Army, the U.S. Marine Corps, HUD, CDC and NASA, just to name a few.<div style=\"margin-top: 2.5vw;\"><a class=\"tt-btn-main-cta\" href=\"\/quote\">Request a free quote<\/a><\/div>"},"text-1":{"type":"textarea","raw":"<h2 style=\"margin-bottom: 20px;\">Engagement f\u00fcr Spitzenleistungen<\/h2>\r\nMit \u00fcber 20 Jahren Erfahrung in der Zusammenarbeit mit Bundes-, Landes- und Kommunalbeh\u00f6rden verstehen wir die Komplexit\u00e4t von Sprachprojekten, die speziell darauf abzielen, einer ganzen Gemeinde zu dienen. Dar\u00fcber hinaus verstehen wir, dass Regierungen strenge Verfahren und Budgets haben, die eingehalten werden m\u00fcssen. Daher sind unsere L\u00f6sungen so konzipiert, dass sie die Budgetziele durch kosteneffiziente L\u00f6sungen erf\u00fcllen und gleichzeitig pr\u00e4zise \u00dcbersetzungen liefern, die auf den Auftrag der jeweiligen Beh\u00f6rde zugeschnitten sind.\r\n<h2 style=\"margin-bottom: 20px;\">Leistungsbeschreibung<\/h2>\r\n<a href=\"\/wp-content\/uploads\/brochures\/capabilities-statement.pdf\"><button style=\"background-color: #016E31; border-radius: 3px; padding: 12px 32px 12px 32px; color: white; font-family: 'Lato', sans-serif; font-size: 15px;\">LADEN SIE UNSERE LEISTUNGSBESCHREIBUNG HERUNTER<\/button><\/a>\r\n<div class=\"imgs-flex-template\">\r\n    <div>\r\n        <h2 style=\"margin-bottom: 20px;\">Staatliche Zahlungsformen<\/h2>\r\n        <p>Bei <em><em><em>Trusted Translations<\/em><\/em><\/em> sind wir mit den verschiedenen Beschaffungs- und Zahlungsprotokollen bestens vertraut. Wir haben uns daher bem\u00fcht, alle Zahlungsarten f\u00fcr kleinere Eink\u00e4ufe zu akzeptieren, einschlie\u00dflich aller g\u00e4ngigen Kreditkarten sowie Bank-, Scheck- und ACH-\u00dcberweisungen. F\u00fcr die meisten unserer Regierungsauftr\u00e4ge werden Fr\u00fchzahlerrabatte und Sonderpreise gew\u00e4hrt. Unser Ziel ist es, Ihnen und Ihrer Regierungsbeh\u00f6rde den Erwerb unserer hochwertigen \u00dcbersetzungsdienstleistungen so einfach wie m\u00f6glich zu gestalten.<\/p>\r\n    <\/div>\r\n    <img src=\"https:\/\/static.trustedtranslations.com\/wp-content\/uploads\/2022\/03\/AdobeStock_321830237.jpg\">\r\n<\/div>"},"shortcode-map":{"type":"textfield","raw":""},"dyk-shortcode":{"type":"textfield","raw":"[elementor-template id=\"146647\"]"},"text-2":{"type":"textarea","raw":"<div class=\"imgs-flex-template flex-text-2\" style=\"margin-top: -30px\">\r\n    <img src=\"https:\/\/static.trustedtranslations.com\/wp-content\/uploads\/2022\/03\/AdobeStock_13839532.jpg\">\r\n    <div class=\"p-img-width\">\r\n        <h2 style=\"margin-bottom: 20px;\">\u00dcbersetzungen f\u00fcr die Bundesregierung<\/h2>\r\n        <p>Als autorisierter und registrierter Lieferant f\u00fcr die US- Regierung, der seit mehr als einem Jahrzehnt auf der GSA-Liste steht, verf\u00fcgt <em><em><em>Trusted Translations<\/em><\/em><\/em> \u00fcber umfassende Erfahrung bei der \u00dcbersetzung von Bundesdokumenten zu einer Vielzahl von Themen. Von komplexen technischen Spezifikationen bis hin zu vorgeschriebenen Notfallprozeduren - wir haben unsere F\u00e4higkeit unter Beweis gestellt, qualitativ hochwertige \u00dcbersetzungen f\u00fcr die Bundesregierung zu liefern. Dar\u00fcber hinaus tragen wir als vertrauensw\u00fcrdiger Lieferant der US- Regierung als g\u00fcltiger Unterauftragnehmer zu jeder Ausschreibung oder jedem Vertrag der Regierung bei.<\/p>\r\n    <\/div>\r\n<\/div>\r\n<div class=\"imgs-flex-template\">\r\n    <div>\r\n        <h2 style=\"margin-bottom: 20px;\">\u00dcbersetzungen f\u00fcr die Landesregierung und Kommunalverwaltung<\/h2>\r\n        <p>Angesichts der vielf\u00e4ltigen Einwandererbev\u00f6lkerung in den Vereinigten Staaten m\u00fcssen staatliche und lokale Beh\u00f6rden wichtige Dokumente in verschiedene Sprachen \u00fcbersetzen lassen, um effektiv mit ihrer Gemeinschaft kommunizieren zu k\u00f6nnen. <em><em><em>Trusted Translations<\/em><\/em><\/em> hat mit Agenturen in den gesamten Vereinigten Staaten zusammengearbeitet, darunter auch in Staaten mit einem hohen Anteil an Einwanderern wie New York, Kalifornien, Florida, Virginia und Texas. Als Teil des U.S. Recovery Act, k\u00f6nnen Landesregierungen und Kommunalverwaltungen die Vorteile des GSA Language Schedule von <em><em><em>Trusted Translations<\/em><\/em><\/em> genie\u00dfen.<\/p>\r\n    <\/div>\r\n    <img src=\"https:\/\/static.trustedtranslations.com\/wp-content\/uploads\/2022\/03\/AdobeStock_221861480.jpg\">\r\n<\/div>\r\n<h2 style=\"margin-bottom: 20px;\">Staatliche Auftragnehmer<\/h2>\r\nOb auf Bundes-, Landes- oder lokaler Ebene, viele Regierungsauftr\u00e4ge sind gro\u00dfe Mehrzweckprojekte, die verschiedene Elemente und Dienstleistungen beinhalten. <em><em><em>Trusted Translations<\/em><\/em><\/em> hat als wertvoller Unterauftragnehmer f\u00fcr viele gro\u00dfe Regierungsprojekte fungiert. Wir sind daran gew\u00f6hnt, schwierige Anforderungen unter Einhaltung enger Fristen zu erf\u00fcllen, und zwar zu Preisen, die es Ihnen erm\u00f6glichen, Ihre Budgetvorgaben einzuhalten. Unsere Vorzugspreise f\u00fcr beh\u00f6rdenbezogene Projekte in Verbindung mit unserer hohen Qualit\u00e4t machen uns zum idealen Partner f\u00fcr alle beh\u00f6rdlichen Auftr\u00e4ge und Ausschreibungen.\r\n\r\n<em><em><em>Trusted Translations<\/em><\/em><\/em> h\u00e4lt die h\u00f6chsten Qualit\u00e4tsstandards ein und \u00fcbertrifft diejenigen der ISO 9001:2015. Sie k\u00f6nnen sich darauf verlassen, dass <em><em><em>Trusted Translations<\/em><\/em><\/em> Ihnen vertrauliche und genaue beh\u00f6rdliche \u00dcbersetzungen zu Vorzugspreisen liefert. Rufen Sie <em><em><em>Trusted Translations<\/em><\/em><\/em> noch heute an, um zu erfahren, wie wir Ihnen bei Ihren beh\u00f6rdlichen \u00dcbersetzungen helfen k\u00f6nnen."},"state":{"type":"textfield","raw":""},"city":{"type":"textarea","raw":[]}}},"_links":{"self":[{"href":"https:\/\/www.trustedtranslations.com\/de\/wp-json\/wp\/v2\/pages\/129370","targetHints":{"allow":["GET"]}}],"collection":[{"href":"https:\/\/www.trustedtranslations.com\/de\/wp-json\/wp\/v2\/pages"}],"about":[{"href":"https:\/\/www.trustedtranslations.com\/de\/wp-json\/wp\/v2\/types\/page"}],"author":[{"embeddable":true,"href":"https:\/\/www.trustedtranslations.com\/de\/wp-json\/wp\/v2\/users\/1"}],"replies":[{"embeddable":true,"href":"https:\/\/www.trustedtranslations.com\/de\/wp-json\/wp\/v2\/comments?post=129370"}],"version-history":[{"count":0,"href":"https:\/\/www.trustedtranslations.com\/de\/wp-json\/wp\/v2\/pages\/129370\/revisions"}],"up":[{"embeddable":true,"href":"https:\/\/www.trustedtranslations.com\/de\/wp-json\/wp\/v2\/pages\/129502"}],"wp:featuredmedia":[{"embeddable":true,"href":"https:\/\/www.trustedtranslations.com\/de\/wp-json\/wp\/v2\/media\/139628"}],"wp:attachment":[{"href":"https:\/\/www.trustedtranslations.com\/de\/wp-json\/wp\/v2\/media?parent=129370"}],"curies":[{"name":"wp","href":"https:\/\/api.w.org\/{rel}","templated":true}]}}