{"id":129374,"date":"2018-11-15T17:41:46","date_gmt":"2018-11-15T17:41:46","guid":{"rendered":"https:\/\/www.trustedtranslations.com\/?page_id=129374"},"modified":"2024-09-03T11:53:31","modified_gmt":"2024-09-03T14:53:31","slug":"geschaeftlich","status":"publish","type":"page","link":"https:\/\/www.trustedtranslations.com\/de\/branchen\/geschaeftlich","title":{"rendered":"Gesch\u00e4ftlich"},"content":{"rendered":"","protected":false},"excerpt":{"rendered":"","protected":false},"author":1,"featured_media":139628,"parent":129502,"menu_order":0,"comment_status":"closed","ping_status":"closed","template":"","meta":{"site-sidebar-layout":"default","site-content-layout":"default","ast-site-content-layout":"default","site-content-style":"default","site-sidebar-style":"default","ast-global-header-display":"","ast-banner-title-visibility":"","ast-main-header-display":"","ast-hfb-above-header-display":"","ast-hfb-below-header-display":"","ast-hfb-mobile-header-display":"","site-post-title":"disabled","ast-breadcrumbs-content":"","ast-featured-img":"","footer-sml-layout":"","ast-disable-related-posts":"","theme-transparent-header-meta":"default","adv-header-id-meta":"","stick-header-meta":"","header-above-stick-meta":"","header-main-stick-meta":"","header-below-stick-meta":"","astra-migrate-meta-layouts":"set","ast-page-background-enabled":"default","ast-page-background-meta":{"desktop":{"background-color":"var(--ast-global-color-4)","background-image":"","background-repeat":"repeat","background-position":"center center","background-size":"auto","background-attachment":"scroll","background-type":"","background-media":"","overlay-type":"","overlay-color":"","overlay-opacity":"","overlay-gradient":""},"tablet":{"background-color":"","background-image":"","background-repeat":"repeat","background-position":"center center","background-size":"auto","background-attachment":"scroll","background-type":"","background-media":"","overlay-type":"","overlay-color":"","overlay-opacity":"","overlay-gradient":""},"mobile":{"background-color":"","background-image":"","background-repeat":"repeat","background-position":"center center","background-size":"auto","background-attachment":"scroll","background-type":"","background-media":"","overlay-type":"","overlay-color":"","overlay-opacity":"","overlay-gradient":""}},"ast-content-background-meta":{"desktop":{"background-color":"var(--ast-global-color-5)","background-image":"","background-repeat":"repeat","background-position":"center center","background-size":"auto","background-attachment":"scroll","background-type":"","background-media":"","overlay-type":"","overlay-color":"","overlay-opacity":"","overlay-gradient":""},"tablet":{"background-color":"var(--ast-global-color-5)","background-image":"","background-repeat":"repeat","background-position":"center center","background-size":"auto","background-attachment":"scroll","background-type":"","background-media":"","overlay-type":"","overlay-color":"","overlay-opacity":"","overlay-gradient":""},"mobile":{"background-color":"var(--ast-global-color-5)","background-image":"","background-repeat":"repeat","background-position":"center center","background-size":"auto","background-attachment":"scroll","background-type":"","background-media":"","overlay-type":"","overlay-color":"","overlay-opacity":"","overlay-gradient":""}},"footnotes":""},"class_list":["post-129374","page","type-page","status-publish","has-post-thumbnail","hentry"],"yoast_head":"<!-- This site is optimized with the Yoast SEO plugin v27.3 - https:\/\/yoast.com\/product\/yoast-seo-wordpress\/ -->\n<title>Gesch\u00e4ftliche \u00dcbersetzungsdienstleistungen - Trusted Translations, Inc.<\/title>\n<meta name=\"description\" content=\"Trusted Translations arbeitet mit gro\u00dfen, mittleren und kleinen Unternehmen zusammen, um ihre Bed\u00fcrfnisse an gesch\u00e4ftlichen \u00dcbersetzungen zu erf\u00fcllen. Fordern Sie ein kostenloses Angebot oder eine Beratung an.\" \/>\n<meta name=\"robots\" content=\"index, follow, max-snippet:-1, max-image-preview:large, max-video-preview:-1\" \/>\n<link rel=\"canonical\" href=\"https:\/\/www.trustedtranslations.com\/de\/branchen\/geschaeftlich\" \/>\n<meta property=\"og:locale\" content=\"de_DE\" \/>\n<meta property=\"og:type\" content=\"article\" \/>\n<meta property=\"og:title\" content=\"Gesch\u00e4ftliche \u00dcbersetzungsdienstleistungen - Trusted Translations, Inc.\" \/>\n<meta property=\"og:description\" content=\"Trusted Translations arbeitet mit gro\u00dfen, mittleren und kleinen Unternehmen zusammen, um ihre Bed\u00fcrfnisse an gesch\u00e4ftlichen \u00dcbersetzungen zu erf\u00fcllen. Fordern Sie ein kostenloses Angebot oder eine Beratung an.\" \/>\n<meta property=\"og:url\" content=\"https:\/\/www.trustedtranslations.com\/de\/branchen\/geschaeftlich\" \/>\n<meta property=\"og:site_name\" content=\"Trusted Translations, Inc.\" \/>\n<meta property=\"article:publisher\" content=\"https:\/\/www.facebook.com\/Trusted.Translations\" \/>\n<meta property=\"article:modified_time\" content=\"2024-09-03T14:53:31+00:00\" \/>\n<meta property=\"og:image\" content=\"https:\/\/static.trustedtranslations.com\/wp-content\/uploads\/2022\/03\/TT_NEW_FB-1.png\" \/>\n\t<meta property=\"og:image:width\" content=\"1038\" \/>\n\t<meta property=\"og:image:height\" content=\"1038\" \/>\n\t<meta property=\"og:image:type\" content=\"image\/png\" \/>\n<meta name=\"twitter:card\" content=\"summary_large_image\" \/>\n<meta name=\"twitter:site\" content=\"@TrustedT9ns\" \/>\n<script type=\"application\/ld+json\" class=\"yoast-schema-graph\">{\"@context\":\"https:\\\/\\\/schema.org\",\"@graph\":[{\"@type\":\"WebPage\",\"@id\":\"https:\\\/\\\/www.trustedtranslations.com\\\/de\\\/branchen\\\/geschaeftlich\",\"url\":\"https:\\\/\\\/www.trustedtranslations.com\\\/de\\\/branchen\\\/geschaeftlich\",\"name\":\"Gesch\u00e4ftliche \u00dcbersetzungsdienstleistungen - Trusted Translations, Inc.\",\"isPartOf\":{\"@id\":\"https:\\\/\\\/www.trustedtranslations.com\\\/de\\\/#website\"},\"primaryImageOfPage\":{\"@id\":\"https:\\\/\\\/www.trustedtranslations.com\\\/de\\\/branchen\\\/geschaeftlich#primaryimage\"},\"image\":{\"@id\":\"https:\\\/\\\/www.trustedtranslations.com\\\/de\\\/branchen\\\/geschaeftlich#primaryimage\"},\"thumbnailUrl\":\"https:\\\/\\\/www.trustedtranslations.com\\\/wp-content\\\/uploads\\\/2022\\\/03\\\/TT_NEW_FB-1.png\",\"description\":\"Trusted Translations arbeitet mit gro\u00dfen, mittleren und kleinen Unternehmen zusammen, um ihre Bed\u00fcrfnisse an gesch\u00e4ftlichen \u00dcbersetzungen zu erf\u00fcllen. Fordern Sie ein kostenloses Angebot oder eine Beratung an.\",\"breadcrumb\":{\"@id\":\"https:\\\/\\\/www.trustedtranslations.com\\\/de\\\/branchen\\\/geschaeftlich#breadcrumb\"},\"inLanguage\":\"de\",\"potentialAction\":[{\"@type\":\"ReadAction\",\"target\":[\"https:\\\/\\\/www.trustedtranslations.com\\\/de\\\/branchen\\\/geschaeftlich\"]}]},{\"@type\":\"ImageObject\",\"inLanguage\":\"de\",\"@id\":\"https:\\\/\\\/www.trustedtranslations.com\\\/de\\\/branchen\\\/geschaeftlich#primaryimage\",\"url\":\"https:\\\/\\\/www.trustedtranslations.com\\\/wp-content\\\/uploads\\\/2022\\\/03\\\/TT_NEW_FB-1.png\",\"contentUrl\":\"https:\\\/\\\/www.trustedtranslations.com\\\/wp-content\\\/uploads\\\/2022\\\/03\\\/TT_NEW_FB-1.png\",\"width\":1038,\"height\":1038,\"caption\":\"TT NEW FB 1\"},{\"@type\":\"BreadcrumbList\",\"@id\":\"https:\\\/\\\/www.trustedtranslations.com\\\/de\\\/branchen\\\/geschaeftlich#breadcrumb\",\"itemListElement\":[{\"@type\":\"ListItem\",\"position\":1,\"name\":\"Home\",\"item\":\"https:\\\/\\\/www.trustedtranslations.com\\\/de\"},{\"@type\":\"ListItem\",\"position\":2,\"name\":\"Branchenexpertise\",\"item\":\"https:\\\/\\\/www.trustedtranslations.com\\\/de\\\/branchen\"},{\"@type\":\"ListItem\",\"position\":3,\"name\":\"Gesch\u00e4ftlich\"}]},{\"@type\":\"WebSite\",\"@id\":\"https:\\\/\\\/www.trustedtranslations.com\\\/de\\\/#website\",\"url\":\"https:\\\/\\\/www.trustedtranslations.com\\\/de\\\/\",\"name\":\"Trusted Translations, Inc.\",\"description\":\"Leader in translation and interpretation services.\",\"publisher\":{\"@id\":\"https:\\\/\\\/www.trustedtranslations.com\\\/de\\\/#organization\"},\"alternateName\":\"Trusted Translations\",\"potentialAction\":[{\"@type\":\"SearchAction\",\"target\":{\"@type\":\"EntryPoint\",\"urlTemplate\":\"https:\\\/\\\/www.trustedtranslations.com\\\/de\\\/?s={search_term_string}\"},\"query-input\":{\"@type\":\"PropertyValueSpecification\",\"valueRequired\":true,\"valueName\":\"search_term_string\"}}],\"inLanguage\":\"de\"},{\"@type\":\"Organization\",\"@id\":\"https:\\\/\\\/www.trustedtranslations.com\\\/de\\\/#organization\",\"name\":\"Trusted Translations\",\"alternateName\":\"Trusted Translations, Inc.\",\"url\":\"https:\\\/\\\/www.trustedtranslations.com\\\/de\\\/\",\"logo\":{\"@type\":\"ImageObject\",\"inLanguage\":\"de\",\"@id\":\"https:\\\/\\\/www.trustedtranslations.com\\\/de\\\/#\\\/schema\\\/logo\\\/image\\\/\",\"url\":\"https:\\\/\\\/static.trustedtranslations.com\\\/wp-content\\\/uploads\\\/2022\\\/01\\\/TT_logo_WSIColors-2.png\",\"contentUrl\":\"https:\\\/\\\/static.trustedtranslations.com\\\/wp-content\\\/uploads\\\/2022\\\/01\\\/TT_logo_WSIColors-2.png\",\"width\":500,\"height\":196,\"caption\":\"Trusted Translations\"},\"image\":{\"@id\":\"https:\\\/\\\/www.trustedtranslations.com\\\/de\\\/#\\\/schema\\\/logo\\\/image\\\/\"},\"sameAs\":[\"https:\\\/\\\/www.facebook.com\\\/Trusted.Translations\",\"https:\\\/\\\/x.com\\\/TrustedT9ns\",\"https:\\\/\\\/www.linkedin.com\\\/company\\\/trusted-translations\"]}]}<\/script>\n<!-- \/ Yoast SEO plugin. -->","yoast_head_json":{"title":"Gesch\u00e4ftliche \u00dcbersetzungsdienstleistungen - Trusted Translations, Inc.","description":"Trusted Translations arbeitet mit gro\u00dfen, mittleren und kleinen Unternehmen zusammen, um ihre Bed\u00fcrfnisse an gesch\u00e4ftlichen \u00dcbersetzungen zu erf\u00fcllen. Fordern Sie ein kostenloses Angebot oder eine Beratung an.","robots":{"index":"index","follow":"follow","max-snippet":"max-snippet:-1","max-image-preview":"max-image-preview:large","max-video-preview":"max-video-preview:-1"},"canonical":"https:\/\/www.trustedtranslations.com\/de\/branchen\/geschaeftlich","og_locale":"de_DE","og_type":"article","og_title":"Gesch\u00e4ftliche \u00dcbersetzungsdienstleistungen - Trusted Translations, Inc.","og_description":"Trusted Translations arbeitet mit gro\u00dfen, mittleren und kleinen Unternehmen zusammen, um ihre Bed\u00fcrfnisse an gesch\u00e4ftlichen \u00dcbersetzungen zu erf\u00fcllen. Fordern Sie ein kostenloses Angebot oder eine Beratung an.","og_url":"https:\/\/www.trustedtranslations.com\/de\/branchen\/geschaeftlich","og_site_name":"Trusted Translations, Inc.","article_publisher":"https:\/\/www.facebook.com\/Trusted.Translations","article_modified_time":"2024-09-03T14:53:31+00:00","og_image":[{"width":1038,"height":1038,"url":"https:\/\/static.trustedtranslations.com\/wp-content\/uploads\/2022\/03\/TT_NEW_FB-1.png","type":"image\/png"}],"twitter_card":"summary_large_image","twitter_site":"@TrustedT9ns","schema":{"@context":"https:\/\/schema.org","@graph":[{"@type":"WebPage","@id":"https:\/\/www.trustedtranslations.com\/de\/branchen\/geschaeftlich","url":"https:\/\/www.trustedtranslations.com\/de\/branchen\/geschaeftlich","name":"Gesch\u00e4ftliche \u00dcbersetzungsdienstleistungen - Trusted Translations, Inc.","isPartOf":{"@id":"https:\/\/www.trustedtranslations.com\/de\/#website"},"primaryImageOfPage":{"@id":"https:\/\/www.trustedtranslations.com\/de\/branchen\/geschaeftlich#primaryimage"},"image":{"@id":"https:\/\/www.trustedtranslations.com\/de\/branchen\/geschaeftlich#primaryimage"},"thumbnailUrl":"https:\/\/www.trustedtranslations.com\/wp-content\/uploads\/2022\/03\/TT_NEW_FB-1.png","description":"Trusted Translations arbeitet mit gro\u00dfen, mittleren und kleinen Unternehmen zusammen, um ihre Bed\u00fcrfnisse an gesch\u00e4ftlichen \u00dcbersetzungen zu erf\u00fcllen. Fordern Sie ein kostenloses Angebot oder eine Beratung an.","breadcrumb":{"@id":"https:\/\/www.trustedtranslations.com\/de\/branchen\/geschaeftlich#breadcrumb"},"inLanguage":"de","potentialAction":[{"@type":"ReadAction","target":["https:\/\/www.trustedtranslations.com\/de\/branchen\/geschaeftlich"]}]},{"@type":"ImageObject","inLanguage":"de","@id":"https:\/\/www.trustedtranslations.com\/de\/branchen\/geschaeftlich#primaryimage","url":"https:\/\/www.trustedtranslations.com\/wp-content\/uploads\/2022\/03\/TT_NEW_FB-1.png","contentUrl":"https:\/\/www.trustedtranslations.com\/wp-content\/uploads\/2022\/03\/TT_NEW_FB-1.png","width":1038,"height":1038,"caption":"TT NEW FB 1"},{"@type":"BreadcrumbList","@id":"https:\/\/www.trustedtranslations.com\/de\/branchen\/geschaeftlich#breadcrumb","itemListElement":[{"@type":"ListItem","position":1,"name":"Home","item":"https:\/\/www.trustedtranslations.com\/de"},{"@type":"ListItem","position":2,"name":"Branchenexpertise","item":"https:\/\/www.trustedtranslations.com\/de\/branchen"},{"@type":"ListItem","position":3,"name":"Gesch\u00e4ftlich"}]},{"@type":"WebSite","@id":"https:\/\/www.trustedtranslations.com\/de\/#website","url":"https:\/\/www.trustedtranslations.com\/de\/","name":"Trusted Translations, Inc.","description":"Leader in translation and interpretation services.","publisher":{"@id":"https:\/\/www.trustedtranslations.com\/de\/#organization"},"alternateName":"Trusted Translations","potentialAction":[{"@type":"SearchAction","target":{"@type":"EntryPoint","urlTemplate":"https:\/\/www.trustedtranslations.com\/de\/?s={search_term_string}"},"query-input":{"@type":"PropertyValueSpecification","valueRequired":true,"valueName":"search_term_string"}}],"inLanguage":"de"},{"@type":"Organization","@id":"https:\/\/www.trustedtranslations.com\/de\/#organization","name":"Trusted Translations","alternateName":"Trusted Translations, Inc.","url":"https:\/\/www.trustedtranslations.com\/de\/","logo":{"@type":"ImageObject","inLanguage":"de","@id":"https:\/\/www.trustedtranslations.com\/de\/#\/schema\/logo\/image\/","url":"https:\/\/static.trustedtranslations.com\/wp-content\/uploads\/2022\/01\/TT_logo_WSIColors-2.png","contentUrl":"https:\/\/static.trustedtranslations.com\/wp-content\/uploads\/2022\/01\/TT_logo_WSIColors-2.png","width":500,"height":196,"caption":"Trusted Translations"},"image":{"@id":"https:\/\/www.trustedtranslations.com\/de\/#\/schema\/logo\/image\/"},"sameAs":["https:\/\/www.facebook.com\/Trusted.Translations","https:\/\/x.com\/TrustedT9ns","https:\/\/www.linkedin.com\/company\/trusted-translations"]}]}},"toolset-meta":{"dyk":{"mensaje-1":{"type":"textfield","raw":"Wir bieten Fortune-500-Unternehmen Qualit\u00e4ts\u00fcbersetzungen zu Preisen von 25 - 50% unter den Marktpreisen an."},"mensaje-2":{"type":"textfield","raw":"<em>Trusted Translations<\/em> ist der Komplettl\u00f6sungsanbieter f\u00fcr f\u00fchrende Wirtschaftsberatungsunternehmen."},"mensaje-3":{"type":"textfield","raw":""},"mensaje-4":{"type":"textfield","raw":""},"mensaje-5":{"type":"textfield","raw":""},"mensaje-6":{"type":"textfield","raw":""}},"single-page-template-fields":{"imgs-temp":{"type":"image","raw":["https:\/\/static.trustedtranslations.com\/wp-content\/uploads\/2024\/05\/Group-62-1.webp"],"repeatable":[{"raw":"https:\/\/static.trustedtranslations.com\/wp-content\/uploads\/2024\/05\/Group-62-1.webp"}]},"imgs-temp-cel":{"type":"image","raw":[""],"repeatable":[{"raw":""}]},"img-temp-one-cel":{"type":"image","raw":"https:\/\/static.trustedtranslations.com\/wp-content\/uploads\/2024\/05\/Group-62-1-1-1.webp","attachment_id":null},"quotes":{"type":"textarea","raw":"<h1 style=\"margin-bottom: 12px;\">\u00dcbersetzungsdienstleistungen f\u00fcr Unternehmen:<\/h1>Eine multinationale, multikulturelle Pr\u00e4senz zu haben, ist ein absolutes Muss f\u00fcr jedes Unternehmen in der heutigen globalen Wirtschaft. In einem herausfordernden wirtschaftlichen Umfeld und einer Zeit der Markterweiterung ben\u00f6tigen Sie einen erfahrenen Anbieter von \u00dcbersetzungen, damit Sie Ihren Bed\u00fcrfnissen an gesch\u00e4ftlichen \u00dcbersetzungen gerecht werden. Trusted Translations arbeitet t\u00e4glich mit gro\u00dfen, mittleren und kleinen Unternehmen zusammen und kann Ihrem Unternehmen helfen, sich im Wettbewerb effektiv zu behaupten.<div style=\"margin-top: 2.5vw;\"><a class=\"tt-btn-main-cta\" href=\"\/de\/angebot\">KOSTENLOSEN KOSTENVORANSCHLAG ANFORDERN<\/a><\/div>"},"text-1":{"type":"textarea","raw":"<h2 style=\"margin-top: -10px; padding-bottom:20px\">Multidisziplin\u00e4rer Ansatz f\u00fcr gesch\u00e4ftliche \u00dcbersetzungen<\/h2>Keine zwei Unternehmen sind genau gleich. Aus diesem Grund verf\u00fcgen wir bei Trusted Translations \u00fcber ein vielseitiges, gut abgerundetes Team, um unabh\u00e4ngig vom Projekt oder der Unternehmensgr\u00f6\u00dfe hochwertige \u00dcbersetzungsdienstleistungen f\u00fcr Unternehmen bereitzustellen.\r\n\r\nUnser \u00dcbersetzungsdienst f\u00fcr Unternehmen umfasst einen multidisziplin\u00e4ren Ansatz, an dem \u00dcbersetzungsexperten aus den Bereichen Marketing, Finanzen, Buchhaltung, Personalwesen und Recht beteiligt sind. In vielen F\u00e4llen lassen wir mehrere Experten an einem \u00dcbersetzungsprojekt arbeiten, um sicherzustellen, dass es Ihre Ziele erreicht und Sie gleichzeitig vor m\u00f6glichen Haftungsanspr\u00fcchen sch\u00fctzt.\r\n\r\nWenn sich beispielsweise Rechts- und Gesch\u00e4ftskommunikation vermischen, ist es entscheidend, mit einem \u00dcbersetzungsteam zusammenzuarbeiten, das \u00fcber globales und juristisches Fachwissen verf\u00fcgt. Die Art und Weise, wie Ihre Kommunikationen in einer bestimmten Region oder einem bestimmten Land \u00fcbersetzt werden, kann rechtliche Auswirkungen haben, die es in einem anderen Land nicht gibt. Unsere \u00dcbersetzungsexperten machen Sie auf diese Probleme und potenziellen Konflikte aufmerksam, damit Sie unabh\u00e4ngig vom Standort die vern\u00fcnftigsten und effektivsten Gesch\u00e4ftsentscheidungen treffen k\u00f6nnen.\r\n<h2  style=\"padding-bottom:20px\">Internationale gesch\u00e4ftliche \u00dcbersetzungen<\/h2>Eine der Herausforderungen bei der Gesch\u00e4ftst\u00e4tigkeit in einem anderen Land ist der Versuch, die Feinheiten der lokalen Regulierungsbeh\u00f6rden und Regierungsstellen zu verstehen. Trusted Translations hat mit den f\u00fchrenden multinationalen Unternehmen weltweit zusammengearbeitet und ihnen geholfen, erfolgreich neue L\u00e4nder und M\u00e4rkte zu erschlie\u00dfen. Dabei haben wir umfangreiches Wissen \u00fcber zahlreiche Regionen und deren lokalen \u00dcbersetzungsanforderungen gesammelt.\r\n\r\nWir haben Tausende von Jahresabschl\u00fcssen und wichtigen Unternehmensdokumenten f\u00fcr unsere Kunden \u00fcbersetzt, damit sie in neuen M\u00e4rkten gesetzeskonforme Gesch\u00e4fte t\u00e4tigen k\u00f6nnen. Lassen Sie uns den Weg ebnen, damit Sie problemlos in neue internationale M\u00e4rkte eintreten k\u00f6nnen."},"shortcode-map":{"type":"textfield","raw":""},"dyk-shortcode":{"type":"textfield","raw":"[elementor-template id=\"146647\"]"},"text-2":{"type":"textarea","raw":"<h2 style=\"padding-bottom:20px\">Teams f\u00fcr gesch\u00e4ftliche \u00dcbersetzungen<\/h2>Trusted Translations ist stolz auf die hohe Qualit\u00e4t und Referenzen unserer Teammitglieder. Alle unsere gesch\u00e4ftlichen \u00dcbersetzer haben Zugang zu \u00dcbersetzungsspeichern, W\u00f6rterb\u00fcchern und propriet\u00e4ren Listen mit Branchenbegriffen, um sicherzustellen, dass die \u00dcbersetzungen selbst bei den gr\u00f6\u00dften und komplexesten Projekten sowohl genau als auch konsistent sind.\r\n\r\nAlle unsere \u00dcbersetzer sind an eine Gesch\u00e4ftsgeheimnis- und Unternehmensgeheimhaltungsvereinbarung gebunden. Als vertrauensw\u00fcrdiger Partner von Fortune-500-Unternehmen, Regierungsorganisationen und Kunden wie dem US-Milit\u00e4r nimmt Trusted Translations Vertraulichkeits- und Sicherheitsfragen sehr ernst. Alle \u00dcbersetzungen bleiben vertraulich. Unsere \u00dcbersetzer sind mit der Natur der Branche vertraut und respektieren in vollem Umfang vertrauliche Dokumente und Informationen.\r\n<h2 style=\"padding-bottom:20px\">Ihr professioneller \u00dcbersetzungspartner im Gesch\u00e4ftsbereich<\/h2>Trusted Translations fungiert als Ihr Partner f\u00fcr Ihre gesch\u00e4ftlichen \u00dcbersetzungen. Wir werden alle Elemente Ihrer gesch\u00e4ftlichen \u00dcbersetzungsanforderungen \u00fcberpr\u00fcfen und Ihnen bei der Ausf\u00fchrung behilflich sein, um Ihnen Zeit und Geld zu sparen. Wir bieten Ihnen wichtige gesch\u00e4ftliche Einblicke in die Zielm\u00e4rkte, von den Anforderungen der lokalen Sprache bis hin zu spezifischen Feinheiten der Marketing\u00fcbersetzung.\r\n\r\nGanz gleich, ob Sie ein multinationales Unternehmen oder ein Startup mit globalen oder multikulturellen Marktbestrebungen sind, Trusted Translations ist Ihre L\u00f6sung f\u00fcr alle Ihre gesch\u00e4ftlichen \u00dcbersetzungsanforderungen."},"state":{"type":"textfield","raw":""},"city":{"type":"textarea","raw":[]}}},"_links":{"self":[{"href":"https:\/\/www.trustedtranslations.com\/de\/wp-json\/wp\/v2\/pages\/129374","targetHints":{"allow":["GET"]}}],"collection":[{"href":"https:\/\/www.trustedtranslations.com\/de\/wp-json\/wp\/v2\/pages"}],"about":[{"href":"https:\/\/www.trustedtranslations.com\/de\/wp-json\/wp\/v2\/types\/page"}],"author":[{"embeddable":true,"href":"https:\/\/www.trustedtranslations.com\/de\/wp-json\/wp\/v2\/users\/1"}],"replies":[{"embeddable":true,"href":"https:\/\/www.trustedtranslations.com\/de\/wp-json\/wp\/v2\/comments?post=129374"}],"version-history":[{"count":0,"href":"https:\/\/www.trustedtranslations.com\/de\/wp-json\/wp\/v2\/pages\/129374\/revisions"}],"up":[{"embeddable":true,"href":"https:\/\/www.trustedtranslations.com\/de\/wp-json\/wp\/v2\/pages\/129502"}],"wp:featuredmedia":[{"embeddable":true,"href":"https:\/\/www.trustedtranslations.com\/de\/wp-json\/wp\/v2\/media\/139628"}],"wp:attachment":[{"href":"https:\/\/www.trustedtranslations.com\/de\/wp-json\/wp\/v2\/media?parent=129374"}],"curies":[{"name":"wp","href":"https:\/\/api.w.org\/{rel}","templated":true}]}}