{"id":129389,"date":"2018-11-14T18:34:47","date_gmt":"2018-11-14T18:34:47","guid":{"rendered":"https:\/\/www.trustedtranslations.com\/?page_id=129389"},"modified":"2024-09-03T11:46:49","modified_gmt":"2024-09-03T14:46:49","slug":"benutzerdefinierte-mt","status":"publish","type":"page","link":"https:\/\/www.trustedtranslations.com\/de\/dienstleistungen\/maschine\/benutzerdefinierte-mt","title":{"rendered":"Entwicklung der MT"},"content":{"rendered":"","protected":false},"excerpt":{"rendered":"","protected":false},"author":1,"featured_media":237568,"parent":129394,"menu_order":2,"comment_status":"closed","ping_status":"closed","template":"","meta":{"site-sidebar-layout":"default","site-content-layout":"default","ast-site-content-layout":"default","site-content-style":"default","site-sidebar-style":"default","ast-global-header-display":"","ast-banner-title-visibility":"","ast-main-header-display":"","ast-hfb-above-header-display":"","ast-hfb-below-header-display":"","ast-hfb-mobile-header-display":"","site-post-title":"disabled","ast-breadcrumbs-content":"","ast-featured-img":"","footer-sml-layout":"","ast-disable-related-posts":"","theme-transparent-header-meta":"default","adv-header-id-meta":"","stick-header-meta":"","header-above-stick-meta":"","header-main-stick-meta":"","header-below-stick-meta":"","astra-migrate-meta-layouts":"set","ast-page-background-enabled":"default","ast-page-background-meta":{"desktop":{"background-color":"var(--ast-global-color-4)","background-image":"","background-repeat":"repeat","background-position":"center center","background-size":"auto","background-attachment":"scroll","background-type":"","background-media":"","overlay-type":"","overlay-color":"","overlay-opacity":"","overlay-gradient":""},"tablet":{"background-color":"","background-image":"","background-repeat":"repeat","background-position":"center center","background-size":"auto","background-attachment":"scroll","background-type":"","background-media":"","overlay-type":"","overlay-color":"","overlay-opacity":"","overlay-gradient":""},"mobile":{"background-color":"","background-image":"","background-repeat":"repeat","background-position":"center center","background-size":"auto","background-attachment":"scroll","background-type":"","background-media":"","overlay-type":"","overlay-color":"","overlay-opacity":"","overlay-gradient":""}},"ast-content-background-meta":{"desktop":{"background-color":"var(--ast-global-color-5)","background-image":"","background-repeat":"repeat","background-position":"center center","background-size":"auto","background-attachment":"scroll","background-type":"","background-media":"","overlay-type":"","overlay-color":"","overlay-opacity":"","overlay-gradient":""},"tablet":{"background-color":"var(--ast-global-color-5)","background-image":"","background-repeat":"repeat","background-position":"center center","background-size":"auto","background-attachment":"scroll","background-type":"","background-media":"","overlay-type":"","overlay-color":"","overlay-opacity":"","overlay-gradient":""},"mobile":{"background-color":"var(--ast-global-color-5)","background-image":"","background-repeat":"repeat","background-position":"center center","background-size":"auto","background-attachment":"scroll","background-type":"","background-media":"","overlay-type":"","overlay-color":"","overlay-opacity":"","overlay-gradient":""}},"footnotes":""},"class_list":["post-129389","page","type-page","status-publish","has-post-thumbnail","hentry"],"yoast_head":"<!-- This site is optimized with the Yoast SEO plugin v27.5 - https:\/\/yoast.com\/product\/yoast-seo-wordpress\/ -->\n<title>Entwicklungsprozess der benutzerdefinierten Maschinen\u00fcbersetzung: Trusted Translations<\/title>\n<meta name=\"description\" content=\"Um ein neues kundenspezifisches Maschinen\u00fcbersetzungssystem einzuf\u00fchren ben\u00f6tigt Trusted Translations ein anf\u00e4ngliches Training und Setup, um ein neues MT-System aufzubauen.\" \/>\n<meta name=\"robots\" content=\"index, follow, max-snippet:-1, max-image-preview:large, max-video-preview:-1\" \/>\n<link rel=\"canonical\" href=\"https:\/\/www.trustedtranslations.com\/de\/dienstleistungen\/maschine\/benutzerdefinierte-mt\" \/>\n<meta property=\"og:locale\" content=\"de_DE\" \/>\n<meta property=\"og:type\" content=\"article\" \/>\n<meta property=\"og:title\" content=\"Entwicklungsprozess der benutzerdefinierten Maschinen\u00fcbersetzung: Trusted Translations\" \/>\n<meta property=\"og:description\" content=\"Um ein neues kundenspezifisches Maschinen\u00fcbersetzungssystem einzuf\u00fchren ben\u00f6tigt Trusted Translations ein anf\u00e4ngliches Training und Setup, um ein neues MT-System aufzubauen.\" \/>\n<meta property=\"og:url\" content=\"https:\/\/www.trustedtranslations.com\/de\/dienstleistungen\/maschine\/benutzerdefinierte-mt\" \/>\n<meta property=\"og:site_name\" content=\"Trusted Translations, Inc.\" \/>\n<meta property=\"article:publisher\" content=\"https:\/\/www.facebook.com\/Trusted.Translations\" \/>\n<meta property=\"article:modified_time\" content=\"2024-09-03T14:46:49+00:00\" \/>\n<meta property=\"og:image\" content=\"https:\/\/static.trustedtranslations.com\/wp-content\/uploads\/2024\/02\/Recurso-16.png\" \/>\n\t<meta property=\"og:image:width\" content=\"150\" \/>\n\t<meta property=\"og:image:height\" content=\"150\" \/>\n\t<meta property=\"og:image:type\" content=\"image\/png\" \/>\n<meta name=\"twitter:card\" content=\"summary_large_image\" \/>\n<meta name=\"twitter:site\" content=\"@TrustedT9ns\" \/>\n<script type=\"application\/ld+json\" class=\"yoast-schema-graph\">{\"@context\":\"https:\\\/\\\/schema.org\",\"@graph\":[{\"@type\":\"WebPage\",\"@id\":\"https:\\\/\\\/www.trustedtranslations.com\\\/de\\\/dienstleistungen\\\/maschine\\\/benutzerdefinierte-mt\",\"url\":\"https:\\\/\\\/www.trustedtranslations.com\\\/de\\\/dienstleistungen\\\/maschine\\\/benutzerdefinierte-mt\",\"name\":\"Entwicklungsprozess der benutzerdefinierten Maschinen\u00fcbersetzung: Trusted Translations\",\"isPartOf\":{\"@id\":\"https:\\\/\\\/www.trustedtranslations.com\\\/de\\\/#website\"},\"primaryImageOfPage\":{\"@id\":\"https:\\\/\\\/www.trustedtranslations.com\\\/de\\\/dienstleistungen\\\/maschine\\\/benutzerdefinierte-mt#primaryimage\"},\"image\":{\"@id\":\"https:\\\/\\\/www.trustedtranslations.com\\\/de\\\/dienstleistungen\\\/maschine\\\/benutzerdefinierte-mt#primaryimage\"},\"thumbnailUrl\":\"https:\\\/\\\/www.trustedtranslations.com\\\/wp-content\\\/uploads\\\/2024\\\/02\\\/Recurso-16.png\",\"description\":\"Um ein neues kundenspezifisches Maschinen\u00fcbersetzungssystem einzuf\u00fchren ben\u00f6tigt Trusted Translations ein anf\u00e4ngliches Training und Setup, um ein neues MT-System aufzubauen.\",\"breadcrumb\":{\"@id\":\"https:\\\/\\\/www.trustedtranslations.com\\\/de\\\/dienstleistungen\\\/maschine\\\/benutzerdefinierte-mt#breadcrumb\"},\"inLanguage\":\"de\",\"potentialAction\":[{\"@type\":\"ReadAction\",\"target\":[\"https:\\\/\\\/www.trustedtranslations.com\\\/de\\\/dienstleistungen\\\/maschine\\\/benutzerdefinierte-mt\"]}]},{\"@type\":\"ImageObject\",\"inLanguage\":\"de\",\"@id\":\"https:\\\/\\\/www.trustedtranslations.com\\\/de\\\/dienstleistungen\\\/maschine\\\/benutzerdefinierte-mt#primaryimage\",\"url\":\"https:\\\/\\\/www.trustedtranslations.com\\\/wp-content\\\/uploads\\\/2024\\\/02\\\/Recurso-16.png\",\"contentUrl\":\"https:\\\/\\\/www.trustedtranslations.com\\\/wp-content\\\/uploads\\\/2024\\\/02\\\/Recurso-16.png\",\"width\":150,\"height\":150,\"caption\":\"Recurso 16\"},{\"@type\":\"BreadcrumbList\",\"@id\":\"https:\\\/\\\/www.trustedtranslations.com\\\/de\\\/dienstleistungen\\\/maschine\\\/benutzerdefinierte-mt#breadcrumb\",\"itemListElement\":[{\"@type\":\"ListItem\",\"position\":1,\"name\":\"Home\",\"item\":\"https:\\\/\\\/www.trustedtranslations.com\\\/de\"},{\"@type\":\"ListItem\",\"position\":2,\"name\":\"Dienstleistungen\",\"item\":\"https:\\\/\\\/www.trustedtranslations.com\\\/de\\\/dienstleistungen\"},{\"@type\":\"ListItem\",\"position\":3,\"name\":\"Maschinen\u00fcbersetzung\",\"item\":\"https:\\\/\\\/www.trustedtranslations.com\\\/de\\\/dienstleistungen\\\/maschine\"},{\"@type\":\"ListItem\",\"position\":4,\"name\":\"Entwicklung der MT\"}]},{\"@type\":\"WebSite\",\"@id\":\"https:\\\/\\\/www.trustedtranslations.com\\\/de\\\/#website\",\"url\":\"https:\\\/\\\/www.trustedtranslations.com\\\/de\\\/\",\"name\":\"Trusted Translations, Inc.\",\"description\":\"Leader in translation and interpretation services.\",\"publisher\":{\"@id\":\"https:\\\/\\\/www.trustedtranslations.com\\\/de\\\/#organization\"},\"alternateName\":\"Trusted Translations\",\"potentialAction\":[{\"@type\":\"SearchAction\",\"target\":{\"@type\":\"EntryPoint\",\"urlTemplate\":\"https:\\\/\\\/www.trustedtranslations.com\\\/de\\\/?s={search_term_string}\"},\"query-input\":{\"@type\":\"PropertyValueSpecification\",\"valueRequired\":true,\"valueName\":\"search_term_string\"}}],\"inLanguage\":\"de\"},{\"@type\":\"Organization\",\"@id\":\"https:\\\/\\\/www.trustedtranslations.com\\\/de\\\/#organization\",\"name\":\"Trusted Translations\",\"alternateName\":\"Trusted Translations, Inc.\",\"url\":\"https:\\\/\\\/www.trustedtranslations.com\\\/de\\\/\",\"logo\":{\"@type\":\"ImageObject\",\"inLanguage\":\"de\",\"@id\":\"https:\\\/\\\/www.trustedtranslations.com\\\/de\\\/#\\\/schema\\\/logo\\\/image\\\/\",\"url\":\"https:\\\/\\\/static.trustedtranslations.com\\\/wp-content\\\/uploads\\\/2022\\\/01\\\/TT_logo_WSIColors-2.png\",\"contentUrl\":\"https:\\\/\\\/static.trustedtranslations.com\\\/wp-content\\\/uploads\\\/2022\\\/01\\\/TT_logo_WSIColors-2.png\",\"width\":500,\"height\":196,\"caption\":\"Trusted Translations\"},\"image\":{\"@id\":\"https:\\\/\\\/www.trustedtranslations.com\\\/de\\\/#\\\/schema\\\/logo\\\/image\\\/\"},\"sameAs\":[\"https:\\\/\\\/www.facebook.com\\\/Trusted.Translations\",\"https:\\\/\\\/x.com\\\/TrustedT9ns\",\"https:\\\/\\\/www.linkedin.com\\\/company\\\/trusted-translations\"]}]}<\/script>\n<!-- \/ Yoast SEO plugin. -->","yoast_head_json":{"title":"Entwicklungsprozess der benutzerdefinierten Maschinen\u00fcbersetzung: Trusted Translations","description":"Um ein neues kundenspezifisches Maschinen\u00fcbersetzungssystem einzuf\u00fchren ben\u00f6tigt Trusted Translations ein anf\u00e4ngliches Training und Setup, um ein neues MT-System aufzubauen.","robots":{"index":"index","follow":"follow","max-snippet":"max-snippet:-1","max-image-preview":"max-image-preview:large","max-video-preview":"max-video-preview:-1"},"canonical":"https:\/\/www.trustedtranslations.com\/de\/dienstleistungen\/maschine\/benutzerdefinierte-mt","og_locale":"de_DE","og_type":"article","og_title":"Entwicklungsprozess der benutzerdefinierten Maschinen\u00fcbersetzung: Trusted Translations","og_description":"Um ein neues kundenspezifisches Maschinen\u00fcbersetzungssystem einzuf\u00fchren ben\u00f6tigt Trusted Translations ein anf\u00e4ngliches Training und Setup, um ein neues MT-System aufzubauen.","og_url":"https:\/\/www.trustedtranslations.com\/de\/dienstleistungen\/maschine\/benutzerdefinierte-mt","og_site_name":"Trusted Translations, Inc.","article_publisher":"https:\/\/www.facebook.com\/Trusted.Translations","article_modified_time":"2024-09-03T14:46:49+00:00","og_image":[{"width":150,"height":150,"url":"https:\/\/static.trustedtranslations.com\/wp-content\/uploads\/2024\/02\/Recurso-16.png","type":"image\/png"}],"twitter_card":"summary_large_image","twitter_site":"@TrustedT9ns","schema":{"@context":"https:\/\/schema.org","@graph":[{"@type":"WebPage","@id":"https:\/\/www.trustedtranslations.com\/de\/dienstleistungen\/maschine\/benutzerdefinierte-mt","url":"https:\/\/www.trustedtranslations.com\/de\/dienstleistungen\/maschine\/benutzerdefinierte-mt","name":"Entwicklungsprozess der benutzerdefinierten Maschinen\u00fcbersetzung: Trusted Translations","isPartOf":{"@id":"https:\/\/www.trustedtranslations.com\/de\/#website"},"primaryImageOfPage":{"@id":"https:\/\/www.trustedtranslations.com\/de\/dienstleistungen\/maschine\/benutzerdefinierte-mt#primaryimage"},"image":{"@id":"https:\/\/www.trustedtranslations.com\/de\/dienstleistungen\/maschine\/benutzerdefinierte-mt#primaryimage"},"thumbnailUrl":"https:\/\/www.trustedtranslations.com\/wp-content\/uploads\/2024\/02\/Recurso-16.png","description":"Um ein neues kundenspezifisches Maschinen\u00fcbersetzungssystem einzuf\u00fchren ben\u00f6tigt Trusted Translations ein anf\u00e4ngliches Training und Setup, um ein neues MT-System aufzubauen.","breadcrumb":{"@id":"https:\/\/www.trustedtranslations.com\/de\/dienstleistungen\/maschine\/benutzerdefinierte-mt#breadcrumb"},"inLanguage":"de","potentialAction":[{"@type":"ReadAction","target":["https:\/\/www.trustedtranslations.com\/de\/dienstleistungen\/maschine\/benutzerdefinierte-mt"]}]},{"@type":"ImageObject","inLanguage":"de","@id":"https:\/\/www.trustedtranslations.com\/de\/dienstleistungen\/maschine\/benutzerdefinierte-mt#primaryimage","url":"https:\/\/www.trustedtranslations.com\/wp-content\/uploads\/2024\/02\/Recurso-16.png","contentUrl":"https:\/\/www.trustedtranslations.com\/wp-content\/uploads\/2024\/02\/Recurso-16.png","width":150,"height":150,"caption":"Recurso 16"},{"@type":"BreadcrumbList","@id":"https:\/\/www.trustedtranslations.com\/de\/dienstleistungen\/maschine\/benutzerdefinierte-mt#breadcrumb","itemListElement":[{"@type":"ListItem","position":1,"name":"Home","item":"https:\/\/www.trustedtranslations.com\/de"},{"@type":"ListItem","position":2,"name":"Dienstleistungen","item":"https:\/\/www.trustedtranslations.com\/de\/dienstleistungen"},{"@type":"ListItem","position":3,"name":"Maschinen\u00fcbersetzung","item":"https:\/\/www.trustedtranslations.com\/de\/dienstleistungen\/maschine"},{"@type":"ListItem","position":4,"name":"Entwicklung der MT"}]},{"@type":"WebSite","@id":"https:\/\/www.trustedtranslations.com\/de\/#website","url":"https:\/\/www.trustedtranslations.com\/de\/","name":"Trusted Translations, Inc.","description":"Leader in translation and interpretation services.","publisher":{"@id":"https:\/\/www.trustedtranslations.com\/de\/#organization"},"alternateName":"Trusted Translations","potentialAction":[{"@type":"SearchAction","target":{"@type":"EntryPoint","urlTemplate":"https:\/\/www.trustedtranslations.com\/de\/?s={search_term_string}"},"query-input":{"@type":"PropertyValueSpecification","valueRequired":true,"valueName":"search_term_string"}}],"inLanguage":"de"},{"@type":"Organization","@id":"https:\/\/www.trustedtranslations.com\/de\/#organization","name":"Trusted Translations","alternateName":"Trusted Translations, Inc.","url":"https:\/\/www.trustedtranslations.com\/de\/","logo":{"@type":"ImageObject","inLanguage":"de","@id":"https:\/\/www.trustedtranslations.com\/de\/#\/schema\/logo\/image\/","url":"https:\/\/static.trustedtranslations.com\/wp-content\/uploads\/2022\/01\/TT_logo_WSIColors-2.png","contentUrl":"https:\/\/static.trustedtranslations.com\/wp-content\/uploads\/2022\/01\/TT_logo_WSIColors-2.png","width":500,"height":196,"caption":"Trusted Translations"},"image":{"@id":"https:\/\/www.trustedtranslations.com\/de\/#\/schema\/logo\/image\/"},"sameAs":["https:\/\/www.facebook.com\/Trusted.Translations","https:\/\/x.com\/TrustedT9ns","https:\/\/www.linkedin.com\/company\/trusted-translations"]}]}},"toolset-meta":{"dyk":{"mensaje-1":{"type":"textfield","raw":""},"mensaje-2":{"type":"textfield","raw":"Trusted Translations bietet kostenlose IT-Beratungen an, um festzustellen, ob CNMT das Richtige f\u00fcr Sie ist."},"mensaje-3":{"type":"textfield","raw":"Anpassungen tragen dazu bei, dass die \u00dcbersetzungen der Branche, dem Ton und der Terminologie Ihres Unternehmens entsprechen."},"mensaje-4":{"type":"textfield","raw":"Die CNMTE-L\u00f6sungen von Trusted Translations gew\u00e4hrleisten h\u00f6chste Sicherheit f\u00fcr Ihre Projekte."},"mensaje-5":{"type":"textfield","raw":""},"mensaje-6":{"type":"textfield","raw":""}},"single-page-template-fields":{"imgs-temp":{"type":"image","raw":["https:\/\/static.trustedtranslations.com\/wp-content\/uploads\/2024\/07\/machine-ok-3-1-1.webp","https:\/\/static.trustedtranslations.com\/wp-content\/uploads\/2024\/07\/machine-ok-1.webp","https:\/\/static.trustedtranslations.com\/wp-content\/uploads\/2024\/07\/machine-ok-2-1-1.webp"],"repeatable":[{"raw":"https:\/\/static.trustedtranslations.com\/wp-content\/uploads\/2024\/07\/machine-ok-3-1-1.webp"},{"raw":"https:\/\/static.trustedtranslations.com\/wp-content\/uploads\/2024\/07\/machine-ok-1.webp"},{"raw":"https:\/\/static.trustedtranslations.com\/wp-content\/uploads\/2024\/07\/machine-ok-2-1-1.webp"}]},"imgs-temp-cel":{"type":"image","raw":[""],"repeatable":[{"raw":""}]},"img-temp-one-cel":{"type":"image","raw":"https:\/\/static.trustedtranslations.com\/wp-content\/uploads\/2024\/07\/AdobeStock_445707123-2-1.webp","attachment_id":null},"quotes":{"type":"textarea","raw":"<h1 style=\"margin-bottom: 12px;\">Entwicklungsprozess f\u00fcr benutzerdefinierte neuronale maschinelle \u00dcbersetzung<\/h1>\r\nJede Umgebung ist anders. Unser erster Schritt besteht darin, die Inhalte und Ziele des Kunden zu verstehen. Was sind die besonderen Anforderungen Ihrer Inhalte? Welche Art von Workflow ist f\u00fcr Ihre Inhalte und Ihr Unternehmen geeignet? Haben Sie Sicherheits- und\/oder IT-Anforderungen, die wir ber\u00fccksichtigen m\u00fcssen? Die Antworten auf diese Fragen helfen nicht nur bei der Bestimmung der geeigneten Technologie, sondern auch bei der Festlegung der entsprechenden Verfahren und Erfolgskriterien f\u00fcr das Projekt.\r\n<div style=\"margin-top: 2.5vw;\"><a class=\"tt-btn-main-cta\" href=\"\/de\/angebot\">KOSTENLOSEN KOSTENVORANSCHLAG ANFORDERN<\/a><\/div>"},"text-1":{"type":"textarea","raw":"<h2>Auswahl einer Baseline-Engine<\/h2>\r\nDie Baseline-Engine ist die Grundlage, auf der wir das Projekt aufbauen werden. Auf dem Markt gibt es mehrere Angebote wie z. B. Google, Microsoft, Amazon und sogar Apple, zusammen mit anderen kleineren, aber effektiven Branchenakteuren. Wir arbeiten mit dem Kunden zusammen, um zu bestimmen, welche Engine f\u00fcr seine Bed\u00fcrfnisse am besten geeignet ist. Zu diesem Zweck bieten wir eine mehrfache API sowie ein automatisiertes Testsystem an, mit dem wir je nach Ihren Anforderungen die richtige Engine f\u00fcr Ihre Inhalte ausw\u00e4hlen k\u00f6nnen.\r\n<h2>Auswahl der Daten und Korpusvorbereitung<\/h2>\r\nDer Ausgangspunkt f\u00fcr eine kundenspezifische neuronale maschinelle \u00dcbersetzungsengine besteht darin, zuvor \u00fcbersetzte Materialien zu finden und zu verwenden, deren Inhalt dem zu \u00fcbersetzenden Inhalt so \u00e4hnlich wie m\u00f6glich ist. Je mehr bereits \u00fcbersetztes Material zur Verf\u00fcgung steht, desto schneller und kosteng\u00fcnstiger wird dieser Prozess sein. Wenn Quelle und Ziel nicht bereits als \u00dcbersetzungsspeicher-Einheiten verkn\u00fcpft sind, kann eine Anpassung durchgef\u00fchrt werden, um die zweisprachigen Inhalte zu erhalten, die zur Steigerung der Leistung der Engine erforderlich sind.\r\n\r\n<strong>N\u00e4chster Schritt: Einsprachiger (Ziel-)Inhalt<\/strong>\r\nWenn ausreichende Mengen an Zielreferenzinhalten vorhanden sind, ist es m\u00f6glich, sowohl den Stil als auch die Terminologie zu nutzen, indem man sie dem Mix hinzuf\u00fcgt.\r\n<strong>Letzter Schritt: Spezialisierter Korpus aus zus\u00e4tzlichen Quellen<\/strong>\r\nWir werden das Internet nach Materialien durchsuchen, die so genau wie m\u00f6glich auf den Inhalt abgestimmt sind, der durch die Engine laufen wird. Es lohnt sich immer, Zeit in die Suche nach den qualitativ besten Korpora zu investieren. Das Gleiche gilt f\u00fcr zweisprachige Daten, die \u00fcber Datenmarktpl\u00e4tze bezogen werden k\u00f6nnen."},"shortcode-map":{"type":"textfield","raw":""},"dyk-shortcode":{"type":"textfield","raw":"[elementor-template id=\"146647\"]"},"text-2":{"type":"textarea","raw":"<h2>Umschulung: Neue CNMTEs werden durch menschliche Nachbearbeitung verbessert<\/h2>\r\nEine g\u00e4ngige Konfiguration besteht darin, menschliche Nachbearbeitung in den Prozess zu integrieren, um die Ergebnisse zu verbessern. Im Rahmen dieses Arbeitsablaufs wird die Ausgabe der kundenspezifischen neuronalen Maschinen\u00fcbersetzungsengine von unseren fachkundigen Linguisten bearbeitet, um ihre Qualit\u00e4t zu verbessern und die Engine f\u00fcr zuk\u00fcnftige \u00dcbersetzungen neu zu trainieren. Wenn der Pr\u00fcfer die Ausgabe modifiziert, wird die Engine mithilfe eines dynamischen adaptiven Modells intelligenter. Je mehr \u00dcbersetzungen durch die Engine flie\u00dfen, desto intelligenter wird sie mit der Zeit. Mit anderen Worten: Der Qualit\u00e4tsunterschied zwischen einer vollst\u00e4ndigen menschlichen \u00dcbersetzung und dieser L\u00f6sung verringert sich drastisch, w\u00e4hrend die Durchlaufzeit und die Kosten erheblich reduziert werden. Unserer Meinung nach werden diese Engines f\u00fcr jeden Kunden mit wiederkehrendem Bedarf ein Vorteil und ein Unterscheidungsmerkmal auf dem Markt sein."},"state":{"type":"textfield","raw":""},"city":{"type":"textarea","raw":[]}}},"_links":{"self":[{"href":"https:\/\/www.trustedtranslations.com\/de\/wp-json\/wp\/v2\/pages\/129389","targetHints":{"allow":["GET"]}}],"collection":[{"href":"https:\/\/www.trustedtranslations.com\/de\/wp-json\/wp\/v2\/pages"}],"about":[{"href":"https:\/\/www.trustedtranslations.com\/de\/wp-json\/wp\/v2\/types\/page"}],"author":[{"embeddable":true,"href":"https:\/\/www.trustedtranslations.com\/de\/wp-json\/wp\/v2\/users\/1"}],"replies":[{"embeddable":true,"href":"https:\/\/www.trustedtranslations.com\/de\/wp-json\/wp\/v2\/comments?post=129389"}],"version-history":[{"count":0,"href":"https:\/\/www.trustedtranslations.com\/de\/wp-json\/wp\/v2\/pages\/129389\/revisions"}],"up":[{"embeddable":true,"href":"https:\/\/www.trustedtranslations.com\/de\/wp-json\/wp\/v2\/pages\/129394"}],"wp:featuredmedia":[{"embeddable":true,"href":"https:\/\/www.trustedtranslations.com\/de\/wp-json\/wp\/v2\/media\/237568"}],"wp:attachment":[{"href":"https:\/\/www.trustedtranslations.com\/de\/wp-json\/wp\/v2\/media?parent=129389"}],"curies":[{"name":"wp","href":"https:\/\/api.w.org\/{rel}","templated":true}]}}