{"id":129390,"date":"2018-11-14T18:14:49","date_gmt":"2018-11-14T18:14:49","guid":{"rendered":"https:\/\/www.trustedtranslations.com\/?page_id=129390"},"modified":"2024-09-04T17:59:16","modified_gmt":"2024-09-04T20:59:16","slug":"custom-mt-engines","status":"publish","type":"page","link":"https:\/\/www.trustedtranslations.com\/de\/dienstleistungen\/maschine\/custom-mt-engines","title":{"rendered":"Kundenspezifische NMT-Systeme"},"content":{"rendered":"","protected":false},"excerpt":{"rendered":"","protected":false},"author":1,"featured_media":248033,"parent":129394,"menu_order":1,"comment_status":"closed","ping_status":"closed","template":"","meta":{"site-sidebar-layout":"default","site-content-layout":"default","ast-site-content-layout":"default","site-content-style":"default","site-sidebar-style":"default","ast-global-header-display":"","ast-banner-title-visibility":"","ast-main-header-display":"","ast-hfb-above-header-display":"","ast-hfb-below-header-display":"","ast-hfb-mobile-header-display":"","site-post-title":"disabled","ast-breadcrumbs-content":"","ast-featured-img":"","footer-sml-layout":"","ast-disable-related-posts":"","theme-transparent-header-meta":"default","adv-header-id-meta":"","stick-header-meta":"","header-above-stick-meta":"","header-main-stick-meta":"","header-below-stick-meta":"","astra-migrate-meta-layouts":"set","ast-page-background-enabled":"default","ast-page-background-meta":{"desktop":{"background-color":"var(--ast-global-color-4)","background-image":"","background-repeat":"repeat","background-position":"center center","background-size":"auto","background-attachment":"scroll","background-type":"","background-media":"","overlay-type":"","overlay-color":"","overlay-opacity":"","overlay-gradient":""},"tablet":{"background-color":"","background-image":"","background-repeat":"repeat","background-position":"center center","background-size":"auto","background-attachment":"scroll","background-type":"","background-media":"","overlay-type":"","overlay-color":"","overlay-opacity":"","overlay-gradient":""},"mobile":{"background-color":"","background-image":"","background-repeat":"repeat","background-position":"center center","background-size":"auto","background-attachment":"scroll","background-type":"","background-media":"","overlay-type":"","overlay-color":"","overlay-opacity":"","overlay-gradient":""}},"ast-content-background-meta":{"desktop":{"background-color":"var(--ast-global-color-5)","background-image":"","background-repeat":"repeat","background-position":"center center","background-size":"auto","background-attachment":"scroll","background-type":"","background-media":"","overlay-type":"","overlay-color":"","overlay-opacity":"","overlay-gradient":""},"tablet":{"background-color":"var(--ast-global-color-5)","background-image":"","background-repeat":"repeat","background-position":"center center","background-size":"auto","background-attachment":"scroll","background-type":"","background-media":"","overlay-type":"","overlay-color":"","overlay-opacity":"","overlay-gradient":""},"mobile":{"background-color":"var(--ast-global-color-5)","background-image":"","background-repeat":"repeat","background-position":"center center","background-size":"auto","background-attachment":"scroll","background-type":"","background-media":"","overlay-type":"","overlay-color":"","overlay-opacity":"","overlay-gradient":""}},"footnotes":""},"class_list":["post-129390","page","type-page","status-publish","has-post-thumbnail","hentry"],"yoast_head":"<!-- This site is optimized with the Yoast SEO plugin v27.6 - https:\/\/yoast.com\/product\/yoast-seo-wordpress\/ -->\n<title>Kundenspezifische Maschinen\u00fcbersetzungssysteme: Trusted Translations<\/title>\n<meta name=\"description\" content=\"Trusted Translations ist ein globaler Marktf\u00fchrer bei der Implementierung von kundenspezifischen Maschinen\u00fcbersetzungssystemen (CMTE), um \u00dcbersetzungen von hoher Qualit\u00e4t zu liefern.\" \/>\n<meta name=\"robots\" content=\"index, follow, max-snippet:-1, max-image-preview:large, max-video-preview:-1\" \/>\n<link rel=\"canonical\" href=\"https:\/\/www.trustedtranslations.com\/de\/dienstleistungen\/maschine\/custom-mt-engines\" \/>\n<meta property=\"og:locale\" content=\"de_DE\" \/>\n<meta property=\"og:type\" content=\"article\" \/>\n<meta property=\"og:title\" content=\"Kundenspezifische Maschinen\u00fcbersetzungssysteme: Trusted Translations\" \/>\n<meta property=\"og:description\" content=\"Trusted Translations ist ein globaler Marktf\u00fchrer bei der Implementierung von kundenspezifischen Maschinen\u00fcbersetzungssystemen (CMTE), um \u00dcbersetzungen von hoher Qualit\u00e4t zu liefern.\" \/>\n<meta property=\"og:url\" content=\"https:\/\/www.trustedtranslations.com\/de\/dienstleistungen\/maschine\/custom-mt-engines\" \/>\n<meta property=\"og:site_name\" content=\"Trusted Translations, Inc.\" \/>\n<meta property=\"article:publisher\" content=\"https:\/\/www.facebook.com\/Trusted.Translations\" \/>\n<meta property=\"article:modified_time\" content=\"2024-09-04T20:59:16+00:00\" \/>\n<meta property=\"og:image\" content=\"https:\/\/static.trustedtranslations.com\/wp-content\/uploads\/2024\/02\/Recurso-15-1.png\" \/>\n\t<meta property=\"og:image:width\" content=\"150\" \/>\n\t<meta property=\"og:image:height\" content=\"150\" \/>\n\t<meta property=\"og:image:type\" content=\"image\/png\" \/>\n<meta name=\"twitter:card\" content=\"summary_large_image\" \/>\n<meta name=\"twitter:site\" content=\"@TrustedT9ns\" \/>\n<script type=\"application\/ld+json\" class=\"yoast-schema-graph\">{\"@context\":\"https:\\\/\\\/schema.org\",\"@graph\":[{\"@type\":\"WebPage\",\"@id\":\"https:\\\/\\\/www.trustedtranslations.com\\\/de\\\/dienstleistungen\\\/maschine\\\/custom-mt-engines\",\"url\":\"https:\\\/\\\/www.trustedtranslations.com\\\/de\\\/dienstleistungen\\\/maschine\\\/custom-mt-engines\",\"name\":\"Kundenspezifische Maschinen\u00fcbersetzungssysteme: Trusted Translations\",\"isPartOf\":{\"@id\":\"https:\\\/\\\/www.trustedtranslations.com\\\/de\\\/#website\"},\"primaryImageOfPage\":{\"@id\":\"https:\\\/\\\/www.trustedtranslations.com\\\/de\\\/dienstleistungen\\\/maschine\\\/custom-mt-engines#primaryimage\"},\"image\":{\"@id\":\"https:\\\/\\\/www.trustedtranslations.com\\\/de\\\/dienstleistungen\\\/maschine\\\/custom-mt-engines#primaryimage\"},\"thumbnailUrl\":\"https:\\\/\\\/www.trustedtranslations.com\\\/wp-content\\\/uploads\\\/2024\\\/02\\\/Recurso-15-1.png\",\"description\":\"Trusted Translations ist ein globaler Marktf\u00fchrer bei der Implementierung von kundenspezifischen Maschinen\u00fcbersetzungssystemen (CMTE), um \u00dcbersetzungen von hoher Qualit\u00e4t zu liefern.\",\"breadcrumb\":{\"@id\":\"https:\\\/\\\/www.trustedtranslations.com\\\/de\\\/dienstleistungen\\\/maschine\\\/custom-mt-engines#breadcrumb\"},\"inLanguage\":\"de\",\"potentialAction\":[{\"@type\":\"ReadAction\",\"target\":[\"https:\\\/\\\/www.trustedtranslations.com\\\/de\\\/dienstleistungen\\\/maschine\\\/custom-mt-engines\"]}]},{\"@type\":\"ImageObject\",\"inLanguage\":\"de\",\"@id\":\"https:\\\/\\\/www.trustedtranslations.com\\\/de\\\/dienstleistungen\\\/maschine\\\/custom-mt-engines#primaryimage\",\"url\":\"https:\\\/\\\/www.trustedtranslations.com\\\/wp-content\\\/uploads\\\/2024\\\/02\\\/Recurso-15-1.png\",\"contentUrl\":\"https:\\\/\\\/www.trustedtranslations.com\\\/wp-content\\\/uploads\\\/2024\\\/02\\\/Recurso-15-1.png\",\"width\":150,\"height\":150,\"caption\":\"Recurso 15 1\"},{\"@type\":\"BreadcrumbList\",\"@id\":\"https:\\\/\\\/www.trustedtranslations.com\\\/de\\\/dienstleistungen\\\/maschine\\\/custom-mt-engines#breadcrumb\",\"itemListElement\":[{\"@type\":\"ListItem\",\"position\":1,\"name\":\"Home\",\"item\":\"https:\\\/\\\/www.trustedtranslations.com\\\/de\"},{\"@type\":\"ListItem\",\"position\":2,\"name\":\"Dienstleistungen\",\"item\":\"https:\\\/\\\/www.trustedtranslations.com\\\/de\\\/dienstleistungen\"},{\"@type\":\"ListItem\",\"position\":3,\"name\":\"Maschinen\u00fcbersetzung\",\"item\":\"https:\\\/\\\/www.trustedtranslations.com\\\/de\\\/dienstleistungen\\\/maschine\"},{\"@type\":\"ListItem\",\"position\":4,\"name\":\"Kundenspezifische NMT-Systeme\"}]},{\"@type\":\"WebSite\",\"@id\":\"https:\\\/\\\/www.trustedtranslations.com\\\/de\\\/#website\",\"url\":\"https:\\\/\\\/www.trustedtranslations.com\\\/de\\\/\",\"name\":\"Trusted Translations, Inc.\",\"description\":\"Leader in translation and interpretation services.\",\"publisher\":{\"@id\":\"https:\\\/\\\/www.trustedtranslations.com\\\/de\\\/#organization\"},\"alternateName\":\"Trusted Translations\",\"potentialAction\":[{\"@type\":\"SearchAction\",\"target\":{\"@type\":\"EntryPoint\",\"urlTemplate\":\"https:\\\/\\\/www.trustedtranslations.com\\\/de\\\/?s={search_term_string}\"},\"query-input\":{\"@type\":\"PropertyValueSpecification\",\"valueRequired\":true,\"valueName\":\"search_term_string\"}}],\"inLanguage\":\"de\"},{\"@type\":\"Organization\",\"@id\":\"https:\\\/\\\/www.trustedtranslations.com\\\/de\\\/#organization\",\"name\":\"Trusted Translations\",\"alternateName\":\"Trusted Translations, Inc.\",\"url\":\"https:\\\/\\\/www.trustedtranslations.com\\\/de\\\/\",\"logo\":{\"@type\":\"ImageObject\",\"inLanguage\":\"de\",\"@id\":\"https:\\\/\\\/www.trustedtranslations.com\\\/de\\\/#\\\/schema\\\/logo\\\/image\\\/\",\"url\":\"https:\\\/\\\/static.trustedtranslations.com\\\/wp-content\\\/uploads\\\/2022\\\/01\\\/TT_logo_WSIColors-2.png\",\"contentUrl\":\"https:\\\/\\\/static.trustedtranslations.com\\\/wp-content\\\/uploads\\\/2022\\\/01\\\/TT_logo_WSIColors-2.png\",\"width\":500,\"height\":196,\"caption\":\"Trusted Translations\"},\"image\":{\"@id\":\"https:\\\/\\\/www.trustedtranslations.com\\\/de\\\/#\\\/schema\\\/logo\\\/image\\\/\"},\"sameAs\":[\"https:\\\/\\\/www.facebook.com\\\/Trusted.Translations\",\"https:\\\/\\\/x.com\\\/TrustedT9ns\",\"https:\\\/\\\/www.linkedin.com\\\/company\\\/trusted-translations\"]}]}<\/script>\n<!-- \/ Yoast SEO plugin. -->","yoast_head_json":{"title":"Kundenspezifische Maschinen\u00fcbersetzungssysteme: Trusted Translations","description":"Trusted Translations ist ein globaler Marktf\u00fchrer bei der Implementierung von kundenspezifischen Maschinen\u00fcbersetzungssystemen (CMTE), um \u00dcbersetzungen von hoher Qualit\u00e4t zu liefern.","robots":{"index":"index","follow":"follow","max-snippet":"max-snippet:-1","max-image-preview":"max-image-preview:large","max-video-preview":"max-video-preview:-1"},"canonical":"https:\/\/www.trustedtranslations.com\/de\/dienstleistungen\/maschine\/custom-mt-engines","og_locale":"de_DE","og_type":"article","og_title":"Kundenspezifische Maschinen\u00fcbersetzungssysteme: Trusted Translations","og_description":"Trusted Translations ist ein globaler Marktf\u00fchrer bei der Implementierung von kundenspezifischen Maschinen\u00fcbersetzungssystemen (CMTE), um \u00dcbersetzungen von hoher Qualit\u00e4t zu liefern.","og_url":"https:\/\/www.trustedtranslations.com\/de\/dienstleistungen\/maschine\/custom-mt-engines","og_site_name":"Trusted Translations, Inc.","article_publisher":"https:\/\/www.facebook.com\/Trusted.Translations","article_modified_time":"2024-09-04T20:59:16+00:00","og_image":[{"width":150,"height":150,"url":"https:\/\/static.trustedtranslations.com\/wp-content\/uploads\/2024\/02\/Recurso-15-1.png","type":"image\/png"}],"twitter_card":"summary_large_image","twitter_site":"@TrustedT9ns","schema":{"@context":"https:\/\/schema.org","@graph":[{"@type":"WebPage","@id":"https:\/\/www.trustedtranslations.com\/de\/dienstleistungen\/maschine\/custom-mt-engines","url":"https:\/\/www.trustedtranslations.com\/de\/dienstleistungen\/maschine\/custom-mt-engines","name":"Kundenspezifische Maschinen\u00fcbersetzungssysteme: Trusted Translations","isPartOf":{"@id":"https:\/\/www.trustedtranslations.com\/de\/#website"},"primaryImageOfPage":{"@id":"https:\/\/www.trustedtranslations.com\/de\/dienstleistungen\/maschine\/custom-mt-engines#primaryimage"},"image":{"@id":"https:\/\/www.trustedtranslations.com\/de\/dienstleistungen\/maschine\/custom-mt-engines#primaryimage"},"thumbnailUrl":"https:\/\/www.trustedtranslations.com\/wp-content\/uploads\/2024\/02\/Recurso-15-1.png","description":"Trusted Translations ist ein globaler Marktf\u00fchrer bei der Implementierung von kundenspezifischen Maschinen\u00fcbersetzungssystemen (CMTE), um \u00dcbersetzungen von hoher Qualit\u00e4t zu liefern.","breadcrumb":{"@id":"https:\/\/www.trustedtranslations.com\/de\/dienstleistungen\/maschine\/custom-mt-engines#breadcrumb"},"inLanguage":"de","potentialAction":[{"@type":"ReadAction","target":["https:\/\/www.trustedtranslations.com\/de\/dienstleistungen\/maschine\/custom-mt-engines"]}]},{"@type":"ImageObject","inLanguage":"de","@id":"https:\/\/www.trustedtranslations.com\/de\/dienstleistungen\/maschine\/custom-mt-engines#primaryimage","url":"https:\/\/www.trustedtranslations.com\/wp-content\/uploads\/2024\/02\/Recurso-15-1.png","contentUrl":"https:\/\/www.trustedtranslations.com\/wp-content\/uploads\/2024\/02\/Recurso-15-1.png","width":150,"height":150,"caption":"Recurso 15 1"},{"@type":"BreadcrumbList","@id":"https:\/\/www.trustedtranslations.com\/de\/dienstleistungen\/maschine\/custom-mt-engines#breadcrumb","itemListElement":[{"@type":"ListItem","position":1,"name":"Home","item":"https:\/\/www.trustedtranslations.com\/de"},{"@type":"ListItem","position":2,"name":"Dienstleistungen","item":"https:\/\/www.trustedtranslations.com\/de\/dienstleistungen"},{"@type":"ListItem","position":3,"name":"Maschinen\u00fcbersetzung","item":"https:\/\/www.trustedtranslations.com\/de\/dienstleistungen\/maschine"},{"@type":"ListItem","position":4,"name":"Kundenspezifische NMT-Systeme"}]},{"@type":"WebSite","@id":"https:\/\/www.trustedtranslations.com\/de\/#website","url":"https:\/\/www.trustedtranslations.com\/de\/","name":"Trusted Translations, Inc.","description":"Leader in translation and interpretation services.","publisher":{"@id":"https:\/\/www.trustedtranslations.com\/de\/#organization"},"alternateName":"Trusted Translations","potentialAction":[{"@type":"SearchAction","target":{"@type":"EntryPoint","urlTemplate":"https:\/\/www.trustedtranslations.com\/de\/?s={search_term_string}"},"query-input":{"@type":"PropertyValueSpecification","valueRequired":true,"valueName":"search_term_string"}}],"inLanguage":"de"},{"@type":"Organization","@id":"https:\/\/www.trustedtranslations.com\/de\/#organization","name":"Trusted Translations","alternateName":"Trusted Translations, Inc.","url":"https:\/\/www.trustedtranslations.com\/de\/","logo":{"@type":"ImageObject","inLanguage":"de","@id":"https:\/\/www.trustedtranslations.com\/de\/#\/schema\/logo\/image\/","url":"https:\/\/static.trustedtranslations.com\/wp-content\/uploads\/2022\/01\/TT_logo_WSIColors-2.png","contentUrl":"https:\/\/static.trustedtranslations.com\/wp-content\/uploads\/2022\/01\/TT_logo_WSIColors-2.png","width":500,"height":196,"caption":"Trusted Translations"},"image":{"@id":"https:\/\/www.trustedtranslations.com\/de\/#\/schema\/logo\/image\/"},"sameAs":["https:\/\/www.facebook.com\/Trusted.Translations","https:\/\/x.com\/TrustedT9ns","https:\/\/www.linkedin.com\/company\/trusted-translations"]}]}},"toolset-meta":{"dyk":{"mensaje-1":{"type":"textfield","raw":""},"mensaje-2":{"type":"textfield","raw":"Die neuronale maschinelle \u00dcbersetzung st\u00fctzt sich auf Deep Learning, um die \u00dcbersetzung zu erleichtern."},"mensaje-3":{"type":"textfield","raw":"Benutzerdefinierte MTEs sind dem Training generischer Engines von Grund auf bei weitem vorzuziehen."},"mensaje-4":{"type":"textfield","raw":"Neuronale MTEs \u201elernen\u201c und verbessern sich im Laufe der Zeit, insbesondere bei Projekten mit hohem Volumen."},"mensaje-5":{"type":"textfield","raw":""},"mensaje-6":{"type":"textfield","raw":""}},"single-page-template-fields":{"imgs-temp":{"type":"image","raw":["https:\/\/static.trustedtranslations.com\/wp-content\/uploads\/2024\/07\/custom-neural-2-1.webp","https:\/\/static.trustedtranslations.com\/wp-content\/uploads\/2024\/07\/custom-neural-1.webp"],"repeatable":[{"raw":"https:\/\/static.trustedtranslations.com\/wp-content\/uploads\/2024\/07\/custom-neural-2-1.webp"},{"raw":"https:\/\/static.trustedtranslations.com\/wp-content\/uploads\/2024\/07\/custom-neural-1.webp"}]},"imgs-temp-cel":{"type":"image","raw":[""],"repeatable":[{"raw":""}]},"img-temp-one-cel":{"type":"image","raw":"https:\/\/static.trustedtranslations.com\/wp-content\/uploads\/2024\/07\/AdobeStock_222912660-2-1.webp","attachment_id":null},"quotes":{"type":"textarea","raw":"<h1 style=\"margin-bottom: 12px;\">Kundenspezifische neuronale Maschinen\u00fcbersetzungs-Engines<\/h1>\r\nKundenspezifische neuronale Maschinen\u00fcbersetzungsengines (CNMTEs) werden speziell f\u00fcr Kunden entwickelt, die ein gro\u00dfes \u00dcbersetzungsvolumen in einem bestimmten Bereich (d. h. Inhaltsvertikale) haben. Diese kundenspezifischen Engines k\u00f6nnen f\u00fcr jede Organisation, die eine gro\u00dfe Menge hochspezialisierter Inhalte \u00fcbersetzen muss, von gro\u00dfem Nutzen sein.\r\n<div style=\"margin-top: 2.5vw;\"><a class=\"tt-btn-main-cta\" href=\"\/de\/angebot\">KOSTENLOSEN KOSTENVORANSCHLAG ANFORDERN<\/a><\/div>"},"text-1":{"type":"textarea","raw":"<h2>Vorreiter bei qualitativ hochwertigen \u00dcbersetzungen mit ma\u00dfgeschneiderten neuronalen maschinellen \u00dcbersetzungssystemen<\/h2><em><em><em>Trusted Translations<\/em><\/em><\/em> ist auf dem neuesten Stand dieser Technologie und einer der weltweit f\u00fchrenden Anbieter hochwertiger \u00dcbersetzungen unter Verwendung von benutzerdefinierten neuronalen maschinellen \u00dcbersetzungsengines. Durch die Nutzung unserer Technologie k\u00f6nnen Unternehmen sichere, qualitativ hochwertige \u00dcbersetzungen gro\u00dfer Informationsmengen erzielen, und das alles zu einem Bruchteil der Kosten und Zeit, die mit einem typischen menschlichen \u00dcbersetzungsprozess verbunden sind.\r\nIm Folgenden sind einige der typischen Merkmale und Ziele von \u00dcbersetzungsprojekten aufgef\u00fchrt, die sich f\u00fcr unser Angebot der kundenspezifischen neuronalen maschinellen \u00dcbersetzung eignen:\r\n<p style=\"padding-left: 40px;\">\u2022 Gro\u00dfes Inhaltsvolumen\r\n\u2022 Hochspezialisierte Inhalte\r\n\u2022 Der Bedarf an schnellen Bearbeitungszeiten\r\n\u2022 Die Notwendigkeit f\u00fcr den h\u00f6chsten ROI<\/p>\r\nProjekte, die fr\u00fcher mit einem traditionellen menschlichen \u00dcbersetzungsprozess als unm\u00f6glich oder zu kostenintensiv galten, sind jetzt durch die Implementierung einer benutzerdefinierten neuronalen maschinellen \u00dcbersetzungsl\u00f6sung m\u00f6glich. <em>Trusted Translations<\/em> verf\u00fcgt \u00fcber ein IT-Team, das sich der Implementierung dieser kundenspezifischen L\u00f6sungen widmet und f\u00fcr eine kostenlose Beratung zur Verf\u00fcgung steht, um Ihnen dabei zu helfen, festzustellen, ob das gesamte Volumen Ihrer \u00dcbersetzung \u2013 oder vielleicht nur bestimmte Bereiche davon \u2013 von dieser Technologie profitieren k\u00f6nnen.\r\n\r\nDenken Sie nur daran, dass ein CNMTE kein unm\u00f6glicher Traum ist. Verbesserte Technologien, leichter zug\u00e4ngliche Plattformen und Dienste sowie ein geringeres Volumen an Datenbest\u00e4nden tragen dazu bei, dass diese leistungsstarke L\u00f6sung in Ihre Reichweite gelangt.\r\nWenn es um Sicherheit geht, bietet CNMTE die sicherste M\u00f6glichkeit, Material zu \u00fcbersetzen; es kann so angepasst werden, dass es den strengsten Anforderungen des privaten und \u00f6ffentlichen Sektors entspricht. Wir haben Erfahrung mit dem Einsatz dieser L\u00f6sungen in hochsicheren Beh\u00f6rdenumgebungen und erf\u00fcllen dabei die strengsten Branchen- und IT-Vorschriften."},"shortcode-map":{"type":"textfield","raw":""},"dyk-shortcode":{"type":"textfield","raw":"[elementor-template id=\"146647\"]"},"text-2":{"type":"textarea","raw":"<h2>Benutzerdefinierte maschinelle \u00dcbersetzung und menschlicher Nachbearbeitungsworkflow<\/h2>\r\n<img class=\"wp-image-7224 size-full alignleft\" src=\"https:\/\/www.trustedtranslations.com\/wp-content\/uploads\/2020\/01\/custom-mt-engines.jpg\" alt=\"\" width=\"535\" height=\"288\" \/>\r\nWie Sie in der Abbildung eines Beispiels eines kundenspezifischen Maschinen\u00fcbersetzungssystem-Workflows sehen k\u00f6nnen, kann der Prozess direkt in das Inhaltsverwaltungssystem (CMS) des Kunden integriert werden. Dies erleichtert die Umsetzung und f\u00fchrt schlie\u00dflich zu schnelleren Durchlaufzeiten und nahtlosen Lieferungen. In diesem Fall f\u00fchrt das \u00dcbersetzungsmanagementsystem die kundenspezifische maschinelle \u00dcbersetzung und die menschliche Nachbearbeitung in einer einzigen Umgebung zusammen. Dar\u00fcber hinaus werden die Korrekturen, die der Post-Editor an der maschinellen \u00dcbersetzung vornimmt, nicht nur zur endg\u00fcltigen Ver\u00f6ffentlichung an das CMS des Kunden zur\u00fcckgegeben, sondern auch in das kundenspezifische neuronale MT-System f\u00fcr maschinelles Lernen und inkrementelles Neutraining eingespeist, wodurch das System noch \u201eintelligenter\u201c wird. Die Qualit\u00e4t verbessert sich somit im Laufe der Zeit erheblich. Dies gilt insbesondere f\u00fcr Projekte mit hohen Volumina an Inhalt in derselben Dom\u00e4ne (Branchenvertikale).\r\n\r\nDie Integration spezifischer Terminologie zur Erg\u00e4nzung dieses Prozesses, wie z. B. bereichs- oder kundenspezifische Glossare, kann zu einer h\u00f6heren Genauigkeit und Konsistenz beitragen. Bei solchen Integrationen geht es darum, Begriffe in den richtigen Kontext zu stellen, und zwar so, dass sie immer in ihrer genauesten Form ausgedr\u00fcckt werden, wobei prototypische Flexionskategorien wie Zahl, Zeitform, Person, Fall, Geschlecht usw. ber\u00fccksichtigt werden. Diese korrekt angewandte Terminologie ist schlie\u00dflich Teil des Umschulungsprozesses, der ihre korrekte Verwendung in Ihren \u00dcbersetzungen gew\u00e4hrleistet.\r\n\r\nDurch die Entwicklung einer benutzerdefinierten neuronalen maschinellen \u00dcbersetzungsengine (CNMTE) wird die Qualit\u00e4t des Outputs im Laufe der Zeit schrittweise verbessert und ein Vorteil aufgebaut, der Sie von Ihren Mitbewerbern abhebt. CNMTE nutzt modernste Technologie, um automatisierte Inhalte mit erfahrenen menschlichen Post-Editoren, Linguisten und Ingenieuren zu verbessern.\r\nSetzen Sie sich noch heute mit uns in Verbindung, und wir vereinbaren einen Termin f\u00fcr eine kostenlose Evaluierung, damit Sie feststellen k\u00f6nnen, ob diese L\u00f6sung f\u00fcr Sie und Ihr Unternehmen geeignet ist."},"state":{"type":"textfield","raw":""},"city":{"type":"textarea","raw":[]}}},"_links":{"self":[{"href":"https:\/\/www.trustedtranslations.com\/de\/wp-json\/wp\/v2\/pages\/129390","targetHints":{"allow":["GET"]}}],"collection":[{"href":"https:\/\/www.trustedtranslations.com\/de\/wp-json\/wp\/v2\/pages"}],"about":[{"href":"https:\/\/www.trustedtranslations.com\/de\/wp-json\/wp\/v2\/types\/page"}],"author":[{"embeddable":true,"href":"https:\/\/www.trustedtranslations.com\/de\/wp-json\/wp\/v2\/users\/1"}],"replies":[{"embeddable":true,"href":"https:\/\/www.trustedtranslations.com\/de\/wp-json\/wp\/v2\/comments?post=129390"}],"version-history":[{"count":0,"href":"https:\/\/www.trustedtranslations.com\/de\/wp-json\/wp\/v2\/pages\/129390\/revisions"}],"up":[{"embeddable":true,"href":"https:\/\/www.trustedtranslations.com\/de\/wp-json\/wp\/v2\/pages\/129394"}],"wp:featuredmedia":[{"embeddable":true,"href":"https:\/\/www.trustedtranslations.com\/de\/wp-json\/wp\/v2\/media\/248033"}],"wp:attachment":[{"href":"https:\/\/www.trustedtranslations.com\/de\/wp-json\/wp\/v2\/media?parent=129390"}],"curies":[{"name":"wp","href":"https:\/\/api.w.org\/{rel}","templated":true}]}}