{"id":129394,"date":"2018-11-14T17:43:21","date_gmt":"2018-11-14T17:43:21","guid":{"rendered":"https:\/\/www.trustedtranslations.com\/?page_id=129394"},"modified":"2024-09-03T11:35:46","modified_gmt":"2024-09-03T14:35:46","slug":"maschine","status":"publish","type":"page","link":"https:\/\/www.trustedtranslations.com\/de\/dienstleistungen\/maschine","title":{"rendered":"Maschinen\u00fcbersetzung"},"content":{"rendered":"","protected":false},"excerpt":{"rendered":"","protected":false},"author":1,"featured_media":223055,"parent":129503,"menu_order":0,"comment_status":"closed","ping_status":"closed","template":"","meta":{"site-sidebar-layout":"default","site-content-layout":"default","ast-site-content-layout":"default","site-content-style":"default","site-sidebar-style":"default","ast-global-header-display":"","ast-banner-title-visibility":"","ast-main-header-display":"","ast-hfb-above-header-display":"","ast-hfb-below-header-display":"","ast-hfb-mobile-header-display":"","site-post-title":"disabled","ast-breadcrumbs-content":"","ast-featured-img":"","footer-sml-layout":"","ast-disable-related-posts":"","theme-transparent-header-meta":"default","adv-header-id-meta":"","stick-header-meta":"","header-above-stick-meta":"","header-main-stick-meta":"","header-below-stick-meta":"","astra-migrate-meta-layouts":"set","ast-page-background-enabled":"default","ast-page-background-meta":{"desktop":{"background-color":"var(--ast-global-color-4)","background-image":"","background-repeat":"repeat","background-position":"center center","background-size":"auto","background-attachment":"scroll","background-type":"","background-media":"","overlay-type":"","overlay-color":"","overlay-opacity":"","overlay-gradient":""},"tablet":{"background-color":"","background-image":"","background-repeat":"repeat","background-position":"center center","background-size":"auto","background-attachment":"scroll","background-type":"","background-media":"","overlay-type":"","overlay-color":"","overlay-opacity":"","overlay-gradient":""},"mobile":{"background-color":"","background-image":"","background-repeat":"repeat","background-position":"center center","background-size":"auto","background-attachment":"scroll","background-type":"","background-media":"","overlay-type":"","overlay-color":"","overlay-opacity":"","overlay-gradient":""}},"ast-content-background-meta":{"desktop":{"background-color":"var(--ast-global-color-5)","background-image":"","background-repeat":"repeat","background-position":"center center","background-size":"auto","background-attachment":"scroll","background-type":"","background-media":"","overlay-type":"","overlay-color":"","overlay-opacity":"","overlay-gradient":""},"tablet":{"background-color":"var(--ast-global-color-5)","background-image":"","background-repeat":"repeat","background-position":"center center","background-size":"auto","background-attachment":"scroll","background-type":"","background-media":"","overlay-type":"","overlay-color":"","overlay-opacity":"","overlay-gradient":""},"mobile":{"background-color":"var(--ast-global-color-5)","background-image":"","background-repeat":"repeat","background-position":"center center","background-size":"auto","background-attachment":"scroll","background-type":"","background-media":"","overlay-type":"","overlay-color":"","overlay-opacity":"","overlay-gradient":""}},"footnotes":""},"class_list":["post-129394","page","type-page","status-publish","has-post-thumbnail","hentry"],"yoast_head":"<!-- This site is optimized with the Yoast SEO plugin v27.3 - https:\/\/yoast.com\/product\/yoast-seo-wordpress\/ -->\n<title>Maschinelle \u00dcbersetzungsdienstleistungen \u2013 Trusted Translations \u2013 Holen Sie sich noch heute ein kostenloses Angebot.<\/title>\n<meta name=\"description\" content=\"Trusted Translations bietet zwei verschiedene Arten von Maschinen\u00fcbersetzungsl\u00f6sungen an: Allgemeine Maschinen\u00fcbersetzungsengines (GMTE) und kundenspezifische Maschinen\u00fcbersetzungsengines (CMTE).\" \/>\n<meta name=\"robots\" content=\"index, follow, max-snippet:-1, max-image-preview:large, max-video-preview:-1\" \/>\n<link rel=\"canonical\" href=\"https:\/\/www.trustedtranslations.com\/de\/dienstleistungen\/maschine\" \/>\n<meta property=\"og:locale\" content=\"de_DE\" \/>\n<meta property=\"og:type\" content=\"article\" \/>\n<meta property=\"og:title\" content=\"Maschinelle \u00dcbersetzungsdienstleistungen \u2013 Trusted Translations \u2013 Holen Sie sich noch heute ein kostenloses Angebot.\" \/>\n<meta property=\"og:description\" content=\"Trusted Translations bietet zwei verschiedene Arten von Maschinen\u00fcbersetzungsl\u00f6sungen an: Allgemeine Maschinen\u00fcbersetzungsengines (GMTE) und kundenspezifische Maschinen\u00fcbersetzungsengines (CMTE).\" \/>\n<meta property=\"og:url\" content=\"https:\/\/www.trustedtranslations.com\/de\/dienstleistungen\/maschine\" \/>\n<meta property=\"og:site_name\" content=\"Trusted Translations, Inc.\" \/>\n<meta property=\"article:publisher\" content=\"https:\/\/www.facebook.com\/Trusted.Translations\" \/>\n<meta property=\"article:modified_time\" content=\"2024-09-03T14:35:46+00:00\" \/>\n<meta property=\"og:image\" content=\"https:\/\/static.trustedtranslations.com\/wp-content\/uploads\/2022\/08\/TT_NEW_FB-1.png\" \/>\n\t<meta property=\"og:image:width\" content=\"1\" \/>\n\t<meta property=\"og:image:height\" content=\"1\" \/>\n\t<meta property=\"og:image:type\" content=\"image\/jpeg\" \/>\n<meta name=\"twitter:card\" content=\"summary_large_image\" \/>\n<meta name=\"twitter:site\" content=\"@TrustedT9ns\" \/>\n<script type=\"application\/ld+json\" class=\"yoast-schema-graph\">{\"@context\":\"https:\\\/\\\/schema.org\",\"@graph\":[{\"@type\":\"WebPage\",\"@id\":\"https:\\\/\\\/www.trustedtranslations.com\\\/de\\\/dienstleistungen\\\/maschine\",\"url\":\"https:\\\/\\\/www.trustedtranslations.com\\\/de\\\/dienstleistungen\\\/maschine\",\"name\":\"Maschinelle \u00dcbersetzungsdienstleistungen \u2013 Trusted Translations \u2013 Holen Sie sich noch heute ein kostenloses Angebot.\",\"isPartOf\":{\"@id\":\"https:\\\/\\\/www.trustedtranslations.com\\\/de\\\/#website\"},\"primaryImageOfPage\":{\"@id\":\"https:\\\/\\\/www.trustedtranslations.com\\\/de\\\/dienstleistungen\\\/maschine#primaryimage\"},\"image\":{\"@id\":\"https:\\\/\\\/www.trustedtranslations.com\\\/de\\\/dienstleistungen\\\/maschine#primaryimage\"},\"thumbnailUrl\":\"https:\\\/\\\/www.trustedtranslations.com\\\/wp-content\\\/uploads\\\/2022\\\/08\\\/TT_NEW_FB-1.png\",\"description\":\"Trusted Translations bietet zwei verschiedene Arten von Maschinen\u00fcbersetzungsl\u00f6sungen an: Allgemeine Maschinen\u00fcbersetzungsengines (GMTE) und kundenspezifische Maschinen\u00fcbersetzungsengines (CMTE).\",\"breadcrumb\":{\"@id\":\"https:\\\/\\\/www.trustedtranslations.com\\\/de\\\/dienstleistungen\\\/maschine#breadcrumb\"},\"inLanguage\":\"de\",\"potentialAction\":[{\"@type\":\"ReadAction\",\"target\":[\"https:\\\/\\\/www.trustedtranslations.com\\\/de\\\/dienstleistungen\\\/maschine\"]}]},{\"@type\":\"ImageObject\",\"inLanguage\":\"de\",\"@id\":\"https:\\\/\\\/www.trustedtranslations.com\\\/de\\\/dienstleistungen\\\/maschine#primaryimage\",\"url\":\"https:\\\/\\\/www.trustedtranslations.com\\\/wp-content\\\/uploads\\\/2022\\\/08\\\/TT_NEW_FB-1.png\",\"contentUrl\":\"https:\\\/\\\/www.trustedtranslations.com\\\/wp-content\\\/uploads\\\/2022\\\/08\\\/TT_NEW_FB-1.png\",\"caption\":\"TT NEW FB 1\"},{\"@type\":\"BreadcrumbList\",\"@id\":\"https:\\\/\\\/www.trustedtranslations.com\\\/de\\\/dienstleistungen\\\/maschine#breadcrumb\",\"itemListElement\":[{\"@type\":\"ListItem\",\"position\":1,\"name\":\"Home\",\"item\":\"https:\\\/\\\/www.trustedtranslations.com\\\/de\"},{\"@type\":\"ListItem\",\"position\":2,\"name\":\"Dienstleistungen\",\"item\":\"https:\\\/\\\/www.trustedtranslations.com\\\/de\\\/dienstleistungen\"},{\"@type\":\"ListItem\",\"position\":3,\"name\":\"Maschinen\u00fcbersetzung\"}]},{\"@type\":\"WebSite\",\"@id\":\"https:\\\/\\\/www.trustedtranslations.com\\\/de\\\/#website\",\"url\":\"https:\\\/\\\/www.trustedtranslations.com\\\/de\\\/\",\"name\":\"Trusted Translations, Inc.\",\"description\":\"Leader in translation and interpretation services.\",\"publisher\":{\"@id\":\"https:\\\/\\\/www.trustedtranslations.com\\\/de\\\/#organization\"},\"alternateName\":\"Trusted Translations\",\"potentialAction\":[{\"@type\":\"SearchAction\",\"target\":{\"@type\":\"EntryPoint\",\"urlTemplate\":\"https:\\\/\\\/www.trustedtranslations.com\\\/de\\\/?s={search_term_string}\"},\"query-input\":{\"@type\":\"PropertyValueSpecification\",\"valueRequired\":true,\"valueName\":\"search_term_string\"}}],\"inLanguage\":\"de\"},{\"@type\":\"Organization\",\"@id\":\"https:\\\/\\\/www.trustedtranslations.com\\\/de\\\/#organization\",\"name\":\"Trusted Translations\",\"alternateName\":\"Trusted Translations, Inc.\",\"url\":\"https:\\\/\\\/www.trustedtranslations.com\\\/de\\\/\",\"logo\":{\"@type\":\"ImageObject\",\"inLanguage\":\"de\",\"@id\":\"https:\\\/\\\/www.trustedtranslations.com\\\/de\\\/#\\\/schema\\\/logo\\\/image\\\/\",\"url\":\"https:\\\/\\\/static.trustedtranslations.com\\\/wp-content\\\/uploads\\\/2022\\\/01\\\/TT_logo_WSIColors-2.png\",\"contentUrl\":\"https:\\\/\\\/static.trustedtranslations.com\\\/wp-content\\\/uploads\\\/2022\\\/01\\\/TT_logo_WSIColors-2.png\",\"width\":500,\"height\":196,\"caption\":\"Trusted Translations\"},\"image\":{\"@id\":\"https:\\\/\\\/www.trustedtranslations.com\\\/de\\\/#\\\/schema\\\/logo\\\/image\\\/\"},\"sameAs\":[\"https:\\\/\\\/www.facebook.com\\\/Trusted.Translations\",\"https:\\\/\\\/x.com\\\/TrustedT9ns\",\"https:\\\/\\\/www.linkedin.com\\\/company\\\/trusted-translations\"]}]}<\/script>\n<!-- \/ Yoast SEO plugin. -->","yoast_head_json":{"title":"Maschinelle \u00dcbersetzungsdienstleistungen \u2013 Trusted Translations \u2013 Holen Sie sich noch heute ein kostenloses Angebot.","description":"Trusted Translations bietet zwei verschiedene Arten von Maschinen\u00fcbersetzungsl\u00f6sungen an: Allgemeine Maschinen\u00fcbersetzungsengines (GMTE) und kundenspezifische Maschinen\u00fcbersetzungsengines (CMTE).","robots":{"index":"index","follow":"follow","max-snippet":"max-snippet:-1","max-image-preview":"max-image-preview:large","max-video-preview":"max-video-preview:-1"},"canonical":"https:\/\/www.trustedtranslations.com\/de\/dienstleistungen\/maschine","og_locale":"de_DE","og_type":"article","og_title":"Maschinelle \u00dcbersetzungsdienstleistungen \u2013 Trusted Translations \u2013 Holen Sie sich noch heute ein kostenloses Angebot.","og_description":"Trusted Translations bietet zwei verschiedene Arten von Maschinen\u00fcbersetzungsl\u00f6sungen an: Allgemeine Maschinen\u00fcbersetzungsengines (GMTE) und kundenspezifische Maschinen\u00fcbersetzungsengines (CMTE).","og_url":"https:\/\/www.trustedtranslations.com\/de\/dienstleistungen\/maschine","og_site_name":"Trusted Translations, Inc.","article_publisher":"https:\/\/www.facebook.com\/Trusted.Translations","article_modified_time":"2024-09-03T14:35:46+00:00","og_image":[{"url":"https:\/\/static.trustedtranslations.com\/wp-content\/uploads\/2022\/08\/TT_NEW_FB-1.png","width":1,"height":1,"type":"image\/jpeg"}],"twitter_card":"summary_large_image","twitter_site":"@TrustedT9ns","schema":{"@context":"https:\/\/schema.org","@graph":[{"@type":"WebPage","@id":"https:\/\/www.trustedtranslations.com\/de\/dienstleistungen\/maschine","url":"https:\/\/www.trustedtranslations.com\/de\/dienstleistungen\/maschine","name":"Maschinelle \u00dcbersetzungsdienstleistungen \u2013 Trusted Translations \u2013 Holen Sie sich noch heute ein kostenloses Angebot.","isPartOf":{"@id":"https:\/\/www.trustedtranslations.com\/de\/#website"},"primaryImageOfPage":{"@id":"https:\/\/www.trustedtranslations.com\/de\/dienstleistungen\/maschine#primaryimage"},"image":{"@id":"https:\/\/www.trustedtranslations.com\/de\/dienstleistungen\/maschine#primaryimage"},"thumbnailUrl":"https:\/\/www.trustedtranslations.com\/wp-content\/uploads\/2022\/08\/TT_NEW_FB-1.png","description":"Trusted Translations bietet zwei verschiedene Arten von Maschinen\u00fcbersetzungsl\u00f6sungen an: Allgemeine Maschinen\u00fcbersetzungsengines (GMTE) und kundenspezifische Maschinen\u00fcbersetzungsengines (CMTE).","breadcrumb":{"@id":"https:\/\/www.trustedtranslations.com\/de\/dienstleistungen\/maschine#breadcrumb"},"inLanguage":"de","potentialAction":[{"@type":"ReadAction","target":["https:\/\/www.trustedtranslations.com\/de\/dienstleistungen\/maschine"]}]},{"@type":"ImageObject","inLanguage":"de","@id":"https:\/\/www.trustedtranslations.com\/de\/dienstleistungen\/maschine#primaryimage","url":"https:\/\/www.trustedtranslations.com\/wp-content\/uploads\/2022\/08\/TT_NEW_FB-1.png","contentUrl":"https:\/\/www.trustedtranslations.com\/wp-content\/uploads\/2022\/08\/TT_NEW_FB-1.png","caption":"TT NEW FB 1"},{"@type":"BreadcrumbList","@id":"https:\/\/www.trustedtranslations.com\/de\/dienstleistungen\/maschine#breadcrumb","itemListElement":[{"@type":"ListItem","position":1,"name":"Home","item":"https:\/\/www.trustedtranslations.com\/de"},{"@type":"ListItem","position":2,"name":"Dienstleistungen","item":"https:\/\/www.trustedtranslations.com\/de\/dienstleistungen"},{"@type":"ListItem","position":3,"name":"Maschinen\u00fcbersetzung"}]},{"@type":"WebSite","@id":"https:\/\/www.trustedtranslations.com\/de\/#website","url":"https:\/\/www.trustedtranslations.com\/de\/","name":"Trusted Translations, Inc.","description":"Leader in translation and interpretation services.","publisher":{"@id":"https:\/\/www.trustedtranslations.com\/de\/#organization"},"alternateName":"Trusted Translations","potentialAction":[{"@type":"SearchAction","target":{"@type":"EntryPoint","urlTemplate":"https:\/\/www.trustedtranslations.com\/de\/?s={search_term_string}"},"query-input":{"@type":"PropertyValueSpecification","valueRequired":true,"valueName":"search_term_string"}}],"inLanguage":"de"},{"@type":"Organization","@id":"https:\/\/www.trustedtranslations.com\/de\/#organization","name":"Trusted Translations","alternateName":"Trusted Translations, Inc.","url":"https:\/\/www.trustedtranslations.com\/de\/","logo":{"@type":"ImageObject","inLanguage":"de","@id":"https:\/\/www.trustedtranslations.com\/de\/#\/schema\/logo\/image\/","url":"https:\/\/static.trustedtranslations.com\/wp-content\/uploads\/2022\/01\/TT_logo_WSIColors-2.png","contentUrl":"https:\/\/static.trustedtranslations.com\/wp-content\/uploads\/2022\/01\/TT_logo_WSIColors-2.png","width":500,"height":196,"caption":"Trusted Translations"},"image":{"@id":"https:\/\/www.trustedtranslations.com\/de\/#\/schema\/logo\/image\/"},"sameAs":["https:\/\/www.facebook.com\/Trusted.Translations","https:\/\/x.com\/TrustedT9ns","https:\/\/www.linkedin.com\/company\/trusted-translations"]}]}},"toolset-meta":{"dyk":{"mensaje-1":{"type":"textfield","raw":"Maschinelle \u00dcbersetzung ist in Branchen wie Automobil, Elektronik und Gesundheitswesen beliebt."},"mensaje-2":{"type":"textfield","raw":"Trusted Translations bietet sowohl allgemeine als auch kundenspezifische maschinelle \u00dcbersetzungsl\u00f6sungen an."},"mensaje-3":{"type":"textfield","raw":"Die fr\u00fchesten Urspr\u00fcnge der maschinellen \u00dcbersetzung gehen auf die arabische Kryptographie des 9. Jahrhunderts zur\u00fcck."},"mensaje-4":{"type":"textfield","raw":"Technischer Inhalt ist die h\u00e4ufigste Art von Inhalten, die mit MT \u00fcbersetzt werden."},"mensaje-5":{"type":"textfield","raw":""},"mensaje-6":{"type":"textfield","raw":""}},"single-page-template-fields":{"imgs-temp":{"type":"image","raw":["https:\/\/static.trustedtranslations.com\/wp-content\/uploads\/2024\/01\/Group-79-3-2.webp","https:\/\/static.trustedtranslations.com\/wp-content\/uploads\/2024\/04\/machine-translation-1.webp"],"repeatable":[{"raw":"https:\/\/static.trustedtranslations.com\/wp-content\/uploads\/2024\/01\/Group-79-3-2.webp"},{"raw":"https:\/\/static.trustedtranslations.com\/wp-content\/uploads\/2024\/04\/machine-translation-1.webp"}]},"imgs-temp-cel":{"type":"image","raw":[""],"repeatable":[{"raw":""}]},"img-temp-one-cel":{"type":"image","raw":"https:\/\/static.trustedtranslations.com\/wp-content\/uploads\/2024\/01\/AdobeStock_408659909-1-1.webp","attachment_id":null},"quotes":{"type":"textarea","raw":"<h1 style=\"margin-bottom: 12px;\">Maschinen\u00fcbersetzungsdienstleistungen<\/h1>Bei der maschinellen \u00dcbersetzung (MT) werden Computer und Softwareprogramme zur Erstellung von \u00dcbersetzungen eingesetzt. Diese Technologie hat sich so weit entwickelt, dass sie unter den richtigen Bedingungen ein wertvolles und leistungsf\u00e4higes Instrument darstellen kann.<div style=\"margin-top: 2.5vw;\"><a class=\"tt-btn-main-cta\" href=\"\/de\/angebot\">KOSTENLOSEN KOSTENVORANSCHLAG ANFORDERN<\/a><\/div>"},"text-1":{"type":"textarea","raw":"<h2 style=\"margin-top: -10px; padding-bottom: 10px\">Maschinen\u00fcbersetzungsdienstleistungen<\/h2>Trusted Translations verf\u00fcgt \u00fcber spezialisierte Teams, die sich der Implementierung verschiedener Arten von maschinellen \u00dcbersetzungsl\u00f6sungen widmen. Unsere Teams sind auf dem neuesten Stand der Technik und wissen genau, wie man MT-L\u00f6sungen mit anderen \u00dcbersetzungstools und Menschen kombiniert, um die Vorteile der Geschwindigkeit, Sicherheit und Genauigkeit der Maschine mit menschlichem Fachwissen bei der Nachbearbeitung und der \u00dcberpr\u00fcfung zu nutzen. Indem wir die Vorteile und Grenzen der neuesten MT-Technologie gr\u00fcndlich verstehen, k\u00f6nnen wir bestimmen, wie MT in fast jedem \u00dcbersetzungsszenario effektiv eingesetzt werden kann. Unsere Experten fungieren als Berater, um zu bewerten, ob eine MT-L\u00f6sung f\u00fcr einen bestimmten Kunden, eine bestimmte Dom\u00e4ne und einen bestimmten Projektumfang geeignet ist. Nach einigen Testschritten und nachdem sowohl der Kunde als auch unsere Experten die richtige MT-L\u00f6sung und -Architektur ermittelt haben, beginnen unsere Teams mit der Implementierung des richtigen Workflows und der richtigen Technologie. Diese anf\u00e4ngliche Anstrengung ist die Investition wert, denn sie sichert unseren Kunden einen hervorragenden ROI, w\u00e4hrend sie gleichzeitig eine qualitativ hochwertige, an die Bed\u00fcrfnisse des Endbenutzers angepasste Ausgabe liefert. F\u00fcr gesch\u00e4tzte Kunden, die h\u00e4ufig gro\u00dfe Mengen an Inhalten verarbeiten m\u00fcssen, werden unsere Teams alle Phasen weiter analysieren, um das beste MT-Dienstleistungsangebot zu implementieren. Dazu geh\u00f6rt eine mittel- und langfristige Analyse, um sicherzustellen, dass die Ziele unserer Kunden in jeder Phase erreicht werden. Mit anderen Worten, unterschiedliche Phasen erfordern m\u00f6glicherweise unterschiedliche Tools, um das optimale Ma\u00df an Konsistenz und Zuverl\u00e4ssigkeit zu erreichen.\r\n<h2 style=\"margin-top: -10px; padding-bottom: 10px\">Neuronale maschinelle \u00dcbersetzung<\/h2>Die Entwicklung von MT umfasste zwei sehr unterschiedliche Technologien: regelbasierte und statistische MT. Die Entwicklungen in der MT folgten einem logischen Pfad. Zun\u00e4chst betrachteten Experten der aufstrebenden Wissenschaft der Computerlinguistik die Grammatikregeln als Grundlage f\u00fcr die Arbeit mit Korpora. Einige Jahre sp\u00e4ter kamen Statistiken und statistische Modelle ins Spiel. Als n\u00e4chstes kam die Zusammenf\u00fchrung beider Konzepte zu hybriden (regelbasierten und statistischen) Modellen. Das geltende Gesetz des abnehmenden Ertrags spiegelte sich allm\u00e4hlich in kleinen, schrittweisen Verbesserungen wider, doch viele waren von den erzielten Ergebnissen nicht \u00fcberzeugt.\r\n\r\nGerade als viele der fr\u00fchen MT-Anwender anfingen, den Glauben zu verlieren, wurde mit der Anwendung neuronaler Netzwerkkonzepte und der Verarbeitung nat\u00fcrlicher Sprache ein Quantensprung erreicht. Die neuronale maschinelle \u00dcbersetzung (NMT) hat einen fulminanten Markteintritt hingelegt. NMT zeigte einen Wettbewerbsvorteil, indem es demonstrierte, dass alle Sprachkombinationen im Vergleich zu den alten Technologien viel besser funktionierten. Ein weiterer au\u00dferordentlicher Vorteil bestand darin, dass der Widerstand, der die Einf\u00fchrung der maschinellen \u00dcbersetzung verhinderte, bei allen Beteiligten gebrochen wurde, so dass insgesamt eine erfolgreiche \u201epsychologische Umstellung\u201c auf diese neue Technologie erreicht wurde. Die Benutzer begannen, die \u201eBenutzerfreundlichkeit\u201c dieser schnelleren und kosteng\u00fcnstigeren L\u00f6sung zu genie\u00dfen. Kunden, die \u00dcbersetzungsdienstleistungen kauften, fingen an, ihre Anbieter mit einer unglaublichen Behauptung herauszufordern: \u201eDie maschinelle \u00dcbersetzung liefert mir die gleiche oder sogar eine bessere Qualit\u00e4t als die von Ihnen gelieferte.\u201c In der Zwischenzeit begannen die Linguisten auf der anderen Seite, die maschinelle Ausgabe, die sie von ihren Projektmanagern zur Bearbeitung erhielten, zu loben."},"shortcode-map":{"type":"textfield","raw":""},"dyk-shortcode":{"type":"textfield","raw":"[elementor-template id=\"146647\"]"},"text-2":{"type":"textarea","raw":"<h2 style=\"padding-bottom: 10px\">Maschinen\u00fcbersetzungssysteme von Trusted Translations<\/h2>Maschinelle \u00dcbersetzungen basieren auf bereits \u00fcbersetzten Texten, die gemeinhin als zweisprachige Textkorpora bezeichnet werden. Bei \u00e4lteren Technologien halfen ausreichend gro\u00dfe Korpora beim Aufbau einer maschinellen \u00dcbersetzungsmaschine, die mit beeindruckender Genauigkeit verwendet werden konnte. Mit dem Aufkommen der NMT sind qualitativ hochwertige Korpora das, was wirklich z\u00e4hlt. Gro\u00dfe Mengen an \u00dcbersetzungseinheiten werden nicht mehr ben\u00f6tigt, da sie nicht mehr die eigentlichen Unterscheidungsmerkmale f\u00fcr die Algorithmen sind. Zusammenfassend l\u00e4sst sich sagen, dass die Demokratisierung von MT nicht mehr aufzuhalten ist.\r\n\r\nTrusted Translations ist in der Lage, Ihnen eine ma\u00dfgeschneiderte neuronale MT-basierte Engine anzubieten, falls eine allgemeine neuronale MT Ihren Anforderungen nicht gerecht wird. Unsere Experten helfen Ihnen zun\u00e4chst dabei, festzustellen, ob eine MT-L\u00f6sung ein praktikabler Weg ist, um Ihre Anforderungen zu erf\u00fcllen. Als N\u00e4chstes werden wir Ihnen dabei helfen, zu bestimmen, welcher der beiden Haupttypen von Systemen am besten zu Ihrer Globalisierungsstrategie passt: eine neuronale Maschinen\u00fcbersetzungsl\u00f6sung f\u00fcr allgemeine Dom\u00e4nen, die auf der Verwendung einer General Machine Translation Engine (GNMTE) basiert, oder eine kundenspezifische Maschinen\u00fcbersetzungsl\u00f6sung, die auf einer Custom Machine Translation Engine (CNMTE) basiert. Der Hauptunterschied zwischen einer GNMTE und einer CNMTE besteht darin, dass eine GNMTE normalerweise eine \u201eStandard\u201c-Engine ist, die nicht an die Bed\u00fcrfnisse eines bestimmten Kunden angepasst werden kann. Im Gegensatz dazu ist eine CNMTE eine kundenspezifische Engine, die f\u00fcr einen bestimmten Kunden gebaut und ma\u00dfgeschneidert wurde. Beide Optionen k\u00f6nnen durch menschliche Nachbearbeitung und sogar weitere \u00dcberpr\u00fcfungsschritte zur Qualit\u00e4tsverbesserung erg\u00e4nzt werden. Dar\u00fcber hinaus erm\u00f6glicht eine kundenspezifische maschinelle \u00dcbersetzungsl\u00f6sung, dass die Engine selbst im Laufe der Zeit intelligenter wird, basierend auf den spezifischen Bed\u00fcrfnissen und Inhalten des Kunden. Allgemeine maschinelle \u00dcbersetzungsl\u00f6sungen k\u00f6nnen normalerweise f\u00fcr einen bestimmten Kunden etwas verbessert werden, indem sie durch die Verwendung eines \u00dcbersetzungsspeicher-Servers erg\u00e4nzt werden, aber niemals auf dem gleichen Niveau wie durch das Training von kundenspezifischen Engines.\r\n\r\nAuf der Grundlage Ihrer Ziele bestimmen wir den besten Ansatz, erstellen einen Plan und implementieren die passende MT-L\u00f6sung f\u00fcr Sie von A bis Z. Trusted Translations ist eines der wenigen Unternehmen weltweit, das diese Technologie versteht und \u00fcber das Wissen verf\u00fcgt, eine L\u00f6sung zu implementieren, die qualitativ hochwertige maschinelle \u00dcbersetzungen produziert, die sich dank menschlicher Anpassung und Nachbearbeitung im Laufe der Zeit verbessern. Nehmen Sie noch heute mit uns Kontakt auf f\u00fcr eine kostenlose \u00dcberpr\u00fcfung, ob Ihr Projekt f\u00fcr eine MT-L\u00f6sung geeignet ist.\r\n<h2 style=\"padding-bottom: 10px\">\u00dcbersetzungsspeicher-Server und MT-Engines f\u00fcr allgemeine Dom\u00e4nen<\/h2>Wie oben erw\u00e4hnt, k\u00f6nnen \u00dcbersetzungsspeicher-Server in Kombination mit neuronalen MT-Engines f\u00fcr allgemeine Dom\u00e4nen eine einfachere und kosteng\u00fcnstigere L\u00f6sung im Vergleich zu einer hochwertigen, kundenspezifischen neuronalen MT darstellen. Dies wird durch die Integration eines \u00dcbersetzungsspeicher-Servers mit dem entsprechenden \u00dcbersetzungsspeicher in den \u00dcbersetzungsprozess erreicht. Ein \u201e\u00dcbersetzungsspeicher-Server\u201c (TMS) bezieht sich auf einen Server, der \u00dcbersetzungsspeicher f\u00fcr den Zugriff durch andere \u00dcbersetzer speichert. Der Server beherbergt den \u00dcbersetzungsspeicher an einem zentralen Ort und bietet menschlichen \u00dcbersetzern den Zugriff auf fr\u00fchere \u00dcbersetzungen und in einigen F\u00e4llen die M\u00f6glichkeit, den \u00dcbersetzungsspeicher zu \u00e4ndern und zu verbessern. Ein \u00dcbersetzungsspeicher-Server sollte nicht mit einer neuronalen Maschinen\u00fcbersetzungsengine f\u00fcr allgemeine Dom\u00e4nen (GNMTE) verwechselt werden. Es handelt sich um zwei separate Tools, die kombiniert oder separat verwendet werden k\u00f6nnen. Da die Ergebnisse von GNMTEs allein f\u00fcr ein bestimmtes Thema in der Regel nicht so zuverl\u00e4ssig sind (selbst mit menschlicher Bearbeitung), empfehlen wir oft die Integration eines \u00dcbersetzungsspeicher-Servers in den Arbeitsablauf, um die Qualit\u00e4t des Ergebnisses zu verbessern. Trusted Translations verf\u00fcgt \u00fcber eines der erfahrensten Teams in der Branche, wenn es um die Implementierung von \u00dcbersetzungsspeichern und die Verwaltung von \u00dcbersetzungsspeicher-Servern als Teil einer neuronalen MT-L\u00f6sung f\u00fcr allgemeine Dom\u00e4nen geht."},"state":{"type":"textfield","raw":""},"city":{"type":"textarea","raw":[]}}},"_links":{"self":[{"href":"https:\/\/www.trustedtranslations.com\/de\/wp-json\/wp\/v2\/pages\/129394","targetHints":{"allow":["GET"]}}],"collection":[{"href":"https:\/\/www.trustedtranslations.com\/de\/wp-json\/wp\/v2\/pages"}],"about":[{"href":"https:\/\/www.trustedtranslations.com\/de\/wp-json\/wp\/v2\/types\/page"}],"author":[{"embeddable":true,"href":"https:\/\/www.trustedtranslations.com\/de\/wp-json\/wp\/v2\/users\/1"}],"replies":[{"embeddable":true,"href":"https:\/\/www.trustedtranslations.com\/de\/wp-json\/wp\/v2\/comments?post=129394"}],"version-history":[{"count":0,"href":"https:\/\/www.trustedtranslations.com\/de\/wp-json\/wp\/v2\/pages\/129394\/revisions"}],"up":[{"embeddable":true,"href":"https:\/\/www.trustedtranslations.com\/de\/wp-json\/wp\/v2\/pages\/129503"}],"wp:featuredmedia":[{"embeddable":true,"href":"https:\/\/www.trustedtranslations.com\/de\/wp-json\/wp\/v2\/media\/223055"}],"wp:attachment":[{"href":"https:\/\/www.trustedtranslations.com\/de\/wp-json\/wp\/v2\/media?parent=129394"}],"curies":[{"name":"wp","href":"https:\/\/api.w.org\/{rel}","templated":true}]}}