{"id":129395,"date":"2018-11-14T17:24:30","date_gmt":"2018-11-14T17:24:30","guid":{"rendered":"https:\/\/www.trustedtranslations.com\/?page_id=129395"},"modified":"2024-09-04T17:18:12","modified_gmt":"2024-09-04T20:18:12","slug":"webseite","status":"publish","type":"page","link":"https:\/\/www.trustedtranslations.com\/de\/dienstleistungen\/menschlich\/webseite","title":{"rendered":"Webseite"},"content":{"rendered":"","protected":false},"excerpt":{"rendered":"","protected":false},"author":1,"featured_media":235823,"parent":129399,"menu_order":2,"comment_status":"closed","ping_status":"closed","template":"","meta":{"site-sidebar-layout":"default","site-content-layout":"default","ast-site-content-layout":"default","site-content-style":"default","site-sidebar-style":"default","ast-global-header-display":"","ast-banner-title-visibility":"","ast-main-header-display":"","ast-hfb-above-header-display":"","ast-hfb-below-header-display":"","ast-hfb-mobile-header-display":"","site-post-title":"disabled","ast-breadcrumbs-content":"","ast-featured-img":"","footer-sml-layout":"","ast-disable-related-posts":"","theme-transparent-header-meta":"default","adv-header-id-meta":"","stick-header-meta":"","header-above-stick-meta":"","header-main-stick-meta":"","header-below-stick-meta":"","astra-migrate-meta-layouts":"set","ast-page-background-enabled":"default","ast-page-background-meta":{"desktop":{"background-color":"var(--ast-global-color-4)","background-image":"","background-repeat":"repeat","background-position":"center center","background-size":"auto","background-attachment":"scroll","background-type":"","background-media":"","overlay-type":"","overlay-color":"","overlay-opacity":"","overlay-gradient":""},"tablet":{"background-color":"","background-image":"","background-repeat":"repeat","background-position":"center center","background-size":"auto","background-attachment":"scroll","background-type":"","background-media":"","overlay-type":"","overlay-color":"","overlay-opacity":"","overlay-gradient":""},"mobile":{"background-color":"","background-image":"","background-repeat":"repeat","background-position":"center center","background-size":"auto","background-attachment":"scroll","background-type":"","background-media":"","overlay-type":"","overlay-color":"","overlay-opacity":"","overlay-gradient":""}},"ast-content-background-meta":{"desktop":{"background-color":"var(--ast-global-color-5)","background-image":"","background-repeat":"repeat","background-position":"center center","background-size":"auto","background-attachment":"scroll","background-type":"","background-media":"","overlay-type":"","overlay-color":"","overlay-opacity":"","overlay-gradient":""},"tablet":{"background-color":"var(--ast-global-color-5)","background-image":"","background-repeat":"repeat","background-position":"center center","background-size":"auto","background-attachment":"scroll","background-type":"","background-media":"","overlay-type":"","overlay-color":"","overlay-opacity":"","overlay-gradient":""},"mobile":{"background-color":"var(--ast-global-color-5)","background-image":"","background-repeat":"repeat","background-position":"center center","background-size":"auto","background-attachment":"scroll","background-type":"","background-media":"","overlay-type":"","overlay-color":"","overlay-opacity":"","overlay-gradient":""}},"footnotes":""},"class_list":["post-129395","page","type-page","status-publish","has-post-thumbnail","hentry"],"yoast_head":"<!-- This site is optimized with the Yoast SEO plugin v27.5 - https:\/\/yoast.com\/product\/yoast-seo-wordpress\/ -->\n<title>\u00dcbersetzung und Lokalisierung von Websites \u2013 Trusted Translations, Inc.<\/title>\n<meta name=\"description\" content=\"Trusted Translations, Inc. kann Ihnen dabei helfen, eine wirklich globale Internetpr\u00e4senz zu entwickeln, entweder durch \u00dcbersetzen Ihrer gesamten Webseite oder nur der Hauptseiten.\" \/>\n<meta name=\"robots\" content=\"index, follow, max-snippet:-1, max-image-preview:large, max-video-preview:-1\" \/>\n<link rel=\"canonical\" href=\"https:\/\/www.trustedtranslations.com\/de\/dienstleistungen\/menschlich\/webseite\" \/>\n<meta property=\"og:locale\" content=\"de_DE\" \/>\n<meta property=\"og:type\" content=\"article\" \/>\n<meta property=\"og:title\" content=\"\u00dcbersetzung und Lokalisierung von Websites \u2013 Trusted Translations, Inc.\" \/>\n<meta property=\"og:description\" content=\"Trusted Translations, Inc. kann Ihnen dabei helfen, eine wirklich globale Internetpr\u00e4senz zu entwickeln, entweder durch \u00dcbersetzen Ihrer gesamten Webseite oder nur der Hauptseiten.\" \/>\n<meta property=\"og:url\" content=\"https:\/\/www.trustedtranslations.com\/de\/dienstleistungen\/menschlich\/webseite\" \/>\n<meta property=\"og:site_name\" content=\"Trusted Translations, Inc.\" \/>\n<meta property=\"article:publisher\" content=\"https:\/\/www.facebook.com\/Trusted.Translations\" \/>\n<meta property=\"article:modified_time\" content=\"2024-09-04T20:18:12+00:00\" \/>\n<meta property=\"og:image\" content=\"https:\/\/static.trustedtranslations.com\/wp-content\/uploads\/2024\/02\/TT-ICON_Human-translation.webp\" \/>\n\t<meta property=\"og:image:width\" content=\"150\" \/>\n\t<meta property=\"og:image:height\" content=\"150\" \/>\n\t<meta property=\"og:image:type\" content=\"image\/webp\" \/>\n<meta name=\"twitter:card\" content=\"summary_large_image\" \/>\n<meta name=\"twitter:site\" content=\"@TrustedT9ns\" \/>\n<script type=\"application\/ld+json\" class=\"yoast-schema-graph\">{\"@context\":\"https:\\\/\\\/schema.org\",\"@graph\":[{\"@type\":\"WebPage\",\"@id\":\"https:\\\/\\\/www.trustedtranslations.com\\\/de\\\/dienstleistungen\\\/menschlich\\\/webseite\",\"url\":\"https:\\\/\\\/www.trustedtranslations.com\\\/de\\\/dienstleistungen\\\/menschlich\\\/webseite\",\"name\":\"\u00dcbersetzung und Lokalisierung von Websites \u2013 Trusted Translations, Inc.\",\"isPartOf\":{\"@id\":\"https:\\\/\\\/www.trustedtranslations.com\\\/de\\\/#website\"},\"primaryImageOfPage\":{\"@id\":\"https:\\\/\\\/www.trustedtranslations.com\\\/de\\\/dienstleistungen\\\/menschlich\\\/webseite#primaryimage\"},\"image\":{\"@id\":\"https:\\\/\\\/www.trustedtranslations.com\\\/de\\\/dienstleistungen\\\/menschlich\\\/webseite#primaryimage\"},\"thumbnailUrl\":\"https:\\\/\\\/www.trustedtranslations.com\\\/wp-content\\\/uploads\\\/2024\\\/02\\\/TT-ICON_Human-translation.webp\",\"description\":\"Trusted Translations, Inc. kann Ihnen dabei helfen, eine wirklich globale Internetpr\u00e4senz zu entwickeln, entweder durch \u00dcbersetzen Ihrer gesamten Webseite oder nur der Hauptseiten.\",\"breadcrumb\":{\"@id\":\"https:\\\/\\\/www.trustedtranslations.com\\\/de\\\/dienstleistungen\\\/menschlich\\\/webseite#breadcrumb\"},\"inLanguage\":\"de\",\"potentialAction\":[{\"@type\":\"ReadAction\",\"target\":[\"https:\\\/\\\/www.trustedtranslations.com\\\/de\\\/dienstleistungen\\\/menschlich\\\/webseite\"]}]},{\"@type\":\"ImageObject\",\"inLanguage\":\"de\",\"@id\":\"https:\\\/\\\/www.trustedtranslations.com\\\/de\\\/dienstleistungen\\\/menschlich\\\/webseite#primaryimage\",\"url\":\"https:\\\/\\\/www.trustedtranslations.com\\\/wp-content\\\/uploads\\\/2024\\\/02\\\/TT-ICON_Human-translation.webp\",\"contentUrl\":\"https:\\\/\\\/www.trustedtranslations.com\\\/wp-content\\\/uploads\\\/2024\\\/02\\\/TT-ICON_Human-translation.webp\",\"width\":150,\"height\":150,\"caption\":\"TT ICON Human translation\"},{\"@type\":\"BreadcrumbList\",\"@id\":\"https:\\\/\\\/www.trustedtranslations.com\\\/de\\\/dienstleistungen\\\/menschlich\\\/webseite#breadcrumb\",\"itemListElement\":[{\"@type\":\"ListItem\",\"position\":1,\"name\":\"Home\",\"item\":\"https:\\\/\\\/www.trustedtranslations.com\\\/de\"},{\"@type\":\"ListItem\",\"position\":2,\"name\":\"Dienstleistungen\",\"item\":\"https:\\\/\\\/www.trustedtranslations.com\\\/de\\\/dienstleistungen\"},{\"@type\":\"ListItem\",\"position\":3,\"name\":\"Menschliche \u00dcbersetzung\",\"item\":\"https:\\\/\\\/www.trustedtranslations.com\\\/de\\\/dienstleistungen\\\/menschlich\"},{\"@type\":\"ListItem\",\"position\":4,\"name\":\"Webseite\"}]},{\"@type\":\"WebSite\",\"@id\":\"https:\\\/\\\/www.trustedtranslations.com\\\/de\\\/#website\",\"url\":\"https:\\\/\\\/www.trustedtranslations.com\\\/de\\\/\",\"name\":\"Trusted Translations, Inc.\",\"description\":\"Leader in translation and interpretation services.\",\"publisher\":{\"@id\":\"https:\\\/\\\/www.trustedtranslations.com\\\/de\\\/#organization\"},\"alternateName\":\"Trusted Translations\",\"potentialAction\":[{\"@type\":\"SearchAction\",\"target\":{\"@type\":\"EntryPoint\",\"urlTemplate\":\"https:\\\/\\\/www.trustedtranslations.com\\\/de\\\/?s={search_term_string}\"},\"query-input\":{\"@type\":\"PropertyValueSpecification\",\"valueRequired\":true,\"valueName\":\"search_term_string\"}}],\"inLanguage\":\"de\"},{\"@type\":\"Organization\",\"@id\":\"https:\\\/\\\/www.trustedtranslations.com\\\/de\\\/#organization\",\"name\":\"Trusted Translations\",\"alternateName\":\"Trusted Translations, Inc.\",\"url\":\"https:\\\/\\\/www.trustedtranslations.com\\\/de\\\/\",\"logo\":{\"@type\":\"ImageObject\",\"inLanguage\":\"de\",\"@id\":\"https:\\\/\\\/www.trustedtranslations.com\\\/de\\\/#\\\/schema\\\/logo\\\/image\\\/\",\"url\":\"https:\\\/\\\/static.trustedtranslations.com\\\/wp-content\\\/uploads\\\/2022\\\/01\\\/TT_logo_WSIColors-2.png\",\"contentUrl\":\"https:\\\/\\\/static.trustedtranslations.com\\\/wp-content\\\/uploads\\\/2022\\\/01\\\/TT_logo_WSIColors-2.png\",\"width\":500,\"height\":196,\"caption\":\"Trusted Translations\"},\"image\":{\"@id\":\"https:\\\/\\\/www.trustedtranslations.com\\\/de\\\/#\\\/schema\\\/logo\\\/image\\\/\"},\"sameAs\":[\"https:\\\/\\\/www.facebook.com\\\/Trusted.Translations\",\"https:\\\/\\\/x.com\\\/TrustedT9ns\",\"https:\\\/\\\/www.linkedin.com\\\/company\\\/trusted-translations\"]}]}<\/script>\n<!-- \/ Yoast SEO plugin. -->","yoast_head_json":{"title":"\u00dcbersetzung und Lokalisierung von Websites \u2013 Trusted Translations, Inc.","description":"Trusted Translations, Inc. kann Ihnen dabei helfen, eine wirklich globale Internetpr\u00e4senz zu entwickeln, entweder durch \u00dcbersetzen Ihrer gesamten Webseite oder nur der Hauptseiten.","robots":{"index":"index","follow":"follow","max-snippet":"max-snippet:-1","max-image-preview":"max-image-preview:large","max-video-preview":"max-video-preview:-1"},"canonical":"https:\/\/www.trustedtranslations.com\/de\/dienstleistungen\/menschlich\/webseite","og_locale":"de_DE","og_type":"article","og_title":"\u00dcbersetzung und Lokalisierung von Websites \u2013 Trusted Translations, Inc.","og_description":"Trusted Translations, Inc. kann Ihnen dabei helfen, eine wirklich globale Internetpr\u00e4senz zu entwickeln, entweder durch \u00dcbersetzen Ihrer gesamten Webseite oder nur der Hauptseiten.","og_url":"https:\/\/www.trustedtranslations.com\/de\/dienstleistungen\/menschlich\/webseite","og_site_name":"Trusted Translations, Inc.","article_publisher":"https:\/\/www.facebook.com\/Trusted.Translations","article_modified_time":"2024-09-04T20:18:12+00:00","og_image":[{"width":150,"height":150,"url":"https:\/\/static.trustedtranslations.com\/wp-content\/uploads\/2024\/02\/TT-ICON_Human-translation.webp","type":"image\/webp"}],"twitter_card":"summary_large_image","twitter_site":"@TrustedT9ns","schema":{"@context":"https:\/\/schema.org","@graph":[{"@type":"WebPage","@id":"https:\/\/www.trustedtranslations.com\/de\/dienstleistungen\/menschlich\/webseite","url":"https:\/\/www.trustedtranslations.com\/de\/dienstleistungen\/menschlich\/webseite","name":"\u00dcbersetzung und Lokalisierung von Websites \u2013 Trusted Translations, Inc.","isPartOf":{"@id":"https:\/\/www.trustedtranslations.com\/de\/#website"},"primaryImageOfPage":{"@id":"https:\/\/www.trustedtranslations.com\/de\/dienstleistungen\/menschlich\/webseite#primaryimage"},"image":{"@id":"https:\/\/www.trustedtranslations.com\/de\/dienstleistungen\/menschlich\/webseite#primaryimage"},"thumbnailUrl":"https:\/\/www.trustedtranslations.com\/wp-content\/uploads\/2024\/02\/TT-ICON_Human-translation.webp","description":"Trusted Translations, Inc. kann Ihnen dabei helfen, eine wirklich globale Internetpr\u00e4senz zu entwickeln, entweder durch \u00dcbersetzen Ihrer gesamten Webseite oder nur der Hauptseiten.","breadcrumb":{"@id":"https:\/\/www.trustedtranslations.com\/de\/dienstleistungen\/menschlich\/webseite#breadcrumb"},"inLanguage":"de","potentialAction":[{"@type":"ReadAction","target":["https:\/\/www.trustedtranslations.com\/de\/dienstleistungen\/menschlich\/webseite"]}]},{"@type":"ImageObject","inLanguage":"de","@id":"https:\/\/www.trustedtranslations.com\/de\/dienstleistungen\/menschlich\/webseite#primaryimage","url":"https:\/\/www.trustedtranslations.com\/wp-content\/uploads\/2024\/02\/TT-ICON_Human-translation.webp","contentUrl":"https:\/\/www.trustedtranslations.com\/wp-content\/uploads\/2024\/02\/TT-ICON_Human-translation.webp","width":150,"height":150,"caption":"TT ICON Human translation"},{"@type":"BreadcrumbList","@id":"https:\/\/www.trustedtranslations.com\/de\/dienstleistungen\/menschlich\/webseite#breadcrumb","itemListElement":[{"@type":"ListItem","position":1,"name":"Home","item":"https:\/\/www.trustedtranslations.com\/de"},{"@type":"ListItem","position":2,"name":"Dienstleistungen","item":"https:\/\/www.trustedtranslations.com\/de\/dienstleistungen"},{"@type":"ListItem","position":3,"name":"Menschliche \u00dcbersetzung","item":"https:\/\/www.trustedtranslations.com\/de\/dienstleistungen\/menschlich"},{"@type":"ListItem","position":4,"name":"Webseite"}]},{"@type":"WebSite","@id":"https:\/\/www.trustedtranslations.com\/de\/#website","url":"https:\/\/www.trustedtranslations.com\/de\/","name":"Trusted Translations, Inc.","description":"Leader in translation and interpretation services.","publisher":{"@id":"https:\/\/www.trustedtranslations.com\/de\/#organization"},"alternateName":"Trusted Translations","potentialAction":[{"@type":"SearchAction","target":{"@type":"EntryPoint","urlTemplate":"https:\/\/www.trustedtranslations.com\/de\/?s={search_term_string}"},"query-input":{"@type":"PropertyValueSpecification","valueRequired":true,"valueName":"search_term_string"}}],"inLanguage":"de"},{"@type":"Organization","@id":"https:\/\/www.trustedtranslations.com\/de\/#organization","name":"Trusted Translations","alternateName":"Trusted Translations, Inc.","url":"https:\/\/www.trustedtranslations.com\/de\/","logo":{"@type":"ImageObject","inLanguage":"de","@id":"https:\/\/www.trustedtranslations.com\/de\/#\/schema\/logo\/image\/","url":"https:\/\/static.trustedtranslations.com\/wp-content\/uploads\/2022\/01\/TT_logo_WSIColors-2.png","contentUrl":"https:\/\/static.trustedtranslations.com\/wp-content\/uploads\/2022\/01\/TT_logo_WSIColors-2.png","width":500,"height":196,"caption":"Trusted Translations"},"image":{"@id":"https:\/\/www.trustedtranslations.com\/de\/#\/schema\/logo\/image\/"},"sameAs":["https:\/\/www.facebook.com\/Trusted.Translations","https:\/\/x.com\/TrustedT9ns","https:\/\/www.linkedin.com\/company\/trusted-translations"]}]}},"toolset-meta":{"dyk":{"mensaje-1":{"type":"textfield","raw":"Mehr als die H\u00e4lfte des gesamten Webverkehrs kommt aus L\u00e4ndern, in denen Englisch keine Amtssprache ist."},"mensaje-2":{"type":"textfield","raw":"\u00dcber 70\u00a0% der Verbraucher bevorzugen den Besuch von Websites in ihrer Muttersprache."},"mensaje-3":{"type":"textfield","raw":"Unsere erfahrenen \u00dcbersetzer sind mit HTML, PHP, ASP, JavaScript und CGI-Skripten vertraut."},"mensaje-4":{"type":"textfield","raw":"84 % der Verbraucher sind der Meinung, dass eine professionelle Website Glaubw\u00fcrdigkeit ausstrahlt."},"mensaje-5":{"type":"textfield","raw":""},"mensaje-6":{"type":"textfield","raw":""}},"single-page-template-fields":{"imgs-temp":{"type":"image","raw":["https:\/\/static.trustedtranslations.com\/wp-content\/uploads\/2024\/06\/website-final-1.webp"],"repeatable":[{"raw":"https:\/\/static.trustedtranslations.com\/wp-content\/uploads\/2024\/06\/website-final-1.webp"}]},"imgs-temp-cel":{"type":"image","raw":[""],"repeatable":[{"raw":""}]},"img-temp-one-cel":{"type":"image","raw":"https:\/\/static.trustedtranslations.com\/wp-content\/uploads\/2024\/06\/AdobeStock_115834323-3-1.webp","attachment_id":null},"quotes":{"type":"textarea","raw":"<h1 style=\"margin-bottom: 12px;\">Mehrsprachige Webseiten<\/h1>\r\nAls Eckpfeiler der New Economy ist Ihre Webseite eines Ihrer wertvollsten Marketinginstrumente. Daher kann sich die Bereitstellung Ihrer Webseite in mehreren Sprachen exponentiell auf Ihren Umsatz und Ihre Online-Pr\u00e4senz auswirken. Trusted Translations hat mit gro\u00dfen, mittleren und kleinen Organisationen zusammengearbeitet und erfolgreich deren Webseiten \u00fcbersetzt und mehrsprachige Plattformen aufgebaut.\r\n<div style=\"margin-top: 2.5vw;\"><a class=\"tt-btn-main-cta\" href=\"https:\/\/www.trustedtranslations.com\/de\/angebot\">Kostenlosen Kostenvoranschlag anfordern<\/a><\/div>"},"text-1":{"type":"textarea","raw":"<h2>Machen Sie Ihre Webseite mehrsprachig<\/h2>\r\nUm Ihre Webseite effektiv zu \u00fcbersetzen, sind unsere Sprachexperten auf die \u00dcbersetzung von Inhalten spezialisiert, die hochtechnische Begriffe aus Bereichen wie Ingenieurwesen, IT, Industriemaschinen, Elektronik, Mechanik, Elektrizit\u00e4t, Fertigung, Automatisierung, Marketing, Finanzen und vielen anderen enthalten. \u00dcber 50% des gesamten Internetverkehrs kommt aus nicht englischsprachigen L\u00e4ndern. Wir haben ein engagiertes Team, das Ihnen helfen kann, eine wirklich globale Internetpr\u00e4senz zu entwickeln. Der Online-Markt hat in den letzten Jahren j\u00e4hrlich zweistellige Wachstumsraten verzeichnet und wird dies wahrscheinlich auch weiterhin tun.\r\n<h2>Spanische Webseiten-\u00dcbersetzung<\/h2>\r\n<em>Trusted Translations<\/em> kann alles von einer einzelnen Webseite (z. B. Ihrer Homepage) bis hin zu Ihrer gesamten Webseite in das und aus dem Spanischen und Englischen \u00fcbersetzen, ohne an Funktionalit\u00e4t einzub\u00fc\u00dfen. Da unsere internen Experten t\u00e4glich HTML, PHP, ASP, JavaScript und CGI Scripts bearbeiten, k\u00f6nnen wir sicherstellen, dass die Integrit\u00e4t Ihrer urspr\u00fcnglichen Codierung intakt bleibt. Eine Webseiten-\u00dcbersetzung ben\u00f6tigt absolute Genauigkeit, spezialisierte kulturelle Kenntnisse und ein hohes Ma\u00df an Organisation. Wir arbeiten eng mit unseren Kunden zusammen, um sicherzustellen, dass diese Anforderungen erf\u00fcllt werden. Das Spektrum der Web-Kunden reicht von Modeh\u00e4ndlern bis zu Ger\u00e4teherstellern. Unabh\u00e4ngig davon, ob es sich um einen technischen, einen Marketing- oder einen Lifestyle-Text handelt oder ob der Text Elemente aus allen drei Bereichen enth\u00e4lt, stellt <em>Trusted Translations<\/em> ein Team zusammen, das \u00fcber die n\u00f6tige Breite und Tiefe verf\u00fcgt, um pr\u00e4zise und \u00fcberzeugende Inhalte zu erstellen, die f\u00fcr Ihren Zielmarkt geeignet sind.\r\n<h2>Webseiten-Lokalisierung<\/h2>\r\nWebseiten-Lokalisierung wird als der Vorgang der Umwandlung des Formats und Inhalts einer Webseite in eine Form definiert, die sprachlich und kulturell f\u00fcr den Markt in einer anderen Sprache geeignet ist. Es ist die Anpassung von Grafik, Navigationssystem, Optimierung und vielem mehr. Vertrauen ist f\u00fcr Internetkunden sehr wichtig, und zu diesem Zweck muss Ihre Webseite f\u00fcr den jeweiligen Zielmarkt genau richtig aussehen, klingen und sich anf\u00fchlen."},"shortcode-map":{"type":"textfield","raw":""},"dyk-shortcode":{"type":"textfield","raw":"[elementor-template id=\"146647\"]"},"text-2":{"type":"textarea","raw":"<h2>Lokalisierung Ihrer Webseite<\/h2>\r\nWenn Sie sich entscheiden, Ihre Webseite zu lokalisieren, steckt mehr dahinter als nur die \u00dcbersetzung der Inhalte. Die Weblokalisierung erfordert eine andere Art der Gestaltung der Webseite. M\u00f6glicherweise m\u00fcssen Sie Ihre Webseite von der Ansprache einer bestimmten Zielgruppe auf die Ansprache einer v\u00f6llig anderen \u00fcberdenken. Unser Lokalisierungsteam kann Sie bei jedem Schritt unterst\u00fctzen: Unsere Dienstleistungen umfassen die schriftliche Sprach\u00fcbersetzung in Verbindung mit den erforderlichen Format\u00e4nderungen, die Erstellung korrekter Links und URLs (Webadressen) und schlie\u00dflich den Einsatz der notwendigen Sensibilit\u00e4t f\u00fcr kulturelle Unterschiede. Im Folgenden finden Sie eine Liste g\u00e4ngiger Lokalisierungsprodukte:\r\n<ul>\r\n \t<li><a href=\"https:\/\/www.trustedtranslations.com\/de\/dienstleistungen\/dateiformate\/wordpress\" target=\"_blank\" rel=\"noopener\">Webseiteninhalt<\/a><\/li>\r\n \t<li>HTML-freundliche \u00dcbersetzungen (Doppelkodierung vermeiden)<\/li>\r\n \t<li>Lokalisierung von 2-D- und 3-D-Grafiken<\/li>\r\n \t<li>Web- und Multimedia-Anwendungen<\/li>\r\n \t<li>Audio- und Videokomponenten<\/li>\r\n \t<li>Web-Publishing<\/li>\r\n \t<li>XML-Publishing<\/li>\r\n \t<li>W\u00e4hrungsanpassung f\u00fcr Online-Shops<\/li>\r\n<\/ul>\r\n<h2>Spanische Webseitenlokalisierung<\/h2>\r\nAls f\u00fchrender Globalisierungsanbieter f\u00fcr Spanisch verf\u00fcgen wir \u00fcber das Fachwissen, um Ihnen bei der Lokalisierung Ihrer Botschaft zu helfen, um einen bestimmten spanischsprachigen Markt oder alle spanischsprachigen M\u00e4rkte \u00fcber eine einzige spanische Webseite in neutralem Spanisch anzusprechen."},"state":{"type":"textfield","raw":""},"city":{"type":"textarea","raw":[]}}},"_links":{"self":[{"href":"https:\/\/www.trustedtranslations.com\/de\/wp-json\/wp\/v2\/pages\/129395","targetHints":{"allow":["GET"]}}],"collection":[{"href":"https:\/\/www.trustedtranslations.com\/de\/wp-json\/wp\/v2\/pages"}],"about":[{"href":"https:\/\/www.trustedtranslations.com\/de\/wp-json\/wp\/v2\/types\/page"}],"author":[{"embeddable":true,"href":"https:\/\/www.trustedtranslations.com\/de\/wp-json\/wp\/v2\/users\/1"}],"replies":[{"embeddable":true,"href":"https:\/\/www.trustedtranslations.com\/de\/wp-json\/wp\/v2\/comments?post=129395"}],"version-history":[{"count":0,"href":"https:\/\/www.trustedtranslations.com\/de\/wp-json\/wp\/v2\/pages\/129395\/revisions"}],"up":[{"embeddable":true,"href":"https:\/\/www.trustedtranslations.com\/de\/wp-json\/wp\/v2\/pages\/129399"}],"wp:featuredmedia":[{"embeddable":true,"href":"https:\/\/www.trustedtranslations.com\/de\/wp-json\/wp\/v2\/media\/235823"}],"wp:attachment":[{"href":"https:\/\/www.trustedtranslations.com\/de\/wp-json\/wp\/v2\/media?parent=129395"}],"curies":[{"name":"wp","href":"https:\/\/api.w.org\/{rel}","templated":true}]}}