{"id":129398,"date":"2018-11-14T16:37:45","date_gmt":"2018-11-14T16:37:45","guid":{"rendered":"https:\/\/www.trustedtranslations.com\/?page_id=129398"},"modified":"2025-10-10T18:08:22","modified_gmt":"2025-10-10T21:08:22","slug":"dokument","status":"publish","type":"page","link":"https:\/\/www.trustedtranslations.com\/de\/dienstleistungen\/menschlich\/dokument","title":{"rendered":"Dokument"},"content":{"rendered":"","protected":false},"excerpt":{"rendered":"","protected":false},"author":1,"featured_media":236271,"parent":129399,"menu_order":1,"comment_status":"closed","ping_status":"closed","template":"","meta":{"site-sidebar-layout":"default","site-content-layout":"default","ast-site-content-layout":"default","site-content-style":"default","site-sidebar-style":"default","ast-global-header-display":"","ast-banner-title-visibility":"","ast-main-header-display":"","ast-hfb-above-header-display":"","ast-hfb-below-header-display":"","ast-hfb-mobile-header-display":"","site-post-title":"disabled","ast-breadcrumbs-content":"","ast-featured-img":"","footer-sml-layout":"","ast-disable-related-posts":"","theme-transparent-header-meta":"default","adv-header-id-meta":"","stick-header-meta":"","header-above-stick-meta":"","header-main-stick-meta":"","header-below-stick-meta":"","astra-migrate-meta-layouts":"set","ast-page-background-enabled":"default","ast-page-background-meta":{"desktop":{"background-color":"var(--ast-global-color-4)","background-image":"","background-repeat":"repeat","background-position":"center center","background-size":"auto","background-attachment":"scroll","background-type":"","background-media":"","overlay-type":"","overlay-color":"","overlay-opacity":"","overlay-gradient":""},"tablet":{"background-color":"","background-image":"","background-repeat":"repeat","background-position":"center center","background-size":"auto","background-attachment":"scroll","background-type":"","background-media":"","overlay-type":"","overlay-color":"","overlay-opacity":"","overlay-gradient":""},"mobile":{"background-color":"","background-image":"","background-repeat":"repeat","background-position":"center center","background-size":"auto","background-attachment":"scroll","background-type":"","background-media":"","overlay-type":"","overlay-color":"","overlay-opacity":"","overlay-gradient":""}},"ast-content-background-meta":{"desktop":{"background-color":"var(--ast-global-color-5)","background-image":"","background-repeat":"repeat","background-position":"center center","background-size":"auto","background-attachment":"scroll","background-type":"","background-media":"","overlay-type":"","overlay-color":"","overlay-opacity":"","overlay-gradient":""},"tablet":{"background-color":"var(--ast-global-color-5)","background-image":"","background-repeat":"repeat","background-position":"center center","background-size":"auto","background-attachment":"scroll","background-type":"","background-media":"","overlay-type":"","overlay-color":"","overlay-opacity":"","overlay-gradient":""},"mobile":{"background-color":"var(--ast-global-color-5)","background-image":"","background-repeat":"repeat","background-position":"center center","background-size":"auto","background-attachment":"scroll","background-type":"","background-media":"","overlay-type":"","overlay-color":"","overlay-opacity":"","overlay-gradient":""}},"footnotes":""},"class_list":["post-129398","page","type-page","status-publish","has-post-thumbnail","hentry"],"yoast_head":"<!-- This site is optimized with the Yoast SEO plugin v27.6 - https:\/\/yoast.com\/product\/yoast-seo-wordpress\/ -->\n<title>Dokument\u00fcbersetzungen - Trusted Translations, Inc.<\/title>\n<meta name=\"description\" content=\"Suchen Sie nach dem besten \u00dcbersetzungsdienst f\u00fcr Dokumente? Sie haben Ihre L\u00f6sung bereits gefunden, Sie haben uns gefunden! Klicken Sie hier und fordern Sie ein kostenloses Angebot an.\" \/>\n<meta name=\"robots\" content=\"index, follow, max-snippet:-1, max-image-preview:large, max-video-preview:-1\" \/>\n<link rel=\"canonical\" href=\"https:\/\/www.trustedtranslations.com\/de\/dienstleistungen\/menschlich\/dokument\" \/>\n<meta property=\"og:locale\" content=\"de_DE\" \/>\n<meta property=\"og:type\" content=\"article\" \/>\n<meta property=\"og:title\" content=\"Dokument\u00fcbersetzungen - Trusted Translations, Inc.\" \/>\n<meta property=\"og:description\" content=\"Suchen Sie nach dem besten \u00dcbersetzungsdienst f\u00fcr Dokumente? Sie haben Ihre L\u00f6sung bereits gefunden, Sie haben uns gefunden! Klicken Sie hier und fordern Sie ein kostenloses Angebot an.\" \/>\n<meta property=\"og:url\" content=\"https:\/\/www.trustedtranslations.com\/de\/dienstleistungen\/menschlich\/dokument\" \/>\n<meta property=\"og:site_name\" content=\"Trusted Translations, Inc.\" \/>\n<meta property=\"article:publisher\" content=\"https:\/\/www.facebook.com\/Trusted.Translations\" \/>\n<meta property=\"article:modified_time\" content=\"2025-10-10T21:08:22+00:00\" \/>\n<meta property=\"og:image\" content=\"https:\/\/static.trustedtranslations.com\/wp-content\/uploads\/2024\/02\/TT-ICON_Document-Translations.webp\" \/>\n\t<meta property=\"og:image:width\" content=\"150\" \/>\n\t<meta property=\"og:image:height\" content=\"151\" \/>\n\t<meta property=\"og:image:type\" content=\"image\/webp\" \/>\n<meta name=\"twitter:card\" content=\"summary_large_image\" \/>\n<meta name=\"twitter:site\" content=\"@TrustedT9ns\" \/>\n<script type=\"application\/ld+json\" class=\"yoast-schema-graph\">{\"@context\":\"https:\\\/\\\/schema.org\",\"@graph\":[{\"@type\":\"WebPage\",\"@id\":\"https:\\\/\\\/www.trustedtranslations.com\\\/de\\\/dienstleistungen\\\/menschlich\\\/dokument\",\"url\":\"https:\\\/\\\/www.trustedtranslations.com\\\/de\\\/dienstleistungen\\\/menschlich\\\/dokument\",\"name\":\"Dokument\u00fcbersetzungen - Trusted Translations, Inc.\",\"isPartOf\":{\"@id\":\"https:\\\/\\\/www.trustedtranslations.com\\\/de\\\/#website\"},\"primaryImageOfPage\":{\"@id\":\"https:\\\/\\\/www.trustedtranslations.com\\\/de\\\/dienstleistungen\\\/menschlich\\\/dokument#primaryimage\"},\"image\":{\"@id\":\"https:\\\/\\\/www.trustedtranslations.com\\\/de\\\/dienstleistungen\\\/menschlich\\\/dokument#primaryimage\"},\"thumbnailUrl\":\"https:\\\/\\\/www.trustedtranslations.com\\\/wp-content\\\/uploads\\\/2024\\\/02\\\/TT-ICON_Document-Translations.webp\",\"description\":\"Suchen Sie nach dem besten \u00dcbersetzungsdienst f\u00fcr Dokumente? Sie haben Ihre L\u00f6sung bereits gefunden, Sie haben uns gefunden! Klicken Sie hier und fordern Sie ein kostenloses Angebot an.\",\"breadcrumb\":{\"@id\":\"https:\\\/\\\/www.trustedtranslations.com\\\/de\\\/dienstleistungen\\\/menschlich\\\/dokument#breadcrumb\"},\"inLanguage\":\"de\",\"potentialAction\":[{\"@type\":\"ReadAction\",\"target\":[\"https:\\\/\\\/www.trustedtranslations.com\\\/de\\\/dienstleistungen\\\/menschlich\\\/dokument\"]}]},{\"@type\":\"ImageObject\",\"inLanguage\":\"de\",\"@id\":\"https:\\\/\\\/www.trustedtranslations.com\\\/de\\\/dienstleistungen\\\/menschlich\\\/dokument#primaryimage\",\"url\":\"https:\\\/\\\/www.trustedtranslations.com\\\/wp-content\\\/uploads\\\/2024\\\/02\\\/TT-ICON_Document-Translations.webp\",\"contentUrl\":\"https:\\\/\\\/www.trustedtranslations.com\\\/wp-content\\\/uploads\\\/2024\\\/02\\\/TT-ICON_Document-Translations.webp\",\"width\":150,\"height\":151,\"caption\":\"TT ICON Document Translations\"},{\"@type\":\"BreadcrumbList\",\"@id\":\"https:\\\/\\\/www.trustedtranslations.com\\\/de\\\/dienstleistungen\\\/menschlich\\\/dokument#breadcrumb\",\"itemListElement\":[{\"@type\":\"ListItem\",\"position\":1,\"name\":\"Home\",\"item\":\"https:\\\/\\\/www.trustedtranslations.com\\\/de\"},{\"@type\":\"ListItem\",\"position\":2,\"name\":\"Dienstleistungen\",\"item\":\"https:\\\/\\\/www.trustedtranslations.com\\\/de\\\/dienstleistungen\"},{\"@type\":\"ListItem\",\"position\":3,\"name\":\"Menschliche \u00dcbersetzung\",\"item\":\"https:\\\/\\\/www.trustedtranslations.com\\\/de\\\/dienstleistungen\\\/menschlich\"},{\"@type\":\"ListItem\",\"position\":4,\"name\":\"Dokument\"}]},{\"@type\":\"WebSite\",\"@id\":\"https:\\\/\\\/www.trustedtranslations.com\\\/de\\\/#website\",\"url\":\"https:\\\/\\\/www.trustedtranslations.com\\\/de\\\/\",\"name\":\"Trusted Translations, Inc.\",\"description\":\"Leader in translation and interpretation services.\",\"publisher\":{\"@id\":\"https:\\\/\\\/www.trustedtranslations.com\\\/de\\\/#organization\"},\"alternateName\":\"Trusted Translations\",\"potentialAction\":[{\"@type\":\"SearchAction\",\"target\":{\"@type\":\"EntryPoint\",\"urlTemplate\":\"https:\\\/\\\/www.trustedtranslations.com\\\/de\\\/?s={search_term_string}\"},\"query-input\":{\"@type\":\"PropertyValueSpecification\",\"valueRequired\":true,\"valueName\":\"search_term_string\"}}],\"inLanguage\":\"de\"},{\"@type\":\"Organization\",\"@id\":\"https:\\\/\\\/www.trustedtranslations.com\\\/de\\\/#organization\",\"name\":\"Trusted Translations\",\"alternateName\":\"Trusted Translations, Inc.\",\"url\":\"https:\\\/\\\/www.trustedtranslations.com\\\/de\\\/\",\"logo\":{\"@type\":\"ImageObject\",\"inLanguage\":\"de\",\"@id\":\"https:\\\/\\\/www.trustedtranslations.com\\\/de\\\/#\\\/schema\\\/logo\\\/image\\\/\",\"url\":\"https:\\\/\\\/static.trustedtranslations.com\\\/wp-content\\\/uploads\\\/2022\\\/01\\\/TT_logo_WSIColors-2.png\",\"contentUrl\":\"https:\\\/\\\/static.trustedtranslations.com\\\/wp-content\\\/uploads\\\/2022\\\/01\\\/TT_logo_WSIColors-2.png\",\"width\":500,\"height\":196,\"caption\":\"Trusted Translations\"},\"image\":{\"@id\":\"https:\\\/\\\/www.trustedtranslations.com\\\/de\\\/#\\\/schema\\\/logo\\\/image\\\/\"},\"sameAs\":[\"https:\\\/\\\/www.facebook.com\\\/Trusted.Translations\",\"https:\\\/\\\/x.com\\\/TrustedT9ns\",\"https:\\\/\\\/www.linkedin.com\\\/company\\\/trusted-translations\"]}]}<\/script>\n<!-- \/ Yoast SEO plugin. -->","yoast_head_json":{"title":"Dokument\u00fcbersetzungen - Trusted Translations, Inc.","description":"Suchen Sie nach dem besten \u00dcbersetzungsdienst f\u00fcr Dokumente? Sie haben Ihre L\u00f6sung bereits gefunden, Sie haben uns gefunden! Klicken Sie hier und fordern Sie ein kostenloses Angebot an.","robots":{"index":"index","follow":"follow","max-snippet":"max-snippet:-1","max-image-preview":"max-image-preview:large","max-video-preview":"max-video-preview:-1"},"canonical":"https:\/\/www.trustedtranslations.com\/de\/dienstleistungen\/menschlich\/dokument","og_locale":"de_DE","og_type":"article","og_title":"Dokument\u00fcbersetzungen - Trusted Translations, Inc.","og_description":"Suchen Sie nach dem besten \u00dcbersetzungsdienst f\u00fcr Dokumente? Sie haben Ihre L\u00f6sung bereits gefunden, Sie haben uns gefunden! Klicken Sie hier und fordern Sie ein kostenloses Angebot an.","og_url":"https:\/\/www.trustedtranslations.com\/de\/dienstleistungen\/menschlich\/dokument","og_site_name":"Trusted Translations, Inc.","article_publisher":"https:\/\/www.facebook.com\/Trusted.Translations","article_modified_time":"2025-10-10T21:08:22+00:00","og_image":[{"width":150,"height":151,"url":"https:\/\/static.trustedtranslations.com\/wp-content\/uploads\/2024\/02\/TT-ICON_Document-Translations.webp","type":"image\/webp"}],"twitter_card":"summary_large_image","twitter_site":"@TrustedT9ns","schema":{"@context":"https:\/\/schema.org","@graph":[{"@type":"WebPage","@id":"https:\/\/www.trustedtranslations.com\/de\/dienstleistungen\/menschlich\/dokument","url":"https:\/\/www.trustedtranslations.com\/de\/dienstleistungen\/menschlich\/dokument","name":"Dokument\u00fcbersetzungen - Trusted Translations, Inc.","isPartOf":{"@id":"https:\/\/www.trustedtranslations.com\/de\/#website"},"primaryImageOfPage":{"@id":"https:\/\/www.trustedtranslations.com\/de\/dienstleistungen\/menschlich\/dokument#primaryimage"},"image":{"@id":"https:\/\/www.trustedtranslations.com\/de\/dienstleistungen\/menschlich\/dokument#primaryimage"},"thumbnailUrl":"https:\/\/www.trustedtranslations.com\/wp-content\/uploads\/2024\/02\/TT-ICON_Document-Translations.webp","description":"Suchen Sie nach dem besten \u00dcbersetzungsdienst f\u00fcr Dokumente? Sie haben Ihre L\u00f6sung bereits gefunden, Sie haben uns gefunden! Klicken Sie hier und fordern Sie ein kostenloses Angebot an.","breadcrumb":{"@id":"https:\/\/www.trustedtranslations.com\/de\/dienstleistungen\/menschlich\/dokument#breadcrumb"},"inLanguage":"de","potentialAction":[{"@type":"ReadAction","target":["https:\/\/www.trustedtranslations.com\/de\/dienstleistungen\/menschlich\/dokument"]}]},{"@type":"ImageObject","inLanguage":"de","@id":"https:\/\/www.trustedtranslations.com\/de\/dienstleistungen\/menschlich\/dokument#primaryimage","url":"https:\/\/www.trustedtranslations.com\/wp-content\/uploads\/2024\/02\/TT-ICON_Document-Translations.webp","contentUrl":"https:\/\/www.trustedtranslations.com\/wp-content\/uploads\/2024\/02\/TT-ICON_Document-Translations.webp","width":150,"height":151,"caption":"TT ICON Document Translations"},{"@type":"BreadcrumbList","@id":"https:\/\/www.trustedtranslations.com\/de\/dienstleistungen\/menschlich\/dokument#breadcrumb","itemListElement":[{"@type":"ListItem","position":1,"name":"Home","item":"https:\/\/www.trustedtranslations.com\/de"},{"@type":"ListItem","position":2,"name":"Dienstleistungen","item":"https:\/\/www.trustedtranslations.com\/de\/dienstleistungen"},{"@type":"ListItem","position":3,"name":"Menschliche \u00dcbersetzung","item":"https:\/\/www.trustedtranslations.com\/de\/dienstleistungen\/menschlich"},{"@type":"ListItem","position":4,"name":"Dokument"}]},{"@type":"WebSite","@id":"https:\/\/www.trustedtranslations.com\/de\/#website","url":"https:\/\/www.trustedtranslations.com\/de\/","name":"Trusted Translations, Inc.","description":"Leader in translation and interpretation services.","publisher":{"@id":"https:\/\/www.trustedtranslations.com\/de\/#organization"},"alternateName":"Trusted Translations","potentialAction":[{"@type":"SearchAction","target":{"@type":"EntryPoint","urlTemplate":"https:\/\/www.trustedtranslations.com\/de\/?s={search_term_string}"},"query-input":{"@type":"PropertyValueSpecification","valueRequired":true,"valueName":"search_term_string"}}],"inLanguage":"de"},{"@type":"Organization","@id":"https:\/\/www.trustedtranslations.com\/de\/#organization","name":"Trusted Translations","alternateName":"Trusted Translations, Inc.","url":"https:\/\/www.trustedtranslations.com\/de\/","logo":{"@type":"ImageObject","inLanguage":"de","@id":"https:\/\/www.trustedtranslations.com\/de\/#\/schema\/logo\/image\/","url":"https:\/\/static.trustedtranslations.com\/wp-content\/uploads\/2022\/01\/TT_logo_WSIColors-2.png","contentUrl":"https:\/\/static.trustedtranslations.com\/wp-content\/uploads\/2022\/01\/TT_logo_WSIColors-2.png","width":500,"height":196,"caption":"Trusted Translations"},"image":{"@id":"https:\/\/www.trustedtranslations.com\/de\/#\/schema\/logo\/image\/"},"sameAs":["https:\/\/www.facebook.com\/Trusted.Translations","https:\/\/x.com\/TrustedT9ns","https:\/\/www.linkedin.com\/company\/trusted-translations"]}]}},"toolset-meta":{"dyk":{"mensaje-1":{"type":"textfield","raw":"<em>Trusted Translations<\/em> ist der Marktf\u00fchrer f\u00fcr qualitativ hochwertige \u00dcbersetzungen von Dokumenten zu wettbewerbsf\u00e4higen Preisen."},"mensaje-2":{"type":"textfield","raw":"Wir sind ein bew\u00e4hrter Anbieter von Dokumenten-\u00dcbersetzungsdienstleistungen in und aus \u00fcber 150 Sprachen."},"mensaje-3":{"type":"textfield","raw":"Trusted Translations hat alle Arten von Dokumenten f\u00fcr Fortune-500-Unternehmen \u00fcbersetzt."},"mensaje-4":{"type":"textfield","raw":"Unser dreistufiger \u00dcberpr\u00fcfungsprozess stellt die beste Qualit\u00e4t f\u00fcr Ihre Dokumente sicher."},"mensaje-5":{"type":"textfield","raw":""},"mensaje-6":{"type":"textfield","raw":""}},"single-page-template-fields":{"imgs-temp":{"type":"image","raw":["https:\/\/static.trustedtranslations.com\/wp-content\/uploads\/2024\/03\/document-final-2-1.webp","https:\/\/static.trustedtranslations.com\/wp-content\/uploads\/2024\/03\/document-final-1-1.webp","https:\/\/static.trustedtranslations.com\/wp-content\/uploads\/2024\/03\/document-final-6.webp"],"repeatable":[{"raw":"https:\/\/static.trustedtranslations.com\/wp-content\/uploads\/2024\/03\/document-final-2-1.webp"},{"raw":"https:\/\/static.trustedtranslations.com\/wp-content\/uploads\/2024\/03\/document-final-1-1.webp"},{"raw":"https:\/\/static.trustedtranslations.com\/wp-content\/uploads\/2024\/03\/document-final-6.webp"}]},"imgs-temp-cel":{"type":"image","raw":[""],"repeatable":[{"raw":""}]},"img-temp-one-cel":{"type":"image","raw":"https:\/\/static.trustedtranslations.com\/wp-content\/uploads\/2024\/03\/document-final-5-1.webp","attachment_id":null},"quotes":{"type":"textarea","raw":"<h1 style=\"margin-bottom: 12px;\">Dokument\u00fcbersetzungsdienstleistungen<\/h1>\r\nUnser Hauptaugenmerk liegt darauf, Ihre Ziele f\u00fcr die \u00dcbersetzung eines bestimmten Dokuments zu verstehen. Mit diesem Verst\u00e4ndnis k\u00f6nnen wir eine L\u00f6sung mit wettbewerbsf\u00e4higen Preisen, garantierter Qualit\u00e4t und k\u00fcrzeren Lieferzeiten anbieten.\r\n<div style=\"margin-top: 2.5vw;\"><a class=\"tt-btn-main-cta\" href=\"\/de\/angebot\">KOSTENLOSEN KOSTENVORANSCHLAG ANFORDERN<\/a><\/div>"},"text-1":{"type":"textarea","raw":"<div class=\"imgs-flex-template\">\r\n    <div>\r\n<h2 style=\"margin-bottom: 20px;\">Bew\u00e4hrte Erfolgsbilanz<\/h2>Dank unserer umfangreichen Erfahrung in dieser Kerndienstleistung sind wir in der Lage, unseren Kunden Folgendes zu bieten:\r\n<ul>\r\n  <li>Schnelle und genaue Kostenvoranschl\u00e4ge f\u00fcr kleine und gro\u00dfe Projekte.<\/li>\r\n  <li>Schnelle Bearbeitungszeiten auch f\u00fcr gro\u00dfvolumige Projekte.<\/li>\r\n  <li>Qualitativ hochwertige \u00dcbersetzungen durch qualifizierte und gepr\u00fcfte Sprachprofis.<\/li>\r\n  <li>Zugriff auf die neueste \u00dcbersetzungsspeicher- und Sprachsoftwaretechnologie.<\/li>\r\n  <li>Engagierte Kundenbetreuer und Projektmanager, um unsere Kunden \u00fcber ihre Projekte auf dem Laufenden zu halten und alle erforderlichen \u00c4nderungen oder Erg\u00e4nzungen vorzunehmen.<\/li>\r\n  <li>Niedrigste Preise in der Branche f\u00fcr das Qualit\u00e4tsniveau.<\/li>\r\n  <li>\u00dcber 20 Jahre Erfahrung in der \u00dcbersetzung von Dokumenten in mehrere Sprachen.<\/li>\r\n<\/ul>\r\n    <\/div>\r\n    <img src=\"https:\/\/static.trustedtranslations.com\/wp-content\/uploads\/elementor\/thumbs\/document-qkqfs5dro4ekw18ry8hjl9urjjoxus3w0dki5ixa50.webp\">\r\n<\/div>\r\n<h2 style=\"margin-top: -10px;\">Schl\u00fcsselkomponenten eines Dokumenten\u00fcbersetzungsprojekts<\/h2>\r\nDas Verst\u00e4ndnis der Schl\u00fcsselkomponenten eines Dokumenten\u00fcbersetzungsprojekts kann Ihnen und Ihrem Unternehmen bei der Planung und Budgetierung helfen. Nachfolgend sind die Schl\u00fcsselelemente aufgef\u00fchrt, die wir f\u00fcr jedes Dokument\u00fcbersetzungsprojekt analysieren.\r\n\r\n<strong>Zweck und Zielgruppe der \u00dcbersetzung:<\/strong> Unsere erste Frage lautet: \u201eWas ist der Zweck des zu \u00fcbersetzenden Dokuments und wer ist die Zielgruppe?\u201c Wir arbeiten oft mit unseren Kunden zusammen, um die Zielgruppe und das Ziel der Dokumenten\u00fcbersetzung zu bestimmen. So wissen wir zum Beispiel aus Erfahrung, dass bei beh\u00f6rdlichen oder juristischen Antr\u00e4gen f\u00fcr diese Art von \u00dcbersetzungen Formatierungsanforderungen und strenge Abgabefristen gelten und oft eine Genauigkeitsbescheinigung erforderlich ist.\r\n\r\n<strong>Gr\u00f6\u00dfe und Zeitplanung:<\/strong> Zwei weitere Schl\u00fcsselelemente sind der Umfang des Dokuments und die Frist f\u00fcr die \u00dcbersetzung. Die Kenntnis des Umfangs des Dokuments und seines F\u00e4lligkeitstermins kann unseren erfahrenen Projektmanagern dabei helfen, die richtige Anzahl von Ressourcen einzusetzen, damit das Projekt termingerecht und unter korrekter und konsistenter Verwendung der Terminologie eingereicht wird.\r\n\r\n<strong>Sprachpaar(e):<\/strong> Das Verst\u00e4ndnis aller Zielsprachen ist ein weiteres Schl\u00fcsselelement. Wenn ein Projekt die \u00dcbersetzung eines Dokuments in mehrere Sprachen erfordert, sind unsere Projektmanager darin geschult, bestimmte Arbeitsabl\u00e4ufe zu verwenden, welche die Genauigkeit in allen Zielsprachen gew\u00e4hrleisten.\r\n\r\n<strong>Betreff:<\/strong> Die Identifizierung des Themas einer jeden \u00dcbersetzung ist eine wesentliche Voraussetzung f\u00fcr die Bereitstellung qualitativ hochwertiger Ergebnisse f\u00fcr unsere Kunden. Jede \u00dcbersetzung wird mit einem fachkundigen Linguisten abgeglichen, der Erfahrung mit der \u00dcbersetzung des jeweiligen Themas hat. Eine medizinische \u00dcbersetzung beispielsweise erfordert sehr wahrscheinlich besondere Fachkenntnisse, um sicherzustellen, dass die korrekte Terminologie in der \u00dcbersetzung verwendet wird. Je nach Fachgebiet werden unsere Projektmanager das richtige Team f\u00fcr jedes Projekt ausw\u00e4hlen.\r\n\r\n<strong>Dateiformat:<\/strong> Ein weiteres zu ber\u00fccksichtigendes Element ist das Dateiformat des Originaldokuments und das gew\u00fcnschte Ausgabeformat. Trusted Translations verf\u00fcgt \u00fcber ein engagiertes internes Team von Programmierern, das sich ausschlie\u00dflich auf die Formatierung der \u00fcbersetzten Dokumente unserer Kunden konzentriert. Von gescannten Dokumenten bis hin zu MS Office- und Adobe Illustrator-Formaten ermitteln wir im Voraus das erforderliche Dateiformat und liefern es entsprechend an unsere Kunden.\r\n\r\nUnabh\u00e4ngig vom Umfang oder der Art des Dokuments des \u00dcbersetzungsprojekts verf\u00fcgt Trusted Translations \u00fcber die Erfahrung, qualitativ hochwertige Ergebnisse zu den bestm\u00f6glichen Marktpreisen anzubieten. Unsere erfahrenen Kundenbetreuer k\u00f6nnen Sie problemlos durch den Prozess f\u00fchren und Ihr Projekt z\u00fcgig umsetzen. Bitte z\u00f6gern Sie nicht, noch heute mit uns in <a href=\"https:\/\/www.trustedtranslations.com\/de\/ueber-uns\/kontakt\">Kontakt<\/a> zu treten, um eine Beratung und\/oder einen <a href=\"https:\/\/www.trustedtranslations.com\/de\/angebot\">Kostenvoranschlag<\/a> zu erhalten."},"shortcode-map":{"type":"textfield","raw":""},"dyk-shortcode":{"type":"textfield","raw":"[elementor-template id=\"146647\"]"},"text-2":{"type":"textarea","raw":"<div class=\"imgs-flex-template\">\r\n    <div>\r\n        <h2 style=\"margin-bottom: 20px;\">Qualitativ hochwertige und erschwingliche Dokumenten\u00fcbersetzungen<\/h2>\r\n        <p>Die Sprach\u00fcbersetzungsprojekte von Trusted Translations werden von den qualifiziertesten Mitarbeitern im Bereich der \u00dcbersetzung und Lokalisierung durchgef\u00fchrt. Einer unserer erfahrenen Kundenbetreuer wird Ihre Projektanfrage verwalten und sicherstellen, dass Ihre Sprach\u00fcbersetzung p\u00fcnktlich und in branchenweit h\u00f6chster Qualit\u00e4t geliefert wird.\r\n\r\nEin engagierter Projektmanager \u00fcbernimmt die Planung, leitet die Ausf\u00fchrung und \u00fcberwacht die Kontrolle des Projekts. Gegebenenfalls wird ein IT-Manager eingesetzt, um alle technischen Anforderungen des Projekts zu \u00fcberpr\u00fcfen. Der Desktop Publishing (DTP)-Manager sorgt daf\u00fcr, dass das \u00fcbersetzte Dokument, falls erforderlich, so gestaltet und formatiert wird, dass es dem Originaldokument entspricht.\r\n\r\nUnser einzigartiger Qualit\u00e4tssicherungsprozess wurde entwickelt, um sicherzustellen, dass jede \u00dcbersetzung durch drei individuelle Experten \u00fcberpr\u00fcft wird: \u00dcbersetzer, Lektor und Korrektor. Das Ergebnis ist, dass unsere Endprodukte ein H\u00f6chstma\u00df an Qualit\u00e4t erreichen.<\/p>\r\n    <\/div>\r\n    <img src=\"https:\/\/static.trustedtranslations.com\/wp-content\/uploads\/elementor\/thumbs\/document-1-qkqfsq292c06ackwiib70v8a84qy4pkh78r3wgcaxk.webp\">\r\n<\/div>"},"state":{"type":"textfield","raw":""},"city":{"type":"textarea","raw":[""]}}},"_links":{"self":[{"href":"https:\/\/www.trustedtranslations.com\/de\/wp-json\/wp\/v2\/pages\/129398","targetHints":{"allow":["GET"]}}],"collection":[{"href":"https:\/\/www.trustedtranslations.com\/de\/wp-json\/wp\/v2\/pages"}],"about":[{"href":"https:\/\/www.trustedtranslations.com\/de\/wp-json\/wp\/v2\/types\/page"}],"author":[{"embeddable":true,"href":"https:\/\/www.trustedtranslations.com\/de\/wp-json\/wp\/v2\/users\/1"}],"replies":[{"embeddable":true,"href":"https:\/\/www.trustedtranslations.com\/de\/wp-json\/wp\/v2\/comments?post=129398"}],"version-history":[{"count":0,"href":"https:\/\/www.trustedtranslations.com\/de\/wp-json\/wp\/v2\/pages\/129398\/revisions"}],"up":[{"embeddable":true,"href":"https:\/\/www.trustedtranslations.com\/de\/wp-json\/wp\/v2\/pages\/129399"}],"wp:featuredmedia":[{"embeddable":true,"href":"https:\/\/www.trustedtranslations.com\/de\/wp-json\/wp\/v2\/media\/236271"}],"wp:attachment":[{"href":"https:\/\/www.trustedtranslations.com\/de\/wp-json\/wp\/v2\/media?parent=129398"}],"curies":[{"name":"wp","href":"https:\/\/api.w.org\/{rel}","templated":true}]}}