{"id":129399,"date":"2018-11-14T16:21:09","date_gmt":"2018-11-14T16:21:09","guid":{"rendered":"https:\/\/www.trustedtranslations.com\/?page_id=129399"},"modified":"2024-09-03T11:33:19","modified_gmt":"2024-09-03T14:33:19","slug":"menschlich","status":"publish","type":"page","link":"https:\/\/www.trustedtranslations.com\/de\/dienstleistungen\/menschlich","title":{"rendered":"Menschliche \u00dcbersetzung"},"content":{"rendered":"","protected":false},"excerpt":{"rendered":"","protected":false},"author":1,"featured_media":193108,"parent":129503,"menu_order":0,"comment_status":"closed","ping_status":"closed","template":"","meta":{"site-sidebar-layout":"default","site-content-layout":"default","ast-site-content-layout":"default","site-content-style":"default","site-sidebar-style":"default","ast-global-header-display":"","ast-banner-title-visibility":"","ast-main-header-display":"","ast-hfb-above-header-display":"","ast-hfb-below-header-display":"","ast-hfb-mobile-header-display":"","site-post-title":"disabled","ast-breadcrumbs-content":"","ast-featured-img":"","footer-sml-layout":"","ast-disable-related-posts":"","theme-transparent-header-meta":"default","adv-header-id-meta":"","stick-header-meta":"","header-above-stick-meta":"","header-main-stick-meta":"","header-below-stick-meta":"","astra-migrate-meta-layouts":"set","ast-page-background-enabled":"default","ast-page-background-meta":{"desktop":{"background-color":"var(--ast-global-color-4)","background-image":"","background-repeat":"repeat","background-position":"center center","background-size":"auto","background-attachment":"scroll","background-type":"","background-media":"","overlay-type":"","overlay-color":"","overlay-opacity":"","overlay-gradient":""},"tablet":{"background-color":"","background-image":"","background-repeat":"repeat","background-position":"center center","background-size":"auto","background-attachment":"scroll","background-type":"","background-media":"","overlay-type":"","overlay-color":"","overlay-opacity":"","overlay-gradient":""},"mobile":{"background-color":"","background-image":"","background-repeat":"repeat","background-position":"center center","background-size":"auto","background-attachment":"scroll","background-type":"","background-media":"","overlay-type":"","overlay-color":"","overlay-opacity":"","overlay-gradient":""}},"ast-content-background-meta":{"desktop":{"background-color":"var(--ast-global-color-5)","background-image":"","background-repeat":"repeat","background-position":"center center","background-size":"auto","background-attachment":"scroll","background-type":"","background-media":"","overlay-type":"","overlay-color":"","overlay-opacity":"","overlay-gradient":""},"tablet":{"background-color":"var(--ast-global-color-5)","background-image":"","background-repeat":"repeat","background-position":"center center","background-size":"auto","background-attachment":"scroll","background-type":"","background-media":"","overlay-type":"","overlay-color":"","overlay-opacity":"","overlay-gradient":""},"mobile":{"background-color":"var(--ast-global-color-5)","background-image":"","background-repeat":"repeat","background-position":"center center","background-size":"auto","background-attachment":"scroll","background-type":"","background-media":"","overlay-type":"","overlay-color":"","overlay-opacity":"","overlay-gradient":""}},"footnotes":""},"class_list":["post-129399","page","type-page","status-publish","has-post-thumbnail","hentry"],"yoast_head":"<!-- This site is optimized with the Yoast SEO plugin v27.3 - https:\/\/yoast.com\/product\/yoast-seo-wordpress\/ -->\n<title>Menschliche \u00dcbersetzungsdienstleistungen - Trusted Translations, Inc. - Erhalten Sie noch heute ein kostenloses Angebot<\/title>\n<meta name=\"description\" content=\"Trusted Translations bietet professionelle, menschliche \u00dcbersetzungsdienstleistungen f\u00fcr alle Arten von Dokumenten, Webseiten und Software in allen Formaten, Volumina und Sprachen.\" \/>\n<meta name=\"robots\" content=\"index, follow, max-snippet:-1, max-image-preview:large, max-video-preview:-1\" \/>\n<link rel=\"canonical\" href=\"https:\/\/www.trustedtranslations.com\/de\/dienstleistungen\/menschlich\" \/>\n<meta property=\"og:locale\" content=\"de_DE\" \/>\n<meta property=\"og:type\" content=\"article\" \/>\n<meta property=\"og:title\" content=\"Menschliche \u00dcbersetzungsdienstleistungen - Trusted Translations, Inc. - Erhalten Sie noch heute ein kostenloses Angebot\" \/>\n<meta property=\"og:description\" content=\"Trusted Translations bietet professionelle, menschliche \u00dcbersetzungsdienstleistungen f\u00fcr alle Arten von Dokumenten, Webseiten und Software in allen Formaten, Volumina und Sprachen.\" \/>\n<meta property=\"og:url\" content=\"https:\/\/www.trustedtranslations.com\/de\/dienstleistungen\/menschlich\" \/>\n<meta property=\"og:site_name\" content=\"Trusted Translations, Inc.\" \/>\n<meta property=\"article:publisher\" content=\"https:\/\/www.facebook.com\/Trusted.Translations\" \/>\n<meta property=\"article:modified_time\" content=\"2024-09-03T14:33:19+00:00\" \/>\n<meta property=\"og:image\" content=\"https:\/\/www.trustedtranslations.com\/wp-content\/uploads\/2022\/06\/tt-logo-2-1.webp\" \/>\n\t<meta property=\"og:image:width\" content=\"216\" \/>\n\t<meta property=\"og:image:height\" content=\"94\" \/>\n\t<meta property=\"og:image:type\" content=\"image\/webp\" \/>\n<meta name=\"twitter:card\" content=\"summary_large_image\" \/>\n<meta name=\"twitter:site\" content=\"@TrustedT9ns\" \/>\n<script type=\"application\/ld+json\" class=\"yoast-schema-graph\">{\"@context\":\"https:\\\/\\\/schema.org\",\"@graph\":[{\"@type\":\"WebPage\",\"@id\":\"https:\\\/\\\/www.trustedtranslations.com\\\/de\\\/dienstleistungen\\\/menschlich\",\"url\":\"https:\\\/\\\/www.trustedtranslations.com\\\/de\\\/dienstleistungen\\\/menschlich\",\"name\":\"Menschliche \u00dcbersetzungsdienstleistungen - Trusted Translations, Inc. - Erhalten Sie noch heute ein kostenloses Angebot\",\"isPartOf\":{\"@id\":\"https:\\\/\\\/www.trustedtranslations.com\\\/de\\\/#website\"},\"primaryImageOfPage\":{\"@id\":\"https:\\\/\\\/www.trustedtranslations.com\\\/de\\\/dienstleistungen\\\/menschlich#primaryimage\"},\"image\":{\"@id\":\"https:\\\/\\\/www.trustedtranslations.com\\\/de\\\/dienstleistungen\\\/menschlich#primaryimage\"},\"thumbnailUrl\":\"\",\"description\":\"Trusted Translations bietet professionelle, menschliche \u00dcbersetzungsdienstleistungen f\u00fcr alle Arten von Dokumenten, Webseiten und Software in allen Formaten, Volumina und Sprachen.\",\"breadcrumb\":{\"@id\":\"https:\\\/\\\/www.trustedtranslations.com\\\/de\\\/dienstleistungen\\\/menschlich#breadcrumb\"},\"inLanguage\":\"de\",\"potentialAction\":[{\"@type\":\"ReadAction\",\"target\":[\"https:\\\/\\\/www.trustedtranslations.com\\\/de\\\/dienstleistungen\\\/menschlich\"]}]},{\"@type\":\"ImageObject\",\"inLanguage\":\"de\",\"@id\":\"https:\\\/\\\/www.trustedtranslations.com\\\/de\\\/dienstleistungen\\\/menschlich#primaryimage\",\"url\":\"\",\"contentUrl\":\"\"},{\"@type\":\"BreadcrumbList\",\"@id\":\"https:\\\/\\\/www.trustedtranslations.com\\\/de\\\/dienstleistungen\\\/menschlich#breadcrumb\",\"itemListElement\":[{\"@type\":\"ListItem\",\"position\":1,\"name\":\"Home\",\"item\":\"https:\\\/\\\/www.trustedtranslations.com\\\/de\"},{\"@type\":\"ListItem\",\"position\":2,\"name\":\"Dienstleistungen\",\"item\":\"https:\\\/\\\/www.trustedtranslations.com\\\/de\\\/dienstleistungen\"},{\"@type\":\"ListItem\",\"position\":3,\"name\":\"Menschliche \u00dcbersetzung\"}]},{\"@type\":\"WebSite\",\"@id\":\"https:\\\/\\\/www.trustedtranslations.com\\\/de\\\/#website\",\"url\":\"https:\\\/\\\/www.trustedtranslations.com\\\/de\\\/\",\"name\":\"Trusted Translations, Inc.\",\"description\":\"Leader in translation and interpretation services.\",\"publisher\":{\"@id\":\"https:\\\/\\\/www.trustedtranslations.com\\\/de\\\/#organization\"},\"alternateName\":\"Trusted Translations\",\"potentialAction\":[{\"@type\":\"SearchAction\",\"target\":{\"@type\":\"EntryPoint\",\"urlTemplate\":\"https:\\\/\\\/www.trustedtranslations.com\\\/de\\\/?s={search_term_string}\"},\"query-input\":{\"@type\":\"PropertyValueSpecification\",\"valueRequired\":true,\"valueName\":\"search_term_string\"}}],\"inLanguage\":\"de\"},{\"@type\":\"Organization\",\"@id\":\"https:\\\/\\\/www.trustedtranslations.com\\\/de\\\/#organization\",\"name\":\"Trusted Translations\",\"alternateName\":\"Trusted Translations, Inc.\",\"url\":\"https:\\\/\\\/www.trustedtranslations.com\\\/de\\\/\",\"logo\":{\"@type\":\"ImageObject\",\"inLanguage\":\"de\",\"@id\":\"https:\\\/\\\/www.trustedtranslations.com\\\/de\\\/#\\\/schema\\\/logo\\\/image\\\/\",\"url\":\"https:\\\/\\\/static.trustedtranslations.com\\\/wp-content\\\/uploads\\\/2022\\\/01\\\/TT_logo_WSIColors-2.png\",\"contentUrl\":\"https:\\\/\\\/static.trustedtranslations.com\\\/wp-content\\\/uploads\\\/2022\\\/01\\\/TT_logo_WSIColors-2.png\",\"width\":500,\"height\":196,\"caption\":\"Trusted Translations\"},\"image\":{\"@id\":\"https:\\\/\\\/www.trustedtranslations.com\\\/de\\\/#\\\/schema\\\/logo\\\/image\\\/\"},\"sameAs\":[\"https:\\\/\\\/www.facebook.com\\\/Trusted.Translations\",\"https:\\\/\\\/x.com\\\/TrustedT9ns\",\"https:\\\/\\\/www.linkedin.com\\\/company\\\/trusted-translations\"]}]}<\/script>\n<!-- \/ Yoast SEO plugin. -->","yoast_head_json":{"title":"Menschliche \u00dcbersetzungsdienstleistungen - Trusted Translations, Inc. - Erhalten Sie noch heute ein kostenloses Angebot","description":"Trusted Translations bietet professionelle, menschliche \u00dcbersetzungsdienstleistungen f\u00fcr alle Arten von Dokumenten, Webseiten und Software in allen Formaten, Volumina und Sprachen.","robots":{"index":"index","follow":"follow","max-snippet":"max-snippet:-1","max-image-preview":"max-image-preview:large","max-video-preview":"max-video-preview:-1"},"canonical":"https:\/\/www.trustedtranslations.com\/de\/dienstleistungen\/menschlich","og_locale":"de_DE","og_type":"article","og_title":"Menschliche \u00dcbersetzungsdienstleistungen - Trusted Translations, Inc. - Erhalten Sie noch heute ein kostenloses Angebot","og_description":"Trusted Translations bietet professionelle, menschliche \u00dcbersetzungsdienstleistungen f\u00fcr alle Arten von Dokumenten, Webseiten und Software in allen Formaten, Volumina und Sprachen.","og_url":"https:\/\/www.trustedtranslations.com\/de\/dienstleistungen\/menschlich","og_site_name":"Trusted Translations, Inc.","article_publisher":"https:\/\/www.facebook.com\/Trusted.Translations","article_modified_time":"2024-09-03T14:33:19+00:00","og_image":[{"width":216,"height":94,"url":"https:\/\/www.trustedtranslations.com\/wp-content\/uploads\/2022\/06\/tt-logo-2-1.webp","type":"image\/webp"}],"twitter_card":"summary_large_image","twitter_site":"@TrustedT9ns","schema":{"@context":"https:\/\/schema.org","@graph":[{"@type":"WebPage","@id":"https:\/\/www.trustedtranslations.com\/de\/dienstleistungen\/menschlich","url":"https:\/\/www.trustedtranslations.com\/de\/dienstleistungen\/menschlich","name":"Menschliche \u00dcbersetzungsdienstleistungen - Trusted Translations, Inc. - Erhalten Sie noch heute ein kostenloses Angebot","isPartOf":{"@id":"https:\/\/www.trustedtranslations.com\/de\/#website"},"primaryImageOfPage":{"@id":"https:\/\/www.trustedtranslations.com\/de\/dienstleistungen\/menschlich#primaryimage"},"image":{"@id":"https:\/\/www.trustedtranslations.com\/de\/dienstleistungen\/menschlich#primaryimage"},"thumbnailUrl":"","description":"Trusted Translations bietet professionelle, menschliche \u00dcbersetzungsdienstleistungen f\u00fcr alle Arten von Dokumenten, Webseiten und Software in allen Formaten, Volumina und Sprachen.","breadcrumb":{"@id":"https:\/\/www.trustedtranslations.com\/de\/dienstleistungen\/menschlich#breadcrumb"},"inLanguage":"de","potentialAction":[{"@type":"ReadAction","target":["https:\/\/www.trustedtranslations.com\/de\/dienstleistungen\/menschlich"]}]},{"@type":"ImageObject","inLanguage":"de","@id":"https:\/\/www.trustedtranslations.com\/de\/dienstleistungen\/menschlich#primaryimage","url":"","contentUrl":""},{"@type":"BreadcrumbList","@id":"https:\/\/www.trustedtranslations.com\/de\/dienstleistungen\/menschlich#breadcrumb","itemListElement":[{"@type":"ListItem","position":1,"name":"Home","item":"https:\/\/www.trustedtranslations.com\/de"},{"@type":"ListItem","position":2,"name":"Dienstleistungen","item":"https:\/\/www.trustedtranslations.com\/de\/dienstleistungen"},{"@type":"ListItem","position":3,"name":"Menschliche \u00dcbersetzung"}]},{"@type":"WebSite","@id":"https:\/\/www.trustedtranslations.com\/de\/#website","url":"https:\/\/www.trustedtranslations.com\/de\/","name":"Trusted Translations, Inc.","description":"Leader in translation and interpretation services.","publisher":{"@id":"https:\/\/www.trustedtranslations.com\/de\/#organization"},"alternateName":"Trusted Translations","potentialAction":[{"@type":"SearchAction","target":{"@type":"EntryPoint","urlTemplate":"https:\/\/www.trustedtranslations.com\/de\/?s={search_term_string}"},"query-input":{"@type":"PropertyValueSpecification","valueRequired":true,"valueName":"search_term_string"}}],"inLanguage":"de"},{"@type":"Organization","@id":"https:\/\/www.trustedtranslations.com\/de\/#organization","name":"Trusted Translations","alternateName":"Trusted Translations, Inc.","url":"https:\/\/www.trustedtranslations.com\/de\/","logo":{"@type":"ImageObject","inLanguage":"de","@id":"https:\/\/www.trustedtranslations.com\/de\/#\/schema\/logo\/image\/","url":"https:\/\/static.trustedtranslations.com\/wp-content\/uploads\/2022\/01\/TT_logo_WSIColors-2.png","contentUrl":"https:\/\/static.trustedtranslations.com\/wp-content\/uploads\/2022\/01\/TT_logo_WSIColors-2.png","width":500,"height":196,"caption":"Trusted Translations"},"image":{"@id":"https:\/\/www.trustedtranslations.com\/de\/#\/schema\/logo\/image\/"},"sameAs":["https:\/\/www.facebook.com\/Trusted.Translations","https:\/\/x.com\/TrustedT9ns","https:\/\/www.linkedin.com\/company\/trusted-translations"]}]}},"toolset-meta":{"dyk":{"mensaje-1":{"type":"textfield","raw":"Menschliche \u00dcbersetzer sind un\u00fcbertroffen in \u00dcbersetzungsstil, Tonfall, Umgangssprache und Redewendungen."},"mensaje-2":{"type":"textfield","raw":"Menschliche \u00dcbersetzer sind besonders wichtig f\u00fcr Marketing- und Werbebotschaften."},"mensaje-3":{"type":"textfield","raw":"Alle <em>Trusted Translations<\/em>-Projekte werden von menschlichen \u00dcbersetzern mit muttersprachlicher Fl\u00fcssigkeit \u00fcberpr\u00fcft."},"mensaje-4":{"type":"textfield","raw":"Unsere \u00dcbersetzer arbeiten intern, was niedrigere Kosten und schnellere Bearbeitungszeiten erm\u00f6glicht."},"mensaje-5":{"type":"textfield","raw":""},"mensaje-6":{"type":"textfield","raw":""}},"single-page-template-fields":{"imgs-temp":{"type":"image","raw":["https:\/\/static.trustedtranslations.com\/wp-content\/uploads\/2024\/03\/human-final-1.webp"],"repeatable":[{"raw":"https:\/\/static.trustedtranslations.com\/wp-content\/uploads\/2024\/03\/human-final-1.webp"}]},"imgs-temp-cel":{"type":"image","raw":[""],"repeatable":[{"raw":""}]},"img-temp-one-cel":{"type":"image","raw":"https:\/\/static.trustedtranslations.com\/wp-content\/uploads\/2024\/03\/AdobeStock_385542563-2-1.webp","attachment_id":null},"quotes":{"type":"textarea","raw":"<h1 style=\"margin-bottom: 12px;\">\r\nMenschliche \u00dcbersetzungsdienstleistungen<\/h1>Wenn es um Lesbarkeit und Qualit\u00e4t geht, sind menschliche \u00dcbersetzungsdienstleistungen immer noch un\u00fcbertroffen. Trusted Translations bietet professionelle menschliche \u00dcbersetzungsdienstleistungen f\u00fcr alle Arten von Dokumenten, Websites und Software in allen Formaten, Volumina und Sprachen an. Unsere professionellen menschlichen \u00dcbersetzungsdienstleistungen sind in \u00fcber 200 Sprachen verf\u00fcgbar und schnell, genau und budgetfreundlich.<div style=\"margin-top: 2.5vw;\"><a class=\"tt-btn-main-cta\" href=\"\/de\/angebot\">KOSTENLOSEN KOSTENVORANSCHLAG ANFORDERN<\/a><\/div>"},"text-1":{"type":"textarea","raw":"<h2>Professionelle menschliche \u00dcbersetzungsdienstleistungen<\/h2>Unser menschlicher \u00dcbersetzungsdienst ist unser Kernangebot und sorgt f\u00fcr das h\u00f6chste Niveau an Verst\u00e4ndnis f\u00fcr den Endbenutzer. F\u00fcr diesen Service setzen wir ein dreistufiges menschliches Qualit\u00e4tskontrollsystem ein, bei dem jede \u00dcbersetzung von drei separaten Linguisten \u00fcberpr\u00fcft wird. Dieser dreifache \u00dcberpr\u00fcfungsprozess tr\u00e4gt dazu bei, Qualit\u00e4t und Konsistenz w\u00e4hrend der gesamten \u00dcbersetzung sicherzustellen. Dar\u00fcber hinaus nutzen unsere Linguisten die branchenweit beste Translation-Memory-Technologie, die nicht nur die Qualit\u00e4t, sondern auch die Bearbeitungszeiten und Gesamtkosten eines \u00dcbersetzungsprojekts verbessert.\r\n<h2>Arbeitsablauf der menschlichen \u00dcbersetzung<\/h2>\r\nIm Folgenden wird ein typischer Arbeitsablauf f\u00fcr ein menschliches \u00dcbersetzungsprojekt beschrieben:\r\n<div class=\"imgs-flex-template flex-text-2\" style=\"margin-top: -30px;\">\r\n    <img src=\"https:\/\/www.trustedtranslations.com\/wp-content\/uploads\/img\/our-process.jpg\">\r\n    <div>\r\n        <p>Trusted Translations bietet bew\u00e4hrtes Fachwissen f\u00fcr jeden Schritt in diesem komplexen, mehrstufigen Zyklus an. Unser Team ist bestrebt, sicherzustellen, dass Ihre \u00dcbersetzungsprojekte alle Ihre Ziele und Standards erf\u00fcllen und dabei so reibungslos wie m\u00f6glich ablaufen.\r\n\r\nAnstatt auf maschinelle \u00dcbersetzung angewiesen zu sein, bei der leicht Sprachfehler und Verz\u00f6gerungen in den Prozess eingef\u00fchrt werden k\u00f6nnen, ist unser menschlicher \u00dcbersetzungsdienst darauf ausgelegt, die Lesbarkeit, Qualit\u00e4t und Konsistenz zu maximieren. Um dies zu erreichen, nutzen wir die Erfahrung und das Wissen der besten Linguisten weltweit.<\/p>\r\n    <\/div>\r\n<\/div>"},"shortcode-map":{"type":"textfield","raw":""},"dyk-shortcode":{"type":"textfield","raw":"[elementor-template id=\"146647\"]"},"text-2":{"type":"textarea","raw":"<h2>\u00dcbersetzungsprozess bei menschlichen \u00dcbersetzungen<\/h2>Unsere menschlichen \u00dcbersetzungsprojekte sind mit den am besten qualifizierten Personen im Bereich \u00dcbersetzungen und Lokalisierung besetzt. Der Prozess beginnt mit einem unserer fachkundigen Kundenbetreuer, dessen Hauptaufgabe darin besteht, sicherzustellen, dass Ihre \u00dcbersetzung genau Ihren Spezifikationen und Zielen entspricht. Sie betreuen Ihr Projekt von Anfang bis Ende und sorgen daf\u00fcr, dass Ihre \u00dcbersetzung p\u00fcnktlich und in der h\u00f6chsten Qualit\u00e4t der Branche geliefert wird.\r\n\r\nFast gleichzeitig \u00fcbernimmt einer unserer Senior Project Manager die Planung, leitet die Ausf\u00fchrung und \u00fcberwacht die Kontrolle des Projekts. Gegebenenfalls \u00fcberpr\u00fcft ein IT-Manager alle technischen Anforderungen des Projekts. Der Desktop Publishing (DTP)-Manager \u00fcberwacht die Fertigstellung aller erforderlichen Grafiken oder Formatierungen, sodass das \u00fcbersetzte Dokument das urspr\u00fcngliche Quelldokument bis ins kleinste Detail widerspiegelt.\r\n\r\nUnsere internen Teams verf\u00fcgen \u00fcber umfangreiche Erfahrung im Management von menschlichen \u00dcbersetzungsprojekten und sind in der Lage, fast jedes Hindernis zu \u00fcberwinden, einschlie\u00dflich seltener Formate, Sprachen und sehr knapper Fristen.\r\n\r\n<h2>Menschliche \u00dcbersetzung hoher Qualit\u00e4t<\/h2>\r\nEines der Schl\u00fcsselelemente hinter jedem hochwertigen menschlichen \u00dcbersetzungsprojekt ist der QA-Prozess. Unser einzigartiger Qualit\u00e4tssicherungsprozess wurde entwickelt, um sicherzustellen, dass jede \u00dcbersetzung durch drei individuelle Experten \u00fcberpr\u00fcft wird.\r\n\r\nDadurch erreicht unser Endergebnis das h\u00f6chstm\u00f6gliche Qualit\u00e4tsniveau. Die Qualit\u00e4tsprozesse von Trusted Translations wurden von einer unabh\u00e4ngigen dritten Registrierungsstelle gepr\u00fcft und erf\u00fcllen alle ISO 9001:2015-Normen. Eine Kopie der Registrierung von Trusted Translations durch eine unabh\u00e4ngige dritte Partei ist auf Anfrage erh\u00e4ltlich.\r\n\r\nWenden Sie sich an Trusted Translations, um mehr \u00fcber unsere fachkundigen, kosteneffizienten L\u00f6sungen f\u00fcr Ihren Bedarf an menschlichen \u00dcbersetzungen zu erfahren."},"state":{"type":"textfield","raw":""},"city":{"type":"textarea","raw":[]}}},"_links":{"self":[{"href":"https:\/\/www.trustedtranslations.com\/de\/wp-json\/wp\/v2\/pages\/129399","targetHints":{"allow":["GET"]}}],"collection":[{"href":"https:\/\/www.trustedtranslations.com\/de\/wp-json\/wp\/v2\/pages"}],"about":[{"href":"https:\/\/www.trustedtranslations.com\/de\/wp-json\/wp\/v2\/types\/page"}],"author":[{"embeddable":true,"href":"https:\/\/www.trustedtranslations.com\/de\/wp-json\/wp\/v2\/users\/1"}],"replies":[{"embeddable":true,"href":"https:\/\/www.trustedtranslations.com\/de\/wp-json\/wp\/v2\/comments?post=129399"}],"version-history":[{"count":0,"href":"https:\/\/www.trustedtranslations.com\/de\/wp-json\/wp\/v2\/pages\/129399\/revisions"}],"up":[{"embeddable":true,"href":"https:\/\/www.trustedtranslations.com\/de\/wp-json\/wp\/v2\/pages\/129503"}],"wp:featuredmedia":[{"embeddable":true,"href":"https:\/\/www.trustedtranslations.com\/de\/wp-json\/"}],"wp:attachment":[{"href":"https:\/\/www.trustedtranslations.com\/de\/wp-json\/wp\/v2\/media?parent=129399"}],"curies":[{"name":"wp","href":"https:\/\/api.w.org\/{rel}","templated":true}]}}