{"id":129402,"date":"2018-11-14T15:39:11","date_gmt":"2018-11-14T15:39:11","guid":{"rendered":"https:\/\/www.trustedtranslations.com\/?page_id=129402"},"modified":"2024-09-03T11:32:16","modified_gmt":"2024-09-03T14:32:16","slug":"quarkxpress","status":"publish","type":"page","link":"https:\/\/www.trustedtranslations.com\/de\/dienstleistungen\/dateiformate\/quarkxpress","title":{"rendered":"QuarkXpress"},"content":{"rendered":"","protected":false},"excerpt":{"rendered":"","protected":false},"author":1,"featured_media":238288,"parent":129442,"menu_order":17,"comment_status":"closed","ping_status":"closed","template":"","meta":{"site-sidebar-layout":"default","site-content-layout":"default","ast-site-content-layout":"default","site-content-style":"default","site-sidebar-style":"default","ast-global-header-display":"","ast-banner-title-visibility":"","ast-main-header-display":"","ast-hfb-above-header-display":"","ast-hfb-below-header-display":"","ast-hfb-mobile-header-display":"","site-post-title":"disabled","ast-breadcrumbs-content":"","ast-featured-img":"","footer-sml-layout":"","ast-disable-related-posts":"","theme-transparent-header-meta":"default","adv-header-id-meta":"","stick-header-meta":"","header-above-stick-meta":"","header-main-stick-meta":"","header-below-stick-meta":"","astra-migrate-meta-layouts":"set","ast-page-background-enabled":"default","ast-page-background-meta":{"desktop":{"background-color":"var(--ast-global-color-4)","background-image":"","background-repeat":"repeat","background-position":"center center","background-size":"auto","background-attachment":"scroll","background-type":"","background-media":"","overlay-type":"","overlay-color":"","overlay-opacity":"","overlay-gradient":""},"tablet":{"background-color":"","background-image":"","background-repeat":"repeat","background-position":"center center","background-size":"auto","background-attachment":"scroll","background-type":"","background-media":"","overlay-type":"","overlay-color":"","overlay-opacity":"","overlay-gradient":""},"mobile":{"background-color":"","background-image":"","background-repeat":"repeat","background-position":"center center","background-size":"auto","background-attachment":"scroll","background-type":"","background-media":"","overlay-type":"","overlay-color":"","overlay-opacity":"","overlay-gradient":""}},"ast-content-background-meta":{"desktop":{"background-color":"var(--ast-global-color-5)","background-image":"","background-repeat":"repeat","background-position":"center center","background-size":"auto","background-attachment":"scroll","background-type":"","background-media":"","overlay-type":"","overlay-color":"","overlay-opacity":"","overlay-gradient":""},"tablet":{"background-color":"var(--ast-global-color-5)","background-image":"","background-repeat":"repeat","background-position":"center center","background-size":"auto","background-attachment":"scroll","background-type":"","background-media":"","overlay-type":"","overlay-color":"","overlay-opacity":"","overlay-gradient":""},"mobile":{"background-color":"var(--ast-global-color-5)","background-image":"","background-repeat":"repeat","background-position":"center center","background-size":"auto","background-attachment":"scroll","background-type":"","background-media":"","overlay-type":"","overlay-color":"","overlay-opacity":"","overlay-gradient":""}},"footnotes":""},"class_list":["post-129402","page","type-page","status-publish","has-post-thumbnail","hentry"],"yoast_head":"<!-- This site is optimized with the Yoast SEO plugin v27.5 - https:\/\/yoast.com\/product\/yoast-seo-wordpress\/ -->\n<title>QuarkXPress-\u00dcbersetzungsdienstleistungen \u2013 Trusted Translations, Inc.<\/title>\n<meta name=\"description\" content=\"Trusted Translations ist Ihre L\u00f6sung f\u00fcr alle Ihre QuarkXPress-\u00dcbersetzungsprojekte, von Handzetteln, Zeitungen, Magazinen bis zu Katalogen und vieles mehr.\" \/>\n<meta name=\"robots\" content=\"index, follow, max-snippet:-1, max-image-preview:large, max-video-preview:-1\" \/>\n<link rel=\"canonical\" href=\"https:\/\/www.trustedtranslations.com\/de\/dienstleistungen\/dateiformate\/quarkxpress\" \/>\n<meta property=\"og:locale\" content=\"de_DE\" \/>\n<meta property=\"og:type\" content=\"article\" \/>\n<meta property=\"og:title\" content=\"QuarkXPress-\u00dcbersetzungsdienstleistungen \u2013 Trusted Translations, Inc.\" \/>\n<meta property=\"og:description\" content=\"Trusted Translations ist Ihre L\u00f6sung f\u00fcr alle Ihre QuarkXPress-\u00dcbersetzungsprojekte, von Handzetteln, Zeitungen, Magazinen bis zu Katalogen und vieles mehr.\" \/>\n<meta property=\"og:url\" content=\"https:\/\/www.trustedtranslations.com\/de\/dienstleistungen\/dateiformate\/quarkxpress\" \/>\n<meta property=\"og:site_name\" content=\"Trusted Translations, Inc.\" \/>\n<meta property=\"article:publisher\" content=\"https:\/\/www.facebook.com\/Trusted.Translations\" \/>\n<meta property=\"article:modified_time\" content=\"2024-09-03T14:32:16+00:00\" \/>\n<meta property=\"og:image\" content=\"https:\/\/static.trustedtranslations.com\/wp-content\/uploads\/2024\/02\/tt-icon_QuarkXPress-Translation-.webp\" \/>\n\t<meta property=\"og:image:width\" content=\"151\" \/>\n\t<meta property=\"og:image:height\" content=\"151\" \/>\n\t<meta property=\"og:image:type\" content=\"image\/webp\" \/>\n<meta name=\"twitter:card\" content=\"summary_large_image\" \/>\n<meta name=\"twitter:site\" content=\"@TrustedT9ns\" \/>\n<script type=\"application\/ld+json\" class=\"yoast-schema-graph\">{\"@context\":\"https:\\\/\\\/schema.org\",\"@graph\":[{\"@type\":\"WebPage\",\"@id\":\"https:\\\/\\\/www.trustedtranslations.com\\\/de\\\/dienstleistungen\\\/dateiformate\\\/quarkxpress\",\"url\":\"https:\\\/\\\/www.trustedtranslations.com\\\/de\\\/dienstleistungen\\\/dateiformate\\\/quarkxpress\",\"name\":\"QuarkXPress-\u00dcbersetzungsdienstleistungen \u2013 Trusted Translations, Inc.\",\"isPartOf\":{\"@id\":\"https:\\\/\\\/www.trustedtranslations.com\\\/de\\\/#website\"},\"primaryImageOfPage\":{\"@id\":\"https:\\\/\\\/www.trustedtranslations.com\\\/de\\\/dienstleistungen\\\/dateiformate\\\/quarkxpress#primaryimage\"},\"image\":{\"@id\":\"https:\\\/\\\/www.trustedtranslations.com\\\/de\\\/dienstleistungen\\\/dateiformate\\\/quarkxpress#primaryimage\"},\"thumbnailUrl\":\"https:\\\/\\\/www.trustedtranslations.com\\\/wp-content\\\/uploads\\\/2024\\\/02\\\/tt-icon_QuarkXPress-Translation-.webp\",\"description\":\"Trusted Translations ist Ihre L\u00f6sung f\u00fcr alle Ihre QuarkXPress-\u00dcbersetzungsprojekte, von Handzetteln, Zeitungen, Magazinen bis zu Katalogen und vieles mehr.\",\"breadcrumb\":{\"@id\":\"https:\\\/\\\/www.trustedtranslations.com\\\/de\\\/dienstleistungen\\\/dateiformate\\\/quarkxpress#breadcrumb\"},\"inLanguage\":\"de\",\"potentialAction\":[{\"@type\":\"ReadAction\",\"target\":[\"https:\\\/\\\/www.trustedtranslations.com\\\/de\\\/dienstleistungen\\\/dateiformate\\\/quarkxpress\"]}]},{\"@type\":\"ImageObject\",\"inLanguage\":\"de\",\"@id\":\"https:\\\/\\\/www.trustedtranslations.com\\\/de\\\/dienstleistungen\\\/dateiformate\\\/quarkxpress#primaryimage\",\"url\":\"https:\\\/\\\/www.trustedtranslations.com\\\/wp-content\\\/uploads\\\/2024\\\/02\\\/tt-icon_QuarkXPress-Translation-.webp\",\"contentUrl\":\"https:\\\/\\\/www.trustedtranslations.com\\\/wp-content\\\/uploads\\\/2024\\\/02\\\/tt-icon_QuarkXPress-Translation-.webp\",\"width\":151,\"height\":151,\"caption\":\"tt icon QuarkXPress Translation\"},{\"@type\":\"BreadcrumbList\",\"@id\":\"https:\\\/\\\/www.trustedtranslations.com\\\/de\\\/dienstleistungen\\\/dateiformate\\\/quarkxpress#breadcrumb\",\"itemListElement\":[{\"@type\":\"ListItem\",\"position\":1,\"name\":\"Home\",\"item\":\"https:\\\/\\\/www.trustedtranslations.com\\\/de\"},{\"@type\":\"ListItem\",\"position\":2,\"name\":\"Dienstleistungen\",\"item\":\"https:\\\/\\\/www.trustedtranslations.com\\\/de\\\/dienstleistungen\"},{\"@type\":\"ListItem\",\"position\":3,\"name\":\"Dateiformate\",\"item\":\"https:\\\/\\\/www.trustedtranslations.com\\\/de\\\/dienstleistungen\\\/dateiformate\"},{\"@type\":\"ListItem\",\"position\":4,\"name\":\"QuarkXpress\"}]},{\"@type\":\"WebSite\",\"@id\":\"https:\\\/\\\/www.trustedtranslations.com\\\/de\\\/#website\",\"url\":\"https:\\\/\\\/www.trustedtranslations.com\\\/de\\\/\",\"name\":\"Trusted Translations, Inc.\",\"description\":\"Leader in translation and interpretation services.\",\"publisher\":{\"@id\":\"https:\\\/\\\/www.trustedtranslations.com\\\/de\\\/#organization\"},\"alternateName\":\"Trusted Translations\",\"potentialAction\":[{\"@type\":\"SearchAction\",\"target\":{\"@type\":\"EntryPoint\",\"urlTemplate\":\"https:\\\/\\\/www.trustedtranslations.com\\\/de\\\/?s={search_term_string}\"},\"query-input\":{\"@type\":\"PropertyValueSpecification\",\"valueRequired\":true,\"valueName\":\"search_term_string\"}}],\"inLanguage\":\"de\"},{\"@type\":\"Organization\",\"@id\":\"https:\\\/\\\/www.trustedtranslations.com\\\/de\\\/#organization\",\"name\":\"Trusted Translations\",\"alternateName\":\"Trusted Translations, Inc.\",\"url\":\"https:\\\/\\\/www.trustedtranslations.com\\\/de\\\/\",\"logo\":{\"@type\":\"ImageObject\",\"inLanguage\":\"de\",\"@id\":\"https:\\\/\\\/www.trustedtranslations.com\\\/de\\\/#\\\/schema\\\/logo\\\/image\\\/\",\"url\":\"https:\\\/\\\/static.trustedtranslations.com\\\/wp-content\\\/uploads\\\/2022\\\/01\\\/TT_logo_WSIColors-2.png\",\"contentUrl\":\"https:\\\/\\\/static.trustedtranslations.com\\\/wp-content\\\/uploads\\\/2022\\\/01\\\/TT_logo_WSIColors-2.png\",\"width\":500,\"height\":196,\"caption\":\"Trusted Translations\"},\"image\":{\"@id\":\"https:\\\/\\\/www.trustedtranslations.com\\\/de\\\/#\\\/schema\\\/logo\\\/image\\\/\"},\"sameAs\":[\"https:\\\/\\\/www.facebook.com\\\/Trusted.Translations\",\"https:\\\/\\\/x.com\\\/TrustedT9ns\",\"https:\\\/\\\/www.linkedin.com\\\/company\\\/trusted-translations\"]}]}<\/script>\n<!-- \/ Yoast SEO plugin. -->","yoast_head_json":{"title":"QuarkXPress-\u00dcbersetzungsdienstleistungen \u2013 Trusted Translations, Inc.","description":"Trusted Translations ist Ihre L\u00f6sung f\u00fcr alle Ihre QuarkXPress-\u00dcbersetzungsprojekte, von Handzetteln, Zeitungen, Magazinen bis zu Katalogen und vieles mehr.","robots":{"index":"index","follow":"follow","max-snippet":"max-snippet:-1","max-image-preview":"max-image-preview:large","max-video-preview":"max-video-preview:-1"},"canonical":"https:\/\/www.trustedtranslations.com\/de\/dienstleistungen\/dateiformate\/quarkxpress","og_locale":"de_DE","og_type":"article","og_title":"QuarkXPress-\u00dcbersetzungsdienstleistungen \u2013 Trusted Translations, Inc.","og_description":"Trusted Translations ist Ihre L\u00f6sung f\u00fcr alle Ihre QuarkXPress-\u00dcbersetzungsprojekte, von Handzetteln, Zeitungen, Magazinen bis zu Katalogen und vieles mehr.","og_url":"https:\/\/www.trustedtranslations.com\/de\/dienstleistungen\/dateiformate\/quarkxpress","og_site_name":"Trusted Translations, Inc.","article_publisher":"https:\/\/www.facebook.com\/Trusted.Translations","article_modified_time":"2024-09-03T14:32:16+00:00","og_image":[{"width":151,"height":151,"url":"https:\/\/static.trustedtranslations.com\/wp-content\/uploads\/2024\/02\/tt-icon_QuarkXPress-Translation-.webp","type":"image\/webp"}],"twitter_card":"summary_large_image","twitter_site":"@TrustedT9ns","schema":{"@context":"https:\/\/schema.org","@graph":[{"@type":"WebPage","@id":"https:\/\/www.trustedtranslations.com\/de\/dienstleistungen\/dateiformate\/quarkxpress","url":"https:\/\/www.trustedtranslations.com\/de\/dienstleistungen\/dateiformate\/quarkxpress","name":"QuarkXPress-\u00dcbersetzungsdienstleistungen \u2013 Trusted Translations, Inc.","isPartOf":{"@id":"https:\/\/www.trustedtranslations.com\/de\/#website"},"primaryImageOfPage":{"@id":"https:\/\/www.trustedtranslations.com\/de\/dienstleistungen\/dateiformate\/quarkxpress#primaryimage"},"image":{"@id":"https:\/\/www.trustedtranslations.com\/de\/dienstleistungen\/dateiformate\/quarkxpress#primaryimage"},"thumbnailUrl":"https:\/\/www.trustedtranslations.com\/wp-content\/uploads\/2024\/02\/tt-icon_QuarkXPress-Translation-.webp","description":"Trusted Translations ist Ihre L\u00f6sung f\u00fcr alle Ihre QuarkXPress-\u00dcbersetzungsprojekte, von Handzetteln, Zeitungen, Magazinen bis zu Katalogen und vieles mehr.","breadcrumb":{"@id":"https:\/\/www.trustedtranslations.com\/de\/dienstleistungen\/dateiformate\/quarkxpress#breadcrumb"},"inLanguage":"de","potentialAction":[{"@type":"ReadAction","target":["https:\/\/www.trustedtranslations.com\/de\/dienstleistungen\/dateiformate\/quarkxpress"]}]},{"@type":"ImageObject","inLanguage":"de","@id":"https:\/\/www.trustedtranslations.com\/de\/dienstleistungen\/dateiformate\/quarkxpress#primaryimage","url":"https:\/\/www.trustedtranslations.com\/wp-content\/uploads\/2024\/02\/tt-icon_QuarkXPress-Translation-.webp","contentUrl":"https:\/\/www.trustedtranslations.com\/wp-content\/uploads\/2024\/02\/tt-icon_QuarkXPress-Translation-.webp","width":151,"height":151,"caption":"tt icon QuarkXPress Translation"},{"@type":"BreadcrumbList","@id":"https:\/\/www.trustedtranslations.com\/de\/dienstleistungen\/dateiformate\/quarkxpress#breadcrumb","itemListElement":[{"@type":"ListItem","position":1,"name":"Home","item":"https:\/\/www.trustedtranslations.com\/de"},{"@type":"ListItem","position":2,"name":"Dienstleistungen","item":"https:\/\/www.trustedtranslations.com\/de\/dienstleistungen"},{"@type":"ListItem","position":3,"name":"Dateiformate","item":"https:\/\/www.trustedtranslations.com\/de\/dienstleistungen\/dateiformate"},{"@type":"ListItem","position":4,"name":"QuarkXpress"}]},{"@type":"WebSite","@id":"https:\/\/www.trustedtranslations.com\/de\/#website","url":"https:\/\/www.trustedtranslations.com\/de\/","name":"Trusted Translations, Inc.","description":"Leader in translation and interpretation services.","publisher":{"@id":"https:\/\/www.trustedtranslations.com\/de\/#organization"},"alternateName":"Trusted Translations","potentialAction":[{"@type":"SearchAction","target":{"@type":"EntryPoint","urlTemplate":"https:\/\/www.trustedtranslations.com\/de\/?s={search_term_string}"},"query-input":{"@type":"PropertyValueSpecification","valueRequired":true,"valueName":"search_term_string"}}],"inLanguage":"de"},{"@type":"Organization","@id":"https:\/\/www.trustedtranslations.com\/de\/#organization","name":"Trusted Translations","alternateName":"Trusted Translations, Inc.","url":"https:\/\/www.trustedtranslations.com\/de\/","logo":{"@type":"ImageObject","inLanguage":"de","@id":"https:\/\/www.trustedtranslations.com\/de\/#\/schema\/logo\/image\/","url":"https:\/\/static.trustedtranslations.com\/wp-content\/uploads\/2022\/01\/TT_logo_WSIColors-2.png","contentUrl":"https:\/\/static.trustedtranslations.com\/wp-content\/uploads\/2022\/01\/TT_logo_WSIColors-2.png","width":500,"height":196,"caption":"Trusted Translations"},"image":{"@id":"https:\/\/www.trustedtranslations.com\/de\/#\/schema\/logo\/image\/"},"sameAs":["https:\/\/www.facebook.com\/Trusted.Translations","https:\/\/x.com\/TrustedT9ns","https:\/\/www.linkedin.com\/company\/trusted-translations"]}]}},"toolset-meta":{"dyk":{"mensaje-1":{"type":"textfield","raw":"Wir sind Ihre Komplettl\u00f6sung f\u00fcr alle Ihre QuarkXPress-\u00dcbersetzungsbed\u00fcrfnisse."},"mensaje-2":{"type":"textfield","raw":"Unsere branchenspezifischen \u00dcbersetzer liefern die genauesten QuarkXPress-\u00dcbersetzungen."},"mensaje-3":{"type":"textfield","raw":"Wir liefern Ihnen Ihre QuarkXPress-\u00dcbersetzungsprojekte sofort einsatzbereit."},"mensaje-4":{"type":"textfield","raw":"Wir \u00fcbersetzen Ihre QuarkXPress-Kreationen aus und in \u00fcber 200 Sprachen."},"mensaje-5":{"type":"textfield","raw":""},"mensaje-6":{"type":"textfield","raw":""}},"single-page-template-fields":{"imgs-temp":{"type":"image","raw":["https:\/\/static.trustedtranslations.com\/wp-content\/uploads\/2024\/06\/Group-63-1.webp"],"repeatable":[{"raw":"https:\/\/static.trustedtranslations.com\/wp-content\/uploads\/2024\/06\/Group-63-1.webp"}]},"imgs-temp-cel":{"type":"image","raw":[""],"repeatable":[{"raw":""}]},"img-temp-one-cel":{"type":"image","raw":"https:\/\/static.trustedtranslations.com\/wp-content\/uploads\/2024\/03\/AdobeStock_385542563-2-1.webp","attachment_id":null},"quotes":{"type":"textarea","raw":"<h1 style=\"margin-bottom: 12px;\">QuarkXPress \u00dcbersetzungsdienste<\/h1>\r\n<em>Trusted Translations<\/em> ist Ihre L\u00f6sung aus einer Hand f\u00fcr alle Ihre QuarkXPress \u00dcbersetzungsbed\u00fcrfnisse. Ungeachtet, ob Sie etwas von Handzetteln bis zu Zeitungen, Magazinen und Katalogen \u00fcbersetzen m\u00f6chten, wird das Expertenteam von Trusted Translations\u2019 Ihnen die am genauesten \u00fcbersetzten und am geschicktesten gestalteten QuarkXPress-\u00dcbersetzungen liefern.\r\n<div style=\"margin-top: 2.5vw;\"><a class=\"tt-btn-main-cta\" href=\"\/quote\">Request a free quote<\/a><\/div>"},"text-1":{"type":"textarea","raw":"<h2>Fachm\u00e4nnische \u00dcbersetzung und Formatierung von QuarkXPress-Dokumenten<\/h2>\r\nBei\u00a0<em>Trusted Translations<\/em>, bieten wir nicht nur die professionellsten und genauesten \u00dcbersetzungen in der Branche, sondern liefern die endg\u00fcltige \u00dcbersetzung im selben Format wie das Originaldokument. Hierdurch wird der Aufwand vermieden, ein separates Designunternehmen zu suchen und zu beauftragen, um Ihre Bilder neu zu formatieren, und Ihnen erm\u00f6glicht, das \u00fcbersetzte Dokument sofort einzusetzen.\r\n<h2>Prozess der QuarkXPress \u00dcbersetzung<\/h2>\r\nWir nehmen bei der \u00dcbersetzung eines QuarkXPress-Dokuments mehrere Schritte vor, um sicherzustellen, dass das Ergebnis von h\u00f6chster Qualit\u00e4t ist. Nach Empfang des Dokuments wird unser Desktop-Publishing-Expertenteam s\u00e4mtlichen \u00fcbersetzbaren Text extrahieren. Hierdurch k\u00f6nnen unsere \u00dcbersetzer mit unseren computergest\u00fctzten \u00dcbersetzungstools (CAT-Tools) arbeiten, was wiederum eine genauere \u00dcbersetzung erm\u00f6glicht. Unsere branchenspezifischen \u00dcbersetzer werden sicherstellen, dass Sie eine spezialisierte \u00dcbersetzung f\u00fcr alle Ihre QuarkXPress-Kreationen erhalten, damit Sie Ihre Zielgruppe erreichen k\u00f6nnen. Danach durchl\u00e4uft das Dokument einen endg\u00fcltigen Desktop-Publishing-Schritt, um die Formatierung und das Layout mit dem neu \u00fcbersetzten Text anzupassen. Unser Expertenteam wird alles von Handzetteln, Zeitungen, Magazinen bis zu Katalogen \u00fcbersetzen, um nur einige Beispiele zu nennen, sodass Sie ein breiteres Publikum erreichen k\u00f6nnen. Selbst Dokumente mit schwierigen Grafiken und komplexem Designlayout werden f\u00fcr Sie gestaltet und sofort einsatzbereit geliefert."},"shortcode-map":{"type":"textfield","raw":""},"dyk-shortcode":{"type":"textfield","raw":"[elementor-template id=\"146647\"]"},"text-2":{"type":"textarea","raw":"<h2>Die Arbeit mit verschiedenen Versionen von QuarkXpress<\/h2>\r\nDie Versionshistorie von QuarkXPress ist ungef\u00e4hr so lang wie jedes andere etablierte Softwareprogramm. D. h. dass es ziemlich viele Versionen gibt, auf die wir im Rahmen der \u00dcbersetzungsbed\u00fcrfnisse unserer Kunden sto\u00dfen. Viele \u00e4ltere Versionen sind nicht mit computergest\u00fctzten \u00dcbersetzungstools (CAT-Tools) kompatibel und ben\u00f6tigen einige zus\u00e4tzliche Schritte vor der \u00dcbersetzung, w\u00e4hrend modernere Versionen mit unseren CAT-Tools kompatibel sind und sofort \u00fcbersetzt werden k\u00f6nnen. Bei\u00a0<em>Trusted Translations<\/em>\u00a0haben wir die erforderlichen Tools und Fachkenntnisse, um mit allen Versionen von QuarkXPress zu arbeiten, die unsere Kunden uns bereitstellen. Unser Desktop-Publishing-Team wird sich um die Herausforderungen Ihrer QuarkXPress-Kreationen k\u00fcmmern und daf\u00fcr sorgen, dass diese dem Original so weit wie m\u00f6glich \u00e4hneln, w\u00e4hrend die Zieldateien der gleichen Version von QuarkXPress dem Ausgangsdokument entsprechen.\r\n<h2>QuarkXpress nach InDesign f\u00fcr nicht unterst\u00fctzte Sprachen konvertieren<\/h2>\r\nDie neueste Version von QuarkXPress ist in der Lage, 36 Sprachen (neben der englischen Sprache) zu unterst\u00fctzen. Auch wenn 36 eine betr\u00e4chtliche Zahl zu sein scheint, arbeitet\u00a0<em>Trusted Translations<\/em>\u00a0mit \u00fcber 200 Sprachen. Was geschieht also, wenn wir ein Dokument erhalten, das in eine nicht von QuarkXPress unterst\u00fctzte Sprache wie Swahili, Usbekisch oder Amharisch \u00fcbersetzt werden muss? Hier springt unser Desktop-Publishing-Expertenteam ein. Unser DTP-Team wird Ihr QuarkXPress-Dokument in einem InDesign-Format nachbilden, in dem wir mit einer gr\u00f6\u00dferen Vielfalt von Sprachoptionen arbeiten k\u00f6nnen, damit Sie Ihre Zielgruppe erreichen k\u00f6nnen. Sollte die von Ihnen gew\u00fcnschte Sprache der \u00dcbersetzung nicht von QuarkXPress unterst\u00fctzt werden und nach InDesign konvertiert werden m\u00fcssen, werden Sie ein InDesign-Dokument erhalten, das dem Original so genau wie m\u00f6glich entspricht. Unser DTP-Expertenteam wird das Dokument so formatieren, dass es keine der urspr\u00fcnglichen Merkmale verlieren wird."},"state":{"type":"textfield","raw":""},"city":{"type":"textarea","raw":[]}}},"_links":{"self":[{"href":"https:\/\/www.trustedtranslations.com\/de\/wp-json\/wp\/v2\/pages\/129402","targetHints":{"allow":["GET"]}}],"collection":[{"href":"https:\/\/www.trustedtranslations.com\/de\/wp-json\/wp\/v2\/pages"}],"about":[{"href":"https:\/\/www.trustedtranslations.com\/de\/wp-json\/wp\/v2\/types\/page"}],"author":[{"embeddable":true,"href":"https:\/\/www.trustedtranslations.com\/de\/wp-json\/wp\/v2\/users\/1"}],"replies":[{"embeddable":true,"href":"https:\/\/www.trustedtranslations.com\/de\/wp-json\/wp\/v2\/comments?post=129402"}],"version-history":[{"count":0,"href":"https:\/\/www.trustedtranslations.com\/de\/wp-json\/wp\/v2\/pages\/129402\/revisions"}],"up":[{"embeddable":true,"href":"https:\/\/www.trustedtranslations.com\/de\/wp-json\/wp\/v2\/pages\/129442"}],"wp:featuredmedia":[{"embeddable":true,"href":"https:\/\/www.trustedtranslations.com\/de\/wp-json\/wp\/v2\/media\/238288"}],"wp:attachment":[{"href":"https:\/\/www.trustedtranslations.com\/de\/wp-json\/wp\/v2\/media?parent=129402"}],"curies":[{"name":"wp","href":"https:\/\/api.w.org\/{rel}","templated":true}]}}