{"id":129406,"date":"2018-11-14T14:39:29","date_gmt":"2018-11-14T14:39:29","guid":{"rendered":"https:\/\/www.trustedtranslations.com\/?page_id=129406"},"modified":"2024-09-03T11:31:12","modified_gmt":"2024-09-03T14:31:12","slug":"pdf","status":"publish","type":"page","link":"https:\/\/www.trustedtranslations.com\/de\/dienstleistungen\/dateiformate\/pdf","title":{"rendered":"PDF \u2013 Adobe Reader"},"content":{"rendered":"","protected":false},"excerpt":{"rendered":"","protected":false},"author":1,"featured_media":237980,"parent":129442,"menu_order":1,"comment_status":"closed","ping_status":"closed","template":"","meta":{"site-sidebar-layout":"default","site-content-layout":"default","ast-site-content-layout":"default","site-content-style":"default","site-sidebar-style":"default","ast-global-header-display":"","ast-banner-title-visibility":"","ast-main-header-display":"","ast-hfb-above-header-display":"","ast-hfb-below-header-display":"","ast-hfb-mobile-header-display":"","site-post-title":"disabled","ast-breadcrumbs-content":"","ast-featured-img":"","footer-sml-layout":"","ast-disable-related-posts":"","theme-transparent-header-meta":"default","adv-header-id-meta":"","stick-header-meta":"","header-above-stick-meta":"","header-main-stick-meta":"","header-below-stick-meta":"","astra-migrate-meta-layouts":"set","ast-page-background-enabled":"default","ast-page-background-meta":{"desktop":{"background-color":"var(--ast-global-color-4)","background-image":"","background-repeat":"repeat","background-position":"center center","background-size":"auto","background-attachment":"scroll","background-type":"","background-media":"","overlay-type":"","overlay-color":"","overlay-opacity":"","overlay-gradient":""},"tablet":{"background-color":"","background-image":"","background-repeat":"repeat","background-position":"center center","background-size":"auto","background-attachment":"scroll","background-type":"","background-media":"","overlay-type":"","overlay-color":"","overlay-opacity":"","overlay-gradient":""},"mobile":{"background-color":"","background-image":"","background-repeat":"repeat","background-position":"center center","background-size":"auto","background-attachment":"scroll","background-type":"","background-media":"","overlay-type":"","overlay-color":"","overlay-opacity":"","overlay-gradient":""}},"ast-content-background-meta":{"desktop":{"background-color":"var(--ast-global-color-5)","background-image":"","background-repeat":"repeat","background-position":"center center","background-size":"auto","background-attachment":"scroll","background-type":"","background-media":"","overlay-type":"","overlay-color":"","overlay-opacity":"","overlay-gradient":""},"tablet":{"background-color":"var(--ast-global-color-5)","background-image":"","background-repeat":"repeat","background-position":"center center","background-size":"auto","background-attachment":"scroll","background-type":"","background-media":"","overlay-type":"","overlay-color":"","overlay-opacity":"","overlay-gradient":""},"mobile":{"background-color":"var(--ast-global-color-5)","background-image":"","background-repeat":"repeat","background-position":"center center","background-size":"auto","background-attachment":"scroll","background-type":"","background-media":"","overlay-type":"","overlay-color":"","overlay-opacity":"","overlay-gradient":""}},"footnotes":""},"class_list":["post-129406","page","type-page","status-publish","has-post-thumbnail","hentry"],"yoast_head":"<!-- This site is optimized with the Yoast SEO plugin v27.3 - https:\/\/yoast.com\/product\/yoast-seo-wordpress\/ -->\n<title>PDF-\u00dcbersetzungsdienstleistungen \u2013 Trusted Translations, Inc.<\/title>\n<meta name=\"description\" content=\"Entdecken Sie hochwertige PDF-Sprachl\u00f6sungen bei Trusted Translations. Unsere \u00dcbersetzer sorgen f\u00fcr pr\u00e4zise und zuverl\u00e4ssige \u00dcbersetzungen Ihrer PDF-Dateien. Ein Angebot anfordern.\" \/>\n<meta name=\"robots\" content=\"index, follow, max-snippet:-1, max-image-preview:large, max-video-preview:-1\" \/>\n<link rel=\"canonical\" href=\"https:\/\/www.trustedtranslations.com\/de\/dienstleistungen\/dateiformate\/pdf\" \/>\n<meta property=\"og:locale\" content=\"de_DE\" \/>\n<meta property=\"og:type\" content=\"article\" \/>\n<meta property=\"og:title\" content=\"PDF-\u00dcbersetzungsdienstleistungen \u2013 Trusted Translations, Inc.\" \/>\n<meta property=\"og:description\" content=\"Entdecken Sie hochwertige PDF-Sprachl\u00f6sungen bei Trusted Translations. Unsere \u00dcbersetzer sorgen f\u00fcr pr\u00e4zise und zuverl\u00e4ssige \u00dcbersetzungen Ihrer PDF-Dateien. Ein Angebot anfordern.\" \/>\n<meta property=\"og:url\" content=\"https:\/\/www.trustedtranslations.com\/de\/dienstleistungen\/dateiformate\/pdf\" \/>\n<meta property=\"og:site_name\" content=\"Trusted Translations, Inc.\" \/>\n<meta property=\"article:publisher\" content=\"https:\/\/www.facebook.com\/Trusted.Translations\" \/>\n<meta property=\"article:modified_time\" content=\"2024-09-03T14:31:12+00:00\" \/>\n<meta property=\"og:image\" content=\"https:\/\/static.trustedtranslations.com\/wp-content\/uploads\/2024\/02\/tt-icon_PDF-Translation-Services.webp\" \/>\n\t<meta property=\"og:image:width\" content=\"151\" \/>\n\t<meta property=\"og:image:height\" content=\"151\" \/>\n\t<meta property=\"og:image:type\" content=\"image\/webp\" \/>\n<meta name=\"twitter:card\" content=\"summary_large_image\" \/>\n<meta name=\"twitter:site\" content=\"@TrustedT9ns\" \/>\n<script type=\"application\/ld+json\" class=\"yoast-schema-graph\">{\"@context\":\"https:\\\/\\\/schema.org\",\"@graph\":[{\"@type\":\"WebPage\",\"@id\":\"https:\\\/\\\/www.trustedtranslations.com\\\/de\\\/dienstleistungen\\\/dateiformate\\\/pdf\",\"url\":\"https:\\\/\\\/www.trustedtranslations.com\\\/de\\\/dienstleistungen\\\/dateiformate\\\/pdf\",\"name\":\"PDF-\u00dcbersetzungsdienstleistungen \u2013 Trusted Translations, Inc.\",\"isPartOf\":{\"@id\":\"https:\\\/\\\/www.trustedtranslations.com\\\/de\\\/#website\"},\"primaryImageOfPage\":{\"@id\":\"https:\\\/\\\/www.trustedtranslations.com\\\/de\\\/dienstleistungen\\\/dateiformate\\\/pdf#primaryimage\"},\"image\":{\"@id\":\"https:\\\/\\\/www.trustedtranslations.com\\\/de\\\/dienstleistungen\\\/dateiformate\\\/pdf#primaryimage\"},\"thumbnailUrl\":\"https:\\\/\\\/www.trustedtranslations.com\\\/wp-content\\\/uploads\\\/2024\\\/02\\\/tt-icon_PDF-Translation-Services.webp\",\"description\":\"Entdecken Sie hochwertige PDF-Sprachl\u00f6sungen bei Trusted Translations. Unsere \u00dcbersetzer sorgen f\u00fcr pr\u00e4zise und zuverl\u00e4ssige \u00dcbersetzungen Ihrer PDF-Dateien. Ein Angebot anfordern.\",\"breadcrumb\":{\"@id\":\"https:\\\/\\\/www.trustedtranslations.com\\\/de\\\/dienstleistungen\\\/dateiformate\\\/pdf#breadcrumb\"},\"inLanguage\":\"de\",\"potentialAction\":[{\"@type\":\"ReadAction\",\"target\":[\"https:\\\/\\\/www.trustedtranslations.com\\\/de\\\/dienstleistungen\\\/dateiformate\\\/pdf\"]}]},{\"@type\":\"ImageObject\",\"inLanguage\":\"de\",\"@id\":\"https:\\\/\\\/www.trustedtranslations.com\\\/de\\\/dienstleistungen\\\/dateiformate\\\/pdf#primaryimage\",\"url\":\"https:\\\/\\\/www.trustedtranslations.com\\\/wp-content\\\/uploads\\\/2024\\\/02\\\/tt-icon_PDF-Translation-Services.webp\",\"contentUrl\":\"https:\\\/\\\/www.trustedtranslations.com\\\/wp-content\\\/uploads\\\/2024\\\/02\\\/tt-icon_PDF-Translation-Services.webp\",\"width\":151,\"height\":151,\"caption\":\"tt icon PDF Translation Services\"},{\"@type\":\"BreadcrumbList\",\"@id\":\"https:\\\/\\\/www.trustedtranslations.com\\\/de\\\/dienstleistungen\\\/dateiformate\\\/pdf#breadcrumb\",\"itemListElement\":[{\"@type\":\"ListItem\",\"position\":1,\"name\":\"Home\",\"item\":\"https:\\\/\\\/www.trustedtranslations.com\\\/de\"},{\"@type\":\"ListItem\",\"position\":2,\"name\":\"Dienstleistungen\",\"item\":\"https:\\\/\\\/www.trustedtranslations.com\\\/de\\\/dienstleistungen\"},{\"@type\":\"ListItem\",\"position\":3,\"name\":\"Dateiformate\",\"item\":\"https:\\\/\\\/www.trustedtranslations.com\\\/de\\\/dienstleistungen\\\/dateiformate\"},{\"@type\":\"ListItem\",\"position\":4,\"name\":\"PDF \u2013 Adobe Reader\"}]},{\"@type\":\"WebSite\",\"@id\":\"https:\\\/\\\/www.trustedtranslations.com\\\/de\\\/#website\",\"url\":\"https:\\\/\\\/www.trustedtranslations.com\\\/de\\\/\",\"name\":\"Trusted Translations, Inc.\",\"description\":\"Leader in translation and interpretation services.\",\"publisher\":{\"@id\":\"https:\\\/\\\/www.trustedtranslations.com\\\/de\\\/#organization\"},\"alternateName\":\"Trusted Translations\",\"potentialAction\":[{\"@type\":\"SearchAction\",\"target\":{\"@type\":\"EntryPoint\",\"urlTemplate\":\"https:\\\/\\\/www.trustedtranslations.com\\\/de\\\/?s={search_term_string}\"},\"query-input\":{\"@type\":\"PropertyValueSpecification\",\"valueRequired\":true,\"valueName\":\"search_term_string\"}}],\"inLanguage\":\"de\"},{\"@type\":\"Organization\",\"@id\":\"https:\\\/\\\/www.trustedtranslations.com\\\/de\\\/#organization\",\"name\":\"Trusted Translations\",\"alternateName\":\"Trusted Translations, Inc.\",\"url\":\"https:\\\/\\\/www.trustedtranslations.com\\\/de\\\/\",\"logo\":{\"@type\":\"ImageObject\",\"inLanguage\":\"de\",\"@id\":\"https:\\\/\\\/www.trustedtranslations.com\\\/de\\\/#\\\/schema\\\/logo\\\/image\\\/\",\"url\":\"https:\\\/\\\/static.trustedtranslations.com\\\/wp-content\\\/uploads\\\/2022\\\/01\\\/TT_logo_WSIColors-2.png\",\"contentUrl\":\"https:\\\/\\\/static.trustedtranslations.com\\\/wp-content\\\/uploads\\\/2022\\\/01\\\/TT_logo_WSIColors-2.png\",\"width\":500,\"height\":196,\"caption\":\"Trusted Translations\"},\"image\":{\"@id\":\"https:\\\/\\\/www.trustedtranslations.com\\\/de\\\/#\\\/schema\\\/logo\\\/image\\\/\"},\"sameAs\":[\"https:\\\/\\\/www.facebook.com\\\/Trusted.Translations\",\"https:\\\/\\\/x.com\\\/TrustedT9ns\",\"https:\\\/\\\/www.linkedin.com\\\/company\\\/trusted-translations\"]}]}<\/script>\n<!-- \/ Yoast SEO plugin. -->","yoast_head_json":{"title":"PDF-\u00dcbersetzungsdienstleistungen \u2013 Trusted Translations, Inc.","description":"Entdecken Sie hochwertige PDF-Sprachl\u00f6sungen bei Trusted Translations. Unsere \u00dcbersetzer sorgen f\u00fcr pr\u00e4zise und zuverl\u00e4ssige \u00dcbersetzungen Ihrer PDF-Dateien. Ein Angebot anfordern.","robots":{"index":"index","follow":"follow","max-snippet":"max-snippet:-1","max-image-preview":"max-image-preview:large","max-video-preview":"max-video-preview:-1"},"canonical":"https:\/\/www.trustedtranslations.com\/de\/dienstleistungen\/dateiformate\/pdf","og_locale":"de_DE","og_type":"article","og_title":"PDF-\u00dcbersetzungsdienstleistungen \u2013 Trusted Translations, Inc.","og_description":"Entdecken Sie hochwertige PDF-Sprachl\u00f6sungen bei Trusted Translations. Unsere \u00dcbersetzer sorgen f\u00fcr pr\u00e4zise und zuverl\u00e4ssige \u00dcbersetzungen Ihrer PDF-Dateien. Ein Angebot anfordern.","og_url":"https:\/\/www.trustedtranslations.com\/de\/dienstleistungen\/dateiformate\/pdf","og_site_name":"Trusted Translations, Inc.","article_publisher":"https:\/\/www.facebook.com\/Trusted.Translations","article_modified_time":"2024-09-03T14:31:12+00:00","og_image":[{"width":151,"height":151,"url":"https:\/\/static.trustedtranslations.com\/wp-content\/uploads\/2024\/02\/tt-icon_PDF-Translation-Services.webp","type":"image\/webp"}],"twitter_card":"summary_large_image","twitter_site":"@TrustedT9ns","schema":{"@context":"https:\/\/schema.org","@graph":[{"@type":"WebPage","@id":"https:\/\/www.trustedtranslations.com\/de\/dienstleistungen\/dateiformate\/pdf","url":"https:\/\/www.trustedtranslations.com\/de\/dienstleistungen\/dateiformate\/pdf","name":"PDF-\u00dcbersetzungsdienstleistungen \u2013 Trusted Translations, Inc.","isPartOf":{"@id":"https:\/\/www.trustedtranslations.com\/de\/#website"},"primaryImageOfPage":{"@id":"https:\/\/www.trustedtranslations.com\/de\/dienstleistungen\/dateiformate\/pdf#primaryimage"},"image":{"@id":"https:\/\/www.trustedtranslations.com\/de\/dienstleistungen\/dateiformate\/pdf#primaryimage"},"thumbnailUrl":"https:\/\/www.trustedtranslations.com\/wp-content\/uploads\/2024\/02\/tt-icon_PDF-Translation-Services.webp","description":"Entdecken Sie hochwertige PDF-Sprachl\u00f6sungen bei Trusted Translations. Unsere \u00dcbersetzer sorgen f\u00fcr pr\u00e4zise und zuverl\u00e4ssige \u00dcbersetzungen Ihrer PDF-Dateien. Ein Angebot anfordern.","breadcrumb":{"@id":"https:\/\/www.trustedtranslations.com\/de\/dienstleistungen\/dateiformate\/pdf#breadcrumb"},"inLanguage":"de","potentialAction":[{"@type":"ReadAction","target":["https:\/\/www.trustedtranslations.com\/de\/dienstleistungen\/dateiformate\/pdf"]}]},{"@type":"ImageObject","inLanguage":"de","@id":"https:\/\/www.trustedtranslations.com\/de\/dienstleistungen\/dateiformate\/pdf#primaryimage","url":"https:\/\/www.trustedtranslations.com\/wp-content\/uploads\/2024\/02\/tt-icon_PDF-Translation-Services.webp","contentUrl":"https:\/\/www.trustedtranslations.com\/wp-content\/uploads\/2024\/02\/tt-icon_PDF-Translation-Services.webp","width":151,"height":151,"caption":"tt icon PDF Translation Services"},{"@type":"BreadcrumbList","@id":"https:\/\/www.trustedtranslations.com\/de\/dienstleistungen\/dateiformate\/pdf#breadcrumb","itemListElement":[{"@type":"ListItem","position":1,"name":"Home","item":"https:\/\/www.trustedtranslations.com\/de"},{"@type":"ListItem","position":2,"name":"Dienstleistungen","item":"https:\/\/www.trustedtranslations.com\/de\/dienstleistungen"},{"@type":"ListItem","position":3,"name":"Dateiformate","item":"https:\/\/www.trustedtranslations.com\/de\/dienstleistungen\/dateiformate"},{"@type":"ListItem","position":4,"name":"PDF \u2013 Adobe Reader"}]},{"@type":"WebSite","@id":"https:\/\/www.trustedtranslations.com\/de\/#website","url":"https:\/\/www.trustedtranslations.com\/de\/","name":"Trusted Translations, Inc.","description":"Leader in translation and interpretation services.","publisher":{"@id":"https:\/\/www.trustedtranslations.com\/de\/#organization"},"alternateName":"Trusted Translations","potentialAction":[{"@type":"SearchAction","target":{"@type":"EntryPoint","urlTemplate":"https:\/\/www.trustedtranslations.com\/de\/?s={search_term_string}"},"query-input":{"@type":"PropertyValueSpecification","valueRequired":true,"valueName":"search_term_string"}}],"inLanguage":"de"},{"@type":"Organization","@id":"https:\/\/www.trustedtranslations.com\/de\/#organization","name":"Trusted Translations","alternateName":"Trusted Translations, Inc.","url":"https:\/\/www.trustedtranslations.com\/de\/","logo":{"@type":"ImageObject","inLanguage":"de","@id":"https:\/\/www.trustedtranslations.com\/de\/#\/schema\/logo\/image\/","url":"https:\/\/static.trustedtranslations.com\/wp-content\/uploads\/2022\/01\/TT_logo_WSIColors-2.png","contentUrl":"https:\/\/static.trustedtranslations.com\/wp-content\/uploads\/2022\/01\/TT_logo_WSIColors-2.png","width":500,"height":196,"caption":"Trusted Translations"},"image":{"@id":"https:\/\/www.trustedtranslations.com\/de\/#\/schema\/logo\/image\/"},"sameAs":["https:\/\/www.facebook.com\/Trusted.Translations","https:\/\/x.com\/TrustedT9ns","https:\/\/www.linkedin.com\/company\/trusted-translations"]}]}},"toolset-meta":{"dyk":{"mensaje-1":{"type":"textfield","raw":"Unsere Tools erm\u00f6glichen es dem \u00dcbersetzer, den Zieltext im Kontext des urspr\u00fcnglichen Layouts zu sehen."},"mensaje-2":{"type":"textfield","raw":"Trusted Translations bietet interne Desktop-Publishing-Dienstleistungen f\u00fcr PDFs."},"mensaje-3":{"type":"textfield","raw":"Bei Ihrem \u00fcbersetzten PDF-Dokument werden keine weiteren Schritte erforderlich sein."},"mensaje-4":{"type":"textfield","raw":"Wir \u00fcbersetzen selbst die anspruchsvollsten, gescannten PDF-Dokumente."},"mensaje-5":{"type":"textfield","raw":""},"mensaje-6":{"type":"textfield","raw":""}},"single-page-template-fields":{"imgs-temp":{"type":"image","raw":["https:\/\/static.trustedtranslations.com\/wp-content\/uploads\/2024\/06\/Group-77-1-1.webp"],"repeatable":[{"raw":"https:\/\/static.trustedtranslations.com\/wp-content\/uploads\/2024\/06\/Group-77-1-1.webp"}]},"imgs-temp-cel":{"type":"image","raw":[""],"repeatable":[{"raw":""}]},"img-temp-one-cel":{"type":"image","raw":"https:\/\/static.trustedtranslations.com\/wp-content\/uploads\/2024\/03\/AdobeStock_385542563-2-1.webp","attachment_id":null},"quotes":{"type":"textarea","raw":"<h1 style=\"margin-bottom: 12px;\">PDF-\u00dcbersetzungsdienste<\/h1>\r\nStellen Sie sich vor, Sie k\u00f6nnten Ihr PDF-Dokument einer \u00dcbersetzungsagentur einreichen und ein vollst\u00e4ndig \u00fcbersetztes PDF-Dokument erhalten, ohne den Unterschied zwischen dem urspr\u00fcnglichen PDF und dem neu \u00fcbersetzten PDF zu bemerken. Bei Trusted Translations, ist das m\u00f6glich. Wir liefern nicht nur \u00dcbersetzungen von h\u00f6chster Qualit\u00e4t in der Branche, sondern sind in der Lage, selbst die anspruchsvollsten PDF-Dokumente zu \u00fcbersetzen.\r\n<div style=\"margin-top: 2.5vw;\"><a class=\"tt-btn-main-cta\" href=\"\/de\/angebot\">KOSTENLOSEN KOSTENVORANSCHLAG ANFORDERN <\/a><\/div>"},"text-1":{"type":"textarea","raw":"<h2>PDF-Datei\u00fcbersetzung<\/h2>\r\nWenn Sie\u00a0<em>Trusted Translations<\/em>\u00a0f\u00fcr Ihre PDF-Dokument-\u00dcbersetzungsprojekte w\u00e4hlen, werden Sie garantiert ein professionell erstelltes Endprodukt erhalten, das sofort einsatzbereit ist. Ungeachtet, ob Ihr Ausgangsdokument im PDF-Format ist oder nicht, unser Expertenteam wird sich darum k\u00fcmmern, sicherzustellen, dass alle Elemente Ihres Originaldokuments ber\u00fccksichtigt und entsprechend einbezogen werden. Unsere branchenspezifischen \u00dcbersetzer sind Experten in ihren jeweiligen Bereichen und werden die genaueste \u00dcbersetzung in der Branche liefern. Au\u00dferdem werden unsere \u00dcbersetzer die \u00dcbersetzung lokalisieren, sodass Sie gleichzeitig ein breiteres globales Publikum sowie eine spezifische Zielgruppe erreichen k\u00f6nnen. Unser Desktop-Publishing-Team wird das Layout des Ziel-PDF-Dokuments professionell mit dem \u00fcbersetzten Text neu formatieren, damit dieser genauso wie das Ausgangsdokument aussieht. Wenn Sie zusammen mit\u00a0<em>Trusted Translations<\/em>\u00a0an einem Microsoft PDF-Dokument-\u00dcbersetzungsprojekt arbeiten, werden Sie keine zus\u00e4tzlichen Schritte vornehmen m\u00fcssen. Sie werden ein vollst\u00e4ndig \u00fcbersetztes und formatiertes PDF-Dokument in der Zielsprache erhalten, das sofort einsatzbereit ist."},"shortcode-map":{"type":"textfield","raw":""},"dyk-shortcode":{"type":"textfield","raw":"[elementor-template id=\"146647\"]"},"text-2":{"type":"textarea","raw":"<h2>L\u00f6sung aus einer Hand f\u00fcr Ihre PDF-\u00dcbersetzungen<\/h2>\r\nH\u00e4ufig m\u00fcssen Sie, wenn Sie einen \u00fcbersetzten Text von einer beauftragten \u00dcbersetzungsagentur erhalten, danach ein separates Grafikdesign-Unternehmen suchen, um die Formatierung und Grafiken des Dokuments anzupassen. Der Vorteil einer Zusammenarbeit mit\u00a0<em>Trusted Translations<\/em>\u00a0besteht darin, dass wir auch die Dienstleistung DTP anbieten. Das gleiche Unternehmen f\u00fcr beide Dienstleistungen zu verwenden hat ein paar Vorteile:\r\n<ol>\r\n \t<li>Wenn ein Dokument \u00fcbersetzt wurde, erh\u00e4lt der Kunde gleich das Endprodukt. Es sind keine zus\u00e4tzlichen Schritte mehr erforderlich. Wenn Sie uns ein PDF geben, werden Sie ein \u00fcbersetztes und professionell gestaltetes PDF erhalten.<\/li>\r\n \t<li>Es ist normalerweise g\u00fcnstiger, das gleiche Unternehmen f\u00fcr \u00dcbersetzungs- und Desktop-Publishing-Dienstleistungen zu beauftragen, anstatt zwei verschiedene Unternehmen f\u00fcr jede Aufgabe getrennt zu beauftragen. Au\u00dferdem wird\u00a0<em>Trusted Translations<\/em>\u00a0auf Anfrage mit Ihrem firmeneigenen Design-Team oder dem Ihres Kunden zusammenarbeiten.<\/li>\r\n \t<li>Vielleicht ist es der beste Vorteil, dass der \u00dcbersetzer in der Lage ist, mit eigenen Augen zu sehen, wie das \u00fcbersetzte Dokument innerhalb des vorgegebenen Rahmens und Bereichs des Originaldokuments aussieht.<\/li>\r\n<\/ol>\r\n<em>Trusted Translations<\/em>\u00a0kann Ihnen all die oben genannten Vorteile bereitstellen, wenn Sie mit uns zusammenarbeiten. Wenn wir Ihr \u00fcbersetztes PDF-Dokument liefern, werden Sie keine zus\u00e4tzlichen Schritte mehr vornehmen m\u00fcssen und das Dokument, das wir Ihnen einreichen, wird so wie das Original aussehen. Wenn Sie\u00a0<em>Trusted Translations<\/em>\u00a0ein PDF senden, werden Sie ein professionell \u00fcbersetztes und durch Desktop-Publishing aufbereitetes PDF erhalten."},"state":{"type":"textfield","raw":""},"city":{"type":"textarea","raw":[]}}},"_links":{"self":[{"href":"https:\/\/www.trustedtranslations.com\/de\/wp-json\/wp\/v2\/pages\/129406","targetHints":{"allow":["GET"]}}],"collection":[{"href":"https:\/\/www.trustedtranslations.com\/de\/wp-json\/wp\/v2\/pages"}],"about":[{"href":"https:\/\/www.trustedtranslations.com\/de\/wp-json\/wp\/v2\/types\/page"}],"author":[{"embeddable":true,"href":"https:\/\/www.trustedtranslations.com\/de\/wp-json\/wp\/v2\/users\/1"}],"replies":[{"embeddable":true,"href":"https:\/\/www.trustedtranslations.com\/de\/wp-json\/wp\/v2\/comments?post=129406"}],"version-history":[{"count":0,"href":"https:\/\/www.trustedtranslations.com\/de\/wp-json\/wp\/v2\/pages\/129406\/revisions"}],"up":[{"embeddable":true,"href":"https:\/\/www.trustedtranslations.com\/de\/wp-json\/wp\/v2\/pages\/129442"}],"wp:featuredmedia":[{"embeddable":true,"href":"https:\/\/www.trustedtranslations.com\/de\/wp-json\/wp\/v2\/media\/237980"}],"wp:attachment":[{"href":"https:\/\/www.trustedtranslations.com\/de\/wp-json\/wp\/v2\/media?parent=129406"}],"curies":[{"name":"wp","href":"https:\/\/api.w.org\/{rel}","templated":true}]}}