{"id":129407,"date":"2018-11-14T14:24:43","date_gmt":"2018-11-14T14:24:43","guid":{"rendered":"https:\/\/www.trustedtranslations.com\/?page_id=129407"},"modified":"2024-09-03T11:30:33","modified_gmt":"2024-09-03T14:30:33","slug":"pages-fuer-mac","status":"publish","type":"page","link":"https:\/\/www.trustedtranslations.com\/de\/dienstleistungen\/dateiformate\/pages-fuer-mac","title":{"rendered":"Pages f\u00fcr Mac"},"content":{"rendered":"","protected":false},"excerpt":{"rendered":"","protected":false},"author":1,"featured_media":238210,"parent":129442,"menu_order":10,"comment_status":"closed","ping_status":"closed","template":"","meta":{"site-sidebar-layout":"default","site-content-layout":"default","ast-site-content-layout":"default","site-content-style":"default","site-sidebar-style":"default","ast-global-header-display":"","ast-banner-title-visibility":"","ast-main-header-display":"","ast-hfb-above-header-display":"","ast-hfb-below-header-display":"","ast-hfb-mobile-header-display":"","site-post-title":"disabled","ast-breadcrumbs-content":"","ast-featured-img":"","footer-sml-layout":"","theme-transparent-header-meta":"default","adv-header-id-meta":"","stick-header-meta":"","header-above-stick-meta":"","header-main-stick-meta":"","header-below-stick-meta":"","astra-migrate-meta-layouts":"set","ast-page-background-enabled":"default","ast-page-background-meta":{"desktop":{"background-color":"var(--ast-global-color-4)","background-image":"","background-repeat":"repeat","background-position":"center center","background-size":"auto","background-attachment":"scroll","background-type":"","background-media":"","overlay-type":"","overlay-color":"","overlay-opacity":"","overlay-gradient":""},"tablet":{"background-color":"","background-image":"","background-repeat":"repeat","background-position":"center center","background-size":"auto","background-attachment":"scroll","background-type":"","background-media":"","overlay-type":"","overlay-color":"","overlay-opacity":"","overlay-gradient":""},"mobile":{"background-color":"","background-image":"","background-repeat":"repeat","background-position":"center center","background-size":"auto","background-attachment":"scroll","background-type":"","background-media":"","overlay-type":"","overlay-color":"","overlay-opacity":"","overlay-gradient":""}},"ast-content-background-meta":{"desktop":{"background-color":"var(--ast-global-color-5)","background-image":"","background-repeat":"repeat","background-position":"center center","background-size":"auto","background-attachment":"scroll","background-type":"","background-media":"","overlay-type":"","overlay-color":"","overlay-opacity":"","overlay-gradient":""},"tablet":{"background-color":"var(--ast-global-color-5)","background-image":"","background-repeat":"repeat","background-position":"center center","background-size":"auto","background-attachment":"scroll","background-type":"","background-media":"","overlay-type":"","overlay-color":"","overlay-opacity":"","overlay-gradient":""},"mobile":{"background-color":"var(--ast-global-color-5)","background-image":"","background-repeat":"repeat","background-position":"center center","background-size":"auto","background-attachment":"scroll","background-type":"","background-media":"","overlay-type":"","overlay-color":"","overlay-opacity":"","overlay-gradient":""}},"footnotes":""},"class_list":["post-129407","page","type-page","status-publish","has-post-thumbnail","hentry"],"yoast_head":"<!-- This site is optimized with the Yoast SEO plugin v27.5 - https:\/\/yoast.com\/product\/yoast-seo-wordpress\/ -->\n<title>Pages f\u00fcr Mac-\u00dcbersetzungsdienstleistungen \u2013 Trusted Translations, Inc.<\/title>\n<meta name=\"description\" content=\"Ungeachtet, ob Sie Pages f\u00fcr Textbearbeitungs- oder Seitenlayout-Zwecke verwenden, wird das Expertenteam von Trusted Translations ein geschickt \u00fcbersetztes Produkt liefern.\" \/>\n<meta name=\"robots\" content=\"index, follow, max-snippet:-1, max-image-preview:large, max-video-preview:-1\" \/>\n<link rel=\"canonical\" href=\"https:\/\/www.trustedtranslations.com\/de\/dienstleistungen\/dateiformate\/pages-fuer-mac\" \/>\n<meta property=\"og:locale\" content=\"de_DE\" \/>\n<meta property=\"og:type\" content=\"article\" \/>\n<meta property=\"og:title\" content=\"Pages f\u00fcr Mac-\u00dcbersetzungsdienstleistungen \u2013 Trusted Translations, Inc.\" \/>\n<meta property=\"og:description\" content=\"Ungeachtet, ob Sie Pages f\u00fcr Textbearbeitungs- oder Seitenlayout-Zwecke verwenden, wird das Expertenteam von Trusted Translations ein geschickt \u00fcbersetztes Produkt liefern.\" \/>\n<meta property=\"og:url\" content=\"https:\/\/www.trustedtranslations.com\/de\/dienstleistungen\/dateiformate\/pages-fuer-mac\" \/>\n<meta property=\"og:site_name\" content=\"Trusted Translations, Inc.\" \/>\n<meta property=\"article:publisher\" content=\"https:\/\/www.facebook.com\/Trusted.Translations\" \/>\n<meta property=\"article:modified_time\" content=\"2024-09-03T14:30:33+00:00\" \/>\n<meta property=\"og:image\" content=\"https:\/\/static.trustedtranslations.com\/wp-content\/uploads\/2024\/02\/tt-icon_Pages-Translation-Servic.webp\" \/>\n\t<meta property=\"og:image:width\" content=\"151\" \/>\n\t<meta property=\"og:image:height\" content=\"151\" \/>\n\t<meta property=\"og:image:type\" content=\"image\/webp\" \/>\n<meta name=\"twitter:card\" content=\"summary_large_image\" \/>\n<meta name=\"twitter:site\" content=\"@TrustedT9ns\" \/>\n<script type=\"application\/ld+json\" class=\"yoast-schema-graph\">{\"@context\":\"https:\\\/\\\/schema.org\",\"@graph\":[{\"@type\":\"WebPage\",\"@id\":\"https:\\\/\\\/www.trustedtranslations.com\\\/de\\\/dienstleistungen\\\/dateiformate\\\/pages-fuer-mac\",\"url\":\"https:\\\/\\\/www.trustedtranslations.com\\\/de\\\/dienstleistungen\\\/dateiformate\\\/pages-fuer-mac\",\"name\":\"Pages f\u00fcr Mac-\u00dcbersetzungsdienstleistungen \u2013 Trusted Translations, Inc.\",\"isPartOf\":{\"@id\":\"https:\\\/\\\/www.trustedtranslations.com\\\/de\\\/#website\"},\"primaryImageOfPage\":{\"@id\":\"https:\\\/\\\/www.trustedtranslations.com\\\/de\\\/dienstleistungen\\\/dateiformate\\\/pages-fuer-mac#primaryimage\"},\"image\":{\"@id\":\"https:\\\/\\\/www.trustedtranslations.com\\\/de\\\/dienstleistungen\\\/dateiformate\\\/pages-fuer-mac#primaryimage\"},\"thumbnailUrl\":\"https:\\\/\\\/www.trustedtranslations.com\\\/wp-content\\\/uploads\\\/2024\\\/02\\\/tt-icon_Pages-Translation-Servic.webp\",\"description\":\"Ungeachtet, ob Sie Pages f\u00fcr Textbearbeitungs- oder Seitenlayout-Zwecke verwenden, wird das Expertenteam von Trusted Translations ein geschickt \u00fcbersetztes Produkt liefern.\",\"breadcrumb\":{\"@id\":\"https:\\\/\\\/www.trustedtranslations.com\\\/de\\\/dienstleistungen\\\/dateiformate\\\/pages-fuer-mac#breadcrumb\"},\"inLanguage\":\"de\",\"potentialAction\":[{\"@type\":\"ReadAction\",\"target\":[\"https:\\\/\\\/www.trustedtranslations.com\\\/de\\\/dienstleistungen\\\/dateiformate\\\/pages-fuer-mac\"]}]},{\"@type\":\"ImageObject\",\"inLanguage\":\"de\",\"@id\":\"https:\\\/\\\/www.trustedtranslations.com\\\/de\\\/dienstleistungen\\\/dateiformate\\\/pages-fuer-mac#primaryimage\",\"url\":\"https:\\\/\\\/www.trustedtranslations.com\\\/wp-content\\\/uploads\\\/2024\\\/02\\\/tt-icon_Pages-Translation-Servic.webp\",\"contentUrl\":\"https:\\\/\\\/www.trustedtranslations.com\\\/wp-content\\\/uploads\\\/2024\\\/02\\\/tt-icon_Pages-Translation-Servic.webp\",\"width\":151,\"height\":151,\"caption\":\"tt icon Pages Translation Servic\"},{\"@type\":\"BreadcrumbList\",\"@id\":\"https:\\\/\\\/www.trustedtranslations.com\\\/de\\\/dienstleistungen\\\/dateiformate\\\/pages-fuer-mac#breadcrumb\",\"itemListElement\":[{\"@type\":\"ListItem\",\"position\":1,\"name\":\"Home\",\"item\":\"https:\\\/\\\/www.trustedtranslations.com\\\/de\"},{\"@type\":\"ListItem\",\"position\":2,\"name\":\"Dienstleistungen\",\"item\":\"https:\\\/\\\/www.trustedtranslations.com\\\/de\\\/dienstleistungen\"},{\"@type\":\"ListItem\",\"position\":3,\"name\":\"Dateiformate\",\"item\":\"https:\\\/\\\/www.trustedtranslations.com\\\/de\\\/dienstleistungen\\\/dateiformate\"},{\"@type\":\"ListItem\",\"position\":4,\"name\":\"Pages f\u00fcr Mac\"}]},{\"@type\":\"WebSite\",\"@id\":\"https:\\\/\\\/www.trustedtranslations.com\\\/de\\\/#website\",\"url\":\"https:\\\/\\\/www.trustedtranslations.com\\\/de\\\/\",\"name\":\"Trusted Translations, Inc.\",\"description\":\"Leader in translation and interpretation services.\",\"publisher\":{\"@id\":\"https:\\\/\\\/www.trustedtranslations.com\\\/de\\\/#organization\"},\"alternateName\":\"Trusted Translations\",\"potentialAction\":[{\"@type\":\"SearchAction\",\"target\":{\"@type\":\"EntryPoint\",\"urlTemplate\":\"https:\\\/\\\/www.trustedtranslations.com\\\/de\\\/?s={search_term_string}\"},\"query-input\":{\"@type\":\"PropertyValueSpecification\",\"valueRequired\":true,\"valueName\":\"search_term_string\"}}],\"inLanguage\":\"de\"},{\"@type\":\"Organization\",\"@id\":\"https:\\\/\\\/www.trustedtranslations.com\\\/de\\\/#organization\",\"name\":\"Trusted Translations\",\"alternateName\":\"Trusted Translations, Inc.\",\"url\":\"https:\\\/\\\/www.trustedtranslations.com\\\/de\\\/\",\"logo\":{\"@type\":\"ImageObject\",\"inLanguage\":\"de\",\"@id\":\"https:\\\/\\\/www.trustedtranslations.com\\\/de\\\/#\\\/schema\\\/logo\\\/image\\\/\",\"url\":\"https:\\\/\\\/static.trustedtranslations.com\\\/wp-content\\\/uploads\\\/2022\\\/01\\\/TT_logo_WSIColors-2.png\",\"contentUrl\":\"https:\\\/\\\/static.trustedtranslations.com\\\/wp-content\\\/uploads\\\/2022\\\/01\\\/TT_logo_WSIColors-2.png\",\"width\":500,\"height\":196,\"caption\":\"Trusted Translations\"},\"image\":{\"@id\":\"https:\\\/\\\/www.trustedtranslations.com\\\/de\\\/#\\\/schema\\\/logo\\\/image\\\/\"},\"sameAs\":[\"https:\\\/\\\/www.facebook.com\\\/Trusted.Translations\",\"https:\\\/\\\/x.com\\\/TrustedT9ns\",\"https:\\\/\\\/www.linkedin.com\\\/company\\\/trusted-translations\"]}]}<\/script>\n<!-- \/ Yoast SEO plugin. -->","yoast_head_json":{"title":"Pages f\u00fcr Mac-\u00dcbersetzungsdienstleistungen \u2013 Trusted Translations, Inc.","description":"Ungeachtet, ob Sie Pages f\u00fcr Textbearbeitungs- oder Seitenlayout-Zwecke verwenden, wird das Expertenteam von Trusted Translations ein geschickt \u00fcbersetztes Produkt liefern.","robots":{"index":"index","follow":"follow","max-snippet":"max-snippet:-1","max-image-preview":"max-image-preview:large","max-video-preview":"max-video-preview:-1"},"canonical":"https:\/\/www.trustedtranslations.com\/de\/dienstleistungen\/dateiformate\/pages-fuer-mac","og_locale":"de_DE","og_type":"article","og_title":"Pages f\u00fcr Mac-\u00dcbersetzungsdienstleistungen \u2013 Trusted Translations, Inc.","og_description":"Ungeachtet, ob Sie Pages f\u00fcr Textbearbeitungs- oder Seitenlayout-Zwecke verwenden, wird das Expertenteam von Trusted Translations ein geschickt \u00fcbersetztes Produkt liefern.","og_url":"https:\/\/www.trustedtranslations.com\/de\/dienstleistungen\/dateiformate\/pages-fuer-mac","og_site_name":"Trusted Translations, Inc.","article_publisher":"https:\/\/www.facebook.com\/Trusted.Translations","article_modified_time":"2024-09-03T14:30:33+00:00","og_image":[{"width":151,"height":151,"url":"https:\/\/static.trustedtranslations.com\/wp-content\/uploads\/2024\/02\/tt-icon_Pages-Translation-Servic.webp","type":"image\/webp"}],"twitter_card":"summary_large_image","twitter_site":"@TrustedT9ns","schema":{"@context":"https:\/\/schema.org","@graph":[{"@type":"WebPage","@id":"https:\/\/www.trustedtranslations.com\/de\/dienstleistungen\/dateiformate\/pages-fuer-mac","url":"https:\/\/www.trustedtranslations.com\/de\/dienstleistungen\/dateiformate\/pages-fuer-mac","name":"Pages f\u00fcr Mac-\u00dcbersetzungsdienstleistungen \u2013 Trusted Translations, Inc.","isPartOf":{"@id":"https:\/\/www.trustedtranslations.com\/de\/#website"},"primaryImageOfPage":{"@id":"https:\/\/www.trustedtranslations.com\/de\/dienstleistungen\/dateiformate\/pages-fuer-mac#primaryimage"},"image":{"@id":"https:\/\/www.trustedtranslations.com\/de\/dienstleistungen\/dateiformate\/pages-fuer-mac#primaryimage"},"thumbnailUrl":"https:\/\/www.trustedtranslations.com\/wp-content\/uploads\/2024\/02\/tt-icon_Pages-Translation-Servic.webp","description":"Ungeachtet, ob Sie Pages f\u00fcr Textbearbeitungs- oder Seitenlayout-Zwecke verwenden, wird das Expertenteam von Trusted Translations ein geschickt \u00fcbersetztes Produkt liefern.","breadcrumb":{"@id":"https:\/\/www.trustedtranslations.com\/de\/dienstleistungen\/dateiformate\/pages-fuer-mac#breadcrumb"},"inLanguage":"de","potentialAction":[{"@type":"ReadAction","target":["https:\/\/www.trustedtranslations.com\/de\/dienstleistungen\/dateiformate\/pages-fuer-mac"]}]},{"@type":"ImageObject","inLanguage":"de","@id":"https:\/\/www.trustedtranslations.com\/de\/dienstleistungen\/dateiformate\/pages-fuer-mac#primaryimage","url":"https:\/\/www.trustedtranslations.com\/wp-content\/uploads\/2024\/02\/tt-icon_Pages-Translation-Servic.webp","contentUrl":"https:\/\/www.trustedtranslations.com\/wp-content\/uploads\/2024\/02\/tt-icon_Pages-Translation-Servic.webp","width":151,"height":151,"caption":"tt icon Pages Translation Servic"},{"@type":"BreadcrumbList","@id":"https:\/\/www.trustedtranslations.com\/de\/dienstleistungen\/dateiformate\/pages-fuer-mac#breadcrumb","itemListElement":[{"@type":"ListItem","position":1,"name":"Home","item":"https:\/\/www.trustedtranslations.com\/de"},{"@type":"ListItem","position":2,"name":"Dienstleistungen","item":"https:\/\/www.trustedtranslations.com\/de\/dienstleistungen"},{"@type":"ListItem","position":3,"name":"Dateiformate","item":"https:\/\/www.trustedtranslations.com\/de\/dienstleistungen\/dateiformate"},{"@type":"ListItem","position":4,"name":"Pages f\u00fcr Mac"}]},{"@type":"WebSite","@id":"https:\/\/www.trustedtranslations.com\/de\/#website","url":"https:\/\/www.trustedtranslations.com\/de\/","name":"Trusted Translations, Inc.","description":"Leader in translation and interpretation services.","publisher":{"@id":"https:\/\/www.trustedtranslations.com\/de\/#organization"},"alternateName":"Trusted Translations","potentialAction":[{"@type":"SearchAction","target":{"@type":"EntryPoint","urlTemplate":"https:\/\/www.trustedtranslations.com\/de\/?s={search_term_string}"},"query-input":{"@type":"PropertyValueSpecification","valueRequired":true,"valueName":"search_term_string"}}],"inLanguage":"de"},{"@type":"Organization","@id":"https:\/\/www.trustedtranslations.com\/de\/#organization","name":"Trusted Translations","alternateName":"Trusted Translations, Inc.","url":"https:\/\/www.trustedtranslations.com\/de\/","logo":{"@type":"ImageObject","inLanguage":"de","@id":"https:\/\/www.trustedtranslations.com\/de\/#\/schema\/logo\/image\/","url":"https:\/\/static.trustedtranslations.com\/wp-content\/uploads\/2022\/01\/TT_logo_WSIColors-2.png","contentUrl":"https:\/\/static.trustedtranslations.com\/wp-content\/uploads\/2022\/01\/TT_logo_WSIColors-2.png","width":500,"height":196,"caption":"Trusted Translations"},"image":{"@id":"https:\/\/www.trustedtranslations.com\/de\/#\/schema\/logo\/image\/"},"sameAs":["https:\/\/www.facebook.com\/Trusted.Translations","https:\/\/x.com\/TrustedT9ns","https:\/\/www.linkedin.com\/company\/trusted-translations"]}]}},"toolset-meta":{"dyk":{"mensaje-1":{"type":"textfield","raw":"Wir bieten Seiten\u00fcbersetzungen an, die sofort in mehreren Dateiformaten verwendet werden k\u00f6nnen."},"mensaje-2":{"type":"textfield","raw":"Sparen Sie Zeit, indem Sie sich sowohl f\u00fcr Ihre Sprach\u00fcbersetzung als auch f\u00fcr Desktop-Publishing-Anforderungen auf uns verlassen."},"mensaje-3":{"type":"textfield","raw":"Unser DTP-Team extrahiert MS-Word-Dokumente aus Ihren Seiten zur individuellen \u00dcbersetzung."},"mensaje-4":{"type":"textfield","raw":"Unsere Experten bewahren alle Layout-, Grafik- und Medienelemente auf Ihren Seiten."},"mensaje-5":{"type":"textfield","raw":""},"mensaje-6":{"type":"textfield","raw":""}},"single-page-template-fields":{"imgs-temp":{"type":"image","raw":["https:\/\/static.trustedtranslations.com\/wp-content\/uploads\/2024\/06\/Group-74-2-1.webp"],"repeatable":[{"raw":"https:\/\/static.trustedtranslations.com\/wp-content\/uploads\/2024\/06\/Group-74-2-1.webp"}]},"imgs-temp-cel":{"type":"image","raw":[""],"repeatable":[{"raw":""}]},"img-temp-one-cel":{"type":"image","raw":"https:\/\/static.trustedtranslations.com\/wp-content\/uploads\/2024\/03\/AdobeStock_385542563-2-1.webp","attachment_id":null},"quotes":{"type":"textarea","raw":"<h1 style=\"margin-bottom: 12px;\">\u00dcbersetzungsdienstleistungen f\u00fcr Mac-Seiten<\/h1>\r\nBei Trusted Translations sind wir uns der Bedeutung des Gebrauchs einer effektiven und benutzerfreundlichen Textverarbeitung und einer Seiten-Layout-Anwendung wie Pages von Apple f\u00fcr die professionelle Erstellung von Dokumenten und Designprojekten bewusst. F\u00fcr alle Ihre Pages f\u00fcr Mac und Pages f\u00fcr iOS \u00dcbersetzungsbed\u00fcrfnisse ist unser Expertenteam Ihre L\u00f6sung aus einer Hand f\u00fcr ein professionell \u00fcbersetztes und nahtlos formatiertes Enddokument.\r\n<div style=\"margin-top: 2.5vw;\"><a class=\"tt-btn-main-cta\" href=\"\/de\/angebot\">KOSTENLOSEN KOSTENVORANSCHLAG ANFORDERN <\/a><\/div>"},"text-1":{"type":"textarea","raw":"<h2>Hochwertige \u00dcbersetzungen und Desktop-Publishing f\u00fcr Ihr Pages<\/h2>\r\nWir garantieren \u00dcbersetzungen der h\u00f6chsten Qualit\u00e4t in der Branche f\u00fcr alle Ihre Poster, Newsletter, Brosch\u00fcren, Urkunden, Berichte, formalen Briefe und vieles mehr. Ungeachtet, ob Sie Pages f\u00fcr Textbearbeitungs- oder Seitenlayout-Zwecke verwenden, werden unsere branchenspezifischen \u00dcbersetzer ein geschickt \u00fcbersetztes und lokalisiertes Produkt liefern, welches an ein breiteres Publikum \u00fcbertragen wird, und unser Desktop-Publishing-Team wird sicherstellen, dass es nahtlos f\u00fcr den sofortigen Einsatz formatiert ist.\r\n<h2>Pages f\u00fcr Mac und Pages f\u00fcr iOS Desktop-Publishing<\/h2>\r\nBei\u00a0<em>Trusted Translations<\/em>\u00a0Bei\u00a0<em>Trusted Translations<\/em>\u00a0wissen wir, dass eine Pages-Datei f\u00fcr Mac und ein Pages f\u00fcr iOS Dokument viele Elemente enthalten kann, die w\u00e4hrend des \u00dcbersetzungsvorgangs ber\u00fccksichtigt werden m\u00fcssen. Wir glauben, dass alle Elemente eines \u00dcbersetzungsprojekts respektiert, verwaltet und erfolgreich abgeschlossen werden m\u00fcssen; alles von Kopfzeilen, Fu\u00dfzeilen, Bildern, Zellen, Tabellen, Grafiken und Gleichungen bis zu Medien wie Videos, T\u00f6ne und Diagramme, um nur einige Beispiele zu nennen. Gleicherma\u00dfen, wenn Ihr Pages-Dokument eingebettete Microsoft Word Dokumente enth\u00e4lt, wird unser Desktop-Publishing-Team diese eingebetteten Dokumente extrahieren, damit diese individuellen \u00dcbersetzungsvorg\u00e4ngen unterzogen werden k\u00f6nnen. Erfahren Sie mehr \u00fcber unsere Microsoft Word \u00dcbersetzungsdienste\u00a0<a class=\"broken_link\" href=\"https:\/\/www.trustedtranslations.com\/de\/dienstleistungen\/dateiformate\/word\">hier<\/a>. Unser Expertenteam an \u00dcbersetzern und Desktop-Publishern stellt sicher, dass das Endprodukt nicht nur professionell \u00fcbersetzt, sondern auch alle Komponenten Ihres Pages Dokuments nahtlos wieder integriert werden, und sofort einsatzbereit sind. Des Weiteren werden wir auf Anfrage mit dem Designteam Ihres Unternehmens zusammenarbeiten. Wir \u00fcbernehmen Pages \u00dcbersetzungsprojekte aller Gr\u00f6\u00dfen, ungeachtet der Komplexit\u00e4t, und liefern ein professionell \u00fcbersetztes und geschickt gestaltetes Pages-Dokument."},"shortcode-map":{"type":"textfield","raw":""},"dyk-shortcode":{"type":"textfield","raw":"[elementor-template id=\"146647\"]"},"text-2":{"type":"textarea","raw":"<h2>Umwandlung Apple Pages zu Microsoft Word<\/h2>\r\nWenn Sie mit\u00a0<em>Trusted Translations<\/em>, an einem Apple Pages \u00dcbersetzungsprojekt zusammenarbeiten, brauchen Sie keine zus\u00e4tzlichen Schritte vor oder nach der \u00dcbersetzung vornehmen. Wir sind Ihre L\u00f6sung aus einer Hand. Auf Anfrage k\u00f6nnen wir Ihr Pages f\u00fcr Mac Dokument in ein Microsoft Word Dokument umwandeln, falls Ihre Empf\u00e4nger nicht die M\u00f6glichkeit haben, ein Pages Dokument auf ihrem Ger\u00e4t \u00f6ffnen zu k\u00f6nnen. Hierdurch werden Sie nicht nur Zeit sparen und den Aufwand vermeiden, das Dokument selbst umwandeln zu m\u00fcssen, sondern werden Ihre Pages Kreationen einem breiteren Publikum zur Verf\u00fcgung stellen k\u00f6nnen.\u00a0<em>Trusted Translations<\/em>\u00a0ist Ihr Anbieter aus einer Hand f\u00fcr alle Ihre Pages \u00dcbersetzungsbed\u00fcrfnisse; jedes Element des Dokuments wird garantiert der h\u00f6chsten Qualit\u00e4t entsprechen und sofort einsatzbereit sein."},"state":{"type":"textfield","raw":""},"city":{"type":"textarea","raw":[]}}},"_links":{"self":[{"href":"https:\/\/www.trustedtranslations.com\/de\/wp-json\/wp\/v2\/pages\/129407","targetHints":{"allow":["GET"]}}],"collection":[{"href":"https:\/\/www.trustedtranslations.com\/de\/wp-json\/wp\/v2\/pages"}],"about":[{"href":"https:\/\/www.trustedtranslations.com\/de\/wp-json\/wp\/v2\/types\/page"}],"author":[{"embeddable":true,"href":"https:\/\/www.trustedtranslations.com\/de\/wp-json\/wp\/v2\/users\/1"}],"replies":[{"embeddable":true,"href":"https:\/\/www.trustedtranslations.com\/de\/wp-json\/wp\/v2\/comments?post=129407"}],"version-history":[{"count":0,"href":"https:\/\/www.trustedtranslations.com\/de\/wp-json\/wp\/v2\/pages\/129407\/revisions"}],"up":[{"embeddable":true,"href":"https:\/\/www.trustedtranslations.com\/de\/wp-json\/wp\/v2\/pages\/129442"}],"wp:featuredmedia":[{"embeddable":true,"href":"https:\/\/www.trustedtranslations.com\/de\/wp-json\/wp\/v2\/media\/238210"}],"wp:attachment":[{"href":"https:\/\/www.trustedtranslations.com\/de\/wp-json\/wp\/v2\/media?parent=129407"}],"curies":[{"name":"wp","href":"https:\/\/api.w.org\/{rel}","templated":true}]}}