{"id":129411,"date":"2018-11-14T12:07:47","date_gmt":"2018-11-14T12:07:47","guid":{"rendered":"https:\/\/www.trustedtranslations.com\/?page_id=129411"},"modified":"2024-09-02T18:36:02","modified_gmt":"2024-09-02T21:36:02","slug":"visio","status":"publish","type":"page","link":"https:\/\/www.trustedtranslations.com\/de\/dienstleistungen\/dateiformate\/visio","title":{"rendered":"Microsoft Visio"},"content":{"rendered":"","protected":false},"excerpt":{"rendered":"","protected":false},"author":1,"featured_media":238147,"parent":129442,"menu_order":9,"comment_status":"closed","ping_status":"closed","template":"","meta":{"site-sidebar-layout":"default","site-content-layout":"default","ast-site-content-layout":"default","site-content-style":"default","site-sidebar-style":"default","ast-global-header-display":"","ast-banner-title-visibility":"","ast-main-header-display":"","ast-hfb-above-header-display":"","ast-hfb-below-header-display":"","ast-hfb-mobile-header-display":"","site-post-title":"disabled","ast-breadcrumbs-content":"","ast-featured-img":"","footer-sml-layout":"","ast-disable-related-posts":"","theme-transparent-header-meta":"default","adv-header-id-meta":"","stick-header-meta":"","header-above-stick-meta":"","header-main-stick-meta":"","header-below-stick-meta":"","astra-migrate-meta-layouts":"set","ast-page-background-enabled":"default","ast-page-background-meta":{"desktop":{"background-color":"var(--ast-global-color-4)","background-image":"","background-repeat":"repeat","background-position":"center center","background-size":"auto","background-attachment":"scroll","background-type":"","background-media":"","overlay-type":"","overlay-color":"","overlay-opacity":"","overlay-gradient":""},"tablet":{"background-color":"","background-image":"","background-repeat":"repeat","background-position":"center center","background-size":"auto","background-attachment":"scroll","background-type":"","background-media":"","overlay-type":"","overlay-color":"","overlay-opacity":"","overlay-gradient":""},"mobile":{"background-color":"","background-image":"","background-repeat":"repeat","background-position":"center center","background-size":"auto","background-attachment":"scroll","background-type":"","background-media":"","overlay-type":"","overlay-color":"","overlay-opacity":"","overlay-gradient":""}},"ast-content-background-meta":{"desktop":{"background-color":"var(--ast-global-color-5)","background-image":"","background-repeat":"repeat","background-position":"center center","background-size":"auto","background-attachment":"scroll","background-type":"","background-media":"","overlay-type":"","overlay-color":"","overlay-opacity":"","overlay-gradient":""},"tablet":{"background-color":"var(--ast-global-color-5)","background-image":"","background-repeat":"repeat","background-position":"center center","background-size":"auto","background-attachment":"scroll","background-type":"","background-media":"","overlay-type":"","overlay-color":"","overlay-opacity":"","overlay-gradient":""},"mobile":{"background-color":"var(--ast-global-color-5)","background-image":"","background-repeat":"repeat","background-position":"center center","background-size":"auto","background-attachment":"scroll","background-type":"","background-media":"","overlay-type":"","overlay-color":"","overlay-opacity":"","overlay-gradient":""}},"footnotes":""},"class_list":["post-129411","page","type-page","status-publish","has-post-thumbnail","hentry"],"yoast_head":"<!-- This site is optimized with the Yoast SEO plugin v27.3 - https:\/\/yoast.com\/product\/yoast-seo-wordpress\/ -->\n<title>Microsoft Visio-\u00dcbersetzungsdienstleistungen \u2013 Trusted Translations, Inc.<\/title>\n<meta name=\"description\" content=\"Die Experten von Trusted Translations stellen sicher, dass kein Detail Ihres MS Visio \u00dcbersetzungsprojektes \u00fcbersehen wird, von einem einfachen Flussdiagramm bis zu einem dynamischen Netzwerkdiagramm.\" \/>\n<meta name=\"robots\" content=\"index, follow, max-snippet:-1, max-image-preview:large, max-video-preview:-1\" \/>\n<link rel=\"canonical\" href=\"https:\/\/www.trustedtranslations.com\/de\/dienstleistungen\/dateiformate\/visio\" \/>\n<meta property=\"og:locale\" content=\"de_DE\" \/>\n<meta property=\"og:type\" content=\"article\" \/>\n<meta property=\"og:title\" content=\"Microsoft Visio-\u00dcbersetzungsdienstleistungen \u2013 Trusted Translations, Inc.\" \/>\n<meta property=\"og:description\" content=\"Die Experten von Trusted Translations stellen sicher, dass kein Detail Ihres MS Visio \u00dcbersetzungsprojektes \u00fcbersehen wird, von einem einfachen Flussdiagramm bis zu einem dynamischen Netzwerkdiagramm.\" \/>\n<meta property=\"og:url\" content=\"https:\/\/www.trustedtranslations.com\/de\/dienstleistungen\/dateiformate\/visio\" \/>\n<meta property=\"og:site_name\" content=\"Trusted Translations, Inc.\" \/>\n<meta property=\"article:publisher\" content=\"https:\/\/www.facebook.com\/Trusted.Translations\" \/>\n<meta property=\"article:modified_time\" content=\"2024-09-02T21:36:02+00:00\" \/>\n<meta property=\"og:image\" content=\"https:\/\/static.trustedtranslations.com\/wp-content\/uploads\/2024\/02\/tt-icon_Microsoft-Visio-Translat.webp\" \/>\n\t<meta property=\"og:image:width\" content=\"151\" \/>\n\t<meta property=\"og:image:height\" content=\"151\" \/>\n\t<meta property=\"og:image:type\" content=\"image\/webp\" \/>\n<meta name=\"twitter:card\" content=\"summary_large_image\" \/>\n<meta name=\"twitter:site\" content=\"@TrustedT9ns\" \/>\n<script type=\"application\/ld+json\" class=\"yoast-schema-graph\">{\"@context\":\"https:\\\/\\\/schema.org\",\"@graph\":[{\"@type\":\"WebPage\",\"@id\":\"https:\\\/\\\/www.trustedtranslations.com\\\/de\\\/dienstleistungen\\\/dateiformate\\\/visio\",\"url\":\"https:\\\/\\\/www.trustedtranslations.com\\\/de\\\/dienstleistungen\\\/dateiformate\\\/visio\",\"name\":\"Microsoft Visio-\u00dcbersetzungsdienstleistungen \u2013 Trusted Translations, Inc.\",\"isPartOf\":{\"@id\":\"https:\\\/\\\/www.trustedtranslations.com\\\/de\\\/#website\"},\"primaryImageOfPage\":{\"@id\":\"https:\\\/\\\/www.trustedtranslations.com\\\/de\\\/dienstleistungen\\\/dateiformate\\\/visio#primaryimage\"},\"image\":{\"@id\":\"https:\\\/\\\/www.trustedtranslations.com\\\/de\\\/dienstleistungen\\\/dateiformate\\\/visio#primaryimage\"},\"thumbnailUrl\":\"https:\\\/\\\/www.trustedtranslations.com\\\/wp-content\\\/uploads\\\/2024\\\/02\\\/tt-icon_Microsoft-Visio-Translat.webp\",\"description\":\"Die Experten von Trusted Translations stellen sicher, dass kein Detail Ihres MS Visio \u00dcbersetzungsprojektes \u00fcbersehen wird, von einem einfachen Flussdiagramm bis zu einem dynamischen Netzwerkdiagramm.\",\"breadcrumb\":{\"@id\":\"https:\\\/\\\/www.trustedtranslations.com\\\/de\\\/dienstleistungen\\\/dateiformate\\\/visio#breadcrumb\"},\"inLanguage\":\"de\",\"potentialAction\":[{\"@type\":\"ReadAction\",\"target\":[\"https:\\\/\\\/www.trustedtranslations.com\\\/de\\\/dienstleistungen\\\/dateiformate\\\/visio\"]}]},{\"@type\":\"ImageObject\",\"inLanguage\":\"de\",\"@id\":\"https:\\\/\\\/www.trustedtranslations.com\\\/de\\\/dienstleistungen\\\/dateiformate\\\/visio#primaryimage\",\"url\":\"https:\\\/\\\/www.trustedtranslations.com\\\/wp-content\\\/uploads\\\/2024\\\/02\\\/tt-icon_Microsoft-Visio-Translat.webp\",\"contentUrl\":\"https:\\\/\\\/www.trustedtranslations.com\\\/wp-content\\\/uploads\\\/2024\\\/02\\\/tt-icon_Microsoft-Visio-Translat.webp\",\"width\":151,\"height\":151,\"caption\":\"tt icon Microsoft Visio Translat\"},{\"@type\":\"BreadcrumbList\",\"@id\":\"https:\\\/\\\/www.trustedtranslations.com\\\/de\\\/dienstleistungen\\\/dateiformate\\\/visio#breadcrumb\",\"itemListElement\":[{\"@type\":\"ListItem\",\"position\":1,\"name\":\"Home\",\"item\":\"https:\\\/\\\/www.trustedtranslations.com\\\/de\"},{\"@type\":\"ListItem\",\"position\":2,\"name\":\"Dienstleistungen\",\"item\":\"https:\\\/\\\/www.trustedtranslations.com\\\/de\\\/dienstleistungen\"},{\"@type\":\"ListItem\",\"position\":3,\"name\":\"Dateiformate\",\"item\":\"https:\\\/\\\/www.trustedtranslations.com\\\/de\\\/dienstleistungen\\\/dateiformate\"},{\"@type\":\"ListItem\",\"position\":4,\"name\":\"Microsoft Visio\"}]},{\"@type\":\"WebSite\",\"@id\":\"https:\\\/\\\/www.trustedtranslations.com\\\/de\\\/#website\",\"url\":\"https:\\\/\\\/www.trustedtranslations.com\\\/de\\\/\",\"name\":\"Trusted Translations, Inc.\",\"description\":\"Leader in translation and interpretation services.\",\"publisher\":{\"@id\":\"https:\\\/\\\/www.trustedtranslations.com\\\/de\\\/#organization\"},\"alternateName\":\"Trusted Translations\",\"potentialAction\":[{\"@type\":\"SearchAction\",\"target\":{\"@type\":\"EntryPoint\",\"urlTemplate\":\"https:\\\/\\\/www.trustedtranslations.com\\\/de\\\/?s={search_term_string}\"},\"query-input\":{\"@type\":\"PropertyValueSpecification\",\"valueRequired\":true,\"valueName\":\"search_term_string\"}}],\"inLanguage\":\"de\"},{\"@type\":\"Organization\",\"@id\":\"https:\\\/\\\/www.trustedtranslations.com\\\/de\\\/#organization\",\"name\":\"Trusted Translations\",\"alternateName\":\"Trusted Translations, Inc.\",\"url\":\"https:\\\/\\\/www.trustedtranslations.com\\\/de\\\/\",\"logo\":{\"@type\":\"ImageObject\",\"inLanguage\":\"de\",\"@id\":\"https:\\\/\\\/www.trustedtranslations.com\\\/de\\\/#\\\/schema\\\/logo\\\/image\\\/\",\"url\":\"https:\\\/\\\/static.trustedtranslations.com\\\/wp-content\\\/uploads\\\/2022\\\/01\\\/TT_logo_WSIColors-2.png\",\"contentUrl\":\"https:\\\/\\\/static.trustedtranslations.com\\\/wp-content\\\/uploads\\\/2022\\\/01\\\/TT_logo_WSIColors-2.png\",\"width\":500,\"height\":196,\"caption\":\"Trusted Translations\"},\"image\":{\"@id\":\"https:\\\/\\\/www.trustedtranslations.com\\\/de\\\/#\\\/schema\\\/logo\\\/image\\\/\"},\"sameAs\":[\"https:\\\/\\\/www.facebook.com\\\/Trusted.Translations\",\"https:\\\/\\\/x.com\\\/TrustedT9ns\",\"https:\\\/\\\/www.linkedin.com\\\/company\\\/trusted-translations\"]}]}<\/script>\n<!-- \/ Yoast SEO plugin. -->","yoast_head_json":{"title":"Microsoft Visio-\u00dcbersetzungsdienstleistungen \u2013 Trusted Translations, Inc.","description":"Die Experten von Trusted Translations stellen sicher, dass kein Detail Ihres MS Visio \u00dcbersetzungsprojektes \u00fcbersehen wird, von einem einfachen Flussdiagramm bis zu einem dynamischen Netzwerkdiagramm.","robots":{"index":"index","follow":"follow","max-snippet":"max-snippet:-1","max-image-preview":"max-image-preview:large","max-video-preview":"max-video-preview:-1"},"canonical":"https:\/\/www.trustedtranslations.com\/de\/dienstleistungen\/dateiformate\/visio","og_locale":"de_DE","og_type":"article","og_title":"Microsoft Visio-\u00dcbersetzungsdienstleistungen \u2013 Trusted Translations, Inc.","og_description":"Die Experten von Trusted Translations stellen sicher, dass kein Detail Ihres MS Visio \u00dcbersetzungsprojektes \u00fcbersehen wird, von einem einfachen Flussdiagramm bis zu einem dynamischen Netzwerkdiagramm.","og_url":"https:\/\/www.trustedtranslations.com\/de\/dienstleistungen\/dateiformate\/visio","og_site_name":"Trusted Translations, Inc.","article_publisher":"https:\/\/www.facebook.com\/Trusted.Translations","article_modified_time":"2024-09-02T21:36:02+00:00","og_image":[{"width":151,"height":151,"url":"https:\/\/static.trustedtranslations.com\/wp-content\/uploads\/2024\/02\/tt-icon_Microsoft-Visio-Translat.webp","type":"image\/webp"}],"twitter_card":"summary_large_image","twitter_site":"@TrustedT9ns","schema":{"@context":"https:\/\/schema.org","@graph":[{"@type":"WebPage","@id":"https:\/\/www.trustedtranslations.com\/de\/dienstleistungen\/dateiformate\/visio","url":"https:\/\/www.trustedtranslations.com\/de\/dienstleistungen\/dateiformate\/visio","name":"Microsoft Visio-\u00dcbersetzungsdienstleistungen \u2013 Trusted Translations, Inc.","isPartOf":{"@id":"https:\/\/www.trustedtranslations.com\/de\/#website"},"primaryImageOfPage":{"@id":"https:\/\/www.trustedtranslations.com\/de\/dienstleistungen\/dateiformate\/visio#primaryimage"},"image":{"@id":"https:\/\/www.trustedtranslations.com\/de\/dienstleistungen\/dateiformate\/visio#primaryimage"},"thumbnailUrl":"https:\/\/www.trustedtranslations.com\/wp-content\/uploads\/2024\/02\/tt-icon_Microsoft-Visio-Translat.webp","description":"Die Experten von Trusted Translations stellen sicher, dass kein Detail Ihres MS Visio \u00dcbersetzungsprojektes \u00fcbersehen wird, von einem einfachen Flussdiagramm bis zu einem dynamischen Netzwerkdiagramm.","breadcrumb":{"@id":"https:\/\/www.trustedtranslations.com\/de\/dienstleistungen\/dateiformate\/visio#breadcrumb"},"inLanguage":"de","potentialAction":[{"@type":"ReadAction","target":["https:\/\/www.trustedtranslations.com\/de\/dienstleistungen\/dateiformate\/visio"]}]},{"@type":"ImageObject","inLanguage":"de","@id":"https:\/\/www.trustedtranslations.com\/de\/dienstleistungen\/dateiformate\/visio#primaryimage","url":"https:\/\/www.trustedtranslations.com\/wp-content\/uploads\/2024\/02\/tt-icon_Microsoft-Visio-Translat.webp","contentUrl":"https:\/\/www.trustedtranslations.com\/wp-content\/uploads\/2024\/02\/tt-icon_Microsoft-Visio-Translat.webp","width":151,"height":151,"caption":"tt icon Microsoft Visio Translat"},{"@type":"BreadcrumbList","@id":"https:\/\/www.trustedtranslations.com\/de\/dienstleistungen\/dateiformate\/visio#breadcrumb","itemListElement":[{"@type":"ListItem","position":1,"name":"Home","item":"https:\/\/www.trustedtranslations.com\/de"},{"@type":"ListItem","position":2,"name":"Dienstleistungen","item":"https:\/\/www.trustedtranslations.com\/de\/dienstleistungen"},{"@type":"ListItem","position":3,"name":"Dateiformate","item":"https:\/\/www.trustedtranslations.com\/de\/dienstleistungen\/dateiformate"},{"@type":"ListItem","position":4,"name":"Microsoft Visio"}]},{"@type":"WebSite","@id":"https:\/\/www.trustedtranslations.com\/de\/#website","url":"https:\/\/www.trustedtranslations.com\/de\/","name":"Trusted Translations, Inc.","description":"Leader in translation and interpretation services.","publisher":{"@id":"https:\/\/www.trustedtranslations.com\/de\/#organization"},"alternateName":"Trusted Translations","potentialAction":[{"@type":"SearchAction","target":{"@type":"EntryPoint","urlTemplate":"https:\/\/www.trustedtranslations.com\/de\/?s={search_term_string}"},"query-input":{"@type":"PropertyValueSpecification","valueRequired":true,"valueName":"search_term_string"}}],"inLanguage":"de"},{"@type":"Organization","@id":"https:\/\/www.trustedtranslations.com\/de\/#organization","name":"Trusted Translations","alternateName":"Trusted Translations, Inc.","url":"https:\/\/www.trustedtranslations.com\/de\/","logo":{"@type":"ImageObject","inLanguage":"de","@id":"https:\/\/www.trustedtranslations.com\/de\/#\/schema\/logo\/image\/","url":"https:\/\/static.trustedtranslations.com\/wp-content\/uploads\/2022\/01\/TT_logo_WSIColors-2.png","contentUrl":"https:\/\/static.trustedtranslations.com\/wp-content\/uploads\/2022\/01\/TT_logo_WSIColors-2.png","width":500,"height":196,"caption":"Trusted Translations"},"image":{"@id":"https:\/\/www.trustedtranslations.com\/de\/#\/schema\/logo\/image\/"},"sameAs":["https:\/\/www.facebook.com\/Trusted.Translations","https:\/\/x.com\/TrustedT9ns","https:\/\/www.linkedin.com\/company\/trusted-translations"]}]}},"toolset-meta":{"dyk":{"mensaje-1":{"type":"textfield","raw":"Trusted Translations arbeitet auf Anfrage mit Ihrem Designteam zusammen."},"mensaje-2":{"type":"textfield","raw":"Unsere \u00dcbersetzer \u00fcbersetzen und lokalisieren Ihre Microsoft Visio-Projekte."},"mensaje-3":{"type":"textfield","raw":"Wir liefern fachgem\u00e4\u00df formatierte \u00dcbersetzungen, die sofort einsatzbereit sind."},"mensaje-4":{"type":"textfield","raw":"Wir \u00fcbersetzen Flussdiagramme, Zeitleisten, Grundrisse, 3D-Karten, Netzwerkdiagramme und vieles mehr."},"mensaje-5":{"type":"textfield","raw":""},"mensaje-6":{"type":"textfield","raw":""}},"single-page-template-fields":{"imgs-temp":{"type":"image","raw":["https:\/\/static.trustedtranslations.com\/wp-content\/uploads\/2024\/06\/visio-final-1-1.webp"],"repeatable":[{"raw":"https:\/\/static.trustedtranslations.com\/wp-content\/uploads\/2024\/06\/visio-final-1-1.webp"}]},"imgs-temp-cel":{"type":"image","raw":[""],"repeatable":[{"raw":""}]},"img-temp-one-cel":{"type":"image","raw":"https:\/\/static.trustedtranslations.com\/wp-content\/uploads\/2024\/03\/AdobeStock_385542563-2-1.webp","attachment_id":null},"quotes":{"type":"textarea","raw":"<h1 style=\"margin-bottom: 12px;\">Microsoft Visio \u00dcbersetzungsdienste<\/h1>\r\nDas Expertenteam von Trusted Translations\u2019 stellt sicher, dass alle Ihre Microsoft Visio \u00dcbersetzungsanforderungen mit der h\u00f6chsten Qualit\u00e4t und Professionalit\u00e4t in der Branche erf\u00fcllt werden. Ungeachtet, ob Sie Flussdiagramme, Zeitleisten, Grundrisse, 3D-Kartenbilder, Netzwerkdiagramme und mehr \u00fcbersetzen m\u00f6chten, ist Trusted Translations Ihre L\u00f6sung aus einer Hand f\u00fcr ein fachgerecht \u00fcbersetztes und sorgf\u00e4ltig formatiertes Endprodukt.\r\n<div style=\"margin-top: 2.5vw;\"><a class=\"tt-btn-main-cta\" href=\"\/de\/angebot\">KOSTENLOSEN KOSTENVORANSCHLAG ANFORDERN <\/a><\/div>"},"text-1":{"type":"textarea","raw":"<h2>Microsoft Visio \u00dcbersetzungsdienstleistungen<\/h2>\r\nWir k\u00fcmmern uns um jeden Aspekt Ihres MS Visio \u00dcbersetzungsprojekts, sodass Sie sich auf die Kernkompetenzen Ihres Unternehmens konzentrieren k\u00f6nnen, und wir verpflichten uns dazu, ein sofort einsatzbereites \u00fcbersetztes Dokument zu liefern.\r\n<h2>\u00dcbersetzungsdienste f\u00fcr Visio Dateien<\/h2>\r\nBei\u00a0<em>Trusted Translations<\/em>\u00a0wissen wir, dass ein Microsoft Visio Dokument viele dynamische Elemente umfasst, die w\u00e4hrend des \u00dcbersetzungsvorgangs ber\u00fccksichtigt werden m\u00fcssen. Ungeachtet, ob Sie etwas von einem einfachen Flussdiagramm bis zu einem dynamischen Netzwerkdiagramm, das Live-Informationen einer externen Quelle einbindet, \u00fcbersetzen m\u00f6chten, stellt unser Expertenteam sicher, dass keine Details \u00fcbersehen werden. Unsere branchenspezifischen \u00dcbersetzer stellen die genaueste \u00dcbersetzung und Lokalisierung Ihrer Microsoft Visio Projekte sicher, sodass Sie Ihre Ideen so klar und pr\u00e4zise wie m\u00f6glich einem weltweiten Publikum kommunizieren k\u00f6nnen. In der Zwischenzeit werden unsere Desktop Publisher die Formatierung und das Layout entsprechend anpassen, um ein sofort einsatzbereites Endprodukt von h\u00f6chster Qualit\u00e4t sicherzustellen."},"shortcode-map":{"type":"textfield","raw":""},"dyk-shortcode":{"type":"textfield","raw":"[elementor-template id=\"146647\"]"},"text-2":{"type":"textarea","raw":"<h2>Desktop Publishing (DTP) f\u00fcr Microsoft Visio \u00dcbersetzungen<\/h2>\r\nIn einem Format wie Visio, welches vorwiegend auf seine visuellen Komponenten angewiesen ist, ist Desktop Publishing ein wichtiger Schritt bei der Erstellung eines professionell \u00fcbersetzten Dokuments, das auch nahtlos und in seinem Design poliert ist. Unsere Desktop-Publisher-Experten stellen sicher, dass der gesamte Ausgangstext einwandfrei in das Layout des Dokuments passt, und werden daf\u00fcr sorgen, dass es dem Original so genau wie m\u00f6glich \u00e4hnelt. Unser Team wird jedes Projekt mit h\u00f6chster Fachkompetenz abschlie\u00dfen, ungeachtet dessen, ob es ein Grundriss, eine 3D-Karte, ein Flussdiagramm oder ein dynamisches Diagramm ist, welches Live-Informationen von einer Quelle wie ein Excel-Arbeitsblatt oder Access Database enth\u00e4lt. Des Weiteren werden wir auf Anfrage mit Ihrem Designteam arbeiten.\u00a0<em>Trusted Translations<\/em>\u00a0ist Ihre L\u00f6sung aus einer Hand f\u00fcr alle Ihre Microsoft Visio \u00dcbersetzungsbed\u00fcrfnisse und Sie k\u00f6nnen sich darauf verlassen, dass wir ein erstklassiges, sofort einsatzbereites Endprodukt liefern werden."},"state":{"type":"textfield","raw":""},"city":{"type":"textarea","raw":[]}}},"_links":{"self":[{"href":"https:\/\/www.trustedtranslations.com\/de\/wp-json\/wp\/v2\/pages\/129411","targetHints":{"allow":["GET"]}}],"collection":[{"href":"https:\/\/www.trustedtranslations.com\/de\/wp-json\/wp\/v2\/pages"}],"about":[{"href":"https:\/\/www.trustedtranslations.com\/de\/wp-json\/wp\/v2\/types\/page"}],"author":[{"embeddable":true,"href":"https:\/\/www.trustedtranslations.com\/de\/wp-json\/wp\/v2\/users\/1"}],"replies":[{"embeddable":true,"href":"https:\/\/www.trustedtranslations.com\/de\/wp-json\/wp\/v2\/comments?post=129411"}],"version-history":[{"count":0,"href":"https:\/\/www.trustedtranslations.com\/de\/wp-json\/wp\/v2\/pages\/129411\/revisions"}],"up":[{"embeddable":true,"href":"https:\/\/www.trustedtranslations.com\/de\/wp-json\/wp\/v2\/pages\/129442"}],"wp:featuredmedia":[{"embeddable":true,"href":"https:\/\/www.trustedtranslations.com\/de\/wp-json\/wp\/v2\/media\/238147"}],"wp:attachment":[{"href":"https:\/\/www.trustedtranslations.com\/de\/wp-json\/wp\/v2\/media?parent=129411"}],"curies":[{"name":"wp","href":"https:\/\/api.w.org\/{rel}","templated":true}]}}