{"id":129415,"date":"2018-11-14T11:42:26","date_gmt":"2018-11-14T11:42:26","guid":{"rendered":"https:\/\/www.trustedtranslations.com\/?page_id=129415"},"modified":"2025-10-21T14:10:15","modified_gmt":"2025-10-21T17:10:15","slug":"project","status":"publish","type":"page","link":"https:\/\/www.trustedtranslations.com\/de\/dienstleistungen\/dateiformate\/project","title":{"rendered":"Microsoft Project"},"content":{"rendered":"","protected":false},"excerpt":{"rendered":"","protected":false},"author":1,"featured_media":238121,"parent":129442,"menu_order":7,"comment_status":"closed","ping_status":"closed","template":"","meta":{"site-sidebar-layout":"default","site-content-layout":"default","ast-site-content-layout":"default","site-content-style":"default","site-sidebar-style":"default","ast-global-header-display":"","ast-banner-title-visibility":"","ast-main-header-display":"","ast-hfb-above-header-display":"","ast-hfb-below-header-display":"","ast-hfb-mobile-header-display":"","site-post-title":"disabled","ast-breadcrumbs-content":"","ast-featured-img":"","footer-sml-layout":"","ast-disable-related-posts":"","theme-transparent-header-meta":"default","adv-header-id-meta":"","stick-header-meta":"","header-above-stick-meta":"","header-main-stick-meta":"","header-below-stick-meta":"","astra-migrate-meta-layouts":"set","ast-page-background-enabled":"default","ast-page-background-meta":{"desktop":{"background-color":"var(--ast-global-color-4)","background-image":"","background-repeat":"repeat","background-position":"center center","background-size":"auto","background-attachment":"scroll","background-type":"","background-media":"","overlay-type":"","overlay-color":"","overlay-opacity":"","overlay-gradient":""},"tablet":{"background-color":"","background-image":"","background-repeat":"repeat","background-position":"center center","background-size":"auto","background-attachment":"scroll","background-type":"","background-media":"","overlay-type":"","overlay-color":"","overlay-opacity":"","overlay-gradient":""},"mobile":{"background-color":"","background-image":"","background-repeat":"repeat","background-position":"center center","background-size":"auto","background-attachment":"scroll","background-type":"","background-media":"","overlay-type":"","overlay-color":"","overlay-opacity":"","overlay-gradient":""}},"ast-content-background-meta":{"desktop":{"background-color":"var(--ast-global-color-5)","background-image":"","background-repeat":"repeat","background-position":"center center","background-size":"auto","background-attachment":"scroll","background-type":"","background-media":"","overlay-type":"","overlay-color":"","overlay-opacity":"","overlay-gradient":""},"tablet":{"background-color":"var(--ast-global-color-5)","background-image":"","background-repeat":"repeat","background-position":"center center","background-size":"auto","background-attachment":"scroll","background-type":"","background-media":"","overlay-type":"","overlay-color":"","overlay-opacity":"","overlay-gradient":""},"mobile":{"background-color":"var(--ast-global-color-5)","background-image":"","background-repeat":"repeat","background-position":"center center","background-size":"auto","background-attachment":"scroll","background-type":"","background-media":"","overlay-type":"","overlay-color":"","overlay-opacity":"","overlay-gradient":""}},"footnotes":""},"class_list":["post-129415","page","type-page","status-publish","has-post-thumbnail","hentry"],"yoast_head":"<!-- This site is optimized with the Yoast SEO plugin v27.5 - https:\/\/yoast.com\/product\/yoast-seo-wordpress\/ -->\n<title>Microsoft Projekt-\u00dcbersetzungsdienstleistungen \u2013 Trusted Translations, Inc.<\/title>\n<meta name=\"description\" content=\"Trusted Translations wird Sie dabei unterst\u00fctzen, alle Ihre Microsoft Project Projekte durch Entfernung der Sprachbarrieren zu einem Erfolg zu machen.\" \/>\n<meta name=\"robots\" content=\"index, follow, max-snippet:-1, max-image-preview:large, max-video-preview:-1\" \/>\n<link rel=\"canonical\" href=\"https:\/\/www.trustedtranslations.com\/de\/dienstleistungen\/dateiformate\/project\" \/>\n<meta property=\"og:locale\" content=\"de_DE\" \/>\n<meta property=\"og:type\" content=\"article\" \/>\n<meta property=\"og:title\" content=\"Microsoft Projekt-\u00dcbersetzungsdienstleistungen \u2013 Trusted Translations, Inc.\" \/>\n<meta property=\"og:description\" content=\"Trusted Translations wird Sie dabei unterst\u00fctzen, alle Ihre Microsoft Project Projekte durch Entfernung der Sprachbarrieren zu einem Erfolg zu machen.\" \/>\n<meta property=\"og:url\" content=\"https:\/\/www.trustedtranslations.com\/de\/dienstleistungen\/dateiformate\/project\" \/>\n<meta property=\"og:site_name\" content=\"Trusted Translations, Inc.\" \/>\n<meta property=\"article:publisher\" content=\"https:\/\/www.facebook.com\/Trusted.Translations\" \/>\n<meta property=\"article:modified_time\" content=\"2025-10-21T17:10:15+00:00\" \/>\n<meta property=\"og:image\" content=\"https:\/\/static.trustedtranslations.com\/wp-content\/uploads\/2024\/02\/tt-icon_Microsoft-Project-Transl.webp\" \/>\n\t<meta property=\"og:image:width\" content=\"151\" \/>\n\t<meta property=\"og:image:height\" content=\"151\" \/>\n\t<meta property=\"og:image:type\" content=\"image\/webp\" \/>\n<meta name=\"twitter:card\" content=\"summary_large_image\" \/>\n<meta name=\"twitter:site\" content=\"@TrustedT9ns\" \/>\n<script type=\"application\/ld+json\" class=\"yoast-schema-graph\">{\"@context\":\"https:\\\/\\\/schema.org\",\"@graph\":[{\"@type\":\"WebPage\",\"@id\":\"https:\\\/\\\/www.trustedtranslations.com\\\/de\\\/dienstleistungen\\\/dateiformate\\\/project\",\"url\":\"https:\\\/\\\/www.trustedtranslations.com\\\/de\\\/dienstleistungen\\\/dateiformate\\\/project\",\"name\":\"Microsoft Projekt-\u00dcbersetzungsdienstleistungen \u2013 Trusted Translations, Inc.\",\"isPartOf\":{\"@id\":\"https:\\\/\\\/www.trustedtranslations.com\\\/de\\\/#website\"},\"primaryImageOfPage\":{\"@id\":\"https:\\\/\\\/www.trustedtranslations.com\\\/de\\\/dienstleistungen\\\/dateiformate\\\/project#primaryimage\"},\"image\":{\"@id\":\"https:\\\/\\\/www.trustedtranslations.com\\\/de\\\/dienstleistungen\\\/dateiformate\\\/project#primaryimage\"},\"thumbnailUrl\":\"https:\\\/\\\/www.trustedtranslations.com\\\/wp-content\\\/uploads\\\/2024\\\/02\\\/tt-icon_Microsoft-Project-Transl.webp\",\"description\":\"Trusted Translations wird Sie dabei unterst\u00fctzen, alle Ihre Microsoft Project Projekte durch Entfernung der Sprachbarrieren zu einem Erfolg zu machen.\",\"breadcrumb\":{\"@id\":\"https:\\\/\\\/www.trustedtranslations.com\\\/de\\\/dienstleistungen\\\/dateiformate\\\/project#breadcrumb\"},\"inLanguage\":\"de\",\"potentialAction\":[{\"@type\":\"ReadAction\",\"target\":[\"https:\\\/\\\/www.trustedtranslations.com\\\/de\\\/dienstleistungen\\\/dateiformate\\\/project\"]}]},{\"@type\":\"ImageObject\",\"inLanguage\":\"de\",\"@id\":\"https:\\\/\\\/www.trustedtranslations.com\\\/de\\\/dienstleistungen\\\/dateiformate\\\/project#primaryimage\",\"url\":\"https:\\\/\\\/www.trustedtranslations.com\\\/wp-content\\\/uploads\\\/2024\\\/02\\\/tt-icon_Microsoft-Project-Transl.webp\",\"contentUrl\":\"https:\\\/\\\/www.trustedtranslations.com\\\/wp-content\\\/uploads\\\/2024\\\/02\\\/tt-icon_Microsoft-Project-Transl.webp\",\"width\":151,\"height\":151,\"caption\":\"tt icon Microsoft Project Transl\"},{\"@type\":\"BreadcrumbList\",\"@id\":\"https:\\\/\\\/www.trustedtranslations.com\\\/de\\\/dienstleistungen\\\/dateiformate\\\/project#breadcrumb\",\"itemListElement\":[{\"@type\":\"ListItem\",\"position\":1,\"name\":\"Home\",\"item\":\"https:\\\/\\\/www.trustedtranslations.com\\\/de\"},{\"@type\":\"ListItem\",\"position\":2,\"name\":\"Dienstleistungen\",\"item\":\"https:\\\/\\\/www.trustedtranslations.com\\\/de\\\/dienstleistungen\"},{\"@type\":\"ListItem\",\"position\":3,\"name\":\"Dateiformate\",\"item\":\"https:\\\/\\\/www.trustedtranslations.com\\\/de\\\/dienstleistungen\\\/dateiformate\"},{\"@type\":\"ListItem\",\"position\":4,\"name\":\"Microsoft Project\"}]},{\"@type\":\"WebSite\",\"@id\":\"https:\\\/\\\/www.trustedtranslations.com\\\/de\\\/#website\",\"url\":\"https:\\\/\\\/www.trustedtranslations.com\\\/de\\\/\",\"name\":\"Trusted Translations, Inc.\",\"description\":\"Leader in translation and interpretation services.\",\"publisher\":{\"@id\":\"https:\\\/\\\/www.trustedtranslations.com\\\/de\\\/#organization\"},\"alternateName\":\"Trusted Translations\",\"potentialAction\":[{\"@type\":\"SearchAction\",\"target\":{\"@type\":\"EntryPoint\",\"urlTemplate\":\"https:\\\/\\\/www.trustedtranslations.com\\\/de\\\/?s={search_term_string}\"},\"query-input\":{\"@type\":\"PropertyValueSpecification\",\"valueRequired\":true,\"valueName\":\"search_term_string\"}}],\"inLanguage\":\"de\"},{\"@type\":\"Organization\",\"@id\":\"https:\\\/\\\/www.trustedtranslations.com\\\/de\\\/#organization\",\"name\":\"Trusted Translations\",\"alternateName\":\"Trusted Translations, Inc.\",\"url\":\"https:\\\/\\\/www.trustedtranslations.com\\\/de\\\/\",\"logo\":{\"@type\":\"ImageObject\",\"inLanguage\":\"de\",\"@id\":\"https:\\\/\\\/www.trustedtranslations.com\\\/de\\\/#\\\/schema\\\/logo\\\/image\\\/\",\"url\":\"https:\\\/\\\/static.trustedtranslations.com\\\/wp-content\\\/uploads\\\/2022\\\/01\\\/TT_logo_WSIColors-2.png\",\"contentUrl\":\"https:\\\/\\\/static.trustedtranslations.com\\\/wp-content\\\/uploads\\\/2022\\\/01\\\/TT_logo_WSIColors-2.png\",\"width\":500,\"height\":196,\"caption\":\"Trusted Translations\"},\"image\":{\"@id\":\"https:\\\/\\\/www.trustedtranslations.com\\\/de\\\/#\\\/schema\\\/logo\\\/image\\\/\"},\"sameAs\":[\"https:\\\/\\\/www.facebook.com\\\/Trusted.Translations\",\"https:\\\/\\\/x.com\\\/TrustedT9ns\",\"https:\\\/\\\/www.linkedin.com\\\/company\\\/trusted-translations\"]}]}<\/script>\n<!-- \/ Yoast SEO plugin. -->","yoast_head_json":{"title":"Microsoft Projekt-\u00dcbersetzungsdienstleistungen \u2013 Trusted Translations, Inc.","description":"Trusted Translations wird Sie dabei unterst\u00fctzen, alle Ihre Microsoft Project Projekte durch Entfernung der Sprachbarrieren zu einem Erfolg zu machen.","robots":{"index":"index","follow":"follow","max-snippet":"max-snippet:-1","max-image-preview":"max-image-preview:large","max-video-preview":"max-video-preview:-1"},"canonical":"https:\/\/www.trustedtranslations.com\/de\/dienstleistungen\/dateiformate\/project","og_locale":"de_DE","og_type":"article","og_title":"Microsoft Projekt-\u00dcbersetzungsdienstleistungen \u2013 Trusted Translations, Inc.","og_description":"Trusted Translations wird Sie dabei unterst\u00fctzen, alle Ihre Microsoft Project Projekte durch Entfernung der Sprachbarrieren zu einem Erfolg zu machen.","og_url":"https:\/\/www.trustedtranslations.com\/de\/dienstleistungen\/dateiformate\/project","og_site_name":"Trusted Translations, Inc.","article_publisher":"https:\/\/www.facebook.com\/Trusted.Translations","article_modified_time":"2025-10-21T17:10:15+00:00","og_image":[{"width":151,"height":151,"url":"https:\/\/static.trustedtranslations.com\/wp-content\/uploads\/2024\/02\/tt-icon_Microsoft-Project-Transl.webp","type":"image\/webp"}],"twitter_card":"summary_large_image","twitter_site":"@TrustedT9ns","schema":{"@context":"https:\/\/schema.org","@graph":[{"@type":"WebPage","@id":"https:\/\/www.trustedtranslations.com\/de\/dienstleistungen\/dateiformate\/project","url":"https:\/\/www.trustedtranslations.com\/de\/dienstleistungen\/dateiformate\/project","name":"Microsoft Projekt-\u00dcbersetzungsdienstleistungen \u2013 Trusted Translations, Inc.","isPartOf":{"@id":"https:\/\/www.trustedtranslations.com\/de\/#website"},"primaryImageOfPage":{"@id":"https:\/\/www.trustedtranslations.com\/de\/dienstleistungen\/dateiformate\/project#primaryimage"},"image":{"@id":"https:\/\/www.trustedtranslations.com\/de\/dienstleistungen\/dateiformate\/project#primaryimage"},"thumbnailUrl":"https:\/\/www.trustedtranslations.com\/wp-content\/uploads\/2024\/02\/tt-icon_Microsoft-Project-Transl.webp","description":"Trusted Translations wird Sie dabei unterst\u00fctzen, alle Ihre Microsoft Project Projekte durch Entfernung der Sprachbarrieren zu einem Erfolg zu machen.","breadcrumb":{"@id":"https:\/\/www.trustedtranslations.com\/de\/dienstleistungen\/dateiformate\/project#breadcrumb"},"inLanguage":"de","potentialAction":[{"@type":"ReadAction","target":["https:\/\/www.trustedtranslations.com\/de\/dienstleistungen\/dateiformate\/project"]}]},{"@type":"ImageObject","inLanguage":"de","@id":"https:\/\/www.trustedtranslations.com\/de\/dienstleistungen\/dateiformate\/project#primaryimage","url":"https:\/\/www.trustedtranslations.com\/wp-content\/uploads\/2024\/02\/tt-icon_Microsoft-Project-Transl.webp","contentUrl":"https:\/\/www.trustedtranslations.com\/wp-content\/uploads\/2024\/02\/tt-icon_Microsoft-Project-Transl.webp","width":151,"height":151,"caption":"tt icon Microsoft Project Transl"},{"@type":"BreadcrumbList","@id":"https:\/\/www.trustedtranslations.com\/de\/dienstleistungen\/dateiformate\/project#breadcrumb","itemListElement":[{"@type":"ListItem","position":1,"name":"Home","item":"https:\/\/www.trustedtranslations.com\/de"},{"@type":"ListItem","position":2,"name":"Dienstleistungen","item":"https:\/\/www.trustedtranslations.com\/de\/dienstleistungen"},{"@type":"ListItem","position":3,"name":"Dateiformate","item":"https:\/\/www.trustedtranslations.com\/de\/dienstleistungen\/dateiformate"},{"@type":"ListItem","position":4,"name":"Microsoft Project"}]},{"@type":"WebSite","@id":"https:\/\/www.trustedtranslations.com\/de\/#website","url":"https:\/\/www.trustedtranslations.com\/de\/","name":"Trusted Translations, Inc.","description":"Leader in translation and interpretation services.","publisher":{"@id":"https:\/\/www.trustedtranslations.com\/de\/#organization"},"alternateName":"Trusted Translations","potentialAction":[{"@type":"SearchAction","target":{"@type":"EntryPoint","urlTemplate":"https:\/\/www.trustedtranslations.com\/de\/?s={search_term_string}"},"query-input":{"@type":"PropertyValueSpecification","valueRequired":true,"valueName":"search_term_string"}}],"inLanguage":"de"},{"@type":"Organization","@id":"https:\/\/www.trustedtranslations.com\/de\/#organization","name":"Trusted Translations","alternateName":"Trusted Translations, Inc.","url":"https:\/\/www.trustedtranslations.com\/de\/","logo":{"@type":"ImageObject","inLanguage":"de","@id":"https:\/\/www.trustedtranslations.com\/de\/#\/schema\/logo\/image\/","url":"https:\/\/static.trustedtranslations.com\/wp-content\/uploads\/2022\/01\/TT_logo_WSIColors-2.png","contentUrl":"https:\/\/static.trustedtranslations.com\/wp-content\/uploads\/2022\/01\/TT_logo_WSIColors-2.png","width":500,"height":196,"caption":"Trusted Translations"},"image":{"@id":"https:\/\/www.trustedtranslations.com\/de\/#\/schema\/logo\/image\/"},"sameAs":["https:\/\/www.facebook.com\/Trusted.Translations","https:\/\/x.com\/TrustedT9ns","https:\/\/www.linkedin.com\/company\/trusted-translations"]}]}},"toolset-meta":{"dyk":{"mensaje-1":{"type":"textfield","raw":"Wir \u00fcbersetzen Ihre MS Project-Kollaborationen aus und in \u00fcber 200 Sprachen."},"mensaje-2":{"type":"textfield","raw":"Wir helfen Ihnen dabei, alle Ihre MS Project-Ideen auf globaler Ebene umzusetzen."},"mensaje-3":{"type":"textfield","raw":"Wir k\u00f6nnen Ihre Projekte in Sprachen \u00fcbersetzen, die nicht von MS Project unterst\u00fctzt werden."},"mensaje-4":{"type":"textfield","raw":"Arbeiten Sie bei allen Ihren MS Project-Kollaborationen nahtlos \u00fcber Sprachbarrieren hinweg."},"mensaje-5":{"type":"textfield","raw":""},"mensaje-6":{"type":"textfield","raw":""}},"single-page-template-fields":{"imgs-temp":{"type":"image","raw":["https:\/\/static.trustedtranslations.com\/wp-content\/uploads\/2024\/06\/project-final-2-1-1.webp"],"repeatable":[{"raw":"https:\/\/static.trustedtranslations.com\/wp-content\/uploads\/2024\/06\/project-final-2-1-1.webp"}]},"imgs-temp-cel":{"type":"image","raw":[""],"repeatable":[{"raw":""}]},"img-temp-one-cel":{"type":"image","raw":"https:\/\/static.trustedtranslations.com\/wp-content\/uploads\/2024\/03\/AdobeStock_385542563-2-1.webp","attachment_id":null},"quotes":{"type":"textarea","raw":"<h1 style=\"margin-bottom: 12px;\">Microsoft Projekt \u00dcbersetzungsdienste<\/h1>\r\nBei Trusted Translations sind wir uns der Bedeutung des Gebrauchs einer kollaborativen Plattform wie Microsoft Project bewusst, um Pl\u00e4ne zu entwickeln, Finanzpl\u00e4ne zu verwalten, Ressourcen den Aufgaben zuzuweisen, Zeitpl\u00e4ne zu erstellen, Fortschritte nachzuvollziehen und vieles mehr. Sie sind ein professioneller Projektmanager in Ihrem Gebiet und wollen alle Aspekte Ihres Projektes unter Kontrolle haben, aber was geschieht, wenn Sie diese Informationen mit jemandem teilen m\u00f6chten, der nicht die gleiche Sprache spricht, z. B. ein Arbeitskollege oder Interessenvertreter? Hier springt das Expertenteam von Trusted Translations\u2019 ein.\r\n<div style=\"margin-top: 2.5vw;\"><a class=\"tt-btn-main-cta\" href=\"\/de\/angebot\">KOSTENLOSEN KOSTENVORANSCHLAG ANFORDERN<\/a><\/div>"},"text-1":{"type":"textarea","raw":"<h2>Microsoft Project L\u00f6sung aus einer Hand<\/h2>\r\nBei\u00a0<em>Trusted Translations<\/em>\u00a0bieten wir Ihnen eine L\u00f6sung aus einer Hand f\u00fcr alle Ihre MS Project \u00dcbersetzungsanforderungen, damit alle Beteiligten mit den richtigen Informationen zusammen arbeiten k\u00f6nnen, um Ihre Projekte zum Erfolg zu machen und diese auf globaler Ebene einzuf\u00fchren. Unsere branchenspezifischen \u00dcbersetzer sind Experten in ihren jeweiligen Gebieten und werden nicht nur die genauesten \u00dcbersetzungen in der Branche liefern, sondern die \u00dcbersetzung auch lokalisieren, damit auf der Empf\u00e4ngerseite kein Detail falsch verstanden wird. Alle Ihre Informationen von Pr\u00e4sentationen zur Aufgabenplanung bis zu Tabellen der Ressourcenzuteilung, Finanzen und die jeweiligen W\u00e4hrungsumwandlungen, Zeitpl\u00e4ne und vieles mehr werden effektiv kommuniziert. Wir stellen sicher, dass jedes Element ber\u00fccksichtigt und nahtlos ausgef\u00fchrt wird. Wenn Sie\u00a0<em>Trusted Translations<\/em>\u00a0f\u00fcr Ihre MS Project \u00dcbersetzungen w\u00e4hlen, k\u00f6nnen Sie Aufgaben und Ressourcen zuweisen und die Endergebnisse Personen in aller Welt berichten. Weiterhin wird unser Desktop-Publishing-Team sicherstellen, dass kein Detail \u00fcbersehen wird, und daf\u00fcr sorgen, dass das Originalformat mit dem eingef\u00fcgten Text in der Zielsprache erhalten bleibt. Anh\u00e4nge, die bei Arbeitspunkten hinzugef\u00fcgt wurden, eingebettete Dateien wie ein Word-Dokument, eine Excel-Tabelle, PDF-Dateien, Audio, Video, Animationen und vieles mehr werden durch unsere Desktop-Publisher extrahiert, einzeln verwaltet und durchlaufen den f\u00fcr jedes Element geeigneten \u00dcbersetzungsprozess. Zum Schluss wird Desktop-Publishing sicherstellen, dass alle Elemente wieder in Ihrer MS Project Datei eingegliedert werden und Ihnen sofort einsatzbereit geliefert werden."},"shortcode-map":{"type":"textfield","raw":""},"dyk-shortcode":{"type":"textfield","raw":"[elementor-template id=\"146647\"]"},"text-2":{"type":"textarea","raw":"<h2>Microsoft Project \u201cNon-Supported\u201d Language Translations<\/h2>\r\nIn its most recent version, Microsoft Project is able to \u201csupport\u201d 27 languages, not including English. Not a very substantial number, considering the fact that\u00a0<em>Trusted Translations<\/em>\u00a0works with more than 200 languages. So what happens when we receive a project that must be translated into a language that is not supported by Microsoft Project such as Swahili, Uzbek or Amharic? That\u2019s where our expert team comes in. We work with highly experienced professional translators who are experts in a wide range of languages so you can work flawlessly across language barriers with all of your teammates and stakeholders. Furthermore, our translators are experts in a variety of industries including finance, government, healthcare, construction, and pharmaceuticals, just to name a few, so you are guaranteed to receive the most precise translation possible. Additionally, with the expertise of our desktop publishers, you will receive a final product that looks as close to the original as possible. Our DTP team will ensure that all of the translated text fits seamlessly with the original format and layout of the project so it doesn\u2019t lose any of its important details and original characteristics."},"state":{"type":"textfield","raw":""},"city":{"type":"textarea","raw":[""]}}},"_links":{"self":[{"href":"https:\/\/www.trustedtranslations.com\/de\/wp-json\/wp\/v2\/pages\/129415","targetHints":{"allow":["GET"]}}],"collection":[{"href":"https:\/\/www.trustedtranslations.com\/de\/wp-json\/wp\/v2\/pages"}],"about":[{"href":"https:\/\/www.trustedtranslations.com\/de\/wp-json\/wp\/v2\/types\/page"}],"author":[{"embeddable":true,"href":"https:\/\/www.trustedtranslations.com\/de\/wp-json\/wp\/v2\/users\/1"}],"replies":[{"embeddable":true,"href":"https:\/\/www.trustedtranslations.com\/de\/wp-json\/wp\/v2\/comments?post=129415"}],"version-history":[{"count":0,"href":"https:\/\/www.trustedtranslations.com\/de\/wp-json\/wp\/v2\/pages\/129415\/revisions"}],"up":[{"embeddable":true,"href":"https:\/\/www.trustedtranslations.com\/de\/wp-json\/wp\/v2\/pages\/129442"}],"wp:featuredmedia":[{"embeddable":true,"href":"https:\/\/www.trustedtranslations.com\/de\/wp-json\/wp\/v2\/media\/238121"}],"wp:attachment":[{"href":"https:\/\/www.trustedtranslations.com\/de\/wp-json\/wp\/v2\/media?parent=129415"}],"curies":[{"name":"wp","href":"https:\/\/api.w.org\/{rel}","templated":true}]}}