{"id":129421,"date":"2018-11-13T18:53:30","date_gmt":"2018-11-13T18:53:30","guid":{"rendered":"https:\/\/www.trustedtranslations.com\/?page_id=129421"},"modified":"2024-09-17T18:25:14","modified_gmt":"2024-09-17T21:25:14","slug":"powerpoint","status":"publish","type":"page","link":"https:\/\/www.trustedtranslations.com\/de\/dienstleistungen\/dateiformate\/powerpoint","title":{"rendered":"Microsoft PowerPoint"},"content":{"rendered":"","protected":false},"excerpt":{"rendered":"","protected":false},"author":1,"featured_media":238095,"parent":129442,"menu_order":5,"comment_status":"closed","ping_status":"closed","template":"","meta":{"site-sidebar-layout":"default","site-content-layout":"default","ast-site-content-layout":"default","site-content-style":"default","site-sidebar-style":"default","ast-global-header-display":"","ast-banner-title-visibility":"","ast-main-header-display":"","ast-hfb-above-header-display":"","ast-hfb-below-header-display":"","ast-hfb-mobile-header-display":"","site-post-title":"disabled","ast-breadcrumbs-content":"","ast-featured-img":"","footer-sml-layout":"","ast-disable-related-posts":"","theme-transparent-header-meta":"default","adv-header-id-meta":"","stick-header-meta":"","header-above-stick-meta":"","header-main-stick-meta":"","header-below-stick-meta":"","astra-migrate-meta-layouts":"set","ast-page-background-enabled":"default","ast-page-background-meta":{"desktop":{"background-color":"var(--ast-global-color-4)","background-image":"","background-repeat":"repeat","background-position":"center center","background-size":"auto","background-attachment":"scroll","background-type":"","background-media":"","overlay-type":"","overlay-color":"","overlay-opacity":"","overlay-gradient":""},"tablet":{"background-color":"","background-image":"","background-repeat":"repeat","background-position":"center center","background-size":"auto","background-attachment":"scroll","background-type":"","background-media":"","overlay-type":"","overlay-color":"","overlay-opacity":"","overlay-gradient":""},"mobile":{"background-color":"","background-image":"","background-repeat":"repeat","background-position":"center center","background-size":"auto","background-attachment":"scroll","background-type":"","background-media":"","overlay-type":"","overlay-color":"","overlay-opacity":"","overlay-gradient":""}},"ast-content-background-meta":{"desktop":{"background-color":"var(--ast-global-color-5)","background-image":"","background-repeat":"repeat","background-position":"center center","background-size":"auto","background-attachment":"scroll","background-type":"","background-media":"","overlay-type":"","overlay-color":"","overlay-opacity":"","overlay-gradient":""},"tablet":{"background-color":"var(--ast-global-color-5)","background-image":"","background-repeat":"repeat","background-position":"center center","background-size":"auto","background-attachment":"scroll","background-type":"","background-media":"","overlay-type":"","overlay-color":"","overlay-opacity":"","overlay-gradient":""},"mobile":{"background-color":"var(--ast-global-color-5)","background-image":"","background-repeat":"repeat","background-position":"center center","background-size":"auto","background-attachment":"scroll","background-type":"","background-media":"","overlay-type":"","overlay-color":"","overlay-opacity":"","overlay-gradient":""}},"footnotes":""},"class_list":["post-129421","page","type-page","status-publish","has-post-thumbnail","hentry"],"yoast_head":"<!-- This site is optimized with the Yoast SEO plugin v27.5 - https:\/\/yoast.com\/product\/yoast-seo-wordpress\/ -->\n<title>PowerPoint-\u00dcbersetzungsdienstleistungen - Trusted Translations, Inc.<\/title>\n<meta name=\"description\" content=\"W\u00e4hlen Sie Trusted Translations f\u00fcr genaue und zeitnahe PowerPoint-\u00dcbersetzungen durch muttersprachliche Experten. Fordern Sie noch heute ein kostenloses Angebot an.\" \/>\n<meta name=\"robots\" content=\"index, follow, max-snippet:-1, max-image-preview:large, max-video-preview:-1\" \/>\n<link rel=\"canonical\" href=\"https:\/\/www.trustedtranslations.com\/de\/dienstleistungen\/dateiformate\/powerpoint\" \/>\n<meta property=\"og:locale\" content=\"de_DE\" \/>\n<meta property=\"og:type\" content=\"article\" \/>\n<meta property=\"og:title\" content=\"PowerPoint-\u00dcbersetzungsdienstleistungen - Trusted Translations, Inc.\" \/>\n<meta property=\"og:description\" content=\"W\u00e4hlen Sie Trusted Translations f\u00fcr genaue und zeitnahe PowerPoint-\u00dcbersetzungen durch muttersprachliche Experten. Fordern Sie noch heute ein kostenloses Angebot an.\" \/>\n<meta property=\"og:url\" content=\"https:\/\/www.trustedtranslations.com\/de\/dienstleistungen\/dateiformate\/powerpoint\" \/>\n<meta property=\"og:site_name\" content=\"Trusted Translations, Inc.\" \/>\n<meta property=\"article:publisher\" content=\"https:\/\/www.facebook.com\/Trusted.Translations\" \/>\n<meta property=\"article:modified_time\" content=\"2024-09-17T21:25:14+00:00\" \/>\n<meta property=\"og:image\" content=\"https:\/\/static.trustedtranslations.com\/wp-content\/uploads\/2024\/02\/tt-icon_Microsoft-PowerPoint.webp\" \/>\n\t<meta property=\"og:image:width\" content=\"151\" \/>\n\t<meta property=\"og:image:height\" content=\"151\" \/>\n\t<meta property=\"og:image:type\" content=\"image\/webp\" \/>\n<meta name=\"twitter:card\" content=\"summary_large_image\" \/>\n<meta name=\"twitter:site\" content=\"@TrustedT9ns\" \/>\n<script type=\"application\/ld+json\" class=\"yoast-schema-graph\">{\"@context\":\"https:\\\/\\\/schema.org\",\"@graph\":[{\"@type\":\"WebPage\",\"@id\":\"https:\\\/\\\/www.trustedtranslations.com\\\/de\\\/dienstleistungen\\\/dateiformate\\\/powerpoint\",\"url\":\"https:\\\/\\\/www.trustedtranslations.com\\\/de\\\/dienstleistungen\\\/dateiformate\\\/powerpoint\",\"name\":\"PowerPoint-\u00dcbersetzungsdienstleistungen - Trusted Translations, Inc.\",\"isPartOf\":{\"@id\":\"https:\\\/\\\/www.trustedtranslations.com\\\/de\\\/#website\"},\"primaryImageOfPage\":{\"@id\":\"https:\\\/\\\/www.trustedtranslations.com\\\/de\\\/dienstleistungen\\\/dateiformate\\\/powerpoint#primaryimage\"},\"image\":{\"@id\":\"https:\\\/\\\/www.trustedtranslations.com\\\/de\\\/dienstleistungen\\\/dateiformate\\\/powerpoint#primaryimage\"},\"thumbnailUrl\":\"https:\\\/\\\/www.trustedtranslations.com\\\/wp-content\\\/uploads\\\/2024\\\/02\\\/tt-icon_Microsoft-PowerPoint.webp\",\"description\":\"W\u00e4hlen Sie Trusted Translations f\u00fcr genaue und zeitnahe PowerPoint-\u00dcbersetzungen durch muttersprachliche Experten. Fordern Sie noch heute ein kostenloses Angebot an.\",\"breadcrumb\":{\"@id\":\"https:\\\/\\\/www.trustedtranslations.com\\\/de\\\/dienstleistungen\\\/dateiformate\\\/powerpoint#breadcrumb\"},\"inLanguage\":\"de\",\"potentialAction\":[{\"@type\":\"ReadAction\",\"target\":[\"https:\\\/\\\/www.trustedtranslations.com\\\/de\\\/dienstleistungen\\\/dateiformate\\\/powerpoint\"]}]},{\"@type\":\"ImageObject\",\"inLanguage\":\"de\",\"@id\":\"https:\\\/\\\/www.trustedtranslations.com\\\/de\\\/dienstleistungen\\\/dateiformate\\\/powerpoint#primaryimage\",\"url\":\"https:\\\/\\\/www.trustedtranslations.com\\\/wp-content\\\/uploads\\\/2024\\\/02\\\/tt-icon_Microsoft-PowerPoint.webp\",\"contentUrl\":\"https:\\\/\\\/www.trustedtranslations.com\\\/wp-content\\\/uploads\\\/2024\\\/02\\\/tt-icon_Microsoft-PowerPoint.webp\",\"width\":151,\"height\":151,\"caption\":\"tt icon Microsoft PowerPoint\"},{\"@type\":\"BreadcrumbList\",\"@id\":\"https:\\\/\\\/www.trustedtranslations.com\\\/de\\\/dienstleistungen\\\/dateiformate\\\/powerpoint#breadcrumb\",\"itemListElement\":[{\"@type\":\"ListItem\",\"position\":1,\"name\":\"Home\",\"item\":\"https:\\\/\\\/www.trustedtranslations.com\\\/de\"},{\"@type\":\"ListItem\",\"position\":2,\"name\":\"Dienstleistungen\",\"item\":\"https:\\\/\\\/www.trustedtranslations.com\\\/de\\\/dienstleistungen\"},{\"@type\":\"ListItem\",\"position\":3,\"name\":\"Dateiformate\",\"item\":\"https:\\\/\\\/www.trustedtranslations.com\\\/de\\\/dienstleistungen\\\/dateiformate\"},{\"@type\":\"ListItem\",\"position\":4,\"name\":\"Microsoft PowerPoint\"}]},{\"@type\":\"WebSite\",\"@id\":\"https:\\\/\\\/www.trustedtranslations.com\\\/de\\\/#website\",\"url\":\"https:\\\/\\\/www.trustedtranslations.com\\\/de\\\/\",\"name\":\"Trusted Translations, Inc.\",\"description\":\"Leader in translation and interpretation services.\",\"publisher\":{\"@id\":\"https:\\\/\\\/www.trustedtranslations.com\\\/de\\\/#organization\"},\"alternateName\":\"Trusted Translations\",\"potentialAction\":[{\"@type\":\"SearchAction\",\"target\":{\"@type\":\"EntryPoint\",\"urlTemplate\":\"https:\\\/\\\/www.trustedtranslations.com\\\/de\\\/?s={search_term_string}\"},\"query-input\":{\"@type\":\"PropertyValueSpecification\",\"valueRequired\":true,\"valueName\":\"search_term_string\"}}],\"inLanguage\":\"de\"},{\"@type\":\"Organization\",\"@id\":\"https:\\\/\\\/www.trustedtranslations.com\\\/de\\\/#organization\",\"name\":\"Trusted Translations\",\"alternateName\":\"Trusted Translations, Inc.\",\"url\":\"https:\\\/\\\/www.trustedtranslations.com\\\/de\\\/\",\"logo\":{\"@type\":\"ImageObject\",\"inLanguage\":\"de\",\"@id\":\"https:\\\/\\\/www.trustedtranslations.com\\\/de\\\/#\\\/schema\\\/logo\\\/image\\\/\",\"url\":\"https:\\\/\\\/static.trustedtranslations.com\\\/wp-content\\\/uploads\\\/2022\\\/01\\\/TT_logo_WSIColors-2.png\",\"contentUrl\":\"https:\\\/\\\/static.trustedtranslations.com\\\/wp-content\\\/uploads\\\/2022\\\/01\\\/TT_logo_WSIColors-2.png\",\"width\":500,\"height\":196,\"caption\":\"Trusted Translations\"},\"image\":{\"@id\":\"https:\\\/\\\/www.trustedtranslations.com\\\/de\\\/#\\\/schema\\\/logo\\\/image\\\/\"},\"sameAs\":[\"https:\\\/\\\/www.facebook.com\\\/Trusted.Translations\",\"https:\\\/\\\/x.com\\\/TrustedT9ns\",\"https:\\\/\\\/www.linkedin.com\\\/company\\\/trusted-translations\"]}]}<\/script>\n<!-- \/ Yoast SEO plugin. -->","yoast_head_json":{"title":"PowerPoint-\u00dcbersetzungsdienstleistungen - Trusted Translations, Inc.","description":"W\u00e4hlen Sie Trusted Translations f\u00fcr genaue und zeitnahe PowerPoint-\u00dcbersetzungen durch muttersprachliche Experten. Fordern Sie noch heute ein kostenloses Angebot an.","robots":{"index":"index","follow":"follow","max-snippet":"max-snippet:-1","max-image-preview":"max-image-preview:large","max-video-preview":"max-video-preview:-1"},"canonical":"https:\/\/www.trustedtranslations.com\/de\/dienstleistungen\/dateiformate\/powerpoint","og_locale":"de_DE","og_type":"article","og_title":"PowerPoint-\u00dcbersetzungsdienstleistungen - Trusted Translations, Inc.","og_description":"W\u00e4hlen Sie Trusted Translations f\u00fcr genaue und zeitnahe PowerPoint-\u00dcbersetzungen durch muttersprachliche Experten. Fordern Sie noch heute ein kostenloses Angebot an.","og_url":"https:\/\/www.trustedtranslations.com\/de\/dienstleistungen\/dateiformate\/powerpoint","og_site_name":"Trusted Translations, Inc.","article_publisher":"https:\/\/www.facebook.com\/Trusted.Translations","article_modified_time":"2024-09-17T21:25:14+00:00","og_image":[{"width":151,"height":151,"url":"https:\/\/static.trustedtranslations.com\/wp-content\/uploads\/2024\/02\/tt-icon_Microsoft-PowerPoint.webp","type":"image\/webp"}],"twitter_card":"summary_large_image","twitter_site":"@TrustedT9ns","schema":{"@context":"https:\/\/schema.org","@graph":[{"@type":"WebPage","@id":"https:\/\/www.trustedtranslations.com\/de\/dienstleistungen\/dateiformate\/powerpoint","url":"https:\/\/www.trustedtranslations.com\/de\/dienstleistungen\/dateiformate\/powerpoint","name":"PowerPoint-\u00dcbersetzungsdienstleistungen - Trusted Translations, Inc.","isPartOf":{"@id":"https:\/\/www.trustedtranslations.com\/de\/#website"},"primaryImageOfPage":{"@id":"https:\/\/www.trustedtranslations.com\/de\/dienstleistungen\/dateiformate\/powerpoint#primaryimage"},"image":{"@id":"https:\/\/www.trustedtranslations.com\/de\/dienstleistungen\/dateiformate\/powerpoint#primaryimage"},"thumbnailUrl":"https:\/\/www.trustedtranslations.com\/wp-content\/uploads\/2024\/02\/tt-icon_Microsoft-PowerPoint.webp","description":"W\u00e4hlen Sie Trusted Translations f\u00fcr genaue und zeitnahe PowerPoint-\u00dcbersetzungen durch muttersprachliche Experten. Fordern Sie noch heute ein kostenloses Angebot an.","breadcrumb":{"@id":"https:\/\/www.trustedtranslations.com\/de\/dienstleistungen\/dateiformate\/powerpoint#breadcrumb"},"inLanguage":"de","potentialAction":[{"@type":"ReadAction","target":["https:\/\/www.trustedtranslations.com\/de\/dienstleistungen\/dateiformate\/powerpoint"]}]},{"@type":"ImageObject","inLanguage":"de","@id":"https:\/\/www.trustedtranslations.com\/de\/dienstleistungen\/dateiformate\/powerpoint#primaryimage","url":"https:\/\/www.trustedtranslations.com\/wp-content\/uploads\/2024\/02\/tt-icon_Microsoft-PowerPoint.webp","contentUrl":"https:\/\/www.trustedtranslations.com\/wp-content\/uploads\/2024\/02\/tt-icon_Microsoft-PowerPoint.webp","width":151,"height":151,"caption":"tt icon Microsoft PowerPoint"},{"@type":"BreadcrumbList","@id":"https:\/\/www.trustedtranslations.com\/de\/dienstleistungen\/dateiformate\/powerpoint#breadcrumb","itemListElement":[{"@type":"ListItem","position":1,"name":"Home","item":"https:\/\/www.trustedtranslations.com\/de"},{"@type":"ListItem","position":2,"name":"Dienstleistungen","item":"https:\/\/www.trustedtranslations.com\/de\/dienstleistungen"},{"@type":"ListItem","position":3,"name":"Dateiformate","item":"https:\/\/www.trustedtranslations.com\/de\/dienstleistungen\/dateiformate"},{"@type":"ListItem","position":4,"name":"Microsoft PowerPoint"}]},{"@type":"WebSite","@id":"https:\/\/www.trustedtranslations.com\/de\/#website","url":"https:\/\/www.trustedtranslations.com\/de\/","name":"Trusted Translations, Inc.","description":"Leader in translation and interpretation services.","publisher":{"@id":"https:\/\/www.trustedtranslations.com\/de\/#organization"},"alternateName":"Trusted Translations","potentialAction":[{"@type":"SearchAction","target":{"@type":"EntryPoint","urlTemplate":"https:\/\/www.trustedtranslations.com\/de\/?s={search_term_string}"},"query-input":{"@type":"PropertyValueSpecification","valueRequired":true,"valueName":"search_term_string"}}],"inLanguage":"de"},{"@type":"Organization","@id":"https:\/\/www.trustedtranslations.com\/de\/#organization","name":"Trusted Translations","alternateName":"Trusted Translations, Inc.","url":"https:\/\/www.trustedtranslations.com\/de\/","logo":{"@type":"ImageObject","inLanguage":"de","@id":"https:\/\/www.trustedtranslations.com\/de\/#\/schema\/logo\/image\/","url":"https:\/\/static.trustedtranslations.com\/wp-content\/uploads\/2022\/01\/TT_logo_WSIColors-2.png","contentUrl":"https:\/\/static.trustedtranslations.com\/wp-content\/uploads\/2022\/01\/TT_logo_WSIColors-2.png","width":500,"height":196,"caption":"Trusted Translations"},"image":{"@id":"https:\/\/www.trustedtranslations.com\/de\/#\/schema\/logo\/image\/"},"sameAs":["https:\/\/www.facebook.com\/Trusted.Translations","https:\/\/x.com\/TrustedT9ns","https:\/\/www.linkedin.com\/company\/trusted-translations"]}]}},"toolset-meta":{"dyk":{"mensaje-1":{"type":"textfield","raw":"Wir bieten Ihnen PowerPoint-\u00dcbersetzungen, die konsistent mit dem urspr\u00fcnglichen Layout sind."},"mensaje-2":{"type":"textfield","raw":"Wir bieten Ihnen mehrsprachige PowerPoint-Pr\u00e4sentationen in \u00fcber 200 Sprachen."},"mensaje-3":{"type":"textfield","raw":""},"mensaje-4":{"type":"textfield","raw":"Wir stellen sicher, dass alle eingebetteten Bilder wie in der urspr\u00fcnglichen Powerpoint-Datei aussehen."},"mensaje-5":{"type":"textfield","raw":""},"mensaje-6":{"type":"textfield","raw":""}},"single-page-template-fields":{"imgs-temp":{"type":"image","raw":["https:\/\/static.trustedtranslations.com\/wp-content\/uploads\/2024\/06\/powerpoint-1.webp"],"repeatable":[{"raw":"https:\/\/static.trustedtranslations.com\/wp-content\/uploads\/2024\/06\/powerpoint-1.webp"}]},"imgs-temp-cel":{"type":"image","raw":[""],"repeatable":[{"raw":""}]},"img-temp-one-cel":{"type":"image","raw":"https:\/\/static.trustedtranslations.com\/wp-content\/uploads\/2024\/06\/ppt-1.webp","attachment_id":null},"quotes":{"type":"textarea","raw":"<h1 style=\"margin-bottom: 12px;\">\u00dcbersetzungsdienstleistungen f\u00fcr Microsoft PowerPoint<\/h1>\r\nWenn es um professionelle Pr\u00e4sentationen geht, ist PowerPoint seit langem eines der am meisten genutzten und wirkungsvollsten Programme auf dem Markt. Mit der zunehmenden Integration von mehr Medien und eingebetteten Pr\u00e4sentationselementen kann die \u00dcbersetzung von Pr\u00e4sentationen recht komplex sein. <em><em><em>Trusted Translations<\/em><\/em><\/em> kennt sich mit diesem beliebten Format bestens aus und liefert Ihnen eine \u00fcbersetzte PowerPoint-Datei, die der Formatierung und Funktionalit\u00e4t des urspr\u00fcnglichen Quelldokuments entspricht.\r\n<div style=\"margin-top: 2.5vw;\"><a class=\"tt-btn-main-cta\" href=\"\/de\/angebot\">KOSTENLOSEN KOSTENVORANSCHLAG ANFORDERN<\/a><\/div>"},"text-1":{"type":"textarea","raw":"<h2>Besonderheiten der PowerPoint-\u00dcbersetzung<\/h2>\r\nPowerPoint-Dateien haben sich dahingehend weiterentwickelt, dass sie aufw\u00e4ndigere Medien und Designs enthalten. Es gibt also viel mehr Faktoren zu ber\u00fccksichtigen als nur den Text des Dokuments, z. B. eingebettete Bilder, Textfelder mit speziellen Gr\u00f6\u00dfen, Excel-Tabellen und pers\u00f6nliche Fu\u00dfnoten an jeder Folie, die nicht in der endg\u00fcltigen Pr\u00e4sentation vorhanden sind.\r\nTrusted Translations ber\u00fccksichtigt all diese Details bei der \u00dcbersetzung eines PowerPoint-Dokuments und stellt sicher, dass das Endprodukt, das Sie erhalten, sauber und ausgefeilt ist und mit dem Layout des Ausgangsdokuments \u00fcbereinstimmt.\r\n<h2>Desktop Publishing (DTP) f\u00fcr PowerPoint-Pr\u00e4sentationen<\/h2>\r\n<img class=\"wp-image-134419 alignleft\" src=\"https:\/\/static.trustedtranslations.com\/wp-content\/uploads\/2022\/03\/ppt-1-300x200.jpg\" alt=\"\" width=\"500\" height=\"333\" \/>\r\n\r\nEine PowerPoint-Pr\u00e4sentation ist von Natur aus ein sehr visuelles Dokument, das je nach grafischer Gestaltung sowie Position und Gr\u00f6\u00dfe des Textes erheblich variieren kann. \u00dcbersetzte PowerPoint-Dateien erfordern fast immer Desktop-Publishing, einen Prozess, bei dem das Design ge\u00e4ndert wird, um den \u00fcbersetzten Text aufzunehmen. Beispielsweise enth\u00e4lt ein vom Englischen ins Spanische \u00fcbersetzter Text normalerweise 20% mehr W\u00f6rter, um die gleiche Bedeutung zu vermitteln. Dieser \u201eerweiterte\u201c Text passt m\u00f6glicherweise nicht so gut in das Textfeld wie das Original. Das interne Desktop-Publishing-Expertenteam von <em><em><em>Trusted Translations<\/em><\/em><\/em> stellt sicher, dass der Zieltext auf nat\u00fcrliche und \u00fcbersichtliche Weise in das Textfeld passt.\r\n\r\nUnser Desktop-Publishing-Team stellt au\u00dferdem sicher, dass alle Ihre eingebetteten Bilder intakt bleiben und zusammen mit allen anderen Inhalten in den Rahmen der PowerPoint-Folien passen. Das DTP-Team von <em><em><em>Trusted Translations<\/em><\/em><\/em> unternimmt sogar den zus\u00e4tzlichen Schritt, jeden Text in den eingebetteten Bildern zu \u00fcbersetzen und diese so zu gestalten, dass sie aussehen, als w\u00e4ren sie die Originalbilder. Diese zus\u00e4tzliche Arbeit spart Ihnen Zeit, denn wir liefern Ihnen ein pr\u00e4sentationsfertiges Endprodukt."},"shortcode-map":{"type":"textfield","raw":""},"dyk-shortcode":{"type":"textfield","raw":"[elementor-template id=\"146647\"]"},"text-2":{"type":"textarea","raw":"<h2>Powerpoint f\u00fcr ein bestimmtes Publikum \u00fcbersetzen<\/h2>\r\n<img class=\"wp-image-134431 alignright\" src=\"https:\/\/static.trustedtranslations.com\/wp-content\/uploads\/2022\/03\/ppt-300x200.jpg\" alt=\"\" width=\"500\" height=\"334\" \/>\r\n\r\nBei Trusted Translations wissen wir, wie wichtig es ist, Ihr Publikum zu kennen und Ihre Dienstleistungen an die Unterschiede in bestimmten M\u00e4rkten anzupassen. Aus diesem Grund bieten wir die am besten \u00fcbersetzten PowerPoint-Pr\u00e4sentationen an, die auch an bestimmte Zielgruppen angepasst sind. Wir arbeiten mit \u00dcbersetzern zusammen, die nicht nur Experten in bestimmten Branchen, sondern auch Spezialisten f\u00fcr lokalisierte \u00dcbersetzungen sind.\r\n\r\nWenn Sie eine zielgruppenspezifische \u00dcbersetzung anfordern, bietet Ihnen Trusted Translations die branchenweit hochwertigste \u00dcbersetzung von PowerPoint-Pr\u00e4sentationen. Wenn Sie Trusted Translations mit der \u00dcbersetzung Ihrer PowerPoint-Pr\u00e4sentation beauftragen, erhalten Sie nicht nur eine professionelle \u00dcbersetzung von h\u00f6chster Qualit\u00e4t, sondern auch ein Endprodukt, das dem urspr\u00fcnglichen Layout entspricht und sofort einsatzbereit ist."},"state":{"type":"textfield","raw":""},"city":{"type":"textarea","raw":[]}}},"_links":{"self":[{"href":"https:\/\/www.trustedtranslations.com\/de\/wp-json\/wp\/v2\/pages\/129421","targetHints":{"allow":["GET"]}}],"collection":[{"href":"https:\/\/www.trustedtranslations.com\/de\/wp-json\/wp\/v2\/pages"}],"about":[{"href":"https:\/\/www.trustedtranslations.com\/de\/wp-json\/wp\/v2\/types\/page"}],"author":[{"embeddable":true,"href":"https:\/\/www.trustedtranslations.com\/de\/wp-json\/wp\/v2\/users\/1"}],"replies":[{"embeddable":true,"href":"https:\/\/www.trustedtranslations.com\/de\/wp-json\/wp\/v2\/comments?post=129421"}],"version-history":[{"count":0,"href":"https:\/\/www.trustedtranslations.com\/de\/wp-json\/wp\/v2\/pages\/129421\/revisions"}],"up":[{"embeddable":true,"href":"https:\/\/www.trustedtranslations.com\/de\/wp-json\/wp\/v2\/pages\/129442"}],"wp:featuredmedia":[{"embeddable":true,"href":"https:\/\/www.trustedtranslations.com\/de\/wp-json\/wp\/v2\/media\/238095"}],"wp:attachment":[{"href":"https:\/\/www.trustedtranslations.com\/de\/wp-json\/wp\/v2\/media?parent=129421"}],"curies":[{"name":"wp","href":"https:\/\/api.w.org\/{rel}","templated":true}]}}