{"id":129425,"date":"2018-11-13T18:21:39","date_gmt":"2018-11-13T18:21:39","guid":{"rendered":"https:\/\/www.trustedtranslations.com\/?page_id=129425"},"modified":"2024-09-02T18:33:59","modified_gmt":"2024-09-02T21:33:59","slug":"lectora","status":"publish","type":"page","link":"https:\/\/www.trustedtranslations.com\/de\/dienstleistungen\/dateiformate\/lectora","title":{"rendered":"Lectora"},"content":{"rendered":"","protected":false},"excerpt":{"rendered":"","protected":false},"author":1,"featured_media":238249,"parent":129442,"menu_order":13,"comment_status":"closed","ping_status":"closed","template":"","meta":{"site-sidebar-layout":"default","site-content-layout":"default","ast-site-content-layout":"default","site-content-style":"default","site-sidebar-style":"default","ast-global-header-display":"","ast-banner-title-visibility":"","ast-main-header-display":"","ast-hfb-above-header-display":"","ast-hfb-below-header-display":"","ast-hfb-mobile-header-display":"","site-post-title":"disabled","ast-breadcrumbs-content":"","ast-featured-img":"","footer-sml-layout":"","ast-disable-related-posts":"","theme-transparent-header-meta":"default","adv-header-id-meta":"","stick-header-meta":"","header-above-stick-meta":"","header-main-stick-meta":"","header-below-stick-meta":"","astra-migrate-meta-layouts":"set","ast-page-background-enabled":"default","ast-page-background-meta":{"desktop":{"background-color":"var(--ast-global-color-4)","background-image":"","background-repeat":"repeat","background-position":"center center","background-size":"auto","background-attachment":"scroll","background-type":"","background-media":"","overlay-type":"","overlay-color":"","overlay-opacity":"","overlay-gradient":""},"tablet":{"background-color":"","background-image":"","background-repeat":"repeat","background-position":"center center","background-size":"auto","background-attachment":"scroll","background-type":"","background-media":"","overlay-type":"","overlay-color":"","overlay-opacity":"","overlay-gradient":""},"mobile":{"background-color":"","background-image":"","background-repeat":"repeat","background-position":"center center","background-size":"auto","background-attachment":"scroll","background-type":"","background-media":"","overlay-type":"","overlay-color":"","overlay-opacity":"","overlay-gradient":""}},"ast-content-background-meta":{"desktop":{"background-color":"var(--ast-global-color-5)","background-image":"","background-repeat":"repeat","background-position":"center center","background-size":"auto","background-attachment":"scroll","background-type":"","background-media":"","overlay-type":"","overlay-color":"","overlay-opacity":"","overlay-gradient":""},"tablet":{"background-color":"var(--ast-global-color-5)","background-image":"","background-repeat":"repeat","background-position":"center center","background-size":"auto","background-attachment":"scroll","background-type":"","background-media":"","overlay-type":"","overlay-color":"","overlay-opacity":"","overlay-gradient":""},"mobile":{"background-color":"var(--ast-global-color-5)","background-image":"","background-repeat":"repeat","background-position":"center center","background-size":"auto","background-attachment":"scroll","background-type":"","background-media":"","overlay-type":"","overlay-color":"","overlay-opacity":"","overlay-gradient":""}},"footnotes":""},"class_list":["post-129425","page","type-page","status-publish","has-post-thumbnail","hentry"],"yoast_head":"<!-- This site is optimized with the Yoast SEO plugin v27.5 - https:\/\/yoast.com\/product\/yoast-seo-wordpress\/ -->\n<title>Lectora-\u00dcbersetzungsdienstleistungen \u2013 Trusted Translations, Inc.<\/title>\n<meta name=\"description\" content=\"Bei Trusted Translations sind wir uns der Bedeutung von Lectora-\u00dcbersetzungen zur Erleichterung des E-Learnings und wiederum das Erreichen eines breiteren Publikums bewusst.\" \/>\n<meta name=\"robots\" content=\"index, follow, max-snippet:-1, max-image-preview:large, max-video-preview:-1\" \/>\n<link rel=\"canonical\" href=\"https:\/\/www.trustedtranslations.com\/de\/dienstleistungen\/dateiformate\/lectora\" \/>\n<meta property=\"og:locale\" content=\"de_DE\" \/>\n<meta property=\"og:type\" content=\"article\" \/>\n<meta property=\"og:title\" content=\"Lectora-\u00dcbersetzungsdienstleistungen \u2013 Trusted Translations, Inc.\" \/>\n<meta property=\"og:description\" content=\"Bei Trusted Translations sind wir uns der Bedeutung von Lectora-\u00dcbersetzungen zur Erleichterung des E-Learnings und wiederum das Erreichen eines breiteren Publikums bewusst.\" \/>\n<meta property=\"og:url\" content=\"https:\/\/www.trustedtranslations.com\/de\/dienstleistungen\/dateiformate\/lectora\" \/>\n<meta property=\"og:site_name\" content=\"Trusted Translations, Inc.\" \/>\n<meta property=\"article:publisher\" content=\"https:\/\/www.facebook.com\/Trusted.Translations\" \/>\n<meta property=\"article:modified_time\" content=\"2024-09-02T21:33:59+00:00\" \/>\n<meta property=\"og:image\" content=\"https:\/\/static.trustedtranslations.com\/wp-content\/uploads\/2024\/02\/tt-icon_Lectora-Translation-Serv.webp\" \/>\n\t<meta property=\"og:image:width\" content=\"151\" \/>\n\t<meta property=\"og:image:height\" content=\"151\" \/>\n\t<meta property=\"og:image:type\" content=\"image\/webp\" \/>\n<meta name=\"twitter:card\" content=\"summary_large_image\" \/>\n<meta name=\"twitter:site\" content=\"@TrustedT9ns\" \/>\n<script type=\"application\/ld+json\" class=\"yoast-schema-graph\">{\"@context\":\"https:\\\/\\\/schema.org\",\"@graph\":[{\"@type\":\"WebPage\",\"@id\":\"https:\\\/\\\/www.trustedtranslations.com\\\/de\\\/dienstleistungen\\\/dateiformate\\\/lectora\",\"url\":\"https:\\\/\\\/www.trustedtranslations.com\\\/de\\\/dienstleistungen\\\/dateiformate\\\/lectora\",\"name\":\"Lectora-\u00dcbersetzungsdienstleistungen \u2013 Trusted Translations, Inc.\",\"isPartOf\":{\"@id\":\"https:\\\/\\\/www.trustedtranslations.com\\\/de\\\/#website\"},\"primaryImageOfPage\":{\"@id\":\"https:\\\/\\\/www.trustedtranslations.com\\\/de\\\/dienstleistungen\\\/dateiformate\\\/lectora#primaryimage\"},\"image\":{\"@id\":\"https:\\\/\\\/www.trustedtranslations.com\\\/de\\\/dienstleistungen\\\/dateiformate\\\/lectora#primaryimage\"},\"thumbnailUrl\":\"https:\\\/\\\/www.trustedtranslations.com\\\/wp-content\\\/uploads\\\/2024\\\/02\\\/tt-icon_Lectora-Translation-Serv.webp\",\"description\":\"Bei Trusted Translations sind wir uns der Bedeutung von Lectora-\u00dcbersetzungen zur Erleichterung des E-Learnings und wiederum das Erreichen eines breiteren Publikums bewusst.\",\"breadcrumb\":{\"@id\":\"https:\\\/\\\/www.trustedtranslations.com\\\/de\\\/dienstleistungen\\\/dateiformate\\\/lectora#breadcrumb\"},\"inLanguage\":\"de\",\"potentialAction\":[{\"@type\":\"ReadAction\",\"target\":[\"https:\\\/\\\/www.trustedtranslations.com\\\/de\\\/dienstleistungen\\\/dateiformate\\\/lectora\"]}]},{\"@type\":\"ImageObject\",\"inLanguage\":\"de\",\"@id\":\"https:\\\/\\\/www.trustedtranslations.com\\\/de\\\/dienstleistungen\\\/dateiformate\\\/lectora#primaryimage\",\"url\":\"https:\\\/\\\/www.trustedtranslations.com\\\/wp-content\\\/uploads\\\/2024\\\/02\\\/tt-icon_Lectora-Translation-Serv.webp\",\"contentUrl\":\"https:\\\/\\\/www.trustedtranslations.com\\\/wp-content\\\/uploads\\\/2024\\\/02\\\/tt-icon_Lectora-Translation-Serv.webp\",\"width\":151,\"height\":151,\"caption\":\"tt icon Lectora Translation Serv\"},{\"@type\":\"BreadcrumbList\",\"@id\":\"https:\\\/\\\/www.trustedtranslations.com\\\/de\\\/dienstleistungen\\\/dateiformate\\\/lectora#breadcrumb\",\"itemListElement\":[{\"@type\":\"ListItem\",\"position\":1,\"name\":\"Home\",\"item\":\"https:\\\/\\\/www.trustedtranslations.com\\\/de\"},{\"@type\":\"ListItem\",\"position\":2,\"name\":\"Dienstleistungen\",\"item\":\"https:\\\/\\\/www.trustedtranslations.com\\\/de\\\/dienstleistungen\"},{\"@type\":\"ListItem\",\"position\":3,\"name\":\"Dateiformate\",\"item\":\"https:\\\/\\\/www.trustedtranslations.com\\\/de\\\/dienstleistungen\\\/dateiformate\"},{\"@type\":\"ListItem\",\"position\":4,\"name\":\"Lectora\"}]},{\"@type\":\"WebSite\",\"@id\":\"https:\\\/\\\/www.trustedtranslations.com\\\/de\\\/#website\",\"url\":\"https:\\\/\\\/www.trustedtranslations.com\\\/de\\\/\",\"name\":\"Trusted Translations, Inc.\",\"description\":\"Leader in translation and interpretation services.\",\"publisher\":{\"@id\":\"https:\\\/\\\/www.trustedtranslations.com\\\/de\\\/#organization\"},\"alternateName\":\"Trusted Translations\",\"potentialAction\":[{\"@type\":\"SearchAction\",\"target\":{\"@type\":\"EntryPoint\",\"urlTemplate\":\"https:\\\/\\\/www.trustedtranslations.com\\\/de\\\/?s={search_term_string}\"},\"query-input\":{\"@type\":\"PropertyValueSpecification\",\"valueRequired\":true,\"valueName\":\"search_term_string\"}}],\"inLanguage\":\"de\"},{\"@type\":\"Organization\",\"@id\":\"https:\\\/\\\/www.trustedtranslations.com\\\/de\\\/#organization\",\"name\":\"Trusted Translations\",\"alternateName\":\"Trusted Translations, Inc.\",\"url\":\"https:\\\/\\\/www.trustedtranslations.com\\\/de\\\/\",\"logo\":{\"@type\":\"ImageObject\",\"inLanguage\":\"de\",\"@id\":\"https:\\\/\\\/www.trustedtranslations.com\\\/de\\\/#\\\/schema\\\/logo\\\/image\\\/\",\"url\":\"https:\\\/\\\/static.trustedtranslations.com\\\/wp-content\\\/uploads\\\/2022\\\/01\\\/TT_logo_WSIColors-2.png\",\"contentUrl\":\"https:\\\/\\\/static.trustedtranslations.com\\\/wp-content\\\/uploads\\\/2022\\\/01\\\/TT_logo_WSIColors-2.png\",\"width\":500,\"height\":196,\"caption\":\"Trusted Translations\"},\"image\":{\"@id\":\"https:\\\/\\\/www.trustedtranslations.com\\\/de\\\/#\\\/schema\\\/logo\\\/image\\\/\"},\"sameAs\":[\"https:\\\/\\\/www.facebook.com\\\/Trusted.Translations\",\"https:\\\/\\\/x.com\\\/TrustedT9ns\",\"https:\\\/\\\/www.linkedin.com\\\/company\\\/trusted-translations\"]}]}<\/script>\n<!-- \/ Yoast SEO plugin. -->","yoast_head_json":{"title":"Lectora-\u00dcbersetzungsdienstleistungen \u2013 Trusted Translations, Inc.","description":"Bei Trusted Translations sind wir uns der Bedeutung von Lectora-\u00dcbersetzungen zur Erleichterung des E-Learnings und wiederum das Erreichen eines breiteren Publikums bewusst.","robots":{"index":"index","follow":"follow","max-snippet":"max-snippet:-1","max-image-preview":"max-image-preview:large","max-video-preview":"max-video-preview:-1"},"canonical":"https:\/\/www.trustedtranslations.com\/de\/dienstleistungen\/dateiformate\/lectora","og_locale":"de_DE","og_type":"article","og_title":"Lectora-\u00dcbersetzungsdienstleistungen \u2013 Trusted Translations, Inc.","og_description":"Bei Trusted Translations sind wir uns der Bedeutung von Lectora-\u00dcbersetzungen zur Erleichterung des E-Learnings und wiederum das Erreichen eines breiteren Publikums bewusst.","og_url":"https:\/\/www.trustedtranslations.com\/de\/dienstleistungen\/dateiformate\/lectora","og_site_name":"Trusted Translations, Inc.","article_publisher":"https:\/\/www.facebook.com\/Trusted.Translations","article_modified_time":"2024-09-02T21:33:59+00:00","og_image":[{"width":151,"height":151,"url":"https:\/\/static.trustedtranslations.com\/wp-content\/uploads\/2024\/02\/tt-icon_Lectora-Translation-Serv.webp","type":"image\/webp"}],"twitter_card":"summary_large_image","twitter_site":"@TrustedT9ns","schema":{"@context":"https:\/\/schema.org","@graph":[{"@type":"WebPage","@id":"https:\/\/www.trustedtranslations.com\/de\/dienstleistungen\/dateiformate\/lectora","url":"https:\/\/www.trustedtranslations.com\/de\/dienstleistungen\/dateiformate\/lectora","name":"Lectora-\u00dcbersetzungsdienstleistungen \u2013 Trusted Translations, Inc.","isPartOf":{"@id":"https:\/\/www.trustedtranslations.com\/de\/#website"},"primaryImageOfPage":{"@id":"https:\/\/www.trustedtranslations.com\/de\/dienstleistungen\/dateiformate\/lectora#primaryimage"},"image":{"@id":"https:\/\/www.trustedtranslations.com\/de\/dienstleistungen\/dateiformate\/lectora#primaryimage"},"thumbnailUrl":"https:\/\/www.trustedtranslations.com\/wp-content\/uploads\/2024\/02\/tt-icon_Lectora-Translation-Serv.webp","description":"Bei Trusted Translations sind wir uns der Bedeutung von Lectora-\u00dcbersetzungen zur Erleichterung des E-Learnings und wiederum das Erreichen eines breiteren Publikums bewusst.","breadcrumb":{"@id":"https:\/\/www.trustedtranslations.com\/de\/dienstleistungen\/dateiformate\/lectora#breadcrumb"},"inLanguage":"de","potentialAction":[{"@type":"ReadAction","target":["https:\/\/www.trustedtranslations.com\/de\/dienstleistungen\/dateiformate\/lectora"]}]},{"@type":"ImageObject","inLanguage":"de","@id":"https:\/\/www.trustedtranslations.com\/de\/dienstleistungen\/dateiformate\/lectora#primaryimage","url":"https:\/\/www.trustedtranslations.com\/wp-content\/uploads\/2024\/02\/tt-icon_Lectora-Translation-Serv.webp","contentUrl":"https:\/\/www.trustedtranslations.com\/wp-content\/uploads\/2024\/02\/tt-icon_Lectora-Translation-Serv.webp","width":151,"height":151,"caption":"tt icon Lectora Translation Serv"},{"@type":"BreadcrumbList","@id":"https:\/\/www.trustedtranslations.com\/de\/dienstleistungen\/dateiformate\/lectora#breadcrumb","itemListElement":[{"@type":"ListItem","position":1,"name":"Home","item":"https:\/\/www.trustedtranslations.com\/de"},{"@type":"ListItem","position":2,"name":"Dienstleistungen","item":"https:\/\/www.trustedtranslations.com\/de\/dienstleistungen"},{"@type":"ListItem","position":3,"name":"Dateiformate","item":"https:\/\/www.trustedtranslations.com\/de\/dienstleistungen\/dateiformate"},{"@type":"ListItem","position":4,"name":"Lectora"}]},{"@type":"WebSite","@id":"https:\/\/www.trustedtranslations.com\/de\/#website","url":"https:\/\/www.trustedtranslations.com\/de\/","name":"Trusted Translations, Inc.","description":"Leader in translation and interpretation services.","publisher":{"@id":"https:\/\/www.trustedtranslations.com\/de\/#organization"},"alternateName":"Trusted Translations","potentialAction":[{"@type":"SearchAction","target":{"@type":"EntryPoint","urlTemplate":"https:\/\/www.trustedtranslations.com\/de\/?s={search_term_string}"},"query-input":{"@type":"PropertyValueSpecification","valueRequired":true,"valueName":"search_term_string"}}],"inLanguage":"de"},{"@type":"Organization","@id":"https:\/\/www.trustedtranslations.com\/de\/#organization","name":"Trusted Translations","alternateName":"Trusted Translations, Inc.","url":"https:\/\/www.trustedtranslations.com\/de\/","logo":{"@type":"ImageObject","inLanguage":"de","@id":"https:\/\/www.trustedtranslations.com\/de\/#\/schema\/logo\/image\/","url":"https:\/\/static.trustedtranslations.com\/wp-content\/uploads\/2022\/01\/TT_logo_WSIColors-2.png","contentUrl":"https:\/\/static.trustedtranslations.com\/wp-content\/uploads\/2022\/01\/TT_logo_WSIColors-2.png","width":500,"height":196,"caption":"Trusted Translations"},"image":{"@id":"https:\/\/www.trustedtranslations.com\/de\/#\/schema\/logo\/image\/"},"sameAs":["https:\/\/www.facebook.com\/Trusted.Translations","https:\/\/x.com\/TrustedT9ns","https:\/\/www.linkedin.com\/company\/trusted-translations"]}]}},"toolset-meta":{"dyk":{"mensaje-1":{"type":"textfield","raw":"Wir bieten Ihnen fachgerechte \u00dcbersetzungen von Webinaren, Kurzanleitungen und Blog-Tutorials."},"mensaje-2":{"type":"textfield","raw":"Wir verstehen, dass Online-Bildung ein dynamischer und interaktiver Prozess ist."},"mensaje-3":{"type":"textfield","raw":"Verwandeln Sie Ihre PowerPoint-Pr\u00e4sentationen in einen E-Learning-Kurs mit Hilfe von Lectora."},"mensaje-4":{"type":"textfield","raw":"Wir werden Ihnen dabei helfen, eine konkrete Zielgruppe anzusprechen und Ihren Kreis an E-Learnern zu erweitern."},"mensaje-5":{"type":"textfield","raw":""},"mensaje-6":{"type":"textfield","raw":""}},"single-page-template-fields":{"imgs-temp":{"type":"image","raw":["https:\/\/static.trustedtranslations.com\/wp-content\/uploads\/2024\/06\/lectora-final-1-1.webp"],"repeatable":[{"raw":"https:\/\/static.trustedtranslations.com\/wp-content\/uploads\/2024\/06\/lectora-final-1-1.webp"}]},"imgs-temp-cel":{"type":"image","raw":[""],"repeatable":[{"raw":""}]},"img-temp-one-cel":{"type":"image","raw":"https:\/\/static.trustedtranslations.com\/wp-content\/uploads\/2024\/03\/AdobeStock_385542563-2-1.webp","attachment_id":null},"quotes":{"type":"textarea","raw":"<h1 style=\"margin-bottom: 12px;\">Lectora-\u00dcbersetzungsdienste<\/h1><p>Die unbestreitbare Bedeutung der Online-Schulung war noch niemals so offensichtlich seit der Einf\u00fchrung von neuen E-Learning-Plattformen wie Lectora. Bei Trusted Translations sind wir uns der Bedeutung dieser Plattformen sowie unserem Ziel, das e-Learning zu erleichtern und ein breiteres Publikum durch die \u00dcbersetzung zu erreichen, bewusst.<\/p><div style=\"margin-top: 2.5vw;\"><a class=\"tt-btn-main-cta\" href=\"\/de\/angebot\">KOSTENLOSEN KOSTENVORANSCHLAG ANFORDERN<\/a><\/div>"},"text-1":{"type":"textarea","raw":"<h2>Schnelle und genaue \u00dcbersetzung f\u00fcr Webinare, Kurse und Tutorials<\/h2>\r\nUnser Expertenteam an \u00dcbersetzern, Editoren und Desktop-Publishern wird sicherstellen, dass Ihre Botschaft genau und ordnungsgem\u00e4\u00df \u00fcbersetzt und nahtlos gestaltet wird, um Ihre Zielgruppe zu erreichen. Ungeachtet, ob Sie ein Webinar, eine Kurzanleitung oder ein Blog-Tutorial \u00fcbersetzen m\u00f6chten, ist\u00a0<em>Trusted Translations<\/em>\u00a0Ihre beste Wahl f\u00fcr schnelle und genaue \u00dcbersetzungen.\r\n<h2>Prozess der Lectora-\u00dcbersetzung<\/h2>\r\nBei\u00a0<em>Trusted Translations<\/em>\u00a0sind wir uns bewusst, dass Schulung ein dynamischer und interaktiver Vorgang ist und dass w\u00e4hrend des \u00dcbersetzungsprozesses viele Elemente ber\u00fccksichtigt werden m\u00fcssen. Ein Dateiformat wie Lectora kann aufgrund der Tatsache, dass es h\u00e4ufig viele eingebettete Elemente enth\u00e4lt, ziemlich kompliziert zu \u00fcbersetzen sein. Nach Erhalt des Lectora-\u00dcbersetzungsprojekts extrahieren wir zuerst die eingebetteten Elemente und deren Text, damit diese mit unseren computergest\u00fctzten \u00dcbersetzungstools (CAT-Tools) kompatibel sind. Hierdurch k\u00f6nnen unsere \u00dcbersetzer eine schnelle und genaue \u00dcbersetzung liefern. Nachdem der Text \u00fcbersetzt wurde, durchl\u00e4uft er einen Post-\u00dcbersetzung-Desktop-Publishing-Schritt, bei dem unser Experten-DTP-Team den \u00fcbersetzten Text wieder in das urspr\u00fcngliche Format eingliedert und das Layout und Design entsprechend anpasst. Unser Expertenteam an branchenspezifischen \u00dcbersetzern wird sicherstellen, dass Ihre urspr\u00fcngliche Botschaft intakt bleibt, w\u00e4hrend unser daf\u00fcr bestimmtes firmeninternes Desktop-Publishing-Team sich vergewissern wird, dass alle Elemente des Layouts und Designs erhalten bleiben."},"shortcode-map":{"type":"textfield","raw":""},"dyk-shortcode":{"type":"textfield","raw":"[elementor-template id=\"146647\"]"},"text-2":{"type":"textarea","raw":"<h2>Umwandlung PowerPoint nach Lectora<\/h2>\r\nLectora ist ein optimales Werkzeug zur Umwandlung einer PowerPoint-Pr\u00e4sentation in einen E-Learning-Kurs. Einer der Vorteile einer Zusammenarbeit mit\u00a0<em>Trusted Translations<\/em>\u00a0ist die Tatsache, dass unser Expertenteam \u00fcber die Fachkenntnis und Ressourcen verf\u00fcgt, um Ihre PowerPoint-Pr\u00e4sentationen in Lectora zu integrieren. Wenn Sie PowerPoint-Folien in Ihr Lectora-Projekt importieren m\u00f6chten, wird unser firmeninternes Desktop-Publishing-Team dabei helfen, eine interaktive und ansprechende E-Learning-Pr\u00e4sentation zu erstellen. Es wird durch unsere branchenspezifischen \u00dcbersetzer nicht nur Ihre PowerPoint-Datei genau \u00fcbersetzten, sondern wird diese durch unser Desktop-Publishing-Team nahtlos in Lectora integrieren, damit es so aussieht, als w\u00e4re sie niemals \u00fcbersetzt worden.\r\n\r\nUngeachtet, ob Sie eine konkrete Zielgruppe ansprechen m\u00f6chten oder einfach Ihren Kreis an E-Learnern erweitern m\u00f6chten, werden die professionellen \u00dcbersetzungsdienste von\u00a0<em>Trusted Translations\u2019<\/em>\u00a0es Ihnen erm\u00f6glichen, die Grenzen der Online-Bildung zu erweitern."},"state":{"type":"textfield","raw":""},"city":{"type":"textarea","raw":[]}}},"_links":{"self":[{"href":"https:\/\/www.trustedtranslations.com\/de\/wp-json\/wp\/v2\/pages\/129425","targetHints":{"allow":["GET"]}}],"collection":[{"href":"https:\/\/www.trustedtranslations.com\/de\/wp-json\/wp\/v2\/pages"}],"about":[{"href":"https:\/\/www.trustedtranslations.com\/de\/wp-json\/wp\/v2\/types\/page"}],"author":[{"embeddable":true,"href":"https:\/\/www.trustedtranslations.com\/de\/wp-json\/wp\/v2\/users\/1"}],"replies":[{"embeddable":true,"href":"https:\/\/www.trustedtranslations.com\/de\/wp-json\/wp\/v2\/comments?post=129425"}],"version-history":[{"count":0,"href":"https:\/\/www.trustedtranslations.com\/de\/wp-json\/wp\/v2\/pages\/129425\/revisions"}],"up":[{"embeddable":true,"href":"https:\/\/www.trustedtranslations.com\/de\/wp-json\/wp\/v2\/pages\/129442"}],"wp:featuredmedia":[{"embeddable":true,"href":"https:\/\/www.trustedtranslations.com\/de\/wp-json\/wp\/v2\/media\/238249"}],"wp:attachment":[{"href":"https:\/\/www.trustedtranslations.com\/de\/wp-json\/wp\/v2\/media?parent=129425"}],"curies":[{"name":"wp","href":"https:\/\/api.w.org\/{rel}","templated":true}]}}