{"id":129426,"date":"2018-11-13T17:57:20","date_gmt":"2018-11-13T17:57:20","guid":{"rendered":"https:\/\/www.trustedtranslations.com\/?page_id=129426"},"modified":"2024-09-02T18:33:21","modified_gmt":"2024-09-02T21:33:21","slug":"abbildungen-und-bilder","status":"publish","type":"page","link":"https:\/\/www.trustedtranslations.com\/de\/dienstleistungen\/dateiformate\/abbildungen-und-bilder","title":{"rendered":"Abbildungen und Bilder"},"content":{"rendered":"","protected":false},"excerpt":{"rendered":"","protected":false},"author":1,"featured_media":238223,"parent":129442,"menu_order":11,"comment_status":"closed","ping_status":"closed","template":"","meta":{"site-sidebar-layout":"default","site-content-layout":"default","ast-site-content-layout":"default","site-content-style":"default","site-sidebar-style":"default","ast-global-header-display":"","ast-banner-title-visibility":"","ast-main-header-display":"","ast-hfb-above-header-display":"","ast-hfb-below-header-display":"","ast-hfb-mobile-header-display":"","site-post-title":"disabled","ast-breadcrumbs-content":"","ast-featured-img":"","footer-sml-layout":"","ast-disable-related-posts":"","theme-transparent-header-meta":"default","adv-header-id-meta":"","stick-header-meta":"","header-above-stick-meta":"","header-main-stick-meta":"","header-below-stick-meta":"","astra-migrate-meta-layouts":"set","ast-page-background-enabled":"default","ast-page-background-meta":{"desktop":{"background-color":"var(--ast-global-color-4)","background-image":"","background-repeat":"repeat","background-position":"center center","background-size":"auto","background-attachment":"scroll","background-type":"","background-media":"","overlay-type":"","overlay-color":"","overlay-opacity":"","overlay-gradient":""},"tablet":{"background-color":"","background-image":"","background-repeat":"repeat","background-position":"center center","background-size":"auto","background-attachment":"scroll","background-type":"","background-media":"","overlay-type":"","overlay-color":"","overlay-opacity":"","overlay-gradient":""},"mobile":{"background-color":"","background-image":"","background-repeat":"repeat","background-position":"center center","background-size":"auto","background-attachment":"scroll","background-type":"","background-media":"","overlay-type":"","overlay-color":"","overlay-opacity":"","overlay-gradient":""}},"ast-content-background-meta":{"desktop":{"background-color":"var(--ast-global-color-5)","background-image":"","background-repeat":"repeat","background-position":"center center","background-size":"auto","background-attachment":"scroll","background-type":"","background-media":"","overlay-type":"","overlay-color":"","overlay-opacity":"","overlay-gradient":""},"tablet":{"background-color":"var(--ast-global-color-5)","background-image":"","background-repeat":"repeat","background-position":"center center","background-size":"auto","background-attachment":"scroll","background-type":"","background-media":"","overlay-type":"","overlay-color":"","overlay-opacity":"","overlay-gradient":""},"mobile":{"background-color":"var(--ast-global-color-5)","background-image":"","background-repeat":"repeat","background-position":"center center","background-size":"auto","background-attachment":"scroll","background-type":"","background-media":"","overlay-type":"","overlay-color":"","overlay-opacity":"","overlay-gradient":""}},"footnotes":""},"class_list":["post-129426","page","type-page","status-publish","has-post-thumbnail","hentry"],"yoast_head":"<!-- This site is optimized with the Yoast SEO plugin v27.3 - https:\/\/yoast.com\/product\/yoast-seo-wordpress\/ -->\n<title>\u00dcbersetzungsdienstleistungen f\u00fcr Illustrationen und Bilder \u2013 Trusted Translations, Inc.<\/title>\n<meta name=\"description\" content=\"Bei Trusted Translations arbeiten wir mit verschiedenen Bilddateiformaten und \u00fcbersetzen alle Ihre Bilder, selbst wenn diese schwierige Grafiken oder ein komplexes Design aufweisen.\" \/>\n<meta name=\"robots\" content=\"index, follow, max-snippet:-1, max-image-preview:large, max-video-preview:-1\" \/>\n<link rel=\"canonical\" href=\"https:\/\/www.trustedtranslations.com\/de\/dienstleistungen\/dateiformate\/abbildungen-und-bilder\" \/>\n<meta property=\"og:locale\" content=\"de_DE\" \/>\n<meta property=\"og:type\" content=\"article\" \/>\n<meta property=\"og:title\" content=\"\u00dcbersetzungsdienstleistungen f\u00fcr Illustrationen und Bilder \u2013 Trusted Translations, Inc.\" \/>\n<meta property=\"og:description\" content=\"Bei Trusted Translations arbeiten wir mit verschiedenen Bilddateiformaten und \u00fcbersetzen alle Ihre Bilder, selbst wenn diese schwierige Grafiken oder ein komplexes Design aufweisen.\" \/>\n<meta property=\"og:url\" content=\"https:\/\/www.trustedtranslations.com\/de\/dienstleistungen\/dateiformate\/abbildungen-und-bilder\" \/>\n<meta property=\"og:site_name\" content=\"Trusted Translations, Inc.\" \/>\n<meta property=\"article:publisher\" content=\"https:\/\/www.facebook.com\/Trusted.Translations\" \/>\n<meta property=\"article:modified_time\" content=\"2024-09-02T21:33:21+00:00\" \/>\n<meta property=\"og:image\" content=\"https:\/\/static.trustedtranslations.com\/wp-content\/uploads\/2024\/02\/tt-icon_Illustrations-and-Image-.webp\" \/>\n\t<meta property=\"og:image:width\" content=\"151\" \/>\n\t<meta property=\"og:image:height\" content=\"151\" \/>\n\t<meta property=\"og:image:type\" content=\"image\/webp\" \/>\n<meta name=\"twitter:card\" content=\"summary_large_image\" \/>\n<meta name=\"twitter:site\" content=\"@TrustedT9ns\" \/>\n<script type=\"application\/ld+json\" class=\"yoast-schema-graph\">{\"@context\":\"https:\\\/\\\/schema.org\",\"@graph\":[{\"@type\":\"WebPage\",\"@id\":\"https:\\\/\\\/www.trustedtranslations.com\\\/de\\\/dienstleistungen\\\/dateiformate\\\/abbildungen-und-bilder\",\"url\":\"https:\\\/\\\/www.trustedtranslations.com\\\/de\\\/dienstleistungen\\\/dateiformate\\\/abbildungen-und-bilder\",\"name\":\"\u00dcbersetzungsdienstleistungen f\u00fcr Illustrationen und Bilder \u2013 Trusted Translations, Inc.\",\"isPartOf\":{\"@id\":\"https:\\\/\\\/www.trustedtranslations.com\\\/de\\\/#website\"},\"primaryImageOfPage\":{\"@id\":\"https:\\\/\\\/www.trustedtranslations.com\\\/de\\\/dienstleistungen\\\/dateiformate\\\/abbildungen-und-bilder#primaryimage\"},\"image\":{\"@id\":\"https:\\\/\\\/www.trustedtranslations.com\\\/de\\\/dienstleistungen\\\/dateiformate\\\/abbildungen-und-bilder#primaryimage\"},\"thumbnailUrl\":\"https:\\\/\\\/www.trustedtranslations.com\\\/wp-content\\\/uploads\\\/2024\\\/02\\\/tt-icon_Illustrations-and-Image-.webp\",\"description\":\"Bei Trusted Translations arbeiten wir mit verschiedenen Bilddateiformaten und \u00fcbersetzen alle Ihre Bilder, selbst wenn diese schwierige Grafiken oder ein komplexes Design aufweisen.\",\"breadcrumb\":{\"@id\":\"https:\\\/\\\/www.trustedtranslations.com\\\/de\\\/dienstleistungen\\\/dateiformate\\\/abbildungen-und-bilder#breadcrumb\"},\"inLanguage\":\"de\",\"potentialAction\":[{\"@type\":\"ReadAction\",\"target\":[\"https:\\\/\\\/www.trustedtranslations.com\\\/de\\\/dienstleistungen\\\/dateiformate\\\/abbildungen-und-bilder\"]}]},{\"@type\":\"ImageObject\",\"inLanguage\":\"de\",\"@id\":\"https:\\\/\\\/www.trustedtranslations.com\\\/de\\\/dienstleistungen\\\/dateiformate\\\/abbildungen-und-bilder#primaryimage\",\"url\":\"https:\\\/\\\/www.trustedtranslations.com\\\/wp-content\\\/uploads\\\/2024\\\/02\\\/tt-icon_Illustrations-and-Image-.webp\",\"contentUrl\":\"https:\\\/\\\/www.trustedtranslations.com\\\/wp-content\\\/uploads\\\/2024\\\/02\\\/tt-icon_Illustrations-and-Image-.webp\",\"width\":151,\"height\":151,\"caption\":\"tt icon Illustrations and Image\"},{\"@type\":\"BreadcrumbList\",\"@id\":\"https:\\\/\\\/www.trustedtranslations.com\\\/de\\\/dienstleistungen\\\/dateiformate\\\/abbildungen-und-bilder#breadcrumb\",\"itemListElement\":[{\"@type\":\"ListItem\",\"position\":1,\"name\":\"Home\",\"item\":\"https:\\\/\\\/www.trustedtranslations.com\\\/de\"},{\"@type\":\"ListItem\",\"position\":2,\"name\":\"Dienstleistungen\",\"item\":\"https:\\\/\\\/www.trustedtranslations.com\\\/de\\\/dienstleistungen\"},{\"@type\":\"ListItem\",\"position\":3,\"name\":\"Dateiformate\",\"item\":\"https:\\\/\\\/www.trustedtranslations.com\\\/de\\\/dienstleistungen\\\/dateiformate\"},{\"@type\":\"ListItem\",\"position\":4,\"name\":\"Abbildungen und Bilder\"}]},{\"@type\":\"WebSite\",\"@id\":\"https:\\\/\\\/www.trustedtranslations.com\\\/de\\\/#website\",\"url\":\"https:\\\/\\\/www.trustedtranslations.com\\\/de\\\/\",\"name\":\"Trusted Translations, Inc.\",\"description\":\"Leader in translation and interpretation services.\",\"publisher\":{\"@id\":\"https:\\\/\\\/www.trustedtranslations.com\\\/de\\\/#organization\"},\"alternateName\":\"Trusted Translations\",\"potentialAction\":[{\"@type\":\"SearchAction\",\"target\":{\"@type\":\"EntryPoint\",\"urlTemplate\":\"https:\\\/\\\/www.trustedtranslations.com\\\/de\\\/?s={search_term_string}\"},\"query-input\":{\"@type\":\"PropertyValueSpecification\",\"valueRequired\":true,\"valueName\":\"search_term_string\"}}],\"inLanguage\":\"de\"},{\"@type\":\"Organization\",\"@id\":\"https:\\\/\\\/www.trustedtranslations.com\\\/de\\\/#organization\",\"name\":\"Trusted Translations\",\"alternateName\":\"Trusted Translations, Inc.\",\"url\":\"https:\\\/\\\/www.trustedtranslations.com\\\/de\\\/\",\"logo\":{\"@type\":\"ImageObject\",\"inLanguage\":\"de\",\"@id\":\"https:\\\/\\\/www.trustedtranslations.com\\\/de\\\/#\\\/schema\\\/logo\\\/image\\\/\",\"url\":\"https:\\\/\\\/static.trustedtranslations.com\\\/wp-content\\\/uploads\\\/2022\\\/01\\\/TT_logo_WSIColors-2.png\",\"contentUrl\":\"https:\\\/\\\/static.trustedtranslations.com\\\/wp-content\\\/uploads\\\/2022\\\/01\\\/TT_logo_WSIColors-2.png\",\"width\":500,\"height\":196,\"caption\":\"Trusted Translations\"},\"image\":{\"@id\":\"https:\\\/\\\/www.trustedtranslations.com\\\/de\\\/#\\\/schema\\\/logo\\\/image\\\/\"},\"sameAs\":[\"https:\\\/\\\/www.facebook.com\\\/Trusted.Translations\",\"https:\\\/\\\/x.com\\\/TrustedT9ns\",\"https:\\\/\\\/www.linkedin.com\\\/company\\\/trusted-translations\"]}]}<\/script>\n<!-- \/ Yoast SEO plugin. -->","yoast_head_json":{"title":"\u00dcbersetzungsdienstleistungen f\u00fcr Illustrationen und Bilder \u2013 Trusted Translations, Inc.","description":"Bei Trusted Translations arbeiten wir mit verschiedenen Bilddateiformaten und \u00fcbersetzen alle Ihre Bilder, selbst wenn diese schwierige Grafiken oder ein komplexes Design aufweisen.","robots":{"index":"index","follow":"follow","max-snippet":"max-snippet:-1","max-image-preview":"max-image-preview:large","max-video-preview":"max-video-preview:-1"},"canonical":"https:\/\/www.trustedtranslations.com\/de\/dienstleistungen\/dateiformate\/abbildungen-und-bilder","og_locale":"de_DE","og_type":"article","og_title":"\u00dcbersetzungsdienstleistungen f\u00fcr Illustrationen und Bilder \u2013 Trusted Translations, Inc.","og_description":"Bei Trusted Translations arbeiten wir mit verschiedenen Bilddateiformaten und \u00fcbersetzen alle Ihre Bilder, selbst wenn diese schwierige Grafiken oder ein komplexes Design aufweisen.","og_url":"https:\/\/www.trustedtranslations.com\/de\/dienstleistungen\/dateiformate\/abbildungen-und-bilder","og_site_name":"Trusted Translations, Inc.","article_publisher":"https:\/\/www.facebook.com\/Trusted.Translations","article_modified_time":"2024-09-02T21:33:21+00:00","og_image":[{"width":151,"height":151,"url":"https:\/\/static.trustedtranslations.com\/wp-content\/uploads\/2024\/02\/tt-icon_Illustrations-and-Image-.webp","type":"image\/webp"}],"twitter_card":"summary_large_image","twitter_site":"@TrustedT9ns","schema":{"@context":"https:\/\/schema.org","@graph":[{"@type":"WebPage","@id":"https:\/\/www.trustedtranslations.com\/de\/dienstleistungen\/dateiformate\/abbildungen-und-bilder","url":"https:\/\/www.trustedtranslations.com\/de\/dienstleistungen\/dateiformate\/abbildungen-und-bilder","name":"\u00dcbersetzungsdienstleistungen f\u00fcr Illustrationen und Bilder \u2013 Trusted Translations, Inc.","isPartOf":{"@id":"https:\/\/www.trustedtranslations.com\/de\/#website"},"primaryImageOfPage":{"@id":"https:\/\/www.trustedtranslations.com\/de\/dienstleistungen\/dateiformate\/abbildungen-und-bilder#primaryimage"},"image":{"@id":"https:\/\/www.trustedtranslations.com\/de\/dienstleistungen\/dateiformate\/abbildungen-und-bilder#primaryimage"},"thumbnailUrl":"https:\/\/www.trustedtranslations.com\/wp-content\/uploads\/2024\/02\/tt-icon_Illustrations-and-Image-.webp","description":"Bei Trusted Translations arbeiten wir mit verschiedenen Bilddateiformaten und \u00fcbersetzen alle Ihre Bilder, selbst wenn diese schwierige Grafiken oder ein komplexes Design aufweisen.","breadcrumb":{"@id":"https:\/\/www.trustedtranslations.com\/de\/dienstleistungen\/dateiformate\/abbildungen-und-bilder#breadcrumb"},"inLanguage":"de","potentialAction":[{"@type":"ReadAction","target":["https:\/\/www.trustedtranslations.com\/de\/dienstleistungen\/dateiformate\/abbildungen-und-bilder"]}]},{"@type":"ImageObject","inLanguage":"de","@id":"https:\/\/www.trustedtranslations.com\/de\/dienstleistungen\/dateiformate\/abbildungen-und-bilder#primaryimage","url":"https:\/\/www.trustedtranslations.com\/wp-content\/uploads\/2024\/02\/tt-icon_Illustrations-and-Image-.webp","contentUrl":"https:\/\/www.trustedtranslations.com\/wp-content\/uploads\/2024\/02\/tt-icon_Illustrations-and-Image-.webp","width":151,"height":151,"caption":"tt icon Illustrations and Image"},{"@type":"BreadcrumbList","@id":"https:\/\/www.trustedtranslations.com\/de\/dienstleistungen\/dateiformate\/abbildungen-und-bilder#breadcrumb","itemListElement":[{"@type":"ListItem","position":1,"name":"Home","item":"https:\/\/www.trustedtranslations.com\/de"},{"@type":"ListItem","position":2,"name":"Dienstleistungen","item":"https:\/\/www.trustedtranslations.com\/de\/dienstleistungen"},{"@type":"ListItem","position":3,"name":"Dateiformate","item":"https:\/\/www.trustedtranslations.com\/de\/dienstleistungen\/dateiformate"},{"@type":"ListItem","position":4,"name":"Abbildungen und Bilder"}]},{"@type":"WebSite","@id":"https:\/\/www.trustedtranslations.com\/de\/#website","url":"https:\/\/www.trustedtranslations.com\/de\/","name":"Trusted Translations, Inc.","description":"Leader in translation and interpretation services.","publisher":{"@id":"https:\/\/www.trustedtranslations.com\/de\/#organization"},"alternateName":"Trusted Translations","potentialAction":[{"@type":"SearchAction","target":{"@type":"EntryPoint","urlTemplate":"https:\/\/www.trustedtranslations.com\/de\/?s={search_term_string}"},"query-input":{"@type":"PropertyValueSpecification","valueRequired":true,"valueName":"search_term_string"}}],"inLanguage":"de"},{"@type":"Organization","@id":"https:\/\/www.trustedtranslations.com\/de\/#organization","name":"Trusted Translations","alternateName":"Trusted Translations, Inc.","url":"https:\/\/www.trustedtranslations.com\/de\/","logo":{"@type":"ImageObject","inLanguage":"de","@id":"https:\/\/www.trustedtranslations.com\/de\/#\/schema\/logo\/image\/","url":"https:\/\/static.trustedtranslations.com\/wp-content\/uploads\/2022\/01\/TT_logo_WSIColors-2.png","contentUrl":"https:\/\/static.trustedtranslations.com\/wp-content\/uploads\/2022\/01\/TT_logo_WSIColors-2.png","width":500,"height":196,"caption":"Trusted Translations"},"image":{"@id":"https:\/\/www.trustedtranslations.com\/de\/#\/schema\/logo\/image\/"},"sameAs":["https:\/\/www.facebook.com\/Trusted.Translations","https:\/\/x.com\/TrustedT9ns","https:\/\/www.linkedin.com\/company\/trusted-translations"]}]}},"toolset-meta":{"dyk":{"mensaje-1":{"type":"textfield","raw":"Wir befreien Sie vom Aufwand, ein separates Design-Unternehmen f\u00fcr die Neuformatierung Ihrer Bilder zu beauftragen."},"mensaje-2":{"type":"textfield","raw":"Auf Anfrage arbeiten wir mit dem Desktop-Publishing-Team Ihres Unternehmens zusammen."},"mensaje-3":{"type":"textfield","raw":"Wir stellen sicher, dass Ihnen die \u00dcbersetzungen Ihrer Bilder sofort einsatzbereit geliefert werden."},"mensaje-4":{"type":"textfield","raw":"Unser Desktop-Publishing-Team hat sich auf mit \u00dcbersetzungen einhergehende Design-Dienstleistungen spezialisiert."},"mensaje-5":{"type":"textfield","raw":""},"mensaje-6":{"type":"textfield","raw":""}},"single-page-template-fields":{"imgs-temp":{"type":"image","raw":["https:\/\/static.trustedtranslations.com\/wp-content\/uploads\/2024\/06\/ilustration-final-1-1.webp"],"repeatable":[{"raw":"https:\/\/static.trustedtranslations.com\/wp-content\/uploads\/2024\/06\/ilustration-final-1-1.webp"}]},"imgs-temp-cel":{"type":"image","raw":[""],"repeatable":[{"raw":""}]},"img-temp-one-cel":{"type":"image","raw":"https:\/\/static.trustedtranslations.com\/wp-content\/uploads\/2024\/03\/AdobeStock_385542563-2-1.webp","attachment_id":null},"quotes":{"type":"textarea","raw":"<h1 style=\"margin-bottom: 12px;\">\u00dcbersetzungsdienstleistungen f\u00fcr Abbildungen und Bilder<\/h1>\r\nEine genaue und pr\u00e4zise Bild\u00fcbersetzung ist unerl\u00e4sslich, um ein breiteres Publikum zu erreichen und zu beeindrucken. Da ein Bild, z. B. ein Unternehmensslogan, normalerweise wenig Platz f\u00fcr gro\u00dfe Mengen an Text enth\u00e4lt, ist es sehr wichtig, dass Ihre \u00dcbersetzung nicht nur korrekt sondern auch f\u00fcr Ihr Publikum geeignet ist. Bei Trusted Translations arbeiten wir mit verschiedenen Bilddateiformaten, darunter JPEG, JPG, TIFF, BMP, PNG, EMF, GIF und viele mehr.\r\n<div style=\"margin-top: 2.5vw;\"><a class=\"tt-btn-main-cta\" href=\"\/de\/angebot\">KOSTENLOSEN KOSTENVORANSCHLAG ANFORDERN<\/a><\/div>"},"text-1":{"type":"textarea","raw":"<h2>Fachm\u00e4nnische Bild\u00fcbersetzungsdienstleistungen f\u00fcr jedes Dateiformat<\/h2>\r\nUngeachtet, ob Ihr Projekt mit Adobe Photoshop, Adobe Illustrator oder in einem anderen Dateiformat erstellt wird, wird das Expertenteam von\u00a0<em>Trusted Translations\u2019<\/em>\u00a0sicherstellen, dass Ihnen alle Ihre Bild\u00fcbersetzungen sofort einsatzbereit geliefert werden.\r\n<h2>Prozess der Bild\u00fcbersetzung<\/h2>\r\n<div class=\"pull-right tt-thumbnail hidden-xs\"><img src=\"https:\/\/www.trustedtranslations.com\/wp-content\/uploads\/img\/icons\/adobe-illustrator.png\" alt=\"Adobe Illustrator Icon\" \/><\/div>\r\nEin Bild zu \u00fcbersetzen umfasst mehrere Schritte, bei denen die Fachkenntnis unseres professionellen \u00dcbersetzerteams und der Desktop-Publisher erforderlich sind. Bei\u00a0<em>Trusted Translations<\/em>, sind unsere erfahrenen \u00dcbersetzer und Desktop-Publisher bereit f\u00fcr Ihre Anforderungen bei der Bild\u00fcbersetzung, ungeachtet, wie komplex diese sind. Wir stellen nicht nur sicher, dass \u00dcbersetzung und Design von h\u00f6chster Qualit\u00e4t sind, wir ber\u00fccksichtigen auch die Bedeutung Ihrer Zielgruppe. Wir werden Ihre Bildkreationen lokalisieren, damit Sie Ihr Publikum durch Erreichen der richtigen Zielgruppe in der richtigen Weise erweitern k\u00f6nnen. Wenn wir ein zu \u00fcbersetzendes Bild erhalten, muss dieses zuerst die Fachkenntnis unseres Desktop Publishing Teams durchlaufen, damit s\u00e4mtlicher \u00fcbersetzbarer Text aus den Bildern extrahiert werden kann. Dies macht den Text mit unseren computergest\u00fctzten \u00dcbersetzungstools (CAR-Tools) kompatibel, was eine genauere \u00dcbersetzung des Textes durch unsere \u00dcbersetzer erm\u00f6glicht. Danach wird das Dokument erneut von unserem DTP-Team bearbeitet, um die Formatierung der Bilder mit dem neu \u00fcbersetzten Text anzupassen. Selbst Bilder mit schwierigen Grafiken und komplexem Design werden Ihnen sofort einsatzbereit geliefert.\r\n<h2>Verschiedene Arten von Bild und Abbildung<\/h2>\r\nBei\u00a0<em>Trusted Translations<\/em>\u00a0verstehen wir, dass jede Art von Bild\u00fcbersetzung einzigartig ist \u2013 vom Ausgangstext, zu seinem Format bis zur Zielgruppe. Deshalb achten wir besonders darauf, sicherzustellen, dass jede Bild\u00fcbersetzung den Vorgang durchl\u00e4uft, der f\u00fcr das endg\u00fcltige Ziel am vorteilhaftesten ist. Zum Beispiel wird ein Screenshot einen ganz anderen Prozess durchlaufen als eine animierte Darstellung oder ein Firmenslogan. Unsere Desktop-Publisher und branchenspezifischen \u00dcbersetzer werden sicherstellen, dass jeder Schritt des Prozesses genau, fachgerecht und spezifisch f\u00fcr jedes einzelne Bild\u00fcbersetzungsprojekt durchgef\u00fchrt wird. Unser Expertenteam ist in der Lage, zu bestimmen, welche Schritte vorgenommen werden sollten, um das effektivste und vorteilhafteste Endprodukt zu liefern, sodass Sie nicht nur Ihre Zielgruppe erreichen sondern sich auf ein noch breiteres Publikum ausbreiten k\u00f6nnen."},"shortcode-map":{"type":"textfield","raw":""},"dyk-shortcode":{"type":"textfield","raw":"[elementor-template id=\"146647\"]"},"text-2":{"type":"textarea","raw":"<h2>Desktop Publishing (DTP) f\u00fcr Bild\u00fcbersetzungen<\/h2>\r\nBei\u00a0<em>Trusted Translations<\/em>, sind wir uns bewusst, dass das Image in der Welt des Marketings eine entscheidende Rolle dabei spielt, f\u00fcr Ihre Zielgruppe ansprechend zu sein. Aus diesem Grund haben wir ein daf\u00fcr bestimmtes Desktop-Publishing-Team, das sich auf mit \u00dcbersetzungen einhergehenden Design-Diensten der h\u00f6chsten Qualit\u00e4t und mit schneller Umsetzung spezialisiert hat. Ein Desktop-Publishing-Schritt ist bei Bild\u00fcbersetzungen immer erforderlich. In vielen F\u00e4llen durchgeht das Dokument w\u00e4hrend des \u00dcbersetzungsprozesses nicht nur einmal einen Desktop-Publishing-Schritt, sondern zweimal: einmal vor der \u00dcbersetzung, um den Text zu extrahieren, und einmal nach der \u00dcbersetzung, um den Text wieder neu in die Abbildungen zu integrieren und das Design neu zu formatieren. Ein Dateiformat wie Adobe Illustrator oder Adobe Photoshop zu \u00fcbersetzen ist notorisch kompliziert in der \u00dcbersetzungsbranche; erstens sind diese Dateiformate nicht mit CAT-Tools kompatibel und m\u00fcssen daher manuell durch DTP bearbeitet werden, um den Text zu extrahieren, damit dieser \u00fcbersetzt werden kann. Gleicherma\u00dfen muss der \u00fcbersetzte Text wieder in das Originalformat eingegliedert werden, damit es so aussieht, als w\u00e4re es nie \u00fcbersetzt worden. Eine einfache \u00dcbersetzung kann ziemlich umst\u00e4ndlich werden, wenn Sie verschiedene Ausgangsdokumente f\u00fcr Ihre \u00dcbersetzungs- und Grafikdesign-Bed\u00fcrfnisse verwenden. In diesem Fall ist\u00a0<em>Trusted Translations<\/em>\u00a0Ihre L\u00f6sung. Wir arbeiten nicht nur mit den fachkundigsten und erfahrensten \u00dcbersetzern in der Branche, sondern haben auch ein firmeninternes Desktop-Publishing-Expertenteam, das sich auf das mit \u00dcbersetzungen einhergehende Design spezialisiert hat. Des Weiteren werden wir auf Anfrage mit dem Designteam Ihres Unternehmens arbeiten.\r\n\r\nWenn Sie mit\u00a0<em>Trusted Translations<\/em>, zusammenarbeiten, werden Ihnen Ihre Bildkreationen in einer fachgerecht \u00fcbersetzten Weise und immer in ihrem Originalformat und Layout zur\u00fcckgesandt, ohne dass zus\u00e4tzliche Arbeitsschritte erforderlich sind."},"state":{"type":"textfield","raw":""},"city":{"type":"textarea","raw":[]}}},"_links":{"self":[{"href":"https:\/\/www.trustedtranslations.com\/de\/wp-json\/wp\/v2\/pages\/129426","targetHints":{"allow":["GET"]}}],"collection":[{"href":"https:\/\/www.trustedtranslations.com\/de\/wp-json\/wp\/v2\/pages"}],"about":[{"href":"https:\/\/www.trustedtranslations.com\/de\/wp-json\/wp\/v2\/types\/page"}],"author":[{"embeddable":true,"href":"https:\/\/www.trustedtranslations.com\/de\/wp-json\/wp\/v2\/users\/1"}],"replies":[{"embeddable":true,"href":"https:\/\/www.trustedtranslations.com\/de\/wp-json\/wp\/v2\/comments?post=129426"}],"version-history":[{"count":0,"href":"https:\/\/www.trustedtranslations.com\/de\/wp-json\/wp\/v2\/pages\/129426\/revisions"}],"up":[{"embeddable":true,"href":"https:\/\/www.trustedtranslations.com\/de\/wp-json\/wp\/v2\/pages\/129442"}],"wp:featuredmedia":[{"embeddable":true,"href":"https:\/\/www.trustedtranslations.com\/de\/wp-json\/wp\/v2\/media\/238223"}],"wp:attachment":[{"href":"https:\/\/www.trustedtranslations.com\/de\/wp-json\/wp\/v2\/media?parent=129426"}],"curies":[{"name":"wp","href":"https:\/\/api.w.org\/{rel}","templated":true}]}}