{"id":129430,"date":"2018-11-13T17:46:48","date_gmt":"2018-11-13T17:46:48","guid":{"rendered":"https:\/\/www.trustedtranslations.com\/?page_id=129430"},"modified":"2024-09-02T18:32:48","modified_gmt":"2024-09-02T21:32:48","slug":"coreldraw","status":"publish","type":"page","link":"https:\/\/www.trustedtranslations.com\/de\/dienstleistungen\/dateiformate\/coreldraw","title":{"rendered":"Coreldraw"},"content":{"rendered":"","protected":false},"excerpt":{"rendered":"","protected":false},"author":1,"featured_media":238275,"parent":129442,"menu_order":16,"comment_status":"closed","ping_status":"closed","template":"","meta":{"site-sidebar-layout":"default","site-content-layout":"default","ast-site-content-layout":"default","site-content-style":"default","site-sidebar-style":"default","ast-global-header-display":"","ast-banner-title-visibility":"","ast-main-header-display":"","ast-hfb-above-header-display":"","ast-hfb-below-header-display":"","ast-hfb-mobile-header-display":"","site-post-title":"disabled","ast-breadcrumbs-content":"","ast-featured-img":"","footer-sml-layout":"","ast-disable-related-posts":"","theme-transparent-header-meta":"default","adv-header-id-meta":"","stick-header-meta":"","header-above-stick-meta":"","header-main-stick-meta":"","header-below-stick-meta":"","astra-migrate-meta-layouts":"set","ast-page-background-enabled":"default","ast-page-background-meta":{"desktop":{"background-color":"var(--ast-global-color-4)","background-image":"","background-repeat":"repeat","background-position":"center center","background-size":"auto","background-attachment":"scroll","background-type":"","background-media":"","overlay-type":"","overlay-color":"","overlay-opacity":"","overlay-gradient":""},"tablet":{"background-color":"","background-image":"","background-repeat":"repeat","background-position":"center center","background-size":"auto","background-attachment":"scroll","background-type":"","background-media":"","overlay-type":"","overlay-color":"","overlay-opacity":"","overlay-gradient":""},"mobile":{"background-color":"","background-image":"","background-repeat":"repeat","background-position":"center center","background-size":"auto","background-attachment":"scroll","background-type":"","background-media":"","overlay-type":"","overlay-color":"","overlay-opacity":"","overlay-gradient":""}},"ast-content-background-meta":{"desktop":{"background-color":"var(--ast-global-color-5)","background-image":"","background-repeat":"repeat","background-position":"center center","background-size":"auto","background-attachment":"scroll","background-type":"","background-media":"","overlay-type":"","overlay-color":"","overlay-opacity":"","overlay-gradient":""},"tablet":{"background-color":"var(--ast-global-color-5)","background-image":"","background-repeat":"repeat","background-position":"center center","background-size":"auto","background-attachment":"scroll","background-type":"","background-media":"","overlay-type":"","overlay-color":"","overlay-opacity":"","overlay-gradient":""},"mobile":{"background-color":"var(--ast-global-color-5)","background-image":"","background-repeat":"repeat","background-position":"center center","background-size":"auto","background-attachment":"scroll","background-type":"","background-media":"","overlay-type":"","overlay-color":"","overlay-opacity":"","overlay-gradient":""}},"footnotes":""},"class_list":["post-129430","page","type-page","status-publish","has-post-thumbnail","hentry"],"yoast_head":"<!-- This site is optimized with the Yoast SEO plugin v27.3 - https:\/\/yoast.com\/product\/yoast-seo-wordpress\/ -->\n<title>CorelDRAW-\u00dcbersetzungsdienstleistungen \u2013 Trusted Translations, Inc.<\/title>\n<meta name=\"description\" content=\"Das kompetente Team von Trusted Translations \u00fcbersetzt und formatiert Ihre CorelDRAW-Brosch\u00fcren, Logos, Webgrafiken und vieles mehr, so dass Sie ein globales Publikum ansprechen k\u00f6nnen.\" \/>\n<meta name=\"robots\" content=\"index, follow, max-snippet:-1, max-image-preview:large, max-video-preview:-1\" \/>\n<link rel=\"canonical\" href=\"https:\/\/www.trustedtranslations.com\/de\/dienstleistungen\/dateiformate\/coreldraw\" \/>\n<meta property=\"og:locale\" content=\"de_DE\" \/>\n<meta property=\"og:type\" content=\"article\" \/>\n<meta property=\"og:title\" content=\"CorelDRAW-\u00dcbersetzungsdienstleistungen \u2013 Trusted Translations, Inc.\" \/>\n<meta property=\"og:description\" content=\"Das kompetente Team von Trusted Translations \u00fcbersetzt und formatiert Ihre CorelDRAW-Brosch\u00fcren, Logos, Webgrafiken und vieles mehr, so dass Sie ein globales Publikum ansprechen k\u00f6nnen.\" \/>\n<meta property=\"og:url\" content=\"https:\/\/www.trustedtranslations.com\/de\/dienstleistungen\/dateiformate\/coreldraw\" \/>\n<meta property=\"og:site_name\" content=\"Trusted Translations, Inc.\" \/>\n<meta property=\"article:publisher\" content=\"https:\/\/www.facebook.com\/Trusted.Translations\" \/>\n<meta property=\"article:modified_time\" content=\"2024-09-02T21:32:48+00:00\" \/>\n<meta property=\"og:image\" content=\"https:\/\/static.trustedtranslations.com\/wp-content\/uploads\/2024\/02\/tt-icon_CorelDRAW-Translation-Se.webp\" \/>\n\t<meta property=\"og:image:width\" content=\"151\" \/>\n\t<meta property=\"og:image:height\" content=\"151\" \/>\n\t<meta property=\"og:image:type\" content=\"image\/webp\" \/>\n<meta name=\"twitter:card\" content=\"summary_large_image\" \/>\n<meta name=\"twitter:site\" content=\"@TrustedT9ns\" \/>\n<script type=\"application\/ld+json\" class=\"yoast-schema-graph\">{\"@context\":\"https:\\\/\\\/schema.org\",\"@graph\":[{\"@type\":\"WebPage\",\"@id\":\"https:\\\/\\\/www.trustedtranslations.com\\\/de\\\/dienstleistungen\\\/dateiformate\\\/coreldraw\",\"url\":\"https:\\\/\\\/www.trustedtranslations.com\\\/de\\\/dienstleistungen\\\/dateiformate\\\/coreldraw\",\"name\":\"CorelDRAW-\u00dcbersetzungsdienstleistungen \u2013 Trusted Translations, Inc.\",\"isPartOf\":{\"@id\":\"https:\\\/\\\/www.trustedtranslations.com\\\/de\\\/#website\"},\"primaryImageOfPage\":{\"@id\":\"https:\\\/\\\/www.trustedtranslations.com\\\/de\\\/dienstleistungen\\\/dateiformate\\\/coreldraw#primaryimage\"},\"image\":{\"@id\":\"https:\\\/\\\/www.trustedtranslations.com\\\/de\\\/dienstleistungen\\\/dateiformate\\\/coreldraw#primaryimage\"},\"thumbnailUrl\":\"https:\\\/\\\/www.trustedtranslations.com\\\/wp-content\\\/uploads\\\/2024\\\/02\\\/tt-icon_CorelDRAW-Translation-Se.webp\",\"description\":\"Das kompetente Team von Trusted Translations \u00fcbersetzt und formatiert Ihre CorelDRAW-Brosch\u00fcren, Logos, Webgrafiken und vieles mehr, so dass Sie ein globales Publikum ansprechen k\u00f6nnen.\",\"breadcrumb\":{\"@id\":\"https:\\\/\\\/www.trustedtranslations.com\\\/de\\\/dienstleistungen\\\/dateiformate\\\/coreldraw#breadcrumb\"},\"inLanguage\":\"de\",\"potentialAction\":[{\"@type\":\"ReadAction\",\"target\":[\"https:\\\/\\\/www.trustedtranslations.com\\\/de\\\/dienstleistungen\\\/dateiformate\\\/coreldraw\"]}]},{\"@type\":\"ImageObject\",\"inLanguage\":\"de\",\"@id\":\"https:\\\/\\\/www.trustedtranslations.com\\\/de\\\/dienstleistungen\\\/dateiformate\\\/coreldraw#primaryimage\",\"url\":\"https:\\\/\\\/www.trustedtranslations.com\\\/wp-content\\\/uploads\\\/2024\\\/02\\\/tt-icon_CorelDRAW-Translation-Se.webp\",\"contentUrl\":\"https:\\\/\\\/www.trustedtranslations.com\\\/wp-content\\\/uploads\\\/2024\\\/02\\\/tt-icon_CorelDRAW-Translation-Se.webp\",\"width\":151,\"height\":151,\"caption\":\"tt icon CorelDRAW Translation Se\"},{\"@type\":\"BreadcrumbList\",\"@id\":\"https:\\\/\\\/www.trustedtranslations.com\\\/de\\\/dienstleistungen\\\/dateiformate\\\/coreldraw#breadcrumb\",\"itemListElement\":[{\"@type\":\"ListItem\",\"position\":1,\"name\":\"Home\",\"item\":\"https:\\\/\\\/www.trustedtranslations.com\\\/de\"},{\"@type\":\"ListItem\",\"position\":2,\"name\":\"Dienstleistungen\",\"item\":\"https:\\\/\\\/www.trustedtranslations.com\\\/de\\\/dienstleistungen\"},{\"@type\":\"ListItem\",\"position\":3,\"name\":\"Dateiformate\",\"item\":\"https:\\\/\\\/www.trustedtranslations.com\\\/de\\\/dienstleistungen\\\/dateiformate\"},{\"@type\":\"ListItem\",\"position\":4,\"name\":\"Coreldraw\"}]},{\"@type\":\"WebSite\",\"@id\":\"https:\\\/\\\/www.trustedtranslations.com\\\/de\\\/#website\",\"url\":\"https:\\\/\\\/www.trustedtranslations.com\\\/de\\\/\",\"name\":\"Trusted Translations, Inc.\",\"description\":\"Leader in translation and interpretation services.\",\"publisher\":{\"@id\":\"https:\\\/\\\/www.trustedtranslations.com\\\/de\\\/#organization\"},\"alternateName\":\"Trusted Translations\",\"potentialAction\":[{\"@type\":\"SearchAction\",\"target\":{\"@type\":\"EntryPoint\",\"urlTemplate\":\"https:\\\/\\\/www.trustedtranslations.com\\\/de\\\/?s={search_term_string}\"},\"query-input\":{\"@type\":\"PropertyValueSpecification\",\"valueRequired\":true,\"valueName\":\"search_term_string\"}}],\"inLanguage\":\"de\"},{\"@type\":\"Organization\",\"@id\":\"https:\\\/\\\/www.trustedtranslations.com\\\/de\\\/#organization\",\"name\":\"Trusted Translations\",\"alternateName\":\"Trusted Translations, Inc.\",\"url\":\"https:\\\/\\\/www.trustedtranslations.com\\\/de\\\/\",\"logo\":{\"@type\":\"ImageObject\",\"inLanguage\":\"de\",\"@id\":\"https:\\\/\\\/www.trustedtranslations.com\\\/de\\\/#\\\/schema\\\/logo\\\/image\\\/\",\"url\":\"https:\\\/\\\/static.trustedtranslations.com\\\/wp-content\\\/uploads\\\/2022\\\/01\\\/TT_logo_WSIColors-2.png\",\"contentUrl\":\"https:\\\/\\\/static.trustedtranslations.com\\\/wp-content\\\/uploads\\\/2022\\\/01\\\/TT_logo_WSIColors-2.png\",\"width\":500,\"height\":196,\"caption\":\"Trusted Translations\"},\"image\":{\"@id\":\"https:\\\/\\\/www.trustedtranslations.com\\\/de\\\/#\\\/schema\\\/logo\\\/image\\\/\"},\"sameAs\":[\"https:\\\/\\\/www.facebook.com\\\/Trusted.Translations\",\"https:\\\/\\\/x.com\\\/TrustedT9ns\",\"https:\\\/\\\/www.linkedin.com\\\/company\\\/trusted-translations\"]}]}<\/script>\n<!-- \/ Yoast SEO plugin. -->","yoast_head_json":{"title":"CorelDRAW-\u00dcbersetzungsdienstleistungen \u2013 Trusted Translations, Inc.","description":"Das kompetente Team von Trusted Translations \u00fcbersetzt und formatiert Ihre CorelDRAW-Brosch\u00fcren, Logos, Webgrafiken und vieles mehr, so dass Sie ein globales Publikum ansprechen k\u00f6nnen.","robots":{"index":"index","follow":"follow","max-snippet":"max-snippet:-1","max-image-preview":"max-image-preview:large","max-video-preview":"max-video-preview:-1"},"canonical":"https:\/\/www.trustedtranslations.com\/de\/dienstleistungen\/dateiformate\/coreldraw","og_locale":"de_DE","og_type":"article","og_title":"CorelDRAW-\u00dcbersetzungsdienstleistungen \u2013 Trusted Translations, Inc.","og_description":"Das kompetente Team von Trusted Translations \u00fcbersetzt und formatiert Ihre CorelDRAW-Brosch\u00fcren, Logos, Webgrafiken und vieles mehr, so dass Sie ein globales Publikum ansprechen k\u00f6nnen.","og_url":"https:\/\/www.trustedtranslations.com\/de\/dienstleistungen\/dateiformate\/coreldraw","og_site_name":"Trusted Translations, Inc.","article_publisher":"https:\/\/www.facebook.com\/Trusted.Translations","article_modified_time":"2024-09-02T21:32:48+00:00","og_image":[{"width":151,"height":151,"url":"https:\/\/static.trustedtranslations.com\/wp-content\/uploads\/2024\/02\/tt-icon_CorelDRAW-Translation-Se.webp","type":"image\/webp"}],"twitter_card":"summary_large_image","twitter_site":"@TrustedT9ns","schema":{"@context":"https:\/\/schema.org","@graph":[{"@type":"WebPage","@id":"https:\/\/www.trustedtranslations.com\/de\/dienstleistungen\/dateiformate\/coreldraw","url":"https:\/\/www.trustedtranslations.com\/de\/dienstleistungen\/dateiformate\/coreldraw","name":"CorelDRAW-\u00dcbersetzungsdienstleistungen \u2013 Trusted Translations, Inc.","isPartOf":{"@id":"https:\/\/www.trustedtranslations.com\/de\/#website"},"primaryImageOfPage":{"@id":"https:\/\/www.trustedtranslations.com\/de\/dienstleistungen\/dateiformate\/coreldraw#primaryimage"},"image":{"@id":"https:\/\/www.trustedtranslations.com\/de\/dienstleistungen\/dateiformate\/coreldraw#primaryimage"},"thumbnailUrl":"https:\/\/www.trustedtranslations.com\/wp-content\/uploads\/2024\/02\/tt-icon_CorelDRAW-Translation-Se.webp","description":"Das kompetente Team von Trusted Translations \u00fcbersetzt und formatiert Ihre CorelDRAW-Brosch\u00fcren, Logos, Webgrafiken und vieles mehr, so dass Sie ein globales Publikum ansprechen k\u00f6nnen.","breadcrumb":{"@id":"https:\/\/www.trustedtranslations.com\/de\/dienstleistungen\/dateiformate\/coreldraw#breadcrumb"},"inLanguage":"de","potentialAction":[{"@type":"ReadAction","target":["https:\/\/www.trustedtranslations.com\/de\/dienstleistungen\/dateiformate\/coreldraw"]}]},{"@type":"ImageObject","inLanguage":"de","@id":"https:\/\/www.trustedtranslations.com\/de\/dienstleistungen\/dateiformate\/coreldraw#primaryimage","url":"https:\/\/www.trustedtranslations.com\/wp-content\/uploads\/2024\/02\/tt-icon_CorelDRAW-Translation-Se.webp","contentUrl":"https:\/\/www.trustedtranslations.com\/wp-content\/uploads\/2024\/02\/tt-icon_CorelDRAW-Translation-Se.webp","width":151,"height":151,"caption":"tt icon CorelDRAW Translation Se"},{"@type":"BreadcrumbList","@id":"https:\/\/www.trustedtranslations.com\/de\/dienstleistungen\/dateiformate\/coreldraw#breadcrumb","itemListElement":[{"@type":"ListItem","position":1,"name":"Home","item":"https:\/\/www.trustedtranslations.com\/de"},{"@type":"ListItem","position":2,"name":"Dienstleistungen","item":"https:\/\/www.trustedtranslations.com\/de\/dienstleistungen"},{"@type":"ListItem","position":3,"name":"Dateiformate","item":"https:\/\/www.trustedtranslations.com\/de\/dienstleistungen\/dateiformate"},{"@type":"ListItem","position":4,"name":"Coreldraw"}]},{"@type":"WebSite","@id":"https:\/\/www.trustedtranslations.com\/de\/#website","url":"https:\/\/www.trustedtranslations.com\/de\/","name":"Trusted Translations, Inc.","description":"Leader in translation and interpretation services.","publisher":{"@id":"https:\/\/www.trustedtranslations.com\/de\/#organization"},"alternateName":"Trusted Translations","potentialAction":[{"@type":"SearchAction","target":{"@type":"EntryPoint","urlTemplate":"https:\/\/www.trustedtranslations.com\/de\/?s={search_term_string}"},"query-input":{"@type":"PropertyValueSpecification","valueRequired":true,"valueName":"search_term_string"}}],"inLanguage":"de"},{"@type":"Organization","@id":"https:\/\/www.trustedtranslations.com\/de\/#organization","name":"Trusted Translations","alternateName":"Trusted Translations, Inc.","url":"https:\/\/www.trustedtranslations.com\/de\/","logo":{"@type":"ImageObject","inLanguage":"de","@id":"https:\/\/www.trustedtranslations.com\/de\/#\/schema\/logo\/image\/","url":"https:\/\/static.trustedtranslations.com\/wp-content\/uploads\/2022\/01\/TT_logo_WSIColors-2.png","contentUrl":"https:\/\/static.trustedtranslations.com\/wp-content\/uploads\/2022\/01\/TT_logo_WSIColors-2.png","width":500,"height":196,"caption":"Trusted Translations"},"image":{"@id":"https:\/\/www.trustedtranslations.com\/de\/#\/schema\/logo\/image\/"},"sameAs":["https:\/\/www.facebook.com\/Trusted.Translations","https:\/\/x.com\/TrustedT9ns","https:\/\/www.linkedin.com\/company\/trusted-translations"]}]}},"toolset-meta":{"dyk":{"mensaje-1":{"type":"textfield","raw":"Fehlerfreie Logos und andere Druckmaterialien sind f\u00fcr mehrsprachiges Marketing unerl\u00e4sslich."},"mensaje-2":{"type":"textfield","raw":"Unsere Desktop-Publisher sind Experten f\u00fcr die Verwaltung von CorelDRAW-Grafiken."},"mensaje-3":{"type":"textfield","raw":"Unsere Experten k\u00f6nnen durch die \u00fcber 20 verschiedenen Versionen von CorelDRAW navigieren."},"mensaje-4":{"type":"textfield","raw":"Wir haben an Print- und digitalen Werbeprojekten f\u00fcr f\u00fchrende Marketingunternehmen gearbeitet."},"mensaje-5":{"type":"textfield","raw":""},"mensaje-6":{"type":"textfield","raw":""}},"single-page-template-fields":{"imgs-temp":{"type":"image","raw":["https:\/\/static.trustedtranslations.com\/wp-content\/uploads\/2024\/06\/coreldraw-final-1-1.webp"],"repeatable":[{"raw":"https:\/\/static.trustedtranslations.com\/wp-content\/uploads\/2024\/06\/coreldraw-final-1-1.webp"}]},"imgs-temp-cel":{"type":"image","raw":[""],"repeatable":[{"raw":""}]},"img-temp-one-cel":{"type":"image","raw":"https:\/\/static.trustedtranslations.com\/wp-content\/uploads\/2024\/06\/AdobeStock_385542563-2-1.webp","attachment_id":null},"quotes":{"type":"textarea","raw":"<h1 style=\"margin-bottom: 12px;\">\u00dcbersetzungsdienstleistungen f\u00fcr CorelDRAW<\/h1>\r\nTrusted Translations ist die L\u00f6sung aus einer Hand f\u00fcr alle Ihre CorelDRAW-\u00dcbersetzungsprojekte. Egal ob Sie ein Firmenlogo, eine Brosch\u00fcre, eine Webgrafik oder Social-Media-Anzeigen \u00fcbersetzen m\u00f6chten, wir \u00fcbersetzen und lokalisieren Ihre Originalkreationen nicht nur professionell, sondern formatieren und gestalten sie auch neu. Unsere L\u00f6sung aus einer Hand hilft Ihnen dabei, sich die umst\u00e4ndliche Suche nach einem separaten Designunternehmen, das Ihre Bilder neu formatiert, zu ersparen und erm\u00f6glicht es Ihnen, Ihre \u00fcbersetzten Bilder sofort zu verwenden.\r\n<div style=\"margin-top: 2.5vw;\"><a class=\"tt-btn-main-cta\" href=\"\/de\/angebot\">KOSTENLOSEN KOSTENVORANSCHLAG ANFORDERN<\/a><\/div>"},"text-1":{"type":"textarea","raw":"<h2>CorelDRAW-\u00dcbersetzungsmethode<\/h2>\r\nBei der Arbeit mit einem CorelDRAW-\u00dcbersetzungsprojekt folgen wir einer Reihe von Schritten, um sicherzustellen, dass das Ergebnis von h\u00f6chster Qualit\u00e4t ist. Des Weiteren arbeiten wir mit verschiedenen Formaten, darunter .cdr, .cdx, .cdt und .cmx. Der erste Schritt, den wir nach Erhalt Ihrer CorelDRAW-Kreation vornehmen, ist, diese unserem Desktop-Publishing-Expertenteam zu \u00fcberreichen, damit es s\u00e4mtlichen \u00fcbersetzbaren Text extrahiert. Hierdurch k\u00f6nnen unsere \u00dcbersetzer mit unseren computergest\u00fctzten \u00dcbersetzungstools (CAT-Tools) arbeiten, was wiederum die genaueste und effektivste \u00dcbersetzung erm\u00f6glicht. Unsere branchenspezifischen \u00dcbersetzer werden sicherstellen, dass Sie eine spezialisierte und lokalisierte \u00dcbersetzung f\u00fcr alle Ihre CorelDRAW-Kreationen erhalten, damit Sie Ihre Zielgruppe mit der h\u00f6chstm\u00f6glichen Pr\u00e4zision erreichen k\u00f6nnen. Danach durchl\u00e4uft das Dokument einen endg\u00fcltigen Desktop-Publishing-Schritt, um die Formatierung und das Layout mit dem neu \u00fcbersetzten Text anzupassen. Unsere Fach\u00fcbersetzer werden nicht nur \u00fcbersetzen, sondern alles, darunter Logos, Brosch\u00fcren, Webseitengrafiken, Social Media Werbungen, usw. lokalisieren, damit Sie Ihre Zielgruppe und gleichzeitig ein breiteres Publikum erreichen k\u00f6nnen. Wir liefern \u00dcbersetzungen von bester Qualit\u00e4t, selbst wenn das \u00dcbersetzungsprojekt schwierige Grafiken oder ein kompliziertes Design-Layout umfasst. Jede \u00dcbersetzung wird f\u00fcr Sie designt und ist sofort einsatzbereit.\r\n<h2>Die Arbeit mit verschiedenen Versionen von CorelDRAW<\/h2>\r\nDie Versionshistorie von CorelDRAW ist ungef\u00e4hr so lang wie jedes andere etablierte Softwareprogramm, d. h., dass es ziemlich viele Versionen gibt\u2013n\u00e4mlich 19\u2013auf die wir f\u00fcr die \u00dcbersetzungsbed\u00fcrfnisse unserer Kunden sto\u00dfen. Bei\u00a0<em>Trusted Translations<\/em>\u00a0haben wir die erforderlichen Tools und Fachkenntnisse, um mit allen Versionen von CorelDRAW zu arbeiten, die Sie uns bereitstellen. Unser Desktop-Publishing-Team wird sich um die Herausforderungen Ihrer CorelDRAW-Kreationen k\u00fcmmern und daf\u00fcr sorgen, dass diese dem Original so weit wie m\u00f6glich \u00e4hneln, w\u00e4hrend die Zieldateien der gleichen Version von CorelDRAW dem Ausgangsdokument entsprechen."},"shortcode-map":{"type":"textfield","raw":""},"dyk-shortcode":{"type":"textfield","raw":"[elementor-template id=\"146647\"]"},"text-2":{"type":"textarea","raw":"<h2>Desktop Publishing (DTP) f\u00fcr CorelDRAW \u00dcbersetzungen<\/h2>\r\nEs ist wohlbekannt, dass ein CorelDRAW Dokument vorwiegend f\u00fcr die Erstellung von visuellen Kreationen wie Logos, Poster, Brosch\u00fcren, Webgrafiken, usw. verwendet wird. Bei\u00a0<em>Trusted Translations<\/em>, sind wir uns bewusst, dass das Image in der Welt des Marketings eine entscheidende Rolle f\u00fcr die genaue Kommunikation Ihrer Botschaft an Ihre Zielgruppe spielt. Aus diesem Grund hat sich unser firmeninternes Desktop-Publishing-Team auf mit \u00dcbersetzungen einhergehenden Design-Diensten der h\u00f6chsten Qualit\u00e4t spezialisiert.\r\n\r\nEin Desktop-Publishing-Schritt ist bei CorelDRAW-\u00dcbersetzungsprojekten immer erforderlich. In vielen F\u00e4llen durchgeht das Dokument w\u00e4hrend des \u00dcbersetzungsprozesses nicht nur einmal einen Desktop-Publishing-Schritt, sondern zweimal: einmal vor der \u00dcbersetzung, um den Text zu extrahieren, und einmal nach der \u00dcbersetzung, um den Text wieder neu in die Abbildungen zu integrieren und das Design neu zu formatieren. Ein Dateiformat wie CorelDRAW zu \u00fcbersetzen ist notorisch kompliziert in der \u00dcbersetzungsbranche, erstens ist CorelDRAW nicht mit CAT-Tools kompatibel und muss daher manuell durch DTP bearbeitet werden, um den Text zu extrahieren, damit dieser \u00fcbersetzt werden kann. Gleicherma\u00dfen muss der \u00fcbersetzte Text wieder in das Originalformat eingegliedert werden, damit es so aussieht, als w\u00e4re es nie \u00fcbersetzt worden. Eine einfache \u00dcbersetzung kann ziemlich umst\u00e4ndlich werden, wenn Sie verschiedene Ausgangsdokumente f\u00fcr Ihre \u00dcbersetzungs- und Grafikdesign-Bed\u00fcrfnisse verwenden. In diesem Fall ist\u00a0<em>Trusted Translations<\/em>\u00a0Ihre L\u00f6sung. Wir arbeiten nicht nur mit den fachkundigsten und erfahrensten \u00dcbersetzern in der Branche, sondern haben auch ein firmeninternes Desktop-Publishing-Expertenteam, das sich auf das mit \u00dcbersetzungen einhergehende Design spezialisiert hat. Des Weiteren werden wir auf Anfrage mit dem Designteam Ihres Unternehmens arbeiten."},"state":{"type":"textfield","raw":""},"city":{"type":"textarea","raw":[]}}},"_links":{"self":[{"href":"https:\/\/www.trustedtranslations.com\/de\/wp-json\/wp\/v2\/pages\/129430","targetHints":{"allow":["GET"]}}],"collection":[{"href":"https:\/\/www.trustedtranslations.com\/de\/wp-json\/wp\/v2\/pages"}],"about":[{"href":"https:\/\/www.trustedtranslations.com\/de\/wp-json\/wp\/v2\/types\/page"}],"author":[{"embeddable":true,"href":"https:\/\/www.trustedtranslations.com\/de\/wp-json\/wp\/v2\/users\/1"}],"replies":[{"embeddable":true,"href":"https:\/\/www.trustedtranslations.com\/de\/wp-json\/wp\/v2\/comments?post=129430"}],"version-history":[{"count":0,"href":"https:\/\/www.trustedtranslations.com\/de\/wp-json\/wp\/v2\/pages\/129430\/revisions"}],"up":[{"embeddable":true,"href":"https:\/\/www.trustedtranslations.com\/de\/wp-json\/wp\/v2\/pages\/129442"}],"wp:featuredmedia":[{"embeddable":true,"href":"https:\/\/www.trustedtranslations.com\/de\/wp-json\/wp\/v2\/media\/238275"}],"wp:attachment":[{"href":"https:\/\/www.trustedtranslations.com\/de\/wp-json\/wp\/v2\/media?parent=129430"}],"curies":[{"name":"wp","href":"https:\/\/api.w.org\/{rel}","templated":true}]}}