{"id":129435,"date":"2018-11-13T16:38:47","date_gmt":"2018-11-13T16:38:47","guid":{"rendered":"https:\/\/www.trustedtranslations.com\/?page_id=129435"},"modified":"2024-09-02T17:19:46","modified_gmt":"2024-09-02T20:19:46","slug":"indesign","status":"publish","type":"page","link":"https:\/\/www.trustedtranslations.com\/de\/dienstleistungen\/dateiformate\/indesign","title":{"rendered":"Adobe InDesign"},"content":{"rendered":"","protected":false},"excerpt":{"rendered":"","protected":false},"author":1,"featured_media":237993,"parent":129442,"menu_order":2,"comment_status":"closed","ping_status":"closed","template":"","meta":{"site-sidebar-layout":"default","site-content-layout":"default","ast-site-content-layout":"default","site-content-style":"default","site-sidebar-style":"default","ast-global-header-display":"","ast-banner-title-visibility":"","ast-main-header-display":"","ast-hfb-above-header-display":"","ast-hfb-below-header-display":"","ast-hfb-mobile-header-display":"","site-post-title":"disabled","ast-breadcrumbs-content":"","ast-featured-img":"","footer-sml-layout":"","ast-disable-related-posts":"","theme-transparent-header-meta":"default","adv-header-id-meta":"","stick-header-meta":"","header-above-stick-meta":"","header-main-stick-meta":"","header-below-stick-meta":"","astra-migrate-meta-layouts":"set","ast-page-background-enabled":"default","ast-page-background-meta":{"desktop":{"background-color":"var(--ast-global-color-4)","background-image":"","background-repeat":"repeat","background-position":"center center","background-size":"auto","background-attachment":"scroll","background-type":"","background-media":"","overlay-type":"","overlay-color":"","overlay-opacity":"","overlay-gradient":""},"tablet":{"background-color":"","background-image":"","background-repeat":"repeat","background-position":"center center","background-size":"auto","background-attachment":"scroll","background-type":"","background-media":"","overlay-type":"","overlay-color":"","overlay-opacity":"","overlay-gradient":""},"mobile":{"background-color":"","background-image":"","background-repeat":"repeat","background-position":"center center","background-size":"auto","background-attachment":"scroll","background-type":"","background-media":"","overlay-type":"","overlay-color":"","overlay-opacity":"","overlay-gradient":""}},"ast-content-background-meta":{"desktop":{"background-color":"var(--ast-global-color-5)","background-image":"","background-repeat":"repeat","background-position":"center center","background-size":"auto","background-attachment":"scroll","background-type":"","background-media":"","overlay-type":"","overlay-color":"","overlay-opacity":"","overlay-gradient":""},"tablet":{"background-color":"var(--ast-global-color-5)","background-image":"","background-repeat":"repeat","background-position":"center center","background-size":"auto","background-attachment":"scroll","background-type":"","background-media":"","overlay-type":"","overlay-color":"","overlay-opacity":"","overlay-gradient":""},"mobile":{"background-color":"var(--ast-global-color-5)","background-image":"","background-repeat":"repeat","background-position":"center center","background-size":"auto","background-attachment":"scroll","background-type":"","background-media":"","overlay-type":"","overlay-color":"","overlay-opacity":"","overlay-gradient":""}},"footnotes":""},"class_list":["post-129435","page","type-page","status-publish","has-post-thumbnail","hentry"],"yoast_head":"<!-- This site is optimized with the Yoast SEO plugin v27.3 - https:\/\/yoast.com\/product\/yoast-seo-wordpress\/ -->\n<title>Adobe InDesign-\u00dcbersetzungsdienstleistungen \u2013 Trusted Translations, Inc.<\/title>\n<meta name=\"description\" content=\"Arbeiten Sie mit Trusted Translations f\u00fcr Ihre \u00dcbersetzungsbed\u00fcrfnisse bei Adobe InDesign zusammen: \u00dcbersetzen Sie Brosch\u00fcren, Zeitungen, E-Books oder jegliche anderen gedruckten oder Online-Medien\" \/>\n<meta name=\"robots\" content=\"index, follow, max-snippet:-1, max-image-preview:large, max-video-preview:-1\" \/>\n<link rel=\"canonical\" href=\"https:\/\/www.trustedtranslations.com\/de\/dienstleistungen\/dateiformate\/indesign\" \/>\n<meta property=\"og:locale\" content=\"de_DE\" \/>\n<meta property=\"og:type\" content=\"article\" \/>\n<meta property=\"og:title\" content=\"Adobe InDesign-\u00dcbersetzungsdienstleistungen \u2013 Trusted Translations, Inc.\" \/>\n<meta property=\"og:description\" content=\"Arbeiten Sie mit Trusted Translations f\u00fcr Ihre \u00dcbersetzungsbed\u00fcrfnisse bei Adobe InDesign zusammen: \u00dcbersetzen Sie Brosch\u00fcren, Zeitungen, E-Books oder jegliche anderen gedruckten oder Online-Medien\" \/>\n<meta property=\"og:url\" content=\"https:\/\/www.trustedtranslations.com\/de\/dienstleistungen\/dateiformate\/indesign\" \/>\n<meta property=\"og:site_name\" content=\"Trusted Translations, Inc.\" \/>\n<meta property=\"article:publisher\" content=\"https:\/\/www.facebook.com\/Trusted.Translations\" \/>\n<meta property=\"article:modified_time\" content=\"2024-09-02T20:19:46+00:00\" \/>\n<meta property=\"og:image\" content=\"https:\/\/static.trustedtranslations.com\/wp-content\/uploads\/2024\/02\/tt-icon_Adobe-InDesign-Translati.webp\" \/>\n\t<meta property=\"og:image:width\" content=\"151\" \/>\n\t<meta property=\"og:image:height\" content=\"151\" \/>\n\t<meta property=\"og:image:type\" content=\"image\/webp\" \/>\n<meta name=\"twitter:card\" content=\"summary_large_image\" \/>\n<meta name=\"twitter:site\" content=\"@TrustedT9ns\" \/>\n<script type=\"application\/ld+json\" class=\"yoast-schema-graph\">{\"@context\":\"https:\\\/\\\/schema.org\",\"@graph\":[{\"@type\":\"WebPage\",\"@id\":\"https:\\\/\\\/www.trustedtranslations.com\\\/de\\\/dienstleistungen\\\/dateiformate\\\/indesign\",\"url\":\"https:\\\/\\\/www.trustedtranslations.com\\\/de\\\/dienstleistungen\\\/dateiformate\\\/indesign\",\"name\":\"Adobe InDesign-\u00dcbersetzungsdienstleistungen \u2013 Trusted Translations, Inc.\",\"isPartOf\":{\"@id\":\"https:\\\/\\\/www.trustedtranslations.com\\\/de\\\/#website\"},\"primaryImageOfPage\":{\"@id\":\"https:\\\/\\\/www.trustedtranslations.com\\\/de\\\/dienstleistungen\\\/dateiformate\\\/indesign#primaryimage\"},\"image\":{\"@id\":\"https:\\\/\\\/www.trustedtranslations.com\\\/de\\\/dienstleistungen\\\/dateiformate\\\/indesign#primaryimage\"},\"thumbnailUrl\":\"https:\\\/\\\/www.trustedtranslations.com\\\/wp-content\\\/uploads\\\/2024\\\/02\\\/tt-icon_Adobe-InDesign-Translati.webp\",\"description\":\"Arbeiten Sie mit Trusted Translations f\u00fcr Ihre \u00dcbersetzungsbed\u00fcrfnisse bei Adobe InDesign zusammen: \u00dcbersetzen Sie Brosch\u00fcren, Zeitungen, E-Books oder jegliche anderen gedruckten oder Online-Medien\",\"breadcrumb\":{\"@id\":\"https:\\\/\\\/www.trustedtranslations.com\\\/de\\\/dienstleistungen\\\/dateiformate\\\/indesign#breadcrumb\"},\"inLanguage\":\"de\",\"potentialAction\":[{\"@type\":\"ReadAction\",\"target\":[\"https:\\\/\\\/www.trustedtranslations.com\\\/de\\\/dienstleistungen\\\/dateiformate\\\/indesign\"]}]},{\"@type\":\"ImageObject\",\"inLanguage\":\"de\",\"@id\":\"https:\\\/\\\/www.trustedtranslations.com\\\/de\\\/dienstleistungen\\\/dateiformate\\\/indesign#primaryimage\",\"url\":\"https:\\\/\\\/www.trustedtranslations.com\\\/wp-content\\\/uploads\\\/2024\\\/02\\\/tt-icon_Adobe-InDesign-Translati.webp\",\"contentUrl\":\"https:\\\/\\\/www.trustedtranslations.com\\\/wp-content\\\/uploads\\\/2024\\\/02\\\/tt-icon_Adobe-InDesign-Translati.webp\",\"width\":151,\"height\":151,\"caption\":\"tt icon Adobe InDesign Translati\"},{\"@type\":\"BreadcrumbList\",\"@id\":\"https:\\\/\\\/www.trustedtranslations.com\\\/de\\\/dienstleistungen\\\/dateiformate\\\/indesign#breadcrumb\",\"itemListElement\":[{\"@type\":\"ListItem\",\"position\":1,\"name\":\"Home\",\"item\":\"https:\\\/\\\/www.trustedtranslations.com\\\/de\"},{\"@type\":\"ListItem\",\"position\":2,\"name\":\"Dienstleistungen\",\"item\":\"https:\\\/\\\/www.trustedtranslations.com\\\/de\\\/dienstleistungen\"},{\"@type\":\"ListItem\",\"position\":3,\"name\":\"Dateiformate\",\"item\":\"https:\\\/\\\/www.trustedtranslations.com\\\/de\\\/dienstleistungen\\\/dateiformate\"},{\"@type\":\"ListItem\",\"position\":4,\"name\":\"Adobe InDesign\"}]},{\"@type\":\"WebSite\",\"@id\":\"https:\\\/\\\/www.trustedtranslations.com\\\/de\\\/#website\",\"url\":\"https:\\\/\\\/www.trustedtranslations.com\\\/de\\\/\",\"name\":\"Trusted Translations, Inc.\",\"description\":\"Leader in translation and interpretation services.\",\"publisher\":{\"@id\":\"https:\\\/\\\/www.trustedtranslations.com\\\/de\\\/#organization\"},\"alternateName\":\"Trusted Translations\",\"potentialAction\":[{\"@type\":\"SearchAction\",\"target\":{\"@type\":\"EntryPoint\",\"urlTemplate\":\"https:\\\/\\\/www.trustedtranslations.com\\\/de\\\/?s={search_term_string}\"},\"query-input\":{\"@type\":\"PropertyValueSpecification\",\"valueRequired\":true,\"valueName\":\"search_term_string\"}}],\"inLanguage\":\"de\"},{\"@type\":\"Organization\",\"@id\":\"https:\\\/\\\/www.trustedtranslations.com\\\/de\\\/#organization\",\"name\":\"Trusted Translations\",\"alternateName\":\"Trusted Translations, Inc.\",\"url\":\"https:\\\/\\\/www.trustedtranslations.com\\\/de\\\/\",\"logo\":{\"@type\":\"ImageObject\",\"inLanguage\":\"de\",\"@id\":\"https:\\\/\\\/www.trustedtranslations.com\\\/de\\\/#\\\/schema\\\/logo\\\/image\\\/\",\"url\":\"https:\\\/\\\/static.trustedtranslations.com\\\/wp-content\\\/uploads\\\/2022\\\/01\\\/TT_logo_WSIColors-2.png\",\"contentUrl\":\"https:\\\/\\\/static.trustedtranslations.com\\\/wp-content\\\/uploads\\\/2022\\\/01\\\/TT_logo_WSIColors-2.png\",\"width\":500,\"height\":196,\"caption\":\"Trusted Translations\"},\"image\":{\"@id\":\"https:\\\/\\\/www.trustedtranslations.com\\\/de\\\/#\\\/schema\\\/logo\\\/image\\\/\"},\"sameAs\":[\"https:\\\/\\\/www.facebook.com\\\/Trusted.Translations\",\"https:\\\/\\\/x.com\\\/TrustedT9ns\",\"https:\\\/\\\/www.linkedin.com\\\/company\\\/trusted-translations\"]}]}<\/script>\n<!-- \/ Yoast SEO plugin. -->","yoast_head_json":{"title":"Adobe InDesign-\u00dcbersetzungsdienstleistungen \u2013 Trusted Translations, Inc.","description":"Arbeiten Sie mit Trusted Translations f\u00fcr Ihre \u00dcbersetzungsbed\u00fcrfnisse bei Adobe InDesign zusammen: \u00dcbersetzen Sie Brosch\u00fcren, Zeitungen, E-Books oder jegliche anderen gedruckten oder Online-Medien","robots":{"index":"index","follow":"follow","max-snippet":"max-snippet:-1","max-image-preview":"max-image-preview:large","max-video-preview":"max-video-preview:-1"},"canonical":"https:\/\/www.trustedtranslations.com\/de\/dienstleistungen\/dateiformate\/indesign","og_locale":"de_DE","og_type":"article","og_title":"Adobe InDesign-\u00dcbersetzungsdienstleistungen \u2013 Trusted Translations, Inc.","og_description":"Arbeiten Sie mit Trusted Translations f\u00fcr Ihre \u00dcbersetzungsbed\u00fcrfnisse bei Adobe InDesign zusammen: \u00dcbersetzen Sie Brosch\u00fcren, Zeitungen, E-Books oder jegliche anderen gedruckten oder Online-Medien","og_url":"https:\/\/www.trustedtranslations.com\/de\/dienstleistungen\/dateiformate\/indesign","og_site_name":"Trusted Translations, Inc.","article_publisher":"https:\/\/www.facebook.com\/Trusted.Translations","article_modified_time":"2024-09-02T20:19:46+00:00","og_image":[{"width":151,"height":151,"url":"https:\/\/static.trustedtranslations.com\/wp-content\/uploads\/2024\/02\/tt-icon_Adobe-InDesign-Translati.webp","type":"image\/webp"}],"twitter_card":"summary_large_image","twitter_site":"@TrustedT9ns","schema":{"@context":"https:\/\/schema.org","@graph":[{"@type":"WebPage","@id":"https:\/\/www.trustedtranslations.com\/de\/dienstleistungen\/dateiformate\/indesign","url":"https:\/\/www.trustedtranslations.com\/de\/dienstleistungen\/dateiformate\/indesign","name":"Adobe InDesign-\u00dcbersetzungsdienstleistungen \u2013 Trusted Translations, Inc.","isPartOf":{"@id":"https:\/\/www.trustedtranslations.com\/de\/#website"},"primaryImageOfPage":{"@id":"https:\/\/www.trustedtranslations.com\/de\/dienstleistungen\/dateiformate\/indesign#primaryimage"},"image":{"@id":"https:\/\/www.trustedtranslations.com\/de\/dienstleistungen\/dateiformate\/indesign#primaryimage"},"thumbnailUrl":"https:\/\/www.trustedtranslations.com\/wp-content\/uploads\/2024\/02\/tt-icon_Adobe-InDesign-Translati.webp","description":"Arbeiten Sie mit Trusted Translations f\u00fcr Ihre \u00dcbersetzungsbed\u00fcrfnisse bei Adobe InDesign zusammen: \u00dcbersetzen Sie Brosch\u00fcren, Zeitungen, E-Books oder jegliche anderen gedruckten oder Online-Medien","breadcrumb":{"@id":"https:\/\/www.trustedtranslations.com\/de\/dienstleistungen\/dateiformate\/indesign#breadcrumb"},"inLanguage":"de","potentialAction":[{"@type":"ReadAction","target":["https:\/\/www.trustedtranslations.com\/de\/dienstleistungen\/dateiformate\/indesign"]}]},{"@type":"ImageObject","inLanguage":"de","@id":"https:\/\/www.trustedtranslations.com\/de\/dienstleistungen\/dateiformate\/indesign#primaryimage","url":"https:\/\/www.trustedtranslations.com\/wp-content\/uploads\/2024\/02\/tt-icon_Adobe-InDesign-Translati.webp","contentUrl":"https:\/\/www.trustedtranslations.com\/wp-content\/uploads\/2024\/02\/tt-icon_Adobe-InDesign-Translati.webp","width":151,"height":151,"caption":"tt icon Adobe InDesign Translati"},{"@type":"BreadcrumbList","@id":"https:\/\/www.trustedtranslations.com\/de\/dienstleistungen\/dateiformate\/indesign#breadcrumb","itemListElement":[{"@type":"ListItem","position":1,"name":"Home","item":"https:\/\/www.trustedtranslations.com\/de"},{"@type":"ListItem","position":2,"name":"Dienstleistungen","item":"https:\/\/www.trustedtranslations.com\/de\/dienstleistungen"},{"@type":"ListItem","position":3,"name":"Dateiformate","item":"https:\/\/www.trustedtranslations.com\/de\/dienstleistungen\/dateiformate"},{"@type":"ListItem","position":4,"name":"Adobe InDesign"}]},{"@type":"WebSite","@id":"https:\/\/www.trustedtranslations.com\/de\/#website","url":"https:\/\/www.trustedtranslations.com\/de\/","name":"Trusted Translations, Inc.","description":"Leader in translation and interpretation services.","publisher":{"@id":"https:\/\/www.trustedtranslations.com\/de\/#organization"},"alternateName":"Trusted Translations","potentialAction":[{"@type":"SearchAction","target":{"@type":"EntryPoint","urlTemplate":"https:\/\/www.trustedtranslations.com\/de\/?s={search_term_string}"},"query-input":{"@type":"PropertyValueSpecification","valueRequired":true,"valueName":"search_term_string"}}],"inLanguage":"de"},{"@type":"Organization","@id":"https:\/\/www.trustedtranslations.com\/de\/#organization","name":"Trusted Translations","alternateName":"Trusted Translations, Inc.","url":"https:\/\/www.trustedtranslations.com\/de\/","logo":{"@type":"ImageObject","inLanguage":"de","@id":"https:\/\/www.trustedtranslations.com\/de\/#\/schema\/logo\/image\/","url":"https:\/\/static.trustedtranslations.com\/wp-content\/uploads\/2022\/01\/TT_logo_WSIColors-2.png","contentUrl":"https:\/\/static.trustedtranslations.com\/wp-content\/uploads\/2022\/01\/TT_logo_WSIColors-2.png","width":500,"height":196,"caption":"Trusted Translations"},"image":{"@id":"https:\/\/www.trustedtranslations.com\/de\/#\/schema\/logo\/image\/"},"sameAs":["https:\/\/www.facebook.com\/Trusted.Translations","https:\/\/x.com\/TrustedT9ns","https:\/\/www.linkedin.com\/company\/trusted-translations"]}]}},"toolset-meta":{"dyk":{"mensaje-1":{"type":"textfield","raw":"Wir \u00fcbersetzen Brosch\u00fcren, Magazine, Poster, E-Books und andere gedruckte oder Online-Medien."},"mensaje-2":{"type":"textfield","raw":"Unsere Experten \u00fcbersetzen Ihre Medien professionell, damit Sie ein breiteres Publikum erreichen."},"mensaje-3":{"type":"textfield","raw":"Ihr \u00fcbersetztes Adobe InDesign-Dokument wird Ihnen in seinem urspr\u00fcnglichen Format und Layout zur\u00fcckgegeben."},"mensaje-4":{"type":"textfield","raw":"Wir liefern die genauesten Adobe InDesign-\u00dcbersetzungen, druckfertig."},"mensaje-5":{"type":"textfield","raw":""},"mensaje-6":{"type":"textfield","raw":""}},"single-page-template-fields":{"imgs-temp":{"type":"image","raw":["https:\/\/static.trustedtranslations.com\/wp-content\/uploads\/2024\/06\/Group-150.webp"],"repeatable":[{"raw":"https:\/\/static.trustedtranslations.com\/wp-content\/uploads\/2024\/06\/Group-150.webp"}]},"imgs-temp-cel":{"type":"image","raw":[""],"repeatable":[{"raw":""}]},"img-temp-one-cel":{"type":"image","raw":"https:\/\/static.trustedtranslations.com\/wp-content\/uploads\/2024\/06\/AdobeStock_321775776_Editorial_U.webp","attachment_id":null},"quotes":{"type":"textarea","raw":"<h1 style=\"margin-bottom: 12px;\">\u00dcbersetzungsdienstleistungen f\u00fcr Adobe InDesign-Dateien<\/h1>\r\nWenn Sie Ihre Brosch\u00fcren, Magazine, Poster, Zeitungen, E-Books oder andere Print- oder Online-Medien \u00fcbersetzen m\u00f6chten, ist Trusted Translations die beste Wahl f\u00fcr genau \u00fcbersetzte und professionell gestaltete Adobe InDesign-\u00dcbersetzungen. Unsere branchenspezifischen \u00dcbersetzer werden Ihre Adobe InDesign-Medienkreationen genau \u00fcbersetzen, damit sie an ein breiteres Publikum verbreitet werden k\u00f6nnen. Unser firmeneigenes Design-Team wird sicherstellen, dass es nahtlos f\u00fcr den sofortigen Einsatz formatiert ist.\r\n<div style=\"margin-top: 2.5vw;\"><a class=\"tt-btn-main-cta\" href=\"\/de\/angebot\">KOSTENLOSEN KOSTENVORANSCHLAG ANFORDERN<\/a><\/div>"},"text-1":{"type":"textarea","raw":"<h2>\u00dcbersetzungsprozess bei Adobe InDesign-Dokumenten<\/h2>\r\nEine Adobe InDesign-Dokument\u00fcbersetzung kann einen von zwei Prozessen umfassen. Dieser Unterschied h\u00e4ngt haupts\u00e4chlich von der Art des Dokuments ab, das wir erhalten, egal ob es im Adobe InDesign-Format oder im PDF-Format vorliegt, und er bestimmt, welchen Prozess es f\u00fcr die \u00dcbersetzung durchlaufen wird.\r\n<h3>\u00dcbersetzen Ihrer InDesign-Dateien<\/h3>\r\nDie erste und einfachste Methode der \u00dcbersetzung beginnt, wenn wir ein Original Adobe InDesign-Dokument erhalten, das von unseren computergest\u00fctzten \u00dcbersetzungs-Tools (CAT-Tools) angenommen wird. Dadurch entf\u00e4llt die Notwendigkeit zus\u00e4tzlicher Vor\u00fcbersetzungsschritte f\u00fcr das Dokument, und unsere professionellen \u00dcbersetzer k\u00f6nnen sofort mit der genauen und zeitgerechten Bearbeitung der \u00dcbersetzung beginnen. Unsere branchenspezifischen \u00dcbersetzer stellen sicher, dass Sie eine spezialisierte \u00dcbersetzung f\u00fcr alle Ihre gedruckten oder Online-Medien erhalten, damit Sie ein breiteres Publikum ansprechen k\u00f6nnen. Nach der \u00dcbersetzung wird das Dokument von unserem Desktop-Publishing-Team professionell formatiert und gestaltet. Auch Dokumente mit Grafiken, eingebetteten Bildern oder einem komplexen Design-Layout werden Ihnen so bereitgestellt, dass Sie diese sofort einsetzen k\u00f6nnen."},"shortcode-map":{"type":"textfield","raw":""},"dyk-shortcode":{"type":"textfield","raw":"[elementor-template id=\"146647\"]"},"text-2":{"type":"textarea","raw":"<h3>Konvertieren Ihrer PDF-Dateien in InDesign-Dateien<\/h3>\r\nEs ist durchaus \u00fcblich, dass wir ein Adobe InDesign-Dokument im PDF-Format erhalten. Falls wir das Dokument nicht im urspr\u00fcnglichen Adobe InDesign-Format erhalten, wird das Dokument automatisch an unser professionelles firmeneigenes Desktop-Publishing-Team geleitet, das Ihre PDF-Dokumente im Adobe InDesign-Format neu erstellen kann. Der erste Schritt unseres DTP-Teams besteht darin, den Text aus dem PDF-Dokument zu extrahieren. Hierdurch k\u00f6nnen unsere \u00dcbersetzer mit unseren computergest\u00fctzten \u00dcbersetzungs-Tools (CAT-Tools) arbeiten, was wiederum eine genauere \u00dcbersetzung erm\u00f6glicht. Unsere professionellen branchenspezifischen \u00dcbersetzer sind Experten in mehreren Bereichen, weswegen Sie Ihre spezifische Zielgruppe besser ansprechen k\u00f6nnen. Der \u00fcbersetzte Text wird dann an unser Desktop- Publishing (DTP) -Team zur\u00fcckgegeben, um ihn nahtlos in das urspr\u00fcngliche Layout und Format des Dokuments zur\u00fcckzusetzen und es so aussehen zu lassen, als ob es nie \u00fcbersetzt worden w\u00e4re.\r\n<h2>Desktop-Publishing (DTP) f\u00fcr Adobe InDesign<\/h2>\r\nBei Adobe InDesign-\u00dcbersetzungen ist fast immer ein Desktop-Publishing (DTP)-Schritt erforderlich. In vielen F\u00e4llen durchgeht das Dokument w\u00e4hrend des \u00dcbersetzungsprozesses nicht nur einmal einen Desktop-Publishing-Schritt, sondern zweimal: einmal vor der \u00dcbersetzung, um den Text zu extrahieren, und einmal nach der \u00dcbersetzung, um den Text wieder neu in die Abbildungen zu integrieren und das Design neu zu formatieren. Eine einfache \u00dcbersetzung kann ziemlich umst\u00e4ndlich werden, wenn Sie verschiedene Ausgangsdokumente f\u00fcr Ihre \u00dcbersetzungs- und Grafikdesign-Bed\u00fcrfnisse verwenden. In diesem Fall ist\u00a0<em>Trusted Translations<\/em>\u00a0Ihre L\u00f6sung aus einer Hand. Wir arbeiten nicht nur mit den fachkundigsten und erfahrensten \u00dcbersetzern in der Branche, sondern haben auch ein kompetentes firmeneigenes Desktop-Publishing (DTP)-Team, das sich auf das mit \u00dcbersetzungen einhergehende Design spezialisiert hat. Dies erm\u00f6glicht uns, Ihnen eine vollst\u00e4ndig einsatzbereite oder druckfertige Adobe InDesign-Kreation zur Verf\u00fcgung zu stellen. Wenn Sie mit\u00a0<em>Trusted Translations<\/em>\u00a0an einem Adobe InDesign-\u00dcbersetzungsprojekt zusammenarbeiten, erhalten Sie garantiert nicht nur eine professionelle \u00dcbersetzung, sondern ein vollst\u00e4ndig f\u00fcr den Desktop entwickeltes und druckfertiges Produkt.\r\n<h2>InDesign druckfertig<\/h2>\r\nWenn Sie sich bei einem InDesign-\u00dcbersetzungsprojekt f\u00fcr die Zusammenarbeit mit\u00a0<em>Trusted Translations<\/em>\u00a0entscheiden, stellen wir sicher, dass jeder Schritt des Prozesses sorgf\u00e4ltig ausgef\u00fchrt wird. Wenn Sie Ihre Adobe InDesign-Kreationen drucken m\u00f6chten, liefert unser kompetentes Desktop-Publishing-Team das genaueste und qualitativ hochwertigste PDF-Dokument, das sofort druckbereit ist. Au\u00dferdem wird\u00a0<em>Trusted Translations<\/em>\u00a0auf Anfrage mit Ihrem firmeneigenen Design-Team oder dem Ihres Kunden zusammenarbeiten.\r\n\r\nWenn Sie mit\u00a0<em>Trusted Translations<\/em>, arbeiten, werden Ihre \u00fcbersetzten Adobe InDesign-Kreationen in ihrem urspr\u00fcnglichen Format und Layout an Sie zur\u00fcckgegeben, ohne dass zus\u00e4tzliche Schritte erforderlich sind."},"state":{"type":"textfield","raw":""},"city":{"type":"textarea","raw":[]}}},"_links":{"self":[{"href":"https:\/\/www.trustedtranslations.com\/de\/wp-json\/wp\/v2\/pages\/129435","targetHints":{"allow":["GET"]}}],"collection":[{"href":"https:\/\/www.trustedtranslations.com\/de\/wp-json\/wp\/v2\/pages"}],"about":[{"href":"https:\/\/www.trustedtranslations.com\/de\/wp-json\/wp\/v2\/types\/page"}],"author":[{"embeddable":true,"href":"https:\/\/www.trustedtranslations.com\/de\/wp-json\/wp\/v2\/users\/1"}],"replies":[{"embeddable":true,"href":"https:\/\/www.trustedtranslations.com\/de\/wp-json\/wp\/v2\/comments?post=129435"}],"version-history":[{"count":0,"href":"https:\/\/www.trustedtranslations.com\/de\/wp-json\/wp\/v2\/pages\/129435\/revisions"}],"up":[{"embeddable":true,"href":"https:\/\/www.trustedtranslations.com\/de\/wp-json\/wp\/v2\/pages\/129442"}],"wp:featuredmedia":[{"embeddable":true,"href":"https:\/\/www.trustedtranslations.com\/de\/wp-json\/wp\/v2\/media\/237993"}],"wp:attachment":[{"href":"https:\/\/www.trustedtranslations.com\/de\/wp-json\/wp\/v2\/media?parent=129435"}],"curies":[{"name":"wp","href":"https:\/\/api.w.org\/{rel}","templated":true}]}}