{"id":129442,"date":"2018-11-13T15:34:21","date_gmt":"2018-11-13T15:34:21","guid":{"rendered":"https:\/\/www.trustedtranslations.com\/?page_id=129442"},"modified":"2024-09-02T17:18:46","modified_gmt":"2024-09-02T20:18:46","slug":"dateiformate","status":"publish","type":"page","link":"https:\/\/www.trustedtranslations.com\/de\/dienstleistungen\/dateiformate","title":{"rendered":"Dateiformate"},"content":{"rendered":"","protected":false},"excerpt":{"rendered":"","protected":false},"author":1,"featured_media":139628,"parent":129503,"menu_order":0,"comment_status":"closed","ping_status":"closed","template":"","meta":{"site-sidebar-layout":"default","site-content-layout":"default","ast-site-content-layout":"default","site-content-style":"default","site-sidebar-style":"default","ast-global-header-display":"","ast-banner-title-visibility":"","ast-main-header-display":"","ast-hfb-above-header-display":"","ast-hfb-below-header-display":"","ast-hfb-mobile-header-display":"","site-post-title":"disabled","ast-breadcrumbs-content":"","ast-featured-img":"","footer-sml-layout":"","ast-disable-related-posts":"","theme-transparent-header-meta":"default","adv-header-id-meta":"","stick-header-meta":"","header-above-stick-meta":"","header-main-stick-meta":"","header-below-stick-meta":"","astra-migrate-meta-layouts":"set","ast-page-background-enabled":"default","ast-page-background-meta":{"desktop":{"background-color":"var(--ast-global-color-4)","background-image":"","background-repeat":"repeat","background-position":"center center","background-size":"auto","background-attachment":"scroll","background-type":"","background-media":"","overlay-type":"","overlay-color":"","overlay-opacity":"","overlay-gradient":""},"tablet":{"background-color":"","background-image":"","background-repeat":"repeat","background-position":"center center","background-size":"auto","background-attachment":"scroll","background-type":"","background-media":"","overlay-type":"","overlay-color":"","overlay-opacity":"","overlay-gradient":""},"mobile":{"background-color":"","background-image":"","background-repeat":"repeat","background-position":"center center","background-size":"auto","background-attachment":"scroll","background-type":"","background-media":"","overlay-type":"","overlay-color":"","overlay-opacity":"","overlay-gradient":""}},"ast-content-background-meta":{"desktop":{"background-color":"var(--ast-global-color-5)","background-image":"","background-repeat":"repeat","background-position":"center center","background-size":"auto","background-attachment":"scroll","background-type":"","background-media":"","overlay-type":"","overlay-color":"","overlay-opacity":"","overlay-gradient":""},"tablet":{"background-color":"var(--ast-global-color-5)","background-image":"","background-repeat":"repeat","background-position":"center center","background-size":"auto","background-attachment":"scroll","background-type":"","background-media":"","overlay-type":"","overlay-color":"","overlay-opacity":"","overlay-gradient":""},"mobile":{"background-color":"var(--ast-global-color-5)","background-image":"","background-repeat":"repeat","background-position":"center center","background-size":"auto","background-attachment":"scroll","background-type":"","background-media":"","overlay-type":"","overlay-color":"","overlay-opacity":"","overlay-gradient":""}},"footnotes":""},"class_list":["post-129442","page","type-page","status-publish","has-post-thumbnail","hentry"],"yoast_head":"<!-- This site is optimized with the Yoast SEO plugin v27.3 - https:\/\/yoast.com\/product\/yoast-seo-wordpress\/ -->\n<title>Von Trusted Translations - \u00dcbersetzungsdiensten verarbeitete Dateiformate<\/title>\n<meta name=\"description\" content=\"Bei Trusted Translations arbeiten wir mit einem Expertenteam zusammen, um Ihnen die genauesten \u00dcbersetzungsdienstleistungen in jedem Dateiformat bieten zu k\u00f6nnen.\" \/>\n<meta name=\"robots\" content=\"index, follow, max-snippet:-1, max-image-preview:large, max-video-preview:-1\" \/>\n<link rel=\"canonical\" href=\"https:\/\/www.trustedtranslations.com\/de\/dienstleistungen\/dateiformate\" \/>\n<meta property=\"og:locale\" content=\"de_DE\" \/>\n<meta property=\"og:type\" content=\"article\" \/>\n<meta property=\"og:title\" content=\"Von Trusted Translations - \u00dcbersetzungsdiensten verarbeitete Dateiformate\" \/>\n<meta property=\"og:description\" content=\"Bei Trusted Translations arbeiten wir mit einem Expertenteam zusammen, um Ihnen die genauesten \u00dcbersetzungsdienstleistungen in jedem Dateiformat bieten zu k\u00f6nnen.\" \/>\n<meta property=\"og:url\" content=\"https:\/\/www.trustedtranslations.com\/de\/dienstleistungen\/dateiformate\" \/>\n<meta property=\"og:site_name\" content=\"Trusted Translations, Inc.\" \/>\n<meta property=\"article:publisher\" content=\"https:\/\/www.facebook.com\/Trusted.Translations\" \/>\n<meta property=\"article:modified_time\" content=\"2024-09-02T20:18:46+00:00\" \/>\n<meta property=\"og:image\" content=\"https:\/\/static.trustedtranslations.com\/wp-content\/uploads\/2022\/03\/TT_NEW_FB-1.png\" \/>\n\t<meta property=\"og:image:width\" content=\"1038\" \/>\n\t<meta property=\"og:image:height\" content=\"1038\" \/>\n\t<meta property=\"og:image:type\" content=\"image\/png\" \/>\n<meta name=\"twitter:card\" content=\"summary_large_image\" \/>\n<meta name=\"twitter:site\" content=\"@TrustedT9ns\" \/>\n<script type=\"application\/ld+json\" class=\"yoast-schema-graph\">{\"@context\":\"https:\\\/\\\/schema.org\",\"@graph\":[{\"@type\":\"WebPage\",\"@id\":\"https:\\\/\\\/www.trustedtranslations.com\\\/de\\\/dienstleistungen\\\/dateiformate\",\"url\":\"https:\\\/\\\/www.trustedtranslations.com\\\/de\\\/dienstleistungen\\\/dateiformate\",\"name\":\"Von Trusted Translations - \u00dcbersetzungsdiensten verarbeitete Dateiformate\",\"isPartOf\":{\"@id\":\"https:\\\/\\\/www.trustedtranslations.com\\\/de\\\/#website\"},\"primaryImageOfPage\":{\"@id\":\"https:\\\/\\\/www.trustedtranslations.com\\\/de\\\/dienstleistungen\\\/dateiformate#primaryimage\"},\"image\":{\"@id\":\"https:\\\/\\\/www.trustedtranslations.com\\\/de\\\/dienstleistungen\\\/dateiformate#primaryimage\"},\"thumbnailUrl\":\"https:\\\/\\\/www.trustedtranslations.com\\\/wp-content\\\/uploads\\\/2022\\\/03\\\/TT_NEW_FB-1.png\",\"description\":\"Bei Trusted Translations arbeiten wir mit einem Expertenteam zusammen, um Ihnen die genauesten \u00dcbersetzungsdienstleistungen in jedem Dateiformat bieten zu k\u00f6nnen.\",\"breadcrumb\":{\"@id\":\"https:\\\/\\\/www.trustedtranslations.com\\\/de\\\/dienstleistungen\\\/dateiformate#breadcrumb\"},\"inLanguage\":\"de\",\"potentialAction\":[{\"@type\":\"ReadAction\",\"target\":[\"https:\\\/\\\/www.trustedtranslations.com\\\/de\\\/dienstleistungen\\\/dateiformate\"]}]},{\"@type\":\"ImageObject\",\"inLanguage\":\"de\",\"@id\":\"https:\\\/\\\/www.trustedtranslations.com\\\/de\\\/dienstleistungen\\\/dateiformate#primaryimage\",\"url\":\"https:\\\/\\\/www.trustedtranslations.com\\\/wp-content\\\/uploads\\\/2022\\\/03\\\/TT_NEW_FB-1.png\",\"contentUrl\":\"https:\\\/\\\/www.trustedtranslations.com\\\/wp-content\\\/uploads\\\/2022\\\/03\\\/TT_NEW_FB-1.png\",\"width\":1038,\"height\":1038,\"caption\":\"TT NEW FB 1\"},{\"@type\":\"BreadcrumbList\",\"@id\":\"https:\\\/\\\/www.trustedtranslations.com\\\/de\\\/dienstleistungen\\\/dateiformate#breadcrumb\",\"itemListElement\":[{\"@type\":\"ListItem\",\"position\":1,\"name\":\"Home\",\"item\":\"https:\\\/\\\/www.trustedtranslations.com\\\/de\"},{\"@type\":\"ListItem\",\"position\":2,\"name\":\"Dienstleistungen\",\"item\":\"https:\\\/\\\/www.trustedtranslations.com\\\/de\\\/dienstleistungen\"},{\"@type\":\"ListItem\",\"position\":3,\"name\":\"Dateiformate\"}]},{\"@type\":\"WebSite\",\"@id\":\"https:\\\/\\\/www.trustedtranslations.com\\\/de\\\/#website\",\"url\":\"https:\\\/\\\/www.trustedtranslations.com\\\/de\\\/\",\"name\":\"Trusted Translations, Inc.\",\"description\":\"Leader in translation and interpretation services.\",\"publisher\":{\"@id\":\"https:\\\/\\\/www.trustedtranslations.com\\\/de\\\/#organization\"},\"alternateName\":\"Trusted Translations\",\"potentialAction\":[{\"@type\":\"SearchAction\",\"target\":{\"@type\":\"EntryPoint\",\"urlTemplate\":\"https:\\\/\\\/www.trustedtranslations.com\\\/de\\\/?s={search_term_string}\"},\"query-input\":{\"@type\":\"PropertyValueSpecification\",\"valueRequired\":true,\"valueName\":\"search_term_string\"}}],\"inLanguage\":\"de\"},{\"@type\":\"Organization\",\"@id\":\"https:\\\/\\\/www.trustedtranslations.com\\\/de\\\/#organization\",\"name\":\"Trusted Translations\",\"alternateName\":\"Trusted Translations, Inc.\",\"url\":\"https:\\\/\\\/www.trustedtranslations.com\\\/de\\\/\",\"logo\":{\"@type\":\"ImageObject\",\"inLanguage\":\"de\",\"@id\":\"https:\\\/\\\/www.trustedtranslations.com\\\/de\\\/#\\\/schema\\\/logo\\\/image\\\/\",\"url\":\"https:\\\/\\\/static.trustedtranslations.com\\\/wp-content\\\/uploads\\\/2022\\\/01\\\/TT_logo_WSIColors-2.png\",\"contentUrl\":\"https:\\\/\\\/static.trustedtranslations.com\\\/wp-content\\\/uploads\\\/2022\\\/01\\\/TT_logo_WSIColors-2.png\",\"width\":500,\"height\":196,\"caption\":\"Trusted Translations\"},\"image\":{\"@id\":\"https:\\\/\\\/www.trustedtranslations.com\\\/de\\\/#\\\/schema\\\/logo\\\/image\\\/\"},\"sameAs\":[\"https:\\\/\\\/www.facebook.com\\\/Trusted.Translations\",\"https:\\\/\\\/x.com\\\/TrustedT9ns\",\"https:\\\/\\\/www.linkedin.com\\\/company\\\/trusted-translations\"]}]}<\/script>\n<!-- \/ Yoast SEO plugin. -->","yoast_head_json":{"title":"Von Trusted Translations - \u00dcbersetzungsdiensten verarbeitete Dateiformate","description":"Bei Trusted Translations arbeiten wir mit einem Expertenteam zusammen, um Ihnen die genauesten \u00dcbersetzungsdienstleistungen in jedem Dateiformat bieten zu k\u00f6nnen.","robots":{"index":"index","follow":"follow","max-snippet":"max-snippet:-1","max-image-preview":"max-image-preview:large","max-video-preview":"max-video-preview:-1"},"canonical":"https:\/\/www.trustedtranslations.com\/de\/dienstleistungen\/dateiformate","og_locale":"de_DE","og_type":"article","og_title":"Von Trusted Translations - \u00dcbersetzungsdiensten verarbeitete Dateiformate","og_description":"Bei Trusted Translations arbeiten wir mit einem Expertenteam zusammen, um Ihnen die genauesten \u00dcbersetzungsdienstleistungen in jedem Dateiformat bieten zu k\u00f6nnen.","og_url":"https:\/\/www.trustedtranslations.com\/de\/dienstleistungen\/dateiformate","og_site_name":"Trusted Translations, Inc.","article_publisher":"https:\/\/www.facebook.com\/Trusted.Translations","article_modified_time":"2024-09-02T20:18:46+00:00","og_image":[{"width":1038,"height":1038,"url":"https:\/\/static.trustedtranslations.com\/wp-content\/uploads\/2022\/03\/TT_NEW_FB-1.png","type":"image\/png"}],"twitter_card":"summary_large_image","twitter_site":"@TrustedT9ns","schema":{"@context":"https:\/\/schema.org","@graph":[{"@type":"WebPage","@id":"https:\/\/www.trustedtranslations.com\/de\/dienstleistungen\/dateiformate","url":"https:\/\/www.trustedtranslations.com\/de\/dienstleistungen\/dateiformate","name":"Von Trusted Translations - \u00dcbersetzungsdiensten verarbeitete Dateiformate","isPartOf":{"@id":"https:\/\/www.trustedtranslations.com\/de\/#website"},"primaryImageOfPage":{"@id":"https:\/\/www.trustedtranslations.com\/de\/dienstleistungen\/dateiformate#primaryimage"},"image":{"@id":"https:\/\/www.trustedtranslations.com\/de\/dienstleistungen\/dateiformate#primaryimage"},"thumbnailUrl":"https:\/\/www.trustedtranslations.com\/wp-content\/uploads\/2022\/03\/TT_NEW_FB-1.png","description":"Bei Trusted Translations arbeiten wir mit einem Expertenteam zusammen, um Ihnen die genauesten \u00dcbersetzungsdienstleistungen in jedem Dateiformat bieten zu k\u00f6nnen.","breadcrumb":{"@id":"https:\/\/www.trustedtranslations.com\/de\/dienstleistungen\/dateiformate#breadcrumb"},"inLanguage":"de","potentialAction":[{"@type":"ReadAction","target":["https:\/\/www.trustedtranslations.com\/de\/dienstleistungen\/dateiformate"]}]},{"@type":"ImageObject","inLanguage":"de","@id":"https:\/\/www.trustedtranslations.com\/de\/dienstleistungen\/dateiformate#primaryimage","url":"https:\/\/www.trustedtranslations.com\/wp-content\/uploads\/2022\/03\/TT_NEW_FB-1.png","contentUrl":"https:\/\/www.trustedtranslations.com\/wp-content\/uploads\/2022\/03\/TT_NEW_FB-1.png","width":1038,"height":1038,"caption":"TT NEW FB 1"},{"@type":"BreadcrumbList","@id":"https:\/\/www.trustedtranslations.com\/de\/dienstleistungen\/dateiformate#breadcrumb","itemListElement":[{"@type":"ListItem","position":1,"name":"Home","item":"https:\/\/www.trustedtranslations.com\/de"},{"@type":"ListItem","position":2,"name":"Dienstleistungen","item":"https:\/\/www.trustedtranslations.com\/de\/dienstleistungen"},{"@type":"ListItem","position":3,"name":"Dateiformate"}]},{"@type":"WebSite","@id":"https:\/\/www.trustedtranslations.com\/de\/#website","url":"https:\/\/www.trustedtranslations.com\/de\/","name":"Trusted Translations, Inc.","description":"Leader in translation and interpretation services.","publisher":{"@id":"https:\/\/www.trustedtranslations.com\/de\/#organization"},"alternateName":"Trusted Translations","potentialAction":[{"@type":"SearchAction","target":{"@type":"EntryPoint","urlTemplate":"https:\/\/www.trustedtranslations.com\/de\/?s={search_term_string}"},"query-input":{"@type":"PropertyValueSpecification","valueRequired":true,"valueName":"search_term_string"}}],"inLanguage":"de"},{"@type":"Organization","@id":"https:\/\/www.trustedtranslations.com\/de\/#organization","name":"Trusted Translations","alternateName":"Trusted Translations, Inc.","url":"https:\/\/www.trustedtranslations.com\/de\/","logo":{"@type":"ImageObject","inLanguage":"de","@id":"https:\/\/www.trustedtranslations.com\/de\/#\/schema\/logo\/image\/","url":"https:\/\/static.trustedtranslations.com\/wp-content\/uploads\/2022\/01\/TT_logo_WSIColors-2.png","contentUrl":"https:\/\/static.trustedtranslations.com\/wp-content\/uploads\/2022\/01\/TT_logo_WSIColors-2.png","width":500,"height":196,"caption":"Trusted Translations"},"image":{"@id":"https:\/\/www.trustedtranslations.com\/de\/#\/schema\/logo\/image\/"},"sameAs":["https:\/\/www.facebook.com\/Trusted.Translations","https:\/\/x.com\/TrustedT9ns","https:\/\/www.linkedin.com\/company\/trusted-translations"]}]}},"toolset-meta":{"dyk":{"mensaje-1":{"type":"textfield","raw":"Wir stellen \u00dcbersetzungen bereit, zum sofortigen Einsatz in mehreren Dateiformaten."},"mensaje-2":{"type":"textfield","raw":"Wir akzeptieren Dateien von Adobe PDF und AutoCAD bis hin zu WordPress und XML."},"mensaje-3":{"type":"textfield","raw":"Wir bieten die kompetenten Dienstleistungen unseres IT-Teams f\u00fcr die \u00dcbersetzung jedes Dateiformats an."},"mensaje-4":{"type":"textfield","raw":"Unsere Dienstleistungen umfassen die F\u00e4higkeit, mit jedem nativen Dateiformat zu arbeiten."},"mensaje-5":{"type":"textfield","raw":""},"mensaje-6":{"type":"textfield","raw":""}},"single-page-template-fields":{"imgs-temp":{"type":"image","raw":["https:\/\/static.trustedtranslations.com\/wp-content\/uploads\/2024\/04\/services-final-7-1-1.webp"],"repeatable":[{"raw":"https:\/\/static.trustedtranslations.com\/wp-content\/uploads\/2024\/04\/services-final-7-1-1.webp"}]},"imgs-temp-cel":{"type":"image","raw":[""],"repeatable":[{"raw":""}]},"img-temp-one-cel":{"type":"image","raw":"https:\/\/static.trustedtranslations.com\/wp-content\/uploads\/2023\/03\/AdobeStock_291507034_Editorial_Use_Only-2-1.jpg","attachment_id":null},"quotes":{"type":"textarea","raw":"<h1 style=\"margin-bottom: 12px;\">Dateiformate und Software<\/h1>Bei Trusted Translations arbeiten wir mit einem Team von Experten und kompetenten Fachleuten zusammen, um Ihnen die genauesten \u00dcbersetzungsdienstleistungen in jedem Dateiformat oder jeder Software bieten zu k\u00f6nnen. Unser Expertenteam aus IT-Personal, branchenspezifischen \u00dcbersetzern und Pr\u00fcfern sowie Desktop-Publishern erm\u00f6glicht es uns \u00dcbersetzungen in branchenh\u00f6chster Qualit\u00e4t zu erstellen, egal wie komplex oder herausfordernd das urspr\u00fcngliche Format oder die zu \u00fcbersetzende Software sein mag.<div style=\"margin-top: 2.5vw;\"><a class=\"tt-btn-main-cta\" href=\"\/de\/angebot\">KOSTENLOSEN KOSTENVORANSCHLAG ANFORDERN<\/a><\/div>"},"text-1":{"type":"textarea","raw":"<h2 style=\"margin-top: -10px;\">\u00dcbersetzen beliebiger Dateiformate und Software<\/h2>Trusted Translations verwendet eine effektive Plattform, die fast jedes Dateiformat und jede Software unterst\u00fctzt. Unsere \u00dcbersetzungsdienstleistungen sind ausgelegt, den \u00dcbersetzungsprozess zu vereinfachen, damit Sie sich weiterhin auf die Kernkompetenzen Ihres Unternehmens konzentrieren k\u00f6nnen. Wenn wir ein bestimmtes Dateiformat erhalten, stellen wir Ihnen ein professionell \u00fcbersetztes und designtes Produkt in seinem urspr\u00fcnglichen Dateiformat zur Verf\u00fcgung. Unsere Dienstleistung aus einer Hand umfasst alles von der Textextraktion bis zur branchenspezifischen \u00dcbersetzung und einen professionellen Design-Service, um den \u00fcbersetzten Text in das Originaldokument neu zu formatieren. Auf diese Weise m\u00fcssen Sie keine unn\u00f6tige Zeit daf\u00fcr aufbringen, separate Unternehmen f\u00fcr Ihre \u00dcbersetzungs- und Grafikdesign-Bed\u00fcrfnisse einzustellen."},"shortcode-map":{"type":"textfield","raw":""},"dyk-shortcode":{"type":"textfield","raw":"[elementor-template id=\"146647\"]"},"text-2":{"type":"textarea","raw":"<h2>Unterst\u00fctzte Dateiformate und Software<\/h2>\r\nDas professionelle Team von\u00a0<em>Trusted Translations<\/em>\u201a verf\u00fcgt \u00fcber das erforderliche Fachwissen, um, unter anderem, mit folgenden Dateiformaten und Software zu arbeiten:\r\n<ul>\r\n \t<li><a href=\"https:\/\/www.trustedtranslations.com\/de\/dienstleistungen\/dateiformate\/pdf\">Adobe Acrobat \u2013 PDF<\/a><\/li>\r\n \t<li><a href=\"https:\/\/www.trustedtranslations.com\/de\/dienstleistungen\/dateiformate\/flash\">Adobe Flash<\/a><\/li>\r\n \t<li><a class=\"broken_link\" href=\"https:\/\/www.trustedtranslations.com\/de\/dienstleistungen\/dateiformate\/framemaker\">Adobe FrameMaker<\/a><\/li>\r\n \t<li><a href=\"https:\/\/www.trustedtranslations.com\/de\/dienstleistungen\/dateiformate\/abbildungen-und-bilder\" >Adobe Illustrator<\/a><\/li>\r\n \t<li><a class=\"broken_link\" href=\"https:\/\/www.trustedtranslations.com\/de\/dienstleistungen\/dateiformate\/indesign\">Adobe InDesign<\/a><\/li>\r\n \t<li><a class=\"broken_link\" href=\"https:\/\/www.trustedtranslations.com\/de\/dienstleistungen\/dateiformate\/abbildungen-und-bilder\">Adobe Photoshop<\/a><\/li>\r\n \t<li><a href=\"https:\/\/www.trustedtranslations.com\/de\/dienstleistungen\/dateiformate\/premiere\">Adobe Premiere<\/a><\/li>\r\n \t<li>Android strings<\/li>\r\n \t<li><a href=\"https:\/\/www.trustedtranslations.com\/de\/dienstleistungen\/dateiformate\/autocad\">AutoCAD<\/a><\/li>\r\n \t<li>Zweisprachige Dateien (XLIFF, TTX, SDLXLIFF)<\/li>\r\n \t<li><a class=\"broken_link\" href=\"https:\/\/www.trustedtranslations.com\/de\/dienstleistungen\/dateiformate\/excel\">CSV<\/a><\/li>\r\n \t<li>CorelDraw<\/li>\r\n \t<li>DITA<\/li>\r\n \t<li>Drupal<\/li>\r\n \t<li>HTML-Dateien<\/li>\r\n \t<li>JSON-Dateien<\/li>\r\n \t<li>Joomla<\/li>\r\n \t<li><a class=\"broken_link\" href=\"https:\/\/www.trustedtranslations.com\/de\/dienstleistungen\/dateiformate\/lectora\">Lectora<\/a><\/li>\r\n \t<li><a href=\"https:\/\/www.trustedtranslations.com\/de\/dienstleistungen\/dateiformate\/excel\">Microsoft Excel<\/a><\/li>\r\n \t<li><a href=\"https:\/\/www.trustedtranslations.com\/de\/dienstleistungen\/dateiformate\/powerpoint\">Microsoft PowerPoint<\/a><\/li>\r\n \t<li><a class=\"broken_link\" href=\"https:\/\/www.trustedtranslations.com\/de\/dienstleistungen\/dateiformate\/project\">Microsoft Project<\/a><\/li>\r\n \t<li><a class=\"broken_link\" href=\"https:\/\/www.trustedtranslations.com\/de\/dienstleistungen\/dateiformate\/publisher\">Microsoft Publisher<\/a><\/li>\r\n \t<li><a class=\"broken_link\" href=\"https:\/\/www.trustedtranslations.com\/de\/dienstleistungen\/dateiformate\/visio\">Microsoft Visio<\/a><\/li>\r\n \t<li><a class=\"broken_link\" href=\"https:\/\/www.trustedtranslations.com\/de\/dienstleistungen\/dateiformate\/word\">Microsoft Word<\/a><\/li>\r\n \t<li>PHP<\/li>\r\n \t<li>PO gettext<\/li>\r\n \t<li><a class=\"broken_link\" href=\"https:\/\/www.trustedtranslations.com\/de\/dienstleistungen\/dateiformate\/pages-fuer-mac\">Pages f\u00fcr Mac<\/a><\/li>\r\n \t<li>Properties<\/li>\r\n \t<li><a href=\"https:\/\/www.trustedtranslations.com\/de\/dienstleistungen\/dateiformate\/quarkxpress\">QuarkXPress<\/a><\/li>\r\n \t<li><a href=\"https:\/\/www.trustedtranslations.com\/de\/dienstleistungen\/dateiformate\/robohelp-dateien\">Robohelp<\/a><\/li>\r\n \t<li>TXT<\/li>\r\n \t<li><a href=\"https:\/\/www.trustedtranslations.com\/de\/dienstleistungen\/dateiformate\/wordpress\">WordPress<\/a><\/li>\r\n \t<li>XML<\/li>\r\n \t<li>YAML<\/li>\r\n \t<li>iOS String<\/li>\r\n<\/ul>\r\n<em>Trusted Translations<\/em>\u00a0bietet nicht nur die Dienste eines kompletten \u00dcbersetzungsprozesses (\u00dcbersetzung, Lektorat, Korrekturlesen) an, sondern, wenn ein Dateiformat die speziellen Dienste des Desktop-Publishing oder unseres kompetenten IT-Teams erfordert, werden wir diese Dienstleistungen als Teil des gesamten \u00dcbersetzungsprozesses anbieten. Unser professionelles Expertenteam sorgt daf\u00fcr, dass Sie \u00dcbersetzungen von branchenh\u00f6chster Qualit\u00e4t erhalten, unabh\u00e4ngig von der L\u00e4nge oder Komplexit\u00e4t des urspr\u00fcnglichen Dateiformats. Dar\u00fcber hinaus werden unsere branchenspezifischen \u00dcbersetzer nicht nur Ihre Projekte akkurat \u00fcbersetzen, damit Sie ein breiteres globales Publikum erreichen k\u00f6nnen, sie werden sie auch lokalisieren, damit Sie Ihre Zielgruppe so pr\u00e4zise wie m\u00f6glich ansprechen k\u00f6nnen. Mit\u00a0<em>Trusted Translations<\/em>\u00a0erhalten Sie alle Ihre \u00dcbersetzungsprojekte aus einer Hand. Wir stellen alle notwendigen Ressourcen f\u00fcr einen gr\u00fcndlichen \u00dcbersetzungsprozess bereit und garantieren ein Endprodukt, das sofort einsatzbereit ist."},"state":{"type":"textfield","raw":""},"city":{"type":"textarea","raw":[]}}},"_links":{"self":[{"href":"https:\/\/www.trustedtranslations.com\/de\/wp-json\/wp\/v2\/pages\/129442","targetHints":{"allow":["GET"]}}],"collection":[{"href":"https:\/\/www.trustedtranslations.com\/de\/wp-json\/wp\/v2\/pages"}],"about":[{"href":"https:\/\/www.trustedtranslations.com\/de\/wp-json\/wp\/v2\/types\/page"}],"author":[{"embeddable":true,"href":"https:\/\/www.trustedtranslations.com\/de\/wp-json\/wp\/v2\/users\/1"}],"replies":[{"embeddable":true,"href":"https:\/\/www.trustedtranslations.com\/de\/wp-json\/wp\/v2\/comments?post=129442"}],"version-history":[{"count":0,"href":"https:\/\/www.trustedtranslations.com\/de\/wp-json\/wp\/v2\/pages\/129442\/revisions"}],"up":[{"embeddable":true,"href":"https:\/\/www.trustedtranslations.com\/de\/wp-json\/wp\/v2\/pages\/129503"}],"wp:featuredmedia":[{"embeddable":true,"href":"https:\/\/www.trustedtranslations.com\/de\/wp-json\/wp\/v2\/media\/139628"}],"wp:attachment":[{"href":"https:\/\/www.trustedtranslations.com\/de\/wp-json\/wp\/v2\/media?parent=129442"}],"curies":[{"name":"wp","href":"https:\/\/api.w.org\/{rel}","templated":true}]}}