{"id":129447,"date":"2018-11-13T13:38:19","date_gmt":"2018-11-13T13:38:19","guid":{"rendered":"https:\/\/www.trustedtranslations.com\/?page_id=129447"},"modified":"2024-09-03T15:50:01","modified_gmt":"2024-09-03T18:50:01","slug":"dolmetschen-ueber-das-telefon","status":"publish","type":"page","link":"https:\/\/www.trustedtranslations.com\/de\/dienstleistungen\/dolmetschen-ueber-das-telefon","title":{"rendered":"Dolmetschen \u00fcber das Telefon"},"content":{"rendered":"","protected":false},"excerpt":{"rendered":"","protected":false},"author":1,"featured_media":193108,"parent":129503,"menu_order":0,"comment_status":"closed","ping_status":"closed","template":"","meta":{"site-sidebar-layout":"default","site-content-layout":"default","ast-site-content-layout":"default","site-content-style":"default","site-sidebar-style":"default","ast-global-header-display":"","ast-banner-title-visibility":"","ast-main-header-display":"","ast-hfb-above-header-display":"","ast-hfb-below-header-display":"","ast-hfb-mobile-header-display":"","site-post-title":"disabled","ast-breadcrumbs-content":"","ast-featured-img":"","footer-sml-layout":"","ast-disable-related-posts":"","theme-transparent-header-meta":"default","adv-header-id-meta":"","stick-header-meta":"","header-above-stick-meta":"","header-main-stick-meta":"","header-below-stick-meta":"","astra-migrate-meta-layouts":"set","ast-page-background-enabled":"default","ast-page-background-meta":{"desktop":{"background-color":"var(--ast-global-color-4)","background-image":"","background-repeat":"repeat","background-position":"center center","background-size":"auto","background-attachment":"scroll","background-type":"","background-media":"","overlay-type":"","overlay-color":"","overlay-opacity":"","overlay-gradient":""},"tablet":{"background-color":"","background-image":"","background-repeat":"repeat","background-position":"center center","background-size":"auto","background-attachment":"scroll","background-type":"","background-media":"","overlay-type":"","overlay-color":"","overlay-opacity":"","overlay-gradient":""},"mobile":{"background-color":"","background-image":"","background-repeat":"repeat","background-position":"center center","background-size":"auto","background-attachment":"scroll","background-type":"","background-media":"","overlay-type":"","overlay-color":"","overlay-opacity":"","overlay-gradient":""}},"ast-content-background-meta":{"desktop":{"background-color":"var(--ast-global-color-5)","background-image":"","background-repeat":"repeat","background-position":"center center","background-size":"auto","background-attachment":"scroll","background-type":"","background-media":"","overlay-type":"","overlay-color":"","overlay-opacity":"","overlay-gradient":""},"tablet":{"background-color":"var(--ast-global-color-5)","background-image":"","background-repeat":"repeat","background-position":"center center","background-size":"auto","background-attachment":"scroll","background-type":"","background-media":"","overlay-type":"","overlay-color":"","overlay-opacity":"","overlay-gradient":""},"mobile":{"background-color":"var(--ast-global-color-5)","background-image":"","background-repeat":"repeat","background-position":"center center","background-size":"auto","background-attachment":"scroll","background-type":"","background-media":"","overlay-type":"","overlay-color":"","overlay-opacity":"","overlay-gradient":""}},"footnotes":""},"class_list":["post-129447","page","type-page","status-publish","has-post-thumbnail","hentry"],"yoast_head":"<!-- This site is optimized with the Yoast SEO plugin v27.5 - https:\/\/yoast.com\/product\/yoast-seo-wordpress\/ -->\n<title>Telefondolmetschdienstleistungen \u2013 Trusted Translations, Inc.<\/title>\n<meta name=\"description\" content=\"Trusted Translations, Inc. ist ein f\u00fchrender Anbieter von Dolmetscher-Dienstleistungen \u00fcber das Telefon. Rufen Sie an, um ein kostenloses Angebot oder eine kostenlose Beratung anzufordern.\" \/>\n<meta name=\"robots\" content=\"index, follow, max-snippet:-1, max-image-preview:large, max-video-preview:-1\" \/>\n<link rel=\"canonical\" href=\"https:\/\/www.trustedtranslations.com\/de\/dienstleistungen\/dolmetschen-ueber-das-telefon\" \/>\n<meta property=\"og:locale\" content=\"de_DE\" \/>\n<meta property=\"og:type\" content=\"article\" \/>\n<meta property=\"og:title\" content=\"Telefondolmetschdienstleistungen \u2013 Trusted Translations, Inc.\" \/>\n<meta property=\"og:description\" content=\"Trusted Translations, Inc. ist ein f\u00fchrender Anbieter von Dolmetscher-Dienstleistungen \u00fcber das Telefon. Rufen Sie an, um ein kostenloses Angebot oder eine kostenlose Beratung anzufordern.\" \/>\n<meta property=\"og:url\" content=\"https:\/\/www.trustedtranslations.com\/de\/dienstleistungen\/dolmetschen-ueber-das-telefon\" \/>\n<meta property=\"og:site_name\" content=\"Trusted Translations, Inc.\" \/>\n<meta property=\"article:publisher\" content=\"https:\/\/www.facebook.com\/Trusted.Translations\" \/>\n<meta property=\"article:modified_time\" content=\"2024-09-03T18:50:01+00:00\" \/>\n<meta property=\"og:image\" content=\"https:\/\/www.trustedtranslations.com\/wp-content\/uploads\/2022\/06\/tt-logo-2-1.webp\" \/>\n\t<meta property=\"og:image:width\" content=\"216\" \/>\n\t<meta property=\"og:image:height\" content=\"94\" \/>\n\t<meta property=\"og:image:type\" content=\"image\/webp\" \/>\n<meta name=\"twitter:card\" content=\"summary_large_image\" \/>\n<meta name=\"twitter:site\" content=\"@TrustedT9ns\" \/>\n<script type=\"application\/ld+json\" class=\"yoast-schema-graph\">{\"@context\":\"https:\\\/\\\/schema.org\",\"@graph\":[{\"@type\":\"WebPage\",\"@id\":\"https:\\\/\\\/www.trustedtranslations.com\\\/de\\\/dienstleistungen\\\/dolmetschen-ueber-das-telefon\",\"url\":\"https:\\\/\\\/www.trustedtranslations.com\\\/de\\\/dienstleistungen\\\/dolmetschen-ueber-das-telefon\",\"name\":\"Telefondolmetschdienstleistungen \u2013 Trusted Translations, Inc.\",\"isPartOf\":{\"@id\":\"https:\\\/\\\/www.trustedtranslations.com\\\/de\\\/#website\"},\"primaryImageOfPage\":{\"@id\":\"https:\\\/\\\/www.trustedtranslations.com\\\/de\\\/dienstleistungen\\\/dolmetschen-ueber-das-telefon#primaryimage\"},\"image\":{\"@id\":\"https:\\\/\\\/www.trustedtranslations.com\\\/de\\\/dienstleistungen\\\/dolmetschen-ueber-das-telefon#primaryimage\"},\"thumbnailUrl\":\"\",\"description\":\"Trusted Translations, Inc. ist ein f\u00fchrender Anbieter von Dolmetscher-Dienstleistungen \u00fcber das Telefon. Rufen Sie an, um ein kostenloses Angebot oder eine kostenlose Beratung anzufordern.\",\"breadcrumb\":{\"@id\":\"https:\\\/\\\/www.trustedtranslations.com\\\/de\\\/dienstleistungen\\\/dolmetschen-ueber-das-telefon#breadcrumb\"},\"inLanguage\":\"de\",\"potentialAction\":[{\"@type\":\"ReadAction\",\"target\":[\"https:\\\/\\\/www.trustedtranslations.com\\\/de\\\/dienstleistungen\\\/dolmetschen-ueber-das-telefon\"]}]},{\"@type\":\"ImageObject\",\"inLanguage\":\"de\",\"@id\":\"https:\\\/\\\/www.trustedtranslations.com\\\/de\\\/dienstleistungen\\\/dolmetschen-ueber-das-telefon#primaryimage\",\"url\":\"\",\"contentUrl\":\"\"},{\"@type\":\"BreadcrumbList\",\"@id\":\"https:\\\/\\\/www.trustedtranslations.com\\\/de\\\/dienstleistungen\\\/dolmetschen-ueber-das-telefon#breadcrumb\",\"itemListElement\":[{\"@type\":\"ListItem\",\"position\":1,\"name\":\"Home\",\"item\":\"https:\\\/\\\/www.trustedtranslations.com\\\/de\"},{\"@type\":\"ListItem\",\"position\":2,\"name\":\"Dienstleistungen\",\"item\":\"https:\\\/\\\/www.trustedtranslations.com\\\/de\\\/dienstleistungen\"},{\"@type\":\"ListItem\",\"position\":3,\"name\":\"Dolmetschen \u00fcber das Telefon\"}]},{\"@type\":\"WebSite\",\"@id\":\"https:\\\/\\\/www.trustedtranslations.com\\\/de\\\/#website\",\"url\":\"https:\\\/\\\/www.trustedtranslations.com\\\/de\\\/\",\"name\":\"Trusted Translations, Inc.\",\"description\":\"Leader in translation and interpretation services.\",\"publisher\":{\"@id\":\"https:\\\/\\\/www.trustedtranslations.com\\\/de\\\/#organization\"},\"alternateName\":\"Trusted Translations\",\"potentialAction\":[{\"@type\":\"SearchAction\",\"target\":{\"@type\":\"EntryPoint\",\"urlTemplate\":\"https:\\\/\\\/www.trustedtranslations.com\\\/de\\\/?s={search_term_string}\"},\"query-input\":{\"@type\":\"PropertyValueSpecification\",\"valueRequired\":true,\"valueName\":\"search_term_string\"}}],\"inLanguage\":\"de\"},{\"@type\":\"Organization\",\"@id\":\"https:\\\/\\\/www.trustedtranslations.com\\\/de\\\/#organization\",\"name\":\"Trusted Translations\",\"alternateName\":\"Trusted Translations, Inc.\",\"url\":\"https:\\\/\\\/www.trustedtranslations.com\\\/de\\\/\",\"logo\":{\"@type\":\"ImageObject\",\"inLanguage\":\"de\",\"@id\":\"https:\\\/\\\/www.trustedtranslations.com\\\/de\\\/#\\\/schema\\\/logo\\\/image\\\/\",\"url\":\"https:\\\/\\\/static.trustedtranslations.com\\\/wp-content\\\/uploads\\\/2022\\\/01\\\/TT_logo_WSIColors-2.png\",\"contentUrl\":\"https:\\\/\\\/static.trustedtranslations.com\\\/wp-content\\\/uploads\\\/2022\\\/01\\\/TT_logo_WSIColors-2.png\",\"width\":500,\"height\":196,\"caption\":\"Trusted Translations\"},\"image\":{\"@id\":\"https:\\\/\\\/www.trustedtranslations.com\\\/de\\\/#\\\/schema\\\/logo\\\/image\\\/\"},\"sameAs\":[\"https:\\\/\\\/www.facebook.com\\\/Trusted.Translations\",\"https:\\\/\\\/x.com\\\/TrustedT9ns\",\"https:\\\/\\\/www.linkedin.com\\\/company\\\/trusted-translations\"]}]}<\/script>\n<!-- \/ Yoast SEO plugin. -->","yoast_head_json":{"title":"Telefondolmetschdienstleistungen \u2013 Trusted Translations, Inc.","description":"Trusted Translations, Inc. ist ein f\u00fchrender Anbieter von Dolmetscher-Dienstleistungen \u00fcber das Telefon. Rufen Sie an, um ein kostenloses Angebot oder eine kostenlose Beratung anzufordern.","robots":{"index":"index","follow":"follow","max-snippet":"max-snippet:-1","max-image-preview":"max-image-preview:large","max-video-preview":"max-video-preview:-1"},"canonical":"https:\/\/www.trustedtranslations.com\/de\/dienstleistungen\/dolmetschen-ueber-das-telefon","og_locale":"de_DE","og_type":"article","og_title":"Telefondolmetschdienstleistungen \u2013 Trusted Translations, Inc.","og_description":"Trusted Translations, Inc. ist ein f\u00fchrender Anbieter von Dolmetscher-Dienstleistungen \u00fcber das Telefon. Rufen Sie an, um ein kostenloses Angebot oder eine kostenlose Beratung anzufordern.","og_url":"https:\/\/www.trustedtranslations.com\/de\/dienstleistungen\/dolmetschen-ueber-das-telefon","og_site_name":"Trusted Translations, Inc.","article_publisher":"https:\/\/www.facebook.com\/Trusted.Translations","article_modified_time":"2024-09-03T18:50:01+00:00","og_image":[{"width":216,"height":94,"url":"https:\/\/www.trustedtranslations.com\/wp-content\/uploads\/2022\/06\/tt-logo-2-1.webp","type":"image\/webp"}],"twitter_card":"summary_large_image","twitter_site":"@TrustedT9ns","schema":{"@context":"https:\/\/schema.org","@graph":[{"@type":"WebPage","@id":"https:\/\/www.trustedtranslations.com\/de\/dienstleistungen\/dolmetschen-ueber-das-telefon","url":"https:\/\/www.trustedtranslations.com\/de\/dienstleistungen\/dolmetschen-ueber-das-telefon","name":"Telefondolmetschdienstleistungen \u2013 Trusted Translations, Inc.","isPartOf":{"@id":"https:\/\/www.trustedtranslations.com\/de\/#website"},"primaryImageOfPage":{"@id":"https:\/\/www.trustedtranslations.com\/de\/dienstleistungen\/dolmetschen-ueber-das-telefon#primaryimage"},"image":{"@id":"https:\/\/www.trustedtranslations.com\/de\/dienstleistungen\/dolmetschen-ueber-das-telefon#primaryimage"},"thumbnailUrl":"","description":"Trusted Translations, Inc. ist ein f\u00fchrender Anbieter von Dolmetscher-Dienstleistungen \u00fcber das Telefon. Rufen Sie an, um ein kostenloses Angebot oder eine kostenlose Beratung anzufordern.","breadcrumb":{"@id":"https:\/\/www.trustedtranslations.com\/de\/dienstleistungen\/dolmetschen-ueber-das-telefon#breadcrumb"},"inLanguage":"de","potentialAction":[{"@type":"ReadAction","target":["https:\/\/www.trustedtranslations.com\/de\/dienstleistungen\/dolmetschen-ueber-das-telefon"]}]},{"@type":"ImageObject","inLanguage":"de","@id":"https:\/\/www.trustedtranslations.com\/de\/dienstleistungen\/dolmetschen-ueber-das-telefon#primaryimage","url":"","contentUrl":""},{"@type":"BreadcrumbList","@id":"https:\/\/www.trustedtranslations.com\/de\/dienstleistungen\/dolmetschen-ueber-das-telefon#breadcrumb","itemListElement":[{"@type":"ListItem","position":1,"name":"Home","item":"https:\/\/www.trustedtranslations.com\/de"},{"@type":"ListItem","position":2,"name":"Dienstleistungen","item":"https:\/\/www.trustedtranslations.com\/de\/dienstleistungen"},{"@type":"ListItem","position":3,"name":"Dolmetschen \u00fcber das Telefon"}]},{"@type":"WebSite","@id":"https:\/\/www.trustedtranslations.com\/de\/#website","url":"https:\/\/www.trustedtranslations.com\/de\/","name":"Trusted Translations, Inc.","description":"Leader in translation and interpretation services.","publisher":{"@id":"https:\/\/www.trustedtranslations.com\/de\/#organization"},"alternateName":"Trusted Translations","potentialAction":[{"@type":"SearchAction","target":{"@type":"EntryPoint","urlTemplate":"https:\/\/www.trustedtranslations.com\/de\/?s={search_term_string}"},"query-input":{"@type":"PropertyValueSpecification","valueRequired":true,"valueName":"search_term_string"}}],"inLanguage":"de"},{"@type":"Organization","@id":"https:\/\/www.trustedtranslations.com\/de\/#organization","name":"Trusted Translations","alternateName":"Trusted Translations, Inc.","url":"https:\/\/www.trustedtranslations.com\/de\/","logo":{"@type":"ImageObject","inLanguage":"de","@id":"https:\/\/www.trustedtranslations.com\/de\/#\/schema\/logo\/image\/","url":"https:\/\/static.trustedtranslations.com\/wp-content\/uploads\/2022\/01\/TT_logo_WSIColors-2.png","contentUrl":"https:\/\/static.trustedtranslations.com\/wp-content\/uploads\/2022\/01\/TT_logo_WSIColors-2.png","width":500,"height":196,"caption":"Trusted Translations"},"image":{"@id":"https:\/\/www.trustedtranslations.com\/de\/#\/schema\/logo\/image\/"},"sameAs":["https:\/\/www.facebook.com\/Trusted.Translations","https:\/\/x.com\/TrustedT9ns","https:\/\/www.linkedin.com\/company\/trusted-translations"]}]}},"toolset-meta":{"dyk":{"mensaje-1":{"type":"textfield","raw":"Das Telefondolmetschen (OPI) hat w\u00e4hrend der COVID-19-Pandemie sp\u00fcrbar zugenommen."},"mensaje-2":{"type":"textfield","raw":""},"mensaje-3":{"type":"textfield","raw":"Das Telefondolmetschen hilft, Reise- und Versicherungskosten zu reduzieren."},"mensaje-4":{"type":"textfield","raw":"Das Telefondolmetschen erm\u00f6glicht einen schnellen und bequemen Zugang zu Sprachunterst\u00fctzung."},"mensaje-5":{"type":"textfield","raw":""},"mensaje-6":{"type":"textfield","raw":""}},"single-page-template-fields":{"imgs-temp":{"type":"image","raw":["https:\/\/static.trustedtranslations.com\/wp-content\/uploads\/2024\/05\/phone-final-4.webp","https:\/\/static.trustedtranslations.com\/wp-content\/uploads\/2024\/05\/phone-final-2-1.webp","https:\/\/static.trustedtranslations.com\/wp-content\/uploads\/2024\/05\/phone-final-3-1.webp"],"repeatable":[{"raw":"https:\/\/static.trustedtranslations.com\/wp-content\/uploads\/2024\/05\/phone-final-4.webp"},{"raw":"https:\/\/static.trustedtranslations.com\/wp-content\/uploads\/2024\/05\/phone-final-2-1.webp"},{"raw":"https:\/\/static.trustedtranslations.com\/wp-content\/uploads\/2024\/05\/phone-final-3-1.webp"}]},"imgs-temp-cel":{"type":"image","raw":[""],"repeatable":[{"raw":""}]},"img-temp-one-cel":{"type":"image","raw":"https:\/\/static.trustedtranslations.com\/wp-content\/uploads\/2024\/05\/smiling-male-business-consultant.webp","attachment_id":null},"quotes":{"type":"textarea","raw":"<h1 style=\"margin-bottom: 12px;\">Dolmetscherdienstleistungen \u00fcber das Telefon <\/h1>Trusted Translations verf\u00fcgt \u00fcber eine spezielle Abteilung, die sich auf hochwertige, kosteneffiziente Live-Dolmetschdienstleistungen am Telefon spezialisiert hat. Wir stellen unseren Kunden routinem\u00e4\u00dfig Telefondolmetscher in \u00fcber 150 Sprachen zur Verf\u00fcgung, die 24 Stunden am Tag, 7 Tage die Woche und 365 Tage im Jahr auf Abruf zur Verf\u00fcgung stehen und dabei die neueste Telekommunikationstechnologie nutzen.<div style=\"margin-top: 2.5vw;\"><a class=\"tt-btn-main-cta\" href=\"\/de\/angebot\">KOSTENLOSEN KOSTENVORANSCHLAG ANFORDERN<\/a><\/div>"},"text-1":{"type":"textarea","raw":"<h2 style=\"margin-top: -10px;\">Rund um die Uhr auf Abruf<\/h2>Ganz gleich, ob Sie direkt in unser Dolmetschernetzwerk eingebunden sind oder sich \u00fcber eine personalisierte Telefonnummer melden, unsere Mitarbeiter sind f\u00fcr das Live-Dolmetschen aus und in \u00fcber 150 Sprachen zu allen Themenbereichen geschult. Von komplexen medizinischen Themen bis hin zu gerichtlichen Aussagen sind die telefonischen Dolmetscher (OPI) von Trusted Translations rund um die Uhr f\u00fcr Sie da, um ein produktives und erfolgreiches mehrsprachiges Meeting zu gew\u00e4hrleisten. Wie bei allen unseren Serviceangeboten h\u00e4lt sich Trusted Translations an strenge Vertraulichkeits- und Qualit\u00e4tsstandards, einschlie\u00dflich der Datenschutzbestimmungen von HIPAA.\r\n<div class=\"imgs-flex-template\">\r\n    <div>\r\n        <h2>Sprachdolmetschen \u00fcber das Telefon (OPI)<\/h2>\r\n        <p>Trusted Translations bietet ein umfassendes Angebot an Dienstleistungen, um Ihren Sprachbedarf zu decken. Dazu geh\u00f6ren auch unsere Live-Dolmetschdienstleistungen am Telefon \u2013 oft auch als OPI, menschliche Telefon-\u00dcbersetzerdienstleistungen oder einfach Telefon\u00fcbersetzungen bezeichnet. Dieser Service bietet unseren Kunden den einzigartigen Komfort, eine sichere Privatleitung anzurufen, um Zugang zu unseren Live-Dolmetschern auf Abruf zu erhalten, die in und aus \u00fcber 150 Sprachen dolmetschen k\u00f6nnen.\r\n\r\nUnser zentraler Telefondolmetschdienst ist eigentlich sehr einfach. Sie k\u00f6nnen Ihr Callcenter entweder direkt in unser OPI-Netzwerk integrieren oder eine personalisierte geb\u00fchrenfreie Dolmetschernummer anrufen. Innerhalb von Sekunden stellt Ihnen einer unserer Live-Betreuer einen fachkundigen Telefondolmetscher in der erforderlichen Sprache zur Verf\u00fcgung, um Ihnen bei Ihren Kommunikationsbed\u00fcrfnissen zu helfen.<\/p>\r\n    <\/div>\r\n    <img src=\"https:\/\/static.trustedtranslations.com\/wp-content\/uploads\/2022\/02\/AdobeStock_455815973-1-1.jpg\">\r\n<\/div>\r\nOrganisationen aller Art, darunter Krankenh\u00e4user, Fortune-500-Unternehmen, Anwaltskanzleien und gemeinn\u00fctzige Organisationen, k\u00f6nnen von dieser kosteng\u00fcnstigen, benutzerfreundlichen Telefondolmetschdienstleistung profitieren. Sie k\u00f6nnen auf unsere Nummer sogar aus dem Ausland zugreifen, um Ihnen bei Ihrer Kommunikation zu helfen, wenn Sie in nicht englischsprachigen L\u00e4ndern reisen und arbeiten. Trusted Translations kann den Anruf sogar aufzeichnen, transkribieren und Ihnen per E-Mail f\u00fcr Ihre Unterlagen zukommen lassen."},"shortcode-map":{"type":"textfield","raw":""},"dyk-shortcode":{"type":"textfield","raw":"[elementor-template id=\"146647\"]"},"text-2":{"type":"textarea","raw":"<div class=\"imgs-flex-template flex-text-2\" style=\"margin-top: -30px\">\r\n    <img src=\"https:\/\/static.trustedtranslations.com\/wp-content\/uploads\/2022\/02\/AdobeStock_206755016-1-1.jpg\">\r\n    <div class=\"p-img-width\">\r\n        <h2>Dolmetscherdienstleistungen \u00fcber das Telefon<\/h2>\r\n        <p>Trusted Translations verwendet einen bew\u00e4hrten Ansatz zur Bereitstellung hochwertiger Dolmetschdienstleistungen \u00fcber das Telefon. Unser Prozess beinhaltet den Einsatz von erfahrenen Dolmetschern in Verbindung mit erstklassiger Telekommunikationstechnologie. Trusted Translations verpflichtet sich gegen\u00fcber seinen Kunden, das ganze Jahr \u00fcber rund um die Uhr Telefondolmetschdienstleistungen anzubieten. Auf Ihren Wunsch setzen wir f\u00fcr Ihre Konferenz einen Dolmetscher ein, der auf ein bestimmtes Themengebiet spezialisiert ist. Die telefonischen Dolmetscherdienstleistungen von Trusted Translations basieren auf einer soliden Grundlage von Mitarbeitern mit Erfahrung in bestimmten Fachgebieten, die nachweislich in einem professionellen Umfeld gedolmetscht haben.<\/p>\r\n    <\/div>\r\n<\/div>\r\n<div class=\"imgs-flex-template\">\r\n    <div>\r\n        <h2>Was Sie von unseren Telefondolmetschern erwarten k\u00f6nnen<\/h2>\r\n        <p>Jedes Mal, wenn Sie Trusted Translations f\u00fcr professionelle telefonische Dolmetscher-Dienstleistungen anrufen, k\u00f6nnen Sie einen Dolmetscher mit den folgenden Eigenschaften erwarten:<\/p>\r\n        <p style=\"padding-left: 40px;\">\u2022 Professionell und h\u00f6flich\r\n        \u2022 Besitz von Fachkompetenz\r\n        \u2022 In der Lage, sich in den erforderlichen Sprachen klar auszudr\u00fccken\r\n        \u2022 An strikte Vertraulichkeitsvereinbarungen gebunden\r\n        \u2022 Technisch ausgestattet, um den Anruf auf Anfrage zu transkribieren und aufzuzeichnen<\/p>\r\n    <\/div>\r\n    <img src=\"https:\/\/static.trustedtranslations.com\/wp-content\/uploads\/2022\/02\/AdobeStock_266285934-1-1.jpg\">\r\n<\/div>\r\n<h2 style=\"margin-top: -10px;\">Die Tarife f\u00fcr das Telefondolmetschen von Trusted Translations basieren auf einem Minutenpreis, der je nach Sprache, Komplexit\u00e4t des Fachgebiets und Gesamtvolumen in Minuten variiert. Es ist wichtig, die unterschiedliche Terminologie zu verstehen, die im Zusammenhang mit Tarifen und Preisen f\u00fcr das Live-Telefondolmetschen verwendet wird. Telefondolmetschen wird auch bezeichnet als: menschliches Telefondolmetschen, Telefon\u00fcbersetzung, menschliche Telefon\u00fcbersetzungsdienstleistungen und telefonische Dolmetschdienstleistungen.\r\n\r\nW\u00e4hrend pers\u00f6nliche Dolmetscherdienste normalerweise stundenweise mit einer Mindestanzahl von Stunden abgerechnet werden, sind die meisten OPI-Dienste auf Abruf und werden nach Minuten abgerechnet. Zum Preis f\u00fcr das telefonische Dolmetschen kann zus\u00e4tzlich ein Tarif in Rechnung gestellt werden, wenn Sie sich telefonisch mit einer Drittpartei verbinden m\u00fcssen. Diese Geb\u00fchr ist normal und dient dazu, die Geb\u00fchren f\u00fcr Ferngespr\u00e4che zu decken, wenn Sie mit einem anderen Telefon verbunden sind. Sie k\u00f6nnen diese Geb\u00fchren vermeiden, indem Sie vor dem Anruf eine Konferenzbr\u00fccke einrichten. Rufen Sie uns noch heute an, um ein kostenloses Angebot zu erhalten und Wege zu finden, um die Kosten f\u00fcr Ihre telefonischen Dolmetschanforderungen zu minimieren.\r\n\r\nBei Trusted Translations  verstehen wir, dass Sie und Ihre Organisation zwar klare Ziele haben, aber auch an ein begrenztes Budget gebunden sind. Deshalb haben wir unsere telefonische Dolmetschdienstleistung so gestaltet, dass sie nicht nur einfach zu bedienen, sondern auch \u00e4u\u00dferst kosteng\u00fcnstig ist. Wir berechnen eine Flatrate pro Minute, die vom Sprachenpaar abh\u00e4ngt. Wenn Sie also nur 17 Minuten ben\u00f6tigen, werden Ihnen auch nur 17 Minuten in Rechnung gestellt. Au\u00dferdem sparen Sie durch die Vermeidung von Reise- und Versicherungskosten, die h\u00e4ufig mit pers\u00f6nlichen Dolmetscher-Dienstleistungen verbunden sind."},"state":{"type":"textfield","raw":""},"city":{"type":"textarea","raw":[]}}},"_links":{"self":[{"href":"https:\/\/www.trustedtranslations.com\/de\/wp-json\/wp\/v2\/pages\/129447","targetHints":{"allow":["GET"]}}],"collection":[{"href":"https:\/\/www.trustedtranslations.com\/de\/wp-json\/wp\/v2\/pages"}],"about":[{"href":"https:\/\/www.trustedtranslations.com\/de\/wp-json\/wp\/v2\/types\/page"}],"author":[{"embeddable":true,"href":"https:\/\/www.trustedtranslations.com\/de\/wp-json\/wp\/v2\/users\/1"}],"replies":[{"embeddable":true,"href":"https:\/\/www.trustedtranslations.com\/de\/wp-json\/wp\/v2\/comments?post=129447"}],"version-history":[{"count":0,"href":"https:\/\/www.trustedtranslations.com\/de\/wp-json\/wp\/v2\/pages\/129447\/revisions"}],"up":[{"embeddable":true,"href":"https:\/\/www.trustedtranslations.com\/de\/wp-json\/wp\/v2\/pages\/129503"}],"wp:featuredmedia":[{"embeddable":true,"href":"https:\/\/www.trustedtranslations.com\/de\/wp-json\/"}],"wp:attachment":[{"href":"https:\/\/www.trustedtranslations.com\/de\/wp-json\/wp\/v2\/media?parent=129447"}],"curies":[{"name":"wp","href":"https:\/\/api.w.org\/{rel}","templated":true}]}}