{"id":129453,"date":"2018-11-13T12:20:35","date_gmt":"2018-11-13T12:20:35","guid":{"rendered":"https:\/\/www.trustedtranslations.com\/?page_id=129453"},"modified":"2024-09-03T11:34:32","modified_gmt":"2024-09-03T14:34:32","slug":"dolmetschen-vor-ort","status":"publish","type":"page","link":"https:\/\/www.trustedtranslations.com\/de\/dienstleistungen\/dolmetschen-vor-ort","title":{"rendered":"Dolmetschen vor Ort"},"content":{"rendered":"","protected":false},"excerpt":{"rendered":"","protected":false},"author":1,"featured_media":222670,"parent":129503,"menu_order":0,"comment_status":"closed","ping_status":"closed","template":"","meta":{"site-sidebar-layout":"default","site-content-layout":"default","ast-site-content-layout":"default","site-content-style":"default","site-sidebar-style":"default","ast-global-header-display":"","ast-banner-title-visibility":"","ast-main-header-display":"","ast-hfb-above-header-display":"","ast-hfb-below-header-display":"","ast-hfb-mobile-header-display":"","site-post-title":"disabled","ast-breadcrumbs-content":"","ast-featured-img":"","footer-sml-layout":"","ast-disable-related-posts":"","theme-transparent-header-meta":"default","adv-header-id-meta":"","stick-header-meta":"","header-above-stick-meta":"","header-main-stick-meta":"","header-below-stick-meta":"","astra-migrate-meta-layouts":"set","ast-page-background-enabled":"default","ast-page-background-meta":{"desktop":{"background-color":"var(--ast-global-color-4)","background-image":"","background-repeat":"repeat","background-position":"center center","background-size":"auto","background-attachment":"scroll","background-type":"","background-media":"","overlay-type":"","overlay-color":"","overlay-opacity":"","overlay-gradient":""},"tablet":{"background-color":"","background-image":"","background-repeat":"repeat","background-position":"center center","background-size":"auto","background-attachment":"scroll","background-type":"","background-media":"","overlay-type":"","overlay-color":"","overlay-opacity":"","overlay-gradient":""},"mobile":{"background-color":"","background-image":"","background-repeat":"repeat","background-position":"center center","background-size":"auto","background-attachment":"scroll","background-type":"","background-media":"","overlay-type":"","overlay-color":"","overlay-opacity":"","overlay-gradient":""}},"ast-content-background-meta":{"desktop":{"background-color":"var(--ast-global-color-5)","background-image":"","background-repeat":"repeat","background-position":"center center","background-size":"auto","background-attachment":"scroll","background-type":"","background-media":"","overlay-type":"","overlay-color":"","overlay-opacity":"","overlay-gradient":""},"tablet":{"background-color":"var(--ast-global-color-5)","background-image":"","background-repeat":"repeat","background-position":"center center","background-size":"auto","background-attachment":"scroll","background-type":"","background-media":"","overlay-type":"","overlay-color":"","overlay-opacity":"","overlay-gradient":""},"mobile":{"background-color":"var(--ast-global-color-5)","background-image":"","background-repeat":"repeat","background-position":"center center","background-size":"auto","background-attachment":"scroll","background-type":"","background-media":"","overlay-type":"","overlay-color":"","overlay-opacity":"","overlay-gradient":""}},"footnotes":""},"class_list":["post-129453","page","type-page","status-publish","has-post-thumbnail","hentry"],"yoast_head":"<!-- This site is optimized with the Yoast SEO plugin v27.3 - https:\/\/yoast.com\/product\/yoast-seo-wordpress\/ -->\n<title>Dolmetscherdienstleistungen vor Ort \u2013 Trusted Translations, Inc.<\/title>\n<meta name=\"description\" content=\"Trusted Translations, Inc. ist ein f\u00fchrender Anbieter von Konsekutiv- und Simultandolmetscherdienstleistungen vor Ort. Rufen Sie an, um ein kostenloses Angebot oder eine kostenlose Beratung anzufordern.\" \/>\n<meta name=\"robots\" content=\"index, follow, max-snippet:-1, max-image-preview:large, max-video-preview:-1\" \/>\n<link rel=\"canonical\" href=\"https:\/\/www.trustedtranslations.com\/de\/dienstleistungen\/dolmetschen-vor-ort\" \/>\n<meta property=\"og:locale\" content=\"de_DE\" \/>\n<meta property=\"og:type\" content=\"article\" \/>\n<meta property=\"og:title\" content=\"Dolmetscherdienstleistungen vor Ort \u2013 Trusted Translations, Inc.\" \/>\n<meta property=\"og:description\" content=\"Trusted Translations, Inc. ist ein f\u00fchrender Anbieter von Konsekutiv- und Simultandolmetscherdienstleistungen vor Ort. Rufen Sie an, um ein kostenloses Angebot oder eine kostenlose Beratung anzufordern.\" \/>\n<meta property=\"og:url\" content=\"https:\/\/www.trustedtranslations.com\/de\/dienstleistungen\/dolmetschen-vor-ort\" \/>\n<meta property=\"og:site_name\" content=\"Trusted Translations, Inc.\" \/>\n<meta property=\"article:publisher\" content=\"https:\/\/www.facebook.com\/Trusted.Translations\" \/>\n<meta property=\"article:modified_time\" content=\"2024-09-03T14:34:32+00:00\" \/>\n<meta property=\"og:image\" content=\"https:\/\/www.trustedtranslations.com\/wp-content\/uploads\/2022\/06\/tt-logo-2-1.webp\" \/>\n\t<meta property=\"og:image:width\" content=\"216\" \/>\n\t<meta property=\"og:image:height\" content=\"94\" \/>\n\t<meta property=\"og:image:type\" content=\"image\/webp\" \/>\n<meta name=\"twitter:card\" content=\"summary_large_image\" \/>\n<meta name=\"twitter:site\" content=\"@TrustedT9ns\" \/>\n<script type=\"application\/ld+json\" class=\"yoast-schema-graph\">{\"@context\":\"https:\\\/\\\/schema.org\",\"@graph\":[{\"@type\":\"WebPage\",\"@id\":\"https:\\\/\\\/www.trustedtranslations.com\\\/de\\\/dienstleistungen\\\/dolmetschen-vor-ort\",\"url\":\"https:\\\/\\\/www.trustedtranslations.com\\\/de\\\/dienstleistungen\\\/dolmetschen-vor-ort\",\"name\":\"Dolmetscherdienstleistungen vor Ort \u2013 Trusted Translations, Inc.\",\"isPartOf\":{\"@id\":\"https:\\\/\\\/www.trustedtranslations.com\\\/de\\\/#website\"},\"primaryImageOfPage\":{\"@id\":\"https:\\\/\\\/www.trustedtranslations.com\\\/de\\\/dienstleistungen\\\/dolmetschen-vor-ort#primaryimage\"},\"image\":{\"@id\":\"https:\\\/\\\/www.trustedtranslations.com\\\/de\\\/dienstleistungen\\\/dolmetschen-vor-ort#primaryimage\"},\"thumbnailUrl\":\"\",\"description\":\"Trusted Translations, Inc. ist ein f\u00fchrender Anbieter von Konsekutiv- und Simultandolmetscherdienstleistungen vor Ort. Rufen Sie an, um ein kostenloses Angebot oder eine kostenlose Beratung anzufordern.\",\"breadcrumb\":{\"@id\":\"https:\\\/\\\/www.trustedtranslations.com\\\/de\\\/dienstleistungen\\\/dolmetschen-vor-ort#breadcrumb\"},\"inLanguage\":\"de\",\"potentialAction\":[{\"@type\":\"ReadAction\",\"target\":[\"https:\\\/\\\/www.trustedtranslations.com\\\/de\\\/dienstleistungen\\\/dolmetschen-vor-ort\"]}]},{\"@type\":\"ImageObject\",\"inLanguage\":\"de\",\"@id\":\"https:\\\/\\\/www.trustedtranslations.com\\\/de\\\/dienstleistungen\\\/dolmetschen-vor-ort#primaryimage\",\"url\":\"\",\"contentUrl\":\"\"},{\"@type\":\"BreadcrumbList\",\"@id\":\"https:\\\/\\\/www.trustedtranslations.com\\\/de\\\/dienstleistungen\\\/dolmetschen-vor-ort#breadcrumb\",\"itemListElement\":[{\"@type\":\"ListItem\",\"position\":1,\"name\":\"Home\",\"item\":\"https:\\\/\\\/www.trustedtranslations.com\\\/de\"},{\"@type\":\"ListItem\",\"position\":2,\"name\":\"Dienstleistungen\",\"item\":\"https:\\\/\\\/www.trustedtranslations.com\\\/de\\\/dienstleistungen\"},{\"@type\":\"ListItem\",\"position\":3,\"name\":\"Dolmetschen vor Ort\"}]},{\"@type\":\"WebSite\",\"@id\":\"https:\\\/\\\/www.trustedtranslations.com\\\/de\\\/#website\",\"url\":\"https:\\\/\\\/www.trustedtranslations.com\\\/de\\\/\",\"name\":\"Trusted Translations, Inc.\",\"description\":\"Leader in translation and interpretation services.\",\"publisher\":{\"@id\":\"https:\\\/\\\/www.trustedtranslations.com\\\/de\\\/#organization\"},\"alternateName\":\"Trusted Translations\",\"potentialAction\":[{\"@type\":\"SearchAction\",\"target\":{\"@type\":\"EntryPoint\",\"urlTemplate\":\"https:\\\/\\\/www.trustedtranslations.com\\\/de\\\/?s={search_term_string}\"},\"query-input\":{\"@type\":\"PropertyValueSpecification\",\"valueRequired\":true,\"valueName\":\"search_term_string\"}}],\"inLanguage\":\"de\"},{\"@type\":\"Organization\",\"@id\":\"https:\\\/\\\/www.trustedtranslations.com\\\/de\\\/#organization\",\"name\":\"Trusted Translations\",\"alternateName\":\"Trusted Translations, Inc.\",\"url\":\"https:\\\/\\\/www.trustedtranslations.com\\\/de\\\/\",\"logo\":{\"@type\":\"ImageObject\",\"inLanguage\":\"de\",\"@id\":\"https:\\\/\\\/www.trustedtranslations.com\\\/de\\\/#\\\/schema\\\/logo\\\/image\\\/\",\"url\":\"https:\\\/\\\/static.trustedtranslations.com\\\/wp-content\\\/uploads\\\/2022\\\/01\\\/TT_logo_WSIColors-2.png\",\"contentUrl\":\"https:\\\/\\\/static.trustedtranslations.com\\\/wp-content\\\/uploads\\\/2022\\\/01\\\/TT_logo_WSIColors-2.png\",\"width\":500,\"height\":196,\"caption\":\"Trusted Translations\"},\"image\":{\"@id\":\"https:\\\/\\\/www.trustedtranslations.com\\\/de\\\/#\\\/schema\\\/logo\\\/image\\\/\"},\"sameAs\":[\"https:\\\/\\\/www.facebook.com\\\/Trusted.Translations\",\"https:\\\/\\\/x.com\\\/TrustedT9ns\",\"https:\\\/\\\/www.linkedin.com\\\/company\\\/trusted-translations\"]}]}<\/script>\n<!-- \/ Yoast SEO plugin. -->","yoast_head_json":{"title":"Dolmetscherdienstleistungen vor Ort \u2013 Trusted Translations, Inc.","description":"Trusted Translations, Inc. ist ein f\u00fchrender Anbieter von Konsekutiv- und Simultandolmetscherdienstleistungen vor Ort. Rufen Sie an, um ein kostenloses Angebot oder eine kostenlose Beratung anzufordern.","robots":{"index":"index","follow":"follow","max-snippet":"max-snippet:-1","max-image-preview":"max-image-preview:large","max-video-preview":"max-video-preview:-1"},"canonical":"https:\/\/www.trustedtranslations.com\/de\/dienstleistungen\/dolmetschen-vor-ort","og_locale":"de_DE","og_type":"article","og_title":"Dolmetscherdienstleistungen vor Ort \u2013 Trusted Translations, Inc.","og_description":"Trusted Translations, Inc. ist ein f\u00fchrender Anbieter von Konsekutiv- und Simultandolmetscherdienstleistungen vor Ort. Rufen Sie an, um ein kostenloses Angebot oder eine kostenlose Beratung anzufordern.","og_url":"https:\/\/www.trustedtranslations.com\/de\/dienstleistungen\/dolmetschen-vor-ort","og_site_name":"Trusted Translations, Inc.","article_publisher":"https:\/\/www.facebook.com\/Trusted.Translations","article_modified_time":"2024-09-03T14:34:32+00:00","og_image":[{"width":216,"height":94,"url":"https:\/\/www.trustedtranslations.com\/wp-content\/uploads\/2022\/06\/tt-logo-2-1.webp","type":"image\/webp"}],"twitter_card":"summary_large_image","twitter_site":"@TrustedT9ns","schema":{"@context":"https:\/\/schema.org","@graph":[{"@type":"WebPage","@id":"https:\/\/www.trustedtranslations.com\/de\/dienstleistungen\/dolmetschen-vor-ort","url":"https:\/\/www.trustedtranslations.com\/de\/dienstleistungen\/dolmetschen-vor-ort","name":"Dolmetscherdienstleistungen vor Ort \u2013 Trusted Translations, Inc.","isPartOf":{"@id":"https:\/\/www.trustedtranslations.com\/de\/#website"},"primaryImageOfPage":{"@id":"https:\/\/www.trustedtranslations.com\/de\/dienstleistungen\/dolmetschen-vor-ort#primaryimage"},"image":{"@id":"https:\/\/www.trustedtranslations.com\/de\/dienstleistungen\/dolmetschen-vor-ort#primaryimage"},"thumbnailUrl":"","description":"Trusted Translations, Inc. ist ein f\u00fchrender Anbieter von Konsekutiv- und Simultandolmetscherdienstleistungen vor Ort. Rufen Sie an, um ein kostenloses Angebot oder eine kostenlose Beratung anzufordern.","breadcrumb":{"@id":"https:\/\/www.trustedtranslations.com\/de\/dienstleistungen\/dolmetschen-vor-ort#breadcrumb"},"inLanguage":"de","potentialAction":[{"@type":"ReadAction","target":["https:\/\/www.trustedtranslations.com\/de\/dienstleistungen\/dolmetschen-vor-ort"]}]},{"@type":"ImageObject","inLanguage":"de","@id":"https:\/\/www.trustedtranslations.com\/de\/dienstleistungen\/dolmetschen-vor-ort#primaryimage","url":"","contentUrl":""},{"@type":"BreadcrumbList","@id":"https:\/\/www.trustedtranslations.com\/de\/dienstleistungen\/dolmetschen-vor-ort#breadcrumb","itemListElement":[{"@type":"ListItem","position":1,"name":"Home","item":"https:\/\/www.trustedtranslations.com\/de"},{"@type":"ListItem","position":2,"name":"Dienstleistungen","item":"https:\/\/www.trustedtranslations.com\/de\/dienstleistungen"},{"@type":"ListItem","position":3,"name":"Dolmetschen vor Ort"}]},{"@type":"WebSite","@id":"https:\/\/www.trustedtranslations.com\/de\/#website","url":"https:\/\/www.trustedtranslations.com\/de\/","name":"Trusted Translations, Inc.","description":"Leader in translation and interpretation services.","publisher":{"@id":"https:\/\/www.trustedtranslations.com\/de\/#organization"},"alternateName":"Trusted Translations","potentialAction":[{"@type":"SearchAction","target":{"@type":"EntryPoint","urlTemplate":"https:\/\/www.trustedtranslations.com\/de\/?s={search_term_string}"},"query-input":{"@type":"PropertyValueSpecification","valueRequired":true,"valueName":"search_term_string"}}],"inLanguage":"de"},{"@type":"Organization","@id":"https:\/\/www.trustedtranslations.com\/de\/#organization","name":"Trusted Translations","alternateName":"Trusted Translations, Inc.","url":"https:\/\/www.trustedtranslations.com\/de\/","logo":{"@type":"ImageObject","inLanguage":"de","@id":"https:\/\/www.trustedtranslations.com\/de\/#\/schema\/logo\/image\/","url":"https:\/\/static.trustedtranslations.com\/wp-content\/uploads\/2022\/01\/TT_logo_WSIColors-2.png","contentUrl":"https:\/\/static.trustedtranslations.com\/wp-content\/uploads\/2022\/01\/TT_logo_WSIColors-2.png","width":500,"height":196,"caption":"Trusted Translations"},"image":{"@id":"https:\/\/www.trustedtranslations.com\/de\/#\/schema\/logo\/image\/"},"sameAs":["https:\/\/www.facebook.com\/Trusted.Translations","https:\/\/x.com\/TrustedT9ns","https:\/\/www.linkedin.com\/company\/trusted-translations"]}]}},"toolset-meta":{"dyk":{"mensaje-1":{"type":"textfield","raw":"Das US-Bundesgesetz schreibt den Zugang zu Dolmetschern in Krankenh\u00e4usern und Gerichtss\u00e4len vor."},"mensaje-2":{"type":"textfield","raw":""},"mensaje-3":{"type":"textfield","raw":"Dolmetscher der Vereinten Nationen m\u00fcssen mindestens drei Sprachen flie\u00dfend sprechen."},"mensaje-4":{"type":"textfield","raw":""},"mensaje-5":{"type":"textfield","raw":""},"mensaje-6":{"type":"textfield","raw":""}},"single-page-template-fields":{"imgs-temp":{"type":"image","raw":["https:\/\/static.trustedtranslations.com\/wp-content\/uploads\/2024\/05\/onsite-5-1.webp"],"repeatable":[{"raw":"https:\/\/static.trustedtranslations.com\/wp-content\/uploads\/2024\/05\/onsite-5-1.webp"}]},"imgs-temp-cel":{"type":"image","raw":[""],"repeatable":[{"raw":""}]},"img-temp-one-cel":{"type":"image","raw":"https:\/\/static.trustedtranslations.com\/wp-content\/uploads\/2024\/05\/AdobeStock_300893166-2-1.webp","attachment_id":null},"quotes":{"type":"textarea","raw":"<h1 style=\"margin-bottom: 12px;\">Dolmetscherdienstleistungen vor Ort<\/h1>Die Dolmetschabteilung von Trusted Translations ist darauf spezialisiert, vor Ort sowohl konsekutiv als auch simultan zu dolmetschen. Unser Team hat weltweit Zugang zu erstklassigen Dolmetschern, die mit den Hightech-Instrumenten ausgestattet sind, die f\u00fcr ein professionelles Dolmetschen vor Ort in nahezu jeder Umgebung erforderlich sind. Von gro\u00dfen Konferenzr\u00e4umen bis hin zu kleinen Sitzungss\u00e4len \u2013 Trusted Translations hat eine L\u00f6sung f\u00fcr Ihre Dolmetschbed\u00fcrfnisse vor Ort.<div style=\"margin-top: 2.5vw;\"><a class=\"tt-btn-main-cta\" href=\"\/de\/angebot\">KOSTENLOSEN KOSTENVORANSCHLAG ANFORDERN<\/a><\/div>"},"text-1":{"type":"textarea","raw":"<h2 style=\"margin-top: -10px; padding-bottom:20px\">Dolmetscher vor Ort<\/h2>Unsere Dolmetscher f\u00fcr den Einsatz vor Ort haben die strengste Sprachausbildung der Branche absolviert. Mit Dolmetschern im Personal versteht Trusted Translations die strengen Standards, die erforderlich sind, um vor Ort genaue Dolmetschleistungen zu erbringen. Wir arbeiten mit ausgebildeten Linguisten, die \u00fcber 200 Sprachen und Dialekte abdecken und \u00fcber Erfahrung in allen Fachgebieten verf\u00fcgen. Trusted Translations sichert Ihnen den richtigen Linguisten f\u00fcr Ihre Bed\u00fcrfnisse, egal wie komplex das Thema auch sein mag.\r\n\r\nWie bei allen unseren Dienstleistungsangeboten bewahrt Trusted Translations die strengen Standards der Vertraulichkeit und der Qualit\u00e4t.\r\n\r\nTrusted Translations ist der Dienstleister f\u00fcr \u00fcber 5.000 Kunden weltweit und genie\u00dft das Vertrauen der renommiertesten Organisationen der Welt, einschlie\u00dflich des US-Milit\u00e4rs und der US-Beh\u00f6rden. Ob Sie nun gesch\u00e4ftliche, juristische, medizinische, p\u00e4dagogische oder Konferenzdolmetscherdienste vor Ort ben\u00f6tigen, Trusted Translations ist Ihre kosteneffiziente und zuverl\u00e4ssige L\u00f6sung."},"shortcode-map":{"type":"textfield","raw":""},"dyk-shortcode":{"type":"textfield","raw":"[elementor-template id=\"146647\"]"},"text-2":{"type":"textarea","raw":"<h2 style=\" padding-bottom:20px\">Dolmetschen vor Ort<\/h2>Trusted Translations hat eine Komplettl\u00f6sung f\u00fcr alle Ihre sprachbezogenen Bed\u00fcrfnisse entwickelt, einschlie\u00dflich unseres Angebots des Dolmetschens vor Ort.\r\n\r\nUnser Vor-Ort-Dolmetscherdienst bringt hochqualifizierte und zertifizierte Dolmetscher an den Ort Ihrer Wahl, um m\u00fcndlich von einer Sprache in eine andere zu \u00fcbersetzen. Dank der Expertise unseres Teams in einer Vielzahl von Branchen k\u00f6nnen unsere Dienstleistungen sowohl kleine Umgebungen, wie sie f\u00fcr Gerichtsverhandlungen oder Verhandlungen verwendet werden, als auch gro\u00dfe, wie Konferenzen, abdecken. Im letzteren Fall k\u00f6nnen unsere Dolmetscher vor Ort sicherstellen, dass mehrsprachige Zuh\u00f6rer und\/oder Sprecher in der Lage sind, effektiv \u00fcber mehrere Sprachen hinweg zu kommunizieren.\r\n\r\nEs gibt zwei Haupttypen von Dolmetscherdienstleistungen vor Ort \u2013 konsekutiv und simultan. Beim konsekutiven Vor-Ort-Dolmetschen wird ein einzelner Dolmetscher eingesetzt, der Informationsabschnitte \u00fcbersetzt, z. B. einen Block aus mehreren S\u00e4tzen, wenn der Hauptredner eine Pause einlegt oder fertig ist. Dies ist eine beliebte, kosteng\u00fcnstige Wahl f\u00fcr 1-zu-1-Sitzungen oder kleine Gruppen, wie z. B. Interviews, medizinische Konsultationen, Verhandlungen zwischen Klienten und Anw\u00e4lten und mehr.\r\n\r\nBeim Simultandolmetschen vor Ort \u00fcbersetzen die Dolmetscher \u201elive\u201c gleichzeitig mit dem\/den Redner(n), was oft spezielle Ausr\u00fcstung, schalldichte Kabinen und mehrere Teams erfordert. Diese Art des Dolmetschens wird am h\u00e4ufigsten f\u00fcr gro\u00dfe, komplexe Veranstaltungen mit Publikum verwendet, wie Vortr\u00e4ge, Regierungsreden, Vorstandssitzungen, Gerichtsverfahren und internationale Gesch\u00e4ftskongresse, insbesondere wenn viele verschiedene Sprachen gesprochen werden.\r\n\r\nUnabh\u00e4ngig davon, ob Sie eine bestimmte Art des Dolmetschens vor Ort im Sinn haben oder eine Mischung aus beidem als die beste L\u00f6sung f\u00fcr Ihr Unternehmen in Betracht ziehen, Trusted Translations bringt Sie mit erfahrenen Dolmetschern zusammen, die auf jede Art von Dolmetschdienstleistungen spezialisiert sind. Unsere Fachleute kombinieren die au\u00dfergew\u00f6hnliche Sprachgewandtheit, die f\u00fcr das Dolmetschen von einer Zielsprache in eine andere erforderlich ist, mit dem Verst\u00e4ndnis des Fachgebiets und der branchenspezifischen Terminologie.\r\n\r\nVon inl\u00e4ndischen Gerichtss\u00e4len bis hin zu internationalen Sitzungss\u00e4len ist eine genaue Verdolmetschung f\u00fcr die Kommunikation von entscheidender Bedeutung. Organisationen aller Art, einschlie\u00dflich Regierungsbeh\u00f6rden, Gesundheitseinrichtungen, Fortune-500-Unternehmen, Anwaltskanzleien, gemeinn\u00fctzige Organisationen usw. k\u00f6nnen von diesem kosteng\u00fcnstigen, benutzerfreundlichen Service profitieren."},"state":{"type":"textfield","raw":""},"city":{"type":"textarea","raw":[]}}},"_links":{"self":[{"href":"https:\/\/www.trustedtranslations.com\/de\/wp-json\/wp\/v2\/pages\/129453","targetHints":{"allow":["GET"]}}],"collection":[{"href":"https:\/\/www.trustedtranslations.com\/de\/wp-json\/wp\/v2\/pages"}],"about":[{"href":"https:\/\/www.trustedtranslations.com\/de\/wp-json\/wp\/v2\/types\/page"}],"author":[{"embeddable":true,"href":"https:\/\/www.trustedtranslations.com\/de\/wp-json\/wp\/v2\/users\/1"}],"replies":[{"embeddable":true,"href":"https:\/\/www.trustedtranslations.com\/de\/wp-json\/wp\/v2\/comments?post=129453"}],"version-history":[{"count":0,"href":"https:\/\/www.trustedtranslations.com\/de\/wp-json\/wp\/v2\/pages\/129453\/revisions"}],"up":[{"embeddable":true,"href":"https:\/\/www.trustedtranslations.com\/de\/wp-json\/wp\/v2\/pages\/129503"}],"wp:featuredmedia":[{"embeddable":true,"href":"https:\/\/www.trustedtranslations.com\/de\/wp-json\/"}],"wp:attachment":[{"href":"https:\/\/www.trustedtranslations.com\/de\/wp-json\/wp\/v2\/media?parent=129453"}],"curies":[{"name":"wp","href":"https:\/\/api.w.org\/{rel}","templated":true}]}}