{"id":129454,"date":"2018-11-13T11:40:08","date_gmt":"2018-11-13T11:40:08","guid":{"rendered":"https:\/\/www.trustedtranslations.com\/?page_id=129454"},"modified":"2024-09-04T18:41:21","modified_gmt":"2024-09-04T21:41:21","slug":"online-marketing","status":"publish","type":"page","link":"https:\/\/www.trustedtranslations.com\/de\/dienstleistungen\/menschlich\/online-marketing","title":{"rendered":"Online-Marketing"},"content":{"rendered":"","protected":false},"excerpt":{"rendered":"","protected":false},"author":1,"featured_media":235684,"parent":129399,"menu_order":12,"comment_status":"closed","ping_status":"closed","template":"","meta":{"site-sidebar-layout":"default","site-content-layout":"default","ast-site-content-layout":"default","site-content-style":"default","site-sidebar-style":"default","ast-global-header-display":"","ast-banner-title-visibility":"","ast-main-header-display":"","ast-hfb-above-header-display":"","ast-hfb-below-header-display":"","ast-hfb-mobile-header-display":"","site-post-title":"disabled","ast-breadcrumbs-content":"","ast-featured-img":"","footer-sml-layout":"","ast-disable-related-posts":"","theme-transparent-header-meta":"default","adv-header-id-meta":"","stick-header-meta":"","header-above-stick-meta":"","header-main-stick-meta":"","header-below-stick-meta":"","astra-migrate-meta-layouts":"set","ast-page-background-enabled":"default","ast-page-background-meta":{"desktop":{"background-color":"var(--ast-global-color-4)","background-image":"","background-repeat":"repeat","background-position":"center center","background-size":"auto","background-attachment":"scroll","background-type":"","background-media":"","overlay-type":"","overlay-color":"","overlay-opacity":"","overlay-gradient":""},"tablet":{"background-color":"","background-image":"","background-repeat":"repeat","background-position":"center center","background-size":"auto","background-attachment":"scroll","background-type":"","background-media":"","overlay-type":"","overlay-color":"","overlay-opacity":"","overlay-gradient":""},"mobile":{"background-color":"","background-image":"","background-repeat":"repeat","background-position":"center center","background-size":"auto","background-attachment":"scroll","background-type":"","background-media":"","overlay-type":"","overlay-color":"","overlay-opacity":"","overlay-gradient":""}},"ast-content-background-meta":{"desktop":{"background-color":"var(--ast-global-color-5)","background-image":"","background-repeat":"repeat","background-position":"center center","background-size":"auto","background-attachment":"scroll","background-type":"","background-media":"","overlay-type":"","overlay-color":"","overlay-opacity":"","overlay-gradient":""},"tablet":{"background-color":"var(--ast-global-color-5)","background-image":"","background-repeat":"repeat","background-position":"center center","background-size":"auto","background-attachment":"scroll","background-type":"","background-media":"","overlay-type":"","overlay-color":"","overlay-opacity":"","overlay-gradient":""},"mobile":{"background-color":"var(--ast-global-color-5)","background-image":"","background-repeat":"repeat","background-position":"center center","background-size":"auto","background-attachment":"scroll","background-type":"","background-media":"","overlay-type":"","overlay-color":"","overlay-opacity":"","overlay-gradient":""}},"footnotes":""},"class_list":["post-129454","page","type-page","status-publish","has-post-thumbnail","hentry"],"yoast_head":"<!-- This site is optimized with the Yoast SEO plugin v27.3 - https:\/\/yoast.com\/product\/yoast-seo-wordpress\/ -->\n<title>Online-Marketing-\u00dcbersetzungsdienstleistungen - Trusted Translations, Inc.<\/title>\n<meta name=\"description\" content=\"Trusted Translations, Inc. ist die L\u00f6sung aus einer Hand f\u00fcr alle Ihre Online-Marketing-Bed\u00fcrfnisse (SEO, SEM, Social Media Marketing und Website-Optimierung) in \u00fcber 150 Sprachen. Kostenloser Kostenvoranschlag oder Beratung.\" \/>\n<meta name=\"robots\" content=\"index, follow, max-snippet:-1, max-image-preview:large, max-video-preview:-1\" \/>\n<link rel=\"canonical\" href=\"https:\/\/www.trustedtranslations.com\/de\/dienstleistungen\/menschlich\/online-marketing\" \/>\n<meta property=\"og:locale\" content=\"de_DE\" \/>\n<meta property=\"og:type\" content=\"article\" \/>\n<meta property=\"og:title\" content=\"Online-Marketing-\u00dcbersetzungsdienstleistungen - Trusted Translations, Inc.\" \/>\n<meta property=\"og:description\" content=\"Trusted Translations, Inc. ist die L\u00f6sung aus einer Hand f\u00fcr alle Ihre Online-Marketing-Bed\u00fcrfnisse (SEO, SEM, Social Media Marketing und Website-Optimierung) in \u00fcber 150 Sprachen. Kostenloser Kostenvoranschlag oder Beratung.\" \/>\n<meta property=\"og:url\" content=\"https:\/\/www.trustedtranslations.com\/de\/dienstleistungen\/menschlich\/online-marketing\" \/>\n<meta property=\"og:site_name\" content=\"Trusted Translations, Inc.\" \/>\n<meta property=\"article:publisher\" content=\"https:\/\/www.facebook.com\/Trusted.Translations\" \/>\n<meta property=\"article:modified_time\" content=\"2024-09-04T21:41:21+00:00\" \/>\n<meta property=\"og:image\" content=\"https:\/\/static.trustedtranslations.com\/wp-content\/uploads\/2024\/02\/TT-ICON_Online-Marketing-Service.webp\" \/>\n\t<meta property=\"og:image:width\" content=\"151\" \/>\n\t<meta property=\"og:image:height\" content=\"151\" \/>\n\t<meta property=\"og:image:type\" content=\"image\/webp\" \/>\n<meta name=\"twitter:card\" content=\"summary_large_image\" \/>\n<meta name=\"twitter:site\" content=\"@TrustedT9ns\" \/>\n<script type=\"application\/ld+json\" class=\"yoast-schema-graph\">{\"@context\":\"https:\\\/\\\/schema.org\",\"@graph\":[{\"@type\":\"WebPage\",\"@id\":\"https:\\\/\\\/www.trustedtranslations.com\\\/de\\\/dienstleistungen\\\/menschlich\\\/online-marketing\",\"url\":\"https:\\\/\\\/www.trustedtranslations.com\\\/de\\\/dienstleistungen\\\/menschlich\\\/online-marketing\",\"name\":\"Online-Marketing-\u00dcbersetzungsdienstleistungen - Trusted Translations, Inc.\",\"isPartOf\":{\"@id\":\"https:\\\/\\\/www.trustedtranslations.com\\\/de\\\/#website\"},\"primaryImageOfPage\":{\"@id\":\"https:\\\/\\\/www.trustedtranslations.com\\\/de\\\/dienstleistungen\\\/menschlich\\\/online-marketing#primaryimage\"},\"image\":{\"@id\":\"https:\\\/\\\/www.trustedtranslations.com\\\/de\\\/dienstleistungen\\\/menschlich\\\/online-marketing#primaryimage\"},\"thumbnailUrl\":\"https:\\\/\\\/www.trustedtranslations.com\\\/wp-content\\\/uploads\\\/2024\\\/02\\\/TT-ICON_Online-Marketing-Service.webp\",\"description\":\"Trusted Translations, Inc. ist die L\u00f6sung aus einer Hand f\u00fcr alle Ihre Online-Marketing-Bed\u00fcrfnisse (SEO, SEM, Social Media Marketing und Website-Optimierung) in \u00fcber 150 Sprachen. Kostenloser Kostenvoranschlag oder Beratung.\",\"breadcrumb\":{\"@id\":\"https:\\\/\\\/www.trustedtranslations.com\\\/de\\\/dienstleistungen\\\/menschlich\\\/online-marketing#breadcrumb\"},\"inLanguage\":\"de\",\"potentialAction\":[{\"@type\":\"ReadAction\",\"target\":[\"https:\\\/\\\/www.trustedtranslations.com\\\/de\\\/dienstleistungen\\\/menschlich\\\/online-marketing\"]}]},{\"@type\":\"ImageObject\",\"inLanguage\":\"de\",\"@id\":\"https:\\\/\\\/www.trustedtranslations.com\\\/de\\\/dienstleistungen\\\/menschlich\\\/online-marketing#primaryimage\",\"url\":\"https:\\\/\\\/www.trustedtranslations.com\\\/wp-content\\\/uploads\\\/2024\\\/02\\\/TT-ICON_Online-Marketing-Service.webp\",\"contentUrl\":\"https:\\\/\\\/www.trustedtranslations.com\\\/wp-content\\\/uploads\\\/2024\\\/02\\\/TT-ICON_Online-Marketing-Service.webp\",\"width\":151,\"height\":151,\"caption\":\"TT ICON Online Marketing Service\"},{\"@type\":\"BreadcrumbList\",\"@id\":\"https:\\\/\\\/www.trustedtranslations.com\\\/de\\\/dienstleistungen\\\/menschlich\\\/online-marketing#breadcrumb\",\"itemListElement\":[{\"@type\":\"ListItem\",\"position\":1,\"name\":\"Home\",\"item\":\"https:\\\/\\\/www.trustedtranslations.com\\\/de\"},{\"@type\":\"ListItem\",\"position\":2,\"name\":\"Dienstleistungen\",\"item\":\"https:\\\/\\\/www.trustedtranslations.com\\\/de\\\/dienstleistungen\"},{\"@type\":\"ListItem\",\"position\":3,\"name\":\"Menschliche \u00dcbersetzung\",\"item\":\"https:\\\/\\\/www.trustedtranslations.com\\\/de\\\/dienstleistungen\\\/menschlich\"},{\"@type\":\"ListItem\",\"position\":4,\"name\":\"Online-Marketing\"}]},{\"@type\":\"WebSite\",\"@id\":\"https:\\\/\\\/www.trustedtranslations.com\\\/de\\\/#website\",\"url\":\"https:\\\/\\\/www.trustedtranslations.com\\\/de\\\/\",\"name\":\"Trusted Translations, Inc.\",\"description\":\"Leader in translation and interpretation services.\",\"publisher\":{\"@id\":\"https:\\\/\\\/www.trustedtranslations.com\\\/de\\\/#organization\"},\"alternateName\":\"Trusted Translations\",\"potentialAction\":[{\"@type\":\"SearchAction\",\"target\":{\"@type\":\"EntryPoint\",\"urlTemplate\":\"https:\\\/\\\/www.trustedtranslations.com\\\/de\\\/?s={search_term_string}\"},\"query-input\":{\"@type\":\"PropertyValueSpecification\",\"valueRequired\":true,\"valueName\":\"search_term_string\"}}],\"inLanguage\":\"de\"},{\"@type\":\"Organization\",\"@id\":\"https:\\\/\\\/www.trustedtranslations.com\\\/de\\\/#organization\",\"name\":\"Trusted Translations\",\"alternateName\":\"Trusted Translations, Inc.\",\"url\":\"https:\\\/\\\/www.trustedtranslations.com\\\/de\\\/\",\"logo\":{\"@type\":\"ImageObject\",\"inLanguage\":\"de\",\"@id\":\"https:\\\/\\\/www.trustedtranslations.com\\\/de\\\/#\\\/schema\\\/logo\\\/image\\\/\",\"url\":\"https:\\\/\\\/static.trustedtranslations.com\\\/wp-content\\\/uploads\\\/2022\\\/01\\\/TT_logo_WSIColors-2.png\",\"contentUrl\":\"https:\\\/\\\/static.trustedtranslations.com\\\/wp-content\\\/uploads\\\/2022\\\/01\\\/TT_logo_WSIColors-2.png\",\"width\":500,\"height\":196,\"caption\":\"Trusted Translations\"},\"image\":{\"@id\":\"https:\\\/\\\/www.trustedtranslations.com\\\/de\\\/#\\\/schema\\\/logo\\\/image\\\/\"},\"sameAs\":[\"https:\\\/\\\/www.facebook.com\\\/Trusted.Translations\",\"https:\\\/\\\/x.com\\\/TrustedT9ns\",\"https:\\\/\\\/www.linkedin.com\\\/company\\\/trusted-translations\"]}]}<\/script>\n<!-- \/ Yoast SEO plugin. -->","yoast_head_json":{"title":"Online-Marketing-\u00dcbersetzungsdienstleistungen - Trusted Translations, Inc.","description":"Trusted Translations, Inc. ist die L\u00f6sung aus einer Hand f\u00fcr alle Ihre Online-Marketing-Bed\u00fcrfnisse (SEO, SEM, Social Media Marketing und Website-Optimierung) in \u00fcber 150 Sprachen. Kostenloser Kostenvoranschlag oder Beratung.","robots":{"index":"index","follow":"follow","max-snippet":"max-snippet:-1","max-image-preview":"max-image-preview:large","max-video-preview":"max-video-preview:-1"},"canonical":"https:\/\/www.trustedtranslations.com\/de\/dienstleistungen\/menschlich\/online-marketing","og_locale":"de_DE","og_type":"article","og_title":"Online-Marketing-\u00dcbersetzungsdienstleistungen - Trusted Translations, Inc.","og_description":"Trusted Translations, Inc. ist die L\u00f6sung aus einer Hand f\u00fcr alle Ihre Online-Marketing-Bed\u00fcrfnisse (SEO, SEM, Social Media Marketing und Website-Optimierung) in \u00fcber 150 Sprachen. Kostenloser Kostenvoranschlag oder Beratung.","og_url":"https:\/\/www.trustedtranslations.com\/de\/dienstleistungen\/menschlich\/online-marketing","og_site_name":"Trusted Translations, Inc.","article_publisher":"https:\/\/www.facebook.com\/Trusted.Translations","article_modified_time":"2024-09-04T21:41:21+00:00","og_image":[{"width":151,"height":151,"url":"https:\/\/static.trustedtranslations.com\/wp-content\/uploads\/2024\/02\/TT-ICON_Online-Marketing-Service.webp","type":"image\/webp"}],"twitter_card":"summary_large_image","twitter_site":"@TrustedT9ns","schema":{"@context":"https:\/\/schema.org","@graph":[{"@type":"WebPage","@id":"https:\/\/www.trustedtranslations.com\/de\/dienstleistungen\/menschlich\/online-marketing","url":"https:\/\/www.trustedtranslations.com\/de\/dienstleistungen\/menschlich\/online-marketing","name":"Online-Marketing-\u00dcbersetzungsdienstleistungen - Trusted Translations, Inc.","isPartOf":{"@id":"https:\/\/www.trustedtranslations.com\/de\/#website"},"primaryImageOfPage":{"@id":"https:\/\/www.trustedtranslations.com\/de\/dienstleistungen\/menschlich\/online-marketing#primaryimage"},"image":{"@id":"https:\/\/www.trustedtranslations.com\/de\/dienstleistungen\/menschlich\/online-marketing#primaryimage"},"thumbnailUrl":"https:\/\/www.trustedtranslations.com\/wp-content\/uploads\/2024\/02\/TT-ICON_Online-Marketing-Service.webp","description":"Trusted Translations, Inc. ist die L\u00f6sung aus einer Hand f\u00fcr alle Ihre Online-Marketing-Bed\u00fcrfnisse (SEO, SEM, Social Media Marketing und Website-Optimierung) in \u00fcber 150 Sprachen. Kostenloser Kostenvoranschlag oder Beratung.","breadcrumb":{"@id":"https:\/\/www.trustedtranslations.com\/de\/dienstleistungen\/menschlich\/online-marketing#breadcrumb"},"inLanguage":"de","potentialAction":[{"@type":"ReadAction","target":["https:\/\/www.trustedtranslations.com\/de\/dienstleistungen\/menschlich\/online-marketing"]}]},{"@type":"ImageObject","inLanguage":"de","@id":"https:\/\/www.trustedtranslations.com\/de\/dienstleistungen\/menschlich\/online-marketing#primaryimage","url":"https:\/\/www.trustedtranslations.com\/wp-content\/uploads\/2024\/02\/TT-ICON_Online-Marketing-Service.webp","contentUrl":"https:\/\/www.trustedtranslations.com\/wp-content\/uploads\/2024\/02\/TT-ICON_Online-Marketing-Service.webp","width":151,"height":151,"caption":"TT ICON Online Marketing Service"},{"@type":"BreadcrumbList","@id":"https:\/\/www.trustedtranslations.com\/de\/dienstleistungen\/menschlich\/online-marketing#breadcrumb","itemListElement":[{"@type":"ListItem","position":1,"name":"Home","item":"https:\/\/www.trustedtranslations.com\/de"},{"@type":"ListItem","position":2,"name":"Dienstleistungen","item":"https:\/\/www.trustedtranslations.com\/de\/dienstleistungen"},{"@type":"ListItem","position":3,"name":"Menschliche \u00dcbersetzung","item":"https:\/\/www.trustedtranslations.com\/de\/dienstleistungen\/menschlich"},{"@type":"ListItem","position":4,"name":"Online-Marketing"}]},{"@type":"WebSite","@id":"https:\/\/www.trustedtranslations.com\/de\/#website","url":"https:\/\/www.trustedtranslations.com\/de\/","name":"Trusted Translations, Inc.","description":"Leader in translation and interpretation services.","publisher":{"@id":"https:\/\/www.trustedtranslations.com\/de\/#organization"},"alternateName":"Trusted Translations","potentialAction":[{"@type":"SearchAction","target":{"@type":"EntryPoint","urlTemplate":"https:\/\/www.trustedtranslations.com\/de\/?s={search_term_string}"},"query-input":{"@type":"PropertyValueSpecification","valueRequired":true,"valueName":"search_term_string"}}],"inLanguage":"de"},{"@type":"Organization","@id":"https:\/\/www.trustedtranslations.com\/de\/#organization","name":"Trusted Translations","alternateName":"Trusted Translations, Inc.","url":"https:\/\/www.trustedtranslations.com\/de\/","logo":{"@type":"ImageObject","inLanguage":"de","@id":"https:\/\/www.trustedtranslations.com\/de\/#\/schema\/logo\/image\/","url":"https:\/\/static.trustedtranslations.com\/wp-content\/uploads\/2022\/01\/TT_logo_WSIColors-2.png","contentUrl":"https:\/\/static.trustedtranslations.com\/wp-content\/uploads\/2022\/01\/TT_logo_WSIColors-2.png","width":500,"height":196,"caption":"Trusted Translations"},"image":{"@id":"https:\/\/www.trustedtranslations.com\/de\/#\/schema\/logo\/image\/"},"sameAs":["https:\/\/www.facebook.com\/Trusted.Translations","https:\/\/x.com\/TrustedT9ns","https:\/\/www.linkedin.com\/company\/trusted-translations"]}]}},"toolset-meta":{"dyk":{"mensaje-1":{"type":"textfield","raw":"75 % der Vermarkter halten ihre SEO-Strategien f\u00fcr \u00e4u\u00dferst effektiv."},"mensaje-2":{"type":"textfield","raw":"46\u00a0% aller Google-Suchanfragen beziehen sich auf lokale Unternehmen und Dienstleistungen."},"mensaje-3":{"type":"textfield","raw":"Die organische Suche generiert weltweit mehr als die H\u00e4lfte des gesamten Webverkehrs."},"mensaje-4":{"type":"textfield","raw":"\u00dcber 92 % aller weltweiten Suchanfragen finden \u00fcber Google statt."},"mensaje-5":{"type":"textfield","raw":""},"mensaje-6":{"type":"textfield","raw":""}},"single-page-template-fields":{"imgs-temp":{"type":"image","raw":["https:\/\/static.trustedtranslations.com\/wp-content\/uploads\/2024\/06\/online-marketing-final-1.webp"],"repeatable":[{"raw":"https:\/\/static.trustedtranslations.com\/wp-content\/uploads\/2024\/06\/online-marketing-final-1.webp"}]},"imgs-temp-cel":{"type":"image","raw":[""],"repeatable":[{"raw":""}]},"img-temp-one-cel":{"type":"image","raw":"https:\/\/static.trustedtranslations.com\/wp-content\/uploads\/2024\/06\/AdobeStock_106624043-1-1.webp","attachment_id":null},"quotes":{"type":"textarea","raw":"<h1 style=\"margin-bottom: 12px;\">Onlinemarketing-\u00dcbersetzungsdienstleistungen<\/h1>\r\n<em>Trusted Translations<\/em> ist f\u00fchrend in allen Aspekten des Website-Marketings, einschlie\u00dflich Suchmaschinenoptimierung (SEO), Suchmaschinenmarketing (SEM), Pay-per-Click-Werbung, Social-Media-Marketing, Online-Reputationsdienstleistungen, lokale Verzeichnisse und mehr.\r\n<div style=\"margin-top: 2.5vw;\"><a class=\"tt-btn-main-cta\" href=\"https:\/\/www.trustedtranslations.com\/de\/angebot\">Kostenlosen Kostenvoranschlag anfordern<\/a><\/div>"},"text-1":{"type":"textarea","raw":"<h2>Trusted Translations: Ihr Partner f\u00fcr mehrsprachiges Online-Marketing in \u00fcber 150 Sprachen<\/h2>Als f\u00fchrender mehrsprachiger Anbieter ist <em>Trusted Translations<\/em> auf die Bereitstellung von Online-Marketing-Dienstleistungen in \u00fcber 150 Sprachen spezialisiert. Mit \u00fcber 15 Jahren Erfahrung in mehrsprachigem Internet-Marketing und Entwicklung bieten wir ma\u00dfgeschneiderte L\u00f6sungen, die expandierende globale M\u00e4rkte und die neuesten Online-Trends ber\u00fccksichtigen. Unsere Arbeit mit Ihnen kann Suchmaschinenoptimierung und Suchmaschinenmarketing umfassen, gekoppelt mit einem integrierten Online-Marketingplan f\u00fcr alle Ihre Zielm\u00e4rkte.\r\n<h2>Website-Sprachoptimierung<\/h2>\r\nDie Optimierung Ihrer Website f\u00fcr Suchmaschinen (z. B. Google, Bing, Yahoo) ist eine der wichtigsten und effektivsten Methoden, um Web-Traffic auf Ihre Website zu lenken, Ihren Umsatz zu steigern und Ihre Online-Pr\u00e4senz zu verbessern. Eine mehrsprachige Website ist ein guter Anfang, aber Sie ben\u00f6tigen eine Online-Optimierungsstrategie, um Ihre Investition in eine mehrsprachige Plattform zu maximieren.\r\n\r\nInsbesondere die Website-Optimierung in anderen Sprachen kann ein verstecktes Erfolgsgeheimnis sein. Zweifellos ist Englisch die vorherrschende Sprache in der Online-Welt, aber wenn Sie Inhalte in anderen Sprachen haben, nutzen Sie die Gelegenheit, mehrsprachigen Benutzerverkehr von gro\u00dfen Suchmaschinen auf Ihre Website zu lenken.\r\n<h2>Suchmaschinenoptimierung<\/h2>\r\nSuchmaschinenoptimierung (SEO) ist der Eckpfeiler der Website-Optimierung. SEO verwendet beliebte Schl\u00fcsselw\u00f6rter, um das Ranking Ihrer Website in Suchmaschinen durch nat\u00fcrliche Suchen zu maximieren.\r\n\r\nDie Verwendung von Schl\u00fcsselw\u00f6rtern im Online-Marketing geht \u00fcber die direkte \u00dcbersetzung der Schl\u00fcsselw\u00f6rter aus dem Englischen hinaus. Zun\u00e4chst m\u00fcssen Sie eine mehrsprachige Keyword-Recherche durchf\u00fchren, um die Top-Keywords in jeder Zielsprache zu ermitteln. Dann m\u00fcssen Sie sicherstellen, dass diese Schl\u00fcsselw\u00f6rter richtig in der Struktur Ihrer Website platziert sind \u2013 wenn Sie beispielsweise die richtigen Schl\u00fcsselw\u00f6rter in den URL-Adressen und Titeln Ihrer Website haben, kann dies zu drastischen Verbesserungen Ihres Rankings bei den wichtigsten Suchmaschinen f\u00fchren. Das Erhalten von Hyperlinks zu Ihrer Website von anderen Websites (\u201eLinkbuilding\u201c) ist eine weitere wichtige M\u00f6glichkeit, Ihren Web-Traffic zu verbessern. Schlie\u00dflich muss effektive SEO reibungslos und subtil in Ihre Inhalte integriert werden, um nicht von der Erfahrung eines Benutzers abzulenken.\r\n\r\nBei <em>Trusted Translations<\/em> haben wir die weltbesten SEO-Experten eingestellt, um Sie bei diesem kritischen Prozess zu unterst\u00fctzen. Unsere SEO-Dienstleistungen beinhalten Beratung, \u201eOn-Site\u201c-Suchmaschinenoptimierung und \u201eOff-Site\u201c-Suchmaschinenoptimierung:\r\n<ul>\r\n \t<li>Unsere <strong>SEO-Beratungsdienstleistungen<\/strong> umfassen Schl\u00fcsselwort-Recherche, um Ihre Konversionsrate f\u00fcr Leads, Interessenten und Verk\u00e4ufe zu maximieren.<\/li>\r\n \t<li>Die <strong>\u201eOn-Site\u201c-Suchmaschinen-Optimierungsdienstleistung<\/strong> umfasst auch die effektive Platzierung Ihrer Inhalte und Ihres Codes, um exponentiell bessere Ergebnisse zu erzielen.<\/li>\r\n \t<li>Die <strong>\u201eOff-Site\u201c-Suchmaschinen-Optimierungsdienstleistung<\/strong> umfasst die Erstellung von Links in Englisch und anderen Sprachen sowie die Erstellung von lokalen Listen f\u00fcr alle Ihre Zweigstellen in verschiedenen St\u00e4dten und verschiedenen L\u00e4ndern.<\/li>\r\n<\/ul>"},"shortcode-map":{"type":"textfield","raw":""},"dyk-shortcode":{"type":"textfield","raw":"[elementor-template id=\"146647\"]"},"text-2":{"type":"textarea","raw":"<h2>Suchmaschinenmarketing<\/h2>\r\nWir bieten auch Suchmaschinenmarketing (SEM) an, das Ihr Unternehmen mit bezahlten Anzeigen vermarktet, um die Sichtbarkeit Ihrer Website auf den Ergebnisseiten von Suchmaschinen (SERPs) zu erh\u00f6hen. SEM ist eine budgetbewusste, weit verbreitete Form des Online-Marketings.\r\n\r\nWir k\u00f6nnen Ihnen helfen, Ihr Online-Budget in Englisch, Spanisch und anderen Sprachen mit effizientem SEM besser einzusetzen. Beispielsweise k\u00f6nnen wir Ihr Google AdWords-Konto in allen Sprachen oder in einer bestimmten Sprache verwalten, sodass Sie sich auf andere Aspekte Ihres Marketingplans konzentrieren k\u00f6nnen.\r\n<h2>Spanische Website-Optimierung<\/h2>\r\nDie hispanische Bev\u00f6lkerung ist ein Kraftpaket in Bezug auf die Kaufkraft in den USA und im Ausland. Unternehmen, die es vers\u00e4umen, diesen enormen Markt zu erschlie\u00dfen, lassen potenzielle Einnahmen in Milliardenh\u00f6he auf dem Tisch liegen.\r\n\r\nWenn Sie mit dem mehrsprachigen Spiel noch nicht vertraut sind, empfehlen wir Ihnen, Ihre Website zun\u00e4chst auf Spanisch zu \u00fcbersetzen und zu optimieren. Nahezu jedes Unternehmen und jede Organisation kann davon profitieren, wenn ihre Website auf Spanisch ver\u00f6ffentlicht wird. Als <a href=\"https:\/\/www.trustedtranslations.com\/de\/ueber-uns\/spanische-agentur\" rel=\"noopener\">Branchenf\u00fchrer f\u00fcr spanische \u00dcbersetzungen<\/a> bietet Ihnen <em>Trusted Translations<\/em> spezialisierte Unterst\u00fctzung bei der Optimierung spanischer Websites.\r\n<h2>Online-Marketing in Spanisch und anderen Sprachen<\/h2>\r\nUnsere Online-Marketing-Sprachexperten sind nicht nur auf spanische SEO und SEM spezialisiert, <em>Trusted Translations<\/em> ist auch eine Autorit\u00e4t auf dem hispanischen Markt in den USA. Wenn Sie beispielsweise das hispanische Publikum in den USA ansprechen m\u00f6chten, haben wir Zugang zu einer eigenen Online-Suchforschung, die Ihre Chancen auf eine Expansion in diesem profitablen Markt erh\u00f6ht.\r\n\r\nAls Teil unserer Website-\u00dcbersetzungsdienstleistungen f\u00fchren unsere SEM- und SEO-Experten auch eine umfassende Keyword-Recherche auf Spanisch (oder der Sprache Ihrer Wahl) durch, um sicherzustellen, dass Sie die richtigen mehrsprachigen Keywords verwenden.\r\n\r\nWenn Sie mehrsprachige SEO-, SEM- oder Website-Optimierungsdienstleistungen suchen, z\u00f6gern Sie nicht, einen unserer Online-Marketing-Experten zu kontaktieren, um ein kostenloses Angebot oder eine kostenlose Beratung anzufordern."},"state":{"type":"textfield","raw":""},"city":{"type":"textarea","raw":[]}}},"_links":{"self":[{"href":"https:\/\/www.trustedtranslations.com\/de\/wp-json\/wp\/v2\/pages\/129454","targetHints":{"allow":["GET"]}}],"collection":[{"href":"https:\/\/www.trustedtranslations.com\/de\/wp-json\/wp\/v2\/pages"}],"about":[{"href":"https:\/\/www.trustedtranslations.com\/de\/wp-json\/wp\/v2\/types\/page"}],"author":[{"embeddable":true,"href":"https:\/\/www.trustedtranslations.com\/de\/wp-json\/wp\/v2\/users\/1"}],"replies":[{"embeddable":true,"href":"https:\/\/www.trustedtranslations.com\/de\/wp-json\/wp\/v2\/comments?post=129454"}],"version-history":[{"count":0,"href":"https:\/\/www.trustedtranslations.com\/de\/wp-json\/wp\/v2\/pages\/129454\/revisions"}],"up":[{"embeddable":true,"href":"https:\/\/www.trustedtranslations.com\/de\/wp-json\/wp\/v2\/pages\/129399"}],"wp:featuredmedia":[{"embeddable":true,"href":"https:\/\/www.trustedtranslations.com\/de\/wp-json\/wp\/v2\/media\/235684"}],"wp:attachment":[{"href":"https:\/\/www.trustedtranslations.com\/de\/wp-json\/wp\/v2\/media?parent=129454"}],"curies":[{"name":"wp","href":"https:\/\/api.w.org\/{rel}","templated":true}]}}