{"id":129457,"date":"2018-11-13T11:25:18","date_gmt":"2018-11-13T11:25:18","guid":{"rendered":"https:\/\/www.trustedtranslations.com\/?page_id=129457"},"modified":"2024-09-04T18:22:08","modified_gmt":"2024-09-04T21:22:08","slug":"multimedia","status":"publish","type":"page","link":"https:\/\/www.trustedtranslations.com\/de\/dienstleistungen\/menschlich\/multimedia","title":{"rendered":"Multimedia"},"content":{"rendered":"","protected":false},"excerpt":{"rendered":"","protected":false},"author":1,"featured_media":235737,"parent":129399,"menu_order":14,"comment_status":"closed","ping_status":"closed","template":"","meta":{"site-sidebar-layout":"default","site-content-layout":"default","ast-site-content-layout":"default","site-content-style":"default","site-sidebar-style":"default","ast-global-header-display":"","ast-banner-title-visibility":"","ast-main-header-display":"","ast-hfb-above-header-display":"","ast-hfb-below-header-display":"","ast-hfb-mobile-header-display":"","site-post-title":"disabled","ast-breadcrumbs-content":"","ast-featured-img":"","footer-sml-layout":"","ast-disable-related-posts":"","theme-transparent-header-meta":"default","adv-header-id-meta":"","stick-header-meta":"","header-above-stick-meta":"","header-main-stick-meta":"","header-below-stick-meta":"","astra-migrate-meta-layouts":"set","ast-page-background-enabled":"default","ast-page-background-meta":{"desktop":{"background-color":"var(--ast-global-color-4)","background-image":"","background-repeat":"repeat","background-position":"center center","background-size":"auto","background-attachment":"scroll","background-type":"","background-media":"","overlay-type":"","overlay-color":"","overlay-opacity":"","overlay-gradient":""},"tablet":{"background-color":"","background-image":"","background-repeat":"repeat","background-position":"center center","background-size":"auto","background-attachment":"scroll","background-type":"","background-media":"","overlay-type":"","overlay-color":"","overlay-opacity":"","overlay-gradient":""},"mobile":{"background-color":"","background-image":"","background-repeat":"repeat","background-position":"center center","background-size":"auto","background-attachment":"scroll","background-type":"","background-media":"","overlay-type":"","overlay-color":"","overlay-opacity":"","overlay-gradient":""}},"ast-content-background-meta":{"desktop":{"background-color":"var(--ast-global-color-5)","background-image":"","background-repeat":"repeat","background-position":"center center","background-size":"auto","background-attachment":"scroll","background-type":"","background-media":"","overlay-type":"","overlay-color":"","overlay-opacity":"","overlay-gradient":""},"tablet":{"background-color":"var(--ast-global-color-5)","background-image":"","background-repeat":"repeat","background-position":"center center","background-size":"auto","background-attachment":"scroll","background-type":"","background-media":"","overlay-type":"","overlay-color":"","overlay-opacity":"","overlay-gradient":""},"mobile":{"background-color":"var(--ast-global-color-5)","background-image":"","background-repeat":"repeat","background-position":"center center","background-size":"auto","background-attachment":"scroll","background-type":"","background-media":"","overlay-type":"","overlay-color":"","overlay-opacity":"","overlay-gradient":""}},"footnotes":""},"class_list":["post-129457","page","type-page","status-publish","has-post-thumbnail","hentry"],"yoast_head":"<!-- This site is optimized with the Yoast SEO plugin v27.3 - https:\/\/yoast.com\/product\/yoast-seo-wordpress\/ -->\n<title>\u00dcbersetzungsdienstleistungen im Bereich Multimedia - Trusted Translations, Inc.<\/title>\n<meta name=\"description\" content=\"Trusted Translations, Inc. ist ein f\u00fchrender Anbieter von Multimedia-Dienstleistungen: Untertitelung, Synchronisation\/Lippensynchronisation und Voice-Over. Rufen Sie an, um ein kostenloses Angebot zu erhalten.\" \/>\n<meta name=\"robots\" content=\"index, follow, max-snippet:-1, max-image-preview:large, max-video-preview:-1\" \/>\n<link rel=\"canonical\" href=\"https:\/\/www.trustedtranslations.com\/de\/dienstleistungen\/menschlich\/multimedia\" \/>\n<meta property=\"og:locale\" content=\"de_DE\" \/>\n<meta property=\"og:type\" content=\"article\" \/>\n<meta property=\"og:title\" content=\"\u00dcbersetzungsdienstleistungen im Bereich Multimedia - Trusted Translations, Inc.\" \/>\n<meta property=\"og:description\" content=\"Trusted Translations, Inc. ist ein f\u00fchrender Anbieter von Multimedia-Dienstleistungen: Untertitelung, Synchronisation\/Lippensynchronisation und Voice-Over. Rufen Sie an, um ein kostenloses Angebot zu erhalten.\" \/>\n<meta property=\"og:url\" content=\"https:\/\/www.trustedtranslations.com\/de\/dienstleistungen\/menschlich\/multimedia\" \/>\n<meta property=\"og:site_name\" content=\"Trusted Translations, Inc.\" \/>\n<meta property=\"article:publisher\" content=\"https:\/\/www.facebook.com\/Trusted.Translations\" \/>\n<meta property=\"article:modified_time\" content=\"2024-09-04T21:22:08+00:00\" \/>\n<meta property=\"og:image\" content=\"https:\/\/static.trustedtranslations.com\/wp-content\/uploads\/2024\/02\/TT-ICON_Multimedia-Translation.webp\" \/>\n\t<meta property=\"og:image:width\" content=\"151\" \/>\n\t<meta property=\"og:image:height\" content=\"151\" \/>\n\t<meta property=\"og:image:type\" content=\"image\/webp\" \/>\n<meta name=\"twitter:card\" content=\"summary_large_image\" \/>\n<meta name=\"twitter:site\" content=\"@TrustedT9ns\" \/>\n<script type=\"application\/ld+json\" class=\"yoast-schema-graph\">{\"@context\":\"https:\\\/\\\/schema.org\",\"@graph\":[{\"@type\":\"WebPage\",\"@id\":\"https:\\\/\\\/www.trustedtranslations.com\\\/de\\\/dienstleistungen\\\/menschlich\\\/multimedia\",\"url\":\"https:\\\/\\\/www.trustedtranslations.com\\\/de\\\/dienstleistungen\\\/menschlich\\\/multimedia\",\"name\":\"\u00dcbersetzungsdienstleistungen im Bereich Multimedia - Trusted Translations, Inc.\",\"isPartOf\":{\"@id\":\"https:\\\/\\\/www.trustedtranslations.com\\\/de\\\/#website\"},\"primaryImageOfPage\":{\"@id\":\"https:\\\/\\\/www.trustedtranslations.com\\\/de\\\/dienstleistungen\\\/menschlich\\\/multimedia#primaryimage\"},\"image\":{\"@id\":\"https:\\\/\\\/www.trustedtranslations.com\\\/de\\\/dienstleistungen\\\/menschlich\\\/multimedia#primaryimage\"},\"thumbnailUrl\":\"https:\\\/\\\/www.trustedtranslations.com\\\/wp-content\\\/uploads\\\/2024\\\/02\\\/TT-ICON_Multimedia-Translation.webp\",\"description\":\"Trusted Translations, Inc. ist ein f\u00fchrender Anbieter von Multimedia-Dienstleistungen: Untertitelung, Synchronisation\\\/Lippensynchronisation und Voice-Over. Rufen Sie an, um ein kostenloses Angebot zu erhalten.\",\"breadcrumb\":{\"@id\":\"https:\\\/\\\/www.trustedtranslations.com\\\/de\\\/dienstleistungen\\\/menschlich\\\/multimedia#breadcrumb\"},\"inLanguage\":\"de\",\"potentialAction\":[{\"@type\":\"ReadAction\",\"target\":[\"https:\\\/\\\/www.trustedtranslations.com\\\/de\\\/dienstleistungen\\\/menschlich\\\/multimedia\"]}]},{\"@type\":\"ImageObject\",\"inLanguage\":\"de\",\"@id\":\"https:\\\/\\\/www.trustedtranslations.com\\\/de\\\/dienstleistungen\\\/menschlich\\\/multimedia#primaryimage\",\"url\":\"https:\\\/\\\/www.trustedtranslations.com\\\/wp-content\\\/uploads\\\/2024\\\/02\\\/TT-ICON_Multimedia-Translation.webp\",\"contentUrl\":\"https:\\\/\\\/www.trustedtranslations.com\\\/wp-content\\\/uploads\\\/2024\\\/02\\\/TT-ICON_Multimedia-Translation.webp\",\"width\":151,\"height\":151,\"caption\":\"TT ICON Multimedia Translation\"},{\"@type\":\"BreadcrumbList\",\"@id\":\"https:\\\/\\\/www.trustedtranslations.com\\\/de\\\/dienstleistungen\\\/menschlich\\\/multimedia#breadcrumb\",\"itemListElement\":[{\"@type\":\"ListItem\",\"position\":1,\"name\":\"Home\",\"item\":\"https:\\\/\\\/www.trustedtranslations.com\\\/de\"},{\"@type\":\"ListItem\",\"position\":2,\"name\":\"Dienstleistungen\",\"item\":\"https:\\\/\\\/www.trustedtranslations.com\\\/de\\\/dienstleistungen\"},{\"@type\":\"ListItem\",\"position\":3,\"name\":\"Menschliche \u00dcbersetzung\",\"item\":\"https:\\\/\\\/www.trustedtranslations.com\\\/de\\\/dienstleistungen\\\/menschlich\"},{\"@type\":\"ListItem\",\"position\":4,\"name\":\"Multimedia\"}]},{\"@type\":\"WebSite\",\"@id\":\"https:\\\/\\\/www.trustedtranslations.com\\\/de\\\/#website\",\"url\":\"https:\\\/\\\/www.trustedtranslations.com\\\/de\\\/\",\"name\":\"Trusted Translations, Inc.\",\"description\":\"Leader in translation and interpretation services.\",\"publisher\":{\"@id\":\"https:\\\/\\\/www.trustedtranslations.com\\\/de\\\/#organization\"},\"alternateName\":\"Trusted Translations\",\"potentialAction\":[{\"@type\":\"SearchAction\",\"target\":{\"@type\":\"EntryPoint\",\"urlTemplate\":\"https:\\\/\\\/www.trustedtranslations.com\\\/de\\\/?s={search_term_string}\"},\"query-input\":{\"@type\":\"PropertyValueSpecification\",\"valueRequired\":true,\"valueName\":\"search_term_string\"}}],\"inLanguage\":\"de\"},{\"@type\":\"Organization\",\"@id\":\"https:\\\/\\\/www.trustedtranslations.com\\\/de\\\/#organization\",\"name\":\"Trusted Translations\",\"alternateName\":\"Trusted Translations, Inc.\",\"url\":\"https:\\\/\\\/www.trustedtranslations.com\\\/de\\\/\",\"logo\":{\"@type\":\"ImageObject\",\"inLanguage\":\"de\",\"@id\":\"https:\\\/\\\/www.trustedtranslations.com\\\/de\\\/#\\\/schema\\\/logo\\\/image\\\/\",\"url\":\"https:\\\/\\\/static.trustedtranslations.com\\\/wp-content\\\/uploads\\\/2022\\\/01\\\/TT_logo_WSIColors-2.png\",\"contentUrl\":\"https:\\\/\\\/static.trustedtranslations.com\\\/wp-content\\\/uploads\\\/2022\\\/01\\\/TT_logo_WSIColors-2.png\",\"width\":500,\"height\":196,\"caption\":\"Trusted Translations\"},\"image\":{\"@id\":\"https:\\\/\\\/www.trustedtranslations.com\\\/de\\\/#\\\/schema\\\/logo\\\/image\\\/\"},\"sameAs\":[\"https:\\\/\\\/www.facebook.com\\\/Trusted.Translations\",\"https:\\\/\\\/x.com\\\/TrustedT9ns\",\"https:\\\/\\\/www.linkedin.com\\\/company\\\/trusted-translations\"]}]}<\/script>\n<!-- \/ Yoast SEO plugin. -->","yoast_head_json":{"title":"\u00dcbersetzungsdienstleistungen im Bereich Multimedia - Trusted Translations, Inc.","description":"Trusted Translations, Inc. ist ein f\u00fchrender Anbieter von Multimedia-Dienstleistungen: Untertitelung, Synchronisation\/Lippensynchronisation und Voice-Over. Rufen Sie an, um ein kostenloses Angebot zu erhalten.","robots":{"index":"index","follow":"follow","max-snippet":"max-snippet:-1","max-image-preview":"max-image-preview:large","max-video-preview":"max-video-preview:-1"},"canonical":"https:\/\/www.trustedtranslations.com\/de\/dienstleistungen\/menschlich\/multimedia","og_locale":"de_DE","og_type":"article","og_title":"\u00dcbersetzungsdienstleistungen im Bereich Multimedia - Trusted Translations, Inc.","og_description":"Trusted Translations, Inc. ist ein f\u00fchrender Anbieter von Multimedia-Dienstleistungen: Untertitelung, Synchronisation\/Lippensynchronisation und Voice-Over. Rufen Sie an, um ein kostenloses Angebot zu erhalten.","og_url":"https:\/\/www.trustedtranslations.com\/de\/dienstleistungen\/menschlich\/multimedia","og_site_name":"Trusted Translations, Inc.","article_publisher":"https:\/\/www.facebook.com\/Trusted.Translations","article_modified_time":"2024-09-04T21:22:08+00:00","og_image":[{"width":151,"height":151,"url":"https:\/\/static.trustedtranslations.com\/wp-content\/uploads\/2024\/02\/TT-ICON_Multimedia-Translation.webp","type":"image\/webp"}],"twitter_card":"summary_large_image","twitter_site":"@TrustedT9ns","schema":{"@context":"https:\/\/schema.org","@graph":[{"@type":"WebPage","@id":"https:\/\/www.trustedtranslations.com\/de\/dienstleistungen\/menschlich\/multimedia","url":"https:\/\/www.trustedtranslations.com\/de\/dienstleistungen\/menschlich\/multimedia","name":"\u00dcbersetzungsdienstleistungen im Bereich Multimedia - Trusted Translations, Inc.","isPartOf":{"@id":"https:\/\/www.trustedtranslations.com\/de\/#website"},"primaryImageOfPage":{"@id":"https:\/\/www.trustedtranslations.com\/de\/dienstleistungen\/menschlich\/multimedia#primaryimage"},"image":{"@id":"https:\/\/www.trustedtranslations.com\/de\/dienstleistungen\/menschlich\/multimedia#primaryimage"},"thumbnailUrl":"https:\/\/www.trustedtranslations.com\/wp-content\/uploads\/2024\/02\/TT-ICON_Multimedia-Translation.webp","description":"Trusted Translations, Inc. ist ein f\u00fchrender Anbieter von Multimedia-Dienstleistungen: Untertitelung, Synchronisation\/Lippensynchronisation und Voice-Over. Rufen Sie an, um ein kostenloses Angebot zu erhalten.","breadcrumb":{"@id":"https:\/\/www.trustedtranslations.com\/de\/dienstleistungen\/menschlich\/multimedia#breadcrumb"},"inLanguage":"de","potentialAction":[{"@type":"ReadAction","target":["https:\/\/www.trustedtranslations.com\/de\/dienstleistungen\/menschlich\/multimedia"]}]},{"@type":"ImageObject","inLanguage":"de","@id":"https:\/\/www.trustedtranslations.com\/de\/dienstleistungen\/menschlich\/multimedia#primaryimage","url":"https:\/\/www.trustedtranslations.com\/wp-content\/uploads\/2024\/02\/TT-ICON_Multimedia-Translation.webp","contentUrl":"https:\/\/www.trustedtranslations.com\/wp-content\/uploads\/2024\/02\/TT-ICON_Multimedia-Translation.webp","width":151,"height":151,"caption":"TT ICON Multimedia Translation"},{"@type":"BreadcrumbList","@id":"https:\/\/www.trustedtranslations.com\/de\/dienstleistungen\/menschlich\/multimedia#breadcrumb","itemListElement":[{"@type":"ListItem","position":1,"name":"Home","item":"https:\/\/www.trustedtranslations.com\/de"},{"@type":"ListItem","position":2,"name":"Dienstleistungen","item":"https:\/\/www.trustedtranslations.com\/de\/dienstleistungen"},{"@type":"ListItem","position":3,"name":"Menschliche \u00dcbersetzung","item":"https:\/\/www.trustedtranslations.com\/de\/dienstleistungen\/menschlich"},{"@type":"ListItem","position":4,"name":"Multimedia"}]},{"@type":"WebSite","@id":"https:\/\/www.trustedtranslations.com\/de\/#website","url":"https:\/\/www.trustedtranslations.com\/de\/","name":"Trusted Translations, Inc.","description":"Leader in translation and interpretation services.","publisher":{"@id":"https:\/\/www.trustedtranslations.com\/de\/#organization"},"alternateName":"Trusted Translations","potentialAction":[{"@type":"SearchAction","target":{"@type":"EntryPoint","urlTemplate":"https:\/\/www.trustedtranslations.com\/de\/?s={search_term_string}"},"query-input":{"@type":"PropertyValueSpecification","valueRequired":true,"valueName":"search_term_string"}}],"inLanguage":"de"},{"@type":"Organization","@id":"https:\/\/www.trustedtranslations.com\/de\/#organization","name":"Trusted Translations","alternateName":"Trusted Translations, Inc.","url":"https:\/\/www.trustedtranslations.com\/de\/","logo":{"@type":"ImageObject","inLanguage":"de","@id":"https:\/\/www.trustedtranslations.com\/de\/#\/schema\/logo\/image\/","url":"https:\/\/static.trustedtranslations.com\/wp-content\/uploads\/2022\/01\/TT_logo_WSIColors-2.png","contentUrl":"https:\/\/static.trustedtranslations.com\/wp-content\/uploads\/2022\/01\/TT_logo_WSIColors-2.png","width":500,"height":196,"caption":"Trusted Translations"},"image":{"@id":"https:\/\/www.trustedtranslations.com\/de\/#\/schema\/logo\/image\/"},"sameAs":["https:\/\/www.facebook.com\/Trusted.Translations","https:\/\/x.com\/TrustedT9ns","https:\/\/www.linkedin.com\/company\/trusted-translations"]}]}},"toolset-meta":{"dyk":{"mensaje-1":{"type":"textfield","raw":"Die nicht-englische Zuschauerzahl von Netflix ist seit 2019 um 71 Prozent gestiegen."},"mensaje-2":{"type":"textfield","raw":"Etwa 86 % der Unternehmen nutzen Videos als Marketinginstrument."},"mensaje-3":{"type":"textfield","raw":"Die H\u00e4lfte der amerikanischen Zuschauer verwendet die meiste Zeit Untertitel."},"mensaje-4":{"type":"textfield","raw":"Videos helfen bei den meisten e-Learnern, die Bindung und Erinnerung zu steigern."},"mensaje-5":{"type":"textfield","raw":""},"mensaje-6":{"type":"textfield","raw":""}},"single-page-template-fields":{"imgs-temp":{"type":"image","raw":["https:\/\/static.trustedtranslations.com\/wp-content\/uploads\/2024\/06\/multimedia-final-1.webp","https:\/\/static.trustedtranslations.com\/wp-content\/uploads\/2024\/06\/multimedia-final-2-1.webp"],"repeatable":[{"raw":"https:\/\/static.trustedtranslations.com\/wp-content\/uploads\/2024\/06\/multimedia-final-1.webp"},{"raw":"https:\/\/static.trustedtranslations.com\/wp-content\/uploads\/2024\/06\/multimedia-final-2-1.webp"}]},"imgs-temp-cel":{"type":"image","raw":[""],"repeatable":[{"raw":""}]},"img-temp-one-cel":{"type":"image","raw":"https:\/\/static.trustedtranslations.com\/wp-content\/uploads\/2024\/06\/AdobeStock_317226118-2-1.webp","attachment_id":null},"quotes":{"type":"textarea","raw":"<h1 style=\"margin-bottom: 12px;\">\u00dcbersetzung von Multimedia<\/h1>\r\nHochwertige Multimedia-\u00dcbersetzungen sind ein Muss f\u00fcr die Unterhaltungs- und Medienbranche. Durch die Zusammenarbeit mit Top-Unternehmen in beiden verwandten Branchensegmenten hat <em>Trusted Translations<\/em> ein einzigartiges Know-how in verschiedenen Arten spezialisierter Multimedia-\u00dcbersetzungen entwickelt, darunter Untertitelung, Synchronisation, Voice-Over und Lippensynchronisation.\r\n<div style=\"margin-top: 2.5vw;\"><a class=\"tt-btn-main-cta\" href=\"https:\/\/www.trustedtranslations.com\/de\/angebot\">Kostenlosen Kostenvoranschlag anfordern<\/a><\/div>"},"text-1":{"type":"textarea","raw":"<h2>Warum Video und Audio die Kommunikation revolutionieren<\/h2>Video und Audio sind zu den neuen Grundpfeilern der Kommunikation geworden - ein Bild sagt mehr als tausend Worte, ein Video sagt mehr als eine Million. Da die Menschen auf der ganzen Welt immer besser mit Video und Audio umgehen k\u00f6nnen und immer mehr Zugang zu Multimedia-Tools haben, setzen multinationale Unternehmen und Regierungsorganisationen immer mehr auf Multimedia-Plattformen, um ihre Zielgruppen zu schulen und zu informieren.\r\n\r\n<em>Trusted Translations<\/em> hat eine spezialisierte Abteilung entwickelt, die sich der Abwicklung aller Arten von Multimedia-\u00dcbersetzungsdienstleistungen widmet.\r\n<h2>Untertitelung<\/h2>\r\nNahezu jede Form von Video erfordert eine Untertitelung in mehreren Sprachen, um eine gr\u00f6\u00dfere Reichweite zu erzielen. Internationale M\u00e4rkte sind f\u00fcr den Erfolg von Bildungs- und Unterhaltungsvideoinhalten von besonders entscheidender Bedeutung; Die Popularit\u00e4t von Streaming-Diensten wie Netflix und Hulu hat weltweit zu einer erh\u00f6hten Nachfrage nach Untertiteln gef\u00fchrt. Untersuchungen haben sogar gezeigt, dass Zuschauer im Alter von 18 bis 25 Jahren lieber <a href=\"https:\/\/www.trustedtranslations.com\/blog\/the-latest-trends-in-subtitling-and-captioning\" rel=\"noopener\">Medien mit eingeschalteten Untertiteln ansehen<\/a>.\r\n\r\nDie Untertitelung umfasst viel mehr als eine einfache \u00dcbersetzung; sie erfordert einen hochtechnischen und pr\u00e4zisen Prozess, um sicherzustellen, dass das Publikum jede Szene mit gesprochenem oder geschriebenem Inhalt verstehen kann. Die Untertitelung stellt auch einzigartige Herausforderungen dar, z. B. das Arbeiten innerhalb von Zeichenbeschr\u00e4nkungen, um sicherzustellen, dass das Lesen der Untertitel nicht l\u00e4nger dauert als die L\u00e4nge der Szene selbst.\r\n\r\nBei <em>Trusted Translations<\/em> haben unsere spezialisierten Multimedia-\u00dcbersetzungsteams mit f\u00fchrenden Unterhaltungs- und Bildungsunternehmen zusammengearbeitet, um alle ihre Untertitelungsanforderungen zu erf\u00fcllen.\r\n<h2>Synchronisation<\/h2>\r\nSynchronisation ist der Vorgang des Hinzuf\u00fcgens neuer, gesprochener Audioinhalte, um den vorhandenen Soundtrack in einer Videoproduktion zu ersetzen. Synchronisation wird h\u00e4ufig in M\u00e4rkten eingesetzt, in denen die Untertitelung die Ziele der Produzenten nicht vollst\u00e4ndig erreicht, und ist eine universellere Methode zur Anpassung von Videoproduktionen f\u00fcr internationale M\u00e4rkte. Da sie keine Lekt\u00fcre erfordert, ist sie ideal f\u00fcr Kinder und f\u00fcr M\u00e4rkte mit geringerer Allgemeinbildung geeignet. Viele Unternehmen bevorzugen auch die Synchronisation, weil sie das Seh- und H\u00f6rerlebnis der Originalproduktion besser widerspiegelt.\r\n\r\nDamit Videoinhalte richtig synchronisiert werden k\u00f6nnen, muss der Dialog von einem Expertenteam \u00fcbersetzt werden, um Text zu produzieren, der nach dem Sprechen den Lippen des urspr\u00fcnglichen Schauspielers entspricht. <em>Trusted Translations<\/em> hat Tausende von Stunden an Videoinhalten f\u00fcr fast jeden Markt synchronisiert und ist bereit, alle Ihre Synchronisationsanforderungen zu erf\u00fcllen."},"shortcode-map":{"type":"textfield","raw":""},"dyk-shortcode":{"type":"textfield","raw":"[elementor-template id=\"146647\"]"},"text-2":{"type":"textarea","raw":"<h2>Lippensynchronisation<\/h2>\r\nLippensynchronisation (Sync) ist ein Prozess, bei dem Audio eingef\u00fcgt wird, um den Lippenbewegungen der urspr\u00fcnglichen Schauspieler zu entsprechen. Die Lippensynchronisation ist der Schl\u00fcssel zu vielen Spielfilmen, da sie dem Publikum hilft, den Inhalt besser zu verstehen, und die Illusion erzeugt, dass er urspr\u00fcnglich in der synchronisierten Sprache aufgenommen wurde.\r\n\r\nLippensynchronisation und Synchronisation gehen Hand in Hand, da es entscheidend ist, das neu aufgenommene Audio mit den Lippen der Live-Schauspieler oder animierten Charaktere abzugleichen, um die Produktionsqualit\u00e4t zu liefern, die das Publikum erwartet. Oft ist es auch notwendig, die Original\u00fcbersetzung zu modifizieren, um die Zeit zu verk\u00fcrzen, die zum Sprechen der Zeilen ben\u00f6tigt wird. Dies kann ein Problem darstellen, wenn zwischen Sprachen synchronisiert wird, die in einer Sprache mehr W\u00f6rter verwenden, um dieselbe Bedeutung wie in der anderen zu vermitteln, z. B. beim Wechsel von Englisch nach Spanisch.\r\n\r\nUnsere Sprachexpertise von <em>Trusted Translations<\/em> \u2013 insbesondere bei spanischen \u00dcbersetzungsdienstleistungen \u2013 versetzt unsere Multimedia-\u00dcbersetzer in die Lage, diese Herausforderungen mit Leichtigkeit zu meistern.\r\n<h2>Voice-Over (Begleitkommentare)<\/h2>\r\nVoice-Over-\u00dcbersetzungsdienstleistungen werden h\u00e4ufig in Videoproduktionen verwendet, um Audioinhalte zu ersetzen, die nicht von einem Schauspieler in einer bestimmten Szene gesprochen wurden. Dokumentarfilme verwenden beispielsweise h\u00e4ufig Voice-Overs, da normalerweise die Stimme eines Erz\u00e4hlers im Hintergrund eine Szene beschreibt.\r\n\r\nVoice-Over-Dienste erfordern nicht das gleiche Ma\u00df an Pr\u00e4zision wie das Synchronisieren oder Untertiteln. Es muss jedoch immer noch sorgf\u00e4ltig auf die L\u00e4nge des \u00fcbersetzten Textes und darauf, ob er mit dem Originalvideo \u00fcbereinstimmt, geachtet werden. Daher erfordert ein effektiv \u00fcbersetzter Voice-Over die richtige Ausr\u00fcstung sowie umfangreiches Fachwissen.\r\n\r\nBei <em>Trusted Translations<\/em> verf\u00fcgen wir \u00fcber jahrelange Erfahrung in der Bereitstellung von Voice-over-Dienstleistungen und arbeiten mit Ihrem Unternehmen zusammen, um eine Ausgabe von h\u00f6chster Qualit\u00e4t zu gew\u00e4hrleisten. Um mehr \u00fcber unsere Multimedia-\u00dcbersetzungsdienstleistungen zu erfahren, wenden Sie sich noch heute an uns."},"state":{"type":"textfield","raw":""},"city":{"type":"textarea","raw":[]}}},"_links":{"self":[{"href":"https:\/\/www.trustedtranslations.com\/de\/wp-json\/wp\/v2\/pages\/129457","targetHints":{"allow":["GET"]}}],"collection":[{"href":"https:\/\/www.trustedtranslations.com\/de\/wp-json\/wp\/v2\/pages"}],"about":[{"href":"https:\/\/www.trustedtranslations.com\/de\/wp-json\/wp\/v2\/types\/page"}],"author":[{"embeddable":true,"href":"https:\/\/www.trustedtranslations.com\/de\/wp-json\/wp\/v2\/users\/1"}],"replies":[{"embeddable":true,"href":"https:\/\/www.trustedtranslations.com\/de\/wp-json\/wp\/v2\/comments?post=129457"}],"version-history":[{"count":0,"href":"https:\/\/www.trustedtranslations.com\/de\/wp-json\/wp\/v2\/pages\/129457\/revisions"}],"up":[{"embeddable":true,"href":"https:\/\/www.trustedtranslations.com\/de\/wp-json\/wp\/v2\/pages\/129399"}],"wp:featuredmedia":[{"embeddable":true,"href":"https:\/\/www.trustedtranslations.com\/de\/wp-json\/wp\/v2\/media\/235737"}],"wp:attachment":[{"href":"https:\/\/www.trustedtranslations.com\/de\/wp-json\/wp\/v2\/media?parent=129457"}],"curies":[{"name":"wp","href":"https:\/\/api.w.org\/{rel}","templated":true}]}}