{"id":129458,"date":"2018-11-12T18:48:08","date_gmt":"2018-11-12T18:48:08","guid":{"rendered":"https:\/\/www.trustedtranslations.com\/?page_id=129458"},"modified":"2024-09-04T17:54:27","modified_gmt":"2024-09-04T20:54:27","slug":"lokalisierung","status":"publish","type":"page","link":"https:\/\/www.trustedtranslations.com\/de\/dienstleistungen\/menschlich\/lokalisierung","title":{"rendered":"Lokalisierung"},"content":{"rendered":"","protected":false},"excerpt":{"rendered":"","protected":false},"author":1,"featured_media":235760,"parent":129399,"menu_order":3,"comment_status":"closed","ping_status":"closed","template":"","meta":{"site-sidebar-layout":"default","site-content-layout":"default","ast-site-content-layout":"default","site-content-style":"default","site-sidebar-style":"default","ast-global-header-display":"","ast-banner-title-visibility":"","ast-main-header-display":"","ast-hfb-above-header-display":"","ast-hfb-below-header-display":"","ast-hfb-mobile-header-display":"","site-post-title":"disabled","ast-breadcrumbs-content":"","ast-featured-img":"","footer-sml-layout":"","ast-disable-related-posts":"","theme-transparent-header-meta":"default","adv-header-id-meta":"","stick-header-meta":"","header-above-stick-meta":"","header-main-stick-meta":"","header-below-stick-meta":"","astra-migrate-meta-layouts":"set","ast-page-background-enabled":"default","ast-page-background-meta":{"desktop":{"background-color":"var(--ast-global-color-4)","background-image":"","background-repeat":"repeat","background-position":"center center","background-size":"auto","background-attachment":"scroll","background-type":"","background-media":"","overlay-type":"","overlay-color":"","overlay-opacity":"","overlay-gradient":""},"tablet":{"background-color":"","background-image":"","background-repeat":"repeat","background-position":"center center","background-size":"auto","background-attachment":"scroll","background-type":"","background-media":"","overlay-type":"","overlay-color":"","overlay-opacity":"","overlay-gradient":""},"mobile":{"background-color":"","background-image":"","background-repeat":"repeat","background-position":"center center","background-size":"auto","background-attachment":"scroll","background-type":"","background-media":"","overlay-type":"","overlay-color":"","overlay-opacity":"","overlay-gradient":""}},"ast-content-background-meta":{"desktop":{"background-color":"var(--ast-global-color-5)","background-image":"","background-repeat":"repeat","background-position":"center center","background-size":"auto","background-attachment":"scroll","background-type":"","background-media":"","overlay-type":"","overlay-color":"","overlay-opacity":"","overlay-gradient":""},"tablet":{"background-color":"var(--ast-global-color-5)","background-image":"","background-repeat":"repeat","background-position":"center center","background-size":"auto","background-attachment":"scroll","background-type":"","background-media":"","overlay-type":"","overlay-color":"","overlay-opacity":"","overlay-gradient":""},"mobile":{"background-color":"var(--ast-global-color-5)","background-image":"","background-repeat":"repeat","background-position":"center center","background-size":"auto","background-attachment":"scroll","background-type":"","background-media":"","overlay-type":"","overlay-color":"","overlay-opacity":"","overlay-gradient":""}},"footnotes":""},"class_list":["post-129458","page","type-page","status-publish","has-post-thumbnail","hentry"],"yoast_head":"<!-- This site is optimized with the Yoast SEO plugin v27.5 - https:\/\/yoast.com\/product\/yoast-seo-wordpress\/ -->\n<title>Lokalisierungsdienste - Trusted Translations, Inc.<\/title>\n<meta name=\"description\" content=\"Trusted Translations, Inc. ist in der Branche als einer der Marktf\u00fchrer in der Lokalisierung von Produkten und Inhalten bekannt. Fordern Sie ein kostenloses Angebot oder eine Beratung an.\" \/>\n<meta name=\"robots\" content=\"index, follow, max-snippet:-1, max-image-preview:large, max-video-preview:-1\" \/>\n<link rel=\"canonical\" href=\"https:\/\/www.trustedtranslations.com\/de\/dienstleistungen\/menschlich\/lokalisierung\" \/>\n<meta property=\"og:locale\" content=\"de_DE\" \/>\n<meta property=\"og:type\" content=\"article\" \/>\n<meta property=\"og:title\" content=\"Lokalisierungsdienste - Trusted Translations, Inc.\" \/>\n<meta property=\"og:description\" content=\"Trusted Translations, Inc. ist in der Branche als einer der Marktf\u00fchrer in der Lokalisierung von Produkten und Inhalten bekannt. Fordern Sie ein kostenloses Angebot oder eine Beratung an.\" \/>\n<meta property=\"og:url\" content=\"https:\/\/www.trustedtranslations.com\/de\/dienstleistungen\/menschlich\/lokalisierung\" \/>\n<meta property=\"og:site_name\" content=\"Trusted Translations, Inc.\" \/>\n<meta property=\"article:publisher\" content=\"https:\/\/www.facebook.com\/Trusted.Translations\" \/>\n<meta property=\"article:modified_time\" content=\"2024-09-04T20:54:27+00:00\" \/>\n<meta property=\"og:image\" content=\"https:\/\/static.trustedtranslations.com\/wp-content\/uploads\/2024\/02\/TT-ICON_Localization.webp\" \/>\n\t<meta property=\"og:image:width\" content=\"151\" \/>\n\t<meta property=\"og:image:height\" content=\"151\" \/>\n\t<meta property=\"og:image:type\" content=\"image\/webp\" \/>\n<meta name=\"twitter:card\" content=\"summary_large_image\" \/>\n<meta name=\"twitter:site\" content=\"@TrustedT9ns\" \/>\n<script type=\"application\/ld+json\" class=\"yoast-schema-graph\">{\"@context\":\"https:\\\/\\\/schema.org\",\"@graph\":[{\"@type\":\"WebPage\",\"@id\":\"https:\\\/\\\/www.trustedtranslations.com\\\/de\\\/dienstleistungen\\\/menschlich\\\/lokalisierung\",\"url\":\"https:\\\/\\\/www.trustedtranslations.com\\\/de\\\/dienstleistungen\\\/menschlich\\\/lokalisierung\",\"name\":\"Lokalisierungsdienste - Trusted Translations, Inc.\",\"isPartOf\":{\"@id\":\"https:\\\/\\\/www.trustedtranslations.com\\\/de\\\/#website\"},\"primaryImageOfPage\":{\"@id\":\"https:\\\/\\\/www.trustedtranslations.com\\\/de\\\/dienstleistungen\\\/menschlich\\\/lokalisierung#primaryimage\"},\"image\":{\"@id\":\"https:\\\/\\\/www.trustedtranslations.com\\\/de\\\/dienstleistungen\\\/menschlich\\\/lokalisierung#primaryimage\"},\"thumbnailUrl\":\"https:\\\/\\\/www.trustedtranslations.com\\\/wp-content\\\/uploads\\\/2024\\\/02\\\/TT-ICON_Localization.webp\",\"description\":\"Trusted Translations, Inc. ist in der Branche als einer der Marktf\u00fchrer in der Lokalisierung von Produkten und Inhalten bekannt. Fordern Sie ein kostenloses Angebot oder eine Beratung an.\",\"breadcrumb\":{\"@id\":\"https:\\\/\\\/www.trustedtranslations.com\\\/de\\\/dienstleistungen\\\/menschlich\\\/lokalisierung#breadcrumb\"},\"inLanguage\":\"de\",\"potentialAction\":[{\"@type\":\"ReadAction\",\"target\":[\"https:\\\/\\\/www.trustedtranslations.com\\\/de\\\/dienstleistungen\\\/menschlich\\\/lokalisierung\"]}]},{\"@type\":\"ImageObject\",\"inLanguage\":\"de\",\"@id\":\"https:\\\/\\\/www.trustedtranslations.com\\\/de\\\/dienstleistungen\\\/menschlich\\\/lokalisierung#primaryimage\",\"url\":\"https:\\\/\\\/www.trustedtranslations.com\\\/wp-content\\\/uploads\\\/2024\\\/02\\\/TT-ICON_Localization.webp\",\"contentUrl\":\"https:\\\/\\\/www.trustedtranslations.com\\\/wp-content\\\/uploads\\\/2024\\\/02\\\/TT-ICON_Localization.webp\",\"width\":151,\"height\":151,\"caption\":\"TT ICON Localization\"},{\"@type\":\"BreadcrumbList\",\"@id\":\"https:\\\/\\\/www.trustedtranslations.com\\\/de\\\/dienstleistungen\\\/menschlich\\\/lokalisierung#breadcrumb\",\"itemListElement\":[{\"@type\":\"ListItem\",\"position\":1,\"name\":\"Home\",\"item\":\"https:\\\/\\\/www.trustedtranslations.com\\\/de\"},{\"@type\":\"ListItem\",\"position\":2,\"name\":\"Dienstleistungen\",\"item\":\"https:\\\/\\\/www.trustedtranslations.com\\\/de\\\/dienstleistungen\"},{\"@type\":\"ListItem\",\"position\":3,\"name\":\"Menschliche \u00dcbersetzung\",\"item\":\"https:\\\/\\\/www.trustedtranslations.com\\\/de\\\/dienstleistungen\\\/menschlich\"},{\"@type\":\"ListItem\",\"position\":4,\"name\":\"Lokalisierung\"}]},{\"@type\":\"WebSite\",\"@id\":\"https:\\\/\\\/www.trustedtranslations.com\\\/de\\\/#website\",\"url\":\"https:\\\/\\\/www.trustedtranslations.com\\\/de\\\/\",\"name\":\"Trusted Translations, Inc.\",\"description\":\"Leader in translation and interpretation services.\",\"publisher\":{\"@id\":\"https:\\\/\\\/www.trustedtranslations.com\\\/de\\\/#organization\"},\"alternateName\":\"Trusted Translations\",\"potentialAction\":[{\"@type\":\"SearchAction\",\"target\":{\"@type\":\"EntryPoint\",\"urlTemplate\":\"https:\\\/\\\/www.trustedtranslations.com\\\/de\\\/?s={search_term_string}\"},\"query-input\":{\"@type\":\"PropertyValueSpecification\",\"valueRequired\":true,\"valueName\":\"search_term_string\"}}],\"inLanguage\":\"de\"},{\"@type\":\"Organization\",\"@id\":\"https:\\\/\\\/www.trustedtranslations.com\\\/de\\\/#organization\",\"name\":\"Trusted Translations\",\"alternateName\":\"Trusted Translations, Inc.\",\"url\":\"https:\\\/\\\/www.trustedtranslations.com\\\/de\\\/\",\"logo\":{\"@type\":\"ImageObject\",\"inLanguage\":\"de\",\"@id\":\"https:\\\/\\\/www.trustedtranslations.com\\\/de\\\/#\\\/schema\\\/logo\\\/image\\\/\",\"url\":\"https:\\\/\\\/static.trustedtranslations.com\\\/wp-content\\\/uploads\\\/2022\\\/01\\\/TT_logo_WSIColors-2.png\",\"contentUrl\":\"https:\\\/\\\/static.trustedtranslations.com\\\/wp-content\\\/uploads\\\/2022\\\/01\\\/TT_logo_WSIColors-2.png\",\"width\":500,\"height\":196,\"caption\":\"Trusted Translations\"},\"image\":{\"@id\":\"https:\\\/\\\/www.trustedtranslations.com\\\/de\\\/#\\\/schema\\\/logo\\\/image\\\/\"},\"sameAs\":[\"https:\\\/\\\/www.facebook.com\\\/Trusted.Translations\",\"https:\\\/\\\/x.com\\\/TrustedT9ns\",\"https:\\\/\\\/www.linkedin.com\\\/company\\\/trusted-translations\"]}]}<\/script>\n<!-- \/ Yoast SEO plugin. -->","yoast_head_json":{"title":"Lokalisierungsdienste - Trusted Translations, Inc.","description":"Trusted Translations, Inc. ist in der Branche als einer der Marktf\u00fchrer in der Lokalisierung von Produkten und Inhalten bekannt. Fordern Sie ein kostenloses Angebot oder eine Beratung an.","robots":{"index":"index","follow":"follow","max-snippet":"max-snippet:-1","max-image-preview":"max-image-preview:large","max-video-preview":"max-video-preview:-1"},"canonical":"https:\/\/www.trustedtranslations.com\/de\/dienstleistungen\/menschlich\/lokalisierung","og_locale":"de_DE","og_type":"article","og_title":"Lokalisierungsdienste - Trusted Translations, Inc.","og_description":"Trusted Translations, Inc. ist in der Branche als einer der Marktf\u00fchrer in der Lokalisierung von Produkten und Inhalten bekannt. Fordern Sie ein kostenloses Angebot oder eine Beratung an.","og_url":"https:\/\/www.trustedtranslations.com\/de\/dienstleistungen\/menschlich\/lokalisierung","og_site_name":"Trusted Translations, Inc.","article_publisher":"https:\/\/www.facebook.com\/Trusted.Translations","article_modified_time":"2024-09-04T20:54:27+00:00","og_image":[{"width":151,"height":151,"url":"https:\/\/static.trustedtranslations.com\/wp-content\/uploads\/2024\/02\/TT-ICON_Localization.webp","type":"image\/webp"}],"twitter_card":"summary_large_image","twitter_site":"@TrustedT9ns","schema":{"@context":"https:\/\/schema.org","@graph":[{"@type":"WebPage","@id":"https:\/\/www.trustedtranslations.com\/de\/dienstleistungen\/menschlich\/lokalisierung","url":"https:\/\/www.trustedtranslations.com\/de\/dienstleistungen\/menschlich\/lokalisierung","name":"Lokalisierungsdienste - Trusted Translations, Inc.","isPartOf":{"@id":"https:\/\/www.trustedtranslations.com\/de\/#website"},"primaryImageOfPage":{"@id":"https:\/\/www.trustedtranslations.com\/de\/dienstleistungen\/menschlich\/lokalisierung#primaryimage"},"image":{"@id":"https:\/\/www.trustedtranslations.com\/de\/dienstleistungen\/menschlich\/lokalisierung#primaryimage"},"thumbnailUrl":"https:\/\/www.trustedtranslations.com\/wp-content\/uploads\/2024\/02\/TT-ICON_Localization.webp","description":"Trusted Translations, Inc. ist in der Branche als einer der Marktf\u00fchrer in der Lokalisierung von Produkten und Inhalten bekannt. Fordern Sie ein kostenloses Angebot oder eine Beratung an.","breadcrumb":{"@id":"https:\/\/www.trustedtranslations.com\/de\/dienstleistungen\/menschlich\/lokalisierung#breadcrumb"},"inLanguage":"de","potentialAction":[{"@type":"ReadAction","target":["https:\/\/www.trustedtranslations.com\/de\/dienstleistungen\/menschlich\/lokalisierung"]}]},{"@type":"ImageObject","inLanguage":"de","@id":"https:\/\/www.trustedtranslations.com\/de\/dienstleistungen\/menschlich\/lokalisierung#primaryimage","url":"https:\/\/www.trustedtranslations.com\/wp-content\/uploads\/2024\/02\/TT-ICON_Localization.webp","contentUrl":"https:\/\/www.trustedtranslations.com\/wp-content\/uploads\/2024\/02\/TT-ICON_Localization.webp","width":151,"height":151,"caption":"TT ICON Localization"},{"@type":"BreadcrumbList","@id":"https:\/\/www.trustedtranslations.com\/de\/dienstleistungen\/menschlich\/lokalisierung#breadcrumb","itemListElement":[{"@type":"ListItem","position":1,"name":"Home","item":"https:\/\/www.trustedtranslations.com\/de"},{"@type":"ListItem","position":2,"name":"Dienstleistungen","item":"https:\/\/www.trustedtranslations.com\/de\/dienstleistungen"},{"@type":"ListItem","position":3,"name":"Menschliche \u00dcbersetzung","item":"https:\/\/www.trustedtranslations.com\/de\/dienstleistungen\/menschlich"},{"@type":"ListItem","position":4,"name":"Lokalisierung"}]},{"@type":"WebSite","@id":"https:\/\/www.trustedtranslations.com\/de\/#website","url":"https:\/\/www.trustedtranslations.com\/de\/","name":"Trusted Translations, Inc.","description":"Leader in translation and interpretation services.","publisher":{"@id":"https:\/\/www.trustedtranslations.com\/de\/#organization"},"alternateName":"Trusted Translations","potentialAction":[{"@type":"SearchAction","target":{"@type":"EntryPoint","urlTemplate":"https:\/\/www.trustedtranslations.com\/de\/?s={search_term_string}"},"query-input":{"@type":"PropertyValueSpecification","valueRequired":true,"valueName":"search_term_string"}}],"inLanguage":"de"},{"@type":"Organization","@id":"https:\/\/www.trustedtranslations.com\/de\/#organization","name":"Trusted Translations","alternateName":"Trusted Translations, Inc.","url":"https:\/\/www.trustedtranslations.com\/de\/","logo":{"@type":"ImageObject","inLanguage":"de","@id":"https:\/\/www.trustedtranslations.com\/de\/#\/schema\/logo\/image\/","url":"https:\/\/static.trustedtranslations.com\/wp-content\/uploads\/2022\/01\/TT_logo_WSIColors-2.png","contentUrl":"https:\/\/static.trustedtranslations.com\/wp-content\/uploads\/2022\/01\/TT_logo_WSIColors-2.png","width":500,"height":196,"caption":"Trusted Translations"},"image":{"@id":"https:\/\/www.trustedtranslations.com\/de\/#\/schema\/logo\/image\/"},"sameAs":["https:\/\/www.facebook.com\/Trusted.Translations","https:\/\/x.com\/TrustedT9ns","https:\/\/www.linkedin.com\/company\/trusted-translations"]}]}},"toolset-meta":{"dyk":{"mensaje-1":{"type":"textfield","raw":"<em>Trusted Translations<\/em> bietet spanische Lokalisierungsdienstleistungen zu Preisen 25 - 50% unter den Marktpreisen an"},"mensaje-2":{"type":"textfield","raw":"Einer der h\u00e4ufigsten Fehler bei der Lokalisierung ist die falsche numerische Formatierung"},"mensaje-3":{"type":"textfield","raw":"Die Verwendung von Translation-Memory-Tools kann helfen, Zeit zu sparen und die Konsistenz von Lokalisierungsprojekten zu verbessern."},"mensaje-4":{"type":"textfield","raw":"Unsere Dienstleistungen reichen von schlichten Dokument\u00fcbersetzungen bis zu komplexen Software-Lokalisierungen"},"mensaje-5":{"type":"textfield","raw":""},"mensaje-6":{"type":"textfield","raw":""}},"single-page-template-fields":{"imgs-temp":{"type":"image","raw":["https:\/\/static.trustedtranslations.com\/wp-content\/uploads\/2024\/06\/industry-53-1.webp"],"repeatable":[{"raw":"https:\/\/static.trustedtranslations.com\/wp-content\/uploads\/2024\/06\/industry-53-1.webp"}]},"imgs-temp-cel":{"type":"image","raw":[""],"repeatable":[{"raw":""}]},"img-temp-one-cel":{"type":"image","raw":"https:\/\/static.trustedtranslations.com\/wp-content\/uploads\/2024\/06\/businessman-analyzing-company-fi.webp","attachment_id":null},"quotes":{"type":"textarea","raw":"<h1 style=\"margin-bottom: 12px;\">Lokalisierungsdienstleistungen<\/h1>\r\nWas ist Lokalisierung? Wie unterscheidet sie sich von der Internationalisierung? Lassen Sie sich von unseren Experten bei <em>Trusted Translations<\/em> dabei helfen, den Lokalisierungsprozess von Anfang bis Ende zu verstehen und zu meistern.\r\n<div style=\"margin-top: 2.5vw;\"><a class=\"tt-btn-main-cta\" href=\"https:\/\/www.trustedtranslations.com\/de\/angebot\">Kostenlosen Kostenvoranschlag anfordern<\/a><\/div>"},"text-1":{"type":"textarea","raw":"<h2>Internationalisierung<\/h2>\r\n<strong>Internationalisierung<\/strong> (manchmal als <em>i18n<\/em> abgek\u00fcrzt) ist ein entscheidender Schritt, der fr\u00fch in der Produktplanungs- und -entwicklungsphase erfolgt. Es ist ein \u201eBig Picture\u201c-Unterfangen, bei dem Ihre Produkte auf Makroebene vorbereitet werden, damit sie schlie\u00dflich ohne umfangreiche Neugestaltungen f\u00fcr zahlreiche M\u00e4rkte lokalisiert werden k\u00f6nnen \u2013 was manche Unternehmen als \u201eWeltreife\u201c bezeichnen. Die Entscheidung von IKEA beispielsweise, in seinen Montageanleitungen nur Diagramme und Illustrationen zu verwenden, hat die Notwendigkeit beseitigt, verschiedene Anleitungen f\u00fcr jede neue Region zu \u00fcbersetzen.\r\n<h2>Lokalisierung<\/h2>\r\nDie <strong>Lokalisierung<\/strong> (manchmal auch als <em>L10n bezeichnet)<\/em> findet statt, sobald Ihr Produkt tats\u00e4chlich in bestimmte M\u00e4rkte eintritt. Die Lokalisierung umfasst die Anpassung Ihres Produkts oder Ihrer Dienstleistung an die Unterschiede dieser bestimmten M\u00e4rkte, im Allgemeinen durch \u00dcbersetzung, technische \u00c4nderungen, regulatorische \u00c4nderungen und mehr.\r\n\r\nDie Lokalisierung geht \u00fcber die einfache Sprach\u00fcbersetzung hinaus und befasst sich mit Fragen kultureller Nuancen, Funktionalit\u00e4t und Attraktivit\u00e4t f\u00fcr die demografische Zielgruppe. Es k\u00f6nnte zum Beispiel so aussehen, wie Netflix seine Inhalte auf verschiedene Regionen auf der ganzen Welt zuschneidet oder wie das Kernmen\u00fc von McDonald's an die einzigartigen K\u00fcchen verschiedener L\u00e4nder angepasst wird."},"shortcode-map":{"type":"textfield","raw":""},"dyk-shortcode":{"type":"textfield","raw":"[elementor-template id=\"146647\"]"},"text-2":{"type":"textarea","raw":"<h2>Warum ist Lokalisierung so wichtig?<\/h2>\r\nEs ist kompliziert \u2013 aber entscheidend \u2013 sicherzustellen, dass Ihre Produkte und Dienstleistungen bei Ihren Zielgruppen \u201eankommen\u201c. Dies gilt umso mehr, wenn Ihr Unternehmen in neue Regionen, Kulturen und Sprachen expandieren m\u00f6chte. Die Lokalisierung tr\u00e4gt dazu bei, dass Ihr Unternehmen reibungslos in einen neuen Markt eintreten kann, ohne das Risiko einzugehen, Ansto\u00df zu erregen, potenzielle K\u00e4ufer abzuschrecken oder auf Benutzerfehler und mangelnde Funktionalit\u00e4t zu sto\u00dfen.\r\n<h2>Spanische Lokalisierungsdienstleistungen<\/h2>\r\n<em>Trusted Translations<\/em> verf\u00fcgt \u00fcber besondere Expertise in der spanischen Lokalisierung und arbeitet mit zahlreichen Kunden zusammen, die sich darauf verlassen, dass wir ihnen dabei helfen, den einzigartig herausfordernden hispanischen Markt in den USA zu erreichen. Da dieser Markt aus mehreren Nationalit\u00e4ten und unterschiedlichen kulturellen Hintergr\u00fcnden aus verschiedenen Kontinenten besteht, erfordert der spanische Lokalisierungsprozess besondere Aufmerksamkeit.\r\n\r\nHier sind einige der verschiedenen Aufgaben, die in der spanischen Lokalisierung enthalten sind:\r\n<ul>\r\n \t<li>Spanische Software\u00fcbersetzung, Webseiten-\u00dcbersetzung und Desktop-Publishing<\/li>\r\n \t<li>Sicherstellen, dass die Sprache angepasst ist, um die einheimische Variante oder den Dialekt jedes Ziellandes anzusprechen<\/li>\r\n \t<li>\u00dcberpr\u00fcfung aller grafischen Elemente und Verwendung von Desktop-Publishing-Dienstleistungen, um sie f\u00fcr jeden lokalen Markt anzupassen<\/li>\r\n \t<li>Umfangreiche Softwaretests f\u00fcr Spanisch, um sicherzustellen, dass alle Anwendungen richtig angepasst sind und in allen Umgebungen funktionieren<\/li>\r\n<\/ul>\r\nMit umfangreicher Erfahrung in spanischen Lokalisierungsdienstleistungen wei\u00df <em>Trusted Translations<\/em>, wie der Prozess f\u00fcr Ihr Unternehmen effizient und kosteng\u00fcnstig gestaltet werden kann.\r\n\r\nDa die Lokalisierung Zeit und ein hohes Ma\u00df an Wissen \u00fcber Sprachen, Kulturen und Branchen erfordert, ist es wichtig, mit Experten zusammenzuarbeiten, die bereits Erfahrung mit der Erstellung hochwertiger Ergebnisse haben. Wenden Sie sich noch heute an <em>Trusted Translations<\/em>, um mehr dar\u00fcber zu erfahren, wie wir Ihre Lokalisierungsanforderungen erf\u00fcllen k\u00f6nnen."},"state":{"type":"textfield","raw":""},"city":{"type":"textarea","raw":[]}}},"_links":{"self":[{"href":"https:\/\/www.trustedtranslations.com\/de\/wp-json\/wp\/v2\/pages\/129458","targetHints":{"allow":["GET"]}}],"collection":[{"href":"https:\/\/www.trustedtranslations.com\/de\/wp-json\/wp\/v2\/pages"}],"about":[{"href":"https:\/\/www.trustedtranslations.com\/de\/wp-json\/wp\/v2\/types\/page"}],"author":[{"embeddable":true,"href":"https:\/\/www.trustedtranslations.com\/de\/wp-json\/wp\/v2\/users\/1"}],"replies":[{"embeddable":true,"href":"https:\/\/www.trustedtranslations.com\/de\/wp-json\/wp\/v2\/comments?post=129458"}],"version-history":[{"count":0,"href":"https:\/\/www.trustedtranslations.com\/de\/wp-json\/wp\/v2\/pages\/129458\/revisions"}],"up":[{"embeddable":true,"href":"https:\/\/www.trustedtranslations.com\/de\/wp-json\/wp\/v2\/pages\/129399"}],"wp:featuredmedia":[{"embeddable":true,"href":"https:\/\/www.trustedtranslations.com\/de\/wp-json\/wp\/v2\/media\/235760"}],"wp:attachment":[{"href":"https:\/\/www.trustedtranslations.com\/de\/wp-json\/wp\/v2\/media?parent=129458"}],"curies":[{"name":"wp","href":"https:\/\/api.w.org\/{rel}","templated":true}]}}