{"id":129461,"date":"2018-11-12T18:28:08","date_gmt":"2018-11-12T18:28:08","guid":{"rendered":"https:\/\/www.trustedtranslations.com\/?page_id=129461"},"modified":"2024-09-04T17:48:27","modified_gmt":"2024-09-04T20:48:27","slug":"globalisierung","status":"publish","type":"page","link":"https:\/\/www.trustedtranslations.com\/de\/dienstleistungen\/menschlich\/globalisierung","title":{"rendered":"Globalisierung"},"content":{"rendered":"","protected":false},"excerpt":{"rendered":"","protected":false},"author":1,"featured_media":235890,"parent":129399,"menu_order":4,"comment_status":"closed","ping_status":"closed","template":"","meta":{"site-sidebar-layout":"default","site-content-layout":"default","ast-site-content-layout":"default","site-content-style":"default","site-sidebar-style":"default","ast-global-header-display":"","ast-banner-title-visibility":"","ast-main-header-display":"","ast-hfb-above-header-display":"","ast-hfb-below-header-display":"","ast-hfb-mobile-header-display":"","site-post-title":"disabled","ast-breadcrumbs-content":"","ast-featured-img":"","footer-sml-layout":"","ast-disable-related-posts":"","theme-transparent-header-meta":"default","adv-header-id-meta":"","stick-header-meta":"","header-above-stick-meta":"","header-main-stick-meta":"","header-below-stick-meta":"","astra-migrate-meta-layouts":"set","ast-page-background-enabled":"default","ast-page-background-meta":{"desktop":{"background-color":"var(--ast-global-color-4)","background-image":"","background-repeat":"repeat","background-position":"center center","background-size":"auto","background-attachment":"scroll","background-type":"","background-media":"","overlay-type":"","overlay-color":"","overlay-opacity":"","overlay-gradient":""},"tablet":{"background-color":"","background-image":"","background-repeat":"repeat","background-position":"center center","background-size":"auto","background-attachment":"scroll","background-type":"","background-media":"","overlay-type":"","overlay-color":"","overlay-opacity":"","overlay-gradient":""},"mobile":{"background-color":"","background-image":"","background-repeat":"repeat","background-position":"center center","background-size":"auto","background-attachment":"scroll","background-type":"","background-media":"","overlay-type":"","overlay-color":"","overlay-opacity":"","overlay-gradient":""}},"ast-content-background-meta":{"desktop":{"background-color":"var(--ast-global-color-5)","background-image":"","background-repeat":"repeat","background-position":"center center","background-size":"auto","background-attachment":"scroll","background-type":"","background-media":"","overlay-type":"","overlay-color":"","overlay-opacity":"","overlay-gradient":""},"tablet":{"background-color":"var(--ast-global-color-5)","background-image":"","background-repeat":"repeat","background-position":"center center","background-size":"auto","background-attachment":"scroll","background-type":"","background-media":"","overlay-type":"","overlay-color":"","overlay-opacity":"","overlay-gradient":""},"mobile":{"background-color":"var(--ast-global-color-5)","background-image":"","background-repeat":"repeat","background-position":"center center","background-size":"auto","background-attachment":"scroll","background-type":"","background-media":"","overlay-type":"","overlay-color":"","overlay-opacity":"","overlay-gradient":""}},"footnotes":""},"class_list":["post-129461","page","type-page","status-publish","has-post-thumbnail","hentry"],"yoast_head":"<!-- This site is optimized with the Yoast SEO plugin v27.3 - https:\/\/yoast.com\/product\/yoast-seo-wordpress\/ -->\n<title>L\u00f6sungen zur Produktglobalisierung und Inhaltsglobalisierung, Trusted Translations, Inc.<\/title>\n<meta name=\"description\" content=\"Trusted Translations ist in der Branche als einer der f\u00fchrenden Anbieter f\u00fcr die Globalisierung von Produkten und Inhalten bekannt. Fordern Sie ein kostenloses Angebot oder eine Beratung an.\" \/>\n<meta name=\"robots\" content=\"index, follow, max-snippet:-1, max-image-preview:large, max-video-preview:-1\" \/>\n<link rel=\"canonical\" href=\"https:\/\/www.trustedtranslations.com\/de\/dienstleistungen\/menschlich\/globalisierung\" \/>\n<meta property=\"og:locale\" content=\"de_DE\" \/>\n<meta property=\"og:type\" content=\"article\" \/>\n<meta property=\"og:title\" content=\"L\u00f6sungen zur Produktglobalisierung und Inhaltsglobalisierung, Trusted Translations, Inc.\" \/>\n<meta property=\"og:description\" content=\"Trusted Translations ist in der Branche als einer der f\u00fchrenden Anbieter f\u00fcr die Globalisierung von Produkten und Inhalten bekannt. Fordern Sie ein kostenloses Angebot oder eine Beratung an.\" \/>\n<meta property=\"og:url\" content=\"https:\/\/www.trustedtranslations.com\/de\/dienstleistungen\/menschlich\/globalisierung\" \/>\n<meta property=\"og:site_name\" content=\"Trusted Translations, Inc.\" \/>\n<meta property=\"article:publisher\" content=\"https:\/\/www.facebook.com\/Trusted.Translations\" \/>\n<meta property=\"article:modified_time\" content=\"2024-09-04T20:48:27+00:00\" \/>\n<meta property=\"og:image\" content=\"https:\/\/static.trustedtranslations.com\/wp-content\/uploads\/2024\/02\/TT-ICON_Globalization.webp\" \/>\n\t<meta property=\"og:image:width\" content=\"151\" \/>\n\t<meta property=\"og:image:height\" content=\"151\" \/>\n\t<meta property=\"og:image:type\" content=\"image\/webp\" \/>\n<meta name=\"twitter:card\" content=\"summary_large_image\" \/>\n<meta name=\"twitter:site\" content=\"@TrustedT9ns\" \/>\n<script type=\"application\/ld+json\" class=\"yoast-schema-graph\">{\"@context\":\"https:\\\/\\\/schema.org\",\"@graph\":[{\"@type\":\"WebPage\",\"@id\":\"https:\\\/\\\/www.trustedtranslations.com\\\/de\\\/dienstleistungen\\\/menschlich\\\/globalisierung\",\"url\":\"https:\\\/\\\/www.trustedtranslations.com\\\/de\\\/dienstleistungen\\\/menschlich\\\/globalisierung\",\"name\":\"L\u00f6sungen zur Produktglobalisierung und Inhaltsglobalisierung, Trusted Translations, Inc.\",\"isPartOf\":{\"@id\":\"https:\\\/\\\/www.trustedtranslations.com\\\/de\\\/#website\"},\"primaryImageOfPage\":{\"@id\":\"https:\\\/\\\/www.trustedtranslations.com\\\/de\\\/dienstleistungen\\\/menschlich\\\/globalisierung#primaryimage\"},\"image\":{\"@id\":\"https:\\\/\\\/www.trustedtranslations.com\\\/de\\\/dienstleistungen\\\/menschlich\\\/globalisierung#primaryimage\"},\"thumbnailUrl\":\"https:\\\/\\\/www.trustedtranslations.com\\\/wp-content\\\/uploads\\\/2024\\\/02\\\/TT-ICON_Globalization.webp\",\"description\":\"Trusted Translations ist in der Branche als einer der f\u00fchrenden Anbieter f\u00fcr die Globalisierung von Produkten und Inhalten bekannt. Fordern Sie ein kostenloses Angebot oder eine Beratung an.\",\"breadcrumb\":{\"@id\":\"https:\\\/\\\/www.trustedtranslations.com\\\/de\\\/dienstleistungen\\\/menschlich\\\/globalisierung#breadcrumb\"},\"inLanguage\":\"de\",\"potentialAction\":[{\"@type\":\"ReadAction\",\"target\":[\"https:\\\/\\\/www.trustedtranslations.com\\\/de\\\/dienstleistungen\\\/menschlich\\\/globalisierung\"]}]},{\"@type\":\"ImageObject\",\"inLanguage\":\"de\",\"@id\":\"https:\\\/\\\/www.trustedtranslations.com\\\/de\\\/dienstleistungen\\\/menschlich\\\/globalisierung#primaryimage\",\"url\":\"https:\\\/\\\/www.trustedtranslations.com\\\/wp-content\\\/uploads\\\/2024\\\/02\\\/TT-ICON_Globalization.webp\",\"contentUrl\":\"https:\\\/\\\/www.trustedtranslations.com\\\/wp-content\\\/uploads\\\/2024\\\/02\\\/TT-ICON_Globalization.webp\",\"width\":151,\"height\":151,\"caption\":\"TT ICON Globalization\"},{\"@type\":\"BreadcrumbList\",\"@id\":\"https:\\\/\\\/www.trustedtranslations.com\\\/de\\\/dienstleistungen\\\/menschlich\\\/globalisierung#breadcrumb\",\"itemListElement\":[{\"@type\":\"ListItem\",\"position\":1,\"name\":\"Home\",\"item\":\"https:\\\/\\\/www.trustedtranslations.com\\\/de\"},{\"@type\":\"ListItem\",\"position\":2,\"name\":\"Dienstleistungen\",\"item\":\"https:\\\/\\\/www.trustedtranslations.com\\\/de\\\/dienstleistungen\"},{\"@type\":\"ListItem\",\"position\":3,\"name\":\"Menschliche \u00dcbersetzung\",\"item\":\"https:\\\/\\\/www.trustedtranslations.com\\\/de\\\/dienstleistungen\\\/menschlich\"},{\"@type\":\"ListItem\",\"position\":4,\"name\":\"Globalisierung\"}]},{\"@type\":\"WebSite\",\"@id\":\"https:\\\/\\\/www.trustedtranslations.com\\\/de\\\/#website\",\"url\":\"https:\\\/\\\/www.trustedtranslations.com\\\/de\\\/\",\"name\":\"Trusted Translations, Inc.\",\"description\":\"Leader in translation and interpretation services.\",\"publisher\":{\"@id\":\"https:\\\/\\\/www.trustedtranslations.com\\\/de\\\/#organization\"},\"alternateName\":\"Trusted Translations\",\"potentialAction\":[{\"@type\":\"SearchAction\",\"target\":{\"@type\":\"EntryPoint\",\"urlTemplate\":\"https:\\\/\\\/www.trustedtranslations.com\\\/de\\\/?s={search_term_string}\"},\"query-input\":{\"@type\":\"PropertyValueSpecification\",\"valueRequired\":true,\"valueName\":\"search_term_string\"}}],\"inLanguage\":\"de\"},{\"@type\":\"Organization\",\"@id\":\"https:\\\/\\\/www.trustedtranslations.com\\\/de\\\/#organization\",\"name\":\"Trusted Translations\",\"alternateName\":\"Trusted Translations, Inc.\",\"url\":\"https:\\\/\\\/www.trustedtranslations.com\\\/de\\\/\",\"logo\":{\"@type\":\"ImageObject\",\"inLanguage\":\"de\",\"@id\":\"https:\\\/\\\/www.trustedtranslations.com\\\/de\\\/#\\\/schema\\\/logo\\\/image\\\/\",\"url\":\"https:\\\/\\\/static.trustedtranslations.com\\\/wp-content\\\/uploads\\\/2022\\\/01\\\/TT_logo_WSIColors-2.png\",\"contentUrl\":\"https:\\\/\\\/static.trustedtranslations.com\\\/wp-content\\\/uploads\\\/2022\\\/01\\\/TT_logo_WSIColors-2.png\",\"width\":500,\"height\":196,\"caption\":\"Trusted Translations\"},\"image\":{\"@id\":\"https:\\\/\\\/www.trustedtranslations.com\\\/de\\\/#\\\/schema\\\/logo\\\/image\\\/\"},\"sameAs\":[\"https:\\\/\\\/www.facebook.com\\\/Trusted.Translations\",\"https:\\\/\\\/x.com\\\/TrustedT9ns\",\"https:\\\/\\\/www.linkedin.com\\\/company\\\/trusted-translations\"]}]}<\/script>\n<!-- \/ Yoast SEO plugin. -->","yoast_head_json":{"title":"L\u00f6sungen zur Produktglobalisierung und Inhaltsglobalisierung, Trusted Translations, Inc.","description":"Trusted Translations ist in der Branche als einer der f\u00fchrenden Anbieter f\u00fcr die Globalisierung von Produkten und Inhalten bekannt. Fordern Sie ein kostenloses Angebot oder eine Beratung an.","robots":{"index":"index","follow":"follow","max-snippet":"max-snippet:-1","max-image-preview":"max-image-preview:large","max-video-preview":"max-video-preview:-1"},"canonical":"https:\/\/www.trustedtranslations.com\/de\/dienstleistungen\/menschlich\/globalisierung","og_locale":"de_DE","og_type":"article","og_title":"L\u00f6sungen zur Produktglobalisierung und Inhaltsglobalisierung, Trusted Translations, Inc.","og_description":"Trusted Translations ist in der Branche als einer der f\u00fchrenden Anbieter f\u00fcr die Globalisierung von Produkten und Inhalten bekannt. Fordern Sie ein kostenloses Angebot oder eine Beratung an.","og_url":"https:\/\/www.trustedtranslations.com\/de\/dienstleistungen\/menschlich\/globalisierung","og_site_name":"Trusted Translations, Inc.","article_publisher":"https:\/\/www.facebook.com\/Trusted.Translations","article_modified_time":"2024-09-04T20:48:27+00:00","og_image":[{"width":151,"height":151,"url":"https:\/\/static.trustedtranslations.com\/wp-content\/uploads\/2024\/02\/TT-ICON_Globalization.webp","type":"image\/webp"}],"twitter_card":"summary_large_image","twitter_site":"@TrustedT9ns","schema":{"@context":"https:\/\/schema.org","@graph":[{"@type":"WebPage","@id":"https:\/\/www.trustedtranslations.com\/de\/dienstleistungen\/menschlich\/globalisierung","url":"https:\/\/www.trustedtranslations.com\/de\/dienstleistungen\/menschlich\/globalisierung","name":"L\u00f6sungen zur Produktglobalisierung und Inhaltsglobalisierung, Trusted Translations, Inc.","isPartOf":{"@id":"https:\/\/www.trustedtranslations.com\/de\/#website"},"primaryImageOfPage":{"@id":"https:\/\/www.trustedtranslations.com\/de\/dienstleistungen\/menschlich\/globalisierung#primaryimage"},"image":{"@id":"https:\/\/www.trustedtranslations.com\/de\/dienstleistungen\/menschlich\/globalisierung#primaryimage"},"thumbnailUrl":"https:\/\/www.trustedtranslations.com\/wp-content\/uploads\/2024\/02\/TT-ICON_Globalization.webp","description":"Trusted Translations ist in der Branche als einer der f\u00fchrenden Anbieter f\u00fcr die Globalisierung von Produkten und Inhalten bekannt. Fordern Sie ein kostenloses Angebot oder eine Beratung an.","breadcrumb":{"@id":"https:\/\/www.trustedtranslations.com\/de\/dienstleistungen\/menschlich\/globalisierung#breadcrumb"},"inLanguage":"de","potentialAction":[{"@type":"ReadAction","target":["https:\/\/www.trustedtranslations.com\/de\/dienstleistungen\/menschlich\/globalisierung"]}]},{"@type":"ImageObject","inLanguage":"de","@id":"https:\/\/www.trustedtranslations.com\/de\/dienstleistungen\/menschlich\/globalisierung#primaryimage","url":"https:\/\/www.trustedtranslations.com\/wp-content\/uploads\/2024\/02\/TT-ICON_Globalization.webp","contentUrl":"https:\/\/www.trustedtranslations.com\/wp-content\/uploads\/2024\/02\/TT-ICON_Globalization.webp","width":151,"height":151,"caption":"TT ICON Globalization"},{"@type":"BreadcrumbList","@id":"https:\/\/www.trustedtranslations.com\/de\/dienstleistungen\/menschlich\/globalisierung#breadcrumb","itemListElement":[{"@type":"ListItem","position":1,"name":"Home","item":"https:\/\/www.trustedtranslations.com\/de"},{"@type":"ListItem","position":2,"name":"Dienstleistungen","item":"https:\/\/www.trustedtranslations.com\/de\/dienstleistungen"},{"@type":"ListItem","position":3,"name":"Menschliche \u00dcbersetzung","item":"https:\/\/www.trustedtranslations.com\/de\/dienstleistungen\/menschlich"},{"@type":"ListItem","position":4,"name":"Globalisierung"}]},{"@type":"WebSite","@id":"https:\/\/www.trustedtranslations.com\/de\/#website","url":"https:\/\/www.trustedtranslations.com\/de\/","name":"Trusted Translations, Inc.","description":"Leader in translation and interpretation services.","publisher":{"@id":"https:\/\/www.trustedtranslations.com\/de\/#organization"},"alternateName":"Trusted Translations","potentialAction":[{"@type":"SearchAction","target":{"@type":"EntryPoint","urlTemplate":"https:\/\/www.trustedtranslations.com\/de\/?s={search_term_string}"},"query-input":{"@type":"PropertyValueSpecification","valueRequired":true,"valueName":"search_term_string"}}],"inLanguage":"de"},{"@type":"Organization","@id":"https:\/\/www.trustedtranslations.com\/de\/#organization","name":"Trusted Translations","alternateName":"Trusted Translations, Inc.","url":"https:\/\/www.trustedtranslations.com\/de\/","logo":{"@type":"ImageObject","inLanguage":"de","@id":"https:\/\/www.trustedtranslations.com\/de\/#\/schema\/logo\/image\/","url":"https:\/\/static.trustedtranslations.com\/wp-content\/uploads\/2022\/01\/TT_logo_WSIColors-2.png","contentUrl":"https:\/\/static.trustedtranslations.com\/wp-content\/uploads\/2022\/01\/TT_logo_WSIColors-2.png","width":500,"height":196,"caption":"Trusted Translations"},"image":{"@id":"https:\/\/www.trustedtranslations.com\/de\/#\/schema\/logo\/image\/"},"sameAs":["https:\/\/www.facebook.com\/Trusted.Translations","https:\/\/x.com\/TrustedT9ns","https:\/\/www.linkedin.com\/company\/trusted-translations"]}]}},"toolset-meta":{"dyk":{"mensaje-1":{"type":"textfield","raw":"<em>Trusted Translations<\/em> verf\u00fcgt \u00fcber firmeninterne Softwareentwickler, die auf Webseitenglobalisierung spezialisiert sind."},"mensaje-2":{"type":"textfield","raw":"Translation-Memory-Tools k\u00f6nnen helfen, Geld zu sparen sowie die Zuverl\u00e4ssigkeit von \u00dcbersetzungen zu verbessern."},"mensaje-3":{"type":"textfield","raw":"Die Globalisierung Ihrer Webseite senkt die Kosten f\u00fcr die Verwaltung von Inhalten und das Hinzuf\u00fcgen neuer Sprachen."},"mensaje-4":{"type":"textfield","raw":"Unsere Dienstleistungen reichen von einfachen Dokumenten\u00fcbersetzungen bis hin zu komplexer Globalisierung."},"mensaje-5":{"type":"textfield","raw":""},"mensaje-6":{"type":"textfield","raw":""}},"single-page-template-fields":{"imgs-temp":{"type":"image","raw":["https:\/\/static.trustedtranslations.com\/wp-content\/uploads\/2024\/06\/globalization-final-1.webp"],"repeatable":[{"raw":"https:\/\/static.trustedtranslations.com\/wp-content\/uploads\/2024\/06\/globalization-final-1.webp"}]},"imgs-temp-cel":{"type":"image","raw":[""],"repeatable":[{"raw":""}]},"img-temp-one-cel":{"type":"image","raw":"https:\/\/static.trustedtranslations.com\/wp-content\/uploads\/2024\/06\/AdobeStock_157214625-2-1.webp","attachment_id":null},"quotes":{"type":"textarea","raw":"<h1 style=\"margin-bottom: 12px;\">Globalisierung und Sprachl\u00f6sungen<\/h1>\r\nEin sehr spezifisches Verst\u00e4ndnis von Globalisierung bezieht sich auf den Prozess der Vorbereitung eines Produkts oder einer Dienstleistung, die auf vielen M\u00e4rkten oder weltweit angeboten werden soll. Als Branchenf\u00fchrer f\u00fcr die Globalisierung von Produkten und Inhalten hilft Ihnen Trusted Translations dabei, sich auf die verschiedenen Aspekte der Gesch\u00e4ftst\u00e4tigkeit in mehreren L\u00e4ndern vorzubereiten.\r\n<div style=\"margin-top: 2.5vw;\"><a class=\"tt-btn-main-cta\" href=\"https:\/\/www.trustedtranslations.com\/de\/angebot\">Kostenlosen Kostenvoranschlag anfordern<\/a><\/div>"},"text-1":{"type":"textarea","raw":"<h2>Globale Ausrichtung<\/h2>\r\nVielleicht haben Sie schon einmal den Begriff Globalisierung geh\u00f6rt, der neben zwei verwandten Konzepten, Internationalisierung und Lokalisierung, erw\u00e4hnt wurde. Obwohl ihre Verwendung verwirrend sein kann, ist eine einfache M\u00f6glichkeit, die Beziehung zwischen den drei Begriffen zu verstehen, eine einfache Formel: Globalisierung = Internationalisierung + Lokalisierung.\r\n\r\nGlobalisierung ist ein Prozess, der zwei komplement\u00e4re, aber unterschiedliche (eigentlich fast gegens\u00e4tzliche) Komponenten umfasst. Der Begriff <em>Internationalisierung<\/em> ist allgemeiner gefasst und beschreibt die Nutzung des Planungs- und Entwicklungszyklus, um ein Produkt oder eine Dienstleistung zu schaffen, das\/die sp\u00e4ter problemlos an verschiedene M\u00e4rkte angepasst werden kann. Die <em>Lokalisierung<\/em> hingegen ist spezifischer; Dieser Begriff beschreibt die tats\u00e4chliche Anpassung Ihres Produkts oder Ihrer Dienstleistung an bestimmte M\u00e4rkte nach der Markteinf\u00fchrung.\r\n\r\nDie Kombination aus Internationalisierung und Lokalisierung f\u00fchrt zur Globalisierung, einem Begriff aus der Branche, der das umfassendere Konzept des \u201egoing global\u201c abdeckt, d. h. die weltweite Erschlie\u00dfung neuer M\u00e4rkte f\u00fcr Ihr Unternehmen als Teil einer internationalen Wirtschaft, in welcher der Handel \u00fcber Grenzen hinweg stattfindet.\r\n<h2>Globalisierungsdienstleistungen<\/h2>\r\nHier sind einige der Bereiche der Globalisierung, auf die sich <em>Trusted Translations<\/em> spezialisiert hat:\r\n<h3>Produktglobalisierung<\/h3>\r\nBei der Produktglobalisierung wird ein Produkt so erstellt oder modifiziert, dass es in vielen Sprachen und Kulturen verwendet werden kann. Der Prozess f\u00fchrt normalerweise zu Modifikationen an Benutzeroberfl\u00e4chen, technischen Dokumenten, Online-Hilfethemen, rechtlichen Vereinbarungen, usw. Daher kann es sich um \u00e4u\u00dferst komplexes Material wie Patente, Urheberrechte, Vertr\u00e4ge und mehr handeln.\r\n\r\nProduktglobalisierung kann auch bedeuten, Softwareprogramme an eine lokale Kultur anzupassen, jeden \u201ebrauchbaren\u201c Text in die lokale Sprache zu \u00fcbersetzen und bestimmte Inhalte so zu modifizieren, dass sie in der lokalen Umgebung funktionieren (z. B. elektrische Standards oder Messsysteme).\r\n<h3>Inhaltsglobalisierung<\/h3>\r\nInhaltsglobalisierung bezieht sich speziell auf die Anpassung bestimmter Inhalte f\u00fcr ihre Verwendung in einem internationalen Umfeld. Spezielle Arten von Inhalten, die m\u00f6glicherweise eine Priorit\u00e4t f\u00fcr die Globalisierung darstellen, k\u00f6nnten Online-Inhalte, E-Learning-Module, Verpackungen, technische Dokumentationen und Benutzeroberfl\u00e4chentexte umfassen \u2013 all Ihre wichtigsten benutzerorientierten Elemente.\r\n\r\nDa sich diese Inhalte regelm\u00e4\u00dfig \u00e4ndern k\u00f6nnen, arbeitet <em>Trusted Translations<\/em> mit Ihren Produktentwicklungsteams zusammen, um sicherzustellen, dass Ihr Unternehmen Texte auf einheitliche und konsistente Weise \u00fcber alle Medienplattformen, Sprachen und Zielgruppen hinweg aktualisieren kann.\r\n<h3>Spanische Globalisierung<\/h3>\r\nDie spanische Globalisierung bereitet ein Produkt vor, das in allen spanischsprachigen L\u00e4ndern der Welt eingef\u00fchrt werden soll. Trotz einer gemeinsamen Sprache ist jedes spanischsprachige Land einzigartig. Daher ist die spanische Globalisierung f\u00fcr Unternehmen, die ihre Produkte und\/oder Dienstleistungen ernsthaft auf bestimmte spanischsprachige M\u00e4rkte zuschneiden wollen, unerl\u00e4sslich.\r\n\r\n<em>Trusted Translations <\/em>hat eine einzigartige Expertise in der Globalisierung spanischer Inhalte f\u00fcr den hispanischen Markt in den USA entwickelt. F\u00fcr weitere Einzelheiten zu unseren spanischen Lokalisierungsdienstleistungen kontaktieren Sie uns oder besuchen Sie unsere <a href=\"https:\/\/www.trustedtranslations.com\/de\/dienstleistungen\/menschlich\/lokalisierung\" target=\"_blank\" rel=\"noopener\"><em>Lokalisierungsseite<\/em><\/a>."},"shortcode-map":{"type":"textfield","raw":""},"dyk-shortcode":{"type":"textfield","raw":"[elementor-template id=\"146647\"]"},"text-2":{"type":"textarea","raw":"<h2>Warum sollten Unternehmen die Globalisierung vorantreiben?<\/h2>\r\nDie Globalisierung vergr\u00f6\u00dfert Ihre Marktreichweite, erleichtert die Produktakzeptanz, steigert den Absatz in Ihren Zielm\u00e4rkten und verbessert allgemein das Profil Ihres Unternehmens. Da sich der internationale Markt immer mehr aufheizt, sollten Sie mit Branchenexperten zusammenarbeiten, um eine erstklassige Internationalisierung und Lokalisierung zu entwickeln, damit Sie wettbewerbsf\u00e4hig bleiben.\r\n\r\nWenden Sie sich an <em>Trusted Translations<\/em>, um mehr dar\u00fcber zu erfahren, wie wir Ihnen helfen k\u00f6nnen."},"state":{"type":"textfield","raw":""},"city":{"type":"textarea","raw":[]}}},"_links":{"self":[{"href":"https:\/\/www.trustedtranslations.com\/de\/wp-json\/wp\/v2\/pages\/129461","targetHints":{"allow":["GET"]}}],"collection":[{"href":"https:\/\/www.trustedtranslations.com\/de\/wp-json\/wp\/v2\/pages"}],"about":[{"href":"https:\/\/www.trustedtranslations.com\/de\/wp-json\/wp\/v2\/types\/page"}],"author":[{"embeddable":true,"href":"https:\/\/www.trustedtranslations.com\/de\/wp-json\/wp\/v2\/users\/1"}],"replies":[{"embeddable":true,"href":"https:\/\/www.trustedtranslations.com\/de\/wp-json\/wp\/v2\/comments?post=129461"}],"version-history":[{"count":0,"href":"https:\/\/www.trustedtranslations.com\/de\/wp-json\/wp\/v2\/pages\/129461\/revisions"}],"up":[{"embeddable":true,"href":"https:\/\/www.trustedtranslations.com\/de\/wp-json\/wp\/v2\/pages\/129399"}],"wp:featuredmedia":[{"embeddable":true,"href":"https:\/\/www.trustedtranslations.com\/de\/wp-json\/wp\/v2\/media\/235890"}],"wp:attachment":[{"href":"https:\/\/www.trustedtranslations.com\/de\/wp-json\/wp\/v2\/media?parent=129461"}],"curies":[{"name":"wp","href":"https:\/\/api.w.org\/{rel}","templated":true}]}}