{"id":129470,"date":"2018-10-30T14:48:49","date_gmt":"2018-10-30T14:48:49","guid":{"rendered":"https:\/\/www.trustedtranslations.com\/?page_id=129470"},"modified":"2024-09-17T18:34:15","modified_gmt":"2024-09-17T21:34:15","slug":"asl","status":"publish","type":"page","link":"https:\/\/www.trustedtranslations.com\/de\/dienstleistungen\/dolmetschen-vor-ort\/asl","title":{"rendered":"ASL"},"content":{"rendered":"","protected":false},"excerpt":{"rendered":"","protected":false},"author":1,"featured_media":223055,"parent":129453,"menu_order":0,"comment_status":"closed","ping_status":"closed","template":"","meta":{"site-sidebar-layout":"default","site-content-layout":"default","ast-site-content-layout":"default","site-content-style":"default","site-sidebar-style":"default","ast-global-header-display":"","ast-banner-title-visibility":"","ast-main-header-display":"","ast-hfb-above-header-display":"","ast-hfb-below-header-display":"","ast-hfb-mobile-header-display":"","site-post-title":"disabled","ast-breadcrumbs-content":"","ast-featured-img":"","footer-sml-layout":"","theme-transparent-header-meta":"default","adv-header-id-meta":"","stick-header-meta":"","header-above-stick-meta":"","header-main-stick-meta":"","header-below-stick-meta":"","astra-migrate-meta-layouts":"set","ast-page-background-enabled":"default","ast-page-background-meta":{"desktop":{"background-color":"var(--ast-global-color-4)","background-image":"","background-repeat":"repeat","background-position":"center center","background-size":"auto","background-attachment":"scroll","background-type":"","background-media":"","overlay-type":"","overlay-color":"","overlay-opacity":"","overlay-gradient":""},"tablet":{"background-color":"","background-image":"","background-repeat":"repeat","background-position":"center center","background-size":"auto","background-attachment":"scroll","background-type":"","background-media":"","overlay-type":"","overlay-color":"","overlay-opacity":"","overlay-gradient":""},"mobile":{"background-color":"","background-image":"","background-repeat":"repeat","background-position":"center center","background-size":"auto","background-attachment":"scroll","background-type":"","background-media":"","overlay-type":"","overlay-color":"","overlay-opacity":"","overlay-gradient":""}},"ast-content-background-meta":{"desktop":{"background-color":"var(--ast-global-color-5)","background-image":"","background-repeat":"repeat","background-position":"center center","background-size":"auto","background-attachment":"scroll","background-type":"","background-media":"","overlay-type":"","overlay-color":"","overlay-opacity":"","overlay-gradient":""},"tablet":{"background-color":"var(--ast-global-color-5)","background-image":"","background-repeat":"repeat","background-position":"center center","background-size":"auto","background-attachment":"scroll","background-type":"","background-media":"","overlay-type":"","overlay-color":"","overlay-opacity":"","overlay-gradient":""},"mobile":{"background-color":"var(--ast-global-color-5)","background-image":"","background-repeat":"repeat","background-position":"center center","background-size":"auto","background-attachment":"scroll","background-type":"","background-media":"","overlay-type":"","overlay-color":"","overlay-opacity":"","overlay-gradient":""}},"footnotes":""},"class_list":["post-129470","page","type-page","status-publish","has-post-thumbnail","hentry"],"yoast_head":"<!-- This site is optimized with the Yoast SEO plugin v27.5 - https:\/\/yoast.com\/product\/yoast-seo-wordpress\/ -->\n<title>Dolmetscherdienstleistungen f\u00fcr ASL und Geb\u00e4rdensprache - Trusted Translations, Inc.<\/title>\n<meta name=\"description\" content=\"Trusted Translations ist ein f\u00fchrender Anbieter von Dolmetscherdienstleistungen f\u00fcr die Amerikanische Geb\u00e4rdensprache (ASL) und Geb\u00e4rdensprache. Kontaktieren Sie uns f\u00fcr ein kostenloses Angebot f\u00fcr ASL oder Geb\u00e4rdensprache.\" \/>\n<meta name=\"robots\" content=\"index, follow, max-snippet:-1, max-image-preview:large, max-video-preview:-1\" \/>\n<link rel=\"canonical\" href=\"https:\/\/www.trustedtranslations.com\/de\/dienstleistungen\/dolmetschen-vor-ort\/asl\" \/>\n<meta property=\"og:locale\" content=\"de_DE\" \/>\n<meta property=\"og:type\" content=\"article\" \/>\n<meta property=\"og:title\" content=\"Dolmetscherdienstleistungen f\u00fcr ASL und Geb\u00e4rdensprache - Trusted Translations, Inc.\" \/>\n<meta property=\"og:description\" content=\"Trusted Translations ist ein f\u00fchrender Anbieter von Dolmetscherdienstleistungen f\u00fcr die Amerikanische Geb\u00e4rdensprache (ASL) und Geb\u00e4rdensprache. Kontaktieren Sie uns f\u00fcr ein kostenloses Angebot f\u00fcr ASL oder Geb\u00e4rdensprache.\" \/>\n<meta property=\"og:url\" content=\"https:\/\/www.trustedtranslations.com\/de\/dienstleistungen\/dolmetschen-vor-ort\/asl\" \/>\n<meta property=\"og:site_name\" content=\"Trusted Translations, Inc.\" \/>\n<meta property=\"article:publisher\" content=\"https:\/\/www.facebook.com\/Trusted.Translations\" \/>\n<meta property=\"article:modified_time\" content=\"2024-09-17T21:34:15+00:00\" \/>\n<meta property=\"og:image\" content=\"https:\/\/static.trustedtranslations.com\/wp-content\/uploads\/2022\/08\/TT_NEW_FB-1.png\" \/>\n\t<meta property=\"og:image:width\" content=\"1\" \/>\n\t<meta property=\"og:image:height\" content=\"1\" \/>\n\t<meta property=\"og:image:type\" content=\"image\/jpeg\" \/>\n<meta name=\"twitter:card\" content=\"summary_large_image\" \/>\n<meta name=\"twitter:site\" content=\"@TrustedT9ns\" \/>\n<script type=\"application\/ld+json\" class=\"yoast-schema-graph\">{\"@context\":\"https:\\\/\\\/schema.org\",\"@graph\":[{\"@type\":\"WebPage\",\"@id\":\"https:\\\/\\\/www.trustedtranslations.com\\\/de\\\/dienstleistungen\\\/dolmetschen-vor-ort\\\/asl\",\"url\":\"https:\\\/\\\/www.trustedtranslations.com\\\/de\\\/dienstleistungen\\\/dolmetschen-vor-ort\\\/asl\",\"name\":\"Dolmetscherdienstleistungen f\u00fcr ASL und Geb\u00e4rdensprache - Trusted Translations, Inc.\",\"isPartOf\":{\"@id\":\"https:\\\/\\\/www.trustedtranslations.com\\\/de\\\/#website\"},\"primaryImageOfPage\":{\"@id\":\"https:\\\/\\\/www.trustedtranslations.com\\\/de\\\/dienstleistungen\\\/dolmetschen-vor-ort\\\/asl#primaryimage\"},\"image\":{\"@id\":\"https:\\\/\\\/www.trustedtranslations.com\\\/de\\\/dienstleistungen\\\/dolmetschen-vor-ort\\\/asl#primaryimage\"},\"thumbnailUrl\":\"https:\\\/\\\/www.trustedtranslations.com\\\/wp-content\\\/uploads\\\/2022\\\/08\\\/TT_NEW_FB-1.png\",\"description\":\"Trusted Translations ist ein f\u00fchrender Anbieter von Dolmetscherdienstleistungen f\u00fcr die Amerikanische Geb\u00e4rdensprache (ASL) und Geb\u00e4rdensprache. Kontaktieren Sie uns f\u00fcr ein kostenloses Angebot f\u00fcr ASL oder Geb\u00e4rdensprache.\",\"breadcrumb\":{\"@id\":\"https:\\\/\\\/www.trustedtranslations.com\\\/de\\\/dienstleistungen\\\/dolmetschen-vor-ort\\\/asl#breadcrumb\"},\"inLanguage\":\"de\",\"potentialAction\":[{\"@type\":\"ReadAction\",\"target\":[\"https:\\\/\\\/www.trustedtranslations.com\\\/de\\\/dienstleistungen\\\/dolmetschen-vor-ort\\\/asl\"]}]},{\"@type\":\"ImageObject\",\"inLanguage\":\"de\",\"@id\":\"https:\\\/\\\/www.trustedtranslations.com\\\/de\\\/dienstleistungen\\\/dolmetschen-vor-ort\\\/asl#primaryimage\",\"url\":\"https:\\\/\\\/www.trustedtranslations.com\\\/wp-content\\\/uploads\\\/2022\\\/08\\\/TT_NEW_FB-1.png\",\"contentUrl\":\"https:\\\/\\\/www.trustedtranslations.com\\\/wp-content\\\/uploads\\\/2022\\\/08\\\/TT_NEW_FB-1.png\",\"caption\":\"TT NEW FB 1\"},{\"@type\":\"BreadcrumbList\",\"@id\":\"https:\\\/\\\/www.trustedtranslations.com\\\/de\\\/dienstleistungen\\\/dolmetschen-vor-ort\\\/asl#breadcrumb\",\"itemListElement\":[{\"@type\":\"ListItem\",\"position\":1,\"name\":\"Home\",\"item\":\"https:\\\/\\\/www.trustedtranslations.com\\\/de\"},{\"@type\":\"ListItem\",\"position\":2,\"name\":\"Dienstleistungen\",\"item\":\"https:\\\/\\\/www.trustedtranslations.com\\\/de\\\/dienstleistungen\"},{\"@type\":\"ListItem\",\"position\":3,\"name\":\"Dolmetschen vor Ort\",\"item\":\"https:\\\/\\\/www.trustedtranslations.com\\\/de\\\/dienstleistungen\\\/dolmetschen-vor-ort\"},{\"@type\":\"ListItem\",\"position\":4,\"name\":\"ASL\"}]},{\"@type\":\"WebSite\",\"@id\":\"https:\\\/\\\/www.trustedtranslations.com\\\/de\\\/#website\",\"url\":\"https:\\\/\\\/www.trustedtranslations.com\\\/de\\\/\",\"name\":\"Trusted Translations, Inc.\",\"description\":\"Leader in translation and interpretation services.\",\"publisher\":{\"@id\":\"https:\\\/\\\/www.trustedtranslations.com\\\/de\\\/#organization\"},\"alternateName\":\"Trusted Translations\",\"potentialAction\":[{\"@type\":\"SearchAction\",\"target\":{\"@type\":\"EntryPoint\",\"urlTemplate\":\"https:\\\/\\\/www.trustedtranslations.com\\\/de\\\/?s={search_term_string}\"},\"query-input\":{\"@type\":\"PropertyValueSpecification\",\"valueRequired\":true,\"valueName\":\"search_term_string\"}}],\"inLanguage\":\"de\"},{\"@type\":\"Organization\",\"@id\":\"https:\\\/\\\/www.trustedtranslations.com\\\/de\\\/#organization\",\"name\":\"Trusted Translations\",\"alternateName\":\"Trusted Translations, Inc.\",\"url\":\"https:\\\/\\\/www.trustedtranslations.com\\\/de\\\/\",\"logo\":{\"@type\":\"ImageObject\",\"inLanguage\":\"de\",\"@id\":\"https:\\\/\\\/www.trustedtranslations.com\\\/de\\\/#\\\/schema\\\/logo\\\/image\\\/\",\"url\":\"https:\\\/\\\/static.trustedtranslations.com\\\/wp-content\\\/uploads\\\/2022\\\/01\\\/TT_logo_WSIColors-2.png\",\"contentUrl\":\"https:\\\/\\\/static.trustedtranslations.com\\\/wp-content\\\/uploads\\\/2022\\\/01\\\/TT_logo_WSIColors-2.png\",\"width\":500,\"height\":196,\"caption\":\"Trusted Translations\"},\"image\":{\"@id\":\"https:\\\/\\\/www.trustedtranslations.com\\\/de\\\/#\\\/schema\\\/logo\\\/image\\\/\"},\"sameAs\":[\"https:\\\/\\\/www.facebook.com\\\/Trusted.Translations\",\"https:\\\/\\\/x.com\\\/TrustedT9ns\",\"https:\\\/\\\/www.linkedin.com\\\/company\\\/trusted-translations\"]}]}<\/script>\n<!-- \/ Yoast SEO plugin. -->","yoast_head_json":{"title":"Dolmetscherdienstleistungen f\u00fcr ASL und Geb\u00e4rdensprache - Trusted Translations, Inc.","description":"Trusted Translations ist ein f\u00fchrender Anbieter von Dolmetscherdienstleistungen f\u00fcr die Amerikanische Geb\u00e4rdensprache (ASL) und Geb\u00e4rdensprache. Kontaktieren Sie uns f\u00fcr ein kostenloses Angebot f\u00fcr ASL oder Geb\u00e4rdensprache.","robots":{"index":"index","follow":"follow","max-snippet":"max-snippet:-1","max-image-preview":"max-image-preview:large","max-video-preview":"max-video-preview:-1"},"canonical":"https:\/\/www.trustedtranslations.com\/de\/dienstleistungen\/dolmetschen-vor-ort\/asl","og_locale":"de_DE","og_type":"article","og_title":"Dolmetscherdienstleistungen f\u00fcr ASL und Geb\u00e4rdensprache - Trusted Translations, Inc.","og_description":"Trusted Translations ist ein f\u00fchrender Anbieter von Dolmetscherdienstleistungen f\u00fcr die Amerikanische Geb\u00e4rdensprache (ASL) und Geb\u00e4rdensprache. Kontaktieren Sie uns f\u00fcr ein kostenloses Angebot f\u00fcr ASL oder Geb\u00e4rdensprache.","og_url":"https:\/\/www.trustedtranslations.com\/de\/dienstleistungen\/dolmetschen-vor-ort\/asl","og_site_name":"Trusted Translations, Inc.","article_publisher":"https:\/\/www.facebook.com\/Trusted.Translations","article_modified_time":"2024-09-17T21:34:15+00:00","og_image":[{"url":"https:\/\/static.trustedtranslations.com\/wp-content\/uploads\/2022\/08\/TT_NEW_FB-1.png","width":1,"height":1,"type":"image\/jpeg"}],"twitter_card":"summary_large_image","twitter_site":"@TrustedT9ns","schema":{"@context":"https:\/\/schema.org","@graph":[{"@type":"WebPage","@id":"https:\/\/www.trustedtranslations.com\/de\/dienstleistungen\/dolmetschen-vor-ort\/asl","url":"https:\/\/www.trustedtranslations.com\/de\/dienstleistungen\/dolmetschen-vor-ort\/asl","name":"Dolmetscherdienstleistungen f\u00fcr ASL und Geb\u00e4rdensprache - Trusted Translations, Inc.","isPartOf":{"@id":"https:\/\/www.trustedtranslations.com\/de\/#website"},"primaryImageOfPage":{"@id":"https:\/\/www.trustedtranslations.com\/de\/dienstleistungen\/dolmetschen-vor-ort\/asl#primaryimage"},"image":{"@id":"https:\/\/www.trustedtranslations.com\/de\/dienstleistungen\/dolmetschen-vor-ort\/asl#primaryimage"},"thumbnailUrl":"https:\/\/www.trustedtranslations.com\/wp-content\/uploads\/2022\/08\/TT_NEW_FB-1.png","description":"Trusted Translations ist ein f\u00fchrender Anbieter von Dolmetscherdienstleistungen f\u00fcr die Amerikanische Geb\u00e4rdensprache (ASL) und Geb\u00e4rdensprache. Kontaktieren Sie uns f\u00fcr ein kostenloses Angebot f\u00fcr ASL oder Geb\u00e4rdensprache.","breadcrumb":{"@id":"https:\/\/www.trustedtranslations.com\/de\/dienstleistungen\/dolmetschen-vor-ort\/asl#breadcrumb"},"inLanguage":"de","potentialAction":[{"@type":"ReadAction","target":["https:\/\/www.trustedtranslations.com\/de\/dienstleistungen\/dolmetschen-vor-ort\/asl"]}]},{"@type":"ImageObject","inLanguage":"de","@id":"https:\/\/www.trustedtranslations.com\/de\/dienstleistungen\/dolmetschen-vor-ort\/asl#primaryimage","url":"https:\/\/www.trustedtranslations.com\/wp-content\/uploads\/2022\/08\/TT_NEW_FB-1.png","contentUrl":"https:\/\/www.trustedtranslations.com\/wp-content\/uploads\/2022\/08\/TT_NEW_FB-1.png","caption":"TT NEW FB 1"},{"@type":"BreadcrumbList","@id":"https:\/\/www.trustedtranslations.com\/de\/dienstleistungen\/dolmetschen-vor-ort\/asl#breadcrumb","itemListElement":[{"@type":"ListItem","position":1,"name":"Home","item":"https:\/\/www.trustedtranslations.com\/de"},{"@type":"ListItem","position":2,"name":"Dienstleistungen","item":"https:\/\/www.trustedtranslations.com\/de\/dienstleistungen"},{"@type":"ListItem","position":3,"name":"Dolmetschen vor Ort","item":"https:\/\/www.trustedtranslations.com\/de\/dienstleistungen\/dolmetschen-vor-ort"},{"@type":"ListItem","position":4,"name":"ASL"}]},{"@type":"WebSite","@id":"https:\/\/www.trustedtranslations.com\/de\/#website","url":"https:\/\/www.trustedtranslations.com\/de\/","name":"Trusted Translations, Inc.","description":"Leader in translation and interpretation services.","publisher":{"@id":"https:\/\/www.trustedtranslations.com\/de\/#organization"},"alternateName":"Trusted Translations","potentialAction":[{"@type":"SearchAction","target":{"@type":"EntryPoint","urlTemplate":"https:\/\/www.trustedtranslations.com\/de\/?s={search_term_string}"},"query-input":{"@type":"PropertyValueSpecification","valueRequired":true,"valueName":"search_term_string"}}],"inLanguage":"de"},{"@type":"Organization","@id":"https:\/\/www.trustedtranslations.com\/de\/#organization","name":"Trusted Translations","alternateName":"Trusted Translations, Inc.","url":"https:\/\/www.trustedtranslations.com\/de\/","logo":{"@type":"ImageObject","inLanguage":"de","@id":"https:\/\/www.trustedtranslations.com\/de\/#\/schema\/logo\/image\/","url":"https:\/\/static.trustedtranslations.com\/wp-content\/uploads\/2022\/01\/TT_logo_WSIColors-2.png","contentUrl":"https:\/\/static.trustedtranslations.com\/wp-content\/uploads\/2022\/01\/TT_logo_WSIColors-2.png","width":500,"height":196,"caption":"Trusted Translations"},"image":{"@id":"https:\/\/www.trustedtranslations.com\/de\/#\/schema\/logo\/image\/"},"sameAs":["https:\/\/www.facebook.com\/Trusted.Translations","https:\/\/x.com\/TrustedT9ns","https:\/\/www.linkedin.com\/company\/trusted-translations"]}]}},"toolset-meta":{"dyk":{"mensaje-1":{"type":"textfield","raw":"Wir bieten eine kostenlose Beratung an, um die ASL-Dienste zu ermitteln, die Ihren Anforderungen am besten entsprechen."},"mensaje-2":{"type":"textfield","raw":""},"mensaje-3":{"type":"textfield","raw":""},"mensaje-4":{"type":"textfield","raw":""},"mensaje-5":{"type":"textfield","raw":""},"mensaje-6":{"type":"textfield","raw":""}},"single-page-template-fields":{"imgs-temp":{"type":"image","raw":["https:\/\/static.trustedtranslations.com\/wp-content\/uploads\/2024\/07\/services-final-4-1.webp"],"repeatable":[{"raw":"https:\/\/static.trustedtranslations.com\/wp-content\/uploads\/2024\/07\/services-final-4-1.webp"}]},"imgs-temp-cel":{"type":"image","raw":[""],"repeatable":[{"raw":""}]},"img-temp-one-cel":{"type":"image","raw":"https:\/\/static.trustedtranslations.com\/wp-content\/uploads\/2024\/07\/AdobeStock_381182014-3-1.webp","attachment_id":null},"quotes":{"type":"textarea","raw":"<h1 style=\"margin-bottom: 12px;\">Dolmetschen von ASL und Geb\u00e4rdensprache<\/h1>\r\n<em>Trusted Translations<\/em> hat eine spezialisierte Abteilung, die sich auf ASL (American Sign Language) und Dolmetschdienstleistungen f\u00fcr die Geb\u00e4rdensprache konzentriert. Unsere Abteilung f\u00fcr ASL und Geb\u00e4rdensprache ist mit den speziellen Nuancen vertraut, die mit der Bereitstellung dieses wertvollen Dienstes verbunden sind, und wir arbeiten eng mit jedem Kunden zusammen, um eine vollst\u00e4ndige Zufriedenheit zu gew\u00e4hrleisten.\r\n<div style=\"margin-top: 2.5vw;\"><a class=\"tt-btn-main-cta\" href=\"https:\/\/www.trustedtranslations.com\/de\/angebot\">Kostenlosen Kostenvoranschlag anfordern<\/a><\/div>"},"text-1":{"type":"textarea","raw":"<h2>F\u00fchrend in Dolmetscherdienstleistungen f\u00fcr ASL und Geb\u00e4rdensprache<\/h2>\r\nWir halten uns an die h\u00f6chsten Industriestandards f\u00fcr die Bereitstellung von ASL- und Geb\u00e4rdensprachendienstleistungen. Egal, ob Sie konsekutive oder simultane ASL- oder andere Dolmetschdienstleistungen f\u00fcr Geb\u00e4rdensprachen ben\u00f6tigen, wir bieten Ihnen eine professionelle, qualitativ hochwertige und kosteneffektive L\u00f6sung.\r\n<h2>Was ist ASL?<\/h2>\r\nASL steht f\u00fcr American Sign Language - Amerikanische Geb\u00e4rdensprache, eine Sprache, die durch die Verwendung von Handzeichen kommuniziert, die von Gesichtsausdr\u00fccken, K\u00f6rperbewegungen und der gesamten K\u00f6rpersprache begleitet werden. ASL ist die Hauptsprache der geh\u00f6rlosen und schwerh\u00f6rigen Gemeinschaften in den Vereinigten Staaten, den englischsprachigen Regionen Kanadas und einigen Teilen Mexikos. Genau wie viele gesprochene Sprachen enth\u00e4lt ASL verschiedene regionale Variationen in den USA und Kanada.\r\n<em>Trusted Translations<\/em> ist mit den Besonderheiten von ASL bestens vertraut. Unsere zertifizierten ASL-Dolmetscher sind bereit, Ihre ASL-Dolmetscheranforderungen effektiv zu erf\u00fcllen, mit dem Reichtum an Wissen und Erfahrung, der f\u00fcr genaues und zuverl\u00e4ssiges Dolmetschen erforderlich ist.\r\n<h2>Der Unterschied zwischen ASL und Signed English<\/h2>\r\nTrotz der allgemeinen Missverst\u00e4ndnisse sind ASL und Signed English nicht die gleiche Sprache. Signed English (SEE) ist ein Kommunikationssystem, das versucht, der Grammatik der englischen Sprache genau zu folgen, indem es jedem Wort eines gesprochenen Satzes ein Zeichen zuordnet. ASL hingegen ist eine einzigartige Sprache mit eigener Grammatik und Syntax. Dieser entscheidende Unterschied zeigt sich in der Wortstellung und Satzstruktur der beiden.\r\nEin typischer ASL-Satz w\u00e4re grammatikalisch falsch, wenn er ins Englische \u00fcbersetzt w\u00fcrde, und ASL wird von geh\u00f6rlosen Erwachsenen in den USA stark bevorzugt. Die starken Kenntnisse unserer Dolmetscher in ASL und Englisch gew\u00e4hrleisten eine qualitativ hochwertige Verdolmetschung, auf die Sie sich verlassen k\u00f6nnen."},"shortcode-map":{"type":"textfield","raw":""},"dyk-shortcode":{"type":"textfield","raw":"[elementor-template id=\"146647\"]"},"text-2":{"type":"textarea","raw":"<h2>Dreisprachige ASL-Dolmetscherdienste<\/h2>\r\nIn der heutigen globalisierten Umgebung werden dreisprachige ASL-Dolmetschdienstleistungen immer wichtiger. Dreisprachiges Dolmetschen beinhaltet das Dolmetschen von ASL zu und von mehr als einer gesprochenen Sprache. Mit anderen Worten spricht der Dolmetscher flie\u00dfend ASL und mehr als eine gesprochene Sprache. Dieser Service ist besonders in Gegenden mit einem hohen Anteil an spanisch sprechender Bev\u00f6lkerung \u00fcblich, wo zwei separate ASL-Dolmetscher (einer f\u00fcr Englisch und einer f\u00fcr Spanisch) nicht zweckm\u00e4\u00dfig oder kosteneffektiv sind.\r\n<h2>Tarife und Preise f\u00fcr das ASL-Dolmetschen<\/h2>\r\n<em>Trusted Translations<\/em> bietet ASL- und Geb\u00e4rdensprachendiensleistungen zu wettbewerbsf\u00e4higen Preisen an, ohne dabei das Qualit\u00e4tsniveau zu vernachl\u00e4ssigen, das unsere Kunden erwarten.\r\n\r\nASL-Dienstleistungen werden normalerweise pro Stunde pro Dolmetscher mit einer Mindestanzahl von Zuweisungsstunden pro Tag berechnet. Angesichts der physischen Anforderungen, die mit der Ausf\u00fchrung von ASL- und Geb\u00e4rdensprachendienstleistungen verbunden sind, ist es oft notwendig, in Zweierteams zu arbeiten, um jedem Dolmetscher Ruhe zu gew\u00e4hren. Der Einsatz von Teams f\u00fcr intensive oder l\u00e4ngere Sitzungen garantiert nicht nur eine h\u00f6here Qualit\u00e4t des Dolmetschens, sondern kann auch erforderlich sein, um das Wohlbefinden des Dolmetschers zu gew\u00e4hrleisten.\r\n\r\nBei <em>Trusted Translations<\/em> gleichen wir die Notwendigkeit, wettbewerbsf\u00e4hige Preise anzubieten, mit der Qualit\u00e4t des Dolmetschens sowie der Gesundheit unserer Dolmetscher ab. Unsere Experten k\u00f6nnen Ihnen eine kostenlose Beratung anbieten, um zu beurteilen, ob mehr als ein ASL- oder Geb\u00e4rdensprachendolmetscher f\u00fcr Ihr Projekt notwendig ist. Bitte kontaktieren Sie uns noch heute, wenn Sie Fragen zum ASL-Prozess haben oder ein kostenloses Angebot f\u00fcr ASL oder Geb\u00e4rdensprache w\u00fcnschen."},"state":{"type":"textfield","raw":""},"city":{"type":"textarea","raw":[]}}},"_links":{"self":[{"href":"https:\/\/www.trustedtranslations.com\/de\/wp-json\/wp\/v2\/pages\/129470","targetHints":{"allow":["GET"]}}],"collection":[{"href":"https:\/\/www.trustedtranslations.com\/de\/wp-json\/wp\/v2\/pages"}],"about":[{"href":"https:\/\/www.trustedtranslations.com\/de\/wp-json\/wp\/v2\/types\/page"}],"author":[{"embeddable":true,"href":"https:\/\/www.trustedtranslations.com\/de\/wp-json\/wp\/v2\/users\/1"}],"replies":[{"embeddable":true,"href":"https:\/\/www.trustedtranslations.com\/de\/wp-json\/wp\/v2\/comments?post=129470"}],"version-history":[{"count":0,"href":"https:\/\/www.trustedtranslations.com\/de\/wp-json\/wp\/v2\/pages\/129470\/revisions"}],"up":[{"embeddable":true,"href":"https:\/\/www.trustedtranslations.com\/de\/wp-json\/wp\/v2\/pages\/129453"}],"wp:featuredmedia":[{"embeddable":true,"href":"https:\/\/www.trustedtranslations.com\/de\/wp-json\/wp\/v2\/media\/223055"}],"wp:attachment":[{"href":"https:\/\/www.trustedtranslations.com\/de\/wp-json\/wp\/v2\/media?parent=129470"}],"curies":[{"name":"wp","href":"https:\/\/api.w.org\/{rel}","templated":true}]}}