{"id":129475,"date":"2018-10-26T12:01:35","date_gmt":"2018-10-26T12:01:35","guid":{"rendered":"https:\/\/www.trustedtranslations.com\/?page_id=129475"},"modified":"2024-11-06T16:24:52","modified_gmt":"2024-11-06T19:24:52","slug":"mehrsprachig","status":"publish","type":"page","link":"https:\/\/www.trustedtranslations.com\/de\/sprache\/mehrsprachig","title":{"rendered":"Mehrsprachig"},"content":{"rendered":"","protected":false},"excerpt":{"rendered":"","protected":false},"author":1,"featured_media":139628,"parent":129506,"menu_order":0,"comment_status":"closed","ping_status":"closed","template":"","meta":{"site-sidebar-layout":"default","site-content-layout":"default","ast-site-content-layout":"default","site-content-style":"default","site-sidebar-style":"default","ast-global-header-display":"","ast-banner-title-visibility":"","ast-main-header-display":"","ast-hfb-above-header-display":"","ast-hfb-below-header-display":"","ast-hfb-mobile-header-display":"","site-post-title":"disabled","ast-breadcrumbs-content":"","ast-featured-img":"","footer-sml-layout":"","ast-disable-related-posts":"","theme-transparent-header-meta":"default","adv-header-id-meta":"","stick-header-meta":"","header-above-stick-meta":"","header-main-stick-meta":"","header-below-stick-meta":"","astra-migrate-meta-layouts":"set","ast-page-background-enabled":"default","ast-page-background-meta":{"desktop":{"background-color":"var(--ast-global-color-4)","background-image":"","background-repeat":"repeat","background-position":"center center","background-size":"auto","background-attachment":"scroll","background-type":"","background-media":"","overlay-type":"","overlay-color":"","overlay-opacity":"","overlay-gradient":""},"tablet":{"background-color":"","background-image":"","background-repeat":"repeat","background-position":"center center","background-size":"auto","background-attachment":"scroll","background-type":"","background-media":"","overlay-type":"","overlay-color":"","overlay-opacity":"","overlay-gradient":""},"mobile":{"background-color":"","background-image":"","background-repeat":"repeat","background-position":"center center","background-size":"auto","background-attachment":"scroll","background-type":"","background-media":"","overlay-type":"","overlay-color":"","overlay-opacity":"","overlay-gradient":""}},"ast-content-background-meta":{"desktop":{"background-color":"var(--ast-global-color-5)","background-image":"","background-repeat":"repeat","background-position":"center center","background-size":"auto","background-attachment":"scroll","background-type":"","background-media":"","overlay-type":"","overlay-color":"","overlay-opacity":"","overlay-gradient":""},"tablet":{"background-color":"var(--ast-global-color-5)","background-image":"","background-repeat":"repeat","background-position":"center center","background-size":"auto","background-attachment":"scroll","background-type":"","background-media":"","overlay-type":"","overlay-color":"","overlay-opacity":"","overlay-gradient":""},"mobile":{"background-color":"var(--ast-global-color-5)","background-image":"","background-repeat":"repeat","background-position":"center center","background-size":"auto","background-attachment":"scroll","background-type":"","background-media":"","overlay-type":"","overlay-color":"","overlay-opacity":"","overlay-gradient":""}},"footnotes":""},"class_list":["post-129475","page","type-page","status-publish","has-post-thumbnail","hentry"],"yoast_head":"<!-- This site is optimized with the Yoast SEO plugin v27.3 - https:\/\/yoast.com\/product\/yoast-seo-wordpress\/ -->\n<title>Mehrsprachige \u00dcbersetzung: Trusted Translations<\/title>\n<meta name=\"description\" content=\"Mehrsprachige \u00dcbersetzungsdienstleistungen in mehr als 140 Sprachen von kompetenten \u00dcbersetzerteams zu den besten Preisen. Fordern Sie ein kostenloses Angebot oder eine Beratung an.\" \/>\n<meta name=\"robots\" content=\"index, follow, max-snippet:-1, max-image-preview:large, max-video-preview:-1\" \/>\n<link rel=\"canonical\" href=\"https:\/\/www.trustedtranslations.com\/de\/sprache\/mehrsprachig\" \/>\n<meta property=\"og:locale\" content=\"de_DE\" \/>\n<meta property=\"og:type\" content=\"article\" \/>\n<meta property=\"og:title\" content=\"Mehrsprachige \u00dcbersetzung: Trusted Translations\" \/>\n<meta property=\"og:description\" content=\"Mehrsprachige \u00dcbersetzungsdienstleistungen in mehr als 140 Sprachen von kompetenten \u00dcbersetzerteams zu den besten Preisen. Fordern Sie ein kostenloses Angebot oder eine Beratung an.\" \/>\n<meta property=\"og:url\" content=\"https:\/\/www.trustedtranslations.com\/de\/sprache\/mehrsprachig\" \/>\n<meta property=\"og:site_name\" content=\"Trusted Translations, Inc.\" \/>\n<meta property=\"article:publisher\" content=\"https:\/\/www.facebook.com\/Trusted.Translations\" \/>\n<meta property=\"article:modified_time\" content=\"2024-11-06T19:24:52+00:00\" \/>\n<meta property=\"og:image\" content=\"https:\/\/static.trustedtranslations.com\/wp-content\/uploads\/2022\/03\/TT_NEW_FB-1.png\" \/>\n\t<meta property=\"og:image:width\" content=\"1038\" \/>\n\t<meta property=\"og:image:height\" content=\"1038\" \/>\n\t<meta property=\"og:image:type\" content=\"image\/png\" \/>\n<meta name=\"twitter:card\" content=\"summary_large_image\" \/>\n<meta name=\"twitter:site\" content=\"@TrustedT9ns\" \/>\n<script type=\"application\/ld+json\" class=\"yoast-schema-graph\">{\"@context\":\"https:\\\/\\\/schema.org\",\"@graph\":[{\"@type\":\"WebPage\",\"@id\":\"https:\\\/\\\/www.trustedtranslations.com\\\/de\\\/sprache\\\/mehrsprachig\",\"url\":\"https:\\\/\\\/www.trustedtranslations.com\\\/de\\\/sprache\\\/mehrsprachig\",\"name\":\"Mehrsprachige \u00dcbersetzung: Trusted Translations\",\"isPartOf\":{\"@id\":\"https:\\\/\\\/www.trustedtranslations.com\\\/de\\\/#website\"},\"primaryImageOfPage\":{\"@id\":\"https:\\\/\\\/www.trustedtranslations.com\\\/de\\\/sprache\\\/mehrsprachig#primaryimage\"},\"image\":{\"@id\":\"https:\\\/\\\/www.trustedtranslations.com\\\/de\\\/sprache\\\/mehrsprachig#primaryimage\"},\"thumbnailUrl\":\"https:\\\/\\\/www.trustedtranslations.com\\\/wp-content\\\/uploads\\\/2022\\\/03\\\/TT_NEW_FB-1.png\",\"description\":\"Mehrsprachige \u00dcbersetzungsdienstleistungen in mehr als 140 Sprachen von kompetenten \u00dcbersetzerteams zu den besten Preisen. Fordern Sie ein kostenloses Angebot oder eine Beratung an.\",\"breadcrumb\":{\"@id\":\"https:\\\/\\\/www.trustedtranslations.com\\\/de\\\/sprache\\\/mehrsprachig#breadcrumb\"},\"inLanguage\":\"de\",\"potentialAction\":[{\"@type\":\"ReadAction\",\"target\":[\"https:\\\/\\\/www.trustedtranslations.com\\\/de\\\/sprache\\\/mehrsprachig\"]}]},{\"@type\":\"ImageObject\",\"inLanguage\":\"de\",\"@id\":\"https:\\\/\\\/www.trustedtranslations.com\\\/de\\\/sprache\\\/mehrsprachig#primaryimage\",\"url\":\"https:\\\/\\\/www.trustedtranslations.com\\\/wp-content\\\/uploads\\\/2022\\\/03\\\/TT_NEW_FB-1.png\",\"contentUrl\":\"https:\\\/\\\/www.trustedtranslations.com\\\/wp-content\\\/uploads\\\/2022\\\/03\\\/TT_NEW_FB-1.png\",\"width\":1038,\"height\":1038,\"caption\":\"TT NEW FB 1\"},{\"@type\":\"BreadcrumbList\",\"@id\":\"https:\\\/\\\/www.trustedtranslations.com\\\/de\\\/sprache\\\/mehrsprachig#breadcrumb\",\"itemListElement\":[{\"@type\":\"ListItem\",\"position\":1,\"name\":\"Home\",\"item\":\"https:\\\/\\\/www.trustedtranslations.com\\\/de\"},{\"@type\":\"ListItem\",\"position\":2,\"name\":\"Sprachen\",\"item\":\"https:\\\/\\\/www.trustedtranslations.com\\\/de\\\/sprache\"},{\"@type\":\"ListItem\",\"position\":3,\"name\":\"Mehrsprachig\"}]},{\"@type\":\"WebSite\",\"@id\":\"https:\\\/\\\/www.trustedtranslations.com\\\/de\\\/#website\",\"url\":\"https:\\\/\\\/www.trustedtranslations.com\\\/de\\\/\",\"name\":\"Trusted Translations, Inc.\",\"description\":\"Leader in translation and interpretation services.\",\"publisher\":{\"@id\":\"https:\\\/\\\/www.trustedtranslations.com\\\/de\\\/#organization\"},\"alternateName\":\"Trusted Translations\",\"potentialAction\":[{\"@type\":\"SearchAction\",\"target\":{\"@type\":\"EntryPoint\",\"urlTemplate\":\"https:\\\/\\\/www.trustedtranslations.com\\\/de\\\/?s={search_term_string}\"},\"query-input\":{\"@type\":\"PropertyValueSpecification\",\"valueRequired\":true,\"valueName\":\"search_term_string\"}}],\"inLanguage\":\"de\"},{\"@type\":\"Organization\",\"@id\":\"https:\\\/\\\/www.trustedtranslations.com\\\/de\\\/#organization\",\"name\":\"Trusted Translations\",\"alternateName\":\"Trusted Translations, Inc.\",\"url\":\"https:\\\/\\\/www.trustedtranslations.com\\\/de\\\/\",\"logo\":{\"@type\":\"ImageObject\",\"inLanguage\":\"de\",\"@id\":\"https:\\\/\\\/www.trustedtranslations.com\\\/de\\\/#\\\/schema\\\/logo\\\/image\\\/\",\"url\":\"https:\\\/\\\/static.trustedtranslations.com\\\/wp-content\\\/uploads\\\/2022\\\/01\\\/TT_logo_WSIColors-2.png\",\"contentUrl\":\"https:\\\/\\\/static.trustedtranslations.com\\\/wp-content\\\/uploads\\\/2022\\\/01\\\/TT_logo_WSIColors-2.png\",\"width\":500,\"height\":196,\"caption\":\"Trusted Translations\"},\"image\":{\"@id\":\"https:\\\/\\\/www.trustedtranslations.com\\\/de\\\/#\\\/schema\\\/logo\\\/image\\\/\"},\"sameAs\":[\"https:\\\/\\\/www.facebook.com\\\/Trusted.Translations\",\"https:\\\/\\\/x.com\\\/TrustedT9ns\",\"https:\\\/\\\/www.linkedin.com\\\/company\\\/trusted-translations\"]}]}<\/script>\n<!-- \/ Yoast SEO plugin. -->","yoast_head_json":{"title":"Mehrsprachige \u00dcbersetzung: Trusted Translations","description":"Mehrsprachige \u00dcbersetzungsdienstleistungen in mehr als 140 Sprachen von kompetenten \u00dcbersetzerteams zu den besten Preisen. Fordern Sie ein kostenloses Angebot oder eine Beratung an.","robots":{"index":"index","follow":"follow","max-snippet":"max-snippet:-1","max-image-preview":"max-image-preview:large","max-video-preview":"max-video-preview:-1"},"canonical":"https:\/\/www.trustedtranslations.com\/de\/sprache\/mehrsprachig","og_locale":"de_DE","og_type":"article","og_title":"Mehrsprachige \u00dcbersetzung: Trusted Translations","og_description":"Mehrsprachige \u00dcbersetzungsdienstleistungen in mehr als 140 Sprachen von kompetenten \u00dcbersetzerteams zu den besten Preisen. Fordern Sie ein kostenloses Angebot oder eine Beratung an.","og_url":"https:\/\/www.trustedtranslations.com\/de\/sprache\/mehrsprachig","og_site_name":"Trusted Translations, Inc.","article_publisher":"https:\/\/www.facebook.com\/Trusted.Translations","article_modified_time":"2024-11-06T19:24:52+00:00","og_image":[{"width":1038,"height":1038,"url":"https:\/\/static.trustedtranslations.com\/wp-content\/uploads\/2022\/03\/TT_NEW_FB-1.png","type":"image\/png"}],"twitter_card":"summary_large_image","twitter_site":"@TrustedT9ns","schema":{"@context":"https:\/\/schema.org","@graph":[{"@type":"WebPage","@id":"https:\/\/www.trustedtranslations.com\/de\/sprache\/mehrsprachig","url":"https:\/\/www.trustedtranslations.com\/de\/sprache\/mehrsprachig","name":"Mehrsprachige \u00dcbersetzung: Trusted Translations","isPartOf":{"@id":"https:\/\/www.trustedtranslations.com\/de\/#website"},"primaryImageOfPage":{"@id":"https:\/\/www.trustedtranslations.com\/de\/sprache\/mehrsprachig#primaryimage"},"image":{"@id":"https:\/\/www.trustedtranslations.com\/de\/sprache\/mehrsprachig#primaryimage"},"thumbnailUrl":"https:\/\/www.trustedtranslations.com\/wp-content\/uploads\/2022\/03\/TT_NEW_FB-1.png","description":"Mehrsprachige \u00dcbersetzungsdienstleistungen in mehr als 140 Sprachen von kompetenten \u00dcbersetzerteams zu den besten Preisen. Fordern Sie ein kostenloses Angebot oder eine Beratung an.","breadcrumb":{"@id":"https:\/\/www.trustedtranslations.com\/de\/sprache\/mehrsprachig#breadcrumb"},"inLanguage":"de","potentialAction":[{"@type":"ReadAction","target":["https:\/\/www.trustedtranslations.com\/de\/sprache\/mehrsprachig"]}]},{"@type":"ImageObject","inLanguage":"de","@id":"https:\/\/www.trustedtranslations.com\/de\/sprache\/mehrsprachig#primaryimage","url":"https:\/\/www.trustedtranslations.com\/wp-content\/uploads\/2022\/03\/TT_NEW_FB-1.png","contentUrl":"https:\/\/www.trustedtranslations.com\/wp-content\/uploads\/2022\/03\/TT_NEW_FB-1.png","width":1038,"height":1038,"caption":"TT NEW FB 1"},{"@type":"BreadcrumbList","@id":"https:\/\/www.trustedtranslations.com\/de\/sprache\/mehrsprachig#breadcrumb","itemListElement":[{"@type":"ListItem","position":1,"name":"Home","item":"https:\/\/www.trustedtranslations.com\/de"},{"@type":"ListItem","position":2,"name":"Sprachen","item":"https:\/\/www.trustedtranslations.com\/de\/sprache"},{"@type":"ListItem","position":3,"name":"Mehrsprachig"}]},{"@type":"WebSite","@id":"https:\/\/www.trustedtranslations.com\/de\/#website","url":"https:\/\/www.trustedtranslations.com\/de\/","name":"Trusted Translations, Inc.","description":"Leader in translation and interpretation services.","publisher":{"@id":"https:\/\/www.trustedtranslations.com\/de\/#organization"},"alternateName":"Trusted Translations","potentialAction":[{"@type":"SearchAction","target":{"@type":"EntryPoint","urlTemplate":"https:\/\/www.trustedtranslations.com\/de\/?s={search_term_string}"},"query-input":{"@type":"PropertyValueSpecification","valueRequired":true,"valueName":"search_term_string"}}],"inLanguage":"de"},{"@type":"Organization","@id":"https:\/\/www.trustedtranslations.com\/de\/#organization","name":"Trusted Translations","alternateName":"Trusted Translations, Inc.","url":"https:\/\/www.trustedtranslations.com\/de\/","logo":{"@type":"ImageObject","inLanguage":"de","@id":"https:\/\/www.trustedtranslations.com\/de\/#\/schema\/logo\/image\/","url":"https:\/\/static.trustedtranslations.com\/wp-content\/uploads\/2022\/01\/TT_logo_WSIColors-2.png","contentUrl":"https:\/\/static.trustedtranslations.com\/wp-content\/uploads\/2022\/01\/TT_logo_WSIColors-2.png","width":500,"height":196,"caption":"Trusted Translations"},"image":{"@id":"https:\/\/www.trustedtranslations.com\/de\/#\/schema\/logo\/image\/"},"sameAs":["https:\/\/www.facebook.com\/Trusted.Translations","https:\/\/x.com\/TrustedT9ns","https:\/\/www.linkedin.com\/company\/trusted-translations"]}]}},"toolset-meta":{"dyk":{"mensaje-1":{"type":"textfield","raw":"40% der K\u00e4ufer kaufen ein Produkt oder eine Dienstleistung nur in ihrer eigenen Sprache."},"mensaje-2":{"type":"textfield","raw":"Mit der steigenden Popularit\u00e4t von Podcasts ist auch die Nachfrage nach mehrsprachigen Inhalten gestiegen."},"mensaje-3":{"type":"textfield","raw":"Qualitativ hochwertige \u00dcbersetzungen gew\u00e4hrleisten die Markenintegrit\u00e4t bei globalen Aktivit\u00e4ten."},"mensaje-4":{"type":"textfield","raw":"Etwa 74% der Internetnutzer sind keine englischen Muttersprachler."},"mensaje-5":{"type":"textfield","raw":""},"mensaje-6":{"type":"textfield","raw":""}},"single-page-template-fields":{"imgs-temp":{"type":"image","raw":["https:\/\/static.trustedtranslations.com\/wp-content\/uploads\/2024\/06\/multilingual-1.webp","https:\/\/static.trustedtranslations.com\/wp-content\/uploads\/2024\/06\/multilingual-2-1.webp","https:\/\/static.trustedtranslations.com\/wp-content\/uploads\/2024\/06\/multilingual-3-1.webp","https:\/\/static.trustedtranslations.com\/wp-content\/uploads\/2024\/06\/multilingual-4-1.webp"],"repeatable":[{"raw":"https:\/\/static.trustedtranslations.com\/wp-content\/uploads\/2024\/06\/multilingual-1.webp"},{"raw":"https:\/\/static.trustedtranslations.com\/wp-content\/uploads\/2024\/06\/multilingual-2-1.webp"},{"raw":"https:\/\/static.trustedtranslations.com\/wp-content\/uploads\/2024\/06\/multilingual-3-1.webp"},{"raw":"https:\/\/static.trustedtranslations.com\/wp-content\/uploads\/2024\/06\/multilingual-4-1.webp"}]},"imgs-temp-cel":{"type":"image","raw":[""],"repeatable":[{"raw":""}]},"img-temp-one-cel":{"type":"image","raw":"https:\/\/static.trustedtranslations.com\/wp-content\/uploads\/2024\/06\/AdobeStock_284692807-3-1.webp","attachment_id":null},"quotes":{"type":"textarea","raw":"<h1 style=\"margin-bottom: 12px;\">Mehrsprachige \u00dcbersetzungsdienstleistungen<\/h1>Trusted Translations, ein anerkannter Marktf\u00fchrer f\u00fcr mehrsprachige \u00dcbersetzungsdienstleistungen, hat die \u00dcbersetzungsanforderungen f\u00fchrender internationaler Organisationen in \u00fcber 140 Sprachen erf\u00fcllt. Unsere Expertenteams bieten Ihnen die gesamte Palette an mehrsprachigen \u00dcbersetzungsdienstleistungen, einschlie\u00dflich Dokumenten\u00fcbersetzung, Website-Lokalisierung, Softwarelokalisierung und -globalisierung, Synchronisation und Untertitelung und mehr.<div style=\"margin-top: 2.5vw;\"><a class=\"tt-btn-main-cta\" href=\"\/de\/angebot\">KOSTENLOSEN KOSTENVORANSCHLAG ANFORDERN<\/a><\/div>"},"text-1":{"type":"textarea","raw":"<h2 style=\"margin-bottom:20px\">Bew\u00e4hrte Erfolgsbilanz<\/h2>\r\n<p>Weltweit anerkannte Organisationen wie die Vereinten Nationen und die NASA vertrauen auf <em>Trusted Translations<\/em>, weil wir in der Lage sind, aus und in mehrere Sprachen zu \u00fcbersetzen. Auch zahlreiche multinationale Unternehmen verlassen sich f\u00fcr ihre komplexen mehrsprachigen \u00dcbersetzungen auf <em>Trusted Translations<\/em>. Zu unseren Kunden z\u00e4hlen Sony, Kyocera Mita, General Electric, Goodman Global, Kraft Foods Global, Toyota, State Farm, Delta Airlines, Coca-Cola, Citigroup und andere.<\/p>\r\n<h2 style=\"margin-bottom:20px\">Qualit\u00e4t, auf die Sie sich verlassen k\u00f6nnen<\/h2>\r\n<p>F\u00fcr jedes mehrsprachige \u00dcbersetzungsprojekt setzen wir ausschlie\u00dflich erfahrene \u00dcbersetzer mit Spezialkenntnissen auf dem jeweiligen Fachgebiet ein. Au\u00dferdem wenden wir unser einzigartiges dreifaches Pr\u00fcfverfahren an, bei dem jede \u00dcbersetzung von drei verschiedenen Fachleuten \u00fcberpr\u00fcft wird. Das Endprodukt wird dann von einem Content Manager gepr\u00fcft, der sicherstellt, dass die Informationen nicht nur korrekt \u00fcbersetzt sind, sondern auch die richtige branchenspezifische Terminologie und Nomenklatur enthalten. Wir halten uns an die h\u00f6chsten Industriestandards, einschlie\u00dflich der in ISO 9001:2000 dargelegten.<\/p>\r\n<h2 style=\"margin-bottom:20px\">Au\u00dfergew\u00f6hnlich wettbewerbsf\u00e4hige Preise<\/h2>\r\n<p>Unsere Mission ist es, Ihnen mehrsprachige \u00dcbersetzungen in h\u00f6chster Qualit\u00e4t zu den wettbewerbsf\u00e4higsten Preisen der Branche zu liefern. Eine L\u00f6sung aus einer Hand f\u00fcr Ihren \u00dcbersetzungsbedarf spart Ihnen nicht nur Zeit, sondern Ihrem Unternehmen auch Geld.<\/p>\r\n<p>Beispielsweise erheben wir im Gegensatz zu vielen unserer Wettbewerber keine \u201eProjektmanagementgeb\u00fchren\u201c f\u00fcr mehrsprachige Vertr\u00e4ge; dadurch k\u00f6nnen Sie \u00fcber 15 % des Gesamtbetrags Ihres Projekts einsparen. Dar\u00fcber hinaus liegen unsere Preise aufgrund unseres effizienten Einsatzes betriebseigener Ressourcen und rationalisierter Abl\u00e4ufe zwischen 25 und 50 % niedriger als bei unseren Mitbewerbern. Wir k\u00f6nnen Ihnen helfen, die Sprachbarriere zu \u00fcberwinden, Ihre Botschaft zu vermitteln und die Kommunikation zu vereinfachen, ohne dass Sie dabei Ihr Budget \u00fcberziehen m\u00fcssen.<\/p>"},"shortcode-map":{"type":"textfield","raw":""},"dyk-shortcode":{"type":"textfield","raw":"[elementor-template id=\"146647\"]"},"text-2":{"type":"textarea","raw":"<h2 style=\"margin-bottom:20px\">\u00dcbersetzung in jede Sprache und aus jeder Sprache<\/h2>\r\nIm Folgenden finden Sie eine Liste einiger Sprachen, mit denen wir regelm\u00e4\u00dfig arbeiten:\r\n<ul>\r\n \t<li>\r\n<h3>Top 20 Sprachen, die in der Welt gesprochen werden<\/h3>\r\n<\/li>\r\n<\/ul>\r\n<em><a href=\"https:\/\/www.trustedtranslations.com\/de\/sprache\/chinesisch\">Mandarin<\/a>, <a href=\"https:\/\/www.trustedtranslations.com\/de\/sprache\/englisch\">Englisch<\/a>, <a href=\"https:\/\/www.trustedtranslations.com\/de\/sprache\/spanisch\">Spanisch<\/a>, <a href=\"https:\/\/www.trustedtranslations.com\/de\/sprache\/hindi\">Hindustani<\/a>, <a href=\"https:\/\/www.trustedtranslations.com\/de\/sprache\/arabisch\">Arabisch<\/a>, <a href=\"https:\/\/www.trustedtranslations.com\/de\/sprache\/portugiesisch\">Portugiesisch<\/a>, <a href=\"https:\/\/www.trustedtranslations.com\/de\/sprache\/bengalisch\">Bengali<\/a>, <a href=\"https:\/\/www.trustedtranslations.com\/de\/sprache\/russisch\">Russisch<\/a>, <a href=\"https:\/\/www.trustedtranslations.com\/de\/sprache\/japanisch\">Japanisch<\/a>, <a href=\"https:\/\/www.trustedtranslations.com\/de\/sprache\/deutsch\">Deutsch<\/a>, Punjabi, <a href=\"https:\/\/www.trustedtranslations.com\/de\/sprache\/franzoesisch\">Franz\u00f6sisch<\/a>, Wu, Javanisch, Telugu, <a href=\"https:\/\/www.trustedtranslations.com\/de\/sprache\/marathi\">Marathi<\/a>, <a href=\"https:\/\/www.trustedtranslations.com\/de\/sprache\/vietnamesisch\">Vietnamesisch<\/a>, <a href=\"https:\/\/www.trustedtranslations.com\/de\/sprache\/koreanisch\">Koreanisch<\/a>, Tamil, <a href=\"https:\/\/www.trustedtranslations.com\/de\/sprache\/italienisch\">Italienisch<\/a>.<\/em>\r\n<ul>\r\n \t<li>\r\n<h3>10 bis 60 Millionen Muttersprachler<\/h3>\r\n<\/li>\r\n<\/ul>\r\n<em>Kantonesisch, Sindhi, T\u00fcrkisch, Min, Gujarati, Maithili, Polnisch, Ukrainisch, Persisch, Malayalam, Kannada, Tamazight (Berber), Oriya, Aserbaidschanisch, Hakka, Bhojpuri, Burmesisch, Gan, Thai, Sudanesisch, Rum\u00e4nisch, Hausa, Paschtu, Serbo-Kroatisch, Usbekisch, Niederl\u00e4ndisch, Yoruba, Amharisch, Oromo, Indonesisch, Filipino, Kurdisch, Somali, Lao, Cebuano, Griechisch, Malaiisch, Igbo, Madagassisch, Nepalesisch, Assamesisch, Shona, Khmer, Zhuang, Maduresisch, Ungarisch, Singhalesisch, Fula, Tschechisch.<\/em>\r\n<ul>\r\n \t<li>\r\n<h3>2 bis 10 Millionen Muttersprachler<\/h3>\r\n<\/li>\r\n<\/ul>\r\n<em>Zulu, Quechua, Kasachisch, Tibetisch, Tadschikisch, Chichewa (Nyanja), Haiti-Kreolisch, Wei\u00dfrussisch, Lombardisch, Hebr\u00e4isch, Schwedisch, Kikongo, Akan, Albanisch, Hmong, Yi, Tshiluba, Ilokano, Uigurisch, Neapolitanisch, Bulgarisch, Kinyarwanda, Xhosa, Balochi, Hiligaynon, Tigrinya, Katalanisch, Armenisch, Minangkabau, Turkmenisch, Makhuwa, Santali, Batak, Afrikaans, Mongolisch, Bhili, D\u00e4nisch, Finnisch, Tatarisch, Gikuyu, Slowakisch, Moore, Swahili, S\u00fcdliches Quechua, Guarani, Kirundi, Sesotho (s\u00fcdlich), Romani, Norwegisch, Pahari-Potwari, Tibetisch, Tswana, Kanuri, Kashmiri, Bikol, Georgisch, Qusqu-Qullaw, Umbundu, Konkani, Balinesisch, N\u00f6rdliches Sotho (Sepedi), Luyia, Wolof, Bemba, Buginesisch, Luo (Dholuo), Maninka, Mazanderani, Gilaki, Shan, Tsonga, Galizisch, Sukuma, Jiddisch, Jamaikanisches Kreolisch, Piemontesisch, Kirgisisch, Waray-Waray, Ewe, S\u00fcdliches Bolivianisches Quechua, Litauisch, Luganda, Lusoga, Acehnesisch, Kimbundu, Hindko, Ibibio-Efik-Sprache, Rajbangsi, Garhwali, Bambara, Ometo, indische Geb\u00e4rdensprache, Betawi Kreolisch, Karen, Gondi, Senoufo, Kalendjin, Kumauni, Kamba, Luri, K'iche', Kapampangan, Zentrales Aymara, Tiv, Brahui, Gbaya, Zarma, Baoul\u00e9, Dogri, Lingala, Sasak, Kurux, Mundari, Dinka, Slowenisch, Mazedonisch, Buyei, Beti-Pahuin.<\/em>\r\n<ul>\r\n \t<li>\r\n<h3>1 bis 2 Millionen Muttersprachler<\/h3>\r\n<\/li>\r\n<\/ul>\r\n<em>Zazaki, Okzitanisch, Tulu, Ligurisch, Sidamo, Bashkir, Yao, Tschuwaschisch, Ijaw (Izon), Fon, SiSwati, Irisch, Lettisch, Nyankore, Makasar, Gusii, Khandeshi, Ndebele, Chin, Vlax Romani, Sara, Pangasinan, Tonga, Lampung, Sardisch, Schottisch, Dong, Mende, T\u00e0y, Nahuatl, Afar, Dagbani, Koli, Tschiga, Tschetschenisch, Tumbuka, Iu Mien, Meru, Gogo, Teso, Meithei, Tamang, Makonde, Bai, Tuareg, Mandinka, Jula, Temne, Haya, Serer, Beja, Nyamwezi, Abron, Alur, Sena, Azande, Wallonisch, Anyi, Malvi, Kinaray-a, Soninke, Ho, Estnisch, Nyakyusa, Gwari, Lugbara, Baskisch, Naga, Susu, Tausug, Chokwe, Kabardian, Ry\u016bky\u016b, Magindana, Maranao, Ancash Quechua, Walisisch, Songe, Rejang, Bini, Ebira, Dagaare, Gujari, Tharu, Venda, Arakanesisch.<\/em>"},"state":{"type":"textfield","raw":""},"city":{"type":"textarea","raw":[]}}},"_links":{"self":[{"href":"https:\/\/www.trustedtranslations.com\/de\/wp-json\/wp\/v2\/pages\/129475","targetHints":{"allow":["GET"]}}],"collection":[{"href":"https:\/\/www.trustedtranslations.com\/de\/wp-json\/wp\/v2\/pages"}],"about":[{"href":"https:\/\/www.trustedtranslations.com\/de\/wp-json\/wp\/v2\/types\/page"}],"author":[{"embeddable":true,"href":"https:\/\/www.trustedtranslations.com\/de\/wp-json\/wp\/v2\/users\/1"}],"replies":[{"embeddable":true,"href":"https:\/\/www.trustedtranslations.com\/de\/wp-json\/wp\/v2\/comments?post=129475"}],"version-history":[{"count":0,"href":"https:\/\/www.trustedtranslations.com\/de\/wp-json\/wp\/v2\/pages\/129475\/revisions"}],"up":[{"embeddable":true,"href":"https:\/\/www.trustedtranslations.com\/de\/wp-json\/wp\/v2\/pages\/129506"}],"wp:featuredmedia":[{"embeddable":true,"href":"https:\/\/www.trustedtranslations.com\/de\/wp-json\/wp\/v2\/media\/139628"}],"wp:attachment":[{"href":"https:\/\/www.trustedtranslations.com\/de\/wp-json\/wp\/v2\/media?parent=129475"}],"curies":[{"name":"wp","href":"https:\/\/api.w.org\/{rel}","templated":true}]}}