{"id":129478,"date":"2018-10-26T11:33:37","date_gmt":"2018-10-26T11:33:37","guid":{"rendered":"https:\/\/www.trustedtranslations.com\/?page_id=129478"},"modified":"2024-09-06T13:19:19","modified_gmt":"2024-09-06T16:19:19","slug":"spanisch","status":"publish","type":"page","link":"https:\/\/www.trustedtranslations.com\/de\/sprache\/spanisch","title":{"rendered":"Spanisch"},"content":{"rendered":"","protected":false},"excerpt":{"rendered":"","protected":false},"author":1,"featured_media":193108,"parent":129506,"menu_order":0,"comment_status":"closed","ping_status":"closed","template":"","meta":{"site-sidebar-layout":"default","site-content-layout":"default","ast-site-content-layout":"default","site-content-style":"default","site-sidebar-style":"default","ast-global-header-display":"","ast-banner-title-visibility":"","ast-main-header-display":"","ast-hfb-above-header-display":"","ast-hfb-below-header-display":"","ast-hfb-mobile-header-display":"","site-post-title":"disabled","ast-breadcrumbs-content":"","ast-featured-img":"","footer-sml-layout":"","ast-disable-related-posts":"","theme-transparent-header-meta":"default","adv-header-id-meta":"","stick-header-meta":"","header-above-stick-meta":"","header-main-stick-meta":"","header-below-stick-meta":"","astra-migrate-meta-layouts":"set","ast-page-background-enabled":"default","ast-page-background-meta":{"desktop":{"background-color":"var(--ast-global-color-4)","background-image":"","background-repeat":"repeat","background-position":"center center","background-size":"auto","background-attachment":"scroll","background-type":"","background-media":"","overlay-type":"","overlay-color":"","overlay-opacity":"","overlay-gradient":""},"tablet":{"background-color":"","background-image":"","background-repeat":"repeat","background-position":"center center","background-size":"auto","background-attachment":"scroll","background-type":"","background-media":"","overlay-type":"","overlay-color":"","overlay-opacity":"","overlay-gradient":""},"mobile":{"background-color":"","background-image":"","background-repeat":"repeat","background-position":"center center","background-size":"auto","background-attachment":"scroll","background-type":"","background-media":"","overlay-type":"","overlay-color":"","overlay-opacity":"","overlay-gradient":""}},"ast-content-background-meta":{"desktop":{"background-color":"var(--ast-global-color-5)","background-image":"","background-repeat":"repeat","background-position":"center center","background-size":"auto","background-attachment":"scroll","background-type":"","background-media":"","overlay-type":"","overlay-color":"","overlay-opacity":"","overlay-gradient":""},"tablet":{"background-color":"var(--ast-global-color-5)","background-image":"","background-repeat":"repeat","background-position":"center center","background-size":"auto","background-attachment":"scroll","background-type":"","background-media":"","overlay-type":"","overlay-color":"","overlay-opacity":"","overlay-gradient":""},"mobile":{"background-color":"var(--ast-global-color-5)","background-image":"","background-repeat":"repeat","background-position":"center center","background-size":"auto","background-attachment":"scroll","background-type":"","background-media":"","overlay-type":"","overlay-color":"","overlay-opacity":"","overlay-gradient":""}},"footnotes":""},"class_list":["post-129478","page","type-page","status-publish","has-post-thumbnail","hentry"],"yoast_head":"<!-- This site is optimized with the Yoast SEO plugin v27.3 - https:\/\/yoast.com\/product\/yoast-seo-wordpress\/ -->\n<title>\u00dcbersetzungsdienstleistungen f\u00fcr die spanische Sprache - Trusted Translations, Inc.<\/title>\n<meta name=\"description\" content=\"Entdecken Sie bei Trusted Translations fachkundige Spanisch\u00fcbersetzungen durch Muttersprachler. Sorgen Sie f\u00fcr eine klare, auf Ihre Bed\u00fcrfnisse abgestimmte Kommunikation. Fordern Sie jetzt ein kostenloses Angebot an.\" \/>\n<meta name=\"robots\" content=\"index, follow, max-snippet:-1, max-image-preview:large, max-video-preview:-1\" \/>\n<link rel=\"canonical\" href=\"https:\/\/www.trustedtranslations.com\/de\/sprache\/spanisch\" \/>\n<meta property=\"og:locale\" content=\"de_DE\" \/>\n<meta property=\"og:type\" content=\"article\" \/>\n<meta property=\"og:title\" content=\"\u00dcbersetzungsdienstleistungen f\u00fcr die spanische Sprache - Trusted Translations, Inc.\" \/>\n<meta property=\"og:description\" content=\"Entdecken Sie bei Trusted Translations fachkundige Spanisch\u00fcbersetzungen durch Muttersprachler. Sorgen Sie f\u00fcr eine klare, auf Ihre Bed\u00fcrfnisse abgestimmte Kommunikation. Fordern Sie jetzt ein kostenloses Angebot an.\" \/>\n<meta property=\"og:url\" content=\"https:\/\/www.trustedtranslations.com\/de\/sprache\/spanisch\" \/>\n<meta property=\"og:site_name\" content=\"Trusted Translations, Inc.\" \/>\n<meta property=\"article:publisher\" content=\"https:\/\/www.facebook.com\/Trusted.Translations\" \/>\n<meta property=\"article:modified_time\" content=\"2024-09-06T16:19:19+00:00\" \/>\n<meta property=\"og:image\" content=\"https:\/\/www.trustedtranslations.com\/wp-content\/uploads\/2022\/06\/tt-logo-2-1.webp\" \/>\n\t<meta property=\"og:image:width\" content=\"216\" \/>\n\t<meta property=\"og:image:height\" content=\"94\" \/>\n\t<meta property=\"og:image:type\" content=\"image\/webp\" \/>\n<meta name=\"twitter:card\" content=\"summary_large_image\" \/>\n<meta name=\"twitter:site\" content=\"@TrustedT9ns\" \/>\n<script type=\"application\/ld+json\" class=\"yoast-schema-graph\">{\"@context\":\"https:\\\/\\\/schema.org\",\"@graph\":[{\"@type\":\"WebPage\",\"@id\":\"https:\\\/\\\/www.trustedtranslations.com\\\/de\\\/sprache\\\/spanisch\",\"url\":\"https:\\\/\\\/www.trustedtranslations.com\\\/de\\\/sprache\\\/spanisch\",\"name\":\"\u00dcbersetzungsdienstleistungen f\u00fcr die spanische Sprache - Trusted Translations, Inc.\",\"isPartOf\":{\"@id\":\"https:\\\/\\\/www.trustedtranslations.com\\\/de\\\/#website\"},\"primaryImageOfPage\":{\"@id\":\"https:\\\/\\\/www.trustedtranslations.com\\\/de\\\/sprache\\\/spanisch#primaryimage\"},\"image\":{\"@id\":\"https:\\\/\\\/www.trustedtranslations.com\\\/de\\\/sprache\\\/spanisch#primaryimage\"},\"thumbnailUrl\":\"\",\"description\":\"Entdecken Sie bei Trusted Translations fachkundige Spanisch\u00fcbersetzungen durch Muttersprachler. Sorgen Sie f\u00fcr eine klare, auf Ihre Bed\u00fcrfnisse abgestimmte Kommunikation. Fordern Sie jetzt ein kostenloses Angebot an.\",\"breadcrumb\":{\"@id\":\"https:\\\/\\\/www.trustedtranslations.com\\\/de\\\/sprache\\\/spanisch#breadcrumb\"},\"inLanguage\":\"de\",\"potentialAction\":[{\"@type\":\"ReadAction\",\"target\":[\"https:\\\/\\\/www.trustedtranslations.com\\\/de\\\/sprache\\\/spanisch\"]}]},{\"@type\":\"ImageObject\",\"inLanguage\":\"de\",\"@id\":\"https:\\\/\\\/www.trustedtranslations.com\\\/de\\\/sprache\\\/spanisch#primaryimage\",\"url\":\"\",\"contentUrl\":\"\"},{\"@type\":\"BreadcrumbList\",\"@id\":\"https:\\\/\\\/www.trustedtranslations.com\\\/de\\\/sprache\\\/spanisch#breadcrumb\",\"itemListElement\":[{\"@type\":\"ListItem\",\"position\":1,\"name\":\"Home\",\"item\":\"https:\\\/\\\/www.trustedtranslations.com\\\/de\"},{\"@type\":\"ListItem\",\"position\":2,\"name\":\"Sprachen\",\"item\":\"https:\\\/\\\/www.trustedtranslations.com\\\/de\\\/sprache\"},{\"@type\":\"ListItem\",\"position\":3,\"name\":\"Spanisch\"}]},{\"@type\":\"WebSite\",\"@id\":\"https:\\\/\\\/www.trustedtranslations.com\\\/de\\\/#website\",\"url\":\"https:\\\/\\\/www.trustedtranslations.com\\\/de\\\/\",\"name\":\"Trusted Translations, Inc.\",\"description\":\"Leader in translation and interpretation services.\",\"publisher\":{\"@id\":\"https:\\\/\\\/www.trustedtranslations.com\\\/de\\\/#organization\"},\"alternateName\":\"Trusted Translations\",\"potentialAction\":[{\"@type\":\"SearchAction\",\"target\":{\"@type\":\"EntryPoint\",\"urlTemplate\":\"https:\\\/\\\/www.trustedtranslations.com\\\/de\\\/?s={search_term_string}\"},\"query-input\":{\"@type\":\"PropertyValueSpecification\",\"valueRequired\":true,\"valueName\":\"search_term_string\"}}],\"inLanguage\":\"de\"},{\"@type\":\"Organization\",\"@id\":\"https:\\\/\\\/www.trustedtranslations.com\\\/de\\\/#organization\",\"name\":\"Trusted Translations\",\"alternateName\":\"Trusted Translations, Inc.\",\"url\":\"https:\\\/\\\/www.trustedtranslations.com\\\/de\\\/\",\"logo\":{\"@type\":\"ImageObject\",\"inLanguage\":\"de\",\"@id\":\"https:\\\/\\\/www.trustedtranslations.com\\\/de\\\/#\\\/schema\\\/logo\\\/image\\\/\",\"url\":\"https:\\\/\\\/static.trustedtranslations.com\\\/wp-content\\\/uploads\\\/2022\\\/01\\\/TT_logo_WSIColors-2.png\",\"contentUrl\":\"https:\\\/\\\/static.trustedtranslations.com\\\/wp-content\\\/uploads\\\/2022\\\/01\\\/TT_logo_WSIColors-2.png\",\"width\":500,\"height\":196,\"caption\":\"Trusted Translations\"},\"image\":{\"@id\":\"https:\\\/\\\/www.trustedtranslations.com\\\/de\\\/#\\\/schema\\\/logo\\\/image\\\/\"},\"sameAs\":[\"https:\\\/\\\/www.facebook.com\\\/Trusted.Translations\",\"https:\\\/\\\/x.com\\\/TrustedT9ns\",\"https:\\\/\\\/www.linkedin.com\\\/company\\\/trusted-translations\"]}]}<\/script>\n<!-- \/ Yoast SEO plugin. -->","yoast_head_json":{"title":"\u00dcbersetzungsdienstleistungen f\u00fcr die spanische Sprache - Trusted Translations, Inc.","description":"Entdecken Sie bei Trusted Translations fachkundige Spanisch\u00fcbersetzungen durch Muttersprachler. Sorgen Sie f\u00fcr eine klare, auf Ihre Bed\u00fcrfnisse abgestimmte Kommunikation. Fordern Sie jetzt ein kostenloses Angebot an.","robots":{"index":"index","follow":"follow","max-snippet":"max-snippet:-1","max-image-preview":"max-image-preview:large","max-video-preview":"max-video-preview:-1"},"canonical":"https:\/\/www.trustedtranslations.com\/de\/sprache\/spanisch","og_locale":"de_DE","og_type":"article","og_title":"\u00dcbersetzungsdienstleistungen f\u00fcr die spanische Sprache - Trusted Translations, Inc.","og_description":"Entdecken Sie bei Trusted Translations fachkundige Spanisch\u00fcbersetzungen durch Muttersprachler. Sorgen Sie f\u00fcr eine klare, auf Ihre Bed\u00fcrfnisse abgestimmte Kommunikation. Fordern Sie jetzt ein kostenloses Angebot an.","og_url":"https:\/\/www.trustedtranslations.com\/de\/sprache\/spanisch","og_site_name":"Trusted Translations, Inc.","article_publisher":"https:\/\/www.facebook.com\/Trusted.Translations","article_modified_time":"2024-09-06T16:19:19+00:00","og_image":[{"width":216,"height":94,"url":"https:\/\/www.trustedtranslations.com\/wp-content\/uploads\/2022\/06\/tt-logo-2-1.webp","type":"image\/webp"}],"twitter_card":"summary_large_image","twitter_site":"@TrustedT9ns","schema":{"@context":"https:\/\/schema.org","@graph":[{"@type":"WebPage","@id":"https:\/\/www.trustedtranslations.com\/de\/sprache\/spanisch","url":"https:\/\/www.trustedtranslations.com\/de\/sprache\/spanisch","name":"\u00dcbersetzungsdienstleistungen f\u00fcr die spanische Sprache - Trusted Translations, Inc.","isPartOf":{"@id":"https:\/\/www.trustedtranslations.com\/de\/#website"},"primaryImageOfPage":{"@id":"https:\/\/www.trustedtranslations.com\/de\/sprache\/spanisch#primaryimage"},"image":{"@id":"https:\/\/www.trustedtranslations.com\/de\/sprache\/spanisch#primaryimage"},"thumbnailUrl":"","description":"Entdecken Sie bei Trusted Translations fachkundige Spanisch\u00fcbersetzungen durch Muttersprachler. Sorgen Sie f\u00fcr eine klare, auf Ihre Bed\u00fcrfnisse abgestimmte Kommunikation. Fordern Sie jetzt ein kostenloses Angebot an.","breadcrumb":{"@id":"https:\/\/www.trustedtranslations.com\/de\/sprache\/spanisch#breadcrumb"},"inLanguage":"de","potentialAction":[{"@type":"ReadAction","target":["https:\/\/www.trustedtranslations.com\/de\/sprache\/spanisch"]}]},{"@type":"ImageObject","inLanguage":"de","@id":"https:\/\/www.trustedtranslations.com\/de\/sprache\/spanisch#primaryimage","url":"","contentUrl":""},{"@type":"BreadcrumbList","@id":"https:\/\/www.trustedtranslations.com\/de\/sprache\/spanisch#breadcrumb","itemListElement":[{"@type":"ListItem","position":1,"name":"Home","item":"https:\/\/www.trustedtranslations.com\/de"},{"@type":"ListItem","position":2,"name":"Sprachen","item":"https:\/\/www.trustedtranslations.com\/de\/sprache"},{"@type":"ListItem","position":3,"name":"Spanisch"}]},{"@type":"WebSite","@id":"https:\/\/www.trustedtranslations.com\/de\/#website","url":"https:\/\/www.trustedtranslations.com\/de\/","name":"Trusted Translations, Inc.","description":"Leader in translation and interpretation services.","publisher":{"@id":"https:\/\/www.trustedtranslations.com\/de\/#organization"},"alternateName":"Trusted Translations","potentialAction":[{"@type":"SearchAction","target":{"@type":"EntryPoint","urlTemplate":"https:\/\/www.trustedtranslations.com\/de\/?s={search_term_string}"},"query-input":{"@type":"PropertyValueSpecification","valueRequired":true,"valueName":"search_term_string"}}],"inLanguage":"de"},{"@type":"Organization","@id":"https:\/\/www.trustedtranslations.com\/de\/#organization","name":"Trusted Translations","alternateName":"Trusted Translations, Inc.","url":"https:\/\/www.trustedtranslations.com\/de\/","logo":{"@type":"ImageObject","inLanguage":"de","@id":"https:\/\/www.trustedtranslations.com\/de\/#\/schema\/logo\/image\/","url":"https:\/\/static.trustedtranslations.com\/wp-content\/uploads\/2022\/01\/TT_logo_WSIColors-2.png","contentUrl":"https:\/\/static.trustedtranslations.com\/wp-content\/uploads\/2022\/01\/TT_logo_WSIColors-2.png","width":500,"height":196,"caption":"Trusted Translations"},"image":{"@id":"https:\/\/www.trustedtranslations.com\/de\/#\/schema\/logo\/image\/"},"sameAs":["https:\/\/www.facebook.com\/Trusted.Translations","https:\/\/x.com\/TrustedT9ns","https:\/\/www.linkedin.com\/company\/trusted-translations"]}]}},"toolset-meta":{"dyk":{"mensaje-1":{"type":"textfield","raw":"Wir bieten Fortune-500-Unternehmen \u00dcbersetzungen ins Spanische zu Preisen an, die 25 bis 50 % unter dem Marktpreis liegen."},"mensaje-2":{"type":"textfield","raw":""},"mensaje-3":{"type":"textfield","raw":"<em>Trusted Translations<\/em> ist das kosteng\u00fcnstigste \u00dcbersetzungsunternehmen f\u00fcr \u00dcbersetzungen in die und aus der spanischen Sprache mit Sitz in den Vereinigten Staaten."},"mensaje-4":{"type":"textfield","raw":""},"mensaje-5":{"type":"textfield","raw":""},"mensaje-6":{"type":"textfield","raw":""}},"single-page-template-fields":{"imgs-temp":{"type":"image","raw":["https:\/\/static.trustedtranslations.com\/wp-content\/uploads\/2024\/06\/spanish-final-2-1.webp","https:\/\/static.trustedtranslations.com\/wp-content\/uploads\/2024\/06\/spanish-final-4-1.webp","https:\/\/static.trustedtranslations.com\/wp-content\/uploads\/2024\/06\/spanish-final-6-1.webp","https:\/\/static.trustedtranslations.com\/wp-content\/uploads\/2024\/06\/spanish-final-8-1.webp"],"repeatable":[{"raw":"https:\/\/static.trustedtranslations.com\/wp-content\/uploads\/2024\/06\/spanish-final-2-1.webp"},{"raw":"https:\/\/static.trustedtranslations.com\/wp-content\/uploads\/2024\/06\/spanish-final-4-1.webp"},{"raw":"https:\/\/static.trustedtranslations.com\/wp-content\/uploads\/2024\/06\/spanish-final-6-1.webp"},{"raw":"https:\/\/static.trustedtranslations.com\/wp-content\/uploads\/2024\/06\/spanish-final-8-1.webp"}]},"imgs-temp-cel":{"type":"image","raw":[""],"repeatable":[{"raw":""}]},"img-temp-one-cel":{"type":"image","raw":"https:\/\/static.trustedtranslations.com\/wp-content\/uploads\/2024\/06\/spanish-final-1-1.webp","attachment_id":null},"quotes":{"type":"textarea","raw":"<h1 style=\"margin-bottom: 12px;\">\u00dcbersetzung in die und aus der spanischen Sprache<\/h1>Trusted Translations ist ein international anerkannter Experte f\u00fcr spanische \u00dcbersetzungsdienstleistungen. Mit \u00fcber 10.000 zufriedenen Kunden auf der ganzen Welt bietet kein anderes Unternehmen ein so umfassendes Fachwissen im Bereich der spanischen \u00dcbersetzung und Sprache wie wir.<div style=\"margin-top: 2.5vw;\"><a class=\"tt-btn-main-cta\" href=\"\/de\/angebot\">KOSTENLOSEN KOSTENVORANSCHLAG ANFORDERN<\/a><\/div>"},"text-1":{"type":"textarea","raw":"<h2 style=\"margin-bottom:20px\">Spanische Sprachkompetenz <\/h2>\r\nSpanisch ist die am zweith\u00e4ufigsten gesprochene Sprache in den Vereinigten Staaten, daher ist sie bei \u00dcbersetzungsprojekten in vielen Bereichen weit verbreitet. Als Ergebnis jahrelanger Erfahrung mit \u00dcbersetzungen in und aus dem Spanischen verf\u00fcgen wir \u00fcber eines der umfangreichsten Teams spanischer Linguisten weltweit, das fast alle bekannten Fachgebiete abdeckt. Einige unserer Fachgebiete f\u00fcr spanische \u00dcbersetzungen sind: Werbung, Luft- und Raumfahrt, Automobil, Wirtschaft, Chemie, Vertr\u00e4ge, Verteidigung, e-Learning, Bildung, Unterhaltung, Energie, Finanzen, Regierung, Einwanderung, Globalisierung, Recht, Rechtsstreitigkeiten, Lokalisierung, Herstellung, Marketing, Medien, Medizin, Patente, Religion, Einzelhandel, Software, Technik, Telekommunikation, Benutzerhandb\u00fccher und Websites.\r\n<div class=\"imgs-flex-template\">\r\n    <div>\r\n        <h2 style=\"margin-bottom: 20px;\">Englisch \u2013 Spanisch \u00dcbersetzungsdienstleistung<\/h2>\r\n        <p>Die \u00dcbersetzung ins Spanische ist eines unserer wichtigsten Dienstleistungsangebote und es besteht ein wachsender Bedarf, um die Anforderungen der hispanischen und lateinamerikanischen Bev\u00f6lkerung in den USA zu erf\u00fcllen. Von beh\u00f6rdlichen Dokumenten bis hin zu Mobiltelefonantr\u00e4gen passen wir unsere Dienstleistungen an Ihre spezifischen Bed\u00fcrfnisse an. Wir liefern Englisch-Spanisch-\u00dcbersetzungen f\u00fcr einige der weltweit f\u00fchrenden Unternehmen und Organisationen, darunter Coca-Cola, IBM, die Vereinten Nationen, die NASA und Hunderte weitere. Wir sind insofern einzigartig, als wir in alle Varianten und \u201eGeschmacksrichtungen\u201c des Spanischen \u00fcbersetzen k\u00f6nnen, wie z. B. US-Spanisch, kolumbianisches, mexikanisches, argentinisches, venezolanisches, chilenisches, kubanisches und spanisches Spanisch, um nur einige zu nennen.<\/p>\r\n    <\/div>\r\n    <img src=\"https:\/\/static.trustedtranslations.com\/wp-content\/uploads\/elementor\/thumbs\/spanish-qoxmawk9t1lqpt1cv6m9e8z9oeh6j0ven5253d4n1c.jpg\">\r\n<\/div>"},"shortcode-map":{"type":"textfield","raw":""},"dyk-shortcode":{"type":"textfield","raw":"[elementor-template id=\"146647\"]"},"text-2":{"type":"textarea","raw":"<div class=\"imgs-flex-template flex-text-2\" style=\"margin-top: 10px\">\r\n    <img src=\"https:\/\/static.trustedtranslations.com\/wp-content\/uploads\/2022\/03\/spanish1-1024x683.jpg\">\r\n    <div class=\"p-img-width\">\r\n        <h2 style=\"margin-bottom: 20px;\">Spanisches \u00dcbersetzungsunternehmen<\/h2>\r\n        <p>Als f\u00fchrendes spanisches \u00dcbersetzungsunternehmen mit Sitz in den USA haben wir uns zum Ziel gesetzt, Sie bei der Erreichung Ihrer Ziele auf lokalen, nationalen und internationalen M\u00e4rkten zu unterst\u00fctzen, indem wir Ihnen Englisch-Spanisch-\u00dcbersetzungen von h\u00f6chster Qualit\u00e4t f\u00fcr Ihren gesamten kommunikativen Bedarf liefern.\r\n\r\n            Unsere Experten wurden alle aufgrund ihrer Spanischkenntnisse sowie aufgrund ihrer Kompetenz in bestimmten Bereichen ausgew\u00e4hlt.\r\n            \r\n            Unsere Dienstleistungen umfassen die \u00dcbersetzung aller Arten von Dokumenten in die spanische Sprache, f\u00fcr alle Formate und Mengen. Wir bieten auch eine breite Palette von Mehrwertdiensten, die auf Ihre speziellen Bed\u00fcrfnisse zugeschnitten sind, wie z. B. spanische Postproduktionsdienstleistungen und spanische Desktop-Publishing-Dienstleistungen.<\/p>\r\n    <\/div>\r\n<\/div>\r\n\r\n<h2 style=\"margin-bottom:20px; text-align: center;\">Spanische Sprachdienstleistungen<\/h2>\r\n<p style=\"text-align: center;\">Nachfolgend finden Sie professionelle spanische Sprachdienstleistungen, die wir regelm\u00e4\u00dfig anbieten:<\/p>\r\n\r\n<div class=\"elearning-container\">\r\n    <div>\r\n        <i class=\"fa fa-universal-access\" aria-hidden=\"true\"><\/i>\r\n        <h4 style=\"text-align: center\">Zug\u00e4nglichkeitsnormen<\/h4>\r\n    <\/div>\r\n    <div>\r\n        <i class=\"fa fa-mobile\" aria-hidden=\"true\"><\/i>\r\n        <h4 style=\"text-align: center\">Lokalisierung von Apps<\/h4>\r\n    <\/div>\r\n    <div>\r\n        <i class=\"fa fa-sign-language\" aria-hidden=\"true\"><\/i>\r\n        <h4 style=\"text-align: center\">ASL \u2013 Zeichensprache<\/h4>\r\n    <\/div>\r\n    <div>\r\n        <i class=\"fa fa-check\" aria-hidden=\"true\"><\/i>\r\n        <h4 style=\"text-align: center\">Beglaubigte \u00dcbersetzung<\/h4>\r\n    <\/div>\r\n    <div>\r\n        <i class=\"fa fa-desktop\" aria-hidden=\"true\"><\/i>\r\n        <h4 style=\"text-align: center\">Desktop-Publishing<\/h4>\r\n    <\/div>\r\n    <div>\r\n        <i class=\"fa fa-pencil-square-o\" aria-hidden=\"true\"><\/i>\r\n        <h4 style=\"text-align: center\">Lektorat und Korrekturlesen<\/h4>\r\n    <\/div>\r\n<\/div>\r\n\r\n<div class=\"elearning-container\">\r\n    <div>\r\n        <i class=\"fa fa-file-pdf-o\" aria-hidden=\"true\"><\/i>\r\n        <h4 style=\"text-align: center\">Dateiformate<\/h4>\r\n    <\/div>\r\n    <div>\r\n        <i class=\"fa fa-globe\" aria-hidden=\"true\"><\/i>\r\n        <h4 style=\"text-align: center\">Globalisierung<\/h4>\r\n    <\/div>\r\n    <div>\r\n        <i class=\"fa fa-users\" aria-hidden=\"true\"><\/i>\r\n        <h4 style=\"text-align: center\">Menschliche \u00dcbersetzung<\/h4>\r\n    <\/div>\r\n    <div>\r\n        <i class=\"fa fa-file-text\" aria-hidden=\"true\"><\/i>\r\n        <h4 style=\"text-align: center\">Dolmetschen<\/h4>\r\n    <\/div>\r\n    <div>\r\n        <i class=\"fa fa-location-arrow\" aria-hidden=\"true\"><\/i>\r\n        <h4 style=\"text-align: center\">Lokalisierung<\/h4>\r\n    <\/div>\r\n    <div>\r\n        <i class=\"fa fa-wrench\" aria-hidden=\"true\"><\/i>\r\n        <h4 style=\"text-align: center\">Maschinen\u00fcbersetzung<\/h4>\r\n    <\/div>\r\n<\/div>\r\n\r\n<div class=\"elearning-container\">\r\n    <div>\r\n        <i class=\"fa fa-file-o\" aria-hidden=\"true\"><\/i>\r\n        <h4 style=\"text-align: center\">Multimedia-Dienstleistungen<\/h4>\r\n    <\/div>\r\n    <div>\r\n        <i class=\"fa fa-bullhorn\" aria-hidden=\"true\"><\/i>\r\n        <h4 style=\"text-align: center\">Online-Marketing<\/h4>\r\n    <\/div>\r\n    <div>\r\n        <i class=\"fa fa-volume-control-phone\" aria-hidden=\"true\"><\/i>\r\n        <h4 style=\"text-align: center\">Dolmetschen \u00fcber das Telefon<\/h4>\r\n    <\/div>\r\n    <div>\r\n        <i class=\"fa fa-user-plus\" aria-hidden=\"true\"><\/i>\r\n        <h4 style=\"text-align: center\">Transkreation<\/h4>\r\n    <\/div>\r\n    <div>\r\n        <i class=\"fa fa-pencil\" aria-hidden=\"true\"><\/i>\r\n        <h4 style=\"text-align: center\">Transkription<\/h4>\r\n    <\/div>\r\n    <div>\r\n        <i class=\"fa fa-check-square-o\" aria-hidden=\"true\"><\/i>\r\n        <h4 style=\"text-align: center\">\u00dcbersetzungsqualit\u00e4t<\/h4>\r\n    <\/div>\r\n<\/div>"},"state":{"type":"textfield","raw":""},"city":{"type":"textarea","raw":[]}}},"_links":{"self":[{"href":"https:\/\/www.trustedtranslations.com\/de\/wp-json\/wp\/v2\/pages\/129478","targetHints":{"allow":["GET"]}}],"collection":[{"href":"https:\/\/www.trustedtranslations.com\/de\/wp-json\/wp\/v2\/pages"}],"about":[{"href":"https:\/\/www.trustedtranslations.com\/de\/wp-json\/wp\/v2\/types\/page"}],"author":[{"embeddable":true,"href":"https:\/\/www.trustedtranslations.com\/de\/wp-json\/wp\/v2\/users\/1"}],"replies":[{"embeddable":true,"href":"https:\/\/www.trustedtranslations.com\/de\/wp-json\/wp\/v2\/comments?post=129478"}],"version-history":[{"count":0,"href":"https:\/\/www.trustedtranslations.com\/de\/wp-json\/wp\/v2\/pages\/129478\/revisions"}],"up":[{"embeddable":true,"href":"https:\/\/www.trustedtranslations.com\/de\/wp-json\/wp\/v2\/pages\/129506"}],"wp:featuredmedia":[{"embeddable":true,"href":"https:\/\/www.trustedtranslations.com\/de\/wp-json\/"}],"wp:attachment":[{"href":"https:\/\/www.trustedtranslations.com\/de\/wp-json\/wp\/v2\/media?parent=129478"}],"curies":[{"name":"wp","href":"https:\/\/api.w.org\/{rel}","templated":true}]}}