{"id":129482,"date":"2018-10-26T10:51:59","date_gmt":"2018-10-26T10:51:59","guid":{"rendered":"https:\/\/www.trustedtranslations.com\/?page_id=129482"},"modified":"2024-09-02T17:12:44","modified_gmt":"2024-09-02T20:12:44","slug":"portugiesisch","status":"publish","type":"page","link":"https:\/\/www.trustedtranslations.com\/de\/sprache\/portugiesisch","title":{"rendered":"Portugiesisch"},"content":{"rendered":"","protected":false},"excerpt":{"rendered":"","protected":false},"author":1,"featured_media":139628,"parent":129506,"menu_order":0,"comment_status":"closed","ping_status":"closed","template":"","meta":{"site-sidebar-layout":"default","site-content-layout":"default","ast-site-content-layout":"default","site-content-style":"default","site-sidebar-style":"default","ast-global-header-display":"","ast-banner-title-visibility":"","ast-main-header-display":"","ast-hfb-above-header-display":"","ast-hfb-below-header-display":"","ast-hfb-mobile-header-display":"","site-post-title":"disabled","ast-breadcrumbs-content":"","ast-featured-img":"","footer-sml-layout":"","ast-disable-related-posts":"","theme-transparent-header-meta":"default","adv-header-id-meta":"","stick-header-meta":"","header-above-stick-meta":"","header-main-stick-meta":"","header-below-stick-meta":"","astra-migrate-meta-layouts":"set","ast-page-background-enabled":"default","ast-page-background-meta":{"desktop":{"background-color":"var(--ast-global-color-4)","background-image":"","background-repeat":"repeat","background-position":"center center","background-size":"auto","background-attachment":"scroll","background-type":"","background-media":"","overlay-type":"","overlay-color":"","overlay-opacity":"","overlay-gradient":""},"tablet":{"background-color":"","background-image":"","background-repeat":"repeat","background-position":"center center","background-size":"auto","background-attachment":"scroll","background-type":"","background-media":"","overlay-type":"","overlay-color":"","overlay-opacity":"","overlay-gradient":""},"mobile":{"background-color":"","background-image":"","background-repeat":"repeat","background-position":"center center","background-size":"auto","background-attachment":"scroll","background-type":"","background-media":"","overlay-type":"","overlay-color":"","overlay-opacity":"","overlay-gradient":""}},"ast-content-background-meta":{"desktop":{"background-color":"var(--ast-global-color-5)","background-image":"","background-repeat":"repeat","background-position":"center center","background-size":"auto","background-attachment":"scroll","background-type":"","background-media":"","overlay-type":"","overlay-color":"","overlay-opacity":"","overlay-gradient":""},"tablet":{"background-color":"var(--ast-global-color-5)","background-image":"","background-repeat":"repeat","background-position":"center center","background-size":"auto","background-attachment":"scroll","background-type":"","background-media":"","overlay-type":"","overlay-color":"","overlay-opacity":"","overlay-gradient":""},"mobile":{"background-color":"var(--ast-global-color-5)","background-image":"","background-repeat":"repeat","background-position":"center center","background-size":"auto","background-attachment":"scroll","background-type":"","background-media":"","overlay-type":"","overlay-color":"","overlay-opacity":"","overlay-gradient":""}},"footnotes":""},"class_list":["post-129482","page","type-page","status-publish","has-post-thumbnail","hentry"],"yoast_head":"<!-- This site is optimized with the Yoast SEO plugin v27.5 - https:\/\/yoast.com\/product\/yoast-seo-wordpress\/ -->\n<title>\u00dcbersetzungsdienstleistungen f\u00fcr die portugiesische Sprache - Trusted Translations, Inc.<\/title>\n<meta name=\"description\" content=\"Trusted Translations: F\u00fchrend in \u00dcbersetzungsdienstleistungen in die und aus der portugiesischen Sprache durch erfahrene \u00dcbersetzerteams f\u00fcr Portugiesisch. Fordern Sie ein kostenloses Angebot oder eine Beratung an.\" \/>\n<meta name=\"robots\" content=\"index, follow, max-snippet:-1, max-image-preview:large, max-video-preview:-1\" \/>\n<link rel=\"canonical\" href=\"https:\/\/www.trustedtranslations.com\/de\/sprache\/portugiesisch\" \/>\n<meta property=\"og:locale\" content=\"de_DE\" \/>\n<meta property=\"og:type\" content=\"article\" \/>\n<meta property=\"og:title\" content=\"\u00dcbersetzungsdienstleistungen f\u00fcr die portugiesische Sprache - Trusted Translations, Inc.\" \/>\n<meta property=\"og:description\" content=\"Trusted Translations: F\u00fchrend in \u00dcbersetzungsdienstleistungen in die und aus der portugiesischen Sprache durch erfahrene \u00dcbersetzerteams f\u00fcr Portugiesisch. Fordern Sie ein kostenloses Angebot oder eine Beratung an.\" \/>\n<meta property=\"og:url\" content=\"https:\/\/www.trustedtranslations.com\/de\/sprache\/portugiesisch\" \/>\n<meta property=\"og:site_name\" content=\"Trusted Translations, Inc.\" \/>\n<meta property=\"article:publisher\" content=\"https:\/\/www.facebook.com\/Trusted.Translations\" \/>\n<meta property=\"article:modified_time\" content=\"2024-09-02T20:12:44+00:00\" \/>\n<meta property=\"og:image\" content=\"https:\/\/static.trustedtranslations.com\/wp-content\/uploads\/2022\/03\/TT_NEW_FB-1.png\" \/>\n\t<meta property=\"og:image:width\" content=\"1038\" \/>\n\t<meta property=\"og:image:height\" content=\"1038\" \/>\n\t<meta property=\"og:image:type\" content=\"image\/png\" \/>\n<meta name=\"twitter:card\" content=\"summary_large_image\" \/>\n<meta name=\"twitter:site\" content=\"@TrustedT9ns\" \/>\n<script type=\"application\/ld+json\" class=\"yoast-schema-graph\">{\"@context\":\"https:\\\/\\\/schema.org\",\"@graph\":[{\"@type\":\"WebPage\",\"@id\":\"https:\\\/\\\/www.trustedtranslations.com\\\/de\\\/sprache\\\/portugiesisch\",\"url\":\"https:\\\/\\\/www.trustedtranslations.com\\\/de\\\/sprache\\\/portugiesisch\",\"name\":\"\u00dcbersetzungsdienstleistungen f\u00fcr die portugiesische Sprache - Trusted Translations, Inc.\",\"isPartOf\":{\"@id\":\"https:\\\/\\\/www.trustedtranslations.com\\\/de\\\/#website\"},\"primaryImageOfPage\":{\"@id\":\"https:\\\/\\\/www.trustedtranslations.com\\\/de\\\/sprache\\\/portugiesisch#primaryimage\"},\"image\":{\"@id\":\"https:\\\/\\\/www.trustedtranslations.com\\\/de\\\/sprache\\\/portugiesisch#primaryimage\"},\"thumbnailUrl\":\"https:\\\/\\\/www.trustedtranslations.com\\\/wp-content\\\/uploads\\\/2022\\\/03\\\/TT_NEW_FB-1.png\",\"description\":\"Trusted Translations: F\u00fchrend in \u00dcbersetzungsdienstleistungen in die und aus der portugiesischen Sprache durch erfahrene \u00dcbersetzerteams f\u00fcr Portugiesisch. Fordern Sie ein kostenloses Angebot oder eine Beratung an.\",\"breadcrumb\":{\"@id\":\"https:\\\/\\\/www.trustedtranslations.com\\\/de\\\/sprache\\\/portugiesisch#breadcrumb\"},\"inLanguage\":\"de\",\"potentialAction\":[{\"@type\":\"ReadAction\",\"target\":[\"https:\\\/\\\/www.trustedtranslations.com\\\/de\\\/sprache\\\/portugiesisch\"]}]},{\"@type\":\"ImageObject\",\"inLanguage\":\"de\",\"@id\":\"https:\\\/\\\/www.trustedtranslations.com\\\/de\\\/sprache\\\/portugiesisch#primaryimage\",\"url\":\"https:\\\/\\\/www.trustedtranslations.com\\\/wp-content\\\/uploads\\\/2022\\\/03\\\/TT_NEW_FB-1.png\",\"contentUrl\":\"https:\\\/\\\/www.trustedtranslations.com\\\/wp-content\\\/uploads\\\/2022\\\/03\\\/TT_NEW_FB-1.png\",\"width\":1038,\"height\":1038,\"caption\":\"TT NEW FB 1\"},{\"@type\":\"BreadcrumbList\",\"@id\":\"https:\\\/\\\/www.trustedtranslations.com\\\/de\\\/sprache\\\/portugiesisch#breadcrumb\",\"itemListElement\":[{\"@type\":\"ListItem\",\"position\":1,\"name\":\"Home\",\"item\":\"https:\\\/\\\/www.trustedtranslations.com\\\/de\"},{\"@type\":\"ListItem\",\"position\":2,\"name\":\"Sprachen\",\"item\":\"https:\\\/\\\/www.trustedtranslations.com\\\/de\\\/sprache\"},{\"@type\":\"ListItem\",\"position\":3,\"name\":\"Portugiesisch\"}]},{\"@type\":\"WebSite\",\"@id\":\"https:\\\/\\\/www.trustedtranslations.com\\\/de\\\/#website\",\"url\":\"https:\\\/\\\/www.trustedtranslations.com\\\/de\\\/\",\"name\":\"Trusted Translations, Inc.\",\"description\":\"Leader in translation and interpretation services.\",\"publisher\":{\"@id\":\"https:\\\/\\\/www.trustedtranslations.com\\\/de\\\/#organization\"},\"alternateName\":\"Trusted Translations\",\"potentialAction\":[{\"@type\":\"SearchAction\",\"target\":{\"@type\":\"EntryPoint\",\"urlTemplate\":\"https:\\\/\\\/www.trustedtranslations.com\\\/de\\\/?s={search_term_string}\"},\"query-input\":{\"@type\":\"PropertyValueSpecification\",\"valueRequired\":true,\"valueName\":\"search_term_string\"}}],\"inLanguage\":\"de\"},{\"@type\":\"Organization\",\"@id\":\"https:\\\/\\\/www.trustedtranslations.com\\\/de\\\/#organization\",\"name\":\"Trusted Translations\",\"alternateName\":\"Trusted Translations, Inc.\",\"url\":\"https:\\\/\\\/www.trustedtranslations.com\\\/de\\\/\",\"logo\":{\"@type\":\"ImageObject\",\"inLanguage\":\"de\",\"@id\":\"https:\\\/\\\/www.trustedtranslations.com\\\/de\\\/#\\\/schema\\\/logo\\\/image\\\/\",\"url\":\"https:\\\/\\\/static.trustedtranslations.com\\\/wp-content\\\/uploads\\\/2022\\\/01\\\/TT_logo_WSIColors-2.png\",\"contentUrl\":\"https:\\\/\\\/static.trustedtranslations.com\\\/wp-content\\\/uploads\\\/2022\\\/01\\\/TT_logo_WSIColors-2.png\",\"width\":500,\"height\":196,\"caption\":\"Trusted Translations\"},\"image\":{\"@id\":\"https:\\\/\\\/www.trustedtranslations.com\\\/de\\\/#\\\/schema\\\/logo\\\/image\\\/\"},\"sameAs\":[\"https:\\\/\\\/www.facebook.com\\\/Trusted.Translations\",\"https:\\\/\\\/x.com\\\/TrustedT9ns\",\"https:\\\/\\\/www.linkedin.com\\\/company\\\/trusted-translations\"]}]}<\/script>\n<!-- \/ Yoast SEO plugin. -->","yoast_head_json":{"title":"\u00dcbersetzungsdienstleistungen f\u00fcr die portugiesische Sprache - Trusted Translations, Inc.","description":"Trusted Translations: F\u00fchrend in \u00dcbersetzungsdienstleistungen in die und aus der portugiesischen Sprache durch erfahrene \u00dcbersetzerteams f\u00fcr Portugiesisch. Fordern Sie ein kostenloses Angebot oder eine Beratung an.","robots":{"index":"index","follow":"follow","max-snippet":"max-snippet:-1","max-image-preview":"max-image-preview:large","max-video-preview":"max-video-preview:-1"},"canonical":"https:\/\/www.trustedtranslations.com\/de\/sprache\/portugiesisch","og_locale":"de_DE","og_type":"article","og_title":"\u00dcbersetzungsdienstleistungen f\u00fcr die portugiesische Sprache - Trusted Translations, Inc.","og_description":"Trusted Translations: F\u00fchrend in \u00dcbersetzungsdienstleistungen in die und aus der portugiesischen Sprache durch erfahrene \u00dcbersetzerteams f\u00fcr Portugiesisch. Fordern Sie ein kostenloses Angebot oder eine Beratung an.","og_url":"https:\/\/www.trustedtranslations.com\/de\/sprache\/portugiesisch","og_site_name":"Trusted Translations, Inc.","article_publisher":"https:\/\/www.facebook.com\/Trusted.Translations","article_modified_time":"2024-09-02T20:12:44+00:00","og_image":[{"width":1038,"height":1038,"url":"https:\/\/static.trustedtranslations.com\/wp-content\/uploads\/2022\/03\/TT_NEW_FB-1.png","type":"image\/png"}],"twitter_card":"summary_large_image","twitter_site":"@TrustedT9ns","schema":{"@context":"https:\/\/schema.org","@graph":[{"@type":"WebPage","@id":"https:\/\/www.trustedtranslations.com\/de\/sprache\/portugiesisch","url":"https:\/\/www.trustedtranslations.com\/de\/sprache\/portugiesisch","name":"\u00dcbersetzungsdienstleistungen f\u00fcr die portugiesische Sprache - Trusted Translations, Inc.","isPartOf":{"@id":"https:\/\/www.trustedtranslations.com\/de\/#website"},"primaryImageOfPage":{"@id":"https:\/\/www.trustedtranslations.com\/de\/sprache\/portugiesisch#primaryimage"},"image":{"@id":"https:\/\/www.trustedtranslations.com\/de\/sprache\/portugiesisch#primaryimage"},"thumbnailUrl":"https:\/\/www.trustedtranslations.com\/wp-content\/uploads\/2022\/03\/TT_NEW_FB-1.png","description":"Trusted Translations: F\u00fchrend in \u00dcbersetzungsdienstleistungen in die und aus der portugiesischen Sprache durch erfahrene \u00dcbersetzerteams f\u00fcr Portugiesisch. Fordern Sie ein kostenloses Angebot oder eine Beratung an.","breadcrumb":{"@id":"https:\/\/www.trustedtranslations.com\/de\/sprache\/portugiesisch#breadcrumb"},"inLanguage":"de","potentialAction":[{"@type":"ReadAction","target":["https:\/\/www.trustedtranslations.com\/de\/sprache\/portugiesisch"]}]},{"@type":"ImageObject","inLanguage":"de","@id":"https:\/\/www.trustedtranslations.com\/de\/sprache\/portugiesisch#primaryimage","url":"https:\/\/www.trustedtranslations.com\/wp-content\/uploads\/2022\/03\/TT_NEW_FB-1.png","contentUrl":"https:\/\/www.trustedtranslations.com\/wp-content\/uploads\/2022\/03\/TT_NEW_FB-1.png","width":1038,"height":1038,"caption":"TT NEW FB 1"},{"@type":"BreadcrumbList","@id":"https:\/\/www.trustedtranslations.com\/de\/sprache\/portugiesisch#breadcrumb","itemListElement":[{"@type":"ListItem","position":1,"name":"Home","item":"https:\/\/www.trustedtranslations.com\/de"},{"@type":"ListItem","position":2,"name":"Sprachen","item":"https:\/\/www.trustedtranslations.com\/de\/sprache"},{"@type":"ListItem","position":3,"name":"Portugiesisch"}]},{"@type":"WebSite","@id":"https:\/\/www.trustedtranslations.com\/de\/#website","url":"https:\/\/www.trustedtranslations.com\/de\/","name":"Trusted Translations, Inc.","description":"Leader in translation and interpretation services.","publisher":{"@id":"https:\/\/www.trustedtranslations.com\/de\/#organization"},"alternateName":"Trusted Translations","potentialAction":[{"@type":"SearchAction","target":{"@type":"EntryPoint","urlTemplate":"https:\/\/www.trustedtranslations.com\/de\/?s={search_term_string}"},"query-input":{"@type":"PropertyValueSpecification","valueRequired":true,"valueName":"search_term_string"}}],"inLanguage":"de"},{"@type":"Organization","@id":"https:\/\/www.trustedtranslations.com\/de\/#organization","name":"Trusted Translations","alternateName":"Trusted Translations, Inc.","url":"https:\/\/www.trustedtranslations.com\/de\/","logo":{"@type":"ImageObject","inLanguage":"de","@id":"https:\/\/www.trustedtranslations.com\/de\/#\/schema\/logo\/image\/","url":"https:\/\/static.trustedtranslations.com\/wp-content\/uploads\/2022\/01\/TT_logo_WSIColors-2.png","contentUrl":"https:\/\/static.trustedtranslations.com\/wp-content\/uploads\/2022\/01\/TT_logo_WSIColors-2.png","width":500,"height":196,"caption":"Trusted Translations"},"image":{"@id":"https:\/\/www.trustedtranslations.com\/de\/#\/schema\/logo\/image\/"},"sameAs":["https:\/\/www.facebook.com\/Trusted.Translations","https:\/\/x.com\/TrustedT9ns","https:\/\/www.linkedin.com\/company\/trusted-translations"]}]}},"toolset-meta":{"dyk":{"mensaje-1":{"type":"textfield","raw":"Wir bieten \u00dcbersetzungen in die und aus der portugiesischen Sprache f\u00fcr Fortune-500-Unternehmen zu Preisen von 25 - 50% unter dem Marktpreis an."},"mensaje-2":{"type":"textfield","raw":"F\u00fchrende Unternehmen mit Sitz in Brasilien verlassen sich f\u00fcr ihre linguistischen Bed\u00fcrfnisse auf Trusted Translations."},"mensaje-3":{"type":"textfield","raw":""},"mensaje-4":{"type":"textfield","raw":"Wir sind spezialisiert auf \u00dcbersetzungen sowohl in die und aus der brasilianisch-portugiesischen, als auch in die und aus der europ\u00e4isch-portugiesischen Sprache, zu wettbewerbsf\u00e4higen Preisen."},"mensaje-5":{"type":"textfield","raw":""},"mensaje-6":{"type":"textfield","raw":""}},"single-page-template-fields":{"imgs-temp":{"type":"image","raw":["https:\/\/static.trustedtranslations.com\/wp-content\/uploads\/2024\/06\/portuguese-final-1.webp"],"repeatable":[{"raw":"https:\/\/static.trustedtranslations.com\/wp-content\/uploads\/2024\/06\/portuguese-final-1.webp"}]},"imgs-temp-cel":{"type":"image","raw":[""],"repeatable":[{"raw":""}]},"img-temp-one-cel":{"type":"image","raw":"https:\/\/static.trustedtranslations.com\/wp-content\/uploads\/2024\/06\/AdobeStock_193946495-1-1.webp","attachment_id":null},"quotes":{"type":"textarea","raw":"<h1 style=\"margin-bottom: 12px;\">\u00dcbersetzungsdienstleistungen in die und aus der portugiesischen Sprache<\/h1>\r\nMit rund 274 Millionen Sprechern weltweit ist Portugiesisch die am weitesten verbreitete Sprache in S\u00fcdamerika und wird von der UNESCO als internationale Sprache mit dem h\u00f6chsten Wachstumspotenzial bewertet. Aufgrund ihrer weitreichenden weltweiten Beliebtheit sind portugiesische \u00dcbersetzungen eine zukunftsorientierte Investition f\u00fcr jedes Unternehmen. <em>Trusted Translations<\/em> verf\u00fcgt \u00fcber ausgewiesene Expertise in brasilianischem Portugiesisch, europ\u00e4ischem Portugiesisch, afrikanischem Portugiesisch und asiatischem Portugiesisch.\r\n<div style=\"margin-top: 2.5vw;\"><a class=\"tt-btn-main-cta\" href=\"https:\/\/www.trustedtranslations.com\/de\/angebot\">Kostenlosen Kostenvoranschlag anfordern<\/a><\/div>"},"text-1":{"type":"textarea","raw":"<h2>Hochwertige, professionelle Portugiesisch-\u00dcbersetzungen<\/h2>\r\nWir bieten professionelle \u00dcbersetzungsl\u00f6sungen f\u00fcr einige der weltweit f\u00fchrenden Unternehmen und Organisationen.\u00a0<em>Trusted Translations<\/em> ist sehr stolz darauf, seinen Kunden hochwertige professionelle \u00dcbersetzungen f\u00fcr brasilianisches, europ\u00e4isches, afrikanisches und asiatisches Portugiesisch zu den wettbewerbsf\u00e4higsten Preisen auf dem Markt anzubieten.\r\n\r\nWir sind in einer einzigartigen Position, um jeder Art von professionellem \u00dcbersetzungsprojekt in die und aus der portugiesischen Sprache, das Sie haben, gerecht zu werden. Von kleinen Start-ups bis hin zu gro\u00dfen multinationalen Konzernen bringt <em>Trusted Translations<\/em> umfassende Erfahrung mit professionellen \u00dcbersetzungen in die und aus der portugiesischen Sprache in Ihr Unternehmen ein.\r\n<h2>\u00dcbersetzung in die und aus der portugiesischen Sprache<\/h2>\r\nDie Qualit\u00e4t Ihrer \u00dcbersetzungen in das und aus dem Portugiesischen spiegelt Sie und Ihr Unternehmen direkt wider. Als f\u00fchrender Anbieter von professionellen \u00dcbersetzungen in die und aus der portugiesischen Sprache werden wir uns auf das konzentrieren, was wir am besten k\u00f6nnen, damit Sie das tun k\u00f6nnen, was Sie am besten k\u00f6nnen.\r\n\r\nUnabh\u00e4ngig von der Art des Inhalts Ihrer \u00dcbersetzungen in die und aus der portugiesischen Sprache verf\u00fcgen wir \u00fcber Teams aus professionellen \u00dcbersetzern, die auf verschiedene Fachgebiete spezialisiert sind. Dazu geh\u00f6ren Fachkenntnisse in den folgenden Bereichen: Finanzwesen, IT, Vertrieb, Marketing, Medien, Recht, Reisen, Software, Verbraucherkommunikation, Wirtschaft, Telekommunikation, Unternehmen, Technik, PR, Medizin und Gesundheitsdienste, Beh\u00f6rden, Versicherungen und Literatur.\r\n\r\nW\u00e4hrend wir auf \u00dcbersetzungen von Englisch in Portugiesisch und von Spanisch in Portugiesisch spezialisiert sind, \u00fcbersetzen wir h\u00e4ufig portugiesische Dokumente von und in Franz\u00f6sisch, Deutsch, Italienisch, Koreanisch, Chinesisch und Japanisch mit erfahrenen, muttersprachlichen, branchenspezifischen \u00dcbersetzern f\u00fcr die portugiesische Sprache.\r\n\r\nWir haben Teams von professionellen \u00dcbersetzern mit unterschiedlichen F\u00e4higkeiten und Spezialisierungen zusammengestellt, die mit brasilianischen, europ\u00e4ischen, afrikanischen und asiatischen Portugiesisch-Varianten arbeiten. Wir passen das Wissen und die St\u00e4rken unserer \u00dcbersetzerteams f\u00fcr die portugiesische Sprache individuell an Ihr spezifisches Projekt und Ihre spezifischen Bed\u00fcrfnisse f\u00fcr den portugiesisch sprechenden Markt an."},"shortcode-map":{"type":"textfield","raw":""},"dyk-shortcode":{"type":"textfield","raw":"[elementor-template id=\"146647\"]"},"text-2":{"type":"textarea","raw":"<h2>Expertenteams f\u00fcr \u00dcbersetzungen in die und aus der portugiesischen Sprache<\/h2>\r\nDie Leistung unserer professionellen \u00dcbersetzungsteams f\u00fcr die portugiesische Sprache umfasst das Lektorat und das Korrekturlesen durch unabh\u00e4ngige Experten ohne zus\u00e4tzliche Kosten. Unsere Expertenteams bieten auch portugiesisches Lektorat und Korrekturlesen f\u00fcr \u00dcbersetzungen an, die von anderen Anbietern angefertigt wurden."},"state":{"type":"textfield","raw":""},"city":{"type":"textarea","raw":[]}}},"_links":{"self":[{"href":"https:\/\/www.trustedtranslations.com\/de\/wp-json\/wp\/v2\/pages\/129482","targetHints":{"allow":["GET"]}}],"collection":[{"href":"https:\/\/www.trustedtranslations.com\/de\/wp-json\/wp\/v2\/pages"}],"about":[{"href":"https:\/\/www.trustedtranslations.com\/de\/wp-json\/wp\/v2\/types\/page"}],"author":[{"embeddable":true,"href":"https:\/\/www.trustedtranslations.com\/de\/wp-json\/wp\/v2\/users\/1"}],"replies":[{"embeddable":true,"href":"https:\/\/www.trustedtranslations.com\/de\/wp-json\/wp\/v2\/comments?post=129482"}],"version-history":[{"count":0,"href":"https:\/\/www.trustedtranslations.com\/de\/wp-json\/wp\/v2\/pages\/129482\/revisions"}],"up":[{"embeddable":true,"href":"https:\/\/www.trustedtranslations.com\/de\/wp-json\/wp\/v2\/pages\/129506"}],"wp:featuredmedia":[{"embeddable":true,"href":"https:\/\/www.trustedtranslations.com\/de\/wp-json\/wp\/v2\/media\/139628"}],"wp:attachment":[{"href":"https:\/\/www.trustedtranslations.com\/de\/wp-json\/wp\/v2\/media?parent=129482"}],"curies":[{"name":"wp","href":"https:\/\/api.w.org\/{rel}","templated":true}]}}