{"id":129490,"date":"2018-10-25T18:18:36","date_gmt":"2018-10-25T18:18:36","guid":{"rendered":"https:\/\/www.trustedtranslations.com\/?page_id=129490"},"modified":"2024-09-02T17:10:38","modified_gmt":"2024-09-02T20:10:38","slug":"franzoesisch","status":"publish","type":"page","link":"https:\/\/www.trustedtranslations.com\/de\/sprache\/franzoesisch","title":{"rendered":"Franz\u00f6sisch"},"content":{"rendered":"","protected":false},"excerpt":{"rendered":"","protected":false},"author":1,"featured_media":139628,"parent":129506,"menu_order":0,"comment_status":"closed","ping_status":"closed","template":"","meta":{"site-sidebar-layout":"default","site-content-layout":"default","ast-site-content-layout":"default","site-content-style":"default","site-sidebar-style":"default","ast-global-header-display":"","ast-banner-title-visibility":"","ast-main-header-display":"","ast-hfb-above-header-display":"","ast-hfb-below-header-display":"","ast-hfb-mobile-header-display":"","site-post-title":"disabled","ast-breadcrumbs-content":"","ast-featured-img":"","footer-sml-layout":"","ast-disable-related-posts":"","theme-transparent-header-meta":"default","adv-header-id-meta":"","stick-header-meta":"","header-above-stick-meta":"","header-main-stick-meta":"","header-below-stick-meta":"","astra-migrate-meta-layouts":"set","ast-page-background-enabled":"default","ast-page-background-meta":{"desktop":{"background-color":"var(--ast-global-color-4)","background-image":"","background-repeat":"repeat","background-position":"center center","background-size":"auto","background-attachment":"scroll","background-type":"","background-media":"","overlay-type":"","overlay-color":"","overlay-opacity":"","overlay-gradient":""},"tablet":{"background-color":"","background-image":"","background-repeat":"repeat","background-position":"center center","background-size":"auto","background-attachment":"scroll","background-type":"","background-media":"","overlay-type":"","overlay-color":"","overlay-opacity":"","overlay-gradient":""},"mobile":{"background-color":"","background-image":"","background-repeat":"repeat","background-position":"center center","background-size":"auto","background-attachment":"scroll","background-type":"","background-media":"","overlay-type":"","overlay-color":"","overlay-opacity":"","overlay-gradient":""}},"ast-content-background-meta":{"desktop":{"background-color":"var(--ast-global-color-5)","background-image":"","background-repeat":"repeat","background-position":"center center","background-size":"auto","background-attachment":"scroll","background-type":"","background-media":"","overlay-type":"","overlay-color":"","overlay-opacity":"","overlay-gradient":""},"tablet":{"background-color":"var(--ast-global-color-5)","background-image":"","background-repeat":"repeat","background-position":"center center","background-size":"auto","background-attachment":"scroll","background-type":"","background-media":"","overlay-type":"","overlay-color":"","overlay-opacity":"","overlay-gradient":""},"mobile":{"background-color":"var(--ast-global-color-5)","background-image":"","background-repeat":"repeat","background-position":"center center","background-size":"auto","background-attachment":"scroll","background-type":"","background-media":"","overlay-type":"","overlay-color":"","overlay-opacity":"","overlay-gradient":""}},"footnotes":""},"class_list":["post-129490","page","type-page","status-publish","has-post-thumbnail","hentry"],"yoast_head":"<!-- This site is optimized with the Yoast SEO plugin v27.3 - https:\/\/yoast.com\/product\/yoast-seo-wordpress\/ -->\n<title>\u00dcbersetzungsdienstleistungen f\u00fcr die franz\u00f6sische Sprache - Trusted Translations, Inc.<\/title>\n<meta name=\"description\" content=\"Trusted Translations: F\u00fchrend in \u00dcbersetzungsdienstleistungen in die und aus der franz\u00f6sischen Sprache durch erfahrene \u00dcbersetzerteams f\u00fcr Franz\u00f6sisch. Fordern Sie ein kostenloses Angebot oder eine Beratung an.\" \/>\n<meta name=\"robots\" content=\"index, follow, max-snippet:-1, max-image-preview:large, max-video-preview:-1\" \/>\n<link rel=\"canonical\" href=\"https:\/\/www.trustedtranslations.com\/de\/sprache\/franzoesisch\" \/>\n<meta property=\"og:locale\" content=\"de_DE\" \/>\n<meta property=\"og:type\" content=\"article\" \/>\n<meta property=\"og:title\" content=\"\u00dcbersetzungsdienstleistungen f\u00fcr die franz\u00f6sische Sprache - Trusted Translations, Inc.\" \/>\n<meta property=\"og:description\" content=\"Trusted Translations: F\u00fchrend in \u00dcbersetzungsdienstleistungen in die und aus der franz\u00f6sischen Sprache durch erfahrene \u00dcbersetzerteams f\u00fcr Franz\u00f6sisch. Fordern Sie ein kostenloses Angebot oder eine Beratung an.\" \/>\n<meta property=\"og:url\" content=\"https:\/\/www.trustedtranslations.com\/de\/sprache\/franzoesisch\" \/>\n<meta property=\"og:site_name\" content=\"Trusted Translations, Inc.\" \/>\n<meta property=\"article:publisher\" content=\"https:\/\/www.facebook.com\/Trusted.Translations\" \/>\n<meta property=\"article:modified_time\" content=\"2024-09-02T20:10:38+00:00\" \/>\n<meta property=\"og:image\" content=\"https:\/\/static.trustedtranslations.com\/wp-content\/uploads\/2022\/03\/TT_NEW_FB-1.png\" \/>\n\t<meta property=\"og:image:width\" content=\"1038\" \/>\n\t<meta property=\"og:image:height\" content=\"1038\" \/>\n\t<meta property=\"og:image:type\" content=\"image\/png\" \/>\n<meta name=\"twitter:card\" content=\"summary_large_image\" \/>\n<meta name=\"twitter:site\" content=\"@TrustedT9ns\" \/>\n<script type=\"application\/ld+json\" class=\"yoast-schema-graph\">{\"@context\":\"https:\\\/\\\/schema.org\",\"@graph\":[{\"@type\":\"WebPage\",\"@id\":\"https:\\\/\\\/www.trustedtranslations.com\\\/de\\\/sprache\\\/franzoesisch\",\"url\":\"https:\\\/\\\/www.trustedtranslations.com\\\/de\\\/sprache\\\/franzoesisch\",\"name\":\"\u00dcbersetzungsdienstleistungen f\u00fcr die franz\u00f6sische Sprache - Trusted Translations, Inc.\",\"isPartOf\":{\"@id\":\"https:\\\/\\\/www.trustedtranslations.com\\\/de\\\/#website\"},\"primaryImageOfPage\":{\"@id\":\"https:\\\/\\\/www.trustedtranslations.com\\\/de\\\/sprache\\\/franzoesisch#primaryimage\"},\"image\":{\"@id\":\"https:\\\/\\\/www.trustedtranslations.com\\\/de\\\/sprache\\\/franzoesisch#primaryimage\"},\"thumbnailUrl\":\"https:\\\/\\\/www.trustedtranslations.com\\\/wp-content\\\/uploads\\\/2022\\\/03\\\/TT_NEW_FB-1.png\",\"description\":\"Trusted Translations: F\u00fchrend in \u00dcbersetzungsdienstleistungen in die und aus der franz\u00f6sischen Sprache durch erfahrene \u00dcbersetzerteams f\u00fcr Franz\u00f6sisch. Fordern Sie ein kostenloses Angebot oder eine Beratung an.\",\"breadcrumb\":{\"@id\":\"https:\\\/\\\/www.trustedtranslations.com\\\/de\\\/sprache\\\/franzoesisch#breadcrumb\"},\"inLanguage\":\"de\",\"potentialAction\":[{\"@type\":\"ReadAction\",\"target\":[\"https:\\\/\\\/www.trustedtranslations.com\\\/de\\\/sprache\\\/franzoesisch\"]}]},{\"@type\":\"ImageObject\",\"inLanguage\":\"de\",\"@id\":\"https:\\\/\\\/www.trustedtranslations.com\\\/de\\\/sprache\\\/franzoesisch#primaryimage\",\"url\":\"https:\\\/\\\/www.trustedtranslations.com\\\/wp-content\\\/uploads\\\/2022\\\/03\\\/TT_NEW_FB-1.png\",\"contentUrl\":\"https:\\\/\\\/www.trustedtranslations.com\\\/wp-content\\\/uploads\\\/2022\\\/03\\\/TT_NEW_FB-1.png\",\"width\":1038,\"height\":1038,\"caption\":\"TT NEW FB 1\"},{\"@type\":\"BreadcrumbList\",\"@id\":\"https:\\\/\\\/www.trustedtranslations.com\\\/de\\\/sprache\\\/franzoesisch#breadcrumb\",\"itemListElement\":[{\"@type\":\"ListItem\",\"position\":1,\"name\":\"Home\",\"item\":\"https:\\\/\\\/www.trustedtranslations.com\\\/de\"},{\"@type\":\"ListItem\",\"position\":2,\"name\":\"Sprachen\",\"item\":\"https:\\\/\\\/www.trustedtranslations.com\\\/de\\\/sprache\"},{\"@type\":\"ListItem\",\"position\":3,\"name\":\"Franz\u00f6sisch\"}]},{\"@type\":\"WebSite\",\"@id\":\"https:\\\/\\\/www.trustedtranslations.com\\\/de\\\/#website\",\"url\":\"https:\\\/\\\/www.trustedtranslations.com\\\/de\\\/\",\"name\":\"Trusted Translations, Inc.\",\"description\":\"Leader in translation and interpretation services.\",\"publisher\":{\"@id\":\"https:\\\/\\\/www.trustedtranslations.com\\\/de\\\/#organization\"},\"alternateName\":\"Trusted Translations\",\"potentialAction\":[{\"@type\":\"SearchAction\",\"target\":{\"@type\":\"EntryPoint\",\"urlTemplate\":\"https:\\\/\\\/www.trustedtranslations.com\\\/de\\\/?s={search_term_string}\"},\"query-input\":{\"@type\":\"PropertyValueSpecification\",\"valueRequired\":true,\"valueName\":\"search_term_string\"}}],\"inLanguage\":\"de\"},{\"@type\":\"Organization\",\"@id\":\"https:\\\/\\\/www.trustedtranslations.com\\\/de\\\/#organization\",\"name\":\"Trusted Translations\",\"alternateName\":\"Trusted Translations, Inc.\",\"url\":\"https:\\\/\\\/www.trustedtranslations.com\\\/de\\\/\",\"logo\":{\"@type\":\"ImageObject\",\"inLanguage\":\"de\",\"@id\":\"https:\\\/\\\/www.trustedtranslations.com\\\/de\\\/#\\\/schema\\\/logo\\\/image\\\/\",\"url\":\"https:\\\/\\\/static.trustedtranslations.com\\\/wp-content\\\/uploads\\\/2022\\\/01\\\/TT_logo_WSIColors-2.png\",\"contentUrl\":\"https:\\\/\\\/static.trustedtranslations.com\\\/wp-content\\\/uploads\\\/2022\\\/01\\\/TT_logo_WSIColors-2.png\",\"width\":500,\"height\":196,\"caption\":\"Trusted Translations\"},\"image\":{\"@id\":\"https:\\\/\\\/www.trustedtranslations.com\\\/de\\\/#\\\/schema\\\/logo\\\/image\\\/\"},\"sameAs\":[\"https:\\\/\\\/www.facebook.com\\\/Trusted.Translations\",\"https:\\\/\\\/x.com\\\/TrustedT9ns\",\"https:\\\/\\\/www.linkedin.com\\\/company\\\/trusted-translations\"]}]}<\/script>\n<!-- \/ Yoast SEO plugin. -->","yoast_head_json":{"title":"\u00dcbersetzungsdienstleistungen f\u00fcr die franz\u00f6sische Sprache - Trusted Translations, Inc.","description":"Trusted Translations: F\u00fchrend in \u00dcbersetzungsdienstleistungen in die und aus der franz\u00f6sischen Sprache durch erfahrene \u00dcbersetzerteams f\u00fcr Franz\u00f6sisch. Fordern Sie ein kostenloses Angebot oder eine Beratung an.","robots":{"index":"index","follow":"follow","max-snippet":"max-snippet:-1","max-image-preview":"max-image-preview:large","max-video-preview":"max-video-preview:-1"},"canonical":"https:\/\/www.trustedtranslations.com\/de\/sprache\/franzoesisch","og_locale":"de_DE","og_type":"article","og_title":"\u00dcbersetzungsdienstleistungen f\u00fcr die franz\u00f6sische Sprache - Trusted Translations, Inc.","og_description":"Trusted Translations: F\u00fchrend in \u00dcbersetzungsdienstleistungen in die und aus der franz\u00f6sischen Sprache durch erfahrene \u00dcbersetzerteams f\u00fcr Franz\u00f6sisch. Fordern Sie ein kostenloses Angebot oder eine Beratung an.","og_url":"https:\/\/www.trustedtranslations.com\/de\/sprache\/franzoesisch","og_site_name":"Trusted Translations, Inc.","article_publisher":"https:\/\/www.facebook.com\/Trusted.Translations","article_modified_time":"2024-09-02T20:10:38+00:00","og_image":[{"width":1038,"height":1038,"url":"https:\/\/static.trustedtranslations.com\/wp-content\/uploads\/2022\/03\/TT_NEW_FB-1.png","type":"image\/png"}],"twitter_card":"summary_large_image","twitter_site":"@TrustedT9ns","schema":{"@context":"https:\/\/schema.org","@graph":[{"@type":"WebPage","@id":"https:\/\/www.trustedtranslations.com\/de\/sprache\/franzoesisch","url":"https:\/\/www.trustedtranslations.com\/de\/sprache\/franzoesisch","name":"\u00dcbersetzungsdienstleistungen f\u00fcr die franz\u00f6sische Sprache - Trusted Translations, Inc.","isPartOf":{"@id":"https:\/\/www.trustedtranslations.com\/de\/#website"},"primaryImageOfPage":{"@id":"https:\/\/www.trustedtranslations.com\/de\/sprache\/franzoesisch#primaryimage"},"image":{"@id":"https:\/\/www.trustedtranslations.com\/de\/sprache\/franzoesisch#primaryimage"},"thumbnailUrl":"https:\/\/www.trustedtranslations.com\/wp-content\/uploads\/2022\/03\/TT_NEW_FB-1.png","description":"Trusted Translations: F\u00fchrend in \u00dcbersetzungsdienstleistungen in die und aus der franz\u00f6sischen Sprache durch erfahrene \u00dcbersetzerteams f\u00fcr Franz\u00f6sisch. Fordern Sie ein kostenloses Angebot oder eine Beratung an.","breadcrumb":{"@id":"https:\/\/www.trustedtranslations.com\/de\/sprache\/franzoesisch#breadcrumb"},"inLanguage":"de","potentialAction":[{"@type":"ReadAction","target":["https:\/\/www.trustedtranslations.com\/de\/sprache\/franzoesisch"]}]},{"@type":"ImageObject","inLanguage":"de","@id":"https:\/\/www.trustedtranslations.com\/de\/sprache\/franzoesisch#primaryimage","url":"https:\/\/www.trustedtranslations.com\/wp-content\/uploads\/2022\/03\/TT_NEW_FB-1.png","contentUrl":"https:\/\/www.trustedtranslations.com\/wp-content\/uploads\/2022\/03\/TT_NEW_FB-1.png","width":1038,"height":1038,"caption":"TT NEW FB 1"},{"@type":"BreadcrumbList","@id":"https:\/\/www.trustedtranslations.com\/de\/sprache\/franzoesisch#breadcrumb","itemListElement":[{"@type":"ListItem","position":1,"name":"Home","item":"https:\/\/www.trustedtranslations.com\/de"},{"@type":"ListItem","position":2,"name":"Sprachen","item":"https:\/\/www.trustedtranslations.com\/de\/sprache"},{"@type":"ListItem","position":3,"name":"Franz\u00f6sisch"}]},{"@type":"WebSite","@id":"https:\/\/www.trustedtranslations.com\/de\/#website","url":"https:\/\/www.trustedtranslations.com\/de\/","name":"Trusted Translations, Inc.","description":"Leader in translation and interpretation services.","publisher":{"@id":"https:\/\/www.trustedtranslations.com\/de\/#organization"},"alternateName":"Trusted Translations","potentialAction":[{"@type":"SearchAction","target":{"@type":"EntryPoint","urlTemplate":"https:\/\/www.trustedtranslations.com\/de\/?s={search_term_string}"},"query-input":{"@type":"PropertyValueSpecification","valueRequired":true,"valueName":"search_term_string"}}],"inLanguage":"de"},{"@type":"Organization","@id":"https:\/\/www.trustedtranslations.com\/de\/#organization","name":"Trusted Translations","alternateName":"Trusted Translations, Inc.","url":"https:\/\/www.trustedtranslations.com\/de\/","logo":{"@type":"ImageObject","inLanguage":"de","@id":"https:\/\/www.trustedtranslations.com\/de\/#\/schema\/logo\/image\/","url":"https:\/\/static.trustedtranslations.com\/wp-content\/uploads\/2022\/01\/TT_logo_WSIColors-2.png","contentUrl":"https:\/\/static.trustedtranslations.com\/wp-content\/uploads\/2022\/01\/TT_logo_WSIColors-2.png","width":500,"height":196,"caption":"Trusted Translations"},"image":{"@id":"https:\/\/www.trustedtranslations.com\/de\/#\/schema\/logo\/image\/"},"sameAs":["https:\/\/www.facebook.com\/Trusted.Translations","https:\/\/x.com\/TrustedT9ns","https:\/\/www.linkedin.com\/company\/trusted-translations"]}]}},"toolset-meta":{"dyk":{"mensaje-1":{"type":"textfield","raw":"<em>Trusted Translations<\/em> bietet qualitativ hochwertige professionelle \u00dcbersetzungen in die und aus der franz\u00f6sischen Sprache, zu den wettbewerbsf\u00e4higsten Preisen."},"mensaje-2":{"type":"textfield","raw":""},"mensaje-3":{"type":"textfield","raw":""},"mensaje-4":{"type":"textfield","raw":"Die 29 L\u00e4nder, in denen Franz\u00f6sisch Amtssprache ist, machen 20 % des weltweiten Warenhandels aus."},"mensaje-5":{"type":"textfield","raw":""},"mensaje-6":{"type":"textfield","raw":""}},"single-page-template-fields":{"imgs-temp":{"type":"image","raw":["https:\/\/static.trustedtranslations.com\/wp-content\/uploads\/2024\/06\/r.webp"],"repeatable":[{"raw":"https:\/\/static.trustedtranslations.com\/wp-content\/uploads\/2024\/06\/r.webp"}]},"imgs-temp-cel":{"type":"image","raw":[""],"repeatable":[{"raw":""}]},"img-temp-one-cel":{"type":"image","raw":"https:\/\/static.trustedtranslations.com\/wp-content\/uploads\/2024\/06\/eiffel-tower-paris-europe-1-1.webp","attachment_id":null},"quotes":{"type":"textarea","raw":"<h1 style=\"margin-bottom: 12px;\">\u00dcbersetzungsdienstleistungen f\u00fcr die franz\u00f6sische Sprache<\/h1>Franz\u00f6sisch ist Amtssprache in 29 L\u00e4ndern auf f\u00fcnf Kontinenten. Franz\u00f6sisch ist seit langem die \u201einternationale Sprache\u201c der Wirtschaft und Diplomatie, eine offizielle Sprache bei den Vereinten Nationen und der Welthandelsorganisation und eine tragende S\u00e4ule in der Fertigung, im Handel und im Tourismus, sowie in anderen Branchen. Ob in europ\u00e4ischem Franz\u00f6sisch, kanadischem Franz\u00f6sisch oder anderen Variationen, Trusted Translations bietet franz\u00f6sische \u00dcbersetzungen, die professionell, kosteng\u00fcnstig und in \u00dcbereinstimmung mit den lokalen Sprachgesetzen sind.<div style=\"margin-top: 2.5vw;\"><a class=\"tt-btn-main-cta\" href=\"\/de\/angebot\">KOSTENLOSEN KOSTENVORANSCHLAG ANFORDERN<\/a><\/div>"},"text-1":{"type":"textarea","raw":"<h2>\u00dcbersetzungsdienstleistungen f\u00fcr die franz\u00f6sische Sprache<\/h2>\r\nWir bieten professionelle \u00dcbersetzungsl\u00f6sungen f\u00fcr einige der weltweit f\u00fchrenden Unternehmen und Organisationen.\u00a0<em>Trusted Translations<\/em> ist stolz darauf, unseren Kunden qualitativ hochwertige professionelle \u00dcbersetzungen in die und aus der kanadisch-franz\u00f6sischen und europ\u00e4isch-franz\u00f6sischen Sprache zu au\u00dferordentlich wettbewerbsf\u00e4higen Preisen bieten zu k\u00f6nnen.\r\n\r\nWir sind in einer einzigartigen Position, um jeder Art von professionellem \u00dcbersetzungsprojekt in die und aus der franz\u00f6sischen Sprache, das Sie haben, gerecht zu werden. Von kleinen Start-ups bis hin zu gro\u00dfen multinationalen Konzernen bringt <em>Trusted Translations<\/em> umfassende Erfahrung in Fach\u00fcbersetzungen der franz\u00f6sischen Sprache in Ihre Organisation ein.\r\n<h2>Die franz\u00f6sische Sprache<\/h2>\r\nFranz\u00f6sisch ist eine der am weitesten verbreiteten romanischen Sprachen. W\u00e4hrend Franz\u00f6sisch urspr\u00fcnglich nur in Frankreich gesprochen wurde, ist es heute die offizielle oder co-offizielle Sprache von 29 unabh\u00e4ngigen Nationen, darunter Kanada, Belgien, der Schweiz und mehreren afrikanischen L\u00e4ndern, sowie von vielen zwischenstaatlichen Organisationen.\r\n\r\n\u00dcber 275 Millionen Menschen auf der ganzen Welt sprechen Franz\u00f6sisch. Aussprache und Gebrauch der gesprochenen franz\u00f6sischen Sprache zeigen nat\u00fcrliche Variationen zwischen den L\u00e4ndern, wobei die regionalen Unterschiede nicht so gro\u00df sind, um die Sprache f\u00fcr Sprecher aus verschiedenen Regionen unverst\u00e4ndlich zu machen.\r\n\r\nDie Qualit\u00e4t Ihrer \u00dcbersetzungen in das und aus dem Franz\u00f6sischen spiegelt Sie und Ihr Unternehmen direkt wider. Als f\u00fchrender Anbieter von professionellen \u00dcbersetzungen in die und aus der franz\u00f6sischen Sprache werden wir uns auf das konzentrieren, was wir am besten k\u00f6nnen, damit Sie das tun k\u00f6nnen, was Sie am besten k\u00f6nnen.\r\n\r\nUnabh\u00e4ngig von der Art des Inhalts Ihrer \u00dcbersetzungen in die und aus der franz\u00f6sischen Sprache verf\u00fcgen wir \u00fcber Teams aus professionellen \u00dcbersetzern, die auf verschiedene Fachgebiete spezialisiert sind. Dazu geh\u00f6ren Fachkenntnisse in den folgenden Bereichen: Finanzwesen, IT, Vertrieb, Marketing, Medien, Recht, Reisen, Software, Verbraucherkommunikation, Wirtschaft, Telekommunikation, Unternehmen, Technik, PR, Medizin und Gesundheitsdienste, Beh\u00f6rden, Versicherungen und Literatur."},"shortcode-map":{"type":"textfield","raw":""},"dyk-shortcode":{"type":"textfield","raw":"[elementor-template id=\"146647\"]"},"text-2":{"type":"textarea","raw":"<h2>\u00dcbersetzungen von Englisch und Spanisch in Franz\u00f6sisch<\/h2>\r\nW\u00e4hrend wir auf \u00dcbersetzungen von Englisch in Franz\u00f6sisch und von Spanisch in Franz\u00f6sisch spezialisiert sind, \u00fcbersetzen wir h\u00e4ufig franz\u00f6sische Dokumente von und in Portugiesisch, Deutsch, Italienisch, Koreanisch, Chinesisch und Japanisch mit erfahrenen, muttersprachlichen, branchenspezifischen \u00dcbersetzern f\u00fcr die franz\u00f6sische Sprache.\r\n<h2>\u00dcbersetzung in die und aus der kanadisch-franz\u00f6sischen und europ\u00e4isch-franz\u00f6sischen Sprache<\/h2>\r\nWir sind stolz auf unseren ausgezeichneten Ruf, zuverl\u00e4ssige und qualitativ hochwertige \u00dcbersetzungen von Englisch in Franz\u00f6sisch, Spanisch in Franz\u00f6sisch, Franz\u00f6sisch in Englisch und Franz\u00f6sisch in Spanisch bereitzustellen. Wir haben Teams von Franz\u00f6sisch-\u00dcbersetzern aus der ganzen Welt zusammengestellt, die \u00fcber ein breites Spektrum an F\u00e4higkeiten und Spezialisierungen verf\u00fcgen und sowohl mit kanadischem Franz\u00f6sisch als auch mit europ\u00e4ischem Franz\u00f6sisch und anderen Varianten arbeiten. Wir passen das Wissen und die St\u00e4rken unserer \u00dcbersetzerteams f\u00fcr die franz\u00f6sische Sprache individuell an Ihr spezifisches Projekt und Ihre spezifischen Bed\u00fcrfnisse f\u00fcr den franz\u00f6sisch sprechenden Markt an.\r\n<h2>Expertenteams f\u00fcr \u00dcbersetzungen in die und aus der franz\u00f6sischen Sprache<\/h2>\r\nDie Leistung unserer professionellen \u00dcbersetzerteams f\u00fcr die franz\u00f6sische Sprache umfasst das Lektorat und das Korrekturlesen durch einen unabh\u00e4ngigen Experten ohne zus\u00e4tzliche Kosten. Unsere Expertenteams bieten auch Franz\u00f6sisch-Lektorat und Korrekturlesen f\u00fcr \u00dcbersetzungen an, die von anderen Anbietern angefertigt wurden."},"state":{"type":"textfield","raw":""},"city":{"type":"textarea","raw":[]}}},"_links":{"self":[{"href":"https:\/\/www.trustedtranslations.com\/de\/wp-json\/wp\/v2\/pages\/129490","targetHints":{"allow":["GET"]}}],"collection":[{"href":"https:\/\/www.trustedtranslations.com\/de\/wp-json\/wp\/v2\/pages"}],"about":[{"href":"https:\/\/www.trustedtranslations.com\/de\/wp-json\/wp\/v2\/types\/page"}],"author":[{"embeddable":true,"href":"https:\/\/www.trustedtranslations.com\/de\/wp-json\/wp\/v2\/users\/1"}],"replies":[{"embeddable":true,"href":"https:\/\/www.trustedtranslations.com\/de\/wp-json\/wp\/v2\/comments?post=129490"}],"version-history":[{"count":0,"href":"https:\/\/www.trustedtranslations.com\/de\/wp-json\/wp\/v2\/pages\/129490\/revisions"}],"up":[{"embeddable":true,"href":"https:\/\/www.trustedtranslations.com\/de\/wp-json\/wp\/v2\/pages\/129506"}],"wp:featuredmedia":[{"embeddable":true,"href":"https:\/\/www.trustedtranslations.com\/de\/wp-json\/wp\/v2\/media\/139628"}],"wp:attachment":[{"href":"https:\/\/www.trustedtranslations.com\/de\/wp-json\/wp\/v2\/media?parent=129490"}],"curies":[{"name":"wp","href":"https:\/\/api.w.org\/{rel}","templated":true}]}}